{"id":5209,"date":"2022-02-20T21:59:55","date_gmt":"2022-02-20T21:59:55","guid":{"rendered":"https:\/\/medicinasinc.com\/fi\/?post_type=product&#038;p=5209"},"modified":"2022-03-22T01:04:22","modified_gmt":"2022-03-22T01:04:22","slug":"osta-klonopin-2-mg","status":"publish","type":"product","link":"https:\/\/medicinasinc.com\/fi\/product\/osta-klonopin-2-mg\/","title":{"rendered":"Osta Klonopin 2 mg"},"content":{"rendered":"<p>Verkosta voit ostaa Klonopin 2 mg -pillereit\u00e4 edulliseen hintaan.<\/p>\n<p>Klonopin on todellinen eliksiiri, joka auttaa sinua k\u00e4sittelem\u00e4\u00e4n ongelmiasi. Se my\u00f6s parantaa oloasi.<\/p>\n<p>Klonopin on bentsodiatsepiinien rauhoittava ja antikonvulsantti, ja se voi auttaa ihmisi\u00e4 rentoutumaan ja lopettamaan kohtaukset. Sit\u00e4 k\u00e4ytet\u00e4\u00e4n enimm\u00e4kseen ahdistuneisuush\u00e4iri\u00f6iden, kuten paniikkih\u00e4iri\u00f6n, hoitoon.<\/p>\n<p>Tarkastele Klonopinia nyt tarkemmin.<\/p>\n<p>Klonopin on ainoa bentsodiatsepiini, jonka FDA on hyv\u00e4ksynyt paniikkih\u00e4iri\u00f6n hoitoon. . Monet ihmiset k\u00e4ytt\u00e4v\u00e4t Klonopinia ahdistuneisuuden, kiihtyneisyyden, akuutin manian (yhdess\u00e4 muiden l\u00e4\u00e4kkeiden kanssa) hoitoon ja kohtausten nopeaan lopettamiseen. K\u00e4ytt\u00f6: Sit\u00e4 k\u00e4ytet\u00e4\u00e4n pitk\u00e4aikaisena kouristuksia est\u00e4v\u00e4n\u00e4 l\u00e4\u00e4kkeen\u00e4, kuten unil\u00e4\u00e4kkeen\u00e4, hermokivun hoitoon.<\/p>\n<p>Ne voivat olla rauhallisia, ehk\u00e4 korkealla ja hieman v\u00e4syneit\u00e4 Klonopinin ottamisen j\u00e4lkeen. Haittavaikutukset vaihtelevat henkil\u00f6st\u00e4 toiseen ja perustuvat siihen, kuinka paljon otat. Useimmissa tapauksissa Klonopiinia annetaan kahdesti p\u00e4iv\u00e4ss\u00e4, noin 0,25\u20132 mg. Epilepsiapotilaat voivat ottaa jopa 20 mg p\u00e4iv\u00e4ss\u00e4.<\/p>\n<p>N\u00e4in Klonopin toimii: Se vaikuttaa v\u00e4litt\u00e4j\u00e4aineeseen GABA, joka on vastal\u00e4\u00e4ke. Koska Klonopin tekee niin monia asioita kerralla, se hidastaa aivoja v\u00e4hent\u00e4m\u00e4ll\u00e4 hermojen kyky\u00e4 l\u00e4hett\u00e4\u00e4 impulsseja. V\u00e4hemm\u00e4n aktiivisuuden seurauksena ihmiset ovat v\u00e4hemm\u00e4n ahdistuneita, ja my\u00f6s kohtausten mahdollisuus pienenee.<\/p>\n<p>L\u00e4\u00e4ketieteess\u00e4 Klonopinia k\u00e4ytet\u00e4\u00e4n kohtausten ja paniikkikohtausten hoitoon. Sit\u00e4 voidaan k\u00e4ytt\u00e4\u00e4 my\u00f6s unil\u00e4\u00e4kkeen\u00e4 ahdistuneisuush\u00e4iri\u00f6iden, paniikkih\u00e4iri\u00f6iden ja kivun hoitoon. Bentsodiatsepiinien ottaminen auttaa pys\u00e4ytt\u00e4m\u00e4\u00e4n kohtauksen ja palauttamaan aivojen toiminnan normaaliksi. T\u00e4m\u00e4 voi auttaa my\u00f6s kipuun, erityisesti neuropaattiseen kipuun, koska se vaikeuttaa neuronien l\u00e4hett\u00e4mist\u00e4 kipusignaaleihin, mik\u00e4 tekee niist\u00e4 v\u00e4hemm\u00e4n herkki\u00e4.<\/p>\n<p>Asioita, joista on keskusteltava l\u00e4\u00e4k\u00e4rin kanssa ennen Klonopinin ottamista<\/p>\n<p>Sinun tulee kertoa l\u00e4\u00e4k\u00e4rillesi, jos:<\/p>\n<p>v\u00e4hint\u00e4\u00e4n yksi seuraavista tiloista:<\/p>\n<p>\u2022 maksaongelmia<\/p>\n<p>\u2022 alkoholin tai huumeiden v\u00e4\u00e4rink\u00e4ytt\u00f6, joko t\u00e4ll\u00e4 hetkell\u00e4 tai menneisyydess\u00e4;<\/p>\n<p>Ihmiset, joilla on astma, keuhkoputkentulehdus, emfyseema tai muita hengityselinten sairauksia;<\/p>\n<p>\u2022 surua tai itsemurha-ajatuksia.<\/p>\n<p>A monet ihmiset, joilla on edell\u00e4 mainitut sairaudet, eiv\u00e4t voi ottaa Klonopinia tai heid\u00e4n on otettava pienempi l\u00e4\u00e4keannos ja k\u00e4yd\u00e4\u00e4n l\u00e4\u00e4k\u00e4rin tarkastuksessa.<\/p>\n<p>Jos olet yli 60-vuotias, l\u00e4\u00e4kkeen sivuvaikutukset ovat eritt\u00e4in korkeat. T\u00e4m\u00e4n vuoksi Klonopin-annostasi tulee muuttaa terveytesi perusteella.<\/p>\n<p>K\u00e4ytt\u00f6:<\/p>\n<p>Klonopin-annosta tulee ottaa vain l\u00e4\u00e4k\u00e4rin m\u00e4\u00e4r\u00e4\u00e4m\u00e4ll\u00e4 tavalla. Ota yhteytt\u00e4 l\u00e4\u00e4k\u00e4riisi tai apteekkiin saadaksesi neuvoja sen k\u00e4yt\u00f6st\u00e4. Kun otat pillerin, sinun tulee juoda kaikki. \u00c4l\u00e4 ota enemp\u00e4\u00e4 kuin l\u00e4\u00e4k\u00e4risi on m\u00e4\u00e4r\u00e4nnyt. Ennen kuin lopetat tuotteen ottamisen, keskustele l\u00e4\u00e4k\u00e4risi kanssa.<\/p>\n<p>Katso, mit\u00e4 tapahtuu, kun otat liian paljon l\u00e4\u00e4kett\u00e4.<\/p>\n<p>Yliannostustapauksessa ota yhteys l\u00e4\u00e4k\u00e4riin. poissa.<\/p>\n<p>Yliannostuksen merkit:<\/p>\n<p>uneliaisuus, huimaus, sekavuus, hidas syke, alkoholin kaltaiset oireet ja tajunnan menetys ovat kaikki merkkej\u00e4 alkoholismista.<\/p>\n<p>Jos joku ottaa liikaa l\u00e4\u00e4kett\u00e4, suoritetaan mahahuuhtelu ja hoito sivuvaikutusten varalta.<\/p>\n<p>Kun ajat autoa, k\u00e4yt\u00e4t koneita tai teet muuta ty\u00f6t\u00e4, joka voi olla vaarallista, ole varovainen.<\/p>\n<p> p&gt; <\/p>\n<p>Jos sinulla on uneliaisuutta tai huimausta, sinun ei pid\u00e4 tehd\u00e4 t\u00e4llaisia \u200b\u200basioita.<\/p>\n<p>Alkoholia ei saa sekoittaa klonopinin kanssa. Alkoholi saa Klonopinin aiheuttamaan todenn\u00e4k\u00f6isemmin vakavia sivuvaikutuksia. T\u00e4m\u00e4n seurauksena on my\u00f6s suurempi mahdollisuus saada kohtauksia.<\/p>\n<p>Mit\u00e4 Klonopinilla on?<\/p>\n<p>allergia: hengenahdistus, huulten, kasvojen, kielen turvotus tai ihottuma <\/p>\n<p>On my\u00f6s mahdollista, ett\u00e4 muita, v\u00e4hemm\u00e4n vakavia sivuvaikutuksia ilmaantuu.<\/p>\n<p>Jatka l\u00e4\u00e4kkeen k\u00e4ytt\u00f6\u00e4 ja kerro l\u00e4\u00e4k\u00e4rillesi, jos sinulla on:<\/p>\n<p>Uneliaisuus ; huimaus tai kiusallinen liike; masennus; huimaus, pahoinvointi, ripuli tai ummetus; virtsaamisvaikeudet, painajaiset, p\u00e4\u00e4ns\u00e4rky, suun kuivuminen, seksuaalisen halun lasku ja muutokset k\u00e4ytt\u00e4ytymisess\u00e4 ovat kaikki masennuksen merkkej\u00e4.<\/p>\n<p>Annostus ja miten se tehd\u00e4\u00e4n<\/p>\n<p>Klonopin-hoito alkaa pienill\u00e4 annoksilla ja lis\u00e4\u00e4 niit\u00e4 v\u00e4hitellen parhaan tuloksen saavuttamiseksi. Koska jokaisella henkil\u00f6ll\u00e4 on erilainen tila ja kehon reaktio l\u00e4\u00e4kkeen ottamiseen, annostus r\u00e4\u00e4t\u00e4l\u00f6id\u00e4\u00e4n h\u00e4nen tarpeisiinsa. Yleisin Klonopin-annos on 0,5 mg kolme kertaa vuorokaudessa. Jos terapeuttista vaikutusta ei saavuteta, annosta voidaan nostaa joka kolmas hoidon p\u00e4iv\u00e4, kunnes se on.<\/p>\n<p>Kun l\u00e4\u00e4kett\u00e4 otetaan suurina annoksina, erityisesti pitk\u00e4\u00e4n, se voi aiheuttaa artikulaatioon liittyv\u00e4t ongelmat, diplopia, nystagmus, paradoksaaliset reaktiot (kuten \u00e4killinen kiihottuminen) ja anterogradinen muistinmenetys. Muutaman kerran henkil\u00f6ll\u00e4 on yliherkkyysreaktio, lihasheikkous tai masennus. Joitakin epilepsiatyyppej\u00e4 sairastavilla saattaa esiinty\u00e4 enemm\u00e4n kohtauksia, jos he saavat hoitoa pitk\u00e4\u00e4n.<\/p>\n","protected":false},"excerpt":{"rendered":"<p>Osta Klonopin 2 mg -pillereit\u00e4 myyt\u00e4v\u00e4ksi Isossa-Britanniassa, Euroopassa ja muualla maailmassa. Klonopiini (klonatsepaami) voi auttaa ihmisi\u00e4, joilla on kohtauksia, paniikkih\u00e4iri\u00f6t\u00e4 ja ahdistusta. Bentsodiatsepiinit ovat l\u00e4\u00e4kkeit\u00e4, jotka saavat sinut tuntemaan olosi rauhalliseksi.<\/p>\n<p>Clonazepam klonopin 2mg -valmistetta voi ostaa verkosta parhaaseen hintaan parhaasta paikasta. Best Global Meds on tunnettu verkkoapteekki, joka myy vain laillisia l\u00e4\u00e4kkeit\u00e4. Kun tilaat verkosta, voit s\u00e4\u00e4st\u00e4\u00e4 rahaa ja aikaa.<\/p>\n<p>Iso-Britannia, Eurooppa: Haluan Klonopinin myyntiin. Euroopassa on paikkoja, joista voit ostaa klonatsepaamia verkosta ja ostaa klonopin 2 mg -tabletteja.<\/p>\n","protected":false},"featured_media":5228,"comment_status":"open","ping_status":"closed","template":"","meta":[],"product_brand":[],"product_cat":[1117],"product_tag":[1370,1371,1372,1373,1378,1379,1383,1375,1390,1389,1391,1411,1412,1402,1388,1396,1393,1395,1398,1399,1405,1400,1401,1410,1397,1403,1404,1406,1407,1408,1409,1394,1392,1377,1380,1381,1382,1417,1416,1415,1414,1384,1385,1386,1387,1413,1374,1418,1376],"class_list":{"0":"post-5209","1":"product","2":"type-product","3":"status-publish","4":"has-post-thumbnail","6":"product_cat-osta-kipu-uni-ja-seksipillereita","7":"product_tag-1-mg-klonopiinia","8":"product_tag-ativan-vs-klonopin","9":"product_tag-blue-klonopin","10":"product_tag-blue-klonopin-2mg","11":"product_tag-how-long-does-it-take-for-klonopin-to-kick-in","12":"product_tag-how-long-does-klonopin-last","13":"product_tag-how-many-hours-between-klonopin-doses","14":"product_tag-klonatsepaami-klonopin-oranssi-pilleri-1-2","15":"product_tag-klonopiini-1-mg","16":"product_tag-klonopiini-10-mg","17":"product_tag-klonopiini-2-mg","18":"product_tag-klonopin-vieroitus","19":"product_tag-klonopin-vieroitusoireet","20":"product_tag-klonopin-yliannostus","21":"product_tag-klonopin","22":"product_tag-klonopin-ahdistukselle","23":"product_tag-klonopin-and-alcohol","24":"product_tag-klonopin-annokset","25":"product_tag-klonopin-generic","26":"product_tag-klonopin-half-life","27":"product_tag-klonopiinin-kytt","28":"product_tag-klonopin-korkea","29":"product_tag-klonopin-lkitys","30":"product_tag-klonopin-painonpudotus","31":"product_tag-klonopin-nukkumaan","32":"product_tag-klonopin-pilleri","33":"product_tag-klonopiinin-sivuvaikutukset","34":"product_tag-klonopin-vs-ativan","35":"product_tag-klonopin-vs-valium","36":"product_tag-klonopin-vs-xanax","37":"product_tag-klonopin-vs-xanax-reddit","38":"product_tag-klonopin-annos","39":"product_tag-klonopin-riippuvuus","40":"product_tag-klonopiinin-puoliintumisaika","41":"product_tag-kuinka-kauan-klonopin-pysyy-jrjestelmsssi","42":"product_tag-kuinka-kauan-klonopin-pysyy-virtsassasi","43":"product_tag-kuinka-kauan-klonopin-kest-tyhn","44":"product_tag-mihin-klonopiinia-kytetn","45":"product_tag-mik-on-klonopin","46":"product_tag-mik-on-suuri-annos-klonopin","47":"product_tag-milt-klonopin-nytt","48":"product_tag-on-1mg-klonopin-a-pieni-annos","49":"product_tag-is-klonopiini-a-bentso","50":"product_tag-on-klonopiini-kontrolloitu-aine","51":"product_tag-on-klonopin-a-huume","52":"product_tag-side-effects-of-klonopin","53":"product_tag-voit-ottaa-klonopin-elmn","54":"product_tag-xanax-vs-klonopin","55":"product_tag-geneerinen-klonopiini","57":"first","58":"instock","59":"shipping-taxable","60":"purchasable","61":"product-type-variable","62":"has-default-attributes"},"yoast_head":"<!-- This site is optimized with the Yoast SEO plugin v27.3 - https:\/\/yoast.com\/product\/yoast-seo-wordpress\/ -->\n<title>Osta Klonopin 2 mg - Klonopin Online -myynti - Parhaat maailmanlaajuiset l\u00e4\u00e4kkeet<\/title>\n<meta name=\"description\" content=\"Osta Klonopin 2 mg myyt\u00e4vi\u00e4 pillereit\u00e4 Yhdistyneess\u00e4 kuningaskunnassa, Euroopassa verkossa. Klonopin (klonatsepaami) hoitaa kohtauksia, paniikkih\u00e4iri\u00f6t\u00e4 ja ahdistusta. T\u00e4m\u00e4 l\u00e4\u00e4ke on bentsodiatsepiini.\" \/>\n<meta name=\"robots\" content=\"index, follow, max-snippet:-1, max-image-preview:large, max-video-preview:-1\" \/>\n<link rel=\"canonical\" href=\"https:\/\/medicinasinc.com\/fi\/product\/osta-klonopin-2-mg\/\" \/>\n<meta property=\"og:locale\" content=\"en_US\" \/>\n<meta property=\"og:type\" content=\"article\" \/>\n<meta property=\"og:title\" content=\"Osta Klonopin 2 mg - Klonopin Online -myynti - Parhaat maailmanlaajuiset l\u00e4\u00e4kkeet\" \/>\n<meta property=\"og:description\" content=\"Osta Klonopin 2 mg myyt\u00e4vi\u00e4 pillereit\u00e4 Yhdistyneess\u00e4 kuningaskunnassa, Euroopassa verkossa. Klonopin (klonatsepaami) hoitaa kohtauksia, paniikkih\u00e4iri\u00f6t\u00e4 ja ahdistusta. T\u00e4m\u00e4 l\u00e4\u00e4ke on bentsodiatsepiini.\" \/>\n<meta property=\"og:url\" content=\"https:\/\/medicinasinc.com\/fi\/product\/osta-klonopin-2-mg\/\" \/>\n<meta property=\"og:site_name\" content=\"Medicinas Inc\" \/>\n<meta property=\"article:modified_time\" content=\"2022-03-22T01:04:22+00:00\" \/>\n<meta property=\"og:image\" content=\"https:\/\/medicinasinc.com\/fi\/wp-content\/uploads\/sites\/12\/2022\/02\/Buy-Klonopin-2-mg.jpeg\" \/>\n\t<meta property=\"og:image:width\" content=\"236\" \/>\n\t<meta property=\"og:image:height\" content=\"296\" \/>\n\t<meta property=\"og:image:type\" content=\"image\/jpeg\" \/>\n<meta name=\"twitter:card\" content=\"summary_large_image\" \/>\n<meta name=\"twitter:label1\" content=\"Est. reading time\" \/>\n\t<meta name=\"twitter:data1\" content=\"4 minutes\" \/>\n<script type=\"application\/ld+json\" class=\"yoast-schema-graph\">{\"@context\":\"https:\\\/\\\/schema.org\",\"@graph\":[{\"@type\":\"WebPage\",\"@id\":\"https:\\\/\\\/medicinasinc.com\\\/fi\\\/product\\\/osta-klonopin-2-mg\\\/\",\"url\":\"https:\\\/\\\/medicinasinc.com\\\/fi\\\/product\\\/osta-klonopin-2-mg\\\/\",\"name\":\"Osta Klonopin 2 mg - Klonopin Online -myynti - Parhaat maailmanlaajuiset l\u00e4\u00e4kkeet\",\"isPartOf\":{\"@id\":\"https:\\\/\\\/medicinasinc.com\\\/fi\\\/#website\"},\"primaryImageOfPage\":{\"@id\":\"https:\\\/\\\/medicinasinc.com\\\/fi\\\/product\\\/osta-klonopin-2-mg\\\/#primaryimage\"},\"image\":{\"@id\":\"https:\\\/\\\/medicinasinc.com\\\/fi\\\/product\\\/osta-klonopin-2-mg\\\/#primaryimage\"},\"thumbnailUrl\":\"https:\\\/\\\/medicinasinc.com\\\/fi\\\/wp-content\\\/uploads\\\/sites\\\/12\\\/2022\\\/02\\\/Buy-Klonopin-2-mg.jpeg\",\"datePublished\":\"2022-02-20T21:59:55+00:00\",\"dateModified\":\"2022-03-22T01:04:22+00:00\",\"description\":\"Osta Klonopin 2 mg myyt\u00e4vi\u00e4 pillereit\u00e4 Yhdistyneess\u00e4 kuningaskunnassa, Euroopassa verkossa. Klonopin (klonatsepaami) hoitaa kohtauksia, paniikkih\u00e4iri\u00f6t\u00e4 ja ahdistusta. T\u00e4m\u00e4 l\u00e4\u00e4ke on bentsodiatsepiini.\",\"breadcrumb\":{\"@id\":\"https:\\\/\\\/medicinasinc.com\\\/fi\\\/product\\\/osta-klonopin-2-mg\\\/#breadcrumb\"},\"inLanguage\":\"en-US\",\"potentialAction\":[{\"@type\":\"ReadAction\",\"target\":[\"https:\\\/\\\/medicinasinc.com\\\/fi\\\/product\\\/osta-klonopin-2-mg\\\/\"]}]},{\"@type\":\"ImageObject\",\"inLanguage\":\"en-US\",\"@id\":\"https:\\\/\\\/medicinasinc.com\\\/fi\\\/product\\\/osta-klonopin-2-mg\\\/#primaryimage\",\"url\":\"https:\\\/\\\/medicinasinc.com\\\/fi\\\/wp-content\\\/uploads\\\/sites\\\/12\\\/2022\\\/02\\\/Buy-Klonopin-2-mg.jpeg\",\"contentUrl\":\"https:\\\/\\\/medicinasinc.com\\\/fi\\\/wp-content\\\/uploads\\\/sites\\\/12\\\/2022\\\/02\\\/Buy-Klonopin-2-mg.jpeg\",\"width\":236,\"height\":296},{\"@type\":\"BreadcrumbList\",\"@id\":\"https:\\\/\\\/medicinasinc.com\\\/fi\\\/product\\\/osta-klonopin-2-mg\\\/#breadcrumb\",\"itemListElement\":[{\"@type\":\"ListItem\",\"position\":1,\"name\":\"Myym\u00e4l\u00e4\",\"item\":\"https:\\\/\\\/medicinasinc.com\\\/fi\\\/myymala\\\/\"},{\"@type\":\"ListItem\",\"position\":2,\"name\":\"Osta Klonopin 2 mg\"}]},{\"@type\":\"WebSite\",\"@id\":\"https:\\\/\\\/medicinasinc.com\\\/fi\\\/#website\",\"url\":\"https:\\\/\\\/medicinasinc.com\\\/fi\\\/\",\"name\":\"Medicinas Inc\",\"description\":\"Health Medical Clinic\",\"potentialAction\":[{\"@type\":\"SearchAction\",\"target\":{\"@type\":\"EntryPoint\",\"urlTemplate\":\"https:\\\/\\\/medicinasinc.com\\\/fi\\\/?s={search_term_string}\"},\"query-input\":{\"@type\":\"PropertyValueSpecification\",\"valueRequired\":true,\"valueName\":\"search_term_string\"}}],\"inLanguage\":\"en-US\"}]}<\/script>\n<!-- \/ Yoast SEO plugin. -->","yoast_head_json":{"title":"Osta Klonopin 2 mg - Klonopin Online -myynti - Parhaat maailmanlaajuiset l\u00e4\u00e4kkeet","description":"Osta Klonopin 2 mg myyt\u00e4vi\u00e4 pillereit\u00e4 Yhdistyneess\u00e4 kuningaskunnassa, Euroopassa verkossa. Klonopin (klonatsepaami) hoitaa kohtauksia, paniikkih\u00e4iri\u00f6t\u00e4 ja ahdistusta. T\u00e4m\u00e4 l\u00e4\u00e4ke on bentsodiatsepiini.","robots":{"index":"index","follow":"follow","max-snippet":"max-snippet:-1","max-image-preview":"max-image-preview:large","max-video-preview":"max-video-preview:-1"},"canonical":"https:\/\/medicinasinc.com\/fi\/product\/osta-klonopin-2-mg\/","og_locale":"en_US","og_type":"article","og_title":"Osta Klonopin 2 mg - Klonopin Online -myynti - Parhaat maailmanlaajuiset l\u00e4\u00e4kkeet","og_description":"Osta Klonopin 2 mg myyt\u00e4vi\u00e4 pillereit\u00e4 Yhdistyneess\u00e4 kuningaskunnassa, Euroopassa verkossa. Klonopin (klonatsepaami) hoitaa kohtauksia, paniikkih\u00e4iri\u00f6t\u00e4 ja ahdistusta. T\u00e4m\u00e4 l\u00e4\u00e4ke on bentsodiatsepiini.","og_url":"https:\/\/medicinasinc.com\/fi\/product\/osta-klonopin-2-mg\/","og_site_name":"Medicinas Inc","article_modified_time":"2022-03-22T01:04:22+00:00","og_image":[{"width":236,"height":296,"url":"https:\/\/medicinasinc.com\/fi\/wp-content\/uploads\/sites\/12\/2022\/02\/Buy-Klonopin-2-mg.jpeg","type":"image\/jpeg"}],"twitter_card":"summary_large_image","twitter_misc":{"Est. reading time":"4 minutes"},"schema":{"@context":"https:\/\/schema.org","@graph":[{"@type":"WebPage","@id":"https:\/\/medicinasinc.com\/fi\/product\/osta-klonopin-2-mg\/","url":"https:\/\/medicinasinc.com\/fi\/product\/osta-klonopin-2-mg\/","name":"Osta Klonopin 2 mg - Klonopin Online -myynti - Parhaat maailmanlaajuiset l\u00e4\u00e4kkeet","isPartOf":{"@id":"https:\/\/medicinasinc.com\/fi\/#website"},"primaryImageOfPage":{"@id":"https:\/\/medicinasinc.com\/fi\/product\/osta-klonopin-2-mg\/#primaryimage"},"image":{"@id":"https:\/\/medicinasinc.com\/fi\/product\/osta-klonopin-2-mg\/#primaryimage"},"thumbnailUrl":"https:\/\/medicinasinc.com\/fi\/wp-content\/uploads\/sites\/12\/2022\/02\/Buy-Klonopin-2-mg.jpeg","datePublished":"2022-02-20T21:59:55+00:00","dateModified":"2022-03-22T01:04:22+00:00","description":"Osta Klonopin 2 mg myyt\u00e4vi\u00e4 pillereit\u00e4 Yhdistyneess\u00e4 kuningaskunnassa, Euroopassa verkossa. Klonopin (klonatsepaami) hoitaa kohtauksia, paniikkih\u00e4iri\u00f6t\u00e4 ja ahdistusta. T\u00e4m\u00e4 l\u00e4\u00e4ke on bentsodiatsepiini.","breadcrumb":{"@id":"https:\/\/medicinasinc.com\/fi\/product\/osta-klonopin-2-mg\/#breadcrumb"},"inLanguage":"en-US","potentialAction":[{"@type":"ReadAction","target":["https:\/\/medicinasinc.com\/fi\/product\/osta-klonopin-2-mg\/"]}]},{"@type":"ImageObject","inLanguage":"en-US","@id":"https:\/\/medicinasinc.com\/fi\/product\/osta-klonopin-2-mg\/#primaryimage","url":"https:\/\/medicinasinc.com\/fi\/wp-content\/uploads\/sites\/12\/2022\/02\/Buy-Klonopin-2-mg.jpeg","contentUrl":"https:\/\/medicinasinc.com\/fi\/wp-content\/uploads\/sites\/12\/2022\/02\/Buy-Klonopin-2-mg.jpeg","width":236,"height":296},{"@type":"BreadcrumbList","@id":"https:\/\/medicinasinc.com\/fi\/product\/osta-klonopin-2-mg\/#breadcrumb","itemListElement":[{"@type":"ListItem","position":1,"name":"Myym\u00e4l\u00e4","item":"https:\/\/medicinasinc.com\/fi\/myymala\/"},{"@type":"ListItem","position":2,"name":"Osta Klonopin 2 mg"}]},{"@type":"WebSite","@id":"https:\/\/medicinasinc.com\/fi\/#website","url":"https:\/\/medicinasinc.com\/fi\/","name":"Medicinas Inc","description":"Health Medical Clinic","potentialAction":[{"@type":"SearchAction","target":{"@type":"EntryPoint","urlTemplate":"https:\/\/medicinasinc.com\/fi\/?s={search_term_string}"},"query-input":{"@type":"PropertyValueSpecification","valueRequired":true,"valueName":"search_term_string"}}],"inLanguage":"en-US"}]}},"_links":{"self":[{"href":"https:\/\/medicinasinc.com\/fi\/wp-json\/wp\/v2\/product\/5209","targetHints":{"allow":["GET"]}}],"collection":[{"href":"https:\/\/medicinasinc.com\/fi\/wp-json\/wp\/v2\/product"}],"about":[{"href":"https:\/\/medicinasinc.com\/fi\/wp-json\/wp\/v2\/types\/product"}],"replies":[{"embeddable":true,"href":"https:\/\/medicinasinc.com\/fi\/wp-json\/wp\/v2\/comments?post=5209"}],"wp:featuredmedia":[{"embeddable":true,"href":"https:\/\/medicinasinc.com\/fi\/wp-json\/wp\/v2\/media\/5228"}],"wp:attachment":[{"href":"https:\/\/medicinasinc.com\/fi\/wp-json\/wp\/v2\/media?parent=5209"}],"wp:term":[{"taxonomy":"product_brand","embeddable":true,"href":"https:\/\/medicinasinc.com\/fi\/wp-json\/wp\/v2\/product_brand?post=5209"},{"taxonomy":"product_cat","embeddable":true,"href":"https:\/\/medicinasinc.com\/fi\/wp-json\/wp\/v2\/product_cat?post=5209"},{"taxonomy":"product_tag","embeddable":true,"href":"https:\/\/medicinasinc.com\/fi\/wp-json\/wp\/v2\/product_tag?post=5209"}],"curies":[{"name":"wp","href":"https:\/\/api.w.org\/{rel}","templated":true}]}}