{"id":5208,"date":"2022-02-20T21:58:44","date_gmt":"2022-02-20T21:58:44","guid":{"rendered":"https:\/\/medicinasinc.com\/fi\/?post_type=product&#038;p=5208"},"modified":"2022-03-22T01:04:35","modified_gmt":"2022-03-22T01:04:35","slug":"osta-imovane-tsopikloni-7-5-mg","status":"publish","type":"product","link":"https:\/\/medicinasinc.com\/fi\/product\/osta-imovane-tsopikloni-7-5-mg\/","title":{"rendered":"Osta Imovane Zopiclone 7,5 mg"},"content":{"rendered":"<p>Imovane Zopiclone -tabletteja voi ostaa verkosta.<\/p>\n<p>Imovane Zopiclone -tabletteja voi ostaa verkosta.<\/p>\n<p>Imovane: Zopiclone kuuluu rauhoittavien ja unil\u00e4\u00e4kkeiden luokkaan. Sit\u00e4 on m\u00e4\u00e4r\u00e4tty unih\u00e4iri\u00f6iden oireenmukaiseen lievitykseen lyhyell\u00e4 aikav\u00e4lill\u00e4.<\/p>\n","protected":false},"excerpt":{"rendered":"<div class=\"woocommerce-product-details__short-description\">\n<p>Osta zopiclone 7.5mg tabletteja verkosta, zopiclone 7.5mg uk, zopiclone online, zopiclone eu, zopiclone singapore, zopiclone piclon uk, next7 day toimitus<\/p>\n<p>Imovane Zopiclone -tabletteja voi ostaa verkosta.<\/p>\n<p>Imovane: Tsopikloni on rauhoittava ja unimainen l\u00e4\u00e4ke. Sit\u00e4 k\u00e4ytet\u00e4\u00e4n unih\u00e4iri\u00f6iden hoitoon lyhyell\u00e4 aikav\u00e4lill\u00e4 ja oireenmukaisena hoitona.<\/p>\n<p>Imovanea (Zopiclone) voi ostaa verkosta voimassa olevalla australialaisreseptill\u00e4. Bestglobalmeds.com tarjoaa ilmaisen toimituksen kaikille reseptituotteille Australiaan.<\/p>\n<p>Imovane (Zopiclone) on rauhoittava ja unimainen l\u00e4\u00e4ke. Sit\u00e4 k\u00e4ytet\u00e4\u00e4n unih\u00e4iri\u00f6iden hoitoon lyhyell\u00e4 aikav\u00e4lill\u00e4 ja oireenmukaisena hoitona.<\/p>\n<\/p><\/div>\n","protected":false},"featured_media":5226,"comment_status":"open","ping_status":"closed","template":"","meta":[],"product_brand":[],"product_cat":[1117],"product_tag":[1365,1366,1367,1368,1362,1364,1363,1369],"class_list":{"0":"post-5208","1":"product","2":"type-product","3":"status-publish","4":"has-post-thumbnail","6":"product_cat-osta-kipu-uni-ja-seksipillereita","7":"product_tag-buy-zopiclone-eu","8":"product_tag-buy-zopiclone-online","9":"product_tag-buy-zopiclone-singapore","10":"product_tag-buy-zopiclone-uk","11":"product_tag-osta-tsopikloni-7-5mg-tabletit-seuraavana-pivn-toimitus","12":"product_tag-osta-tsopikloni-7-5mg-uk","13":"product_tag-osta-tsopikloni-7-5mg-tabletit-verkosta","14":"product_tag-tsopikloni-amazon","16":"first","17":"instock","18":"shipping-taxable","19":"purchasable","20":"product-type-variable","21":"has-default-attributes"},"yoast_head":"<!-- This site is optimized with the Yoast SEO plugin v27.3 - https:\/\/yoast.com\/product\/yoast-seo-wordpress\/ -->\n<title>Osta Imovane Zopiclone 7,5 mg - parhaat maailmanlaajuiset l\u00e4\u00e4kkeet<\/title>\n<meta name=\"description\" content=\"osta zopiclone 7,5 mg tabletteja verkosta, osta zopiclone 7,5 mg uk, osta zopiclone verkosta, osta zopiclone eu, osta zopiclone singapore, osta zopiclone uk, zopiclone amazon, osta zopiclone 7,5 mg tabletteja seuraavana p\u00e4iv\u00e4n\u00e4 toimitus,\" \/>\n<meta name=\"robots\" content=\"index, follow, max-snippet:-1, max-image-preview:large, max-video-preview:-1\" \/>\n<link rel=\"canonical\" href=\"https:\/\/medicinasinc.com\/fi\/product\/osta-imovane-tsopikloni-7-5-mg\/\" \/>\n<meta property=\"og:locale\" content=\"en_US\" \/>\n<meta property=\"og:type\" content=\"article\" \/>\n<meta property=\"og:title\" content=\"Osta Imovane Zopiclone 7,5 mg - parhaat maailmanlaajuiset l\u00e4\u00e4kkeet\" \/>\n<meta property=\"og:description\" content=\"osta zopiclone 7,5 mg tabletteja verkosta, osta zopiclone 7,5 mg uk, osta zopiclone verkosta, osta zopiclone eu, osta zopiclone singapore, osta zopiclone uk, zopiclone amazon, osta zopiclone 7,5 mg tabletteja seuraavana p\u00e4iv\u00e4n\u00e4 toimitus,\" \/>\n<meta property=\"og:url\" content=\"https:\/\/medicinasinc.com\/fi\/product\/osta-imovane-tsopikloni-7-5-mg\/\" \/>\n<meta property=\"og:site_name\" content=\"Medicinas Inc\" \/>\n<meta property=\"article:modified_time\" content=\"2022-03-22T01:04:35+00:00\" \/>\n<meta property=\"og:image\" content=\"https:\/\/medicinasinc.com\/fi\/wp-content\/uploads\/sites\/12\/2022\/02\/Buy-Imovane-Zopiclone-7.5-mg.jpg\" \/>\n\t<meta property=\"og:image:width\" content=\"570\" \/>\n\t<meta property=\"og:image:height\" content=\"340\" \/>\n\t<meta property=\"og:image:type\" content=\"image\/jpeg\" \/>\n<meta name=\"twitter:card\" content=\"summary_large_image\" \/>\n<meta name=\"twitter:label1\" content=\"Est. reading time\" \/>\n\t<meta name=\"twitter:data1\" content=\"1 minute\" \/>\n<script type=\"application\/ld+json\" class=\"yoast-schema-graph\">{\"@context\":\"https:\\\/\\\/schema.org\",\"@graph\":[{\"@type\":\"WebPage\",\"@id\":\"https:\\\/\\\/medicinasinc.com\\\/fi\\\/product\\\/osta-imovane-tsopikloni-7-5-mg\\\/\",\"url\":\"https:\\\/\\\/medicinasinc.com\\\/fi\\\/product\\\/osta-imovane-tsopikloni-7-5-mg\\\/\",\"name\":\"Osta Imovane Zopiclone 7,5 mg - parhaat maailmanlaajuiset l\u00e4\u00e4kkeet\",\"isPartOf\":{\"@id\":\"https:\\\/\\\/medicinasinc.com\\\/fi\\\/#website\"},\"primaryImageOfPage\":{\"@id\":\"https:\\\/\\\/medicinasinc.com\\\/fi\\\/product\\\/osta-imovane-tsopikloni-7-5-mg\\\/#primaryimage\"},\"image\":{\"@id\":\"https:\\\/\\\/medicinasinc.com\\\/fi\\\/product\\\/osta-imovane-tsopikloni-7-5-mg\\\/#primaryimage\"},\"thumbnailUrl\":\"https:\\\/\\\/medicinasinc.com\\\/fi\\\/wp-content\\\/uploads\\\/sites\\\/12\\\/2022\\\/02\\\/Buy-Imovane-Zopiclone-7.5-mg.jpg\",\"datePublished\":\"2022-02-20T21:58:44+00:00\",\"dateModified\":\"2022-03-22T01:04:35+00:00\",\"description\":\"osta zopiclone 7,5 mg tabletteja verkosta, osta zopiclone 7,5 mg uk, osta zopiclone verkosta, osta zopiclone eu, osta zopiclone singapore, osta zopiclone uk, zopiclone amazon, osta zopiclone 7,5 mg tabletteja seuraavana p\u00e4iv\u00e4n\u00e4 toimitus,\",\"breadcrumb\":{\"@id\":\"https:\\\/\\\/medicinasinc.com\\\/fi\\\/product\\\/osta-imovane-tsopikloni-7-5-mg\\\/#breadcrumb\"},\"inLanguage\":\"en-US\",\"potentialAction\":[{\"@type\":\"ReadAction\",\"target\":[\"https:\\\/\\\/medicinasinc.com\\\/fi\\\/product\\\/osta-imovane-tsopikloni-7-5-mg\\\/\"]}]},{\"@type\":\"ImageObject\",\"inLanguage\":\"en-US\",\"@id\":\"https:\\\/\\\/medicinasinc.com\\\/fi\\\/product\\\/osta-imovane-tsopikloni-7-5-mg\\\/#primaryimage\",\"url\":\"https:\\\/\\\/medicinasinc.com\\\/fi\\\/wp-content\\\/uploads\\\/sites\\\/12\\\/2022\\\/02\\\/Buy-Imovane-Zopiclone-7.5-mg.jpg\",\"contentUrl\":\"https:\\\/\\\/medicinasinc.com\\\/fi\\\/wp-content\\\/uploads\\\/sites\\\/12\\\/2022\\\/02\\\/Buy-Imovane-Zopiclone-7.5-mg.jpg\",\"width\":570,\"height\":340},{\"@type\":\"BreadcrumbList\",\"@id\":\"https:\\\/\\\/medicinasinc.com\\\/fi\\\/product\\\/osta-imovane-tsopikloni-7-5-mg\\\/#breadcrumb\",\"itemListElement\":[{\"@type\":\"ListItem\",\"position\":1,\"name\":\"Myym\u00e4l\u00e4\",\"item\":\"https:\\\/\\\/medicinasinc.com\\\/fi\\\/myymala\\\/\"},{\"@type\":\"ListItem\",\"position\":2,\"name\":\"Osta Imovane Zopiclone 7,5 mg\"}]},{\"@type\":\"WebSite\",\"@id\":\"https:\\\/\\\/medicinasinc.com\\\/fi\\\/#website\",\"url\":\"https:\\\/\\\/medicinasinc.com\\\/fi\\\/\",\"name\":\"Medicinas Inc\",\"description\":\"Health Medical Clinic\",\"potentialAction\":[{\"@type\":\"SearchAction\",\"target\":{\"@type\":\"EntryPoint\",\"urlTemplate\":\"https:\\\/\\\/medicinasinc.com\\\/fi\\\/?s={search_term_string}\"},\"query-input\":{\"@type\":\"PropertyValueSpecification\",\"valueRequired\":true,\"valueName\":\"search_term_string\"}}],\"inLanguage\":\"en-US\"}]}<\/script>\n<!-- \/ Yoast SEO plugin. -->","yoast_head_json":{"title":"Osta Imovane Zopiclone 7,5 mg - parhaat maailmanlaajuiset l\u00e4\u00e4kkeet","description":"osta zopiclone 7,5 mg tabletteja verkosta, osta zopiclone 7,5 mg uk, osta zopiclone verkosta, osta zopiclone eu, osta zopiclone singapore, osta zopiclone uk, zopiclone amazon, osta zopiclone 7,5 mg tabletteja seuraavana p\u00e4iv\u00e4n\u00e4 toimitus,","robots":{"index":"index","follow":"follow","max-snippet":"max-snippet:-1","max-image-preview":"max-image-preview:large","max-video-preview":"max-video-preview:-1"},"canonical":"https:\/\/medicinasinc.com\/fi\/product\/osta-imovane-tsopikloni-7-5-mg\/","og_locale":"en_US","og_type":"article","og_title":"Osta Imovane Zopiclone 7,5 mg - parhaat maailmanlaajuiset l\u00e4\u00e4kkeet","og_description":"osta zopiclone 7,5 mg tabletteja verkosta, osta zopiclone 7,5 mg uk, osta zopiclone verkosta, osta zopiclone eu, osta zopiclone singapore, osta zopiclone uk, zopiclone amazon, osta zopiclone 7,5 mg tabletteja seuraavana p\u00e4iv\u00e4n\u00e4 toimitus,","og_url":"https:\/\/medicinasinc.com\/fi\/product\/osta-imovane-tsopikloni-7-5-mg\/","og_site_name":"Medicinas Inc","article_modified_time":"2022-03-22T01:04:35+00:00","og_image":[{"width":570,"height":340,"url":"https:\/\/medicinasinc.com\/fi\/wp-content\/uploads\/sites\/12\/2022\/02\/Buy-Imovane-Zopiclone-7.5-mg.jpg","type":"image\/jpeg"}],"twitter_card":"summary_large_image","twitter_misc":{"Est. reading time":"1 minute"},"schema":{"@context":"https:\/\/schema.org","@graph":[{"@type":"WebPage","@id":"https:\/\/medicinasinc.com\/fi\/product\/osta-imovane-tsopikloni-7-5-mg\/","url":"https:\/\/medicinasinc.com\/fi\/product\/osta-imovane-tsopikloni-7-5-mg\/","name":"Osta Imovane Zopiclone 7,5 mg - parhaat maailmanlaajuiset l\u00e4\u00e4kkeet","isPartOf":{"@id":"https:\/\/medicinasinc.com\/fi\/#website"},"primaryImageOfPage":{"@id":"https:\/\/medicinasinc.com\/fi\/product\/osta-imovane-tsopikloni-7-5-mg\/#primaryimage"},"image":{"@id":"https:\/\/medicinasinc.com\/fi\/product\/osta-imovane-tsopikloni-7-5-mg\/#primaryimage"},"thumbnailUrl":"https:\/\/medicinasinc.com\/fi\/wp-content\/uploads\/sites\/12\/2022\/02\/Buy-Imovane-Zopiclone-7.5-mg.jpg","datePublished":"2022-02-20T21:58:44+00:00","dateModified":"2022-03-22T01:04:35+00:00","description":"osta zopiclone 7,5 mg tabletteja verkosta, osta zopiclone 7,5 mg uk, osta zopiclone verkosta, osta zopiclone eu, osta zopiclone singapore, osta zopiclone uk, zopiclone amazon, osta zopiclone 7,5 mg tabletteja seuraavana p\u00e4iv\u00e4n\u00e4 toimitus,","breadcrumb":{"@id":"https:\/\/medicinasinc.com\/fi\/product\/osta-imovane-tsopikloni-7-5-mg\/#breadcrumb"},"inLanguage":"en-US","potentialAction":[{"@type":"ReadAction","target":["https:\/\/medicinasinc.com\/fi\/product\/osta-imovane-tsopikloni-7-5-mg\/"]}]},{"@type":"ImageObject","inLanguage":"en-US","@id":"https:\/\/medicinasinc.com\/fi\/product\/osta-imovane-tsopikloni-7-5-mg\/#primaryimage","url":"https:\/\/medicinasinc.com\/fi\/wp-content\/uploads\/sites\/12\/2022\/02\/Buy-Imovane-Zopiclone-7.5-mg.jpg","contentUrl":"https:\/\/medicinasinc.com\/fi\/wp-content\/uploads\/sites\/12\/2022\/02\/Buy-Imovane-Zopiclone-7.5-mg.jpg","width":570,"height":340},{"@type":"BreadcrumbList","@id":"https:\/\/medicinasinc.com\/fi\/product\/osta-imovane-tsopikloni-7-5-mg\/#breadcrumb","itemListElement":[{"@type":"ListItem","position":1,"name":"Myym\u00e4l\u00e4","item":"https:\/\/medicinasinc.com\/fi\/myymala\/"},{"@type":"ListItem","position":2,"name":"Osta Imovane Zopiclone 7,5 mg"}]},{"@type":"WebSite","@id":"https:\/\/medicinasinc.com\/fi\/#website","url":"https:\/\/medicinasinc.com\/fi\/","name":"Medicinas Inc","description":"Health Medical Clinic","potentialAction":[{"@type":"SearchAction","target":{"@type":"EntryPoint","urlTemplate":"https:\/\/medicinasinc.com\/fi\/?s={search_term_string}"},"query-input":{"@type":"PropertyValueSpecification","valueRequired":true,"valueName":"search_term_string"}}],"inLanguage":"en-US"}]}},"_links":{"self":[{"href":"https:\/\/medicinasinc.com\/fi\/wp-json\/wp\/v2\/product\/5208","targetHints":{"allow":["GET"]}}],"collection":[{"href":"https:\/\/medicinasinc.com\/fi\/wp-json\/wp\/v2\/product"}],"about":[{"href":"https:\/\/medicinasinc.com\/fi\/wp-json\/wp\/v2\/types\/product"}],"replies":[{"embeddable":true,"href":"https:\/\/medicinasinc.com\/fi\/wp-json\/wp\/v2\/comments?post=5208"}],"wp:featuredmedia":[{"embeddable":true,"href":"https:\/\/medicinasinc.com\/fi\/wp-json\/wp\/v2\/media\/5226"}],"wp:attachment":[{"href":"https:\/\/medicinasinc.com\/fi\/wp-json\/wp\/v2\/media?parent=5208"}],"wp:term":[{"taxonomy":"product_brand","embeddable":true,"href":"https:\/\/medicinasinc.com\/fi\/wp-json\/wp\/v2\/product_brand?post=5208"},{"taxonomy":"product_cat","embeddable":true,"href":"https:\/\/medicinasinc.com\/fi\/wp-json\/wp\/v2\/product_cat?post=5208"},{"taxonomy":"product_tag","embeddable":true,"href":"https:\/\/medicinasinc.com\/fi\/wp-json\/wp\/v2\/product_tag?post=5208"}],"curies":[{"name":"wp","href":"https:\/\/api.w.org\/{rel}","templated":true}]}}