{"id":5207,"date":"2022-02-20T21:57:05","date_gmt":"2022-02-20T21:57:05","guid":{"rendered":"https:\/\/medicinasinc.com\/fi\/?post_type=product&#038;p=5207"},"modified":"2022-03-22T01:04:45","modified_gmt":"2022-03-22T01:04:45","slug":"osta-imitrex-sumatriptaani-100-mg","status":"publish","type":"product","link":"https:\/\/medicinasinc.com\/fi\/product\/osta-imitrex-sumatriptaani-100-mg\/","title":{"rendered":"Osta imitrex Sumatriptan 100 mg"},"content":{"rendered":"<div class=\"product-next-previous\">\n<div class=\"product-prev\">\n<p>Osta Imitrex 100mg tabletteja verkosta Imitrex Information (br\u00e4ndi ja yleinen)<\/p>\n<p>Bestglobalmeds.com\u00a0myy t\u00e4ll\u00e4 hetkell\u00e4 merkki Imitrex, joka tunnetaan yleisesti nimell\u00e4 Imigran, valmistaja GSK Turkissa ja Aspen Australiassa. Lis\u00e4ksi meill\u00e4 on GSK-br\u00e4ndi Imitrex Kanadasta. Sumatriptaania on yleisesti saatavilla Pharma Sciencelta Kanadasta, Sun Pharmalta Intiasta (Suminat) ja Dexcel Pharmalta ja Accord Pharmalta Yhdistyneest\u00e4 kuningaskunnasta.<\/p>\n<p>Annostus<\/p>\n<p>Imitrexi\u00e4 on saatavana useissa eri muodoissa. annosteluformulaatiot ja tasot. Imitrex ja Sumatriptan ovat molemmat saatavilla 50 mg ja 100 mg tabletteina. Lis\u00e4ksi tarjoamme geneerisi\u00e4 Imitrex 25 mg tabletteja. Lis\u00e4ksi Imitrex-tuotemerkki on saatavana 20 mg:n nen\u00e4sumutepakkauksina, 6 mg\/0,5 ml:n injektiopulloina, stat-annoksen aloitussarjoina ja stat-annospatruunoina.<\/p>\n<p>K\u00e4ytt\u00f6<\/p>\n<p>Imitrex (Sumatriptaani) on l\u00e4\u00e4ke, jota k\u00e4ytet\u00e4\u00e4n migreenip\u00e4\u00e4ns\u00e4ryn hoitoon. Imitrex ei est\u00e4 migreeni\u00e4 tai v\u00e4henn\u00e4 niiden esiintymistiheytt\u00e4. Sit\u00e4 k\u00e4ytet\u00e4\u00e4n vain jo alkaneiden migreenioireiden hoitoon. Se auttaa lievitt\u00e4m\u00e4\u00e4n p\u00e4\u00e4ns\u00e4rky\u00e4, ep\u00e4mukavuutta ja muita migreenin oireita, kuten pahoinvointia, oksentelua ja valo- tai \u00e4\u00e4niherkkyytt\u00e4. Sumatriptaani kuuluu triptaanien l\u00e4\u00e4keryhm\u00e4\u00e4n. T\u00e4m\u00e4 l\u00e4\u00e4ke vaikuttaa h\u00e4iritsem\u00e4ll\u00e4 luonnossa esiintyv\u00e4\u00e4 kemikaalia (serotoniinia), joka aiheuttaa aivojen verivaltimoiden supistumisen. Lis\u00e4ksi se lievitt\u00e4\u00e4 kipua vaikuttamalla tiettyihin aivojen hermoihin.<\/p>\n<p>Seuraukset<\/p>\n<p>Ota heti yhteys l\u00e4\u00e4k\u00e4riin, jos havaitset jonkin seuraavista vakavista sivuvaikutuksista: rintakeh\u00e4, leuka tai vasen k\u00e4sivarren kipu; verinen ripuli; py\u00f6rtyminen; nopea, ep\u00e4s\u00e4\u00e4nn\u00f6llinen, sykkiv\u00e4 syd\u00e4menly\u00f6nti; mielenterveys-\/mielialaongelmat; vaikea maha-\/vatsakipu; vaikea rintakipu; kohtaukset; sammaltava puhe; visuaalisia muutoksia. Seuraavat ovat joitain yleisimmist\u00e4 haittavaikutuksista: \u2022 Huimaus ja uneliaisuus; \u2022 pistely\/tunnottomuus\/pistely\/l\u00e4mp\u00f6; \u2022 Punastuminen.<br \/> \u2022 Kohonnut verenpaine \u2013 Tarkista verenpaineesi s\u00e4\u00e4nn\u00f6llisesti turvallisuuden varmistamiseksi.<br \/> \u2022 Uupumus; \u2022 Heikkous<\/p>\n<p>Vasta-aiheet ja yhteisvaikutukset<\/p>\n<p>Imitrexi\u00e4 ei tule k\u00e4ytt\u00e4\u00e4 tavallisen j\u00e4nnitysp\u00e4\u00e4ns\u00e4ryn hoitoon tai sellaiseen, joka johtaa liikkeen menett\u00e4miseen toisella kehon puolella. Imitrexi\u00e4 ei pid\u00e4 k\u00e4ytt\u00e4\u00e4, jos olet allerginen sumatriptaanille tai jos sinulla on seuraavat sairaudet: \u2022 sinulla on ollut syd\u00e4nkohtaus tai aivohalvaus; \u2022 Tietyt syd\u00e4men rytmih\u00e4iri\u00f6t; \u2022 Verenkiertoh\u00e4iri\u00f6t, jotka johtavat kehon puutteelliseen verenkiertoon; \u2022 Syd\u00e4nongelmat; \u2022 Maksa- tai munuaissairaus; \u2022 Hallitsematon korkea verenpaine;<\/p>\n<p>Imitrexi\u00e4 ei tule ottaa 24 tunnin sis\u00e4ll\u00e4 mink\u00e4\u00e4n muun migreenip\u00e4\u00e4ns\u00e4rkyhoidon k\u00e4ytt\u00e4misest\u00e4. Kerro l\u00e4\u00e4k\u00e4rillesi kaikista t\u00e4ll\u00e4 hetkell\u00e4 k\u00e4ytt\u00e4mist\u00e4si l\u00e4\u00e4kkeist\u00e4, mukaan lukien resepti-, k\u00e4sikauppa- ja kasviper\u00e4iset l\u00e4\u00e4kkeet, mukaan lukien MAO-est\u00e4j\u00e4t, selektiiviset serotoniinin takaisinoton est\u00e4j\u00e4t ja norepinefriinin takaisinoton est\u00e4j\u00e4t. Sumatriptaani voi aiheuttaa huimausta tai uneliaisuutta. Alkoholi tai marihuana voivat lis\u00e4t\u00e4 huimaustasi tai uneliaisuuttasi. V\u00e4lt\u00e4 ajamista, koneiden k\u00e4ytt\u00f6\u00e4 tai muuta valppautta vaativaa toimintaa. K\u00e4yt\u00e4 alkoholijuomia kohtuudella. Imitreksin ei tiedet\u00e4 aiheuttavan haittaa siki\u00f6lle. Jos olet raskaana, ota yhteytt\u00e4 l\u00e4\u00e4k\u00e4riisi. Sumatriptaani erittyy \u00e4idinmaitoon ja voi aiheuttaa vahinkoa imetett\u00e4v\u00e4lle lapselle. Imetyst\u00e4 tulee v\u00e4ltt\u00e4\u00e4 12 tunnin ajan Imitrexin k\u00e4yt\u00f6n j\u00e4lkeen. Imitrexi\u00e4 ei suositella alle 18-vuotiaille.<\/p>\n<p>Kysymyksi\u00e4 ja vastauksia<br \/> Miksi Imitrex on halvempi Kanadassa kuin Yhdysvalloissa?<\/p>\n<p>Yleens\u00e4 , kaikki l\u00e4\u00e4kkeiden hinnat, ei vain Imitrex, ovat kohtuullisempia Kanadasta ostettaessa, koska hallitus s\u00e4\u00e4telee sek\u00e4 tuotemerkkien ett\u00e4 geneeristen l\u00e4\u00e4kkeiden hintoja. Lis\u00e4ksi vuodesta 2006 l\u00e4htien tavoitteemme on ollut tarjota turvallisia ja edullisia l\u00e4\u00e4kkeit\u00e4 yhdysvaltalaisille.<\/p>\n<p>Onko Imitrexin ostaminen apteekista turvallista?<\/p>\n<p>Tuotteemme ne hankitaan yksinomaan laitoksista, jotka ovat sertifioineet niiden maiden viranomaiset, joista ne tuodaan. CanadaPharmacyOnline.com k\u00e4ytt\u00e4\u00e4 tiukkaa valintamenettely\u00e4 kumppaneillemme varmistaakseen, ett\u00e4 sin\u00e4, asiakkaamme, saat turvallisimman mahdollisen l\u00e4\u00e4kkeen. Lis\u00e4ksi olemme sertifioitu kanadalainen apteekki, joka noudattaa kaikkia provinssin lakeja.<\/p>\n<p>Kuinka paljon geneerinen Imitrex 100 mg maksaa apteekissasi?<\/p>\n<p>Yleinen Imitrex 100 mg on saatavilla niin pienell\u00e4 hinnalla 28,99 dollaria 12 tabletista, kun taas 50 mg:n annos on saatavana vain 57,99 dollarilla 18 pillerille.<\/p>\n<p>Kuinka paljon tabletti maksaa?<\/p>\n<p>Imitrex 100 mg on saatavana yleisen\u00e4 lomake 2,27 dollaria per tabletti ja merkkimuodossa 8,67 dollaria tabletti apteekissamme.<\/p>\n<p>Kuinka paljon toimitus maksaa?<\/p>\n<p>Kiinte\u00e4 toimitushintamme on 10,00 $ per tilaus. Apteekkimme on sitoutunut tarjoamaan sinulle mahdollisimman alhaiset hinnat korkealaatuisista tuotteista.<\/p>\n<p>Kuinka teen tilauksen apteekistasi?<\/p>\n<p>Imitrexin tilaaminen meilt\u00e4 on todella helppoa . Voit tehd\u00e4 tilauksen verkossa tai puhelimitse asiakaspalveluun. Vieraile Tilaus-sivullamme saadaksesi lis\u00e4tietoja tai aloittaaksesi tilausprosessin.<\/p>\n<p>Onko Imitrexin hinta kilpailukykyinen?<\/p>\n<p>Kyll\u00e4, olemme ylpeit\u00e4 saadessamme tarjota alhaisimpia hintoja Kanadan apteekeissa. Harvinaisissa tilanteissa saatamme pysty\u00e4 tasoittamaan tai p\u00e4ihitt\u00e4m\u00e4\u00e4n kilpailijoiden hintoja. Ota yst\u00e4v\u00e4llisesti yhteytt\u00e4 yst\u00e4v\u00e4lliseen asiakastukeen numeroon 1866 920 3784.<\/p>\n<p>Voinko ostaa Imitrexi\u00e4 teilt\u00e4 reseptivapaasti?<\/p>\n<p>Ei, Imitrexi\u00e4 saa vain l\u00e4\u00e4k\u00e4rin m\u00e4\u00e4r\u00e4\u00e4m\u00e4ll\u00e4 voimassa olevalla reseptill\u00e4. Ilman voimassa olevaa resepti\u00e4 emme myy t\u00e4t\u00e4 tuotetta.<\/p>\n<p>Imitrex 50 mg vs. Imitrex 100 mg: Mit\u00e4 eroa on?<\/p>\n<p>Annosero heijastaa vaikuttavan aineen m\u00e4\u00e4r\u00e4\u00e4. ) sis\u00e4ltyv\u00e4t l\u00e4\u00e4kkeeseen.<\/p>\n<p>Imitrexin vaikutusmekanismi<\/p>\n<\/p><\/div><\/div>\n<div class=\"product-next-previous\">\n<div class=\"product-prev\"><\/div><\/div>\n","protected":false},"excerpt":{"rendered":"<div class=\"woocommerce-product-details__short-description\">\n<p>Imitrex Sumatriptan 100 mg -pillereit\u00e4 voi ostaa verkosta. IMITREX on 5-HT1B\/1D-serotoniinireseptorin agonisti (triptaani), joka on hyv\u00e4ksytty migreenin v\u00e4litt\u00f6m\u00e4\u00e4n hoitoon aikuisilla, joilla on tai ei ole auraa.<\/p>\n<p>Sumatriptaania voi ostaa verkosta Isossa-Britanniassa rekister\u00f6idyst\u00e4 verkkoapteekistamme.<\/p>\n<p>Sumatriptaani on migreenil\u00e4\u00e4ke, jonka vaikutus alkaa nopeasti. Taattu alin hinta Yhdistyneess\u00e4 kuningaskunnassa.<\/p>\n<p>Sumatriptan-migreenitabletteja voi ostaa turvallisesti verkosta Yhdistyneen kuningaskunnan apteekeista.<\/p>\n<p>Sumatriptaani on Imigranin yleinen muoto, joka on halvempi. <\/p>\n<p>Osta Imitrex (Sumatriptan) alennuksella lisensoidusta Best Global l\u00e4\u00e4keapteekista&#8230;. 50mg100mg<\/p>\n<p>Osta Imitrex verkosta jo t\u00e4n\u00e4\u00e4n kanadalaisesta apteekistamme!<\/p>\n<\/p><\/div>\n","protected":false},"featured_media":5224,"comment_status":"open","ping_status":"closed","template":"","meta":[],"product_brand":[],"product_cat":[1117],"product_tag":[1339,1340,1341,1342,1343,1344,1345,1346,1347,1359,1360,1361,1338,1349,1351,1350,1354,1352,1355,1358,1353,1356,1357,1348],"class_list":{"0":"post-5207","1":"product","2":"type-product","3":"status-publish","4":"has-post-thumbnail","6":"product_cat-osta-kipu-uni-ja-seksipillereita","7":"product_tag-buy-sumatriptan-online-usa","8":"product_tag-does-imitrex-generic-sumatriptan","9":"product_tag-imitrex-nensumute-sumatriptaani","10":"product_tag-imitrex-sumatriptaani","11":"product_tag-imitrex-sumatriptan-succinate","12":"product_tag-imitrex-vs-sumatriptan","13":"product_tag-injektio-sumatriptaani-imitrex","14":"product_tag-is-sumatriptan-imitrex","15":"product_tag-is-sumatriptan-the-same-as-imitrex","16":"product_tag-mihin-sumatriptaani-100-mg-kytetn","17":"product_tag-milloin-sumatriptaani-imitrex-tulisi-vltt","18":"product_tag-mist-ostaa-sumatriptaani-resepti","19":"product_tag-potilas-krsii-migreenist-pnsrkyst-mik-sumatriptaani-imitrexin-vaikutus","20":"product_tag-sumatriptaani-100-mg-verkossa","21":"product_tag-sumatriptaani-50-mg","22":"product_tag-sumatriptaani-50-mg-reseptivapaa","23":"product_tag-sumatriptaani-imitreksi-treksimetti","24":"product_tag-sumatriptaani-imitrex","25":"product_tag-sumatriptan-over-the-counter-usa","26":"product_tag-sumatriptaani-vs-imitrex","27":"product_tag-sumatriptaani-imitrex-laastari","28":"product_tag-sumatriptaanin-sivuvaikutukset","29":"product_tag-sumatriptaani-sukkinaatti-imitrex","30":"product_tag-sumatriptan-imitrex-50-mg-tablet-price","32":"first","33":"instock","34":"shipping-taxable","35":"purchasable","36":"product-type-variable","37":"has-default-attributes"},"yoast_head":"<!-- This site is optimized with the Yoast SEO plugin v27.3 - https:\/\/yoast.com\/product\/yoast-seo-wordpress\/ -->\n<title>Osta imitrex Sumatriptan 100 mg - Best Global Meds<\/title>\n<meta name=\"description\" content=\"Osta imitrex Sumatriptan 100 mg migreeni\u00e4 lievitt\u00e4vi\u00e4 tabletteja turvallisesti Iso-Britannian verkkoapteekista. Sumatriptaani on yleinen, halvempi versio Imigranista.\" \/>\n<meta name=\"robots\" content=\"index, follow, max-snippet:-1, max-image-preview:large, max-video-preview:-1\" \/>\n<link rel=\"canonical\" href=\"https:\/\/medicinasinc.com\/fi\/product\/osta-imitrex-sumatriptaani-100-mg\/\" \/>\n<meta property=\"og:locale\" content=\"en_US\" \/>\n<meta property=\"og:type\" content=\"article\" \/>\n<meta property=\"og:title\" content=\"Osta imitrex Sumatriptan 100 mg - Best Global Meds\" \/>\n<meta property=\"og:description\" content=\"Osta imitrex Sumatriptan 100 mg migreeni\u00e4 lievitt\u00e4vi\u00e4 tabletteja turvallisesti Iso-Britannian verkkoapteekista. Sumatriptaani on yleinen, halvempi versio Imigranista.\" \/>\n<meta property=\"og:url\" content=\"https:\/\/medicinasinc.com\/fi\/product\/osta-imitrex-sumatriptaani-100-mg\/\" \/>\n<meta property=\"og:site_name\" content=\"Medicinas Inc\" \/>\n<meta property=\"article:modified_time\" content=\"2022-03-22T01:04:45+00:00\" \/>\n<meta property=\"og:image\" content=\"https:\/\/medicinasinc.com\/fi\/wp-content\/uploads\/sites\/12\/2022\/02\/Buy-imitrex-Sumatriptan-100-mg.jpg\" \/>\n\t<meta property=\"og:image:width\" content=\"846\" \/>\n\t<meta property=\"og:image:height\" content=\"600\" \/>\n\t<meta property=\"og:image:type\" content=\"image\/jpeg\" \/>\n<meta name=\"twitter:card\" content=\"summary_large_image\" \/>\n<meta name=\"twitter:label1\" content=\"Est. reading time\" \/>\n\t<meta name=\"twitter:data1\" content=\"4 minutes\" \/>\n<script type=\"application\/ld+json\" class=\"yoast-schema-graph\">{\"@context\":\"https:\\\/\\\/schema.org\",\"@graph\":[{\"@type\":\"WebPage\",\"@id\":\"https:\\\/\\\/medicinasinc.com\\\/fi\\\/product\\\/osta-imitrex-sumatriptaani-100-mg\\\/\",\"url\":\"https:\\\/\\\/medicinasinc.com\\\/fi\\\/product\\\/osta-imitrex-sumatriptaani-100-mg\\\/\",\"name\":\"Osta imitrex Sumatriptan 100 mg - Best Global Meds\",\"isPartOf\":{\"@id\":\"https:\\\/\\\/medicinasinc.com\\\/fi\\\/#website\"},\"primaryImageOfPage\":{\"@id\":\"https:\\\/\\\/medicinasinc.com\\\/fi\\\/product\\\/osta-imitrex-sumatriptaani-100-mg\\\/#primaryimage\"},\"image\":{\"@id\":\"https:\\\/\\\/medicinasinc.com\\\/fi\\\/product\\\/osta-imitrex-sumatriptaani-100-mg\\\/#primaryimage\"},\"thumbnailUrl\":\"https:\\\/\\\/medicinasinc.com\\\/fi\\\/wp-content\\\/uploads\\\/sites\\\/12\\\/2022\\\/02\\\/Buy-imitrex-Sumatriptan-100-mg.jpg\",\"datePublished\":\"2022-02-20T21:57:05+00:00\",\"dateModified\":\"2022-03-22T01:04:45+00:00\",\"description\":\"Osta imitrex Sumatriptan 100 mg migreeni\u00e4 lievitt\u00e4vi\u00e4 tabletteja turvallisesti Iso-Britannian verkkoapteekista. Sumatriptaani on yleinen, halvempi versio Imigranista.\",\"breadcrumb\":{\"@id\":\"https:\\\/\\\/medicinasinc.com\\\/fi\\\/product\\\/osta-imitrex-sumatriptaani-100-mg\\\/#breadcrumb\"},\"inLanguage\":\"en-US\",\"potentialAction\":[{\"@type\":\"ReadAction\",\"target\":[\"https:\\\/\\\/medicinasinc.com\\\/fi\\\/product\\\/osta-imitrex-sumatriptaani-100-mg\\\/\"]}]},{\"@type\":\"ImageObject\",\"inLanguage\":\"en-US\",\"@id\":\"https:\\\/\\\/medicinasinc.com\\\/fi\\\/product\\\/osta-imitrex-sumatriptaani-100-mg\\\/#primaryimage\",\"url\":\"https:\\\/\\\/medicinasinc.com\\\/fi\\\/wp-content\\\/uploads\\\/sites\\\/12\\\/2022\\\/02\\\/Buy-imitrex-Sumatriptan-100-mg.jpg\",\"contentUrl\":\"https:\\\/\\\/medicinasinc.com\\\/fi\\\/wp-content\\\/uploads\\\/sites\\\/12\\\/2022\\\/02\\\/Buy-imitrex-Sumatriptan-100-mg.jpg\",\"width\":846,\"height\":600},{\"@type\":\"BreadcrumbList\",\"@id\":\"https:\\\/\\\/medicinasinc.com\\\/fi\\\/product\\\/osta-imitrex-sumatriptaani-100-mg\\\/#breadcrumb\",\"itemListElement\":[{\"@type\":\"ListItem\",\"position\":1,\"name\":\"Myym\u00e4l\u00e4\",\"item\":\"https:\\\/\\\/medicinasinc.com\\\/fi\\\/myymala\\\/\"},{\"@type\":\"ListItem\",\"position\":2,\"name\":\"Osta imitrex Sumatriptan 100 mg\"}]},{\"@type\":\"WebSite\",\"@id\":\"https:\\\/\\\/medicinasinc.com\\\/fi\\\/#website\",\"url\":\"https:\\\/\\\/medicinasinc.com\\\/fi\\\/\",\"name\":\"Medicinas Inc\",\"description\":\"Health Medical Clinic\",\"potentialAction\":[{\"@type\":\"SearchAction\",\"target\":{\"@type\":\"EntryPoint\",\"urlTemplate\":\"https:\\\/\\\/medicinasinc.com\\\/fi\\\/?s={search_term_string}\"},\"query-input\":{\"@type\":\"PropertyValueSpecification\",\"valueRequired\":true,\"valueName\":\"search_term_string\"}}],\"inLanguage\":\"en-US\"}]}<\/script>\n<!-- \/ Yoast SEO plugin. -->","yoast_head_json":{"title":"Osta imitrex Sumatriptan 100 mg - Best Global Meds","description":"Osta imitrex Sumatriptan 100 mg migreeni\u00e4 lievitt\u00e4vi\u00e4 tabletteja turvallisesti Iso-Britannian verkkoapteekista. Sumatriptaani on yleinen, halvempi versio Imigranista.","robots":{"index":"index","follow":"follow","max-snippet":"max-snippet:-1","max-image-preview":"max-image-preview:large","max-video-preview":"max-video-preview:-1"},"canonical":"https:\/\/medicinasinc.com\/fi\/product\/osta-imitrex-sumatriptaani-100-mg\/","og_locale":"en_US","og_type":"article","og_title":"Osta imitrex Sumatriptan 100 mg - Best Global Meds","og_description":"Osta imitrex Sumatriptan 100 mg migreeni\u00e4 lievitt\u00e4vi\u00e4 tabletteja turvallisesti Iso-Britannian verkkoapteekista. Sumatriptaani on yleinen, halvempi versio Imigranista.","og_url":"https:\/\/medicinasinc.com\/fi\/product\/osta-imitrex-sumatriptaani-100-mg\/","og_site_name":"Medicinas Inc","article_modified_time":"2022-03-22T01:04:45+00:00","og_image":[{"width":846,"height":600,"url":"https:\/\/medicinasinc.com\/fi\/wp-content\/uploads\/sites\/12\/2022\/02\/Buy-imitrex-Sumatriptan-100-mg.jpg","type":"image\/jpeg"}],"twitter_card":"summary_large_image","twitter_misc":{"Est. reading time":"4 minutes"},"schema":{"@context":"https:\/\/schema.org","@graph":[{"@type":"WebPage","@id":"https:\/\/medicinasinc.com\/fi\/product\/osta-imitrex-sumatriptaani-100-mg\/","url":"https:\/\/medicinasinc.com\/fi\/product\/osta-imitrex-sumatriptaani-100-mg\/","name":"Osta imitrex Sumatriptan 100 mg - Best Global Meds","isPartOf":{"@id":"https:\/\/medicinasinc.com\/fi\/#website"},"primaryImageOfPage":{"@id":"https:\/\/medicinasinc.com\/fi\/product\/osta-imitrex-sumatriptaani-100-mg\/#primaryimage"},"image":{"@id":"https:\/\/medicinasinc.com\/fi\/product\/osta-imitrex-sumatriptaani-100-mg\/#primaryimage"},"thumbnailUrl":"https:\/\/medicinasinc.com\/fi\/wp-content\/uploads\/sites\/12\/2022\/02\/Buy-imitrex-Sumatriptan-100-mg.jpg","datePublished":"2022-02-20T21:57:05+00:00","dateModified":"2022-03-22T01:04:45+00:00","description":"Osta imitrex Sumatriptan 100 mg migreeni\u00e4 lievitt\u00e4vi\u00e4 tabletteja turvallisesti Iso-Britannian verkkoapteekista. Sumatriptaani on yleinen, halvempi versio Imigranista.","breadcrumb":{"@id":"https:\/\/medicinasinc.com\/fi\/product\/osta-imitrex-sumatriptaani-100-mg\/#breadcrumb"},"inLanguage":"en-US","potentialAction":[{"@type":"ReadAction","target":["https:\/\/medicinasinc.com\/fi\/product\/osta-imitrex-sumatriptaani-100-mg\/"]}]},{"@type":"ImageObject","inLanguage":"en-US","@id":"https:\/\/medicinasinc.com\/fi\/product\/osta-imitrex-sumatriptaani-100-mg\/#primaryimage","url":"https:\/\/medicinasinc.com\/fi\/wp-content\/uploads\/sites\/12\/2022\/02\/Buy-imitrex-Sumatriptan-100-mg.jpg","contentUrl":"https:\/\/medicinasinc.com\/fi\/wp-content\/uploads\/sites\/12\/2022\/02\/Buy-imitrex-Sumatriptan-100-mg.jpg","width":846,"height":600},{"@type":"BreadcrumbList","@id":"https:\/\/medicinasinc.com\/fi\/product\/osta-imitrex-sumatriptaani-100-mg\/#breadcrumb","itemListElement":[{"@type":"ListItem","position":1,"name":"Myym\u00e4l\u00e4","item":"https:\/\/medicinasinc.com\/fi\/myymala\/"},{"@type":"ListItem","position":2,"name":"Osta imitrex Sumatriptan 100 mg"}]},{"@type":"WebSite","@id":"https:\/\/medicinasinc.com\/fi\/#website","url":"https:\/\/medicinasinc.com\/fi\/","name":"Medicinas Inc","description":"Health Medical Clinic","potentialAction":[{"@type":"SearchAction","target":{"@type":"EntryPoint","urlTemplate":"https:\/\/medicinasinc.com\/fi\/?s={search_term_string}"},"query-input":{"@type":"PropertyValueSpecification","valueRequired":true,"valueName":"search_term_string"}}],"inLanguage":"en-US"}]}},"_links":{"self":[{"href":"https:\/\/medicinasinc.com\/fi\/wp-json\/wp\/v2\/product\/5207","targetHints":{"allow":["GET"]}}],"collection":[{"href":"https:\/\/medicinasinc.com\/fi\/wp-json\/wp\/v2\/product"}],"about":[{"href":"https:\/\/medicinasinc.com\/fi\/wp-json\/wp\/v2\/types\/product"}],"replies":[{"embeddable":true,"href":"https:\/\/medicinasinc.com\/fi\/wp-json\/wp\/v2\/comments?post=5207"}],"wp:featuredmedia":[{"embeddable":true,"href":"https:\/\/medicinasinc.com\/fi\/wp-json\/wp\/v2\/media\/5224"}],"wp:attachment":[{"href":"https:\/\/medicinasinc.com\/fi\/wp-json\/wp\/v2\/media?parent=5207"}],"wp:term":[{"taxonomy":"product_brand","embeddable":true,"href":"https:\/\/medicinasinc.com\/fi\/wp-json\/wp\/v2\/product_brand?post=5207"},{"taxonomy":"product_cat","embeddable":true,"href":"https:\/\/medicinasinc.com\/fi\/wp-json\/wp\/v2\/product_cat?post=5207"},{"taxonomy":"product_tag","embeddable":true,"href":"https:\/\/medicinasinc.com\/fi\/wp-json\/wp\/v2\/product_tag?post=5207"}],"curies":[{"name":"wp","href":"https:\/\/api.w.org\/{rel}","templated":true}]}}