{"id":5184,"date":"2022-02-20T21:36:32","date_gmt":"2022-02-20T21:36:32","guid":{"rendered":"https:\/\/medicinasinc.com\/fi\/?post_type=product&#038;p=5184"},"modified":"2022-03-22T01:05:04","modified_gmt":"2022-03-22T01:05:04","slug":"osta-hydrokodoni-10-325mg","status":"publish","type":"product","link":"https:\/\/medicinasinc.com\/fi\/product\/osta-hydrokodoni-10-325mg\/","title":{"rendered":"Osta Hydrocodone 10\/325mg"},"content":{"rendered":"<p>Mist\u00e4 ostaa\u00a0Hydrocodone 10\/325 mg?<\/p>\n<p>Koska Hydrocodone on tehokas kipul\u00e4\u00e4ke, voit ostaa sen verkosta ilman resepti\u00e4. Oopiumunikko tuottaa kodeiinia, jota k\u00e4ytet\u00e4\u00e4n t\u00e4m\u00e4n l\u00e4\u00e4kkeen valmistukseen. Kun hydrokodonia valmistetaan kodeiinista, kipua lievitt\u00e4v\u00e4t vaikutukset ovat voimakkaampia ja pysyv\u00e4t pidemp\u00e4\u00e4n. T\u00e4m\u00e4n seurauksena l\u00e4\u00e4k\u00e4rit m\u00e4\u00e4r\u00e4\u00e4v\u00e4t usein hydrokodonia kodeiinin sijasta kodeiinin hoitoon voimakkaan kivun hoitoon.<\/p>\n<p>Aivoissa hydrokodoni muuttaa kemiallista tasapainoa, est\u00e4\u00e4 kipureseptorien toiminnan ja siten vapauttaa k\u00e4ytt\u00e4j\u00e4n kivun havainnoista. <\/p>\n<p>Murtumakivun akuutin ja kroonisen luonteen vuoksi hydrokodoni on yksi parhaista vaihtoehdoista sen hoitoon. Kun ihmiset eiv\u00e4t voi nukkua y\u00f6ll\u00e4 kivun vuoksi, hydrokodoni voi auttaa heit\u00e4 rentoutumaan ja antaa heille mahdollisuuden lev\u00e4t\u00e4 muutaman tunnin ajan.<\/p>\n<p>Hydrokodonia tulisi ottaa vain kipua kokevien henkil\u00f6iden. luumurtuman seurauksena l\u00e4\u00e4k\u00e4rin lausunnon mukaan. Ne, joilla on muuntyyppisi\u00e4 kipuja, kuten kouristuksia, haavaumia tai ompeleita leikkauksesta, voivat silti kest\u00e4\u00e4 sen. Hydrokodoni on yksi tehokkaimmista kipul\u00e4\u00e4kkeist\u00e4 kaikissa n\u00e4iss\u00e4 tilanteissa.<\/p>\n<p>Hydrokodonin annosta on seurattava huolellisesti. T\u00e4ll\u00e4 l\u00e4\u00e4kkeell\u00e4 voi olla vakavia sivuvaikutuksia, jos sit\u00e4 k\u00e4ytet\u00e4\u00e4n v\u00e4\u00e4r\u00e4ss\u00e4 m\u00e4\u00e4rin. Riippuvuus t\u00e4st\u00e4 l\u00e4\u00e4kkeest\u00e4 on yleinen sivuvaikutus v\u00e4\u00e4rien annosten saamisesta. Hydrokodonia tulisi k\u00e4ytt\u00e4\u00e4 s\u00e4\u00e4steli\u00e4\u00e4sti ja harvoin, koska sill\u00e4 on suuri v\u00e4\u00e4rink\u00e4ytt\u00f6- ja riippuvuuspotentiaali. Kroonisesta kivusta k\u00e4rsivien ei tulisi ottaa hydrokodonia enemp\u00e4\u00e4 kuin 20 mg p\u00e4iv\u00e4ss\u00e4. T\u00e4m\u00e4n ylitt\u00e4v\u00e4 annos johtaa todenn\u00e4k\u00f6isesti riippuvuuteen ja lopulta riippuvuuteen.<\/p>\n<p>Hydrokodonia koskevia varotoimia kuuluu varmistaa, ett\u00e4 oikea annos otetaan aina. T\u00e4m\u00e4 l\u00e4\u00e4ke voi aiheuttaa vakavia kielteisi\u00e4 vaikutuksia, jos sit\u00e4 otetaan v\u00e4\u00e4ri\u00e4 m\u00e4\u00e4ri\u00e4. Hydrokodonia ei tule ostaa astmasta tai hengitysvaikeuksista k\u00e4rsivien ihmisten, koska se edist\u00e4\u00e4 pinnallista hengityst\u00e4, mik\u00e4 voi olla heille suuri ongelma. Aloita pienill\u00e4 annoksilla, jos ostat hydrokodonia verkosta ilman resepti\u00e4, jotta saat selville, kuinka paljon kehosi tarvitsee.<\/p>\n<p>Hydrokodonin tiedet\u00e4\u00e4n aiheuttavan erilaisia \u200b\u200bep\u00e4miellytt\u00e4vi\u00e4 sivuvaikutuksia, kuten uneliaisuutta, huimausta ja pahoinvointia. Kun ostat hydrokodonia verkosta ilman resepti\u00e4 ja otat sen, muista sy\u00f6d\u00e4 tasapainoista ruokavaliota ruoansulatuskanavan ja suoliston ongelmien v\u00e4ltt\u00e4miseksi.<\/p>\n","protected":false},"excerpt":{"rendered":"<div class=\"woocommerce-product-details__short-description\">\n<p>Paras paikka ostaa Hydrocodone 10 325 mg verkossa. Lailliset l\u00e4\u00e4kkeet l\u00f6ytyv\u00e4t Best Global Medsist\u00e4, hyv\u00e4maineisesta verkkoapteekista. Voit s\u00e4\u00e4st\u00e4\u00e4 aikaa ja rahaa tekem\u00e4ll\u00e4 tilauksesi verkossa.<\/p>\n<p>Mist\u00e4 saada Hydrocodone 10\/325mg verkossa?<\/p>\n<p>Raskaana olevien naisten tulee neuvotella l\u00e4\u00e4k\u00e4rins\u00e4 kanssa ennen t\u00e4m\u00e4n l\u00e4\u00e4kkeen ottamista, koska se on FDA:n raskausluokka B, mik\u00e4 tarkoittaa, ett\u00e4 ei ole mahdollista m\u00e4\u00e4ritt\u00e4\u00e4, kuinka se vaikuttaa siki\u00f6\u00f6n tai kuoriutuneeseen poikaseen.<\/p>\n<p>Myynniss\u00e4: Percocet 10\/325mg &#8211; Osta ilman resepti\u00e4&#8230;<\/p>\n<p>Suositellut verkkoapteekit Vicodinin ostamiseen.<\/p>\n<\/p><\/div>\n","protected":false},"featured_media":5203,"comment_status":"open","ping_status":"closed","template":"","meta":[],"product_brand":[],"product_cat":[1117],"product_tag":[1315,1316,1298,1300,1319,1318,1317,1302,1320,1321,1324,1325,1297,1322,1323,1326,1327,1328,1329,1330,1332,1331,1333,1334,1310,1311,1335,1309,1313,1337,1308,1336,1312,1299],"class_list":{"0":"post-5184","1":"product","2":"type-product","3":"status-publish","4":"has-post-thumbnail","6":"product_cat-osta-kipu-uni-ja-seksipillereita","7":"product_tag-buy-hydrocodone-online-bitcoins","8":"product_tag-cheap-hydrocodone","9":"product_tag-geneeriset-pillerit-myynniss-usa","10":"product_tag-generic-watson-pills-for-sale-in-usa","11":"product_tag-hydrokodoni-watson","12":"product_tag-hydrokodoni-pillerit","13":"product_tag-hydrokodonia","14":"product_tag-lkkeet-ilman-resepti","15":"product_tag-lortab","16":"product_tag-online-buy-watson-540-500-mg","17":"product_tag-order-online-watson-540-500-mg","18":"product_tag-osto-hydrokodoni","19":"product_tag-osta-watson-verkosta","20":"product_tag-tilaus-hydrokodoni","21":"product_tag-tilaa-hydrokodoni-verkosta","22":"product_tag-watson","23":"product_tag-watson-325-mg","24":"product_tag-watson-325mg","25":"product_tag-watson-540","26":"product_tag-watson-540-500-mg-osta-verkosta","27":"product_tag-watson-853-hydrokodoni-10-325-mg-on-valkoinen-ja-kapselinmuotoinen-tabletti-suunniteltu-kivun-hoitoon","28":"product_tag-watson-853-hydrokodoni-10-325-mg","29":"product_tag-watson-853-hydrokodoni-online","30":"product_tag-watson-853-valkoinen-pilleri","31":"product_tag-watson-for-sale-in-usa","32":"product_tag-watson-hydrocodone-pain-loss-pills","33":"product_tag-watson-lortab","34":"product_tag-watson-myynniss-in-uk","35":"product_tag-watson-pain-relief-tablet","36":"product_tag-watson-pills-ilman-resepti-osake","37":"product_tag-watson-annos","38":"product_tag-watson-l-c3-a4-c3-a4ke","39":"product_tag-watson-lkitys","40":"product_tag-yleinen-watson","42":"first","43":"instock","44":"shipping-taxable","45":"purchasable","46":"product-type-variable","47":"has-default-attributes"},"yoast_head":"<!-- This site is optimized with the Yoast SEO plugin v27.3 - https:\/\/yoast.com\/product\/yoast-seo-wordpress\/ -->\n<title>Osta Hydrocodone 10\/325mg - parhaat maailmanlaajuiset l\u00e4\u00e4kkeet<\/title>\n<meta name=\"description\" content=\"Osta Hydrocodone 10 325mg myyt\u00e4v\u00e4ksi Isossa-Britanniassa, Euroopassa verkosta parhaaseen hintaan. Best Global Meds on luotettava verkkoapteekki, jolla on laillisia l\u00e4\u00e4kkeit\u00e4. Tilaa verkosta ja s\u00e4\u00e4st\u00e4 aikaasi ja rahaasi.\" \/>\n<meta name=\"robots\" content=\"index, follow, max-snippet:-1, max-image-preview:large, max-video-preview:-1\" \/>\n<link rel=\"canonical\" href=\"https:\/\/medicinasinc.com\/fi\/product\/osta-hydrokodoni-10-325mg\/\" \/>\n<meta property=\"og:locale\" content=\"en_US\" \/>\n<meta property=\"og:type\" content=\"article\" \/>\n<meta property=\"og:title\" content=\"Osta Hydrocodone 10\/325mg - parhaat maailmanlaajuiset l\u00e4\u00e4kkeet\" \/>\n<meta property=\"og:description\" content=\"Osta Hydrocodone 10 325mg myyt\u00e4v\u00e4ksi Isossa-Britanniassa, Euroopassa verkosta parhaaseen hintaan. Best Global Meds on luotettava verkkoapteekki, jolla on laillisia l\u00e4\u00e4kkeit\u00e4. Tilaa verkosta ja s\u00e4\u00e4st\u00e4 aikaasi ja rahaasi.\" \/>\n<meta property=\"og:url\" content=\"https:\/\/medicinasinc.com\/fi\/product\/osta-hydrokodoni-10-325mg\/\" \/>\n<meta property=\"og:site_name\" content=\"Medicinas Inc\" \/>\n<meta property=\"article:modified_time\" content=\"2022-03-22T01:05:04+00:00\" \/>\n<meta property=\"og:image\" content=\"https:\/\/medicinasinc.com\/fi\/wp-content\/uploads\/sites\/12\/2022\/02\/buy-hydrocodone-10-325mg-online.jpg\" \/>\n\t<meta property=\"og:image:width\" content=\"600\" \/>\n\t<meta property=\"og:image:height\" content=\"600\" \/>\n\t<meta property=\"og:image:type\" content=\"image\/jpeg\" \/>\n<meta name=\"twitter:card\" content=\"summary_large_image\" \/>\n<meta name=\"twitter:label1\" content=\"Est. reading time\" \/>\n\t<meta name=\"twitter:data1\" content=\"2 minutes\" \/>\n<script type=\"application\/ld+json\" class=\"yoast-schema-graph\">{\"@context\":\"https:\\\/\\\/schema.org\",\"@graph\":[{\"@type\":\"WebPage\",\"@id\":\"https:\\\/\\\/medicinasinc.com\\\/fi\\\/product\\\/osta-hydrokodoni-10-325mg\\\/\",\"url\":\"https:\\\/\\\/medicinasinc.com\\\/fi\\\/product\\\/osta-hydrokodoni-10-325mg\\\/\",\"name\":\"Osta Hydrocodone 10\\\/325mg - parhaat maailmanlaajuiset l\u00e4\u00e4kkeet\",\"isPartOf\":{\"@id\":\"https:\\\/\\\/medicinasinc.com\\\/fi\\\/#website\"},\"primaryImageOfPage\":{\"@id\":\"https:\\\/\\\/medicinasinc.com\\\/fi\\\/product\\\/osta-hydrokodoni-10-325mg\\\/#primaryimage\"},\"image\":{\"@id\":\"https:\\\/\\\/medicinasinc.com\\\/fi\\\/product\\\/osta-hydrokodoni-10-325mg\\\/#primaryimage\"},\"thumbnailUrl\":\"https:\\\/\\\/medicinasinc.com\\\/fi\\\/wp-content\\\/uploads\\\/sites\\\/12\\\/2022\\\/02\\\/buy-hydrocodone-10-325mg-online.jpg\",\"datePublished\":\"2022-02-20T21:36:32+00:00\",\"dateModified\":\"2022-03-22T01:05:04+00:00\",\"description\":\"Osta Hydrocodone 10 325mg myyt\u00e4v\u00e4ksi Isossa-Britanniassa, Euroopassa verkosta parhaaseen hintaan. Best Global Meds on luotettava verkkoapteekki, jolla on laillisia l\u00e4\u00e4kkeit\u00e4. Tilaa verkosta ja s\u00e4\u00e4st\u00e4 aikaasi ja rahaasi.\",\"breadcrumb\":{\"@id\":\"https:\\\/\\\/medicinasinc.com\\\/fi\\\/product\\\/osta-hydrokodoni-10-325mg\\\/#breadcrumb\"},\"inLanguage\":\"en-US\",\"potentialAction\":[{\"@type\":\"ReadAction\",\"target\":[\"https:\\\/\\\/medicinasinc.com\\\/fi\\\/product\\\/osta-hydrokodoni-10-325mg\\\/\"]}]},{\"@type\":\"ImageObject\",\"inLanguage\":\"en-US\",\"@id\":\"https:\\\/\\\/medicinasinc.com\\\/fi\\\/product\\\/osta-hydrokodoni-10-325mg\\\/#primaryimage\",\"url\":\"https:\\\/\\\/medicinasinc.com\\\/fi\\\/wp-content\\\/uploads\\\/sites\\\/12\\\/2022\\\/02\\\/buy-hydrocodone-10-325mg-online.jpg\",\"contentUrl\":\"https:\\\/\\\/medicinasinc.com\\\/fi\\\/wp-content\\\/uploads\\\/sites\\\/12\\\/2022\\\/02\\\/buy-hydrocodone-10-325mg-online.jpg\",\"width\":600,\"height\":600},{\"@type\":\"BreadcrumbList\",\"@id\":\"https:\\\/\\\/medicinasinc.com\\\/fi\\\/product\\\/osta-hydrokodoni-10-325mg\\\/#breadcrumb\",\"itemListElement\":[{\"@type\":\"ListItem\",\"position\":1,\"name\":\"Myym\u00e4l\u00e4\",\"item\":\"https:\\\/\\\/medicinasinc.com\\\/fi\\\/myymala\\\/\"},{\"@type\":\"ListItem\",\"position\":2,\"name\":\"Osta Hydrocodone 10\\\/325mg\"}]},{\"@type\":\"WebSite\",\"@id\":\"https:\\\/\\\/medicinasinc.com\\\/fi\\\/#website\",\"url\":\"https:\\\/\\\/medicinasinc.com\\\/fi\\\/\",\"name\":\"Medicinas Inc\",\"description\":\"Health Medical Clinic\",\"potentialAction\":[{\"@type\":\"SearchAction\",\"target\":{\"@type\":\"EntryPoint\",\"urlTemplate\":\"https:\\\/\\\/medicinasinc.com\\\/fi\\\/?s={search_term_string}\"},\"query-input\":{\"@type\":\"PropertyValueSpecification\",\"valueRequired\":true,\"valueName\":\"search_term_string\"}}],\"inLanguage\":\"en-US\"}]}<\/script>\n<!-- \/ Yoast SEO plugin. -->","yoast_head_json":{"title":"Osta Hydrocodone 10\/325mg - parhaat maailmanlaajuiset l\u00e4\u00e4kkeet","description":"Osta Hydrocodone 10 325mg myyt\u00e4v\u00e4ksi Isossa-Britanniassa, Euroopassa verkosta parhaaseen hintaan. Best Global Meds on luotettava verkkoapteekki, jolla on laillisia l\u00e4\u00e4kkeit\u00e4. Tilaa verkosta ja s\u00e4\u00e4st\u00e4 aikaasi ja rahaasi.","robots":{"index":"index","follow":"follow","max-snippet":"max-snippet:-1","max-image-preview":"max-image-preview:large","max-video-preview":"max-video-preview:-1"},"canonical":"https:\/\/medicinasinc.com\/fi\/product\/osta-hydrokodoni-10-325mg\/","og_locale":"en_US","og_type":"article","og_title":"Osta Hydrocodone 10\/325mg - parhaat maailmanlaajuiset l\u00e4\u00e4kkeet","og_description":"Osta Hydrocodone 10 325mg myyt\u00e4v\u00e4ksi Isossa-Britanniassa, Euroopassa verkosta parhaaseen hintaan. Best Global Meds on luotettava verkkoapteekki, jolla on laillisia l\u00e4\u00e4kkeit\u00e4. Tilaa verkosta ja s\u00e4\u00e4st\u00e4 aikaasi ja rahaasi.","og_url":"https:\/\/medicinasinc.com\/fi\/product\/osta-hydrokodoni-10-325mg\/","og_site_name":"Medicinas Inc","article_modified_time":"2022-03-22T01:05:04+00:00","og_image":[{"width":600,"height":600,"url":"https:\/\/medicinasinc.com\/fi\/wp-content\/uploads\/sites\/12\/2022\/02\/buy-hydrocodone-10-325mg-online.jpg","type":"image\/jpeg"}],"twitter_card":"summary_large_image","twitter_misc":{"Est. reading time":"2 minutes"},"schema":{"@context":"https:\/\/schema.org","@graph":[{"@type":"WebPage","@id":"https:\/\/medicinasinc.com\/fi\/product\/osta-hydrokodoni-10-325mg\/","url":"https:\/\/medicinasinc.com\/fi\/product\/osta-hydrokodoni-10-325mg\/","name":"Osta Hydrocodone 10\/325mg - parhaat maailmanlaajuiset l\u00e4\u00e4kkeet","isPartOf":{"@id":"https:\/\/medicinasinc.com\/fi\/#website"},"primaryImageOfPage":{"@id":"https:\/\/medicinasinc.com\/fi\/product\/osta-hydrokodoni-10-325mg\/#primaryimage"},"image":{"@id":"https:\/\/medicinasinc.com\/fi\/product\/osta-hydrokodoni-10-325mg\/#primaryimage"},"thumbnailUrl":"https:\/\/medicinasinc.com\/fi\/wp-content\/uploads\/sites\/12\/2022\/02\/buy-hydrocodone-10-325mg-online.jpg","datePublished":"2022-02-20T21:36:32+00:00","dateModified":"2022-03-22T01:05:04+00:00","description":"Osta Hydrocodone 10 325mg myyt\u00e4v\u00e4ksi Isossa-Britanniassa, Euroopassa verkosta parhaaseen hintaan. Best Global Meds on luotettava verkkoapteekki, jolla on laillisia l\u00e4\u00e4kkeit\u00e4. Tilaa verkosta ja s\u00e4\u00e4st\u00e4 aikaasi ja rahaasi.","breadcrumb":{"@id":"https:\/\/medicinasinc.com\/fi\/product\/osta-hydrokodoni-10-325mg\/#breadcrumb"},"inLanguage":"en-US","potentialAction":[{"@type":"ReadAction","target":["https:\/\/medicinasinc.com\/fi\/product\/osta-hydrokodoni-10-325mg\/"]}]},{"@type":"ImageObject","inLanguage":"en-US","@id":"https:\/\/medicinasinc.com\/fi\/product\/osta-hydrokodoni-10-325mg\/#primaryimage","url":"https:\/\/medicinasinc.com\/fi\/wp-content\/uploads\/sites\/12\/2022\/02\/buy-hydrocodone-10-325mg-online.jpg","contentUrl":"https:\/\/medicinasinc.com\/fi\/wp-content\/uploads\/sites\/12\/2022\/02\/buy-hydrocodone-10-325mg-online.jpg","width":600,"height":600},{"@type":"BreadcrumbList","@id":"https:\/\/medicinasinc.com\/fi\/product\/osta-hydrokodoni-10-325mg\/#breadcrumb","itemListElement":[{"@type":"ListItem","position":1,"name":"Myym\u00e4l\u00e4","item":"https:\/\/medicinasinc.com\/fi\/myymala\/"},{"@type":"ListItem","position":2,"name":"Osta Hydrocodone 10\/325mg"}]},{"@type":"WebSite","@id":"https:\/\/medicinasinc.com\/fi\/#website","url":"https:\/\/medicinasinc.com\/fi\/","name":"Medicinas Inc","description":"Health Medical Clinic","potentialAction":[{"@type":"SearchAction","target":{"@type":"EntryPoint","urlTemplate":"https:\/\/medicinasinc.com\/fi\/?s={search_term_string}"},"query-input":{"@type":"PropertyValueSpecification","valueRequired":true,"valueName":"search_term_string"}}],"inLanguage":"en-US"}]}},"_links":{"self":[{"href":"https:\/\/medicinasinc.com\/fi\/wp-json\/wp\/v2\/product\/5184","targetHints":{"allow":["GET"]}}],"collection":[{"href":"https:\/\/medicinasinc.com\/fi\/wp-json\/wp\/v2\/product"}],"about":[{"href":"https:\/\/medicinasinc.com\/fi\/wp-json\/wp\/v2\/types\/product"}],"replies":[{"embeddable":true,"href":"https:\/\/medicinasinc.com\/fi\/wp-json\/wp\/v2\/comments?post=5184"}],"wp:featuredmedia":[{"embeddable":true,"href":"https:\/\/medicinasinc.com\/fi\/wp-json\/wp\/v2\/media\/5203"}],"wp:attachment":[{"href":"https:\/\/medicinasinc.com\/fi\/wp-json\/wp\/v2\/media?parent=5184"}],"wp:term":[{"taxonomy":"product_brand","embeddable":true,"href":"https:\/\/medicinasinc.com\/fi\/wp-json\/wp\/v2\/product_brand?post=5184"},{"taxonomy":"product_cat","embeddable":true,"href":"https:\/\/medicinasinc.com\/fi\/wp-json\/wp\/v2\/product_cat?post=5184"},{"taxonomy":"product_tag","embeddable":true,"href":"https:\/\/medicinasinc.com\/fi\/wp-json\/wp\/v2\/product_tag?post=5184"}],"curies":[{"name":"wp","href":"https:\/\/api.w.org\/{rel}","templated":true}]}}