{"id":5183,"date":"2022-02-20T21:35:10","date_gmt":"2022-02-20T21:35:10","guid":{"rendered":"https:\/\/medicinasinc.com\/fi\/?post_type=product&#038;p=5183"},"modified":"2022-03-22T01:05:17","modified_gmt":"2022-03-22T01:05:17","slug":"hydrokodoni-10-500-mg","status":"publish","type":"product","link":"https:\/\/medicinasinc.com\/fi\/product\/hydrokodoni-10-500-mg\/","title":{"rendered":"Hydrokodoni 10\/500 mg"},"content":{"rendered":"<div class=\"product-next-previous\">\n<div class=\"product-prev\">\n<p>Hydrokodone 10\/500mg -pillereit\u00e4 voi ostaa verkosta t\u00e4ll\u00e4 hetkell\u00e4.<\/p>\n<p>Laadukas yhdistelm\u00e4. l\u00e4\u00e4ke keskivaikeaan tai vaikeaan kivun hoitoon, Watson 540 (Hydrokodone) 500 mg on Watson 540 (Hydrokodone). Asetaminofeenia ja hydrokodonia k\u00e4ytet\u00e4\u00e4n myyt\u00e4v\u00e4n hydrokodonin valmistuksessa. Ei-opioidinen asetaminofeeni ja opioidihydrokodoni ovat molemmat kipul\u00e4\u00e4kkeit\u00e4.<\/p>\n<p>Aivoissa t\u00e4m\u00e4 l\u00e4\u00e4ke muuttaa tapaa, jolla keho reagoi ja kokee kipua. Yksil\u00f6n l\u00e4mp\u00f6tila voi my\u00f6s laskea t\u00e4m\u00e4n l\u00e4\u00e4kkeen k\u00e4yt\u00f6ll\u00e4.<\/p>\n<p>Koska matala\/hidas hengitys voi aiheuttaa merkitt\u00e4vi\u00e4 haittavaikutuksia, kun ostat hydrokodonia verkosta, sit\u00e4 ei suositella alle 6-vuotiaille lapsille. vuotta vanha.<\/p>\n<p>Ennen kuin aloitat t\u00e4m\u00e4n l\u00e4\u00e4kityksen, muista lukea l\u00e4\u00e4k\u00e4risi toimittama potilastietolehtinen.<\/p>\n<p>Osta hydrokodoni voidaan ottaa suun kautta, aterian yhteydess\u00e4 tai ilman , riippuen k\u00e4ytt\u00e4j\u00e4n mieltymyksist\u00e4. Keskustele l\u00e4\u00e4k\u00e4rin tai terveydenhuollon ammattilaisen kanssa ennen l\u00e4\u00e4kkeen ottamista, jos sinulla on pahoinvointia.<\/p>\n<p>Mit\u00e4 kukin Watson 540 -tabletti sis\u00e4lt\u00e4\u00e4?<\/p>\n<p>Magnesiumstearaatti<br \/> Mikrokiteinen selluloosa<br \/> KrospovidonitKroskarmelloosi Se on valmistettu natriumstearaatista<br \/> t\u00e4rkkelyksist\u00e4 Povidonista<br \/> polyeteenitereftalaattioksidista<br \/> sis\u00e4lt\u00e4\u00e4 V\u00c4RIjauhetta nro 10 D&amp;C Keltainen<\/p>\n<p>&nbsp;<\/p>\n<p> T\u00e4m\u00e4n l\u00e4\u00e4kkeen annostus voi vaihdella potilaan yleisest\u00e4 vasteesta ja terveydentilasta riippuen. \u00c4l\u00e4 koskaan yrit\u00e4 suurentaa l\u00e4\u00e4kkeen annosta ja lopeta sen k\u00e4ytt\u00f6 vain, jos l\u00e4\u00e4k\u00e4risi kehottaa sinua tekem\u00e4\u00e4n niin.<\/p>\n<p>L\u00e4\u00e4kityksen \u00e4killinen lopettaminen voi johtaa vieroitusoireisiin. V\u00e4lt\u00e4 vieroitusoireita noudattamalla l\u00e4\u00e4k\u00e4risi ohjeita l\u00e4\u00e4keannoksen asteittaisesta pienent\u00e4misest\u00e4.<\/p>\n<p>Hydrokodonin verkko-ostot voivat toisinaan johtaa riippuvuuteen. On suositeltavaa, ett\u00e4 l\u00e4\u00e4kkeen ilmoitettua annosta ei ylitet\u00e4 l\u00e4\u00e4keriippuvuuden est\u00e4miseksi.<\/p>\n<p>Allergia:<\/p>\n<p>Kysy l\u00e4\u00e4k\u00e4rilt\u00e4si tai terveydenhuollon ammattilaiselta, voitko k\u00e4ytt\u00e4\u00e4 t\u00e4t\u00e4 l\u00e4\u00e4kett\u00e4, koska olet allerginen asetaminofeenille ja hydrokodonille. Aktiiviset aineet voivat vaikuttaa haitallisesti yksil\u00f6n reaktioon t\u00e4t\u00e4 tuotetta kohtaan.<\/p>\n<p>Uneliaisuus:<\/p>\n<p>T\u00e4m\u00e4n l\u00e4\u00e4kkeen sivuvaikutuksena voi esiinty\u00e4 uneliaisuutta tai huimausta. Ajamista, koneiden k\u00e4ytt\u00f6\u00e4 tai muuta toimintaa, joka vaatii t\u00e4ytt\u00e4 tarkkaavaisuutta tai valppautta, tulee v\u00e4ltt\u00e4\u00e4. V\u00e4lt\u00e4 osallistumasta mihink\u00e4\u00e4n n\u00e4ist\u00e4 toiminnoista, kunnes olet varma, ett\u00e4 voit tehd\u00e4 sen ilman vaikeuksia.<\/p>\n<p>Raskaus:<\/p>\n<p>Raskaana olevia naisia \u200b\u200bkehotetaan olemaan ottamatta t\u00e4t\u00e4 l\u00e4\u00e4kett\u00e4. K\u00e4yt\u00e4 t\u00e4t\u00e4 l\u00e4\u00e4kett\u00e4 vain, jos se on ehdottoman v\u00e4ltt\u00e4m\u00e4t\u00f6nt\u00e4. Kysy l\u00e4\u00e4k\u00e4rilt\u00e4si tai apteekista lis\u00e4tietoja t\u00e4m\u00e4n l\u00e4\u00e4kkeen k\u00e4yt\u00f6n eduista ja haitoista raskauden aikana.<\/p>\n<p>Imett\u00e4minen<\/p>\n<p>T\u00e4m\u00e4n l\u00e4\u00e4kkeen ottaminen imetyksen aikana voi vaikuttaa haitallisesti vauvan terveyteen. L\u00e4\u00e4k\u00e4rin puoleen tulee hakeutua nopeasti, jos vauvallasi ilmenee outoja oireita, kuten hengitysvaikeuksia tai letargiaa, sek\u00e4 sy\u00f6misongelmia.<\/p>\n<p>Oksentelua, huimausta, uneliaisuutta ja ummetusta voi esiinty\u00e4 hydrokodonin k\u00e4yt\u00f6n seurauksena. Kun l\u00e4\u00e4kityst\u00e4 jatketaan, jotkin n\u00e4ist\u00e4 haittavaikutuksista voivat heikenty\u00e4 ajan my\u00f6t\u00e4. Jos jokin n\u00e4ist\u00e4 oireista pahenee, sinun tulee hakea ensiapua l\u00f6yt\u00e4\u00e4ksesi ratkaisun.<\/p>\n<p>Sinun tulee kuluttaa paljon kuitua ja juoda paljon vett\u00e4 v\u00e4ltt\u00e4\u00e4ksesi ummetusta. Ota laksatiivia lievitt\u00e4\u00e4ksesi ummetuksen oireita, jos tarvitset sit\u00e4. Sinun tulee kysy\u00e4 neuvoa l\u00e4\u00e4k\u00e4rilt\u00e4si ennen laksatiivin ottamista.<\/p>\n<p>Sinun tulee nousta hitaasti makuu- tai istuma-asennosta, jos haluat minimoida huimauksen ja huimauksen oireita.<\/p>\n<\/p><\/div><\/div>\n","protected":false},"excerpt":{"rendered":"<div class=\"woocommerce-product-details__short-description\">\n<p>Osta Hydrocodone 10\/500mg -pillereit\u00e4 myyt\u00e4v\u00e4ksi Yhdistyneess\u00e4 kuningaskunnassa, EU:ssa ja Euroopassa, voit ostaa verkosta verkkosivustoltamme. Dihydrokodeinoni (hydrokodoni) on puolivalmisteinen opioidi, joka on johdettu kodeiinista ja tebaiinista, kahdesta yleisesti esiintyv\u00e4st\u00e4 rauhoittavasta l\u00e4\u00e4kkeest\u00e4.<\/p>\n<p>Keskivaikean tai vaikean kivun hoitoon Watson 540:n (Hydrokodoni) vaikuttava aine on 500 mg hydrokodonia. Asetaminofeenia ja hydrokodonia k\u00e4ytet\u00e4\u00e4n myyt\u00e4v\u00e4n hydrokodonin valmistuksessa. Hydroksikodoni on opioidikipul\u00e4\u00e4ke, kun taas asetaminofeeni ei ole opioidi.<\/p>\n<\/p><\/div>\n","protected":false},"featured_media":5201,"comment_status":"open","ping_status":"closed","template":"","meta":[],"product_brand":[],"product_cat":[1117],"product_tag":[1298,1300,1301,1302,1297,1303,1304,1305,1306,1307,1310,1311,1309,1313,1314,1308,1312,1299],"class_list":{"0":"post-5183","1":"product","2":"type-product","3":"status-publish","4":"has-post-thumbnail","6":"product_cat-osta-kipu-uni-ja-seksipillereita","7":"product_tag-geneeriset-pillerit-myynniss-usa","8":"product_tag-generic-watson-pills-for-sale-in-usa","9":"product_tag-hydrokodoni-myytvn","10":"product_tag-lkkeet-ilman-resepti","11":"product_tag-osta-watson-verkosta","12":"product_tag-watson-500-mg","13":"product_tag-watson-500mg","14":"product_tag-watson-540-hydrokodoni-500-mg","15":"product_tag-watson-540-hydrokodoni-online","16":"product_tag-watson-540-lke","17":"product_tag-watson-for-sale-in-usa","18":"product_tag-watson-hydrocodone-pain-loss-pills","19":"product_tag-watson-myynniss-in-uk","20":"product_tag-watson-pain-relief-tablet","21":"product_tag-watson-pills-without-prescription","22":"product_tag-watson-annos","23":"product_tag-watson-lkitys","24":"product_tag-yleinen-watson","26":"first","27":"instock","28":"shipping-taxable","29":"purchasable","30":"product-type-variable","31":"has-default-attributes"},"yoast_head":"<!-- This site is optimized with the Yoast SEO plugin v27.3 - https:\/\/yoast.com\/product\/yoast-seo-wordpress\/ -->\n<title>Osta Hydrocodone 10\/500mg - parhaat maailmanlaajuiset l\u00e4\u00e4kkeet<\/title>\n<meta name=\"description\" content=\"Osta Hydrocodone 10\/500mg -pillereit\u00e4 myyt\u00e4v\u00e4ksi Isossa-Britanniassa, EU:ssa, Euroopassa verkossa. Hydrokodoni tai dihydrokodeinoni on puolivalmisteinen opioidi, joka johdetaan kahdesta yleisesti esiintyv\u00e4st\u00e4 rauhoittavasta l\u00e4\u00e4kkeest\u00e4, kodeiinista ja tebaiinista.\" \/>\n<meta name=\"robots\" content=\"index, follow, max-snippet:-1, max-image-preview:large, max-video-preview:-1\" \/>\n<link rel=\"canonical\" href=\"https:\/\/medicinasinc.com\/fi\/product\/hydrokodoni-10-500-mg\/\" \/>\n<meta property=\"og:locale\" content=\"en_US\" \/>\n<meta property=\"og:type\" content=\"article\" \/>\n<meta property=\"og:title\" content=\"Osta Hydrocodone 10\/500mg - parhaat maailmanlaajuiset l\u00e4\u00e4kkeet\" \/>\n<meta property=\"og:description\" content=\"Osta Hydrocodone 10\/500mg -pillereit\u00e4 myyt\u00e4v\u00e4ksi Isossa-Britanniassa, EU:ssa, Euroopassa verkossa. Hydrokodoni tai dihydrokodeinoni on puolivalmisteinen opioidi, joka johdetaan kahdesta yleisesti esiintyv\u00e4st\u00e4 rauhoittavasta l\u00e4\u00e4kkeest\u00e4, kodeiinista ja tebaiinista.\" \/>\n<meta property=\"og:url\" content=\"https:\/\/medicinasinc.com\/fi\/product\/hydrokodoni-10-500-mg\/\" \/>\n<meta property=\"og:site_name\" content=\"Medicinas Inc\" \/>\n<meta property=\"article:modified_time\" content=\"2022-03-22T01:05:17+00:00\" \/>\n<meta property=\"og:image\" content=\"https:\/\/medicinasinc.com\/fi\/wp-content\/uploads\/sites\/12\/2022\/02\/buy-hydrocodone-10-500mg-pills-online.jpg\" \/>\n\t<meta property=\"og:image:width\" content=\"600\" \/>\n\t<meta property=\"og:image:height\" content=\"600\" \/>\n\t<meta property=\"og:image:type\" content=\"image\/jpeg\" \/>\n<meta name=\"twitter:card\" content=\"summary_large_image\" \/>\n<meta name=\"twitter:label1\" content=\"Est. reading time\" \/>\n\t<meta name=\"twitter:data1\" content=\"3 minutes\" \/>\n<script type=\"application\/ld+json\" class=\"yoast-schema-graph\">{\"@context\":\"https:\\\/\\\/schema.org\",\"@graph\":[{\"@type\":\"WebPage\",\"@id\":\"https:\\\/\\\/medicinasinc.com\\\/fi\\\/product\\\/hydrokodoni-10-500-mg\\\/\",\"url\":\"https:\\\/\\\/medicinasinc.com\\\/fi\\\/product\\\/hydrokodoni-10-500-mg\\\/\",\"name\":\"Osta Hydrocodone 10\\\/500mg - parhaat maailmanlaajuiset l\u00e4\u00e4kkeet\",\"isPartOf\":{\"@id\":\"https:\\\/\\\/medicinasinc.com\\\/fi\\\/#website\"},\"primaryImageOfPage\":{\"@id\":\"https:\\\/\\\/medicinasinc.com\\\/fi\\\/product\\\/hydrokodoni-10-500-mg\\\/#primaryimage\"},\"image\":{\"@id\":\"https:\\\/\\\/medicinasinc.com\\\/fi\\\/product\\\/hydrokodoni-10-500-mg\\\/#primaryimage\"},\"thumbnailUrl\":\"https:\\\/\\\/medicinasinc.com\\\/fi\\\/wp-content\\\/uploads\\\/sites\\\/12\\\/2022\\\/02\\\/buy-hydrocodone-10-500mg-pills-online.jpg\",\"datePublished\":\"2022-02-20T21:35:10+00:00\",\"dateModified\":\"2022-03-22T01:05:17+00:00\",\"description\":\"Osta Hydrocodone 10\\\/500mg -pillereit\u00e4 myyt\u00e4v\u00e4ksi Isossa-Britanniassa, EU:ssa, Euroopassa verkossa. Hydrokodoni tai dihydrokodeinoni on puolivalmisteinen opioidi, joka johdetaan kahdesta yleisesti esiintyv\u00e4st\u00e4 rauhoittavasta l\u00e4\u00e4kkeest\u00e4, kodeiinista ja tebaiinista.\",\"breadcrumb\":{\"@id\":\"https:\\\/\\\/medicinasinc.com\\\/fi\\\/product\\\/hydrokodoni-10-500-mg\\\/#breadcrumb\"},\"inLanguage\":\"en-US\",\"potentialAction\":[{\"@type\":\"ReadAction\",\"target\":[\"https:\\\/\\\/medicinasinc.com\\\/fi\\\/product\\\/hydrokodoni-10-500-mg\\\/\"]}]},{\"@type\":\"ImageObject\",\"inLanguage\":\"en-US\",\"@id\":\"https:\\\/\\\/medicinasinc.com\\\/fi\\\/product\\\/hydrokodoni-10-500-mg\\\/#primaryimage\",\"url\":\"https:\\\/\\\/medicinasinc.com\\\/fi\\\/wp-content\\\/uploads\\\/sites\\\/12\\\/2022\\\/02\\\/buy-hydrocodone-10-500mg-pills-online.jpg\",\"contentUrl\":\"https:\\\/\\\/medicinasinc.com\\\/fi\\\/wp-content\\\/uploads\\\/sites\\\/12\\\/2022\\\/02\\\/buy-hydrocodone-10-500mg-pills-online.jpg\",\"width\":600,\"height\":600},{\"@type\":\"BreadcrumbList\",\"@id\":\"https:\\\/\\\/medicinasinc.com\\\/fi\\\/product\\\/hydrokodoni-10-500-mg\\\/#breadcrumb\",\"itemListElement\":[{\"@type\":\"ListItem\",\"position\":1,\"name\":\"Myym\u00e4l\u00e4\",\"item\":\"https:\\\/\\\/medicinasinc.com\\\/fi\\\/myymala\\\/\"},{\"@type\":\"ListItem\",\"position\":2,\"name\":\"Hydrokodoni 10\\\/500 mg\"}]},{\"@type\":\"WebSite\",\"@id\":\"https:\\\/\\\/medicinasinc.com\\\/fi\\\/#website\",\"url\":\"https:\\\/\\\/medicinasinc.com\\\/fi\\\/\",\"name\":\"Medicinas Inc\",\"description\":\"Health Medical Clinic\",\"potentialAction\":[{\"@type\":\"SearchAction\",\"target\":{\"@type\":\"EntryPoint\",\"urlTemplate\":\"https:\\\/\\\/medicinasinc.com\\\/fi\\\/?s={search_term_string}\"},\"query-input\":{\"@type\":\"PropertyValueSpecification\",\"valueRequired\":true,\"valueName\":\"search_term_string\"}}],\"inLanguage\":\"en-US\"}]}<\/script>\n<!-- \/ Yoast SEO plugin. -->","yoast_head_json":{"title":"Osta Hydrocodone 10\/500mg - parhaat maailmanlaajuiset l\u00e4\u00e4kkeet","description":"Osta Hydrocodone 10\/500mg -pillereit\u00e4 myyt\u00e4v\u00e4ksi Isossa-Britanniassa, EU:ssa, Euroopassa verkossa. Hydrokodoni tai dihydrokodeinoni on puolivalmisteinen opioidi, joka johdetaan kahdesta yleisesti esiintyv\u00e4st\u00e4 rauhoittavasta l\u00e4\u00e4kkeest\u00e4, kodeiinista ja tebaiinista.","robots":{"index":"index","follow":"follow","max-snippet":"max-snippet:-1","max-image-preview":"max-image-preview:large","max-video-preview":"max-video-preview:-1"},"canonical":"https:\/\/medicinasinc.com\/fi\/product\/hydrokodoni-10-500-mg\/","og_locale":"en_US","og_type":"article","og_title":"Osta Hydrocodone 10\/500mg - parhaat maailmanlaajuiset l\u00e4\u00e4kkeet","og_description":"Osta Hydrocodone 10\/500mg -pillereit\u00e4 myyt\u00e4v\u00e4ksi Isossa-Britanniassa, EU:ssa, Euroopassa verkossa. Hydrokodoni tai dihydrokodeinoni on puolivalmisteinen opioidi, joka johdetaan kahdesta yleisesti esiintyv\u00e4st\u00e4 rauhoittavasta l\u00e4\u00e4kkeest\u00e4, kodeiinista ja tebaiinista.","og_url":"https:\/\/medicinasinc.com\/fi\/product\/hydrokodoni-10-500-mg\/","og_site_name":"Medicinas Inc","article_modified_time":"2022-03-22T01:05:17+00:00","og_image":[{"width":600,"height":600,"url":"https:\/\/medicinasinc.com\/fi\/wp-content\/uploads\/sites\/12\/2022\/02\/buy-hydrocodone-10-500mg-pills-online.jpg","type":"image\/jpeg"}],"twitter_card":"summary_large_image","twitter_misc":{"Est. reading time":"3 minutes"},"schema":{"@context":"https:\/\/schema.org","@graph":[{"@type":"WebPage","@id":"https:\/\/medicinasinc.com\/fi\/product\/hydrokodoni-10-500-mg\/","url":"https:\/\/medicinasinc.com\/fi\/product\/hydrokodoni-10-500-mg\/","name":"Osta Hydrocodone 10\/500mg - parhaat maailmanlaajuiset l\u00e4\u00e4kkeet","isPartOf":{"@id":"https:\/\/medicinasinc.com\/fi\/#website"},"primaryImageOfPage":{"@id":"https:\/\/medicinasinc.com\/fi\/product\/hydrokodoni-10-500-mg\/#primaryimage"},"image":{"@id":"https:\/\/medicinasinc.com\/fi\/product\/hydrokodoni-10-500-mg\/#primaryimage"},"thumbnailUrl":"https:\/\/medicinasinc.com\/fi\/wp-content\/uploads\/sites\/12\/2022\/02\/buy-hydrocodone-10-500mg-pills-online.jpg","datePublished":"2022-02-20T21:35:10+00:00","dateModified":"2022-03-22T01:05:17+00:00","description":"Osta Hydrocodone 10\/500mg -pillereit\u00e4 myyt\u00e4v\u00e4ksi Isossa-Britanniassa, EU:ssa, Euroopassa verkossa. Hydrokodoni tai dihydrokodeinoni on puolivalmisteinen opioidi, joka johdetaan kahdesta yleisesti esiintyv\u00e4st\u00e4 rauhoittavasta l\u00e4\u00e4kkeest\u00e4, kodeiinista ja tebaiinista.","breadcrumb":{"@id":"https:\/\/medicinasinc.com\/fi\/product\/hydrokodoni-10-500-mg\/#breadcrumb"},"inLanguage":"en-US","potentialAction":[{"@type":"ReadAction","target":["https:\/\/medicinasinc.com\/fi\/product\/hydrokodoni-10-500-mg\/"]}]},{"@type":"ImageObject","inLanguage":"en-US","@id":"https:\/\/medicinasinc.com\/fi\/product\/hydrokodoni-10-500-mg\/#primaryimage","url":"https:\/\/medicinasinc.com\/fi\/wp-content\/uploads\/sites\/12\/2022\/02\/buy-hydrocodone-10-500mg-pills-online.jpg","contentUrl":"https:\/\/medicinasinc.com\/fi\/wp-content\/uploads\/sites\/12\/2022\/02\/buy-hydrocodone-10-500mg-pills-online.jpg","width":600,"height":600},{"@type":"BreadcrumbList","@id":"https:\/\/medicinasinc.com\/fi\/product\/hydrokodoni-10-500-mg\/#breadcrumb","itemListElement":[{"@type":"ListItem","position":1,"name":"Myym\u00e4l\u00e4","item":"https:\/\/medicinasinc.com\/fi\/myymala\/"},{"@type":"ListItem","position":2,"name":"Hydrokodoni 10\/500 mg"}]},{"@type":"WebSite","@id":"https:\/\/medicinasinc.com\/fi\/#website","url":"https:\/\/medicinasinc.com\/fi\/","name":"Medicinas Inc","description":"Health Medical Clinic","potentialAction":[{"@type":"SearchAction","target":{"@type":"EntryPoint","urlTemplate":"https:\/\/medicinasinc.com\/fi\/?s={search_term_string}"},"query-input":{"@type":"PropertyValueSpecification","valueRequired":true,"valueName":"search_term_string"}}],"inLanguage":"en-US"}]}},"_links":{"self":[{"href":"https:\/\/medicinasinc.com\/fi\/wp-json\/wp\/v2\/product\/5183","targetHints":{"allow":["GET"]}}],"collection":[{"href":"https:\/\/medicinasinc.com\/fi\/wp-json\/wp\/v2\/product"}],"about":[{"href":"https:\/\/medicinasinc.com\/fi\/wp-json\/wp\/v2\/types\/product"}],"replies":[{"embeddable":true,"href":"https:\/\/medicinasinc.com\/fi\/wp-json\/wp\/v2\/comments?post=5183"}],"wp:featuredmedia":[{"embeddable":true,"href":"https:\/\/medicinasinc.com\/fi\/wp-json\/wp\/v2\/media\/5201"}],"wp:attachment":[{"href":"https:\/\/medicinasinc.com\/fi\/wp-json\/wp\/v2\/media?parent=5183"}],"wp:term":[{"taxonomy":"product_brand","embeddable":true,"href":"https:\/\/medicinasinc.com\/fi\/wp-json\/wp\/v2\/product_brand?post=5183"},{"taxonomy":"product_cat","embeddable":true,"href":"https:\/\/medicinasinc.com\/fi\/wp-json\/wp\/v2\/product_cat?post=5183"},{"taxonomy":"product_tag","embeddable":true,"href":"https:\/\/medicinasinc.com\/fi\/wp-json\/wp\/v2\/product_tag?post=5183"}],"curies":[{"name":"wp","href":"https:\/\/api.w.org\/{rel}","templated":true}]}}