{"id":5182,"date":"2022-02-20T21:32:53","date_gmt":"2022-02-20T21:32:53","guid":{"rendered":"https:\/\/medicinasinc.com\/fi\/?post_type=product&#038;p=5182"},"modified":"2022-03-22T01:05:27","modified_gmt":"2022-03-22T01:05:27","slug":"osta-fentanyyli-transdermaalinen-systeemi-laastari","status":"publish","type":"product","link":"https:\/\/medicinasinc.com\/fi\/product\/osta-fentanyyli-transdermaalinen-systeemi-laastari\/","title":{"rendered":"Osta fentanyyli transdermaalinen j\u00e4rjestelm\u00e4laastari"},"content":{"rendered":"<div class=\"product-next-previous\">\n<div class=\"product-prev\">\n<p>Fentanyylin transdermaaliset laastarit ovat ostettavissa<br \/> Mit\u00e4k\u00f6 Fentanyyli on?<\/p>\n<p>Opioidit ovat l\u00e4\u00e4keluokka, joka sis\u00e4lt\u00e4\u00e4 fentanyyli\u00e4. Jos k\u00e4rsit kroonisesta (pitk\u00e4aikaisesta) voimakkaasta kivusta ja k\u00e4yt\u00e4t jo opioidil\u00e4\u00e4kett\u00e4 (huumausaine), saatat hy\u00f6ty\u00e4 fentanyylin k\u00e4yt\u00f6st\u00e4.<\/p>\n<p>Mik\u00e4 on Co Fentanylin hinta?<\/p>\n<p>PocketPills tarjoaa Co fentanyyli\u00e4 ilmaiseksi. Jos vakuutuksesi kattaa Co Fentanyl -tuotteen kustannukset, saatat saada sen alennettuun hintaan. Annostelu- ja toimituskulut tulee ottaa huomioon Co Fentanyl -ostoksesi lopullisessa hinnassa.<\/p>\n<p>Kuinka paljon Co Fentanyl -tuotteen jakelumaksu on?<\/p>\n<p>Co Fentanyl -tuotteen tilaaminen meilt\u00e4 sis\u00e4lt\u00e4\u00e4 jakelumaksun vain 0 dollaria. Jos etsit edullisinta Co Fentanyl -hintaa Kanadassa, Pocketpills on t\u00e4\u00e4ll\u00e4 auttamassa.<br \/> Muista hy\u00f6dynt\u00e4\u00e4 ilmainen toimitustarjouksemme Kanadaan.<\/p>\n<p>L\u00e4\u00e4kkeen nimi: Co-Fentanyl <\/p>\n<p>Myrkyllisyydet<\/p>\n<p>Useat l\u00e4\u00e4kkeet voivat aiheuttaa ei-toivottuja seurauksia.<\/p>\n<p>Kun l\u00e4\u00e4kett\u00e4 k\u00e4ytet\u00e4\u00e4n m\u00e4\u00e4r\u00e4ysten mukaisesti, voi esiinty\u00e4 sivuvaikutuksia, joita ei odoteta . Sivuvaikutukset voivat olla lievi\u00e4 tai vakavia, samoin kuin pitk\u00e4aikaisia \u200b\u200btai lyhytaikaisia.<\/p>\n<p>Kaikki Co Fentanyl -valmistetta k\u00e4ytt\u00e4v\u00e4t eiv\u00e4t koe seuraavia sivuvaikutuksia (Fentanyl-transdermaalinen).<\/p>\n<p>Keskustele l\u00e4\u00e4k\u00e4risi kanssa, jos olet huolissasi Co-fentanyylin (Fentanyl-transdermaalinen) sivuvaikutuksista.<\/p>\n<p>Ainakin 1 %:lla Co-fentanyylin k\u00e4ytt\u00e4jist\u00e4 on ollut seuraavia haittavaikutuksia (Fentanyyli-transdermaalinen) . On mahdollista, ett\u00e4 jotkut n\u00e4ist\u00e4 haittavaikutuksista h\u00e4vi\u00e4v\u00e4t itsest\u00e4\u00e4n ajan my\u00f6t\u00e4.<\/p>\n<p>Jos huomaat jonkin n\u00e4ist\u00e4 haittavaikutuksista ja ne ovat h\u00e4iritsevi\u00e4 tai vakavia, ota yhteytt\u00e4 l\u00e4\u00e4k\u00e4riisi. Jos sinulla on ongelmia sivuvaikutusten kanssa, pyyd\u00e4 apua apteekista.<\/p>\n<p>Sekava<br \/> Ummetus<br \/> ummetus keskittymisvaikeudet uneliaisuus ja huimaus illalla<br \/> Ahdistusta, punastumista , ja p\u00e4\u00e4ns\u00e4rky ovat kaikki suun kuivumisen oireita.<br \/> muistin puute<br \/> ep\u00e4mukava tunne tai kutina k\u00e4ytt\u00f6paikassa<\/p>\n<p>Usein kysyttyj\u00e4 kysymyksi\u00e4 Co Fentanylist\u00e4<br \/> Co. Fentanyl Online, sinun on tiedett\u00e4v\u00e4, miten.<\/p>\n<p>Jos sinulla on voimassa oleva resepti l\u00e4\u00e4k\u00e4rilt\u00e4si, voit ostaa Co Fentanyl -verkosta PocketPillsist\u00e4. Voit aloittaa lataamalla reseptisi, ostamalla t\u00e4ytt\u00f6pakkauksen tai keskustelemalla jonkun kanadalaisen l\u00e4\u00e4k\u00e4rimme kanssa saadaksesi online-reseptin siirt\u00e4m\u00e4ll\u00e4 olemassa olevat reseptit apteekkiimme. Fentanyylin resepti: minne voin l\u00e4hte\u00e4?<\/p>\n<p>Voit puhua kanadalaisen l\u00e4\u00e4k\u00e4rin kanssa Internetiss\u00e4 osoitteessa pocketpills.com. L\u00e4\u00e4k\u00e4rimme voivat m\u00e4\u00e4r\u00e4t\u00e4 sinulle l\u00e4\u00e4kkeit\u00e4 koskevia reseptej\u00e4 vastaanottosi aikana Internetin kautta. Voit saada reseptisi toimitettua kotiisi ilman lis\u00e4kustannuksia huomaamattomasti ja alkuper\u00e4isess\u00e4 pakkauksessaan sen vastaanottamisen j\u00e4lkeen.<\/p>\n<p>Kuinka pian voin odottaa pakettiani?<\/p>\n<p>Kyll\u00e4! Joissain paikoissa voimme tarjota saman p\u00e4iv\u00e4n toimituksen. Seuraavan p\u00e4iv\u00e4n toimituksen lis\u00e4ksi toimitamme my\u00f6s y\u00f6n yli.<br \/> Kuinka paljon Co Fentanyl -toimitus maksaa Kanadaan?<br \/> Co Fentanylin toimituskulut sinulle Kanadassa ovat t\u00e4ysin ilmaisia. Pocketpillsin tarjoamat alennettujen annostelumaksujen ja ilmaisen toimituksen ansiosta kanadalaiset saavat tarvitsemansa l\u00e4\u00e4kkeet helpommin.<br \/> Co-Fentanyl -tuotteen toimitus kotiini?<br \/> Jos tilasit meilt\u00e4 Kanadasta reseptil\u00e4\u00e4kkeit\u00e4 voimassa olevalla reseptill\u00e4, voimme l\u00e4hett\u00e4\u00e4 Co Fentanyl kotiovellesi. Ota meihin yhteytt\u00e4, jos olet ep\u00e4varma toimitammeko alueellesi.<br \/> Mist\u00e4 saan ilmaista Co-fentanyyli\u00e4 Kanadassa?<br \/> Jos sinulla on Co-fentanyylin kattava sairausvakuutus, voit hankkia sen ilmaiseksi Kanadassa. Ota yhteytt\u00e4 palveluntarjoajaasi tai meihin, jotta voit selvitt\u00e4\u00e4, oletko oikeutettu ilmaiseen Co-fentanyyliin.<br \/> Mist\u00e4 l\u00f6yd\u00e4n l\u00e4\u00e4k\u00e4rin Co-fentanyylin saamiseksi?<br \/> Kyll\u00e4. Jos haluat selvitt\u00e4\u00e4, oletko oikeutettu saamaan Co Fentanyl -reseptin, voit varata online-konsultoinnin kanadalaisen l\u00e4\u00e4k\u00e4rin kanssa Best Global Medsin kautta.<br \/> Voinko saada ilman resepti\u00e4. ostaa Co Fentanyl?<br \/> Jotta voit ostaa Co Fentanyl -tuotteen meilt\u00e4, \u200b\u200bsinulla on oltava voimassa oleva resepti. Jos tarvitset reseptin, ota meihin yhteytt\u00e4. Voit ottaa yhteytt\u00e4 l\u00e4\u00e4k\u00e4riimme silloin, kun se sinulle sopii.<\/p>\n<p>&nbsp;<\/p>\n<p>T\u00e4t\u00e4 l\u00e4\u00e4kett\u00e4 k\u00e4ytet\u00e4\u00e4n kroonisen kivun (kuten sy\u00f6v\u00e4n aiheuttaman) hoitoon. Opioidikipul\u00e4\u00e4kkeet (huumausaineet), joihin fentanyyli kuuluu, ovat yleinen kipul\u00e4\u00e4ketyyppi. Se muuttaa tapaa, jolla kehosi havaitsee kivun ja reagoi siihen vaikuttamalla aivoihin.<\/p>\n<p>Fentanyylin laastarimuotoa ei tule k\u00e4ytt\u00e4\u00e4 liev\u00e4n tai lyhytaikaisen kivun hoitoon. &#8220;as&#8221; ei ole sopiva termi t\u00e4lle l\u00e4\u00e4kkeelle.<\/p>\n<\/p><\/div><\/div>\n","protected":false},"excerpt":{"rendered":"<p>Iso-Britanniassa on mahdollista ostaa fentanyylilaastareita verkosta, samoin kuin fentanyyli\u00e4 yleens\u00e4, sek\u00e4 siell\u00e4 myyt\u00e4vi\u00e4 fentanyylilaastareita.<\/p>\n<p>Fentanyylilaastareita k\u00e4ytet\u00e4\u00e4n kroonisen kivun hoitoon&amp;#8230 ;. Kun ker\u00e4\u00e4t reseptej\u00e4 tai hankit lis\u00e4l\u00e4\u00e4kkeit\u00e4, mainitse k\u00e4ytt\u00e4m\u00e4si laastari apteekkihenkil\u00f6kunnalle.<\/p>\n","protected":false},"featured_media":5199,"comment_status":"open","ping_status":"closed","template":"","meta":[],"product_brand":[],"product_cat":[1117],"product_tag":[1247,1248,1249,1250,1251,1252,1291,1254,1255,1256,1257,1262,1263,1264,1265,1270,1271,1272,1273,1277,1278,1279,1280,1258,1259,1260,1261,1274,1268,1269,1267,1293,1276,1266,1282,1283,1284,1286,1287,1281,1285,1289,1295,1296,1294,1275,1253,1288,1290,1292],"class_list":{"0":"post-5182","1":"product","2":"type-product","3":"status-publish","4":"has-post-thumbnail","6":"product_cat-osta-kipu-uni-ja-seksipillereita","7":"product_tag-100-mg-fentanyylilaastari","8":"product_tag-100-mg-fentanyyli-laastarin-katuhinta","9":"product_tag-12-mikrogramman-fentanyylilaastari","10":"product_tag-25-mcg-fentanyyli-laastarin-ekvivalentti","11":"product_tag-50-mg-fentanyylilaastari","12":"product_tag-75-mg-fentanyylilaastari","13":"product_tag-ampua-fentanyyli-laastari","14":"product_tag-best-way-to-get-high-on-fentanyl-patch","15":"product_tag-eating-fentanyl-patch","16":"product_tag-fentanyl-gel-patch","17":"product_tag-fentanyl-pain-patch","18":"product_tag-fentanyl-patch-50-mcg","19":"product_tag-fentanyl-patch-75-mcg","20":"product_tag-fentanyl-patch-application","21":"product_tag-fentanyl-patch-brands","22":"product_tag-fentanyl-patch-dosage-chart","23":"product_tag-fentanyl-patch-dosages","24":"product_tag-fentanyl-patch-doses","25":"product_tag-fentanyl-patch-doses-12-mcg","26":"product_tag-fentanyl-patch-side-effects","27":"product_tag-fentanyl-patch-uses","28":"product_tag-fentanyl-patch-withdrawals","29":"product_tag-fentanyyli-depotlaastari","30":"product_tag-fentanyyli-laastari","31":"product_tag-fentanyylilaastari-100-mikrogrammaa","32":"product_tag-fentanyylilaastari-100mcg","33":"product_tag-fentanyyli-laastari-25-mcg-katuarvo","34":"product_tag-fentanyylilaastarin-annostelu","35":"product_tag-fentanyyli-laastarin-annostus","36":"product_tag-fentanyyli-laastari-annos-12-mcg","37":"product_tag-fentanyylilaastarin-hvittminen","38":"product_tag-katuarvo-fentanyyli-laastarin","39":"product_tag-fentanyyli-laastari-pakkaus-insert","40":"product_tag-fentanyyli-laastarin-pureskelu","41":"product_tag-how-long-does-it-take-for-a-fentanyl-patch-to-kick-in","42":"product_tag-how-to-apply-fentanyl-patch","43":"product_tag-how-to-break-down-fentanyl-patch","44":"product_tag-how-to-taper-off-fentanyl-patch-without-withdrawal","45":"product_tag-how-to-use-fentanyl-patch","46":"product_tag-kuinka-kauan-fentanyyli-laastari-pysyy-jrjestelmsssi","47":"product_tag-kuinka-tupakoi-a-fentanyyli-laastari","48":"product_tag-mallinckrodt-fentanyyli-laastarin-uutto","49":"product_tag-minne-sijoitetaan-fentanyyli-laastari","50":"product_tag-minne-laittaa-fentanyyli-laastari","51":"product_tag-mit-ovat-fentanyyli-laastari","52":"product_tag-fentanyylilaastari-myynniss","53":"product_tag-paras-paikka-laittaa-fentanyylilaastari","54":"product_tag-ruisku-fentanyyli-laastari","55":"product_tag-sandoz-fentanyyli-laastari","56":"product_tag-tupakointi-fentanyyli-laastari","58":"first","59":"instock","60":"shipping-taxable","61":"purchasable","62":"product-type-variable","63":"has-default-attributes"},"yoast_head":"<!-- This site is optimized with the Yoast SEO plugin v27.3 - https:\/\/yoast.com\/product\/yoast-seo-wordpress\/ -->\n<title>Osta fentanyyli transdermaalinen j\u00e4rjestelm\u00e4laastari - parhaat maailmanlaajuiset l\u00e4\u00e4kkeet<\/title>\n<meta name=\"description\" content=\"Osta fentanyylilaastarit verkosta Iso-Britannia, fentanyylilaastarit verkosta Iso-Britannia\" \/>\n<meta name=\"robots\" content=\"index, follow, max-snippet:-1, max-image-preview:large, max-video-preview:-1\" \/>\n<link rel=\"canonical\" href=\"https:\/\/medicinasinc.com\/fi\/product\/osta-fentanyyli-transdermaalinen-systeemi-laastari\/\" \/>\n<meta property=\"og:locale\" content=\"en_US\" \/>\n<meta property=\"og:type\" content=\"article\" \/>\n<meta property=\"og:title\" content=\"Osta fentanyyli transdermaalinen j\u00e4rjestelm\u00e4laastari - parhaat maailmanlaajuiset l\u00e4\u00e4kkeet\" \/>\n<meta property=\"og:description\" content=\"Osta fentanyylilaastarit verkosta Iso-Britannia, fentanyylilaastarit verkosta Iso-Britannia\" \/>\n<meta property=\"og:url\" content=\"https:\/\/medicinasinc.com\/fi\/product\/osta-fentanyyli-transdermaalinen-systeemi-laastari\/\" \/>\n<meta property=\"og:site_name\" content=\"Medicinas Inc\" \/>\n<meta property=\"article:modified_time\" content=\"2022-03-22T01:05:27+00:00\" \/>\n<meta property=\"og:image\" content=\"https:\/\/medicinasinc.com\/fi\/wp-content\/uploads\/sites\/12\/2022\/02\/buy-fentanyl-transdermal-system-patch.jpg\" \/>\n\t<meta property=\"og:image:width\" content=\"600\" \/>\n\t<meta property=\"og:image:height\" content=\"600\" \/>\n\t<meta property=\"og:image:type\" content=\"image\/jpeg\" \/>\n<meta name=\"twitter:card\" content=\"summary_large_image\" \/>\n<meta name=\"twitter:label1\" content=\"Est. reading time\" \/>\n\t<meta name=\"twitter:data1\" content=\"4 minutes\" \/>\n<script type=\"application\/ld+json\" class=\"yoast-schema-graph\">{\"@context\":\"https:\\\/\\\/schema.org\",\"@graph\":[{\"@type\":\"WebPage\",\"@id\":\"https:\\\/\\\/medicinasinc.com\\\/fi\\\/product\\\/osta-fentanyyli-transdermaalinen-systeemi-laastari\\\/\",\"url\":\"https:\\\/\\\/medicinasinc.com\\\/fi\\\/product\\\/osta-fentanyyli-transdermaalinen-systeemi-laastari\\\/\",\"name\":\"Osta fentanyyli transdermaalinen j\u00e4rjestelm\u00e4laastari - parhaat maailmanlaajuiset l\u00e4\u00e4kkeet\",\"isPartOf\":{\"@id\":\"https:\\\/\\\/medicinasinc.com\\\/fi\\\/#website\"},\"primaryImageOfPage\":{\"@id\":\"https:\\\/\\\/medicinasinc.com\\\/fi\\\/product\\\/osta-fentanyyli-transdermaalinen-systeemi-laastari\\\/#primaryimage\"},\"image\":{\"@id\":\"https:\\\/\\\/medicinasinc.com\\\/fi\\\/product\\\/osta-fentanyyli-transdermaalinen-systeemi-laastari\\\/#primaryimage\"},\"thumbnailUrl\":\"https:\\\/\\\/medicinasinc.com\\\/fi\\\/wp-content\\\/uploads\\\/sites\\\/12\\\/2022\\\/02\\\/buy-fentanyl-transdermal-system-patch.jpg\",\"datePublished\":\"2022-02-20T21:32:53+00:00\",\"dateModified\":\"2022-03-22T01:05:27+00:00\",\"description\":\"Osta fentanyylilaastarit verkosta Iso-Britannia, fentanyylilaastarit verkosta Iso-Britannia\",\"breadcrumb\":{\"@id\":\"https:\\\/\\\/medicinasinc.com\\\/fi\\\/product\\\/osta-fentanyyli-transdermaalinen-systeemi-laastari\\\/#breadcrumb\"},\"inLanguage\":\"en-US\",\"potentialAction\":[{\"@type\":\"ReadAction\",\"target\":[\"https:\\\/\\\/medicinasinc.com\\\/fi\\\/product\\\/osta-fentanyyli-transdermaalinen-systeemi-laastari\\\/\"]}]},{\"@type\":\"ImageObject\",\"inLanguage\":\"en-US\",\"@id\":\"https:\\\/\\\/medicinasinc.com\\\/fi\\\/product\\\/osta-fentanyyli-transdermaalinen-systeemi-laastari\\\/#primaryimage\",\"url\":\"https:\\\/\\\/medicinasinc.com\\\/fi\\\/wp-content\\\/uploads\\\/sites\\\/12\\\/2022\\\/02\\\/buy-fentanyl-transdermal-system-patch.jpg\",\"contentUrl\":\"https:\\\/\\\/medicinasinc.com\\\/fi\\\/wp-content\\\/uploads\\\/sites\\\/12\\\/2022\\\/02\\\/buy-fentanyl-transdermal-system-patch.jpg\",\"width\":600,\"height\":600},{\"@type\":\"BreadcrumbList\",\"@id\":\"https:\\\/\\\/medicinasinc.com\\\/fi\\\/product\\\/osta-fentanyyli-transdermaalinen-systeemi-laastari\\\/#breadcrumb\",\"itemListElement\":[{\"@type\":\"ListItem\",\"position\":1,\"name\":\"Myym\u00e4l\u00e4\",\"item\":\"https:\\\/\\\/medicinasinc.com\\\/fi\\\/myymala\\\/\"},{\"@type\":\"ListItem\",\"position\":2,\"name\":\"Osta fentanyyli transdermaalinen j\u00e4rjestelm\u00e4laastari\"}]},{\"@type\":\"WebSite\",\"@id\":\"https:\\\/\\\/medicinasinc.com\\\/fi\\\/#website\",\"url\":\"https:\\\/\\\/medicinasinc.com\\\/fi\\\/\",\"name\":\"Medicinas Inc\",\"description\":\"Health Medical Clinic\",\"potentialAction\":[{\"@type\":\"SearchAction\",\"target\":{\"@type\":\"EntryPoint\",\"urlTemplate\":\"https:\\\/\\\/medicinasinc.com\\\/fi\\\/?s={search_term_string}\"},\"query-input\":{\"@type\":\"PropertyValueSpecification\",\"valueRequired\":true,\"valueName\":\"search_term_string\"}}],\"inLanguage\":\"en-US\"}]}<\/script>\n<!-- \/ Yoast SEO plugin. -->","yoast_head_json":{"title":"Osta fentanyyli transdermaalinen j\u00e4rjestelm\u00e4laastari - parhaat maailmanlaajuiset l\u00e4\u00e4kkeet","description":"Osta fentanyylilaastarit verkosta Iso-Britannia, fentanyylilaastarit verkosta Iso-Britannia","robots":{"index":"index","follow":"follow","max-snippet":"max-snippet:-1","max-image-preview":"max-image-preview:large","max-video-preview":"max-video-preview:-1"},"canonical":"https:\/\/medicinasinc.com\/fi\/product\/osta-fentanyyli-transdermaalinen-systeemi-laastari\/","og_locale":"en_US","og_type":"article","og_title":"Osta fentanyyli transdermaalinen j\u00e4rjestelm\u00e4laastari - parhaat maailmanlaajuiset l\u00e4\u00e4kkeet","og_description":"Osta fentanyylilaastarit verkosta Iso-Britannia, fentanyylilaastarit verkosta Iso-Britannia","og_url":"https:\/\/medicinasinc.com\/fi\/product\/osta-fentanyyli-transdermaalinen-systeemi-laastari\/","og_site_name":"Medicinas Inc","article_modified_time":"2022-03-22T01:05:27+00:00","og_image":[{"width":600,"height":600,"url":"https:\/\/medicinasinc.com\/fi\/wp-content\/uploads\/sites\/12\/2022\/02\/buy-fentanyl-transdermal-system-patch.jpg","type":"image\/jpeg"}],"twitter_card":"summary_large_image","twitter_misc":{"Est. reading time":"4 minutes"},"schema":{"@context":"https:\/\/schema.org","@graph":[{"@type":"WebPage","@id":"https:\/\/medicinasinc.com\/fi\/product\/osta-fentanyyli-transdermaalinen-systeemi-laastari\/","url":"https:\/\/medicinasinc.com\/fi\/product\/osta-fentanyyli-transdermaalinen-systeemi-laastari\/","name":"Osta fentanyyli transdermaalinen j\u00e4rjestelm\u00e4laastari - parhaat maailmanlaajuiset l\u00e4\u00e4kkeet","isPartOf":{"@id":"https:\/\/medicinasinc.com\/fi\/#website"},"primaryImageOfPage":{"@id":"https:\/\/medicinasinc.com\/fi\/product\/osta-fentanyyli-transdermaalinen-systeemi-laastari\/#primaryimage"},"image":{"@id":"https:\/\/medicinasinc.com\/fi\/product\/osta-fentanyyli-transdermaalinen-systeemi-laastari\/#primaryimage"},"thumbnailUrl":"https:\/\/medicinasinc.com\/fi\/wp-content\/uploads\/sites\/12\/2022\/02\/buy-fentanyl-transdermal-system-patch.jpg","datePublished":"2022-02-20T21:32:53+00:00","dateModified":"2022-03-22T01:05:27+00:00","description":"Osta fentanyylilaastarit verkosta Iso-Britannia, fentanyylilaastarit verkosta Iso-Britannia","breadcrumb":{"@id":"https:\/\/medicinasinc.com\/fi\/product\/osta-fentanyyli-transdermaalinen-systeemi-laastari\/#breadcrumb"},"inLanguage":"en-US","potentialAction":[{"@type":"ReadAction","target":["https:\/\/medicinasinc.com\/fi\/product\/osta-fentanyyli-transdermaalinen-systeemi-laastari\/"]}]},{"@type":"ImageObject","inLanguage":"en-US","@id":"https:\/\/medicinasinc.com\/fi\/product\/osta-fentanyyli-transdermaalinen-systeemi-laastari\/#primaryimage","url":"https:\/\/medicinasinc.com\/fi\/wp-content\/uploads\/sites\/12\/2022\/02\/buy-fentanyl-transdermal-system-patch.jpg","contentUrl":"https:\/\/medicinasinc.com\/fi\/wp-content\/uploads\/sites\/12\/2022\/02\/buy-fentanyl-transdermal-system-patch.jpg","width":600,"height":600},{"@type":"BreadcrumbList","@id":"https:\/\/medicinasinc.com\/fi\/product\/osta-fentanyyli-transdermaalinen-systeemi-laastari\/#breadcrumb","itemListElement":[{"@type":"ListItem","position":1,"name":"Myym\u00e4l\u00e4","item":"https:\/\/medicinasinc.com\/fi\/myymala\/"},{"@type":"ListItem","position":2,"name":"Osta fentanyyli transdermaalinen j\u00e4rjestelm\u00e4laastari"}]},{"@type":"WebSite","@id":"https:\/\/medicinasinc.com\/fi\/#website","url":"https:\/\/medicinasinc.com\/fi\/","name":"Medicinas Inc","description":"Health Medical Clinic","potentialAction":[{"@type":"SearchAction","target":{"@type":"EntryPoint","urlTemplate":"https:\/\/medicinasinc.com\/fi\/?s={search_term_string}"},"query-input":{"@type":"PropertyValueSpecification","valueRequired":true,"valueName":"search_term_string"}}],"inLanguage":"en-US"}]}},"_links":{"self":[{"href":"https:\/\/medicinasinc.com\/fi\/wp-json\/wp\/v2\/product\/5182","targetHints":{"allow":["GET"]}}],"collection":[{"href":"https:\/\/medicinasinc.com\/fi\/wp-json\/wp\/v2\/product"}],"about":[{"href":"https:\/\/medicinasinc.com\/fi\/wp-json\/wp\/v2\/types\/product"}],"replies":[{"embeddable":true,"href":"https:\/\/medicinasinc.com\/fi\/wp-json\/wp\/v2\/comments?post=5182"}],"wp:featuredmedia":[{"embeddable":true,"href":"https:\/\/medicinasinc.com\/fi\/wp-json\/wp\/v2\/media\/5199"}],"wp:attachment":[{"href":"https:\/\/medicinasinc.com\/fi\/wp-json\/wp\/v2\/media?parent=5182"}],"wp:term":[{"taxonomy":"product_brand","embeddable":true,"href":"https:\/\/medicinasinc.com\/fi\/wp-json\/wp\/v2\/product_brand?post=5182"},{"taxonomy":"product_cat","embeddable":true,"href":"https:\/\/medicinasinc.com\/fi\/wp-json\/wp\/v2\/product_cat?post=5182"},{"taxonomy":"product_tag","embeddable":true,"href":"https:\/\/medicinasinc.com\/fi\/wp-json\/wp\/v2\/product_tag?post=5182"}],"curies":[{"name":"wp","href":"https:\/\/api.w.org\/{rel}","templated":true}]}}