{"id":5151,"date":"2022-02-20T21:07:35","date_gmt":"2022-02-20T21:07:35","guid":{"rendered":"https:\/\/medicinasinc.com\/fi\/?post_type=product&#038;p=5151"},"modified":"2022-03-22T01:05:36","modified_gmt":"2022-03-22T01:05:36","slug":"osta-diatsepaami-10-mg","status":"publish","type":"product","link":"https:\/\/medicinasinc.com\/fi\/product\/osta-diatsepaami-10-mg\/","title":{"rendered":"Osta diatsepaami 10 mg"},"content":{"rendered":"<p>Osta 10 mg dekstripaamia verkosta (Diazepam)<\/p>\n<p>Diatsepaami 10 mg myyt\u00e4v\u00e4ksi verkossa Isossa-Britanniassa, Euroopassa parhaaseen hintaan on saatavilla t\u00e4\u00e4lt\u00e4. Laillisia l\u00e4\u00e4kkeit\u00e4 on saatavilla osoitteesta bestglobalmeds.com, luotettava verkkoapteekki. Voit s\u00e4\u00e4st\u00e4\u00e4 aikaa ja rahaa tekem\u00e4ll\u00e4 tilauksesi verkossa.<\/p>\n<p>Dextripam 10mg -tabletteja voi ostaa verkosta. Diatsepaami on l\u00e4\u00e4ke, jota k\u00e4ytet\u00e4\u00e4n ahdistuneisuuden, alkoholin vieroitusoireiden tai lihaskrampin hoitoon.<\/p>\n<p>Iso-Britanniasta voi ostaa 10 mg:n annoksen diatsepamia. Diatsepaamia (Valium 10 mg) voi ostaa osoitteesta bestsleepingtablets.com. Meill\u00e4 on hyv\u00e4 tarjonta Diazepam-pillereit\u00e4 varastossa!<\/p>\n<p>Diatsepaamia (Generic Valium) ja muita&#8230; voidaan verrata, painettuja kuponkeja voi saada ja rahans\u00e4\u00e4st\u00f6strategioita l\u00f6ytyy. Voit tehd\u00e4 tilauksen verkossa ja toimittaa sen kotiovellesi.<\/p>\n<div class=\"product-next-previous\">\n<div class=\"product-prev\"><\/div><\/div>\n","protected":false},"excerpt":{"rendered":"<p>Osta Diazepam 10 mg myyt\u00e4v\u00e4ksi verkosta Isossa-Britanniassa, Euroopassa parhaaseen hintaan on saatavilla t\u00e4\u00e4lt\u00e4. Laillisia l\u00e4\u00e4kkeit\u00e4 on saatavilla osoitteesta bestglobalmeds.com, luotettava verkkoapteekki. Voit s\u00e4\u00e4st\u00e4\u00e4 aikaa ja rahaa tekem\u00e4ll\u00e4 tilauksesi verkossa.<\/p>\n<p>Dextripam 10mg -tabletteja voi ostaa verkosta. Diatsepaami on l\u00e4\u00e4ke, jota k\u00e4ytet\u00e4\u00e4n ahdistuneisuuden, alkoholin vieroitusoireiden tai lihaskrampin hoitoon.<\/p>\n<p>Iso-Britanniasta voi ostaa 10 mg:n annoksen diatsepamia. Diatsepaamia (Valium 10 mg) voi ostaa osoitteesta bestsleepingtablets.com. Meill\u00e4 on hyv\u00e4 tarjonta Diazepam-pillereit\u00e4 varastossa!<\/p>\n<p>Diazepam (Generic Valium) ja muut&#8230; voidaan verrata, painettuja kuponkeja voi saada ja rahaa s\u00e4\u00e4st\u00e4vi\u00e4 strategioita l\u00f6ytyy. Voit tehd\u00e4 tilauksen verkossa ja toimittaa sen kotiovellesi.<\/p>\n","protected":false},"featured_media":5170,"comment_status":"open","ping_status":"closed","template":"","meta":[],"product_brand":[],"product_cat":[1117],"product_tag":[],"class_list":{"0":"post-5151","1":"product","2":"type-product","3":"status-publish","4":"has-post-thumbnail","6":"product_cat-osta-kipu-uni-ja-seksipillereita","8":"first","9":"instock","10":"shipping-taxable","11":"purchasable","12":"product-type-variable","13":"has-default-attributes"},"yoast_head":"<!-- This site is optimized with the Yoast SEO plugin v27.3 - https:\/\/yoast.com\/product\/yoast-seo-wordpress\/ -->\n<title>Osta diatsepaami 10 mg - parhaat maailmanlaajuiset l\u00e4\u00e4kkeet<\/title>\n<meta name=\"description\" content=\"Osta Diazepam 10 mg myyt\u00e4v\u00e4n\u00e4 Isossa-Britanniassa, Euroopassa verkosta parhaaseen hintaan. bestglobalmeds.com on luotettava verkkoapteekki, joka tarjoaa laillisia l\u00e4\u00e4kkeit\u00e4. Tilaa verkosta ja s\u00e4\u00e4st\u00e4 aikaasi ja rahaasi.\" \/>\n<meta name=\"robots\" content=\"index, follow, max-snippet:-1, max-image-preview:large, max-video-preview:-1\" \/>\n<link rel=\"canonical\" href=\"https:\/\/medicinasinc.com\/fi\/product\/osta-diatsepaami-10-mg\/\" \/>\n<meta property=\"og:locale\" content=\"en_US\" \/>\n<meta property=\"og:type\" content=\"article\" \/>\n<meta property=\"og:title\" content=\"Osta diatsepaami 10 mg - parhaat maailmanlaajuiset l\u00e4\u00e4kkeet\" \/>\n<meta property=\"og:description\" content=\"Osta Diazepam 10 mg myyt\u00e4v\u00e4n\u00e4 Isossa-Britanniassa, Euroopassa verkosta parhaaseen hintaan. bestglobalmeds.com on luotettava verkkoapteekki, joka tarjoaa laillisia l\u00e4\u00e4kkeit\u00e4. Tilaa verkosta ja s\u00e4\u00e4st\u00e4 aikaasi ja rahaasi.\" \/>\n<meta property=\"og:url\" content=\"https:\/\/medicinasinc.com\/fi\/product\/osta-diatsepaami-10-mg\/\" \/>\n<meta property=\"og:site_name\" content=\"Medicinas Inc\" \/>\n<meta property=\"article:modified_time\" content=\"2022-03-22T01:05:36+00:00\" \/>\n<meta property=\"og:image\" content=\"https:\/\/medicinasinc.com\/fi\/wp-content\/uploads\/sites\/12\/2022\/02\/Buy-Diazepam-10-mg.jpg\" \/>\n\t<meta property=\"og:image:width\" content=\"400\" \/>\n\t<meta property=\"og:image:height\" content=\"400\" \/>\n\t<meta property=\"og:image:type\" content=\"image\/jpeg\" \/>\n<meta name=\"twitter:card\" content=\"summary_large_image\" \/>\n<meta name=\"twitter:label1\" content=\"Est. reading time\" \/>\n\t<meta name=\"twitter:data1\" content=\"1 minute\" \/>\n<script type=\"application\/ld+json\" class=\"yoast-schema-graph\">{\"@context\":\"https:\\\/\\\/schema.org\",\"@graph\":[{\"@type\":\"WebPage\",\"@id\":\"https:\\\/\\\/medicinasinc.com\\\/fi\\\/product\\\/osta-diatsepaami-10-mg\\\/\",\"url\":\"https:\\\/\\\/medicinasinc.com\\\/fi\\\/product\\\/osta-diatsepaami-10-mg\\\/\",\"name\":\"Osta diatsepaami 10 mg - parhaat maailmanlaajuiset l\u00e4\u00e4kkeet\",\"isPartOf\":{\"@id\":\"https:\\\/\\\/medicinasinc.com\\\/fi\\\/#website\"},\"primaryImageOfPage\":{\"@id\":\"https:\\\/\\\/medicinasinc.com\\\/fi\\\/product\\\/osta-diatsepaami-10-mg\\\/#primaryimage\"},\"image\":{\"@id\":\"https:\\\/\\\/medicinasinc.com\\\/fi\\\/product\\\/osta-diatsepaami-10-mg\\\/#primaryimage\"},\"thumbnailUrl\":\"https:\\\/\\\/medicinasinc.com\\\/fi\\\/wp-content\\\/uploads\\\/sites\\\/12\\\/2022\\\/02\\\/Buy-Diazepam-10-mg.jpg\",\"datePublished\":\"2022-02-20T21:07:35+00:00\",\"dateModified\":\"2022-03-22T01:05:36+00:00\",\"description\":\"Osta Diazepam 10 mg myyt\u00e4v\u00e4n\u00e4 Isossa-Britanniassa, Euroopassa verkosta parhaaseen hintaan. bestglobalmeds.com on luotettava verkkoapteekki, joka tarjoaa laillisia l\u00e4\u00e4kkeit\u00e4. Tilaa verkosta ja s\u00e4\u00e4st\u00e4 aikaasi ja rahaasi.\",\"breadcrumb\":{\"@id\":\"https:\\\/\\\/medicinasinc.com\\\/fi\\\/product\\\/osta-diatsepaami-10-mg\\\/#breadcrumb\"},\"inLanguage\":\"en-US\",\"potentialAction\":[{\"@type\":\"ReadAction\",\"target\":[\"https:\\\/\\\/medicinasinc.com\\\/fi\\\/product\\\/osta-diatsepaami-10-mg\\\/\"]}]},{\"@type\":\"ImageObject\",\"inLanguage\":\"en-US\",\"@id\":\"https:\\\/\\\/medicinasinc.com\\\/fi\\\/product\\\/osta-diatsepaami-10-mg\\\/#primaryimage\",\"url\":\"https:\\\/\\\/medicinasinc.com\\\/fi\\\/wp-content\\\/uploads\\\/sites\\\/12\\\/2022\\\/02\\\/Buy-Diazepam-10-mg.jpg\",\"contentUrl\":\"https:\\\/\\\/medicinasinc.com\\\/fi\\\/wp-content\\\/uploads\\\/sites\\\/12\\\/2022\\\/02\\\/Buy-Diazepam-10-mg.jpg\",\"width\":400,\"height\":400},{\"@type\":\"BreadcrumbList\",\"@id\":\"https:\\\/\\\/medicinasinc.com\\\/fi\\\/product\\\/osta-diatsepaami-10-mg\\\/#breadcrumb\",\"itemListElement\":[{\"@type\":\"ListItem\",\"position\":1,\"name\":\"Myym\u00e4l\u00e4\",\"item\":\"https:\\\/\\\/medicinasinc.com\\\/fi\\\/myymala\\\/\"},{\"@type\":\"ListItem\",\"position\":2,\"name\":\"Osta diatsepaami 10 mg\"}]},{\"@type\":\"WebSite\",\"@id\":\"https:\\\/\\\/medicinasinc.com\\\/fi\\\/#website\",\"url\":\"https:\\\/\\\/medicinasinc.com\\\/fi\\\/\",\"name\":\"Medicinas Inc\",\"description\":\"Health Medical Clinic\",\"potentialAction\":[{\"@type\":\"SearchAction\",\"target\":{\"@type\":\"EntryPoint\",\"urlTemplate\":\"https:\\\/\\\/medicinasinc.com\\\/fi\\\/?s={search_term_string}\"},\"query-input\":{\"@type\":\"PropertyValueSpecification\",\"valueRequired\":true,\"valueName\":\"search_term_string\"}}],\"inLanguage\":\"en-US\"}]}<\/script>\n<!-- \/ Yoast SEO plugin. -->","yoast_head_json":{"title":"Osta diatsepaami 10 mg - parhaat maailmanlaajuiset l\u00e4\u00e4kkeet","description":"Osta Diazepam 10 mg myyt\u00e4v\u00e4n\u00e4 Isossa-Britanniassa, Euroopassa verkosta parhaaseen hintaan. bestglobalmeds.com on luotettava verkkoapteekki, joka tarjoaa laillisia l\u00e4\u00e4kkeit\u00e4. Tilaa verkosta ja s\u00e4\u00e4st\u00e4 aikaasi ja rahaasi.","robots":{"index":"index","follow":"follow","max-snippet":"max-snippet:-1","max-image-preview":"max-image-preview:large","max-video-preview":"max-video-preview:-1"},"canonical":"https:\/\/medicinasinc.com\/fi\/product\/osta-diatsepaami-10-mg\/","og_locale":"en_US","og_type":"article","og_title":"Osta diatsepaami 10 mg - parhaat maailmanlaajuiset l\u00e4\u00e4kkeet","og_description":"Osta Diazepam 10 mg myyt\u00e4v\u00e4n\u00e4 Isossa-Britanniassa, Euroopassa verkosta parhaaseen hintaan. bestglobalmeds.com on luotettava verkkoapteekki, joka tarjoaa laillisia l\u00e4\u00e4kkeit\u00e4. Tilaa verkosta ja s\u00e4\u00e4st\u00e4 aikaasi ja rahaasi.","og_url":"https:\/\/medicinasinc.com\/fi\/product\/osta-diatsepaami-10-mg\/","og_site_name":"Medicinas Inc","article_modified_time":"2022-03-22T01:05:36+00:00","og_image":[{"width":400,"height":400,"url":"https:\/\/medicinasinc.com\/fi\/wp-content\/uploads\/sites\/12\/2022\/02\/Buy-Diazepam-10-mg.jpg","type":"image\/jpeg"}],"twitter_card":"summary_large_image","twitter_misc":{"Est. reading time":"1 minute"},"schema":{"@context":"https:\/\/schema.org","@graph":[{"@type":"WebPage","@id":"https:\/\/medicinasinc.com\/fi\/product\/osta-diatsepaami-10-mg\/","url":"https:\/\/medicinasinc.com\/fi\/product\/osta-diatsepaami-10-mg\/","name":"Osta diatsepaami 10 mg - parhaat maailmanlaajuiset l\u00e4\u00e4kkeet","isPartOf":{"@id":"https:\/\/medicinasinc.com\/fi\/#website"},"primaryImageOfPage":{"@id":"https:\/\/medicinasinc.com\/fi\/product\/osta-diatsepaami-10-mg\/#primaryimage"},"image":{"@id":"https:\/\/medicinasinc.com\/fi\/product\/osta-diatsepaami-10-mg\/#primaryimage"},"thumbnailUrl":"https:\/\/medicinasinc.com\/fi\/wp-content\/uploads\/sites\/12\/2022\/02\/Buy-Diazepam-10-mg.jpg","datePublished":"2022-02-20T21:07:35+00:00","dateModified":"2022-03-22T01:05:36+00:00","description":"Osta Diazepam 10 mg myyt\u00e4v\u00e4n\u00e4 Isossa-Britanniassa, Euroopassa verkosta parhaaseen hintaan. bestglobalmeds.com on luotettava verkkoapteekki, joka tarjoaa laillisia l\u00e4\u00e4kkeit\u00e4. Tilaa verkosta ja s\u00e4\u00e4st\u00e4 aikaasi ja rahaasi.","breadcrumb":{"@id":"https:\/\/medicinasinc.com\/fi\/product\/osta-diatsepaami-10-mg\/#breadcrumb"},"inLanguage":"en-US","potentialAction":[{"@type":"ReadAction","target":["https:\/\/medicinasinc.com\/fi\/product\/osta-diatsepaami-10-mg\/"]}]},{"@type":"ImageObject","inLanguage":"en-US","@id":"https:\/\/medicinasinc.com\/fi\/product\/osta-diatsepaami-10-mg\/#primaryimage","url":"https:\/\/medicinasinc.com\/fi\/wp-content\/uploads\/sites\/12\/2022\/02\/Buy-Diazepam-10-mg.jpg","contentUrl":"https:\/\/medicinasinc.com\/fi\/wp-content\/uploads\/sites\/12\/2022\/02\/Buy-Diazepam-10-mg.jpg","width":400,"height":400},{"@type":"BreadcrumbList","@id":"https:\/\/medicinasinc.com\/fi\/product\/osta-diatsepaami-10-mg\/#breadcrumb","itemListElement":[{"@type":"ListItem","position":1,"name":"Myym\u00e4l\u00e4","item":"https:\/\/medicinasinc.com\/fi\/myymala\/"},{"@type":"ListItem","position":2,"name":"Osta diatsepaami 10 mg"}]},{"@type":"WebSite","@id":"https:\/\/medicinasinc.com\/fi\/#website","url":"https:\/\/medicinasinc.com\/fi\/","name":"Medicinas Inc","description":"Health Medical Clinic","potentialAction":[{"@type":"SearchAction","target":{"@type":"EntryPoint","urlTemplate":"https:\/\/medicinasinc.com\/fi\/?s={search_term_string}"},"query-input":{"@type":"PropertyValueSpecification","valueRequired":true,"valueName":"search_term_string"}}],"inLanguage":"en-US"}]}},"_links":{"self":[{"href":"https:\/\/medicinasinc.com\/fi\/wp-json\/wp\/v2\/product\/5151","targetHints":{"allow":["GET"]}}],"collection":[{"href":"https:\/\/medicinasinc.com\/fi\/wp-json\/wp\/v2\/product"}],"about":[{"href":"https:\/\/medicinasinc.com\/fi\/wp-json\/wp\/v2\/types\/product"}],"replies":[{"embeddable":true,"href":"https:\/\/medicinasinc.com\/fi\/wp-json\/wp\/v2\/comments?post=5151"}],"wp:featuredmedia":[{"embeddable":true,"href":"https:\/\/medicinasinc.com\/fi\/wp-json\/wp\/v2\/media\/5170"}],"wp:attachment":[{"href":"https:\/\/medicinasinc.com\/fi\/wp-json\/wp\/v2\/media?parent=5151"}],"wp:term":[{"taxonomy":"product_brand","embeddable":true,"href":"https:\/\/medicinasinc.com\/fi\/wp-json\/wp\/v2\/product_brand?post=5151"},{"taxonomy":"product_cat","embeddable":true,"href":"https:\/\/medicinasinc.com\/fi\/wp-json\/wp\/v2\/product_cat?post=5151"},{"taxonomy":"product_tag","embeddable":true,"href":"https:\/\/medicinasinc.com\/fi\/wp-json\/wp\/v2\/product_tag?post=5151"}],"curies":[{"name":"wp","href":"https:\/\/api.w.org\/{rel}","templated":true}]}}