{"id":5149,"date":"2022-02-20T21:05:49","date_gmt":"2022-02-20T21:05:49","guid":{"rendered":"https:\/\/medicinasinc.com\/fi\/?post_type=product&#038;p=5149"},"modified":"2022-03-22T01:05:56","modified_gmt":"2022-03-22T01:05:56","slug":"osta-kodeiini-sulfaatti-30-mg","status":"publish","type":"product","link":"https:\/\/medicinasinc.com\/fi\/product\/osta-kodeiini-sulfaatti-30-mg\/","title":{"rendered":"Osta kodeiinisulfaatti 30 mg"},"content":{"rendered":"<p>30 mg:n kodeiinifosfaatin verkkokauppa<\/p>\n<p>kodeiini\u00a0(fosfaatti)\u00a030 mg\u00a0pillerit\/tabletit:<\/p>\n<p>Kodeiini\u00a0(fosfaatti) parantaa kipua tai ysk\u00e4\u00e4. Ysk\u00e4- ja kipul\u00e4\u00e4ke yhdess\u00e4, t\u00e4m\u00e4 l\u00e4\u00e4ke on huumausaine kipul\u00e4\u00e4ke.<\/p>\n<p>Voit ostaa 30 mg kodeiinifosfaattia Internetist\u00e4 ja toimittaa sen y\u00f6n yli kotiovellesi FedExin kautta ilman resepti\u00e4, koska niin kauan kuin olet Yhdysvalloissa.<\/p>\n<p>Codeine Phosphate 30 mg on ostettavissa verkosta ja nopea, turvallinen ja j\u00e4ljitett\u00e4v\u00e4 toimitus kaikille ostoksille. Nyt on aika ostaa kodeiinifosfaatti verkosta.<\/p>\n<p>Kodeiinifosfaattitabletit (30 mg). Kodeiini on voimakas kipul\u00e4\u00e4ke, jota saa vain l\u00e4\u00e4k\u00e4rin m\u00e4\u00e4r\u00e4yksest\u00e4. Voimakas opiaatti ja huume, joka toimii hyvin. Tilaa\u00a0..<\/p>\n<p>rauhoituksia, joita myyd\u00e4\u00e4n reseptivapaasti T\u00e4ll\u00e4 hetkell\u00e4 markkinoilla. Kodeiini on kipul\u00e4\u00e4ke, jota voidaan k\u00e4ytt\u00e4\u00e4 kohtalaisen tai vaikean ep\u00e4mukavuuden hoitoon tai ehk\u00e4isemiseen. Sit\u00e4 voidaan k\u00e4ytt\u00e4\u00e4 my\u00f6s erilaisten sairauksien hoitoon. Kodeiinia saa ilman resepti\u00e4 eritt\u00e4in kohtuulliseen hintaan verkossa.<\/p>\n","protected":false},"excerpt":{"rendered":"<p>Kodeiini\u00a0(fosfaatti)\u00a030\u00a0mg\u00a0pillerit\/tabletit: Kodeiinia (fosfaattia) k\u00e4ytet\u00e4\u00e4n ysk\u00e4n ja kivun lievitykseen. Ysk\u00e4- ja kipul\u00e4\u00e4ke yhdess\u00e4, t\u00e4m\u00e4 l\u00e4\u00e4ke on huumausaine kipul\u00e4\u00e4ke.<\/p>\n<p>Voit ostaa 30 mg kodeiinifosfaattia Internetist\u00e4 ja toimittaa sen y\u00f6n yli kotiovellesi FedExin kautta ilman resepti\u00e4, koska niin kauan kuin olet Yhdysvalloissa.<\/p>\n<p>Codeine Phosphate 30 mg on ostettavissa verkosta, ja kaikkien ostosten toimitus on nopea, turvallinen ja j\u00e4ljitett\u00e4v\u00e4. Nyt on aika ostaa kodeiinifosfaatti verkosta.<\/p>\n<p>Kodeiinifosfaattitabletit (30 mg). Kodeiini on voimakas kipul\u00e4\u00e4ke, jota saa vain l\u00e4\u00e4k\u00e4rin m\u00e4\u00e4r\u00e4\u00e4m\u00e4ll\u00e4 reseptill\u00e4. Voimakas opiaatti ja huume, joka toimii hyvin. Tilaa\u00a0..<\/p>\n<p>rauhoituksia, joita myyd\u00e4\u00e4n reseptivapaasti T\u00e4ll\u00e4 hetkell\u00e4 markkinoilla. Kodeiini on kipul\u00e4\u00e4ke, jota voidaan k\u00e4ytt\u00e4\u00e4 kohtalaisen tai vaikean ep\u00e4mukavuuden hoitoon tai ehk\u00e4isemiseen. Sit\u00e4 voidaan k\u00e4ytt\u00e4\u00e4 my\u00f6s erilaisten sairauksien hoitoon. Kodeiinia saa ilman resepti\u00e4 eritt\u00e4in kohtuulliseen hintaan verkossa.<\/p>\n","protected":false},"featured_media":5166,"comment_status":"open","ping_status":"closed","template":"","meta":[],"product_brand":[],"product_cat":[1117],"product_tag":[],"class_list":{"0":"post-5149","1":"product","2":"type-product","3":"status-publish","4":"has-post-thumbnail","6":"product_cat-osta-kipu-uni-ja-seksipillereita","8":"first","9":"instock","10":"shipping-taxable","11":"purchasable","12":"product-type-variable","13":"has-default-attributes"},"yoast_head":"<!-- This site is optimized with the Yoast SEO plugin v27.3 - https:\/\/yoast.com\/product\/yoast-seo-wordpress\/ -->\n<title>Osta kodeiinisulfaatti 30 mg - parhaat maailmanlaajuiset l\u00e4\u00e4kkeet<\/title>\n<meta name=\"description\" content=\"Osta 30 mg kodeiinisulfaattia verkosta, toimitus y\u00f6n yli, merkkil\u00e4\u00e4kkeet, toimitus FedExin kautta, DPD Ei resepti\u00e4, toimitus Yhdysvalloissa, Isossa-Britanniassa, Euroopassa.\" \/>\n<meta name=\"robots\" content=\"index, follow, max-snippet:-1, max-image-preview:large, max-video-preview:-1\" \/>\n<link rel=\"canonical\" href=\"https:\/\/medicinasinc.com\/fi\/product\/osta-kodeiini-sulfaatti-30-mg\/\" \/>\n<meta property=\"og:locale\" content=\"en_US\" \/>\n<meta property=\"og:type\" content=\"article\" \/>\n<meta property=\"og:title\" content=\"Osta kodeiinisulfaatti 30 mg - parhaat maailmanlaajuiset l\u00e4\u00e4kkeet\" \/>\n<meta property=\"og:description\" content=\"Osta 30 mg kodeiinisulfaattia verkosta, toimitus y\u00f6n yli, merkkil\u00e4\u00e4kkeet, toimitus FedExin kautta, DPD Ei resepti\u00e4, toimitus Yhdysvalloissa, Isossa-Britanniassa, Euroopassa.\" \/>\n<meta property=\"og:url\" content=\"https:\/\/medicinasinc.com\/fi\/product\/osta-kodeiini-sulfaatti-30-mg\/\" \/>\n<meta property=\"og:site_name\" content=\"Medicinas Inc\" \/>\n<meta property=\"article:modified_time\" content=\"2022-03-22T01:05:56+00:00\" \/>\n<meta property=\"og:image\" content=\"https:\/\/medicinasinc.com\/fi\/wp-content\/uploads\/sites\/12\/2022\/02\/buy-codeine-sulfate-30mg-online.jpg\" \/>\n\t<meta property=\"og:image:width\" content=\"600\" \/>\n\t<meta property=\"og:image:height\" content=\"600\" \/>\n\t<meta property=\"og:image:type\" content=\"image\/jpeg\" \/>\n<meta name=\"twitter:card\" content=\"summary_large_image\" \/>\n<meta name=\"twitter:label1\" content=\"Est. reading time\" \/>\n\t<meta name=\"twitter:data1\" content=\"1 minute\" \/>\n<script type=\"application\/ld+json\" class=\"yoast-schema-graph\">{\"@context\":\"https:\\\/\\\/schema.org\",\"@graph\":[{\"@type\":\"WebPage\",\"@id\":\"https:\\\/\\\/medicinasinc.com\\\/fi\\\/product\\\/osta-kodeiini-sulfaatti-30-mg\\\/\",\"url\":\"https:\\\/\\\/medicinasinc.com\\\/fi\\\/product\\\/osta-kodeiini-sulfaatti-30-mg\\\/\",\"name\":\"Osta kodeiinisulfaatti 30 mg - parhaat maailmanlaajuiset l\u00e4\u00e4kkeet\",\"isPartOf\":{\"@id\":\"https:\\\/\\\/medicinasinc.com\\\/fi\\\/#website\"},\"primaryImageOfPage\":{\"@id\":\"https:\\\/\\\/medicinasinc.com\\\/fi\\\/product\\\/osta-kodeiini-sulfaatti-30-mg\\\/#primaryimage\"},\"image\":{\"@id\":\"https:\\\/\\\/medicinasinc.com\\\/fi\\\/product\\\/osta-kodeiini-sulfaatti-30-mg\\\/#primaryimage\"},\"thumbnailUrl\":\"https:\\\/\\\/medicinasinc.com\\\/fi\\\/wp-content\\\/uploads\\\/sites\\\/12\\\/2022\\\/02\\\/buy-codeine-sulfate-30mg-online.jpg\",\"datePublished\":\"2022-02-20T21:05:49+00:00\",\"dateModified\":\"2022-03-22T01:05:56+00:00\",\"description\":\"Osta 30 mg kodeiinisulfaattia verkosta, toimitus y\u00f6n yli, merkkil\u00e4\u00e4kkeet, toimitus FedExin kautta, DPD Ei resepti\u00e4, toimitus Yhdysvalloissa, Isossa-Britanniassa, Euroopassa.\",\"breadcrumb\":{\"@id\":\"https:\\\/\\\/medicinasinc.com\\\/fi\\\/product\\\/osta-kodeiini-sulfaatti-30-mg\\\/#breadcrumb\"},\"inLanguage\":\"en-US\",\"potentialAction\":[{\"@type\":\"ReadAction\",\"target\":[\"https:\\\/\\\/medicinasinc.com\\\/fi\\\/product\\\/osta-kodeiini-sulfaatti-30-mg\\\/\"]}]},{\"@type\":\"ImageObject\",\"inLanguage\":\"en-US\",\"@id\":\"https:\\\/\\\/medicinasinc.com\\\/fi\\\/product\\\/osta-kodeiini-sulfaatti-30-mg\\\/#primaryimage\",\"url\":\"https:\\\/\\\/medicinasinc.com\\\/fi\\\/wp-content\\\/uploads\\\/sites\\\/12\\\/2022\\\/02\\\/buy-codeine-sulfate-30mg-online.jpg\",\"contentUrl\":\"https:\\\/\\\/medicinasinc.com\\\/fi\\\/wp-content\\\/uploads\\\/sites\\\/12\\\/2022\\\/02\\\/buy-codeine-sulfate-30mg-online.jpg\",\"width\":600,\"height\":600},{\"@type\":\"BreadcrumbList\",\"@id\":\"https:\\\/\\\/medicinasinc.com\\\/fi\\\/product\\\/osta-kodeiini-sulfaatti-30-mg\\\/#breadcrumb\",\"itemListElement\":[{\"@type\":\"ListItem\",\"position\":1,\"name\":\"Myym\u00e4l\u00e4\",\"item\":\"https:\\\/\\\/medicinasinc.com\\\/fi\\\/myymala\\\/\"},{\"@type\":\"ListItem\",\"position\":2,\"name\":\"Osta kodeiinisulfaatti 30 mg\"}]},{\"@type\":\"WebSite\",\"@id\":\"https:\\\/\\\/medicinasinc.com\\\/fi\\\/#website\",\"url\":\"https:\\\/\\\/medicinasinc.com\\\/fi\\\/\",\"name\":\"Medicinas Inc\",\"description\":\"Health Medical Clinic\",\"potentialAction\":[{\"@type\":\"SearchAction\",\"target\":{\"@type\":\"EntryPoint\",\"urlTemplate\":\"https:\\\/\\\/medicinasinc.com\\\/fi\\\/?s={search_term_string}\"},\"query-input\":{\"@type\":\"PropertyValueSpecification\",\"valueRequired\":true,\"valueName\":\"search_term_string\"}}],\"inLanguage\":\"en-US\"}]}<\/script>\n<!-- \/ Yoast SEO plugin. -->","yoast_head_json":{"title":"Osta kodeiinisulfaatti 30 mg - parhaat maailmanlaajuiset l\u00e4\u00e4kkeet","description":"Osta 30 mg kodeiinisulfaattia verkosta, toimitus y\u00f6n yli, merkkil\u00e4\u00e4kkeet, toimitus FedExin kautta, DPD Ei resepti\u00e4, toimitus Yhdysvalloissa, Isossa-Britanniassa, Euroopassa.","robots":{"index":"index","follow":"follow","max-snippet":"max-snippet:-1","max-image-preview":"max-image-preview:large","max-video-preview":"max-video-preview:-1"},"canonical":"https:\/\/medicinasinc.com\/fi\/product\/osta-kodeiini-sulfaatti-30-mg\/","og_locale":"en_US","og_type":"article","og_title":"Osta kodeiinisulfaatti 30 mg - parhaat maailmanlaajuiset l\u00e4\u00e4kkeet","og_description":"Osta 30 mg kodeiinisulfaattia verkosta, toimitus y\u00f6n yli, merkkil\u00e4\u00e4kkeet, toimitus FedExin kautta, DPD Ei resepti\u00e4, toimitus Yhdysvalloissa, Isossa-Britanniassa, Euroopassa.","og_url":"https:\/\/medicinasinc.com\/fi\/product\/osta-kodeiini-sulfaatti-30-mg\/","og_site_name":"Medicinas Inc","article_modified_time":"2022-03-22T01:05:56+00:00","og_image":[{"width":600,"height":600,"url":"https:\/\/medicinasinc.com\/fi\/wp-content\/uploads\/sites\/12\/2022\/02\/buy-codeine-sulfate-30mg-online.jpg","type":"image\/jpeg"}],"twitter_card":"summary_large_image","twitter_misc":{"Est. reading time":"1 minute"},"schema":{"@context":"https:\/\/schema.org","@graph":[{"@type":"WebPage","@id":"https:\/\/medicinasinc.com\/fi\/product\/osta-kodeiini-sulfaatti-30-mg\/","url":"https:\/\/medicinasinc.com\/fi\/product\/osta-kodeiini-sulfaatti-30-mg\/","name":"Osta kodeiinisulfaatti 30 mg - parhaat maailmanlaajuiset l\u00e4\u00e4kkeet","isPartOf":{"@id":"https:\/\/medicinasinc.com\/fi\/#website"},"primaryImageOfPage":{"@id":"https:\/\/medicinasinc.com\/fi\/product\/osta-kodeiini-sulfaatti-30-mg\/#primaryimage"},"image":{"@id":"https:\/\/medicinasinc.com\/fi\/product\/osta-kodeiini-sulfaatti-30-mg\/#primaryimage"},"thumbnailUrl":"https:\/\/medicinasinc.com\/fi\/wp-content\/uploads\/sites\/12\/2022\/02\/buy-codeine-sulfate-30mg-online.jpg","datePublished":"2022-02-20T21:05:49+00:00","dateModified":"2022-03-22T01:05:56+00:00","description":"Osta 30 mg kodeiinisulfaattia verkosta, toimitus y\u00f6n yli, merkkil\u00e4\u00e4kkeet, toimitus FedExin kautta, DPD Ei resepti\u00e4, toimitus Yhdysvalloissa, Isossa-Britanniassa, Euroopassa.","breadcrumb":{"@id":"https:\/\/medicinasinc.com\/fi\/product\/osta-kodeiini-sulfaatti-30-mg\/#breadcrumb"},"inLanguage":"en-US","potentialAction":[{"@type":"ReadAction","target":["https:\/\/medicinasinc.com\/fi\/product\/osta-kodeiini-sulfaatti-30-mg\/"]}]},{"@type":"ImageObject","inLanguage":"en-US","@id":"https:\/\/medicinasinc.com\/fi\/product\/osta-kodeiini-sulfaatti-30-mg\/#primaryimage","url":"https:\/\/medicinasinc.com\/fi\/wp-content\/uploads\/sites\/12\/2022\/02\/buy-codeine-sulfate-30mg-online.jpg","contentUrl":"https:\/\/medicinasinc.com\/fi\/wp-content\/uploads\/sites\/12\/2022\/02\/buy-codeine-sulfate-30mg-online.jpg","width":600,"height":600},{"@type":"BreadcrumbList","@id":"https:\/\/medicinasinc.com\/fi\/product\/osta-kodeiini-sulfaatti-30-mg\/#breadcrumb","itemListElement":[{"@type":"ListItem","position":1,"name":"Myym\u00e4l\u00e4","item":"https:\/\/medicinasinc.com\/fi\/myymala\/"},{"@type":"ListItem","position":2,"name":"Osta kodeiinisulfaatti 30 mg"}]},{"@type":"WebSite","@id":"https:\/\/medicinasinc.com\/fi\/#website","url":"https:\/\/medicinasinc.com\/fi\/","name":"Medicinas Inc","description":"Health Medical Clinic","potentialAction":[{"@type":"SearchAction","target":{"@type":"EntryPoint","urlTemplate":"https:\/\/medicinasinc.com\/fi\/?s={search_term_string}"},"query-input":{"@type":"PropertyValueSpecification","valueRequired":true,"valueName":"search_term_string"}}],"inLanguage":"en-US"}]}},"_links":{"self":[{"href":"https:\/\/medicinasinc.com\/fi\/wp-json\/wp\/v2\/product\/5149","targetHints":{"allow":["GET"]}}],"collection":[{"href":"https:\/\/medicinasinc.com\/fi\/wp-json\/wp\/v2\/product"}],"about":[{"href":"https:\/\/medicinasinc.com\/fi\/wp-json\/wp\/v2\/types\/product"}],"replies":[{"embeddable":true,"href":"https:\/\/medicinasinc.com\/fi\/wp-json\/wp\/v2\/comments?post=5149"}],"wp:featuredmedia":[{"embeddable":true,"href":"https:\/\/medicinasinc.com\/fi\/wp-json\/wp\/v2\/media\/5166"}],"wp:attachment":[{"href":"https:\/\/medicinasinc.com\/fi\/wp-json\/wp\/v2\/media?parent=5149"}],"wp:term":[{"taxonomy":"product_brand","embeddable":true,"href":"https:\/\/medicinasinc.com\/fi\/wp-json\/wp\/v2\/product_brand?post=5149"},{"taxonomy":"product_cat","embeddable":true,"href":"https:\/\/medicinasinc.com\/fi\/wp-json\/wp\/v2\/product_cat?post=5149"},{"taxonomy":"product_tag","embeddable":true,"href":"https:\/\/medicinasinc.com\/fi\/wp-json\/wp\/v2\/product_tag?post=5149"}],"curies":[{"name":"wp","href":"https:\/\/api.w.org\/{rel}","templated":true}]}}