{"id":5148,"date":"2022-02-20T21:04:44","date_gmt":"2022-02-20T21:04:44","guid":{"rendered":"https:\/\/medicinasinc.com\/fi\/?post_type=product&#038;p=5148"},"modified":"2022-03-22T01:06:05","modified_gmt":"2022-03-22T01:06:05","slug":"osta-bunex-0-2mg-buprenorfiini","status":"publish","type":"product","link":"https:\/\/medicinasinc.com\/fi\/product\/osta-bunex-0-2mg-buprenorfiini\/","title":{"rendered":"Osta Bunex 0,2 mg (buprenorfiini)"},"content":{"rendered":"<p>Bunex Buprenorphine -pillereit\u00e4 voi ostaa Internetist\u00e4.<\/p>\n<p>Mist\u00e4 saan buprenorfiinia? Mist\u00e4 saan buprenorfiinia reseptivapaasti?<\/p>\n<p>Se on puolisynteettinen kipul\u00e4\u00e4ke, joka on kehitetty luonnossa esiintyvist\u00e4 oopiumiunikon kemiallisista yhdisteist\u00e4. Oopiumunikko on kemiallisen tebaiinin l\u00e4hde, jota k\u00e4ytet\u00e4\u00e4n buprenorfiinin valmistukseen. Koska buprenorfiini on puolisynteettinen, se on synteettinen opioidi. Kaikkia oopiumiunikosta per\u00e4isin olevia l\u00e4\u00e4kkeit\u00e4 kutsutaan l\u00e4\u00e4ketieteellisess\u00e4 yhteis\u00f6ss\u00e4 opioideiksi. Opioidit ovat tehokkaimpia saatavilla olevia kipul\u00e4\u00e4kkeit\u00e4, ja niiden vaikutukset ovat paljon suuremmat kuin useimpien muiden l\u00e4\u00e4kkeiden.<\/p>\n<p>Miss\u00e4 mieless\u00e4 Buprenorfiini-l\u00e4\u00e4ke toimii? Mist\u00e4 ostaa buprenorfiinia<\/p>\n<p>Verenkiertoon imeytymisen j\u00e4lkeen buprenorfiini vaikuttaa hermostoon. T\u00e4m\u00e4 tapahtuu, kun buprenorfiini p\u00e4\u00e4see aivoihin, miss\u00e4 se tukkii kipua v\u00e4litt\u00e4v\u00e4t hermop\u00e4\u00e4tteet. Buprenorfiini ei ratkaise potilaan ep\u00e4mukavuuden taustalla olevaa syyt\u00e4; pikemminkin se heikent\u00e4\u00e4 heid\u00e4n k\u00e4sityst\u00e4\u00e4n siit\u00e4 ja antaa heille mahdollisuuden rentoutua.<\/p>\n<p>Ihmisille m\u00e4\u00e4r\u00e4t\u00e4\u00e4n buprenorfiinia s\u00e4\u00e4nn\u00f6llisesti. Lihaskouristuksista johtuva kipu on yleisin syy, miksi ihmiset k\u00e4ytt\u00e4v\u00e4t buprenorfiinia. Jos sinulla on joskus kouristuksia, harkitse buprenorfiinin ostamista n\u00e4hd\u00e4ksesi, voiko se auttaa sinua selviytym\u00e4\u00e4n ep\u00e4mukavuudesta.<br \/> L\u00e4\u00e4k\u00e4rit m\u00e4\u00e4r\u00e4\u00e4v\u00e4t yleens\u00e4 buprenorfiinia potilaille, joille on tehty leikkaus tai jotka selviytyv\u00e4t murtumista. Buprenorfiini auttaa n\u00e4it\u00e4 henkil\u00f6it\u00e4 hallitsemaan kipujaan, kunnes he ovat parantuneet vaivojensa taustalla olevasta l\u00e4hteest\u00e4.<\/p>\n<p>Miss\u00e4 mieless\u00e4 buprenorfiinil\u00e4\u00e4ke toimii? Mist\u00e4 ostaa buprenorfiinia<\/p>\n<p>Henkil\u00f6n ep\u00e4mukavuus ja henkinen vahvuus vaikuttavat suuresti buprenorfiinin annokseen. Tyypillisesti alhaista 8 mg:n annosta tulee kokeilla ensin, ja jos se ei auta, kannattaa kokeilla suurempaa 16 mg:n annosta. Buprenorfiinia voidaan nostaa 24 mg:aan, vaikka 16 mg olisi tehoton. Yleens\u00e4, jos aiot ostaa buprenorfiinia verkosta ilman resepti\u00e4, \u00e4l\u00e4 ylit\u00e4 t\u00e4t\u00e4 suositeltua annosta.<\/p>\n<p>Miss\u00e4 mieless\u00e4 buprenorfiini vaikuttaa? Mist\u00e4 ostaa buprenorfiinia<\/p>\n<p>Buprenorfiini ei ole sopiva hoito raskaana oleville naisille, koska sill\u00e4 on merkitt\u00e4v\u00e4 vaikutus naisten lis\u00e4\u00e4ntymisj\u00e4rjestelmiin. Buprenorfiinin ottaminen voi olla vaarallista joillekin opioideille herkille ihmisille. Buprenorfiinin k\u00e4yt\u00f6n sy\u00f6p\u00e4potilaille aiheuttamien vaarojen vuoksi heid\u00e4n tulee neuvotella l\u00e4\u00e4k\u00e4rin kanssa ennen buprenorfiinin ostamista verkosta.<\/p>\n<p>Uneliaisuuden, laiskuuden, huimauksen, p\u00e4\u00e4ns\u00e4ryn ja pahoinvoinnin lis\u00e4ksi buprenorfiini voi aiheuttaa monia muita haittavaikutuksia. . T\u00e4m\u00e4n lis\u00e4ksi jotkut ihmiset voivat kokea muutoksia tuntoaistissaan, jolloin heid\u00e4n tulee hakeutua l\u00e4\u00e4k\u00e4rin hoitoon.<\/p>\n<p>Buprenorfiinin vaikutus<br \/> Buprenorfiinin k\u00e4ytt\u00f6kohteet<br \/> Haittavaikutukset Buprenorfiiniriippuvuuden buprenorfiinioireet<\/p>\n","protected":false},"excerpt":{"rendered":"<p>Osta Bunex 0,2 mg (buprenorfiini) myyt\u00e4v\u00e4n\u00e4 Isossa-Britanniassa, EU:ssa verkossa Bestglobalmeds.com.comin apteekista halvalla ja edullisella hinnalla turvallisella ja nopealla toimituksella<\/p>\n<p>Osta Bunex 0,2 mg (buprenorfiini) verkosta &#8211; Alkaen Bestglobalmeds.com.com-verkkoapteekki halvoilla ja edullisilla hinnoilla turvallisella ja nopealla toimituksella. Ota meihin yhteytt\u00e4 osoitteessa info@bestglobalmeds.com<\/p>\n<p>Osta Bunex 0,2 mg (buprenorfiini) verkosta<\/p>\n<p>Bunex 0.2 mg (buprenorfiini) hinnat verkossa<\/p>\n<p>Bunex 0,2 mg (buprenorfiini) hinnat<\/p>\n<p>&nbsp;<\/p>\n<p>osta Bunex 0,2 mg (buprenorfiini)<\/p>\n","protected":false},"featured_media":5164,"comment_status":"open","ping_status":"closed","template":"","meta":[],"product_brand":[],"product_cat":[1117],"product_tag":[1240,1237,1238,1239,1241,1242,1243,1245,1244,1246],"class_list":{"0":"post-5148","1":"product","2":"type-product","3":"status-publish","4":"has-post-thumbnail","6":"product_cat-osta-kipu-uni-ja-seksipillereita","7":"product_tag-bunex-buprenorfiini-0-2mg-by-safe-pharma","8":"product_tag-bunex-buprenorfiini-0-20-mg","9":"product_tag-bunex-buprenorfiini-0-20mg-ja-steroidit","10":"product_tag-bunex-buprenorfiini-0-20mg-verkossa","11":"product_tag-bunex-buprenorfiini-8-mg","12":"product_tag-bunex-buprenorphine-online","13":"product_tag-bunex-buprenorfiini","14":"product_tag-cbt-pharmaceuticals-shop-pain-killers-bunex-buprenorphine-20-mg","15":"product_tag-osta-buprenorfiini-bunex-0-20mg","16":"product_tag-tramapartramadol-hcl-paracetamol-price-3-buy-online-bunexbuprenorphine","18":"first","19":"instock","20":"shipping-taxable","21":"purchasable","22":"product-type-variable","23":"has-default-attributes"},"yoast_head":"<!-- This site is optimized with the Yoast SEO plugin v27.3 - https:\/\/yoast.com\/product\/yoast-seo-wordpress\/ -->\n<title>Osta Bunex 0,2 mg (buprenorfiini) - Researchem<\/title>\n<meta name=\"description\" content=\"Osta Bunex 0,2 mg (buprenorfiini) myyt\u00e4v\u00e4ksi Isossa-Britanniassa, EU:ssa verkossa Bestglobalmeds.com.com-apteekista halvalla ja edullisella hinnalla sek\u00e4 turvallisella ja nopealla toimituksella\" \/>\n<meta name=\"robots\" content=\"index, follow, max-snippet:-1, max-image-preview:large, max-video-preview:-1\" \/>\n<link rel=\"canonical\" href=\"https:\/\/medicinasinc.com\/fi\/product\/osta-bunex-0-2mg-buprenorfiini\/\" \/>\n<meta property=\"og:locale\" content=\"en_US\" \/>\n<meta property=\"og:type\" content=\"article\" \/>\n<meta property=\"og:title\" content=\"Osta Bunex 0,2 mg (buprenorfiini) - Researchem\" \/>\n<meta property=\"og:description\" content=\"Osta Bunex 0,2 mg (buprenorfiini) myyt\u00e4v\u00e4ksi Isossa-Britanniassa, EU:ssa verkossa Bestglobalmeds.com.com-apteekista halvalla ja edullisella hinnalla sek\u00e4 turvallisella ja nopealla toimituksella\" \/>\n<meta property=\"og:url\" content=\"https:\/\/medicinasinc.com\/fi\/product\/osta-bunex-0-2mg-buprenorfiini\/\" \/>\n<meta property=\"og:site_name\" content=\"Medicinas Inc\" \/>\n<meta property=\"article:modified_time\" content=\"2022-03-22T01:06:05+00:00\" \/>\n<meta property=\"og:image\" content=\"https:\/\/medicinasinc.com\/fi\/wp-content\/uploads\/sites\/12\/2022\/02\/Buy-Bunex-0.2mg.jpg\" \/>\n\t<meta property=\"og:image:width\" content=\"600\" \/>\n\t<meta property=\"og:image:height\" content=\"600\" \/>\n\t<meta property=\"og:image:type\" content=\"image\/jpeg\" \/>\n<meta name=\"twitter:card\" content=\"summary_large_image\" \/>\n<meta name=\"twitter:label1\" content=\"Est. reading time\" \/>\n\t<meta name=\"twitter:data1\" content=\"2 minutes\" \/>\n<script type=\"application\/ld+json\" class=\"yoast-schema-graph\">{\"@context\":\"https:\\\/\\\/schema.org\",\"@graph\":[{\"@type\":\"WebPage\",\"@id\":\"https:\\\/\\\/medicinasinc.com\\\/fi\\\/product\\\/osta-bunex-0-2mg-buprenorfiini\\\/\",\"url\":\"https:\\\/\\\/medicinasinc.com\\\/fi\\\/product\\\/osta-bunex-0-2mg-buprenorfiini\\\/\",\"name\":\"Osta Bunex 0,2 mg (buprenorfiini) - Researchem\",\"isPartOf\":{\"@id\":\"https:\\\/\\\/medicinasinc.com\\\/fi\\\/#website\"},\"primaryImageOfPage\":{\"@id\":\"https:\\\/\\\/medicinasinc.com\\\/fi\\\/product\\\/osta-bunex-0-2mg-buprenorfiini\\\/#primaryimage\"},\"image\":{\"@id\":\"https:\\\/\\\/medicinasinc.com\\\/fi\\\/product\\\/osta-bunex-0-2mg-buprenorfiini\\\/#primaryimage\"},\"thumbnailUrl\":\"https:\\\/\\\/medicinasinc.com\\\/fi\\\/wp-content\\\/uploads\\\/sites\\\/12\\\/2022\\\/02\\\/Buy-Bunex-0.2mg.jpg\",\"datePublished\":\"2022-02-20T21:04:44+00:00\",\"dateModified\":\"2022-03-22T01:06:05+00:00\",\"description\":\"Osta Bunex 0,2 mg (buprenorfiini) myyt\u00e4v\u00e4ksi Isossa-Britanniassa, EU:ssa verkossa Bestglobalmeds.com.com-apteekista halvalla ja edullisella hinnalla sek\u00e4 turvallisella ja nopealla toimituksella\",\"breadcrumb\":{\"@id\":\"https:\\\/\\\/medicinasinc.com\\\/fi\\\/product\\\/osta-bunex-0-2mg-buprenorfiini\\\/#breadcrumb\"},\"inLanguage\":\"en-US\",\"potentialAction\":[{\"@type\":\"ReadAction\",\"target\":[\"https:\\\/\\\/medicinasinc.com\\\/fi\\\/product\\\/osta-bunex-0-2mg-buprenorfiini\\\/\"]}]},{\"@type\":\"ImageObject\",\"inLanguage\":\"en-US\",\"@id\":\"https:\\\/\\\/medicinasinc.com\\\/fi\\\/product\\\/osta-bunex-0-2mg-buprenorfiini\\\/#primaryimage\",\"url\":\"https:\\\/\\\/medicinasinc.com\\\/fi\\\/wp-content\\\/uploads\\\/sites\\\/12\\\/2022\\\/02\\\/Buy-Bunex-0.2mg.jpg\",\"contentUrl\":\"https:\\\/\\\/medicinasinc.com\\\/fi\\\/wp-content\\\/uploads\\\/sites\\\/12\\\/2022\\\/02\\\/Buy-Bunex-0.2mg.jpg\",\"width\":600,\"height\":600},{\"@type\":\"BreadcrumbList\",\"@id\":\"https:\\\/\\\/medicinasinc.com\\\/fi\\\/product\\\/osta-bunex-0-2mg-buprenorfiini\\\/#breadcrumb\",\"itemListElement\":[{\"@type\":\"ListItem\",\"position\":1,\"name\":\"Myym\u00e4l\u00e4\",\"item\":\"https:\\\/\\\/medicinasinc.com\\\/fi\\\/myymala\\\/\"},{\"@type\":\"ListItem\",\"position\":2,\"name\":\"Osta Bunex 0,2 mg (buprenorfiini)\"}]},{\"@type\":\"WebSite\",\"@id\":\"https:\\\/\\\/medicinasinc.com\\\/fi\\\/#website\",\"url\":\"https:\\\/\\\/medicinasinc.com\\\/fi\\\/\",\"name\":\"Medicinas Inc\",\"description\":\"Health Medical Clinic\",\"potentialAction\":[{\"@type\":\"SearchAction\",\"target\":{\"@type\":\"EntryPoint\",\"urlTemplate\":\"https:\\\/\\\/medicinasinc.com\\\/fi\\\/?s={search_term_string}\"},\"query-input\":{\"@type\":\"PropertyValueSpecification\",\"valueRequired\":true,\"valueName\":\"search_term_string\"}}],\"inLanguage\":\"en-US\"}]}<\/script>\n<!-- \/ Yoast SEO plugin. -->","yoast_head_json":{"title":"Osta Bunex 0,2 mg (buprenorfiini) - Researchem","description":"Osta Bunex 0,2 mg (buprenorfiini) myyt\u00e4v\u00e4ksi Isossa-Britanniassa, EU:ssa verkossa Bestglobalmeds.com.com-apteekista halvalla ja edullisella hinnalla sek\u00e4 turvallisella ja nopealla toimituksella","robots":{"index":"index","follow":"follow","max-snippet":"max-snippet:-1","max-image-preview":"max-image-preview:large","max-video-preview":"max-video-preview:-1"},"canonical":"https:\/\/medicinasinc.com\/fi\/product\/osta-bunex-0-2mg-buprenorfiini\/","og_locale":"en_US","og_type":"article","og_title":"Osta Bunex 0,2 mg (buprenorfiini) - Researchem","og_description":"Osta Bunex 0,2 mg (buprenorfiini) myyt\u00e4v\u00e4ksi Isossa-Britanniassa, EU:ssa verkossa Bestglobalmeds.com.com-apteekista halvalla ja edullisella hinnalla sek\u00e4 turvallisella ja nopealla toimituksella","og_url":"https:\/\/medicinasinc.com\/fi\/product\/osta-bunex-0-2mg-buprenorfiini\/","og_site_name":"Medicinas Inc","article_modified_time":"2022-03-22T01:06:05+00:00","og_image":[{"width":600,"height":600,"url":"https:\/\/medicinasinc.com\/fi\/wp-content\/uploads\/sites\/12\/2022\/02\/Buy-Bunex-0.2mg.jpg","type":"image\/jpeg"}],"twitter_card":"summary_large_image","twitter_misc":{"Est. reading time":"2 minutes"},"schema":{"@context":"https:\/\/schema.org","@graph":[{"@type":"WebPage","@id":"https:\/\/medicinasinc.com\/fi\/product\/osta-bunex-0-2mg-buprenorfiini\/","url":"https:\/\/medicinasinc.com\/fi\/product\/osta-bunex-0-2mg-buprenorfiini\/","name":"Osta Bunex 0,2 mg (buprenorfiini) - Researchem","isPartOf":{"@id":"https:\/\/medicinasinc.com\/fi\/#website"},"primaryImageOfPage":{"@id":"https:\/\/medicinasinc.com\/fi\/product\/osta-bunex-0-2mg-buprenorfiini\/#primaryimage"},"image":{"@id":"https:\/\/medicinasinc.com\/fi\/product\/osta-bunex-0-2mg-buprenorfiini\/#primaryimage"},"thumbnailUrl":"https:\/\/medicinasinc.com\/fi\/wp-content\/uploads\/sites\/12\/2022\/02\/Buy-Bunex-0.2mg.jpg","datePublished":"2022-02-20T21:04:44+00:00","dateModified":"2022-03-22T01:06:05+00:00","description":"Osta Bunex 0,2 mg (buprenorfiini) myyt\u00e4v\u00e4ksi Isossa-Britanniassa, EU:ssa verkossa Bestglobalmeds.com.com-apteekista halvalla ja edullisella hinnalla sek\u00e4 turvallisella ja nopealla toimituksella","breadcrumb":{"@id":"https:\/\/medicinasinc.com\/fi\/product\/osta-bunex-0-2mg-buprenorfiini\/#breadcrumb"},"inLanguage":"en-US","potentialAction":[{"@type":"ReadAction","target":["https:\/\/medicinasinc.com\/fi\/product\/osta-bunex-0-2mg-buprenorfiini\/"]}]},{"@type":"ImageObject","inLanguage":"en-US","@id":"https:\/\/medicinasinc.com\/fi\/product\/osta-bunex-0-2mg-buprenorfiini\/#primaryimage","url":"https:\/\/medicinasinc.com\/fi\/wp-content\/uploads\/sites\/12\/2022\/02\/Buy-Bunex-0.2mg.jpg","contentUrl":"https:\/\/medicinasinc.com\/fi\/wp-content\/uploads\/sites\/12\/2022\/02\/Buy-Bunex-0.2mg.jpg","width":600,"height":600},{"@type":"BreadcrumbList","@id":"https:\/\/medicinasinc.com\/fi\/product\/osta-bunex-0-2mg-buprenorfiini\/#breadcrumb","itemListElement":[{"@type":"ListItem","position":1,"name":"Myym\u00e4l\u00e4","item":"https:\/\/medicinasinc.com\/fi\/myymala\/"},{"@type":"ListItem","position":2,"name":"Osta Bunex 0,2 mg (buprenorfiini)"}]},{"@type":"WebSite","@id":"https:\/\/medicinasinc.com\/fi\/#website","url":"https:\/\/medicinasinc.com\/fi\/","name":"Medicinas Inc","description":"Health Medical Clinic","potentialAction":[{"@type":"SearchAction","target":{"@type":"EntryPoint","urlTemplate":"https:\/\/medicinasinc.com\/fi\/?s={search_term_string}"},"query-input":{"@type":"PropertyValueSpecification","valueRequired":true,"valueName":"search_term_string"}}],"inLanguage":"en-US"}]}},"_links":{"self":[{"href":"https:\/\/medicinasinc.com\/fi\/wp-json\/wp\/v2\/product\/5148","targetHints":{"allow":["GET"]}}],"collection":[{"href":"https:\/\/medicinasinc.com\/fi\/wp-json\/wp\/v2\/product"}],"about":[{"href":"https:\/\/medicinasinc.com\/fi\/wp-json\/wp\/v2\/types\/product"}],"replies":[{"embeddable":true,"href":"https:\/\/medicinasinc.com\/fi\/wp-json\/wp\/v2\/comments?post=5148"}],"wp:featuredmedia":[{"embeddable":true,"href":"https:\/\/medicinasinc.com\/fi\/wp-json\/wp\/v2\/media\/5164"}],"wp:attachment":[{"href":"https:\/\/medicinasinc.com\/fi\/wp-json\/wp\/v2\/media?parent=5148"}],"wp:term":[{"taxonomy":"product_brand","embeddable":true,"href":"https:\/\/medicinasinc.com\/fi\/wp-json\/wp\/v2\/product_brand?post=5148"},{"taxonomy":"product_cat","embeddable":true,"href":"https:\/\/medicinasinc.com\/fi\/wp-json\/wp\/v2\/product_cat?post=5148"},{"taxonomy":"product_tag","embeddable":true,"href":"https:\/\/medicinasinc.com\/fi\/wp-json\/wp\/v2\/product_tag?post=5148"}],"curies":[{"name":"wp","href":"https:\/\/api.w.org\/{rel}","templated":true}]}}