{"id":5125,"date":"2022-02-20T20:43:45","date_gmt":"2022-02-20T20:43:45","guid":{"rendered":"https:\/\/medicinasinc.com\/fi\/?post_type=product&#038;p=5125"},"modified":"2022-03-22T01:06:15","modified_gmt":"2022-03-22T01:06:15","slug":"osta-ativan-0-5mg-1mg-2mg","status":"publish","type":"product","link":"https:\/\/medicinasinc.com\/fi\/product\/osta-ativan-0-5mg-1mg-2mg\/","title":{"rendered":"Osta Ativan 0,5 mg, 1 mg, 2 mg"},"content":{"rendered":"<p>Paras paikka ostaa Ativan on Internet. Mik\u00e4 Lorazepam tarkalleen on ja miten se toimii?<br \/> Jos haluat ostaa Ativanin verkosta, napsauta t\u00e4t\u00e4. Bentsodiatsepiinit, joihin loratsepaami kuuluu, ovat l\u00e4\u00e4keluokka. Loratsepaamin uskotaan olevan tehokas lis\u00e4\u00e4m\u00e4ll\u00e4 tiettyjen aivojen v\u00e4litt\u00e4j\u00e4aineiden toimintaa.<\/p>\n<p>Ahdistuneisuuden ja kohtausten lievitt\u00e4miseksi loratsepaamia m\u00e4\u00e4r\u00e4t\u00e4\u00e4n.<\/p>\n<p>Loratsepaamin ostaminen Internetist\u00e4 tai apteekista. l\u00e4hde Yhdysvaltojen ulkopuolella on t\u00e4ynn\u00e4 vaaraa. L\u00e4\u00e4kkeet, joita myyd\u00e4\u00e4n ja jaetaan muissa maissa kuin Yhdysvalloissa, eiv\u00e4t t\u00e4yt\u00e4 FDA:n turvallista k\u00e4ytt\u00f6\u00e4 koskevia vaatimuksia (FDA). On mahdollista, ett\u00e4 n\u00e4m\u00e4 pillerit eiv\u00e4t ole per\u00e4isin laillisesta apteekista tai sis\u00e4lt\u00e4v\u00e4t haitallisia aineita.<\/p>\n<p>Lue t\u00e4m\u00e4 huolellisesti.<br \/> Jos sinulla on myasthenia gravis, ahdaskulmaglaukooma, vaikea hengitysvajaus tai Jos olet allerginen valiumille tai vastaavalle l\u00e4\u00e4kkeelle, sinun tulee v\u00e4ltt\u00e4\u00e4 loratsepaamin ottamista.<\/p>\n<p>L\u00e4\u00e4ke loratsepaamia ei tule k\u00e4ytt\u00e4\u00e4 raskaana olevien naisten. Vauvalle annettuna t\u00e4m\u00e4 l\u00e4\u00e4kitys voi aiheuttaa vakavia synnynn\u00e4isi\u00e4 poikkeavuuksia tai hengenvaarallisia vieroitusoireita.<\/p>\n<p>Vain loratsepaamia saaneiden tulee ottaa sit\u00e4, koska se voi olla tottumuksia. Huumeiden v\u00e4\u00e4rink\u00e4ytt\u00f6 voi johtaa riippuvuuteen, yliannostukseen tai kuolemaan, jos l\u00e4\u00e4kett\u00e4 k\u00e4ytet\u00e4\u00e4n v\u00e4\u00e4rin mill\u00e4\u00e4n tavalla. Kenellek\u00e4\u00e4n, jolla on ollut huumeiden v\u00e4\u00e4rink\u00e4ytt\u00f6\u00e4 tai riippuvuutta, ei tule koskaan antaa t\u00e4t\u00e4 l\u00e4\u00e4kett\u00e4. Varmista, ett\u00e4 l\u00e4\u00e4ke s\u00e4ilytet\u00e4\u00e4n turvallisessa paikassa, jossa muut eiv\u00e4t p\u00e4\u00e4se k\u00e4siksi siihen.<\/p>\n<p>Jos k\u00e4yt\u00e4t loratsepaamia alkoholin, opioidien tai muiden l\u00e4\u00e4kkeiden kanssa, jotka saavat sinut uneliaaksi tai hidastavat hengityst\u00e4si, saatat kokea kuoleman. haittavaikutuksia.<\/p>\n<p>Keskeyt\u00e4 ennen mink\u00e4\u00e4n l\u00e4\u00e4kkeen k\u00e4ytt\u00f6\u00e4 terveydenhuollon tarjoajasi kanssa.<br \/> seuraavat sairaudet edellytt\u00e4v\u00e4t loratsepaamihoidon v\u00e4lit\u00f6nt\u00e4 lopettamista.<\/p>\n<p>glaukooma, jossa on kapea kulma; tai<\/p>\n<p>Aiempi bentsodiatsepiiniallergia (diatsepaami, alpratsolaami, Ativan, Klonopin, Restoril, Tranxene, Valium, Versed, Xanax ja muut).<\/p>\n<p>Jos sinulla on jokin seuraavista \u00c4l\u00e4 k\u00e4yt\u00e4 loratsepaamia:<\/p>\n<p>COPD (krooninen obstruktiivinen keuhkosairaus) tai uniapnea (hengitys, joka pys\u00e4htyy unen aikana) ovat esimerkkej\u00e4 hengitysvaikeuksista.<\/p>\n<p>riippuvuus huumeista tai alkoholista <\/p>\n<p>surun, huonon mielialan tai itsemurha-ajatusten tai toiminnan oireet<\/p>\n<p>munuaisten tai maksan sairaus<\/p>\n<p>tahattomat kouristukset<\/p>\n<p>glaukooma. <\/p>\n<p>Loratsepaamin k\u00e4ytt\u00f6 raskauden aikana lis\u00e4\u00e4 riski\u00e4, \u200b\u200bett\u00e4 lapsesi tulee riippuvaiseksi l\u00e4\u00e4kkeest\u00e4. Synnytyksen j\u00e4lkeen vastasyntynyt voi kokea hengenvaarallisia vieroitusoireita t\u00e4m\u00e4n seurauksena. L\u00e4\u00e4k\u00e4rinhoitoa voidaan tarvita useiden viikkojen ajan vauvoilla, jotka ovat syntyneet riippuvaisiksi tottumuksia muodostavista l\u00e4\u00e4kkeist\u00e4.<\/p>\n<p>Onko minun otettava loratsepaamia tietyll\u00e4 tavalla?<br \/> Loratsepaamia tulee k\u00e4ytt\u00e4\u00e4 t\u00e4sm\u00e4lleen ohjeiden mukaisesti. Lue kaikki l\u00e4\u00e4kesuositukset ja ohjeet reseptin etiketist\u00e4. Noudata aina l\u00e4\u00e4k\u00e4risi ohjeita, kun otat loratsepaamia. Mit\u00e4 enemm\u00e4n k\u00e4yt\u00e4t t\u00e4t\u00e4 l\u00e4\u00e4kett\u00e4, sit\u00e4 todenn\u00e4k\u00f6isemmin sinun on kerrottava asiasta l\u00e4\u00e4k\u00e4rillesi.<\/p>\n<p>Loratsepaami saattaa aiheuttaa riippuvuutta. V\u00e4\u00e4rink\u00e4ytt\u00f6 voi johtaa riippuvuuteen, yliannostukseen tai jopa kuolemaan. H\u00e4vit\u00e4 l\u00e4\u00e4kkeet paikkaan, joka ei ole muiden ulottuvilla. T\u00e4m\u00e4n l\u00e4\u00e4kkeen levitt\u00e4minen tai myyminen on rikos.<\/p>\n<p>Mittaa nestem\u00e4inen l\u00e4\u00e4ke varovasti. Hanki annosmittauslaite tai k\u00e4yt\u00e4 mukana toimitettua ruiskua (ei keitti\u00f6lusikkaa).<\/p>\n<p>Ellei l\u00e4\u00e4k\u00e4risi toisin m\u00e4\u00e4r\u00e4\u00e4, \u00e4l\u00e4 k\u00e4yt\u00e4 loratsepaamia yli nelj\u00e4n kuukauden ajan kerrallaan. Jos oireesi eiv\u00e4t parane tai pahene, ota yhteytt\u00e4 l\u00e4\u00e4k\u00e4riisi.<\/p>\n<p>Kun k\u00e4yt\u00e4t t\u00e4t\u00e4 l\u00e4\u00e4kett\u00e4 pitk\u00e4\u00e4n, saatat tarvita s\u00e4\u00e4nn\u00f6llisi\u00e4 l\u00e4\u00e4k\u00e4rintarkastuksia.<\/p>\n<p>Jos lopetat \u00e4killisesti Kun k\u00e4yt\u00e4t t\u00e4t\u00e4 l\u00e4\u00e4kett\u00e4, sinulla on riski saada ep\u00e4miellytt\u00e4vi\u00e4 sivuvaikutuksia. Varaa aika l\u00e4\u00e4k\u00e4rillesi, jotta opit lopettamaan t\u00e4m\u00e4n l\u00e4\u00e4kkeen k\u00e4yt\u00f6n.<\/p>\n<p>\u00c4l\u00e4 altista kosteudelle tai korkeille l\u00e4mp\u00f6tiloille. s\u00e4ilyt\u00e4 huoneenl\u00e4mm\u00f6ss\u00e4.<\/p>\n<p>J\u00e4\u00e4kaapissa loratsepaamineste pitk\u00e4aikaista s\u00e4ilytyst\u00e4 varten. \u00c4l\u00e4 pid\u00e4 nesteit\u00e4, joita ei ole k\u00e4ytetty 90 p\u00e4iv\u00e4n kuluessa.<\/p>\n<p>Pid\u00e4 kirjaa l\u00e4\u00e4kkeist\u00e4si. Sinun tulee pit\u00e4\u00e4 silm\u00e4ll\u00e4, jos kukaan ei k\u00e4yt\u00e4 sit\u00e4 v\u00e4\u00e4rin.<\/p>\n","protected":false},"excerpt":{"rendered":"<p>Loratsepaami 0,5 mg, 1 mg, 2 mg online-hinnat, osta ativan 2 mg verkosta, osta Loratsepam-tabletit verkosta.<\/p>\n<p>Tramadol 50 mg korkea verkkohinta loratsepaami (Ativan) 2 mg tabletti. Sit\u00e4 k\u00e4ytet\u00e4\u00e4n my\u00f6s ahdistuneisuuden hoidossa.<\/p>\n<p>Lorazepam (Ativan) 2mg pillerit\/tabletit<\/p>\n<p>Ahdistuneisuus, suru ja unettomuus ovat kaikki Ativanin ahdistusl\u00e4\u00e4kityksen yleisi\u00e4 sivuvaikutuksia ( Loratsepaami) (nukkumisvaikeudet). Se on er\u00e4\u00e4nlainen bentsodiatsepiini.<\/p>\n<p>Ilman resepti\u00e4 voit ostaa Lorazepam 2mg -tabletteja verkosta (ei RX:t\u00e4).<\/p>\n","protected":false},"featured_media":5144,"comment_status":"open","ping_status":"closed","template":"","meta":[],"product_brand":[],"product_cat":[1117],"product_tag":[1208,1195,1199,1196,1197,1198,1200,1205,1201,1202,1203,1204,1207,1206,1209,1210,1211,1212,1213,1218,1221,1216,1217,1222,1223,1219,1214,1215,1220,1228,1227,1233,1236,1234,1235,1224,1229,1231,1232,1230,1225,1226],"class_list":{"0":"post-5125","1":"product","2":"type-product","3":"status-publish","4":"has-post-thumbnail","6":"product_cat-osta-kipu-uni-ja-seksipillereita","7":"product_tag-ativan-annos-2mg","8":"product_tag-ativan-1-mg-sublingvaaliset-tabletit","9":"product_tag-ativan-1mg-tabletin-sivuvaikutukset","10":"product_tag-ativan-1-mg-tabletit","11":"product_tag-ativan-1-tab","12":"product_tag-ativan-1mg-tablet-dose","13":"product_tag-ativan-2-mg-tabletit","14":"product_tag-ativan-2mg-tabletti","15":"product_tag-ativan-2-tab","16":"product_tag-ativan-2-5-mg-hinta","17":"product_tag-ativan-2mg-pilleri","18":"product_tag-ativan-2mg-sivuvaikutukset","19":"product_tag-ativan-2mg-tablet-online-order-amazon","20":"product_tag-ativan-2mg-tabletit-nro","21":"product_tag-ativan-apteekki","22":"product_tag-ativan-tab-0-5-mg","23":"product_tag-ativan-tab-1mg","24":"product_tag-ativan-tab-1mg-50","25":"product_tag-ativan-tab-1mg-precio","26":"product_tag-ativan-tablets-australia","27":"product_tag-ativan-tabletit-sublingual","28":"product_tag-ativan-tablets-1mg","29":"product_tag-ativan-tablets-2-5-mg","30":"product_tag-ativan-tablets-uk","31":"product_tag-ativan-tablets-uses","32":"product_tag-ativan-tabletit-osta","33":"product_tag-ativan-tabletti","34":"product_tag-ativan-tabletti-0-5-mg","35":"product_tag-ativan-tabletit-annos","36":"product_tag-loratsepaami-tabletit-ativan-2mg","37":"product_tag-lorazepam-2-mg-tablet-online-delivery","38":"product_tag-mit-ativan-tabletit-ovat","39":"product_tag-mihin-ativan-tabletteja-kytetn","40":"product_tag-milt-teet-ativan-tabletit-nytt","41":"product_tag-milt-ativan-tabletit-nytt","42":"product_tag-osta-ativan-verkosta","43":"product_tag-pfizer-tabletti-2-mg","44":"product_tag-tab-ativan-1mg-use-in-hindi","45":"product_tag-tivan-2mg-tabletti","46":"product_tag-tab-ativan-1","47":"product_tag-voi-ativan-tabletit-murskata","48":"product_tag-voi-ativan-tabletit-injektoida","50":"first","51":"instock","52":"shipping-taxable","53":"purchasable","54":"product-type-variable"},"yoast_head":"<!-- This site is optimized with the Yoast SEO plugin v27.3 - https:\/\/yoast.com\/product\/yoast-seo-wordpress\/ -->\n<title>Osta Ativan 2mg - Osta Ativan 1mg - Osta Ativan 0,5mg - Parhaat maailmanlaajuiset l\u00e4\u00e4kkeet<\/title>\n<meta name=\"description\" content=\"Osta Loratsepam-tabletteja verkosta, osta loratsepaamia verkosta, osta Ativan verkosta, loratsepam 0,5 mg, 1 mg, 2 mg online-hinnat, osta ativan 2mg verkosta Iso-Britannia, Eurooppa\" \/>\n<meta name=\"robots\" content=\"index, follow, max-snippet:-1, max-image-preview:large, max-video-preview:-1\" \/>\n<link rel=\"canonical\" href=\"https:\/\/medicinasinc.com\/fi\/product\/osta-ativan-0-5mg-1mg-2mg\/\" \/>\n<meta property=\"og:locale\" content=\"en_US\" \/>\n<meta property=\"og:type\" content=\"article\" \/>\n<meta property=\"og:title\" content=\"Osta Ativan 2mg - Osta Ativan 1mg - Osta Ativan 0,5mg - Parhaat maailmanlaajuiset l\u00e4\u00e4kkeet\" \/>\n<meta property=\"og:description\" content=\"Osta Loratsepam-tabletteja verkosta, osta loratsepaamia verkosta, osta Ativan verkosta, loratsepam 0,5 mg, 1 mg, 2 mg online-hinnat, osta ativan 2mg verkosta Iso-Britannia, Eurooppa\" \/>\n<meta property=\"og:url\" content=\"https:\/\/medicinasinc.com\/fi\/product\/osta-ativan-0-5mg-1mg-2mg\/\" \/>\n<meta property=\"og:site_name\" content=\"Medicinas Inc\" \/>\n<meta property=\"article:modified_time\" content=\"2022-03-22T01:06:15+00:00\" \/>\n<meta property=\"og:image\" content=\"https:\/\/medicinasinc.com\/fi\/wp-content\/uploads\/sites\/12\/2022\/02\/Buy-Ativan-Online-1.jpg\" \/>\n\t<meta property=\"og:image:width\" content=\"300\" \/>\n\t<meta property=\"og:image:height\" content=\"300\" \/>\n\t<meta property=\"og:image:type\" content=\"image\/jpeg\" \/>\n<meta name=\"twitter:card\" content=\"summary_large_image\" \/>\n<meta name=\"twitter:label1\" content=\"Est. reading time\" \/>\n\t<meta name=\"twitter:data1\" content=\"3 minutes\" \/>\n<script type=\"application\/ld+json\" class=\"yoast-schema-graph\">{\"@context\":\"https:\\\/\\\/schema.org\",\"@graph\":[{\"@type\":\"WebPage\",\"@id\":\"https:\\\/\\\/medicinasinc.com\\\/fi\\\/product\\\/osta-ativan-0-5mg-1mg-2mg\\\/\",\"url\":\"https:\\\/\\\/medicinasinc.com\\\/fi\\\/product\\\/osta-ativan-0-5mg-1mg-2mg\\\/\",\"name\":\"Osta Ativan 2mg - Osta Ativan 1mg - Osta Ativan 0,5mg - Parhaat maailmanlaajuiset l\u00e4\u00e4kkeet\",\"isPartOf\":{\"@id\":\"https:\\\/\\\/medicinasinc.com\\\/fi\\\/#website\"},\"primaryImageOfPage\":{\"@id\":\"https:\\\/\\\/medicinasinc.com\\\/fi\\\/product\\\/osta-ativan-0-5mg-1mg-2mg\\\/#primaryimage\"},\"image\":{\"@id\":\"https:\\\/\\\/medicinasinc.com\\\/fi\\\/product\\\/osta-ativan-0-5mg-1mg-2mg\\\/#primaryimage\"},\"thumbnailUrl\":\"https:\\\/\\\/medicinasinc.com\\\/fi\\\/wp-content\\\/uploads\\\/sites\\\/12\\\/2022\\\/02\\\/Buy-Ativan-Online-1.jpg\",\"datePublished\":\"2022-02-20T20:43:45+00:00\",\"dateModified\":\"2022-03-22T01:06:15+00:00\",\"description\":\"Osta Loratsepam-tabletteja verkosta, osta loratsepaamia verkosta, osta Ativan verkosta, loratsepam 0,5 mg, 1 mg, 2 mg online-hinnat, osta ativan 2mg verkosta Iso-Britannia, Eurooppa\",\"breadcrumb\":{\"@id\":\"https:\\\/\\\/medicinasinc.com\\\/fi\\\/product\\\/osta-ativan-0-5mg-1mg-2mg\\\/#breadcrumb\"},\"inLanguage\":\"en-US\",\"potentialAction\":[{\"@type\":\"ReadAction\",\"target\":[\"https:\\\/\\\/medicinasinc.com\\\/fi\\\/product\\\/osta-ativan-0-5mg-1mg-2mg\\\/\"]}]},{\"@type\":\"ImageObject\",\"inLanguage\":\"en-US\",\"@id\":\"https:\\\/\\\/medicinasinc.com\\\/fi\\\/product\\\/osta-ativan-0-5mg-1mg-2mg\\\/#primaryimage\",\"url\":\"https:\\\/\\\/medicinasinc.com\\\/fi\\\/wp-content\\\/uploads\\\/sites\\\/12\\\/2022\\\/02\\\/Buy-Ativan-Online-1.jpg\",\"contentUrl\":\"https:\\\/\\\/medicinasinc.com\\\/fi\\\/wp-content\\\/uploads\\\/sites\\\/12\\\/2022\\\/02\\\/Buy-Ativan-Online-1.jpg\",\"width\":300,\"height\":300},{\"@type\":\"BreadcrumbList\",\"@id\":\"https:\\\/\\\/medicinasinc.com\\\/fi\\\/product\\\/osta-ativan-0-5mg-1mg-2mg\\\/#breadcrumb\",\"itemListElement\":[{\"@type\":\"ListItem\",\"position\":1,\"name\":\"Myym\u00e4l\u00e4\",\"item\":\"https:\\\/\\\/medicinasinc.com\\\/fi\\\/myymala\\\/\"},{\"@type\":\"ListItem\",\"position\":2,\"name\":\"Osta Ativan 0,5 mg, 1 mg, 2 mg\"}]},{\"@type\":\"WebSite\",\"@id\":\"https:\\\/\\\/medicinasinc.com\\\/fi\\\/#website\",\"url\":\"https:\\\/\\\/medicinasinc.com\\\/fi\\\/\",\"name\":\"Medicinas Inc\",\"description\":\"Health Medical Clinic\",\"potentialAction\":[{\"@type\":\"SearchAction\",\"target\":{\"@type\":\"EntryPoint\",\"urlTemplate\":\"https:\\\/\\\/medicinasinc.com\\\/fi\\\/?s={search_term_string}\"},\"query-input\":{\"@type\":\"PropertyValueSpecification\",\"valueRequired\":true,\"valueName\":\"search_term_string\"}}],\"inLanguage\":\"en-US\"}]}<\/script>\n<!-- \/ Yoast SEO plugin. -->","yoast_head_json":{"title":"Osta Ativan 2mg - Osta Ativan 1mg - Osta Ativan 0,5mg - Parhaat maailmanlaajuiset l\u00e4\u00e4kkeet","description":"Osta Loratsepam-tabletteja verkosta, osta loratsepaamia verkosta, osta Ativan verkosta, loratsepam 0,5 mg, 1 mg, 2 mg online-hinnat, osta ativan 2mg verkosta Iso-Britannia, Eurooppa","robots":{"index":"index","follow":"follow","max-snippet":"max-snippet:-1","max-image-preview":"max-image-preview:large","max-video-preview":"max-video-preview:-1"},"canonical":"https:\/\/medicinasinc.com\/fi\/product\/osta-ativan-0-5mg-1mg-2mg\/","og_locale":"en_US","og_type":"article","og_title":"Osta Ativan 2mg - Osta Ativan 1mg - Osta Ativan 0,5mg - Parhaat maailmanlaajuiset l\u00e4\u00e4kkeet","og_description":"Osta Loratsepam-tabletteja verkosta, osta loratsepaamia verkosta, osta Ativan verkosta, loratsepam 0,5 mg, 1 mg, 2 mg online-hinnat, osta ativan 2mg verkosta Iso-Britannia, Eurooppa","og_url":"https:\/\/medicinasinc.com\/fi\/product\/osta-ativan-0-5mg-1mg-2mg\/","og_site_name":"Medicinas Inc","article_modified_time":"2022-03-22T01:06:15+00:00","og_image":[{"width":300,"height":300,"url":"https:\/\/medicinasinc.com\/fi\/wp-content\/uploads\/sites\/12\/2022\/02\/Buy-Ativan-Online-1.jpg","type":"image\/jpeg"}],"twitter_card":"summary_large_image","twitter_misc":{"Est. reading time":"3 minutes"},"schema":{"@context":"https:\/\/schema.org","@graph":[{"@type":"WebPage","@id":"https:\/\/medicinasinc.com\/fi\/product\/osta-ativan-0-5mg-1mg-2mg\/","url":"https:\/\/medicinasinc.com\/fi\/product\/osta-ativan-0-5mg-1mg-2mg\/","name":"Osta Ativan 2mg - Osta Ativan 1mg - Osta Ativan 0,5mg - Parhaat maailmanlaajuiset l\u00e4\u00e4kkeet","isPartOf":{"@id":"https:\/\/medicinasinc.com\/fi\/#website"},"primaryImageOfPage":{"@id":"https:\/\/medicinasinc.com\/fi\/product\/osta-ativan-0-5mg-1mg-2mg\/#primaryimage"},"image":{"@id":"https:\/\/medicinasinc.com\/fi\/product\/osta-ativan-0-5mg-1mg-2mg\/#primaryimage"},"thumbnailUrl":"https:\/\/medicinasinc.com\/fi\/wp-content\/uploads\/sites\/12\/2022\/02\/Buy-Ativan-Online-1.jpg","datePublished":"2022-02-20T20:43:45+00:00","dateModified":"2022-03-22T01:06:15+00:00","description":"Osta Loratsepam-tabletteja verkosta, osta loratsepaamia verkosta, osta Ativan verkosta, loratsepam 0,5 mg, 1 mg, 2 mg online-hinnat, osta ativan 2mg verkosta Iso-Britannia, Eurooppa","breadcrumb":{"@id":"https:\/\/medicinasinc.com\/fi\/product\/osta-ativan-0-5mg-1mg-2mg\/#breadcrumb"},"inLanguage":"en-US","potentialAction":[{"@type":"ReadAction","target":["https:\/\/medicinasinc.com\/fi\/product\/osta-ativan-0-5mg-1mg-2mg\/"]}]},{"@type":"ImageObject","inLanguage":"en-US","@id":"https:\/\/medicinasinc.com\/fi\/product\/osta-ativan-0-5mg-1mg-2mg\/#primaryimage","url":"https:\/\/medicinasinc.com\/fi\/wp-content\/uploads\/sites\/12\/2022\/02\/Buy-Ativan-Online-1.jpg","contentUrl":"https:\/\/medicinasinc.com\/fi\/wp-content\/uploads\/sites\/12\/2022\/02\/Buy-Ativan-Online-1.jpg","width":300,"height":300},{"@type":"BreadcrumbList","@id":"https:\/\/medicinasinc.com\/fi\/product\/osta-ativan-0-5mg-1mg-2mg\/#breadcrumb","itemListElement":[{"@type":"ListItem","position":1,"name":"Myym\u00e4l\u00e4","item":"https:\/\/medicinasinc.com\/fi\/myymala\/"},{"@type":"ListItem","position":2,"name":"Osta Ativan 0,5 mg, 1 mg, 2 mg"}]},{"@type":"WebSite","@id":"https:\/\/medicinasinc.com\/fi\/#website","url":"https:\/\/medicinasinc.com\/fi\/","name":"Medicinas Inc","description":"Health Medical Clinic","potentialAction":[{"@type":"SearchAction","target":{"@type":"EntryPoint","urlTemplate":"https:\/\/medicinasinc.com\/fi\/?s={search_term_string}"},"query-input":{"@type":"PropertyValueSpecification","valueRequired":true,"valueName":"search_term_string"}}],"inLanguage":"en-US"}]}},"_links":{"self":[{"href":"https:\/\/medicinasinc.com\/fi\/wp-json\/wp\/v2\/product\/5125","targetHints":{"allow":["GET"]}}],"collection":[{"href":"https:\/\/medicinasinc.com\/fi\/wp-json\/wp\/v2\/product"}],"about":[{"href":"https:\/\/medicinasinc.com\/fi\/wp-json\/wp\/v2\/types\/product"}],"replies":[{"embeddable":true,"href":"https:\/\/medicinasinc.com\/fi\/wp-json\/wp\/v2\/comments?post=5125"}],"wp:featuredmedia":[{"embeddable":true,"href":"https:\/\/medicinasinc.com\/fi\/wp-json\/wp\/v2\/media\/5144"}],"wp:attachment":[{"href":"https:\/\/medicinasinc.com\/fi\/wp-json\/wp\/v2\/media?parent=5125"}],"wp:term":[{"taxonomy":"product_brand","embeddable":true,"href":"https:\/\/medicinasinc.com\/fi\/wp-json\/wp\/v2\/product_brand?post=5125"},{"taxonomy":"product_cat","embeddable":true,"href":"https:\/\/medicinasinc.com\/fi\/wp-json\/wp\/v2\/product_cat?post=5125"},{"taxonomy":"product_tag","embeddable":true,"href":"https:\/\/medicinasinc.com\/fi\/wp-json\/wp\/v2\/product_tag?post=5125"}],"curies":[{"name":"wp","href":"https:\/\/api.w.org\/{rel}","templated":true}]}}