{"id":5124,"date":"2022-02-20T20:42:48","date_gmt":"2022-02-20T20:42:48","guid":{"rendered":"https:\/\/medicinasinc.com\/fi\/?post_type=product&#038;p=5124"},"modified":"2022-03-22T01:06:24","modified_gmt":"2022-03-22T01:06:24","slug":"buy-ambien-10-mg","status":"publish","type":"product","link":"https:\/\/medicinasinc.com\/fi\/product\/buy-ambien-10-mg\/","title":{"rendered":"Osta Ambien 10 mg"},"content":{"rendered":"<div class=\"ty-tabs cm-j-tabs clearfix\">\n<p>osta Ambien 10mg verkosta<\/p>\n<h2><a href=\"https:\/\/www.bestglobalmeds.com\/category\/blog\/\" target=\"_blank\" rel=\"noopener\">Osta Ambien 10mg Y\u00f6n toimitus<\/a><\/h2>\n<h2>Osta Ambien 10mg verkosta<\/h2>\n<p>Yhdysvaltojen alin hinta\u00a0<em>Ambien<\/em> &gt;\u00a0(<em>Zolpidem<\/em>\u00a05mg &amp;\u00a0<em>10mg<\/em>) -pillerit ja Yhdysvaltain ensimm\u00e4inen laillinen rekister\u00f6ity online-l\u00e4\u00e4k\u00e4ripalvelu, joka tarjoaa sen. Free Tracked UK Delivery.Ambien, Zolpidem, ambien\u00a0<em>10mg<\/em>, Zolpidem Tartrate, osta unil\u00e4\u00e4kkeit\u00e4 verkosta, osta ahdistuneisuusl\u00e4\u00e4kkeit\u00e4 verkosta, masennusl\u00e4\u00e4kkeet,\u00a0<em>osta ambien<\/em>\u00a0ilman resepti\u00e4.<\/p>\n<ul class=\"ty-tabs__list\">\n<li id=\"description\" class=\"ty-tabs__item cm-js active\"><a class=\"ty-tabs__a\">Kuvaus<\/a><\/li>\n<li id=\"product_tab_9\" class=\"ty-tabs__item cm-js\"><a class=\"ty-tabs__a\">Potilastiedot<\/a><\/li>\n<\/ul><\/div>\n<div id=\"tabs_content \" class=\"cm-tabs-content ty-tabs__content clearfix\">\n<div id=\"content_description\" class=\"ty-wysiwyg-content content-description active\">\n<div>\n<div class=\"product-description\">\n<h4>Nuku Zolpidemin ja Ambienin kanssa<\/h4>\n<table>\n<thead>\n<tr>\n<th>Zolpidem<\/th>\n<th>M\u00e4\u00e4r\u00e4<\/th>\n<th>Tyyppi<\/th>\n<th>Varasto<\/th>\n<p> th&gt; <\/tr>\n<\/thead>\n<tbody>\n<tr>\n<th>Ambien<\/th>\n<th>5 mg<\/th>\n<th>Tabletit<\/th>\n<th>Osta US\u2713<\/th>\n<\/tr>\n<tr>\n<td>Tsolpidem-tabletit<\/td>\n<td>5 mg<\/td>\n<td>Pillerit<\/td>\n<td>Verkossa USA \u2713<\/td>\n<\/tr>\n<tr>\n<td>Ambien-tabletit<\/td>\n<td>10 mg<\/td>\n<td>L\u00e4\u00e4ketiede e<\/td>\n<td>US \u2713<\/td>\n<\/tr>\n<\/tbody>\n<\/table>\n<h4>Varotoimet ennen Zolpidemin ottamista<\/h4>\n<p>On varotoimenpiteit\u00e4, jotka on otettava huomioon ennen kuin p\u00e4\u00e4tet\u00e4\u00e4n ota se. Tietyiss\u00e4 olosuhteissa se ei ehk\u00e4 ole sopivin l\u00e4\u00e4kevaihtoehto. Kysy l\u00e4\u00e4k\u00e4rilt\u00e4 terveytesi soveltuvuutta k\u00e4ytt\u00e4\u00e4 sit\u00e4 unettomuuden hoitona. Jos sinulla on jokin seuraavista tilanteista, hakeudu l\u00e4\u00e4k\u00e4rin hoitoon:<\/p>\n<ul>\n<li>Alkoholismin tai huumeiden v\u00e4\u00e4rink\u00e4ytt\u00f6<\/li>\n<li>Olet raskaana tai suunnittelet raskautta.<\/li>\n<li>On hengityssairaus (keuhkoputkentulehdus, astma tai emfyseema)<\/li>\n<li>Aiemmin maksa- tai munuaissairaus<\/li>\n<li>Onko sinulla myasthenia gravis (lihasten heikkenemisest\u00e4 johtuva hermosairaus)<\/li>\n<li>Allergiat johonkin ainesosaan<\/li>\n<li>On toistuva persoonallisuush\u00e4iri\u00f6 tai masennus<\/li>\n<li>Onko h\u00e4nell\u00e4 uniapnea<\/li>\n<li>Ik\u00e4\u00e4ntynyt<\/li>\n<\/ul>\n<p>Hyvin harvoin Joissakin tapauksissa Ambienin k\u00e4ytt\u00f6 voi aiheuttaa haittavaikutuksia, kuten huulten, kasvojen, kurkun ja kielen turvotusta tai hengitysvaikeuksia. On my\u00f6s suositeltavaa, ett\u00e4 sit\u00e4 ei tulisi k\u00e4ytt\u00e4\u00e4 jatkuvasti yli 4 viikkoa, koska se voi johtaa vieroitusoireisiin, kuten oksenteluun, pahoinvointiin, ahdistukseen ja vatsakramppeihin. Lyhytaikaisena <a href=\"https:\/\/globalhomemed.com\/\">unettomuuden hoitona<\/a> tunnetaan unih\u00e4iri\u00f6it\u00e4, kun lopetat sen k\u00e4yt\u00f6n. Sit\u00e4 kutsutaan &#8220;rebound-unettomuudeksi&#8221;, joka lopulta h\u00e4vi\u00e4\u00e4 yhden tai kahden p\u00e4iv\u00e4n kuluttua. Keskustele aina l\u00e4\u00e4k\u00e4risi kanssa t\u00e4m\u00e4n unil\u00e4\u00e4kkeen k\u00e4yt\u00f6st\u00e4.<\/p>\n<h2>osta Ambien 10mg verkosta<\/h2>\n<\/p><\/div><\/div><\/div><\/div>\n","protected":false},"excerpt":{"rendered":"<p>Osta Ambien 10 mg -pillereit\u00e4 verkosta. Ambienia k\u00e4ytet\u00e4\u00e4n unih\u00e4iri\u00f6n hoitoon. Pikavuototablettia k\u00e4ytet\u00e4\u00e4n auttamaan sinua ny\u00f6kk\u00e4\u00e4m\u00e4\u00e4n, kun menet ensimm\u00e4ist\u00e4 kertaa sohvalle.<\/p>\n<p>Ambien, Zolpidem, ambien\u00a0<em>10mg<\/em>, Zolpidem Tartrate, osta unil\u00e4\u00e4kkeit\u00e4 verkosta, osta anti ahdistus verkossa, masennusl\u00e4\u00e4kkeet,\u00a0<em>osta ambien<\/em>\u00a0ilman resepti\u00e4.<\/p>\n","protected":false},"featured_media":5142,"comment_status":"open","ping_status":"closed","template":"","meta":[],"product_brand":[],"product_cat":[1117],"product_tag":[],"class_list":{"0":"post-5124","1":"product","2":"type-product","3":"status-publish","4":"has-post-thumbnail","6":"product_cat-osta-kipu-uni-ja-seksipillereita","8":"first","9":"instock","10":"shipping-taxable","11":"purchasable","12":"product-type-variable","13":"has-default-attributes"},"yoast_head":"<!-- This site is optimized with the Yoast SEO plugin v27.3 - https:\/\/yoast.com\/product\/yoast-seo-wordpress\/ -->\n<title>Osta Ambien 10 mg - Ambien 10 mg - Best Global Meds<\/title>\n<meta name=\"description\" content=\"Osta Ambien 10 mg, Ambien, Zolpidem, ambien\u00a010 mg, Zolpidem Tartrate, osta unil\u00e4\u00e4kkeit\u00e4 verkosta, osta ahdistusl\u00e4\u00e4kett\u00e4 verkosta, masennusl\u00e4\u00e4kkeit\u00e4,\u00a0osta ambien\u00a0ilman resepti\u00e4.\" \/>\n<meta name=\"robots\" content=\"index, follow, max-snippet:-1, max-image-preview:large, max-video-preview:-1\" \/>\n<link rel=\"canonical\" href=\"https:\/\/medicinasinc.com\/fi\/product\/buy-ambien-10-mg\/\" \/>\n<meta property=\"og:locale\" content=\"en_US\" \/>\n<meta property=\"og:type\" content=\"article\" \/>\n<meta property=\"og:title\" content=\"Osta Ambien 10 mg - Ambien 10 mg - Best Global Meds\" \/>\n<meta property=\"og:description\" content=\"Osta Ambien 10 mg, Ambien, Zolpidem, ambien\u00a010 mg, Zolpidem Tartrate, osta unil\u00e4\u00e4kkeit\u00e4 verkosta, osta ahdistusl\u00e4\u00e4kett\u00e4 verkosta, masennusl\u00e4\u00e4kkeit\u00e4,\u00a0osta ambien\u00a0ilman resepti\u00e4.\" \/>\n<meta property=\"og:url\" content=\"https:\/\/medicinasinc.com\/fi\/product\/buy-ambien-10-mg\/\" \/>\n<meta property=\"og:site_name\" content=\"Medicinas Inc\" \/>\n<meta property=\"article:modified_time\" content=\"2022-03-22T01:06:24+00:00\" \/>\n<meta property=\"og:image\" content=\"https:\/\/medicinasinc.com\/fi\/wp-content\/uploads\/sites\/12\/2022\/02\/Buy-Ambien-10mg.jpg\" \/>\n\t<meta property=\"og:image:width\" content=\"225\" \/>\n\t<meta property=\"og:image:height\" content=\"225\" \/>\n\t<meta property=\"og:image:type\" content=\"image\/jpeg\" \/>\n<meta name=\"twitter:card\" content=\"summary_large_image\" \/>\n<meta name=\"twitter:label1\" content=\"Est. reading time\" \/>\n\t<meta name=\"twitter:data1\" content=\"2 minutes\" \/>\n<script type=\"application\/ld+json\" class=\"yoast-schema-graph\">{\"@context\":\"https:\\\/\\\/schema.org\",\"@graph\":[{\"@type\":\"WebPage\",\"@id\":\"https:\\\/\\\/medicinasinc.com\\\/fi\\\/product\\\/buy-ambien-10-mg\\\/\",\"url\":\"https:\\\/\\\/medicinasinc.com\\\/fi\\\/product\\\/buy-ambien-10-mg\\\/\",\"name\":\"Osta Ambien 10 mg - Ambien 10 mg - Best Global Meds\",\"isPartOf\":{\"@id\":\"https:\\\/\\\/medicinasinc.com\\\/fi\\\/#website\"},\"primaryImageOfPage\":{\"@id\":\"https:\\\/\\\/medicinasinc.com\\\/fi\\\/product\\\/buy-ambien-10-mg\\\/#primaryimage\"},\"image\":{\"@id\":\"https:\\\/\\\/medicinasinc.com\\\/fi\\\/product\\\/buy-ambien-10-mg\\\/#primaryimage\"},\"thumbnailUrl\":\"https:\\\/\\\/medicinasinc.com\\\/fi\\\/wp-content\\\/uploads\\\/sites\\\/12\\\/2022\\\/02\\\/Buy-Ambien-10mg.jpg\",\"datePublished\":\"2022-02-20T20:42:48+00:00\",\"dateModified\":\"2022-03-22T01:06:24+00:00\",\"description\":\"Osta Ambien 10 mg, Ambien, Zolpidem, ambien\u00a010 mg, Zolpidem Tartrate, osta unil\u00e4\u00e4kkeit\u00e4 verkosta, osta ahdistusl\u00e4\u00e4kett\u00e4 verkosta, masennusl\u00e4\u00e4kkeit\u00e4,\u00a0osta ambien\u00a0ilman resepti\u00e4.\",\"breadcrumb\":{\"@id\":\"https:\\\/\\\/medicinasinc.com\\\/fi\\\/product\\\/buy-ambien-10-mg\\\/#breadcrumb\"},\"inLanguage\":\"en-US\",\"potentialAction\":[{\"@type\":\"ReadAction\",\"target\":[\"https:\\\/\\\/medicinasinc.com\\\/fi\\\/product\\\/buy-ambien-10-mg\\\/\"]}]},{\"@type\":\"ImageObject\",\"inLanguage\":\"en-US\",\"@id\":\"https:\\\/\\\/medicinasinc.com\\\/fi\\\/product\\\/buy-ambien-10-mg\\\/#primaryimage\",\"url\":\"https:\\\/\\\/medicinasinc.com\\\/fi\\\/wp-content\\\/uploads\\\/sites\\\/12\\\/2022\\\/02\\\/Buy-Ambien-10mg.jpg\",\"contentUrl\":\"https:\\\/\\\/medicinasinc.com\\\/fi\\\/wp-content\\\/uploads\\\/sites\\\/12\\\/2022\\\/02\\\/Buy-Ambien-10mg.jpg\",\"width\":225,\"height\":225},{\"@type\":\"BreadcrumbList\",\"@id\":\"https:\\\/\\\/medicinasinc.com\\\/fi\\\/product\\\/buy-ambien-10-mg\\\/#breadcrumb\",\"itemListElement\":[{\"@type\":\"ListItem\",\"position\":1,\"name\":\"Myym\u00e4l\u00e4\",\"item\":\"https:\\\/\\\/medicinasinc.com\\\/fi\\\/myymala\\\/\"},{\"@type\":\"ListItem\",\"position\":2,\"name\":\"Osta Ambien 10 mg\"}]},{\"@type\":\"WebSite\",\"@id\":\"https:\\\/\\\/medicinasinc.com\\\/fi\\\/#website\",\"url\":\"https:\\\/\\\/medicinasinc.com\\\/fi\\\/\",\"name\":\"Medicinas Inc\",\"description\":\"Health Medical Clinic\",\"potentialAction\":[{\"@type\":\"SearchAction\",\"target\":{\"@type\":\"EntryPoint\",\"urlTemplate\":\"https:\\\/\\\/medicinasinc.com\\\/fi\\\/?s={search_term_string}\"},\"query-input\":{\"@type\":\"PropertyValueSpecification\",\"valueRequired\":true,\"valueName\":\"search_term_string\"}}],\"inLanguage\":\"en-US\"}]}<\/script>\n<!-- \/ Yoast SEO plugin. -->","yoast_head_json":{"title":"Osta Ambien 10 mg - Ambien 10 mg - Best Global Meds","description":"Osta Ambien 10 mg, Ambien, Zolpidem, ambien\u00a010 mg, Zolpidem Tartrate, osta unil\u00e4\u00e4kkeit\u00e4 verkosta, osta ahdistusl\u00e4\u00e4kett\u00e4 verkosta, masennusl\u00e4\u00e4kkeit\u00e4,\u00a0osta ambien\u00a0ilman resepti\u00e4.","robots":{"index":"index","follow":"follow","max-snippet":"max-snippet:-1","max-image-preview":"max-image-preview:large","max-video-preview":"max-video-preview:-1"},"canonical":"https:\/\/medicinasinc.com\/fi\/product\/buy-ambien-10-mg\/","og_locale":"en_US","og_type":"article","og_title":"Osta Ambien 10 mg - Ambien 10 mg - Best Global Meds","og_description":"Osta Ambien 10 mg, Ambien, Zolpidem, ambien\u00a010 mg, Zolpidem Tartrate, osta unil\u00e4\u00e4kkeit\u00e4 verkosta, osta ahdistusl\u00e4\u00e4kett\u00e4 verkosta, masennusl\u00e4\u00e4kkeit\u00e4,\u00a0osta ambien\u00a0ilman resepti\u00e4.","og_url":"https:\/\/medicinasinc.com\/fi\/product\/buy-ambien-10-mg\/","og_site_name":"Medicinas Inc","article_modified_time":"2022-03-22T01:06:24+00:00","og_image":[{"width":225,"height":225,"url":"https:\/\/medicinasinc.com\/fi\/wp-content\/uploads\/sites\/12\/2022\/02\/Buy-Ambien-10mg.jpg","type":"image\/jpeg"}],"twitter_card":"summary_large_image","twitter_misc":{"Est. reading time":"2 minutes"},"schema":{"@context":"https:\/\/schema.org","@graph":[{"@type":"WebPage","@id":"https:\/\/medicinasinc.com\/fi\/product\/buy-ambien-10-mg\/","url":"https:\/\/medicinasinc.com\/fi\/product\/buy-ambien-10-mg\/","name":"Osta Ambien 10 mg - Ambien 10 mg - Best Global Meds","isPartOf":{"@id":"https:\/\/medicinasinc.com\/fi\/#website"},"primaryImageOfPage":{"@id":"https:\/\/medicinasinc.com\/fi\/product\/buy-ambien-10-mg\/#primaryimage"},"image":{"@id":"https:\/\/medicinasinc.com\/fi\/product\/buy-ambien-10-mg\/#primaryimage"},"thumbnailUrl":"https:\/\/medicinasinc.com\/fi\/wp-content\/uploads\/sites\/12\/2022\/02\/Buy-Ambien-10mg.jpg","datePublished":"2022-02-20T20:42:48+00:00","dateModified":"2022-03-22T01:06:24+00:00","description":"Osta Ambien 10 mg, Ambien, Zolpidem, ambien\u00a010 mg, Zolpidem Tartrate, osta unil\u00e4\u00e4kkeit\u00e4 verkosta, osta ahdistusl\u00e4\u00e4kett\u00e4 verkosta, masennusl\u00e4\u00e4kkeit\u00e4,\u00a0osta ambien\u00a0ilman resepti\u00e4.","breadcrumb":{"@id":"https:\/\/medicinasinc.com\/fi\/product\/buy-ambien-10-mg\/#breadcrumb"},"inLanguage":"en-US","potentialAction":[{"@type":"ReadAction","target":["https:\/\/medicinasinc.com\/fi\/product\/buy-ambien-10-mg\/"]}]},{"@type":"ImageObject","inLanguage":"en-US","@id":"https:\/\/medicinasinc.com\/fi\/product\/buy-ambien-10-mg\/#primaryimage","url":"https:\/\/medicinasinc.com\/fi\/wp-content\/uploads\/sites\/12\/2022\/02\/Buy-Ambien-10mg.jpg","contentUrl":"https:\/\/medicinasinc.com\/fi\/wp-content\/uploads\/sites\/12\/2022\/02\/Buy-Ambien-10mg.jpg","width":225,"height":225},{"@type":"BreadcrumbList","@id":"https:\/\/medicinasinc.com\/fi\/product\/buy-ambien-10-mg\/#breadcrumb","itemListElement":[{"@type":"ListItem","position":1,"name":"Myym\u00e4l\u00e4","item":"https:\/\/medicinasinc.com\/fi\/myymala\/"},{"@type":"ListItem","position":2,"name":"Osta Ambien 10 mg"}]},{"@type":"WebSite","@id":"https:\/\/medicinasinc.com\/fi\/#website","url":"https:\/\/medicinasinc.com\/fi\/","name":"Medicinas Inc","description":"Health Medical Clinic","potentialAction":[{"@type":"SearchAction","target":{"@type":"EntryPoint","urlTemplate":"https:\/\/medicinasinc.com\/fi\/?s={search_term_string}"},"query-input":{"@type":"PropertyValueSpecification","valueRequired":true,"valueName":"search_term_string"}}],"inLanguage":"en-US"}]}},"_links":{"self":[{"href":"https:\/\/medicinasinc.com\/fi\/wp-json\/wp\/v2\/product\/5124","targetHints":{"allow":["GET"]}}],"collection":[{"href":"https:\/\/medicinasinc.com\/fi\/wp-json\/wp\/v2\/product"}],"about":[{"href":"https:\/\/medicinasinc.com\/fi\/wp-json\/wp\/v2\/types\/product"}],"replies":[{"embeddable":true,"href":"https:\/\/medicinasinc.com\/fi\/wp-json\/wp\/v2\/comments?post=5124"}],"wp:featuredmedia":[{"embeddable":true,"href":"https:\/\/medicinasinc.com\/fi\/wp-json\/wp\/v2\/media\/5142"}],"wp:attachment":[{"href":"https:\/\/medicinasinc.com\/fi\/wp-json\/wp\/v2\/media?parent=5124"}],"wp:term":[{"taxonomy":"product_brand","embeddable":true,"href":"https:\/\/medicinasinc.com\/fi\/wp-json\/wp\/v2\/product_brand?post=5124"},{"taxonomy":"product_cat","embeddable":true,"href":"https:\/\/medicinasinc.com\/fi\/wp-json\/wp\/v2\/product_cat?post=5124"},{"taxonomy":"product_tag","embeddable":true,"href":"https:\/\/medicinasinc.com\/fi\/wp-json\/wp\/v2\/product_tag?post=5124"}],"curies":[{"name":"wp","href":"https:\/\/api.w.org\/{rel}","templated":true}]}}