{"id":5123,"date":"2022-02-20T20:39:42","date_gmt":"2022-02-20T20:39:42","guid":{"rendered":"https:\/\/medicinasinc.com\/fi\/?post_type=product&#038;p=5123"},"modified":"2022-03-22T01:06:37","modified_gmt":"2022-03-22T01:06:37","slug":"osta-alprox-2mg-xanax","status":"publish","type":"product","link":"https:\/\/medicinasinc.com\/fi\/product\/osta-alprox-2mg-xanax\/","title":{"rendered":"Osta Alprox 2mg (Xanax)"},"content":{"rendered":"<p>Etsitk\u00f6 XANAX 2mg:t\u00e4 myyt\u00e4v\u00e4ksi kohtuulliseen hintaan? Hy\u00f6dynn\u00e4 Best Global Medsin edullisia hintoja ja XANAX 2mg:n nopeaa toimitusta kotiovellesi!<\/p>\n<p>Iso-Britanniassa voit ostaa alpratsolaamia verkosta. UK\/EU Alprazolam (Xanax) 2mg&#8230; Ahdistuneisuusl\u00e4\u00e4ke 2 mg tabletti on vahvempi Isossa-Britanniassa.<\/p>\n<p>Mist\u00e4 voin ostaa Xanaxia verkosta? Mist\u00e4 voin ostaa Xanax 2MG:n verkosta? Mist\u00e4 voin ostaa Xanax 1MG:t\u00e4 verkosta?<\/p>\n<p>Rauhoittavat ja rauhoittavat vaikutukset ovat mahdollisia Xanaxilla.<\/p>\n<p>Xanax 2Mg Osta verkosta Uk On kouristtavaa n\u00e4hd\u00e4 Xanax Overnight -tilauksen morfologisesti. Waxier Wilburn uhmaa Xanax Online Redditin ostamista ja hienostelee tarjousta huolellisemmalla tavalla.<\/p>\n<p>Xanaxia ilman resepti\u00e4 voi ostaa edullisesti verkosta. Mist\u00e4 voin ostaa fentermiini\u00e4 irtotavarana halvimmalla hinnalla? Kuvia 2 mg xanax-geneerist\u00e4<\/p>\n<p>T\u00e4t\u00e4 l\u00e4\u00e4kett\u00e4 k\u00e4ytet\u00e4\u00e4n paniikkih\u00e4iri\u00f6iden ja ahdistuneisuush\u00e4iri\u00f6iden, kuten odottamattoman voimakkaan pelon ja stressin aiheuttaman j\u00e4nnityksen, hoitoon. Alpratsolaami on 0,5 MG, 1 MG, 2 MG tabletti. On parasta aloittaa pienell\u00e4 annoksella ja siirty\u00e4 suurempaan annokseen. V\u00e4lt\u00e4 vieroitusoireita, kuten kouristuksia, aggressiivista k\u00e4ytt\u00e4ytymist\u00e4, n\u00e4\u00f6n h\u00e4m\u00e4rtymist\u00e4 jne., jos lopetat \u00e4killisesti t\u00e4m\u00e4n l\u00e4\u00e4kkeen k\u00e4yt\u00f6n.<\/p>\n<p>Alprazolam 0,5 MG -tabletti voidaan ottaa ruoan kanssa tai ilman ruokaa valintasi mukaan. \u00c4l\u00e4 ylit\u00e4 suositeltua annosta. Jos havaitset haittavaikutuksia, varaa heti aika l\u00e4\u00e4k\u00e4rillesi. V\u00e4ltt\u00e4\u00e4ksesi vieroitusoireet, \u00e4l\u00e4 lopeta l\u00e4\u00e4kkeen ottamista k\u00e4ym\u00e4tt\u00e4 ensin l\u00e4\u00e4k\u00e4rin kanssa!<\/p>\n<p>Prosessin sis\u00e4lt\u00f6<br \/> T\u00e4m\u00e4n l\u00e4\u00e4kkeen ja kloridin vuorovaikutuksessa saavutetaan molemmat hermosolujen hyperpolarisaatio ja stabiilisuus. kanavia, mik\u00e4 est\u00e4\u00e4 solujen lis\u00e4virittymisen.<\/p>\n","protected":false},"excerpt":{"rendered":"<p>Alprox 2mg -pillereit\u00e4 voi ostaa verkosta (Xanax). Mik\u00e4 on Alprox 2mg? Onko mahdollista ostaa netist\u00e4? Onko Alprox 2mg saatavilla reseptivapaasti?<\/p>\n<p>Osta Alprazolam Xanax 2 mg -tabletti Isossa-Britanniassa ja Euroopassa Best Global l\u00e4\u00e4kitys -verkkoapteekistamme nopealla maailmanlaajuisella toimituksella! L\u00f6yd\u00e4t Alprazolam 2 MG -tablettien parhaat hinnat t\u00e4\u00e4lt\u00e4!<\/p>\n<p>Xanax 2 mg -tablettia k\u00e4ytet\u00e4\u00e4n paniikkih\u00e4iri\u00f6iden ja ahdistuneisuuden, kuten odottamattoman voimakkaan kauhun ja stressin aiheuttaman j\u00e4nnityksen hoitoon. Osta Xanax 2 mg tabletti. On parasta aloittaa pienell\u00e4 annoksella ja siirty\u00e4 suurempaan annokseen. Vieroitusoireita, kuten kouristuskohtauksia, aggressiivista k\u00e4ytt\u00e4ytymist\u00e4, n\u00e4\u00f6n h\u00e4m\u00e4rtymist\u00e4 ja muuta, voi ilmet\u00e4, jos lopetat \u00e4killisesti t\u00e4m\u00e4n l\u00e4\u00e4kkeen k\u00e4yt\u00f6n.<\/p>\n","protected":false},"featured_media":5140,"comment_status":"open","ping_status":"closed","template":"","meta":[],"product_brand":[],"product_cat":[703],"product_tag":[1125,1126,1127,1128,1129,1130,1146,1131,1140,1142,1141,1155,1145,1143,1144,1149,1162,1163,1164,1165,1151,1137,1158,1152,1136,1138,1135,1154,1161,1166,1148,1169,1139,1159,1157,1160,1147,1132,1133,1156,1134,1150,1171,1172,1174,1173,1176,1177,1179,1178,1180,1183,1181,1182,1175,1185,1186,1187,1193,1194,1153,1184,1191,1188,1168,1167,1192,1189,1190,1170],"class_list":{"0":"post-5123","1":"product","2":"type-product","3":"status-publish","4":"has-post-thumbnail","6":"product_cat-osta-psykedeelisi-lkkeit","7":"product_tag-alpratsolaami-25","8":"product_tag-alpratsolaami-25-kissoille","9":"product_tag-alpratsolaami-0-25-mg","10":"product_tag-alpratsolaami-0-5-mg-hinta","11":"product_tag-alpratsolaami-1mg-sininen","12":"product_tag-alpratsolaami-2mg-patukat","13":"product_tag-alpratsolaami-intensoli","14":"product_tag-alpratsolaami-ja-alkoholi","15":"product_tag-alpratsolaami-koirille","16":"product_tag-alpratsolaami-koirille-sivuvaikutukset","17":"product_tag-alpratsolaami-koirille-verkossa","18":"product_tag-alpratsolaami-nnetn","19":"product_tag-alpratsolaami-meksikosta","20":"product_tag-alpratsolaami-myynniss","21":"product_tag-alpratsolaami-uneen","22":"product_tag-alpratsolaami-verkossa","23":"product_tag-alpratsolaami-vs-klonatsepaami","24":"product_tag-alpratsolaami-vs-loratsepaami","25":"product_tag-alpratsolaami-ksanaksi","26":"product_tag-alpratsolaami-xr","27":"product_tag-alpratsolaami-mihin-sit-kytetn","28":"product_tag-alpratsolaami-annos-koirille","29":"product_tag-alpratsolaami-arvostelut","30":"product_tag-alpratsolaami-jauhe","31":"product_tag-alpratsolaami-koirat","32":"product_tag-alpratsolaami-annos-syvlle-unelle","33":"product_tag-alpratsolaamin-hinta","34":"product_tag-alpratsolaami-hinta","35":"product_tag-alpratsolaamin-kytt","36":"product_tag-alpratsolaamin-keltainen","37":"product_tag-alpratsolaami-lihasrelaksantti-annos","38":"product_tag-osto-alpratsolaami","39":"product_tag-alpratsolaamin-sivuvaikutukset","40":"product_tag-alpratsolaamin-synteesi","41":"product_tag-alpratsolaami-tyttsnnt","42":"product_tag-alpratsolaami-virtsan-havaitsemisaika","43":"product_tag-alpratsolaamin-yhteisvaikutukset","44":"product_tag-alpratsolaami-sininen","45":"product_tag-alpratsolaami-sininen-pilleri","46":"product_tag-alpratsolaami-psykonauti","47":"product_tag-alpratsolaami-pullo","48":"product_tag-alprazolam-para-dormir","49":"product_tag-clonazepam-vs-alprazolam","50":"product_tag-diatsepaami-vs-alpratsolaami","51":"product_tag-difference-between-lorazepam-and-alprazolam","52":"product_tag-ero-alpratsolaamin-ja-loratsepaamin-vlill","53":"product_tag-farmapram-alprazolam","54":"product_tag-farmapram-alprazolam-2mg","55":"product_tag-flualpratsolaami-vs-alpratsolaami","56":"product_tag-flunssa-alpratsolaami","57":"product_tag-greenstone-alpratsolaami","58":"product_tag-is-alprazolam-a-controlled-substance","59":"product_tag-kuinka-kauan-alpratsolaami-kest-virtsassa-reddit","60":"product_tag-alpratsolaamin-ostaminen-verkossa","61":"product_tag-lkrit-jotka-mrvt-alpratsolaami-lhellni","62":"product_tag-loratsepaami-vs-alpratsolaami","63":"product_tag-loratsepam-vs-alpratsolaami-reddit","64":"product_tag-meksikolainen-alpratsolaami-2-mg","65":"product_tag-mit-alpratsolaamia-kytetn-jaettavaksi","66":"product_tag-mist-ostaa-alpratsolaami-verkosta","67":"product_tag-alpratsolaami-jauhe-myynniss","68":"product_tag-nesteminen-alpratsolaami","69":"product_tag-snort-alpratsolaami","70":"product_tag-order-alprazolam-online","71":"product_tag-osta-alpratsolaami-verkosta","72":"product_tag-osta-alpratsolaami","73":"product_tag-paras-paikka-ostaa-alpratsolaamia-verkossa","74":"product_tag-purchase-alprazolam-online","75":"product_tag-sandoz-alpratsolaami","76":"product_tag-voi-alpratsolaami-saada-sinut-korkealle","78":"first","79":"instock","80":"shipping-taxable","81":"purchasable","82":"product-type-variable"},"yoast_head":"<!-- This site is optimized with the Yoast SEO plugin v27.3 - https:\/\/yoast.com\/product\/yoast-seo-wordpress\/ -->\n<title>Osta Alprox 2mg (Xanax) - Tilaa Xanax - Parhaat maailmanlaajuiset l\u00e4\u00e4kkeet<\/title>\n<meta name=\"description\" content=\"Osta Alprox 2mg -pillereit\u00e4 verkosta (Xanax). osta Alprox verkosta, Alprox verkosta, osta alprox verkosta, osta xanax, osta Alprazolam Xanax 2 mg tabletti UK, Europe\" \/>\n<meta name=\"robots\" content=\"index, follow, max-snippet:-1, max-image-preview:large, max-video-preview:-1\" \/>\n<link rel=\"canonical\" href=\"https:\/\/medicinasinc.com\/fi\/product\/osta-alprox-2mg-xanax\/\" \/>\n<meta property=\"og:locale\" content=\"en_US\" \/>\n<meta property=\"og:type\" content=\"article\" \/>\n<meta property=\"og:title\" content=\"Osta Alprox 2mg (Xanax) - Tilaa Xanax - Parhaat maailmanlaajuiset l\u00e4\u00e4kkeet\" \/>\n<meta property=\"og:description\" content=\"Osta Alprox 2mg -pillereit\u00e4 verkosta (Xanax). osta Alprox verkosta, Alprox verkosta, osta alprox verkosta, osta xanax, osta Alprazolam Xanax 2 mg tabletti UK, Europe\" \/>\n<meta property=\"og:url\" content=\"https:\/\/medicinasinc.com\/fi\/product\/osta-alprox-2mg-xanax\/\" \/>\n<meta property=\"og:site_name\" content=\"Medicinas Inc\" \/>\n<meta property=\"article:modified_time\" content=\"2022-03-22T01:06:37+00:00\" \/>\n<meta property=\"og:image\" content=\"https:\/\/medicinasinc.com\/fi\/wp-content\/uploads\/sites\/12\/2022\/02\/Buy-Alprox-2mg.jpg\" \/>\n\t<meta property=\"og:image:width\" content=\"600\" \/>\n\t<meta property=\"og:image:height\" content=\"600\" \/>\n\t<meta property=\"og:image:type\" content=\"image\/jpeg\" \/>\n<meta name=\"twitter:card\" content=\"summary_large_image\" \/>\n<meta name=\"twitter:label1\" content=\"Est. reading time\" \/>\n\t<meta name=\"twitter:data1\" content=\"2 minutes\" \/>\n<script type=\"application\/ld+json\" class=\"yoast-schema-graph\">{\"@context\":\"https:\\\/\\\/schema.org\",\"@graph\":[{\"@type\":\"WebPage\",\"@id\":\"https:\\\/\\\/medicinasinc.com\\\/fi\\\/product\\\/osta-alprox-2mg-xanax\\\/\",\"url\":\"https:\\\/\\\/medicinasinc.com\\\/fi\\\/product\\\/osta-alprox-2mg-xanax\\\/\",\"name\":\"Osta Alprox 2mg (Xanax) - Tilaa Xanax - Parhaat maailmanlaajuiset l\u00e4\u00e4kkeet\",\"isPartOf\":{\"@id\":\"https:\\\/\\\/medicinasinc.com\\\/fi\\\/#website\"},\"primaryImageOfPage\":{\"@id\":\"https:\\\/\\\/medicinasinc.com\\\/fi\\\/product\\\/osta-alprox-2mg-xanax\\\/#primaryimage\"},\"image\":{\"@id\":\"https:\\\/\\\/medicinasinc.com\\\/fi\\\/product\\\/osta-alprox-2mg-xanax\\\/#primaryimage\"},\"thumbnailUrl\":\"https:\\\/\\\/medicinasinc.com\\\/fi\\\/wp-content\\\/uploads\\\/sites\\\/12\\\/2022\\\/02\\\/Buy-Alprox-2mg.jpg\",\"datePublished\":\"2022-02-20T20:39:42+00:00\",\"dateModified\":\"2022-03-22T01:06:37+00:00\",\"description\":\"Osta Alprox 2mg -pillereit\u00e4 verkosta (Xanax). osta Alprox verkosta, Alprox verkosta, osta alprox verkosta, osta xanax, osta Alprazolam Xanax 2 mg tabletti UK, Europe\",\"breadcrumb\":{\"@id\":\"https:\\\/\\\/medicinasinc.com\\\/fi\\\/product\\\/osta-alprox-2mg-xanax\\\/#breadcrumb\"},\"inLanguage\":\"en-US\",\"potentialAction\":[{\"@type\":\"ReadAction\",\"target\":[\"https:\\\/\\\/medicinasinc.com\\\/fi\\\/product\\\/osta-alprox-2mg-xanax\\\/\"]}]},{\"@type\":\"ImageObject\",\"inLanguage\":\"en-US\",\"@id\":\"https:\\\/\\\/medicinasinc.com\\\/fi\\\/product\\\/osta-alprox-2mg-xanax\\\/#primaryimage\",\"url\":\"https:\\\/\\\/medicinasinc.com\\\/fi\\\/wp-content\\\/uploads\\\/sites\\\/12\\\/2022\\\/02\\\/Buy-Alprox-2mg.jpg\",\"contentUrl\":\"https:\\\/\\\/medicinasinc.com\\\/fi\\\/wp-content\\\/uploads\\\/sites\\\/12\\\/2022\\\/02\\\/Buy-Alprox-2mg.jpg\",\"width\":600,\"height\":600},{\"@type\":\"BreadcrumbList\",\"@id\":\"https:\\\/\\\/medicinasinc.com\\\/fi\\\/product\\\/osta-alprox-2mg-xanax\\\/#breadcrumb\",\"itemListElement\":[{\"@type\":\"ListItem\",\"position\":1,\"name\":\"Myym\u00e4l\u00e4\",\"item\":\"https:\\\/\\\/medicinasinc.com\\\/fi\\\/myymala\\\/\"},{\"@type\":\"ListItem\",\"position\":2,\"name\":\"Osta Alprox 2mg (Xanax)\"}]},{\"@type\":\"WebSite\",\"@id\":\"https:\\\/\\\/medicinasinc.com\\\/fi\\\/#website\",\"url\":\"https:\\\/\\\/medicinasinc.com\\\/fi\\\/\",\"name\":\"Medicinas Inc\",\"description\":\"Health Medical Clinic\",\"potentialAction\":[{\"@type\":\"SearchAction\",\"target\":{\"@type\":\"EntryPoint\",\"urlTemplate\":\"https:\\\/\\\/medicinasinc.com\\\/fi\\\/?s={search_term_string}\"},\"query-input\":{\"@type\":\"PropertyValueSpecification\",\"valueRequired\":true,\"valueName\":\"search_term_string\"}}],\"inLanguage\":\"en-US\"}]}<\/script>\n<!-- \/ Yoast SEO plugin. -->","yoast_head_json":{"title":"Osta Alprox 2mg (Xanax) - Tilaa Xanax - Parhaat maailmanlaajuiset l\u00e4\u00e4kkeet","description":"Osta Alprox 2mg -pillereit\u00e4 verkosta (Xanax). osta Alprox verkosta, Alprox verkosta, osta alprox verkosta, osta xanax, osta Alprazolam Xanax 2 mg tabletti UK, Europe","robots":{"index":"index","follow":"follow","max-snippet":"max-snippet:-1","max-image-preview":"max-image-preview:large","max-video-preview":"max-video-preview:-1"},"canonical":"https:\/\/medicinasinc.com\/fi\/product\/osta-alprox-2mg-xanax\/","og_locale":"en_US","og_type":"article","og_title":"Osta Alprox 2mg (Xanax) - Tilaa Xanax - Parhaat maailmanlaajuiset l\u00e4\u00e4kkeet","og_description":"Osta Alprox 2mg -pillereit\u00e4 verkosta (Xanax). osta Alprox verkosta, Alprox verkosta, osta alprox verkosta, osta xanax, osta Alprazolam Xanax 2 mg tabletti UK, Europe","og_url":"https:\/\/medicinasinc.com\/fi\/product\/osta-alprox-2mg-xanax\/","og_site_name":"Medicinas Inc","article_modified_time":"2022-03-22T01:06:37+00:00","og_image":[{"width":600,"height":600,"url":"https:\/\/medicinasinc.com\/fi\/wp-content\/uploads\/sites\/12\/2022\/02\/Buy-Alprox-2mg.jpg","type":"image\/jpeg"}],"twitter_card":"summary_large_image","twitter_misc":{"Est. reading time":"2 minutes"},"schema":{"@context":"https:\/\/schema.org","@graph":[{"@type":"WebPage","@id":"https:\/\/medicinasinc.com\/fi\/product\/osta-alprox-2mg-xanax\/","url":"https:\/\/medicinasinc.com\/fi\/product\/osta-alprox-2mg-xanax\/","name":"Osta Alprox 2mg (Xanax) - Tilaa Xanax - Parhaat maailmanlaajuiset l\u00e4\u00e4kkeet","isPartOf":{"@id":"https:\/\/medicinasinc.com\/fi\/#website"},"primaryImageOfPage":{"@id":"https:\/\/medicinasinc.com\/fi\/product\/osta-alprox-2mg-xanax\/#primaryimage"},"image":{"@id":"https:\/\/medicinasinc.com\/fi\/product\/osta-alprox-2mg-xanax\/#primaryimage"},"thumbnailUrl":"https:\/\/medicinasinc.com\/fi\/wp-content\/uploads\/sites\/12\/2022\/02\/Buy-Alprox-2mg.jpg","datePublished":"2022-02-20T20:39:42+00:00","dateModified":"2022-03-22T01:06:37+00:00","description":"Osta Alprox 2mg -pillereit\u00e4 verkosta (Xanax). osta Alprox verkosta, Alprox verkosta, osta alprox verkosta, osta xanax, osta Alprazolam Xanax 2 mg tabletti UK, Europe","breadcrumb":{"@id":"https:\/\/medicinasinc.com\/fi\/product\/osta-alprox-2mg-xanax\/#breadcrumb"},"inLanguage":"en-US","potentialAction":[{"@type":"ReadAction","target":["https:\/\/medicinasinc.com\/fi\/product\/osta-alprox-2mg-xanax\/"]}]},{"@type":"ImageObject","inLanguage":"en-US","@id":"https:\/\/medicinasinc.com\/fi\/product\/osta-alprox-2mg-xanax\/#primaryimage","url":"https:\/\/medicinasinc.com\/fi\/wp-content\/uploads\/sites\/12\/2022\/02\/Buy-Alprox-2mg.jpg","contentUrl":"https:\/\/medicinasinc.com\/fi\/wp-content\/uploads\/sites\/12\/2022\/02\/Buy-Alprox-2mg.jpg","width":600,"height":600},{"@type":"BreadcrumbList","@id":"https:\/\/medicinasinc.com\/fi\/product\/osta-alprox-2mg-xanax\/#breadcrumb","itemListElement":[{"@type":"ListItem","position":1,"name":"Myym\u00e4l\u00e4","item":"https:\/\/medicinasinc.com\/fi\/myymala\/"},{"@type":"ListItem","position":2,"name":"Osta Alprox 2mg (Xanax)"}]},{"@type":"WebSite","@id":"https:\/\/medicinasinc.com\/fi\/#website","url":"https:\/\/medicinasinc.com\/fi\/","name":"Medicinas Inc","description":"Health Medical Clinic","potentialAction":[{"@type":"SearchAction","target":{"@type":"EntryPoint","urlTemplate":"https:\/\/medicinasinc.com\/fi\/?s={search_term_string}"},"query-input":{"@type":"PropertyValueSpecification","valueRequired":true,"valueName":"search_term_string"}}],"inLanguage":"en-US"}]}},"_links":{"self":[{"href":"https:\/\/medicinasinc.com\/fi\/wp-json\/wp\/v2\/product\/5123","targetHints":{"allow":["GET"]}}],"collection":[{"href":"https:\/\/medicinasinc.com\/fi\/wp-json\/wp\/v2\/product"}],"about":[{"href":"https:\/\/medicinasinc.com\/fi\/wp-json\/wp\/v2\/types\/product"}],"replies":[{"embeddable":true,"href":"https:\/\/medicinasinc.com\/fi\/wp-json\/wp\/v2\/comments?post=5123"}],"wp:featuredmedia":[{"embeddable":true,"href":"https:\/\/medicinasinc.com\/fi\/wp-json\/wp\/v2\/media\/5140"}],"wp:attachment":[{"href":"https:\/\/medicinasinc.com\/fi\/wp-json\/wp\/v2\/media?parent=5123"}],"wp:term":[{"taxonomy":"product_brand","embeddable":true,"href":"https:\/\/medicinasinc.com\/fi\/wp-json\/wp\/v2\/product_brand?post=5123"},{"taxonomy":"product_cat","embeddable":true,"href":"https:\/\/medicinasinc.com\/fi\/wp-json\/wp\/v2\/product_cat?post=5123"},{"taxonomy":"product_tag","embeddable":true,"href":"https:\/\/medicinasinc.com\/fi\/wp-json\/wp\/v2\/product_tag?post=5123"}],"curies":[{"name":"wp","href":"https:\/\/api.w.org\/{rel}","templated":true}]}}