{"id":5122,"date":"2022-02-20T20:38:15","date_gmt":"2022-02-20T20:38:15","guid":{"rendered":"https:\/\/medicinasinc.com\/fi\/?post_type=product&#038;p=5122"},"modified":"2022-03-22T01:06:47","modified_gmt":"2022-03-22T01:06:47","slug":"osta-adderall-30-mg","status":"publish","type":"product","link":"https:\/\/medicinasinc.com\/fi\/product\/osta-adderall-30-mg\/","title":{"rendered":"Osta Adderall 30 mg"},"content":{"rendered":"<p>Osta Adderall 30mg oraalipillereit\u00e4 verkosta Bitcoinilla. Lis\u00e4ksi sit\u00e4 k\u00e4ytet\u00e4\u00e4n tarkkaavaisuush\u00e4iri\u00f6n (ADHD) ja narkolepsian hoitoon.<\/p>\n<p>Osta Adderall 30 mg verkossa nopealla maailmanlaajuisella toimituksella Global Med -verkkoapteekistamme! L\u00f6yd\u00e4t parhaat Adderall 30 mg ostettavat t\u00e4\u00e4lt\u00e4!<\/p>\n<p>Adderall 30 MG on reseptil\u00e4\u00e4ke, joka valmistetaan sekoittamalla dekstroamfetamiinia. N\u00e4m\u00e4 kaksi komponenttia toimivat hermoston p\u00e4\u00e4asiallisina stimulantteina. Lis\u00e4ksi n\u00e4ill\u00e4 piristeill\u00e4 on vaikutusta aivojen kemikaaleihin ja hermosoluihin, jotka s\u00e4\u00e4telev\u00e4t impulssia ja yliaktiivisuutta. L\u00e4\u00e4kett\u00e4 k\u00e4ytet\u00e4\u00e4n ensisijaisesti narkolepsian ja tarkkaavaisuush\u00e4iri\u00f6n (ADHD) hoitoon. Kulutus on sallittu tietyiss\u00e4 maissa, nimitt\u00e4in Kanadassa ja Yhdysvalloissa.<\/p>\n<p>Vakavin ongelma Osta Adderall 30Mg Onlinessa on t\u00e4m\u00e4 sana, joka alkaa kirjaimella W<\/p>\n<p>Jokainen tyt\u00e4r tai pojalla on melko hyv\u00e4 muisti.<\/p>\n<p>Osta Adderall 30mg. Resepti\u00e4 ei vaadita. Toimitus on t\u00e4ysin turvallista ja diskreetti\u00e4. Toimitus on saatavilla y\u00f6n yli. Taatut rahat palautetaan.<\/p>\n<p>Voit ostaa Adderall-pillereit\u00e4 ilman resepti\u00e4 verkosta, Adderall-tabletteja voi ostaa tietokoneella auki ja voinko ostaa Adderall-kapseleita verkosta.<\/p>\n<p>Annostukseen liittyv\u00e4t varotoimet:<\/p>\n<p> Vaikka henkil\u00f6 saattaa tarvita Adderall XR:\u00e4\u00e4, h\u00e4nen tulee k\u00e4yd\u00e4 l\u00e4\u00e4k\u00e4riss\u00e4 ennen ensimm\u00e4ist\u00e4 annosta, jos h\u00e4nell\u00e4 on kilpirauhasen liikatoiminta, kohtalainen tai vaikea korkea verenpaine, glaukooma, mik\u00e4 tahansa syd\u00e4nsairaus tai h\u00e4n on aiemmin ollut huume- tai alkoholiriippuvainen. Lis\u00e4ksi henkil\u00f6it\u00e4 kehotetaan olemaan v\u00e4\u00e4rink\u00e4ytt\u00e4m\u00e4tt\u00e4 l\u00e4\u00e4kkeen annosta, koska se voi johtaa vakaviin kielteisiin vaikutuksiin syd\u00e4meen tai pahimmassa tapauksessa kuolemaan.<\/p>\n<p>Positiivinen tulos:<\/p>\n<p>Kuten mink\u00e4 tahansa aineen, sen sy\u00f6misell\u00e4 on monia vaikutuksia, sek\u00e4 my\u00f6nteisi\u00e4 ett\u00e4 huonoja. Lis\u00e4ksi Adderall 30 MG:ss\u00e4 on. On havaittu, ett\u00e4 sen lyhyempi k\u00e4ytt\u00f6 l\u00e4\u00e4k\u00e4rin ohjeiden mukaan vaikuttaa ihmisen terveyteen suotuisasti ehk\u00e4isem\u00e4ll\u00e4 ADHD-oireita. T\u00e4m\u00e4 johtuu seuraavista syist\u00e4:<\/p>\n<p>Se lis\u00e4\u00e4 v\u00e4litt\u00e4j\u00e4aineiden, kuten dopamiinin ja norepinefriinin, tasoa aivoissamme. Lis\u00e4ksi n\u00e4m\u00e4 erityiset yhdisteet aivoissa parantavat energiatasoa, valppautta ja keskittymiskyky\u00e4.<br \/> L\u00e4\u00e4ke voi nopeuttaa sykett\u00e4 ja yll\u00e4pit\u00e4\u00e4 verenkiertoa lihaksissa.<br \/> Jatkuva k\u00e4ytt\u00f6 l\u00e4\u00e4k\u00e4rin ohjeiden mukaan voi johtaa lis\u00e4\u00e4ntyneeseen energiaan ja vireyteen, jonka katsotaan olevan verrattavissa kokaiinin kulutukseen.<br \/> Negatiivinen tulos:<\/p>\n<p>Koska Adderall 30 MG on eritt\u00e4in herkk\u00e4 l\u00e4\u00e4ke, joka kuluu ilman l\u00e4\u00e4k\u00e4rin m\u00e4\u00e4r\u00e4yst\u00e4. resepti voi vaikuttaa haitallisesti terveytesi.<\/p>\n<p>\u00c4rtyneisyys<br \/> Ruokahaluttomuuden seurauksena ep\u00e4terveellist\u00e4 painonpudotusta<br \/> Unettomuus ja unih\u00e4iri\u00f6t<br \/> Vakavat syd\u00e4nkomplikaatiot<\/p>\n<p>&nbsp;<\/p>\n<p>&nbsp;<\/p>\n<p>&nbsp;<\/p>\n<p>V\u00e4\u00e4rink\u00e4yt\u00f6n tapauksessa:<\/p>\n<p>L\u00e4\u00e4k\u00e4rit ovat aina neuvoneet potilaat k\u00e4ytt\u00e4m\u00e4\u00e4n l\u00e4\u00e4kityst\u00e4 varoen, ja jos Adderall 30 MG:t\u00e4 k\u00e4ytettiin v\u00e4\u00e4rin, se johti lis\u00e4\u00e4ntyneeseen energiatasoon ja voimakkaaseen virkistykseen. Lis\u00e4ksi j\u00e4lkimm\u00e4isen aineen liiallinen k\u00e4ytt\u00f6 voi johtaa ep\u00e4miellytt\u00e4viin oireisiin, kuten:<\/p>\n<p>V\u00e4hentynyt keskittyminen tiettyihin teht\u00e4viin<br \/> Masennus ja hitaus<br \/> Pid\u00e4 n\u00e4m\u00e4 v\u00e4symyskohdat mieless\u00e4:<\/p>\n<p>Lis\u00e4ksi on otettava huomioon muutama seikka ennen Adderall 30 MG:n k\u00e4ytt\u00f6\u00e4.<\/p>\n<p>Tutkijat neuvoivat ihmisi\u00e4 olemaan nauttimatta sit\u00e4, jos he olivat k\u00e4ytt\u00e4neet MAO-est\u00e4ji\u00e4, kuten linetsolidia, metyleenisinist\u00e4, isokarboksatsidia tai rasagiliinia. edellisen 14 p\u00e4iv\u00e4n aikana, koska t\u00e4m\u00e4 voi johtaa vakavaan farmakologiseen yhteisvaikutukseen, joka on varmasti ep\u00e4terveellist\u00e4.<\/p>\n<p>Lis\u00e4ksi piristel\u00e4\u00e4kkeille allergisen henkil\u00f6n tulee v\u00e4ltt\u00e4\u00e4 sit\u00e4 tai jos h\u00e4n jo selvi\u00e4\u00e4 seuraavat:<\/p>\n<p>Vakava sepelvaltimo- tai syd\u00e4nsairaus<br \/> Verenpainetauti (normaalista korkeaan)<br \/> Ahdistuneisuus ja stressi kaikkien aikojen huipussaan<br \/> Riippuvuus huumeista tai alkoholista<br \/> Ent\u00e4 jos joku on Adderall XR -riippuvainen?<\/p>\n<p>Riippuvuus sellaisesta aineesta voi ilmet\u00e4 kahdella tavalla: psyykkisesti ja fyysisesti.<\/p>\n<p>Jos ihminen ottaa sit\u00e4 p\u00e4ivitt\u00e4in ja se juurtuu h\u00e4nen el\u00e4m\u00e4\u00e4ns\u00e4, h\u00e4n kehitt\u00e4\u00e4 psyykkisen riippuvuuden tai riippuvuuden. riippuvuutta siit\u00e4. Lis\u00e4ksi p\u00e4\u00e4syn rajoittaminen mist\u00e4 tahansa syyst\u00e4 voisi olla ahdistavaa ja henkisesti riippuvaisilla henkil\u00f6ill\u00e4 on s\u00e4\u00e4nn\u00f6llist\u00e4 stressi\u00e4 tai p\u00e4\u00e4ns\u00e4rky\u00e4.<\/p>\n<p>Lis\u00e4ksi henkisesti riippuvaisten ihmisten kulutus kasvaa usein vaarallisille tasoille, ja heid\u00e4n on pakko jatkaa sen juomista jopa henkens\u00e4 vaarassa. T\u00e4ss\u00e4 tapauksessa l\u00e4\u00e4ke on kuitenkin saatavilla. T\u00e4t\u00e4 k\u00e4ytt\u00e4ytymismallia voidaan muuttaa psykiatrisella hoidolla. Asiantuntijoiden mukaan kognitiiviseksi k\u00e4ytt\u00e4ytymisterapiaksi kutsutusta terapiasta voi olla hy\u00f6ty\u00e4.<\/p>\n<p>Toiseksi, kun henkil\u00f6 on tottunut siihen, ett\u00e4 aivoissa on korkeampi dopamiinitaso, Adderall XR:n v\u00e4hent\u00e4minen voi johtaa dopamiinin v\u00e4henemiseen. tasoja, mik\u00e4 johtaa seuraaviin:<\/p>\n<p>&nbsp;<\/p>\n<p>Masennus tai uupumus<br \/> Nukkuminen luonnottomasti tai valveilla pysyminen ep\u00e4tavallisen pitki\u00e4 aikoja.<\/p>\n<p>Se on T\u00e4ss\u00e4 yhteydess\u00e4 on korostettava, ett\u00e4 fyysinen riippuvuus voi saada aikaan halun kuluttaa enemm\u00e4n ainetta tyytyv\u00e4isyyden yll\u00e4pit\u00e4miseksi, mik\u00e4 voi johtaa erilaisiin haitallisiin vaikutuksiin ja yliannostukseen.<\/p>\n<p>Niiden nauttiminen kuitenkin vain asiantuntijan ohjeiden perusteella tai \u00e4\u00e4rimm\u00e4isell\u00e4 varovaisuudella voi suojella ihmisi\u00e4 kielteisilt\u00e4 seurauksilta.<\/p>\n","protected":false},"excerpt":{"rendered":"<p>Osta Adderall 30 mg Isosta-Britanniasta ja Euroopasta Best Global Meds -verkkoapteekistamme nopealla kansainv\u00e4lisell\u00e4 toimituksella! L\u00f6yd\u00e4t parhaat Adderall 30 mg ostettavat t\u00e4\u00e4lt\u00e4!<\/p>\n<p>Osta Adderall 30 mg verkosta. Osta Adderall 30 mg verkosta yhdelt\u00e4 suurimmista verkkokauppiaista parhaaseen hintaan. Adderall tunnetaan my\u00f6s nimell\u00e4 amfetamiini ja dekstroamfetamiini, ja sit\u00e4 k\u00e4ytet\u00e4\u00e4n tarkkaavaisuush\u00e4iri\u00f6n (ADHD) hoitoon.<\/p>\n<p>Adderall 30 MG on reseptil\u00e4\u00e4ke, joka valmistetaan sekoittamalla dekstroamfetamiinia. N\u00e4m\u00e4 kaksi komponenttia toimivat hermoston p\u00e4\u00e4asiallisina stimulantteina. Lis\u00e4ksi n\u00e4m\u00e4 stimulantit vaikuttavat aivojen kemikaaleihin ja hermosoluihin, jotka s\u00e4\u00e4telev\u00e4t impulsseja ja yliaktiivisuutta.<\/p>\n","protected":false},"featured_media":5138,"comment_status":"open","ping_status":"closed","template":"","meta":[],"product_brand":[],"product_cat":[1117],"product_tag":[1118,1120,1124,1122,1119,1123,1121],"class_list":{"0":"post-5122","1":"product","2":"type-product","3":"status-publish","4":"has-post-thumbnail","6":"product_cat-osta-kipu-uni-ja-seksipillereita","7":"product_tag-adderall-30-mg-myynniss","8":"product_tag-how-to-buy-adderall-30-mg-online","9":"product_tag-mist-ostaa-adderall-30-mg-online","10":"product_tag-buy-adderall-30-mg-online","11":"product_tag-osta-adderall-30-mg-verkosta","12":"product_tag-paras-ostopaikka-adderall-30-mg-online","13":"product_tag-tilaa-adderall-30-mg-online","15":"first","16":"instock","17":"shipping-taxable","18":"purchasable","19":"product-type-variable","20":"has-default-attributes"},"yoast_head":"<!-- This site is optimized with the Yoast SEO plugin v27.3 - https:\/\/yoast.com\/product\/yoast-seo-wordpress\/ -->\n<title>Osta Adderall 30 mg - Adderall 30 mg - Parhaat maailmanlaajuiset l\u00e4\u00e4kkeet<\/title>\n<meta name=\"description\" content=\"Osta Adderall 30mg -pillereit\u00e4 verkosta. Osta Adderall verkosta 30 mg yhdest\u00e4 parhaista j\u00e4lleenmyyjist\u00e4 verkossa parhaaseen hintaan. Adderall tunnetaan my\u00f6s nimell\u00e4 amfetamiini ja dekstroamfetamiini, joita k\u00e4ytet\u00e4\u00e4n ADHD:n (attention deficit hyperactivity disorder) hoitoon.\" \/>\n<meta name=\"robots\" content=\"index, follow, max-snippet:-1, max-image-preview:large, max-video-preview:-1\" \/>\n<link rel=\"canonical\" href=\"https:\/\/medicinasinc.com\/fi\/product\/osta-adderall-30-mg\/\" \/>\n<meta property=\"og:locale\" content=\"en_US\" \/>\n<meta property=\"og:type\" content=\"article\" \/>\n<meta property=\"og:title\" content=\"Osta Adderall 30 mg - Adderall 30 mg - Parhaat maailmanlaajuiset l\u00e4\u00e4kkeet\" \/>\n<meta property=\"og:description\" content=\"Osta Adderall 30mg -pillereit\u00e4 verkosta. Osta Adderall verkosta 30 mg yhdest\u00e4 parhaista j\u00e4lleenmyyjist\u00e4 verkossa parhaaseen hintaan. Adderall tunnetaan my\u00f6s nimell\u00e4 amfetamiini ja dekstroamfetamiini, joita k\u00e4ytet\u00e4\u00e4n ADHD:n (attention deficit hyperactivity disorder) hoitoon.\" \/>\n<meta property=\"og:url\" content=\"https:\/\/medicinasinc.com\/fi\/product\/osta-adderall-30-mg\/\" \/>\n<meta property=\"og:site_name\" content=\"Medicinas Inc\" \/>\n<meta property=\"article:modified_time\" content=\"2022-03-22T01:06:47+00:00\" \/>\n<meta property=\"og:image\" content=\"https:\/\/medicinasinc.com\/fi\/wp-content\/uploads\/sites\/12\/2022\/02\/Buy-Adderall-30-MG.jpg\" \/>\n\t<meta property=\"og:image:width\" content=\"392\" \/>\n\t<meta property=\"og:image:height\" content=\"300\" \/>\n\t<meta property=\"og:image:type\" content=\"image\/jpeg\" \/>\n<meta name=\"twitter:card\" content=\"summary_large_image\" \/>\n<meta name=\"twitter:label1\" content=\"Est. reading time\" \/>\n\t<meta name=\"twitter:data1\" content=\"4 minutes\" \/>\n<script type=\"application\/ld+json\" class=\"yoast-schema-graph\">{\"@context\":\"https:\\\/\\\/schema.org\",\"@graph\":[{\"@type\":\"WebPage\",\"@id\":\"https:\\\/\\\/medicinasinc.com\\\/fi\\\/product\\\/osta-adderall-30-mg\\\/\",\"url\":\"https:\\\/\\\/medicinasinc.com\\\/fi\\\/product\\\/osta-adderall-30-mg\\\/\",\"name\":\"Osta Adderall 30 mg - Adderall 30 mg - Parhaat maailmanlaajuiset l\u00e4\u00e4kkeet\",\"isPartOf\":{\"@id\":\"https:\\\/\\\/medicinasinc.com\\\/fi\\\/#website\"},\"primaryImageOfPage\":{\"@id\":\"https:\\\/\\\/medicinasinc.com\\\/fi\\\/product\\\/osta-adderall-30-mg\\\/#primaryimage\"},\"image\":{\"@id\":\"https:\\\/\\\/medicinasinc.com\\\/fi\\\/product\\\/osta-adderall-30-mg\\\/#primaryimage\"},\"thumbnailUrl\":\"https:\\\/\\\/medicinasinc.com\\\/fi\\\/wp-content\\\/uploads\\\/sites\\\/12\\\/2022\\\/02\\\/Buy-Adderall-30-MG.jpg\",\"datePublished\":\"2022-02-20T20:38:15+00:00\",\"dateModified\":\"2022-03-22T01:06:47+00:00\",\"description\":\"Osta Adderall 30mg -pillereit\u00e4 verkosta. Osta Adderall verkosta 30 mg yhdest\u00e4 parhaista j\u00e4lleenmyyjist\u00e4 verkossa parhaaseen hintaan. Adderall tunnetaan my\u00f6s nimell\u00e4 amfetamiini ja dekstroamfetamiini, joita k\u00e4ytet\u00e4\u00e4n ADHD:n (attention deficit hyperactivity disorder) hoitoon.\",\"breadcrumb\":{\"@id\":\"https:\\\/\\\/medicinasinc.com\\\/fi\\\/product\\\/osta-adderall-30-mg\\\/#breadcrumb\"},\"inLanguage\":\"en-US\",\"potentialAction\":[{\"@type\":\"ReadAction\",\"target\":[\"https:\\\/\\\/medicinasinc.com\\\/fi\\\/product\\\/osta-adderall-30-mg\\\/\"]}]},{\"@type\":\"ImageObject\",\"inLanguage\":\"en-US\",\"@id\":\"https:\\\/\\\/medicinasinc.com\\\/fi\\\/product\\\/osta-adderall-30-mg\\\/#primaryimage\",\"url\":\"https:\\\/\\\/medicinasinc.com\\\/fi\\\/wp-content\\\/uploads\\\/sites\\\/12\\\/2022\\\/02\\\/Buy-Adderall-30-MG.jpg\",\"contentUrl\":\"https:\\\/\\\/medicinasinc.com\\\/fi\\\/wp-content\\\/uploads\\\/sites\\\/12\\\/2022\\\/02\\\/Buy-Adderall-30-MG.jpg\",\"width\":392,\"height\":300},{\"@type\":\"BreadcrumbList\",\"@id\":\"https:\\\/\\\/medicinasinc.com\\\/fi\\\/product\\\/osta-adderall-30-mg\\\/#breadcrumb\",\"itemListElement\":[{\"@type\":\"ListItem\",\"position\":1,\"name\":\"Myym\u00e4l\u00e4\",\"item\":\"https:\\\/\\\/medicinasinc.com\\\/fi\\\/myymala\\\/\"},{\"@type\":\"ListItem\",\"position\":2,\"name\":\"Osta Adderall 30 mg\"}]},{\"@type\":\"WebSite\",\"@id\":\"https:\\\/\\\/medicinasinc.com\\\/fi\\\/#website\",\"url\":\"https:\\\/\\\/medicinasinc.com\\\/fi\\\/\",\"name\":\"Medicinas Inc\",\"description\":\"Health Medical Clinic\",\"potentialAction\":[{\"@type\":\"SearchAction\",\"target\":{\"@type\":\"EntryPoint\",\"urlTemplate\":\"https:\\\/\\\/medicinasinc.com\\\/fi\\\/?s={search_term_string}\"},\"query-input\":{\"@type\":\"PropertyValueSpecification\",\"valueRequired\":true,\"valueName\":\"search_term_string\"}}],\"inLanguage\":\"en-US\"}]}<\/script>\n<!-- \/ Yoast SEO plugin. -->","yoast_head_json":{"title":"Osta Adderall 30 mg - Adderall 30 mg - Parhaat maailmanlaajuiset l\u00e4\u00e4kkeet","description":"Osta Adderall 30mg -pillereit\u00e4 verkosta. Osta Adderall verkosta 30 mg yhdest\u00e4 parhaista j\u00e4lleenmyyjist\u00e4 verkossa parhaaseen hintaan. Adderall tunnetaan my\u00f6s nimell\u00e4 amfetamiini ja dekstroamfetamiini, joita k\u00e4ytet\u00e4\u00e4n ADHD:n (attention deficit hyperactivity disorder) hoitoon.","robots":{"index":"index","follow":"follow","max-snippet":"max-snippet:-1","max-image-preview":"max-image-preview:large","max-video-preview":"max-video-preview:-1"},"canonical":"https:\/\/medicinasinc.com\/fi\/product\/osta-adderall-30-mg\/","og_locale":"en_US","og_type":"article","og_title":"Osta Adderall 30 mg - Adderall 30 mg - Parhaat maailmanlaajuiset l\u00e4\u00e4kkeet","og_description":"Osta Adderall 30mg -pillereit\u00e4 verkosta. Osta Adderall verkosta 30 mg yhdest\u00e4 parhaista j\u00e4lleenmyyjist\u00e4 verkossa parhaaseen hintaan. Adderall tunnetaan my\u00f6s nimell\u00e4 amfetamiini ja dekstroamfetamiini, joita k\u00e4ytet\u00e4\u00e4n ADHD:n (attention deficit hyperactivity disorder) hoitoon.","og_url":"https:\/\/medicinasinc.com\/fi\/product\/osta-adderall-30-mg\/","og_site_name":"Medicinas Inc","article_modified_time":"2022-03-22T01:06:47+00:00","og_image":[{"width":392,"height":300,"url":"https:\/\/medicinasinc.com\/fi\/wp-content\/uploads\/sites\/12\/2022\/02\/Buy-Adderall-30-MG.jpg","type":"image\/jpeg"}],"twitter_card":"summary_large_image","twitter_misc":{"Est. reading time":"4 minutes"},"schema":{"@context":"https:\/\/schema.org","@graph":[{"@type":"WebPage","@id":"https:\/\/medicinasinc.com\/fi\/product\/osta-adderall-30-mg\/","url":"https:\/\/medicinasinc.com\/fi\/product\/osta-adderall-30-mg\/","name":"Osta Adderall 30 mg - Adderall 30 mg - Parhaat maailmanlaajuiset l\u00e4\u00e4kkeet","isPartOf":{"@id":"https:\/\/medicinasinc.com\/fi\/#website"},"primaryImageOfPage":{"@id":"https:\/\/medicinasinc.com\/fi\/product\/osta-adderall-30-mg\/#primaryimage"},"image":{"@id":"https:\/\/medicinasinc.com\/fi\/product\/osta-adderall-30-mg\/#primaryimage"},"thumbnailUrl":"https:\/\/medicinasinc.com\/fi\/wp-content\/uploads\/sites\/12\/2022\/02\/Buy-Adderall-30-MG.jpg","datePublished":"2022-02-20T20:38:15+00:00","dateModified":"2022-03-22T01:06:47+00:00","description":"Osta Adderall 30mg -pillereit\u00e4 verkosta. Osta Adderall verkosta 30 mg yhdest\u00e4 parhaista j\u00e4lleenmyyjist\u00e4 verkossa parhaaseen hintaan. Adderall tunnetaan my\u00f6s nimell\u00e4 amfetamiini ja dekstroamfetamiini, joita k\u00e4ytet\u00e4\u00e4n ADHD:n (attention deficit hyperactivity disorder) hoitoon.","breadcrumb":{"@id":"https:\/\/medicinasinc.com\/fi\/product\/osta-adderall-30-mg\/#breadcrumb"},"inLanguage":"en-US","potentialAction":[{"@type":"ReadAction","target":["https:\/\/medicinasinc.com\/fi\/product\/osta-adderall-30-mg\/"]}]},{"@type":"ImageObject","inLanguage":"en-US","@id":"https:\/\/medicinasinc.com\/fi\/product\/osta-adderall-30-mg\/#primaryimage","url":"https:\/\/medicinasinc.com\/fi\/wp-content\/uploads\/sites\/12\/2022\/02\/Buy-Adderall-30-MG.jpg","contentUrl":"https:\/\/medicinasinc.com\/fi\/wp-content\/uploads\/sites\/12\/2022\/02\/Buy-Adderall-30-MG.jpg","width":392,"height":300},{"@type":"BreadcrumbList","@id":"https:\/\/medicinasinc.com\/fi\/product\/osta-adderall-30-mg\/#breadcrumb","itemListElement":[{"@type":"ListItem","position":1,"name":"Myym\u00e4l\u00e4","item":"https:\/\/medicinasinc.com\/fi\/myymala\/"},{"@type":"ListItem","position":2,"name":"Osta Adderall 30 mg"}]},{"@type":"WebSite","@id":"https:\/\/medicinasinc.com\/fi\/#website","url":"https:\/\/medicinasinc.com\/fi\/","name":"Medicinas Inc","description":"Health Medical Clinic","potentialAction":[{"@type":"SearchAction","target":{"@type":"EntryPoint","urlTemplate":"https:\/\/medicinasinc.com\/fi\/?s={search_term_string}"},"query-input":{"@type":"PropertyValueSpecification","valueRequired":true,"valueName":"search_term_string"}}],"inLanguage":"en-US"}]}},"_links":{"self":[{"href":"https:\/\/medicinasinc.com\/fi\/wp-json\/wp\/v2\/product\/5122","targetHints":{"allow":["GET"]}}],"collection":[{"href":"https:\/\/medicinasinc.com\/fi\/wp-json\/wp\/v2\/product"}],"about":[{"href":"https:\/\/medicinasinc.com\/fi\/wp-json\/wp\/v2\/types\/product"}],"replies":[{"embeddable":true,"href":"https:\/\/medicinasinc.com\/fi\/wp-json\/wp\/v2\/comments?post=5122"}],"wp:featuredmedia":[{"embeddable":true,"href":"https:\/\/medicinasinc.com\/fi\/wp-json\/wp\/v2\/media\/5138"}],"wp:attachment":[{"href":"https:\/\/medicinasinc.com\/fi\/wp-json\/wp\/v2\/media?parent=5122"}],"wp:term":[{"taxonomy":"product_brand","embeddable":true,"href":"https:\/\/medicinasinc.com\/fi\/wp-json\/wp\/v2\/product_brand?post=5122"},{"taxonomy":"product_cat","embeddable":true,"href":"https:\/\/medicinasinc.com\/fi\/wp-json\/wp\/v2\/product_cat?post=5122"},{"taxonomy":"product_tag","embeddable":true,"href":"https:\/\/medicinasinc.com\/fi\/wp-json\/wp\/v2\/product_tag?post=5122"}],"curies":[{"name":"wp","href":"https:\/\/api.w.org\/{rel}","templated":true}]}}