{"id":5096,"date":"2022-02-20T20:15:06","date_gmt":"2022-02-20T20:15:06","guid":{"rendered":"https:\/\/medicinasinc.com\/fi\/?post_type=product&#038;p=5096"},"modified":"2022-03-22T01:06:56","modified_gmt":"2022-03-22T01:06:56","slug":"greippi-rikkakasvikanta","status":"publish","type":"product","link":"https:\/\/medicinasinc.com\/fi\/product\/greippi-rikkakasvikanta\/","title":{"rendered":"Greippi rikkakasvien kanta"},"content":{"rendered":"<p><strong>Laadukkaan greippimarihuanan verkko-ostos<\/strong><\/p>\n<p>Greippi on l\u00e4hes puhdas sativa-kanta. Se luotiin risteytt\u00e4m\u00e4ll\u00e4 Cinderella 99 tuntemattoman greipinmakuisen sativan kanssa. T\u00e4m\u00e4 ei ole virkistysk\u00e4ytt\u00f6\u00f6n tarkoitettu marihuanakanta; se tarjoaa my\u00f6s joukon l\u00e4\u00e4ketieteellisi\u00e4 ominaisuuksia. Muutaman hengityksen j\u00e4lkeen tunnet olosi v\u00e4hemm\u00e4n stressaantuneeksi, masentuneeksi ja kivuksi.<\/p>\n<p><strong>Sativa<\/strong>\u00a0\u2013 100 %<\/p>\n<p><strong>THC<\/strong> &gt;: 17-20 %<\/p>\n<h3><strong>T\u00e4rkeit\u00e4 toimitustietoja<\/strong><\/h3>\n<ul>\n<li><strong>ILMAINEN toimitus v\u00e4hint\u00e4\u00e4n 175 dollarin tilauksille<\/strong><\/li>\n<li>Sijaitsemme Kanadan l\u00e4nsirannikolla<\/li>\n<li><strong>Tilausten saapuminen kest\u00e4\u00e4 noin 3 arkip\u00e4iv\u00e4\u00e4<\/strong>\u00a0sen j\u00e4lkeen, kun Canada Post on vastaanottanut paketin *olettaen, ett\u00e4 Kanadasta ei tule viiveit\u00e4 Postitus*<\/li>\n<li>Paketit l\u00e4hetet\u00e4\u00e4n ajankohdan\u00a0<strong>kun Maksu vastaanotetaan<\/strong>\u00a0EI tilauksen tekemisen perusteella.<\/li>\n<li>Tilaukset, joissa maksu on vastaanotettu klo 12.00\u201312.00 v\u00e4lisen\u00e4 aikana PST (keskiy\u00f6st\u00e4 keskip\u00e4iv\u00e4\u00e4n) l\u00e4hetet\u00e4\u00e4n samana p\u00e4iv\u00e4n\u00e4.<\/li>\n<li>Tilaukset, joiden maksu on vastaanotettu klo 12 PST (keskip\u00e4iv\u00e4n) j\u00e4lkeen, l\u00e4hetet\u00e4\u00e4n seuraavana p\u00e4iv\u00e4n\u00e4.<\/li>\n<\/ul>\n<div class=\" product-next-previous\">\n<div class=\"product-prev\"><\/div><\/div>\n","protected":false},"excerpt":{"rendered":"<div class=\"woocommerce-product-details__short-description\">\n<p>Greippi on eritt\u00e4in voimakas sativa-marihuanakanta, joka on syntynyt risteytt\u00e4m\u00e4ll\u00e4 Cinderella 99 greipin kanssa. Greippill\u00e4 on virkist\u00e4vi\u00e4 ominaisuuksia ja se saa aikaan iloisen tunteen. T\u00e4ll\u00e4 kannalla on trooppinen makuprofiili ja sitrushedelmien tuoksu.<\/p>\n<p>Osta Grapefruit Marijuana Strain on eritt\u00e4in voimakas sativa-marihuanakanta, joka on luotu risteytt\u00e4m\u00e4ll\u00e4 Cinderella 99 greipin kanssa. Greippimarihuana-kanta myyt\u00e4v\u00e4n\u00e4 verkossa<\/p>\n<p>Greippimarihuana on laadukkainta verkossa saatavilla olevaa.<\/p>\n<p>Greippikannabis on sativa-kanta. 70 % Dominant Hybrid Sativa \/ 30 % Indica THC: 20 %\u201325 %, CBN: 1 %<\/p>\n<\/p><\/div>\n","protected":false},"featured_media":5115,"comment_status":"open","ping_status":"closed","template":"","meta":[],"product_brand":[],"product_cat":[778],"product_tag":[1063,1064,1065,1066,1071,1072,1073,1074,1079,1080,1081,1082,1087,1088,1089,1090,1091,1096,1097,1098,1099,1104,1105,1106,1107,1112,1113,1115,1116,1060,1068,1086,1061,1075,1076,1077,1070,1069,1083,1067,1084,1078,1062,1085,1093,1110,1101,1114,1102,1103,1092,1094,1109,1111,1095,1100,1108],"class_list":{"0":"post-5096","1":"product","2":"type-product","3":"status-publish","4":"has-post-thumbnail","6":"product_cat-ruohoa-myytvn","7":"product_tag-buy-grapefruit-strain-online-in-bulgary","8":"product_tag-buy-grapefruit-strain-online-in-canada","9":"product_tag-buy-grapefruit-strain-online-in-china","10":"product_tag-buy-grapefruit-strain-online-in-croatia","11":"product_tag-buy-grapefruit-strain-online-in-germany","12":"product_tag-buy-grapefruit-strain-online-in-hungary","13":"product_tag-buy-grapefruit-strain-online-in-ireland","14":"product_tag-buy-grapefruit-strain-online-in-italy","15":"product_tag-buy-grapefruit-strain-online-in-pillipines","16":"product_tag-buy-grapefruit-strain-online-in-russia","17":"product_tag-buy-grapefruit-strain-online-in-scotland","18":"product_tag-buy-grapefruit-strain-online-in-spain","19":"product_tag-buy-grapefruit-weed-strain-online","20":"product_tag-buy-weed-online-in-australia","21":"product_tag-buy-weed-online-in-austria","22":"product_tag-buy-weed-online-in-belarus","23":"product_tag-buy-weed-online-in-bulgary","24":"product_tag-buy-weed-online-in-england","25":"product_tag-buy-weed-online-in-finland","26":"product_tag-buy-weed-online-in-france","27":"product_tag-buy-weed-online-in-germany","28":"product_tag-buy-weed-online-in-malta","29":"product_tag-buy-weed-online-in-mexico","30":"product_tag-buy-weed-online-in-new-zealand","31":"product_tag-buy-weed-online-in-pillipines","32":"product_tag-buy-weed-online-in-turkey","33":"product_tag-buy-weed-online-in-usa","34":"product_tag-cheap-grapefruit-marijuana-for-sale-online","35":"product_tag-greippi-weed-myynniss-verkossa","36":"product_tag-osta-greippi-kanta-online-australiassa","37":"product_tag-osta-greippi-kanta-online-englannissa","38":"product_tag-osta-greippi-strain-online-online-in-uk","39":"product_tag-osta-greippi-kanta-online-itvallassa","40":"product_tag-osta-greippi-kanta-online-japanissa","41":"product_tag-osta-greippi-kanta-online-malta","42":"product_tag-osta-greippi-kanta-online-meksikossa","43":"product_tag-osta-greippi-kanta-verkossa-ranska","44":"product_tag-osta-greippi-kanta-verkosta-suomessa","45":"product_tag-osta-greippi-kanta-online-sveitsiss","46":"product_tag-osta-greippi-kanta-verkosta-tanskassa","47":"product_tag-osta-greippi-kanta-online-turkissa","48":"product_tag-osta-greippi-kanta-online-uudessa-seelannissa","49":"product_tag-osta-greippi-kanta-online-valko-venjll","50":"product_tag-osta-greippi-kanta-online-usa","51":"product_tag-osta-weed-verkosta-kiinassa","52":"product_tag-osta-weed-verkosta-espanjassa","53":"product_tag-osta-weed-verkosta-irlannissa","54":"product_tag-osta-weed-online-online-in-uk","55":"product_tag-osta-weed-verkosta-italiassa","56":"product_tag-osta-weed-verkosta-japanissa","57":"product_tag-osta-weed-verkosta-kanadassa","58":"product_tag-osta-weed-verkosta-kroatiassa","59":"product_tag-osta-weed-verkosta-skotlannissa","60":"product_tag-osta-weed-verkosta-sveitsiss","61":"product_tag-osta-weed-verkosta-tanskassa","62":"product_tag-osta-weed-verkosta-unkarissa","63":"product_tag-osta-weed-verkosta-venjll","65":"first","66":"instock","67":"shipping-taxable","68":"purchasable","69":"product-type-variable","70":"has-default-attributes"},"yoast_head":"<!-- This site is optimized with the Yoast SEO plugin v27.3 - https:\/\/yoast.com\/product\/yoast-seo-wordpress\/ -->\n<title>Osta greippiruohokantaa \u2013 parhaat maailmanlaajuiset l\u00e4\u00e4kkeet<\/title>\n<meta name=\"description\" content=\"Osta Grapefruit Weed Strain on voimakas sativa-marihuanakanta, joka on valmistettu Cinderella 99:n risteytt\u00e4misest\u00e4. Osta Greippimarihuanan kanta verkosta\" \/>\n<meta name=\"robots\" content=\"index, follow, max-snippet:-1, max-image-preview:large, max-video-preview:-1\" \/>\n<link rel=\"canonical\" href=\"https:\/\/medicinasinc.com\/fi\/product\/greippi-rikkakasvikanta\/\" \/>\n<meta property=\"og:locale\" content=\"en_US\" \/>\n<meta property=\"og:type\" content=\"article\" \/>\n<meta property=\"og:title\" content=\"Osta greippiruohokantaa \u2013 parhaat maailmanlaajuiset l\u00e4\u00e4kkeet\" \/>\n<meta property=\"og:description\" content=\"Osta Grapefruit Weed Strain on voimakas sativa-marihuanakanta, joka on valmistettu Cinderella 99:n risteytt\u00e4misest\u00e4. Osta Greippimarihuanan kanta verkosta\" \/>\n<meta property=\"og:url\" content=\"https:\/\/medicinasinc.com\/fi\/product\/greippi-rikkakasvikanta\/\" \/>\n<meta property=\"og:site_name\" content=\"Medicinas Inc\" \/>\n<meta property=\"article:modified_time\" content=\"2022-03-22T01:06:56+00:00\" \/>\n<meta property=\"og:image\" content=\"https:\/\/medicinasinc.com\/fi\/wp-content\/uploads\/sites\/12\/2022\/02\/Buy-Grapefruit-Weed-Strain.jpg\" \/>\n\t<meta property=\"og:image:width\" content=\"600\" \/>\n\t<meta property=\"og:image:height\" content=\"600\" \/>\n\t<meta property=\"og:image:type\" content=\"image\/jpeg\" \/>\n<meta name=\"twitter:card\" content=\"summary_large_image\" \/>\n<meta name=\"twitter:label1\" content=\"Est. reading time\" \/>\n\t<meta name=\"twitter:data1\" content=\"1 minute\" \/>\n<script type=\"application\/ld+json\" class=\"yoast-schema-graph\">{\"@context\":\"https:\\\/\\\/schema.org\",\"@graph\":[{\"@type\":\"WebPage\",\"@id\":\"https:\\\/\\\/medicinasinc.com\\\/fi\\\/product\\\/greippi-rikkakasvikanta\\\/\",\"url\":\"https:\\\/\\\/medicinasinc.com\\\/fi\\\/product\\\/greippi-rikkakasvikanta\\\/\",\"name\":\"Osta greippiruohokantaa \u2013 parhaat maailmanlaajuiset l\u00e4\u00e4kkeet\",\"isPartOf\":{\"@id\":\"https:\\\/\\\/medicinasinc.com\\\/fi\\\/#website\"},\"primaryImageOfPage\":{\"@id\":\"https:\\\/\\\/medicinasinc.com\\\/fi\\\/product\\\/greippi-rikkakasvikanta\\\/#primaryimage\"},\"image\":{\"@id\":\"https:\\\/\\\/medicinasinc.com\\\/fi\\\/product\\\/greippi-rikkakasvikanta\\\/#primaryimage\"},\"thumbnailUrl\":\"https:\\\/\\\/medicinasinc.com\\\/fi\\\/wp-content\\\/uploads\\\/sites\\\/12\\\/2022\\\/02\\\/Buy-Grapefruit-Weed-Strain.jpg\",\"datePublished\":\"2022-02-20T20:15:06+00:00\",\"dateModified\":\"2022-03-22T01:06:56+00:00\",\"description\":\"Osta Grapefruit Weed Strain on voimakas sativa-marihuanakanta, joka on valmistettu Cinderella 99:n risteytt\u00e4misest\u00e4. Osta Greippimarihuanan kanta verkosta\",\"breadcrumb\":{\"@id\":\"https:\\\/\\\/medicinasinc.com\\\/fi\\\/product\\\/greippi-rikkakasvikanta\\\/#breadcrumb\"},\"inLanguage\":\"en-US\",\"potentialAction\":[{\"@type\":\"ReadAction\",\"target\":[\"https:\\\/\\\/medicinasinc.com\\\/fi\\\/product\\\/greippi-rikkakasvikanta\\\/\"]}]},{\"@type\":\"ImageObject\",\"inLanguage\":\"en-US\",\"@id\":\"https:\\\/\\\/medicinasinc.com\\\/fi\\\/product\\\/greippi-rikkakasvikanta\\\/#primaryimage\",\"url\":\"https:\\\/\\\/medicinasinc.com\\\/fi\\\/wp-content\\\/uploads\\\/sites\\\/12\\\/2022\\\/02\\\/Buy-Grapefruit-Weed-Strain.jpg\",\"contentUrl\":\"https:\\\/\\\/medicinasinc.com\\\/fi\\\/wp-content\\\/uploads\\\/sites\\\/12\\\/2022\\\/02\\\/Buy-Grapefruit-Weed-Strain.jpg\",\"width\":600,\"height\":600},{\"@type\":\"BreadcrumbList\",\"@id\":\"https:\\\/\\\/medicinasinc.com\\\/fi\\\/product\\\/greippi-rikkakasvikanta\\\/#breadcrumb\",\"itemListElement\":[{\"@type\":\"ListItem\",\"position\":1,\"name\":\"Myym\u00e4l\u00e4\",\"item\":\"https:\\\/\\\/medicinasinc.com\\\/fi\\\/myymala\\\/\"},{\"@type\":\"ListItem\",\"position\":2,\"name\":\"Greippi rikkakasvien kanta\"}]},{\"@type\":\"WebSite\",\"@id\":\"https:\\\/\\\/medicinasinc.com\\\/fi\\\/#website\",\"url\":\"https:\\\/\\\/medicinasinc.com\\\/fi\\\/\",\"name\":\"Medicinas Inc\",\"description\":\"Health Medical Clinic\",\"potentialAction\":[{\"@type\":\"SearchAction\",\"target\":{\"@type\":\"EntryPoint\",\"urlTemplate\":\"https:\\\/\\\/medicinasinc.com\\\/fi\\\/?s={search_term_string}\"},\"query-input\":{\"@type\":\"PropertyValueSpecification\",\"valueRequired\":true,\"valueName\":\"search_term_string\"}}],\"inLanguage\":\"en-US\"}]}<\/script>\n<!-- \/ Yoast SEO plugin. -->","yoast_head_json":{"title":"Osta greippiruohokantaa \u2013 parhaat maailmanlaajuiset l\u00e4\u00e4kkeet","description":"Osta Grapefruit Weed Strain on voimakas sativa-marihuanakanta, joka on valmistettu Cinderella 99:n risteytt\u00e4misest\u00e4. Osta Greippimarihuanan kanta verkosta","robots":{"index":"index","follow":"follow","max-snippet":"max-snippet:-1","max-image-preview":"max-image-preview:large","max-video-preview":"max-video-preview:-1"},"canonical":"https:\/\/medicinasinc.com\/fi\/product\/greippi-rikkakasvikanta\/","og_locale":"en_US","og_type":"article","og_title":"Osta greippiruohokantaa \u2013 parhaat maailmanlaajuiset l\u00e4\u00e4kkeet","og_description":"Osta Grapefruit Weed Strain on voimakas sativa-marihuanakanta, joka on valmistettu Cinderella 99:n risteytt\u00e4misest\u00e4. Osta Greippimarihuanan kanta verkosta","og_url":"https:\/\/medicinasinc.com\/fi\/product\/greippi-rikkakasvikanta\/","og_site_name":"Medicinas Inc","article_modified_time":"2022-03-22T01:06:56+00:00","og_image":[{"width":600,"height":600,"url":"https:\/\/medicinasinc.com\/fi\/wp-content\/uploads\/sites\/12\/2022\/02\/Buy-Grapefruit-Weed-Strain.jpg","type":"image\/jpeg"}],"twitter_card":"summary_large_image","twitter_misc":{"Est. reading time":"1 minute"},"schema":{"@context":"https:\/\/schema.org","@graph":[{"@type":"WebPage","@id":"https:\/\/medicinasinc.com\/fi\/product\/greippi-rikkakasvikanta\/","url":"https:\/\/medicinasinc.com\/fi\/product\/greippi-rikkakasvikanta\/","name":"Osta greippiruohokantaa \u2013 parhaat maailmanlaajuiset l\u00e4\u00e4kkeet","isPartOf":{"@id":"https:\/\/medicinasinc.com\/fi\/#website"},"primaryImageOfPage":{"@id":"https:\/\/medicinasinc.com\/fi\/product\/greippi-rikkakasvikanta\/#primaryimage"},"image":{"@id":"https:\/\/medicinasinc.com\/fi\/product\/greippi-rikkakasvikanta\/#primaryimage"},"thumbnailUrl":"https:\/\/medicinasinc.com\/fi\/wp-content\/uploads\/sites\/12\/2022\/02\/Buy-Grapefruit-Weed-Strain.jpg","datePublished":"2022-02-20T20:15:06+00:00","dateModified":"2022-03-22T01:06:56+00:00","description":"Osta Grapefruit Weed Strain on voimakas sativa-marihuanakanta, joka on valmistettu Cinderella 99:n risteytt\u00e4misest\u00e4. Osta Greippimarihuanan kanta verkosta","breadcrumb":{"@id":"https:\/\/medicinasinc.com\/fi\/product\/greippi-rikkakasvikanta\/#breadcrumb"},"inLanguage":"en-US","potentialAction":[{"@type":"ReadAction","target":["https:\/\/medicinasinc.com\/fi\/product\/greippi-rikkakasvikanta\/"]}]},{"@type":"ImageObject","inLanguage":"en-US","@id":"https:\/\/medicinasinc.com\/fi\/product\/greippi-rikkakasvikanta\/#primaryimage","url":"https:\/\/medicinasinc.com\/fi\/wp-content\/uploads\/sites\/12\/2022\/02\/Buy-Grapefruit-Weed-Strain.jpg","contentUrl":"https:\/\/medicinasinc.com\/fi\/wp-content\/uploads\/sites\/12\/2022\/02\/Buy-Grapefruit-Weed-Strain.jpg","width":600,"height":600},{"@type":"BreadcrumbList","@id":"https:\/\/medicinasinc.com\/fi\/product\/greippi-rikkakasvikanta\/#breadcrumb","itemListElement":[{"@type":"ListItem","position":1,"name":"Myym\u00e4l\u00e4","item":"https:\/\/medicinasinc.com\/fi\/myymala\/"},{"@type":"ListItem","position":2,"name":"Greippi rikkakasvien kanta"}]},{"@type":"WebSite","@id":"https:\/\/medicinasinc.com\/fi\/#website","url":"https:\/\/medicinasinc.com\/fi\/","name":"Medicinas Inc","description":"Health Medical Clinic","potentialAction":[{"@type":"SearchAction","target":{"@type":"EntryPoint","urlTemplate":"https:\/\/medicinasinc.com\/fi\/?s={search_term_string}"},"query-input":{"@type":"PropertyValueSpecification","valueRequired":true,"valueName":"search_term_string"}}],"inLanguage":"en-US"}]}},"_links":{"self":[{"href":"https:\/\/medicinasinc.com\/fi\/wp-json\/wp\/v2\/product\/5096","targetHints":{"allow":["GET"]}}],"collection":[{"href":"https:\/\/medicinasinc.com\/fi\/wp-json\/wp\/v2\/product"}],"about":[{"href":"https:\/\/medicinasinc.com\/fi\/wp-json\/wp\/v2\/types\/product"}],"replies":[{"embeddable":true,"href":"https:\/\/medicinasinc.com\/fi\/wp-json\/wp\/v2\/comments?post=5096"}],"wp:featuredmedia":[{"embeddable":true,"href":"https:\/\/medicinasinc.com\/fi\/wp-json\/wp\/v2\/media\/5115"}],"wp:attachment":[{"href":"https:\/\/medicinasinc.com\/fi\/wp-json\/wp\/v2\/media?parent=5096"}],"wp:term":[{"taxonomy":"product_brand","embeddable":true,"href":"https:\/\/medicinasinc.com\/fi\/wp-json\/wp\/v2\/product_brand?post=5096"},{"taxonomy":"product_cat","embeddable":true,"href":"https:\/\/medicinasinc.com\/fi\/wp-json\/wp\/v2\/product_cat?post=5096"},{"taxonomy":"product_tag","embeddable":true,"href":"https:\/\/medicinasinc.com\/fi\/wp-json\/wp\/v2\/product_tag?post=5096"}],"curies":[{"name":"wp","href":"https:\/\/api.w.org\/{rel}","templated":true}]}}