{"id":5095,"date":"2022-02-20T20:14:14","date_gmt":"2022-02-20T20:14:14","guid":{"rendered":"https:\/\/medicinasinc.com\/fi\/?post_type=product&#038;p=5095"},"modified":"2022-03-22T01:07:05","modified_gmt":"2022-03-22T01:07:05","slug":"tonnikala-kush","status":"publish","type":"product","link":"https:\/\/medicinasinc.com\/fi\/product\/tonnikala-kush\/","title":{"rendered":"Tonnikala Kush"},"content":{"rendered":"<p><strong>Surmukoko: Keskikokoinen<\/strong><br \/> <strong>Rakenne: hieman tahmea \/ hieman tahmea<br \/> Maut: Maanl\u00e4heinen \/ Puumainen \/ Pist\u00e4v\u00e4<\/strong><\/p>\n<div class=\"product-next-previous\">\n<div class=\"product-prev\">Tuna Kush on Brittil\u00e4isen Kolumbian ilmi\u00f6, joka tekee paluun Pohjois-Amerikan l\u00e4\u00e4kekannabiksen markkinoilla. T\u00e4t\u00e4 rotua on kutsuttu yhdeksi markkinoiden tehokkaimmista, ja se tuottaa kompakteja, paksuja kimpaleita, jotka on p\u00e4\u00e4llystetty tihe\u00e4ll\u00e4 hartsipinnoitteella. Vaikka Tuna Kush ei tunnetakaan korkeasta tuotosta, se, mit\u00e4 n\u00e4ist\u00e4 ohuemmista varreista tulee, on voimakasta ja maukasta. T\u00e4st\u00e4 huolimatta, jos t\u00e4m\u00e4 kanta p\u00e4\u00e4see kasvuun, saatat haluta parantaa hiilisuodattimiasi, koska t\u00e4m\u00e4 silmu haisee! Odotettavissa on pist\u00e4v\u00e4n haisun, polttoaineen ja herk\u00e4n makeuden yhdistelm\u00e4.<\/div><\/div>\n","protected":false},"excerpt":{"rendered":"<p>Buy Tuna Kush on yksi tehokkaimmista myyt\u00e4vist\u00e4 indica-kannabiskannoista. Yksi toke saa aikaan syv\u00e4n virkistyksen ja rentoutumisen tunteen.<\/p>\n<p>Bluefin Tuna Kush on Indica-dominoiva hybridikanta, jossa yhdistyv\u00e4t mustikan ja BC:n kuuluisan Tuna Kushin parhaat puolet.<\/p>\n","protected":false},"featured_media":5113,"comment_status":"open","ping_status":"closed","template":"","meta":[],"product_brand":[],"product_cat":[778],"product_tag":[],"class_list":{"0":"post-5095","1":"product","2":"type-product","3":"status-publish","4":"has-post-thumbnail","6":"product_cat-ruohoa-myytvn","8":"first","9":"instock","10":"shipping-taxable","11":"purchasable","12":"product-type-variable","13":"has-default-attributes"},"yoast_head":"<!-- This site is optimized with the Yoast SEO plugin v27.3 - https:\/\/yoast.com\/product\/yoast-seo-wordpress\/ -->\n<title>Osta Tuna Kush - Tuna Kush - Best Global Meds<\/title>\n<meta name=\"description\" content=\"Osta myyt\u00e4v\u00e4n\u00e4 Tuna Kush -rikkaruoho on yksi tehokkaimmista saatavilla olevista indica-kannabiskannoista. Yksi merkint\u00e4 saa sinut syv\u00e4\u00e4n euforian ja rentoutumisen tilaan.\" \/>\n<meta name=\"robots\" content=\"index, follow, max-snippet:-1, max-image-preview:large, max-video-preview:-1\" \/>\n<link rel=\"canonical\" href=\"https:\/\/medicinasinc.com\/fi\/product\/tonnikala-kush\/\" \/>\n<meta property=\"og:locale\" content=\"en_US\" \/>\n<meta property=\"og:type\" content=\"article\" \/>\n<meta property=\"og:title\" content=\"Osta Tuna Kush - Tuna Kush - Best Global Meds\" \/>\n<meta property=\"og:description\" content=\"Osta myyt\u00e4v\u00e4n\u00e4 Tuna Kush -rikkaruoho on yksi tehokkaimmista saatavilla olevista indica-kannabiskannoista. Yksi merkint\u00e4 saa sinut syv\u00e4\u00e4n euforian ja rentoutumisen tilaan.\" \/>\n<meta property=\"og:url\" content=\"https:\/\/medicinasinc.com\/fi\/product\/tonnikala-kush\/\" \/>\n<meta property=\"og:site_name\" content=\"Medicinas Inc\" \/>\n<meta property=\"article:modified_time\" content=\"2022-03-22T01:07:05+00:00\" \/>\n<meta property=\"og:image\" content=\"https:\/\/medicinasinc.com\/fi\/wp-content\/uploads\/sites\/12\/2022\/02\/Buy-Tuna-Kush.jpg\" \/>\n\t<meta property=\"og:image:width\" content=\"1024\" \/>\n\t<meta property=\"og:image:height\" content=\"768\" \/>\n\t<meta property=\"og:image:type\" content=\"image\/jpeg\" \/>\n<meta name=\"twitter:card\" content=\"summary_large_image\" \/>\n<meta name=\"twitter:label1\" content=\"Est. reading time\" \/>\n\t<meta name=\"twitter:data1\" content=\"1 minute\" \/>\n<script type=\"application\/ld+json\" class=\"yoast-schema-graph\">{\"@context\":\"https:\\\/\\\/schema.org\",\"@graph\":[{\"@type\":\"WebPage\",\"@id\":\"https:\\\/\\\/medicinasinc.com\\\/fi\\\/product\\\/tonnikala-kush\\\/\",\"url\":\"https:\\\/\\\/medicinasinc.com\\\/fi\\\/product\\\/tonnikala-kush\\\/\",\"name\":\"Osta Tuna Kush - Tuna Kush - Best Global Meds\",\"isPartOf\":{\"@id\":\"https:\\\/\\\/medicinasinc.com\\\/fi\\\/#website\"},\"primaryImageOfPage\":{\"@id\":\"https:\\\/\\\/medicinasinc.com\\\/fi\\\/product\\\/tonnikala-kush\\\/#primaryimage\"},\"image\":{\"@id\":\"https:\\\/\\\/medicinasinc.com\\\/fi\\\/product\\\/tonnikala-kush\\\/#primaryimage\"},\"thumbnailUrl\":\"https:\\\/\\\/medicinasinc.com\\\/fi\\\/wp-content\\\/uploads\\\/sites\\\/12\\\/2022\\\/02\\\/Buy-Tuna-Kush.jpg\",\"datePublished\":\"2022-02-20T20:14:14+00:00\",\"dateModified\":\"2022-03-22T01:07:05+00:00\",\"description\":\"Osta myyt\u00e4v\u00e4n\u00e4 Tuna Kush -rikkaruoho on yksi tehokkaimmista saatavilla olevista indica-kannabiskannoista. Yksi merkint\u00e4 saa sinut syv\u00e4\u00e4n euforian ja rentoutumisen tilaan.\",\"breadcrumb\":{\"@id\":\"https:\\\/\\\/medicinasinc.com\\\/fi\\\/product\\\/tonnikala-kush\\\/#breadcrumb\"},\"inLanguage\":\"en-US\",\"potentialAction\":[{\"@type\":\"ReadAction\",\"target\":[\"https:\\\/\\\/medicinasinc.com\\\/fi\\\/product\\\/tonnikala-kush\\\/\"]}]},{\"@type\":\"ImageObject\",\"inLanguage\":\"en-US\",\"@id\":\"https:\\\/\\\/medicinasinc.com\\\/fi\\\/product\\\/tonnikala-kush\\\/#primaryimage\",\"url\":\"https:\\\/\\\/medicinasinc.com\\\/fi\\\/wp-content\\\/uploads\\\/sites\\\/12\\\/2022\\\/02\\\/Buy-Tuna-Kush.jpg\",\"contentUrl\":\"https:\\\/\\\/medicinasinc.com\\\/fi\\\/wp-content\\\/uploads\\\/sites\\\/12\\\/2022\\\/02\\\/Buy-Tuna-Kush.jpg\",\"width\":1024,\"height\":768},{\"@type\":\"BreadcrumbList\",\"@id\":\"https:\\\/\\\/medicinasinc.com\\\/fi\\\/product\\\/tonnikala-kush\\\/#breadcrumb\",\"itemListElement\":[{\"@type\":\"ListItem\",\"position\":1,\"name\":\"Myym\u00e4l\u00e4\",\"item\":\"https:\\\/\\\/medicinasinc.com\\\/fi\\\/myymala\\\/\"},{\"@type\":\"ListItem\",\"position\":2,\"name\":\"Tonnikala Kush\"}]},{\"@type\":\"WebSite\",\"@id\":\"https:\\\/\\\/medicinasinc.com\\\/fi\\\/#website\",\"url\":\"https:\\\/\\\/medicinasinc.com\\\/fi\\\/\",\"name\":\"Medicinas Inc\",\"description\":\"Health Medical Clinic\",\"potentialAction\":[{\"@type\":\"SearchAction\",\"target\":{\"@type\":\"EntryPoint\",\"urlTemplate\":\"https:\\\/\\\/medicinasinc.com\\\/fi\\\/?s={search_term_string}\"},\"query-input\":{\"@type\":\"PropertyValueSpecification\",\"valueRequired\":true,\"valueName\":\"search_term_string\"}}],\"inLanguage\":\"en-US\"}]}<\/script>\n<!-- \/ Yoast SEO plugin. -->","yoast_head_json":{"title":"Osta Tuna Kush - Tuna Kush - Best Global Meds","description":"Osta myyt\u00e4v\u00e4n\u00e4 Tuna Kush -rikkaruoho on yksi tehokkaimmista saatavilla olevista indica-kannabiskannoista. Yksi merkint\u00e4 saa sinut syv\u00e4\u00e4n euforian ja rentoutumisen tilaan.","robots":{"index":"index","follow":"follow","max-snippet":"max-snippet:-1","max-image-preview":"max-image-preview:large","max-video-preview":"max-video-preview:-1"},"canonical":"https:\/\/medicinasinc.com\/fi\/product\/tonnikala-kush\/","og_locale":"en_US","og_type":"article","og_title":"Osta Tuna Kush - Tuna Kush - Best Global Meds","og_description":"Osta myyt\u00e4v\u00e4n\u00e4 Tuna Kush -rikkaruoho on yksi tehokkaimmista saatavilla olevista indica-kannabiskannoista. Yksi merkint\u00e4 saa sinut syv\u00e4\u00e4n euforian ja rentoutumisen tilaan.","og_url":"https:\/\/medicinasinc.com\/fi\/product\/tonnikala-kush\/","og_site_name":"Medicinas Inc","article_modified_time":"2022-03-22T01:07:05+00:00","og_image":[{"width":1024,"height":768,"url":"https:\/\/medicinasinc.com\/fi\/wp-content\/uploads\/sites\/12\/2022\/02\/Buy-Tuna-Kush.jpg","type":"image\/jpeg"}],"twitter_card":"summary_large_image","twitter_misc":{"Est. reading time":"1 minute"},"schema":{"@context":"https:\/\/schema.org","@graph":[{"@type":"WebPage","@id":"https:\/\/medicinasinc.com\/fi\/product\/tonnikala-kush\/","url":"https:\/\/medicinasinc.com\/fi\/product\/tonnikala-kush\/","name":"Osta Tuna Kush - Tuna Kush - Best Global Meds","isPartOf":{"@id":"https:\/\/medicinasinc.com\/fi\/#website"},"primaryImageOfPage":{"@id":"https:\/\/medicinasinc.com\/fi\/product\/tonnikala-kush\/#primaryimage"},"image":{"@id":"https:\/\/medicinasinc.com\/fi\/product\/tonnikala-kush\/#primaryimage"},"thumbnailUrl":"https:\/\/medicinasinc.com\/fi\/wp-content\/uploads\/sites\/12\/2022\/02\/Buy-Tuna-Kush.jpg","datePublished":"2022-02-20T20:14:14+00:00","dateModified":"2022-03-22T01:07:05+00:00","description":"Osta myyt\u00e4v\u00e4n\u00e4 Tuna Kush -rikkaruoho on yksi tehokkaimmista saatavilla olevista indica-kannabiskannoista. Yksi merkint\u00e4 saa sinut syv\u00e4\u00e4n euforian ja rentoutumisen tilaan.","breadcrumb":{"@id":"https:\/\/medicinasinc.com\/fi\/product\/tonnikala-kush\/#breadcrumb"},"inLanguage":"en-US","potentialAction":[{"@type":"ReadAction","target":["https:\/\/medicinasinc.com\/fi\/product\/tonnikala-kush\/"]}]},{"@type":"ImageObject","inLanguage":"en-US","@id":"https:\/\/medicinasinc.com\/fi\/product\/tonnikala-kush\/#primaryimage","url":"https:\/\/medicinasinc.com\/fi\/wp-content\/uploads\/sites\/12\/2022\/02\/Buy-Tuna-Kush.jpg","contentUrl":"https:\/\/medicinasinc.com\/fi\/wp-content\/uploads\/sites\/12\/2022\/02\/Buy-Tuna-Kush.jpg","width":1024,"height":768},{"@type":"BreadcrumbList","@id":"https:\/\/medicinasinc.com\/fi\/product\/tonnikala-kush\/#breadcrumb","itemListElement":[{"@type":"ListItem","position":1,"name":"Myym\u00e4l\u00e4","item":"https:\/\/medicinasinc.com\/fi\/myymala\/"},{"@type":"ListItem","position":2,"name":"Tonnikala Kush"}]},{"@type":"WebSite","@id":"https:\/\/medicinasinc.com\/fi\/#website","url":"https:\/\/medicinasinc.com\/fi\/","name":"Medicinas Inc","description":"Health Medical Clinic","potentialAction":[{"@type":"SearchAction","target":{"@type":"EntryPoint","urlTemplate":"https:\/\/medicinasinc.com\/fi\/?s={search_term_string}"},"query-input":{"@type":"PropertyValueSpecification","valueRequired":true,"valueName":"search_term_string"}}],"inLanguage":"en-US"}]}},"_links":{"self":[{"href":"https:\/\/medicinasinc.com\/fi\/wp-json\/wp\/v2\/product\/5095","targetHints":{"allow":["GET"]}}],"collection":[{"href":"https:\/\/medicinasinc.com\/fi\/wp-json\/wp\/v2\/product"}],"about":[{"href":"https:\/\/medicinasinc.com\/fi\/wp-json\/wp\/v2\/types\/product"}],"replies":[{"embeddable":true,"href":"https:\/\/medicinasinc.com\/fi\/wp-json\/wp\/v2\/comments?post=5095"}],"wp:featuredmedia":[{"embeddable":true,"href":"https:\/\/medicinasinc.com\/fi\/wp-json\/wp\/v2\/media\/5113"}],"wp:attachment":[{"href":"https:\/\/medicinasinc.com\/fi\/wp-json\/wp\/v2\/media?parent=5095"}],"wp:term":[{"taxonomy":"product_brand","embeddable":true,"href":"https:\/\/medicinasinc.com\/fi\/wp-json\/wp\/v2\/product_brand?post=5095"},{"taxonomy":"product_cat","embeddable":true,"href":"https:\/\/medicinasinc.com\/fi\/wp-json\/wp\/v2\/product_cat?post=5095"},{"taxonomy":"product_tag","embeddable":true,"href":"https:\/\/medicinasinc.com\/fi\/wp-json\/wp\/v2\/product_tag?post=5095"}],"curies":[{"name":"wp","href":"https:\/\/api.w.org\/{rel}","templated":true}]}}