{"id":5094,"date":"2022-02-20T20:12:57","date_gmt":"2022-02-20T20:12:57","guid":{"rendered":"https:\/\/medicinasinc.com\/fi\/?post_type=product&#038;p=5094"},"modified":"2022-03-22T01:07:17","modified_gmt":"2022-03-22T01:07:17","slug":"osta-pinkki-kush","status":"publish","type":"product","link":"https:\/\/medicinasinc.com\/fi\/product\/osta-pinkki-kush\/","title":{"rendered":"Osta Pink Kush"},"content":{"rendered":"<p><strong>Pink Kushin verkko-ostos<\/strong><\/p>\n<p>Pink Kush, kuten sen OG Kush -sisarus, on eritt\u00e4in kysytty indica-dominoiva hybridi, jolla on voimakkaita kehoon keskittyvi\u00e4 vaikutuksia. Vaaleanpunaiset karvat nousevat kirkkaan vihreist\u00e4 silmuista, jotka ovat tuskin n\u00e4kyviss\u00e4 sokerimaisten trikomien kerroksen alta, antaen makean vaniljan ja karkkien tuoksun. T\u00e4m\u00e4n kannan tehon uskotaan olevan ylivoimainen, ja jopa pienten annosten on havaittu lievitt\u00e4v\u00e4n kipua, unettomuutta ja ruokahaluttomuutta. Pink Kush -kukinta kest\u00e4\u00e4 10\u201311 viikkoa, mutta ylimm\u00e4n hyllyn silmujen valtavat sadot tekev\u00e4t odottamisesta kannattavaa.<\/p>\n<div class=\"product-next-previous\">\n<div class=\"product-prev\"><\/div><\/div>\n","protected":false},"excerpt":{"rendered":"<p>Osta Pink Kush -kannabista ja muita AAA+ rikkaruohokantoja Euroopan suositusta verkkoapteekista. Tee tilauksesi jo t\u00e4n\u00e4\u00e4n ja hy\u00f6dynn\u00e4 ilmainen toimitus kaikille yli 150 dollarin tilauksille!<\/p>\n<p>Pink Kush, kuten sen OG Kush -sisarus, on eritt\u00e4in kysytty indica-dominoiva hybridi, jolla on voimakkaita kehoon keskittyvi\u00e4 vaikutuksia.<\/p>\n<div>\n<p class=\"percentage\"><span class=\"heading\">THC:\u00a0<\/span>25 %<\/p>\n<\/p><\/div>\n<div class=\"panel-heading\">Voi helpottaa <i class=\"fa fa-info-circle\" title=\"Vastuuvapauslauseke: Kaikki t\u00e4ll\u00e4 sivustolla n\u00e4kyv\u00e4t kannabiksen kantatiedot perustuvat k\u00e4ytt\u00e4jien arvosteluihin. N\u00e4ytett\u00e4vi\u00e4 kantatietoja tulee k\u00e4sitell\u00e4 informatiivisena ty\u00f6kaluna, ei l\u00e4\u00e4ketieteellisen\u00e4 suosituksena. Ota yhteytt\u00e4 l\u00e4\u00e4k\u00e4risi kanssa ennen kuin k\u00e4yt\u00e4t kannabista l\u00e4\u00e4ketieteellisiin tarkoituksiin.\" data-toggle=\"tooltip\" data-placement=\"right\"><\/i><\/div>\n<div class=\"panel-body well tags-list\"> Ruokahalun menetys, krooninen kipu, masennus, unettomuus, pahoinvointi<\/div>\n<ul>\n<li>AAAAA edustaa parhaista parhaita!<\/li>\n<li>Ota meihin yhteytt\u00e4 tukkutilauksia varten.<\/li>\n<li>Toimitus maailmanlaajuisesti.<\/li>\n<\/ul>\n","protected":false},"featured_media":5111,"comment_status":"open","ping_status":"closed","template":"","meta":[],"product_brand":[],"product_cat":[778],"product_tag":[1050,1051,1052,1057,1053,1058,1056,1054,1055,1049,634,1059],"class_list":{"0":"post-5094","1":"product","2":"type-product","3":"status-publish","4":"has-post-thumbnail","6":"product_cat-ruohoa-myytvn","7":"product_tag-buy-medical-marijuana-online-uk","8":"product_tag-buy-nembutal","9":"product_tag-hybridi-rikkakasvit-kannat","10":"product_tag-kipu-tabletit-myynniss","11":"product_tag-marihuana-kannat-online","12":"product_tag-virkistys-marihuana-hoito","13":"product_tag-oksikontiini-80-mg","14":"product_tag-online-marijuana-sales","15":"product_tag-online-medical-marijuana-sales","16":"product_tag-osta-kannabis-verkossa-uk","17":"product_tag-osta-marihuana-verkossa-uk","18":"product_tag-ruoho-myytvn-italiassa","20":"first","21":"instock","22":"shipping-taxable","23":"purchasable","24":"product-type-variable","25":"has-default-attributes"},"yoast_head":"<!-- This site is optimized with the Yoast SEO plugin v27.3 - https:\/\/yoast.com\/product\/yoast-seo-wordpress\/ -->\n<title>Osta Pink Kush verkosta \u2013 parhaat maailmanlaajuiset l\u00e4\u00e4kkeet<\/title>\n<meta name=\"description\" content=\"Osta Pink Kush rikkaruohokantaa ja lis\u00e4\u00e4 AAA+ rikkaruohoja Euroopan suosikkiverkkoapteekista. Tilaa t\u00e4n\u00e4\u00e4n ja nauti ilmaisesta toimituksesta kaikkiin yli 150 dollarin tilauksiin!\" \/>\n<meta name=\"robots\" content=\"index, follow, max-snippet:-1, max-image-preview:large, max-video-preview:-1\" \/>\n<link rel=\"canonical\" href=\"https:\/\/medicinasinc.com\/fi\/product\/osta-pinkki-kush\/\" \/>\n<meta property=\"og:locale\" content=\"en_US\" \/>\n<meta property=\"og:type\" content=\"article\" \/>\n<meta property=\"og:title\" content=\"Osta Pink Kush verkosta \u2013 parhaat maailmanlaajuiset l\u00e4\u00e4kkeet\" \/>\n<meta property=\"og:description\" content=\"Osta Pink Kush rikkaruohokantaa ja lis\u00e4\u00e4 AAA+ rikkaruohoja Euroopan suosikkiverkkoapteekista. Tilaa t\u00e4n\u00e4\u00e4n ja nauti ilmaisesta toimituksesta kaikkiin yli 150 dollarin tilauksiin!\" \/>\n<meta property=\"og:url\" content=\"https:\/\/medicinasinc.com\/fi\/product\/osta-pinkki-kush\/\" \/>\n<meta property=\"og:site_name\" content=\"Medicinas Inc\" \/>\n<meta property=\"article:modified_time\" content=\"2022-03-22T01:07:17+00:00\" \/>\n<meta property=\"og:image\" content=\"https:\/\/medicinasinc.com\/fi\/wp-content\/uploads\/sites\/12\/2022\/02\/Buy-Pink-Kush.jpg\" \/>\n\t<meta property=\"og:image:width\" content=\"450\" \/>\n\t<meta property=\"og:image:height\" content=\"450\" \/>\n\t<meta property=\"og:image:type\" content=\"image\/jpeg\" \/>\n<meta name=\"twitter:card\" content=\"summary_large_image\" \/>\n<meta name=\"twitter:label1\" content=\"Est. reading time\" \/>\n\t<meta name=\"twitter:data1\" content=\"1 minute\" \/>\n<script type=\"application\/ld+json\" class=\"yoast-schema-graph\">{\"@context\":\"https:\\\/\\\/schema.org\",\"@graph\":[{\"@type\":\"WebPage\",\"@id\":\"https:\\\/\\\/medicinasinc.com\\\/fi\\\/product\\\/osta-pinkki-kush\\\/\",\"url\":\"https:\\\/\\\/medicinasinc.com\\\/fi\\\/product\\\/osta-pinkki-kush\\\/\",\"name\":\"Osta Pink Kush verkosta \u2013 parhaat maailmanlaajuiset l\u00e4\u00e4kkeet\",\"isPartOf\":{\"@id\":\"https:\\\/\\\/medicinasinc.com\\\/fi\\\/#website\"},\"primaryImageOfPage\":{\"@id\":\"https:\\\/\\\/medicinasinc.com\\\/fi\\\/product\\\/osta-pinkki-kush\\\/#primaryimage\"},\"image\":{\"@id\":\"https:\\\/\\\/medicinasinc.com\\\/fi\\\/product\\\/osta-pinkki-kush\\\/#primaryimage\"},\"thumbnailUrl\":\"https:\\\/\\\/medicinasinc.com\\\/fi\\\/wp-content\\\/uploads\\\/sites\\\/12\\\/2022\\\/02\\\/Buy-Pink-Kush.jpg\",\"datePublished\":\"2022-02-20T20:12:57+00:00\",\"dateModified\":\"2022-03-22T01:07:17+00:00\",\"description\":\"Osta Pink Kush rikkaruohokantaa ja lis\u00e4\u00e4 AAA+ rikkaruohoja Euroopan suosikkiverkkoapteekista. Tilaa t\u00e4n\u00e4\u00e4n ja nauti ilmaisesta toimituksesta kaikkiin yli 150 dollarin tilauksiin!\",\"breadcrumb\":{\"@id\":\"https:\\\/\\\/medicinasinc.com\\\/fi\\\/product\\\/osta-pinkki-kush\\\/#breadcrumb\"},\"inLanguage\":\"en-US\",\"potentialAction\":[{\"@type\":\"ReadAction\",\"target\":[\"https:\\\/\\\/medicinasinc.com\\\/fi\\\/product\\\/osta-pinkki-kush\\\/\"]}]},{\"@type\":\"ImageObject\",\"inLanguage\":\"en-US\",\"@id\":\"https:\\\/\\\/medicinasinc.com\\\/fi\\\/product\\\/osta-pinkki-kush\\\/#primaryimage\",\"url\":\"https:\\\/\\\/medicinasinc.com\\\/fi\\\/wp-content\\\/uploads\\\/sites\\\/12\\\/2022\\\/02\\\/Buy-Pink-Kush.jpg\",\"contentUrl\":\"https:\\\/\\\/medicinasinc.com\\\/fi\\\/wp-content\\\/uploads\\\/sites\\\/12\\\/2022\\\/02\\\/Buy-Pink-Kush.jpg\",\"width\":450,\"height\":450},{\"@type\":\"BreadcrumbList\",\"@id\":\"https:\\\/\\\/medicinasinc.com\\\/fi\\\/product\\\/osta-pinkki-kush\\\/#breadcrumb\",\"itemListElement\":[{\"@type\":\"ListItem\",\"position\":1,\"name\":\"Myym\u00e4l\u00e4\",\"item\":\"https:\\\/\\\/medicinasinc.com\\\/fi\\\/myymala\\\/\"},{\"@type\":\"ListItem\",\"position\":2,\"name\":\"Osta Pink Kush\"}]},{\"@type\":\"WebSite\",\"@id\":\"https:\\\/\\\/medicinasinc.com\\\/fi\\\/#website\",\"url\":\"https:\\\/\\\/medicinasinc.com\\\/fi\\\/\",\"name\":\"Medicinas Inc\",\"description\":\"Health Medical Clinic\",\"potentialAction\":[{\"@type\":\"SearchAction\",\"target\":{\"@type\":\"EntryPoint\",\"urlTemplate\":\"https:\\\/\\\/medicinasinc.com\\\/fi\\\/?s={search_term_string}\"},\"query-input\":{\"@type\":\"PropertyValueSpecification\",\"valueRequired\":true,\"valueName\":\"search_term_string\"}}],\"inLanguage\":\"en-US\"}]}<\/script>\n<!-- \/ Yoast SEO plugin. -->","yoast_head_json":{"title":"Osta Pink Kush verkosta \u2013 parhaat maailmanlaajuiset l\u00e4\u00e4kkeet","description":"Osta Pink Kush rikkaruohokantaa ja lis\u00e4\u00e4 AAA+ rikkaruohoja Euroopan suosikkiverkkoapteekista. Tilaa t\u00e4n\u00e4\u00e4n ja nauti ilmaisesta toimituksesta kaikkiin yli 150 dollarin tilauksiin!","robots":{"index":"index","follow":"follow","max-snippet":"max-snippet:-1","max-image-preview":"max-image-preview:large","max-video-preview":"max-video-preview:-1"},"canonical":"https:\/\/medicinasinc.com\/fi\/product\/osta-pinkki-kush\/","og_locale":"en_US","og_type":"article","og_title":"Osta Pink Kush verkosta \u2013 parhaat maailmanlaajuiset l\u00e4\u00e4kkeet","og_description":"Osta Pink Kush rikkaruohokantaa ja lis\u00e4\u00e4 AAA+ rikkaruohoja Euroopan suosikkiverkkoapteekista. Tilaa t\u00e4n\u00e4\u00e4n ja nauti ilmaisesta toimituksesta kaikkiin yli 150 dollarin tilauksiin!","og_url":"https:\/\/medicinasinc.com\/fi\/product\/osta-pinkki-kush\/","og_site_name":"Medicinas Inc","article_modified_time":"2022-03-22T01:07:17+00:00","og_image":[{"width":450,"height":450,"url":"https:\/\/medicinasinc.com\/fi\/wp-content\/uploads\/sites\/12\/2022\/02\/Buy-Pink-Kush.jpg","type":"image\/jpeg"}],"twitter_card":"summary_large_image","twitter_misc":{"Est. reading time":"1 minute"},"schema":{"@context":"https:\/\/schema.org","@graph":[{"@type":"WebPage","@id":"https:\/\/medicinasinc.com\/fi\/product\/osta-pinkki-kush\/","url":"https:\/\/medicinasinc.com\/fi\/product\/osta-pinkki-kush\/","name":"Osta Pink Kush verkosta \u2013 parhaat maailmanlaajuiset l\u00e4\u00e4kkeet","isPartOf":{"@id":"https:\/\/medicinasinc.com\/fi\/#website"},"primaryImageOfPage":{"@id":"https:\/\/medicinasinc.com\/fi\/product\/osta-pinkki-kush\/#primaryimage"},"image":{"@id":"https:\/\/medicinasinc.com\/fi\/product\/osta-pinkki-kush\/#primaryimage"},"thumbnailUrl":"https:\/\/medicinasinc.com\/fi\/wp-content\/uploads\/sites\/12\/2022\/02\/Buy-Pink-Kush.jpg","datePublished":"2022-02-20T20:12:57+00:00","dateModified":"2022-03-22T01:07:17+00:00","description":"Osta Pink Kush rikkaruohokantaa ja lis\u00e4\u00e4 AAA+ rikkaruohoja Euroopan suosikkiverkkoapteekista. Tilaa t\u00e4n\u00e4\u00e4n ja nauti ilmaisesta toimituksesta kaikkiin yli 150 dollarin tilauksiin!","breadcrumb":{"@id":"https:\/\/medicinasinc.com\/fi\/product\/osta-pinkki-kush\/#breadcrumb"},"inLanguage":"en-US","potentialAction":[{"@type":"ReadAction","target":["https:\/\/medicinasinc.com\/fi\/product\/osta-pinkki-kush\/"]}]},{"@type":"ImageObject","inLanguage":"en-US","@id":"https:\/\/medicinasinc.com\/fi\/product\/osta-pinkki-kush\/#primaryimage","url":"https:\/\/medicinasinc.com\/fi\/wp-content\/uploads\/sites\/12\/2022\/02\/Buy-Pink-Kush.jpg","contentUrl":"https:\/\/medicinasinc.com\/fi\/wp-content\/uploads\/sites\/12\/2022\/02\/Buy-Pink-Kush.jpg","width":450,"height":450},{"@type":"BreadcrumbList","@id":"https:\/\/medicinasinc.com\/fi\/product\/osta-pinkki-kush\/#breadcrumb","itemListElement":[{"@type":"ListItem","position":1,"name":"Myym\u00e4l\u00e4","item":"https:\/\/medicinasinc.com\/fi\/myymala\/"},{"@type":"ListItem","position":2,"name":"Osta Pink Kush"}]},{"@type":"WebSite","@id":"https:\/\/medicinasinc.com\/fi\/#website","url":"https:\/\/medicinasinc.com\/fi\/","name":"Medicinas Inc","description":"Health Medical Clinic","potentialAction":[{"@type":"SearchAction","target":{"@type":"EntryPoint","urlTemplate":"https:\/\/medicinasinc.com\/fi\/?s={search_term_string}"},"query-input":{"@type":"PropertyValueSpecification","valueRequired":true,"valueName":"search_term_string"}}],"inLanguage":"en-US"}]}},"_links":{"self":[{"href":"https:\/\/medicinasinc.com\/fi\/wp-json\/wp\/v2\/product\/5094","targetHints":{"allow":["GET"]}}],"collection":[{"href":"https:\/\/medicinasinc.com\/fi\/wp-json\/wp\/v2\/product"}],"about":[{"href":"https:\/\/medicinasinc.com\/fi\/wp-json\/wp\/v2\/types\/product"}],"replies":[{"embeddable":true,"href":"https:\/\/medicinasinc.com\/fi\/wp-json\/wp\/v2\/comments?post=5094"}],"wp:featuredmedia":[{"embeddable":true,"href":"https:\/\/medicinasinc.com\/fi\/wp-json\/wp\/v2\/media\/5111"}],"wp:attachment":[{"href":"https:\/\/medicinasinc.com\/fi\/wp-json\/wp\/v2\/media?parent=5094"}],"wp:term":[{"taxonomy":"product_brand","embeddable":true,"href":"https:\/\/medicinasinc.com\/fi\/wp-json\/wp\/v2\/product_brand?post=5094"},{"taxonomy":"product_cat","embeddable":true,"href":"https:\/\/medicinasinc.com\/fi\/wp-json\/wp\/v2\/product_cat?post=5094"},{"taxonomy":"product_tag","embeddable":true,"href":"https:\/\/medicinasinc.com\/fi\/wp-json\/wp\/v2\/product_tag?post=5094"}],"curies":[{"name":"wp","href":"https:\/\/api.w.org\/{rel}","templated":true}]}}