{"id":5069,"date":"2022-02-20T19:51:48","date_gmt":"2022-02-20T19:51:48","guid":{"rendered":"https:\/\/medicinasinc.com\/fi\/?post_type=product&#038;p=5069"},"modified":"2022-03-22T01:07:46","modified_gmt":"2022-03-22T01:07:46","slug":"osta-super-hapan-diesel","status":"publish","type":"product","link":"https:\/\/medicinasinc.com\/fi\/product\/osta-super-hapan-diesel\/","title":{"rendered":"Osta Super Sour Diesel"},"content":{"rendered":"<p>Marihuana Super Sour Diesel myynniss\u00e4 verkossa.<\/p>\n<p>Marihuana Super Sour Diesel myynniss\u00e4 verkossa.<\/p>\n<p>Superhapan marihuanakannan Sativa THC-pitoisuus on 18\u201324 prosenttia.<\/p>\n<p>Vaikutukset<br \/> Aivoihin kohdistuva, energisoiva, euforia, iloinen<br \/> voi lievitt\u00e4\u00e4<br \/> ADD\/ADHD, krooninen kipu, masennus, silm\u00e4npaine, v\u00e4symys, fibromyalgia, ruokahaluttomuus, migreeni, Stressi<br \/> Maut<br \/> Sitrus, Diesel, Mausteinen, Makea<br \/> Aromit<br \/> Diesel, Yrtti, Pipokas, Hapan, Mausteinen<\/p>\n","protected":false},"excerpt":{"rendered":"<div class=\"woocommerce-product-details__short-description\">\n<p>Super Sour Diesel AAAA on marihuanakanta, joka on luotu risteytt\u00e4m\u00e4ll\u00e4 Super Silver Haze ja Sour Diesel.<\/p>\n<p>Marihuana Super Sour Diesel myynniss\u00e4 verkossa. <\/p>\n<p>Osta Weed verkosta. Marihuana myynniss\u00e4. Osta korkealaatuisia l\u00e4\u00e4ketieteellisi\u00e4 marihuana- ja kannabiskantoja verkosta.<\/p>\n<\/p><\/div>\n","protected":false},"featured_media":5087,"comment_status":"open","ping_status":"closed","template":"","meta":[],"product_brand":[],"product_cat":[778],"product_tag":[1025,1027,1032,1026,1028,1030,1029,1031],"class_list":{"0":"post-5069","1":"product","2":"type-product","3":"status-publish","4":"has-post-thumbnail","6":"product_cat-ruohoa-myytvn","7":"product_tag-super-sour-diesel-allbud","8":"product_tag-super-sour-diesel-effects","9":"product_tag-super-sour-diesel-vs-sour-diesel","10":"product_tag-super-sour-diesel-cbd","11":"product_tag-super-hapan-diesel-hinta","12":"product_tag-super-hapan-diesel-kanta","13":"product_tag-super-hapan-diesel-siemenet","14":"product_tag-super-hapan-diesel-terpeenit","16":"first","17":"instock","18":"shipping-taxable","19":"purchasable","20":"product-type-variable","21":"has-default-attributes"},"yoast_head":"<!-- This site is optimized with the Yoast SEO plugin v27.3 - https:\/\/yoast.com\/product\/yoast-seo-wordpress\/ -->\n<title>Osta Super Sour Diesel - parhaat maailmanlaajuiset l\u00e4\u00e4kkeet<\/title>\n<meta name=\"description\" content=\"Osta Super Sour Diesel AAAA myyt\u00e4v\u00e4n\u00e4 parhaassa l\u00e4\u00e4ketieteellisess\u00e4 virkistyskeskuksessa, marihuanakanta, joka on valmistettu risteytt\u00e4m\u00e4ll\u00e4 Super Silver Haze Sour Dieselin kanssa.\" \/>\n<meta name=\"robots\" content=\"index, follow, max-snippet:-1, max-image-preview:large, max-video-preview:-1\" \/>\n<link rel=\"canonical\" href=\"https:\/\/medicinasinc.com\/fi\/product\/osta-super-hapan-diesel\/\" \/>\n<meta property=\"og:locale\" content=\"en_US\" \/>\n<meta property=\"og:type\" content=\"article\" \/>\n<meta property=\"og:title\" content=\"Osta Super Sour Diesel - parhaat maailmanlaajuiset l\u00e4\u00e4kkeet\" \/>\n<meta property=\"og:description\" content=\"Osta Super Sour Diesel AAAA myyt\u00e4v\u00e4n\u00e4 parhaassa l\u00e4\u00e4ketieteellisess\u00e4 virkistyskeskuksessa, marihuanakanta, joka on valmistettu risteytt\u00e4m\u00e4ll\u00e4 Super Silver Haze Sour Dieselin kanssa.\" \/>\n<meta property=\"og:url\" content=\"https:\/\/medicinasinc.com\/fi\/product\/osta-super-hapan-diesel\/\" \/>\n<meta property=\"og:site_name\" content=\"Medicinas Inc\" \/>\n<meta property=\"article:modified_time\" content=\"2022-03-22T01:07:46+00:00\" \/>\n<meta property=\"og:image\" content=\"https:\/\/medicinasinc.com\/fi\/wp-content\/uploads\/sites\/12\/2022\/02\/Buy-Super-Sour-Diesel-scaled-1.jpg\" \/>\n\t<meta property=\"og:image:width\" content=\"1920\" \/>\n\t<meta property=\"og:image:height\" content=\"2560\" \/>\n\t<meta property=\"og:image:type\" content=\"image\/jpeg\" \/>\n<meta name=\"twitter:card\" content=\"summary_large_image\" \/>\n<meta name=\"twitter:label1\" content=\"Est. reading time\" \/>\n\t<meta name=\"twitter:data1\" content=\"1 minute\" \/>\n<script type=\"application\/ld+json\" class=\"yoast-schema-graph\">{\"@context\":\"https:\\\/\\\/schema.org\",\"@graph\":[{\"@type\":\"WebPage\",\"@id\":\"https:\\\/\\\/medicinasinc.com\\\/fi\\\/product\\\/osta-super-hapan-diesel\\\/\",\"url\":\"https:\\\/\\\/medicinasinc.com\\\/fi\\\/product\\\/osta-super-hapan-diesel\\\/\",\"name\":\"Osta Super Sour Diesel - parhaat maailmanlaajuiset l\u00e4\u00e4kkeet\",\"isPartOf\":{\"@id\":\"https:\\\/\\\/medicinasinc.com\\\/fi\\\/#website\"},\"primaryImageOfPage\":{\"@id\":\"https:\\\/\\\/medicinasinc.com\\\/fi\\\/product\\\/osta-super-hapan-diesel\\\/#primaryimage\"},\"image\":{\"@id\":\"https:\\\/\\\/medicinasinc.com\\\/fi\\\/product\\\/osta-super-hapan-diesel\\\/#primaryimage\"},\"thumbnailUrl\":\"https:\\\/\\\/medicinasinc.com\\\/fi\\\/wp-content\\\/uploads\\\/sites\\\/12\\\/2022\\\/02\\\/Buy-Super-Sour-Diesel-scaled-1.jpg\",\"datePublished\":\"2022-02-20T19:51:48+00:00\",\"dateModified\":\"2022-03-22T01:07:46+00:00\",\"description\":\"Osta Super Sour Diesel AAAA myyt\u00e4v\u00e4n\u00e4 parhaassa l\u00e4\u00e4ketieteellisess\u00e4 virkistyskeskuksessa, marihuanakanta, joka on valmistettu risteytt\u00e4m\u00e4ll\u00e4 Super Silver Haze Sour Dieselin kanssa.\",\"breadcrumb\":{\"@id\":\"https:\\\/\\\/medicinasinc.com\\\/fi\\\/product\\\/osta-super-hapan-diesel\\\/#breadcrumb\"},\"inLanguage\":\"en-US\",\"potentialAction\":[{\"@type\":\"ReadAction\",\"target\":[\"https:\\\/\\\/medicinasinc.com\\\/fi\\\/product\\\/osta-super-hapan-diesel\\\/\"]}]},{\"@type\":\"ImageObject\",\"inLanguage\":\"en-US\",\"@id\":\"https:\\\/\\\/medicinasinc.com\\\/fi\\\/product\\\/osta-super-hapan-diesel\\\/#primaryimage\",\"url\":\"https:\\\/\\\/medicinasinc.com\\\/fi\\\/wp-content\\\/uploads\\\/sites\\\/12\\\/2022\\\/02\\\/Buy-Super-Sour-Diesel-scaled-1.jpg\",\"contentUrl\":\"https:\\\/\\\/medicinasinc.com\\\/fi\\\/wp-content\\\/uploads\\\/sites\\\/12\\\/2022\\\/02\\\/Buy-Super-Sour-Diesel-scaled-1.jpg\",\"width\":1920,\"height\":2560},{\"@type\":\"BreadcrumbList\",\"@id\":\"https:\\\/\\\/medicinasinc.com\\\/fi\\\/product\\\/osta-super-hapan-diesel\\\/#breadcrumb\",\"itemListElement\":[{\"@type\":\"ListItem\",\"position\":1,\"name\":\"Myym\u00e4l\u00e4\",\"item\":\"https:\\\/\\\/medicinasinc.com\\\/fi\\\/myymala\\\/\"},{\"@type\":\"ListItem\",\"position\":2,\"name\":\"Osta Super Sour Diesel\"}]},{\"@type\":\"WebSite\",\"@id\":\"https:\\\/\\\/medicinasinc.com\\\/fi\\\/#website\",\"url\":\"https:\\\/\\\/medicinasinc.com\\\/fi\\\/\",\"name\":\"Medicinas Inc\",\"description\":\"Health Medical Clinic\",\"potentialAction\":[{\"@type\":\"SearchAction\",\"target\":{\"@type\":\"EntryPoint\",\"urlTemplate\":\"https:\\\/\\\/medicinasinc.com\\\/fi\\\/?s={search_term_string}\"},\"query-input\":{\"@type\":\"PropertyValueSpecification\",\"valueRequired\":true,\"valueName\":\"search_term_string\"}}],\"inLanguage\":\"en-US\"}]}<\/script>\n<!-- \/ Yoast SEO plugin. -->","yoast_head_json":{"title":"Osta Super Sour Diesel - parhaat maailmanlaajuiset l\u00e4\u00e4kkeet","description":"Osta Super Sour Diesel AAAA myyt\u00e4v\u00e4n\u00e4 parhaassa l\u00e4\u00e4ketieteellisess\u00e4 virkistyskeskuksessa, marihuanakanta, joka on valmistettu risteytt\u00e4m\u00e4ll\u00e4 Super Silver Haze Sour Dieselin kanssa.","robots":{"index":"index","follow":"follow","max-snippet":"max-snippet:-1","max-image-preview":"max-image-preview:large","max-video-preview":"max-video-preview:-1"},"canonical":"https:\/\/medicinasinc.com\/fi\/product\/osta-super-hapan-diesel\/","og_locale":"en_US","og_type":"article","og_title":"Osta Super Sour Diesel - parhaat maailmanlaajuiset l\u00e4\u00e4kkeet","og_description":"Osta Super Sour Diesel AAAA myyt\u00e4v\u00e4n\u00e4 parhaassa l\u00e4\u00e4ketieteellisess\u00e4 virkistyskeskuksessa, marihuanakanta, joka on valmistettu risteytt\u00e4m\u00e4ll\u00e4 Super Silver Haze Sour Dieselin kanssa.","og_url":"https:\/\/medicinasinc.com\/fi\/product\/osta-super-hapan-diesel\/","og_site_name":"Medicinas Inc","article_modified_time":"2022-03-22T01:07:46+00:00","og_image":[{"width":1920,"height":2560,"url":"https:\/\/medicinasinc.com\/fi\/wp-content\/uploads\/sites\/12\/2022\/02\/Buy-Super-Sour-Diesel-scaled-1.jpg","type":"image\/jpeg"}],"twitter_card":"summary_large_image","twitter_misc":{"Est. reading time":"1 minute"},"schema":{"@context":"https:\/\/schema.org","@graph":[{"@type":"WebPage","@id":"https:\/\/medicinasinc.com\/fi\/product\/osta-super-hapan-diesel\/","url":"https:\/\/medicinasinc.com\/fi\/product\/osta-super-hapan-diesel\/","name":"Osta Super Sour Diesel - parhaat maailmanlaajuiset l\u00e4\u00e4kkeet","isPartOf":{"@id":"https:\/\/medicinasinc.com\/fi\/#website"},"primaryImageOfPage":{"@id":"https:\/\/medicinasinc.com\/fi\/product\/osta-super-hapan-diesel\/#primaryimage"},"image":{"@id":"https:\/\/medicinasinc.com\/fi\/product\/osta-super-hapan-diesel\/#primaryimage"},"thumbnailUrl":"https:\/\/medicinasinc.com\/fi\/wp-content\/uploads\/sites\/12\/2022\/02\/Buy-Super-Sour-Diesel-scaled-1.jpg","datePublished":"2022-02-20T19:51:48+00:00","dateModified":"2022-03-22T01:07:46+00:00","description":"Osta Super Sour Diesel AAAA myyt\u00e4v\u00e4n\u00e4 parhaassa l\u00e4\u00e4ketieteellisess\u00e4 virkistyskeskuksessa, marihuanakanta, joka on valmistettu risteytt\u00e4m\u00e4ll\u00e4 Super Silver Haze Sour Dieselin kanssa.","breadcrumb":{"@id":"https:\/\/medicinasinc.com\/fi\/product\/osta-super-hapan-diesel\/#breadcrumb"},"inLanguage":"en-US","potentialAction":[{"@type":"ReadAction","target":["https:\/\/medicinasinc.com\/fi\/product\/osta-super-hapan-diesel\/"]}]},{"@type":"ImageObject","inLanguage":"en-US","@id":"https:\/\/medicinasinc.com\/fi\/product\/osta-super-hapan-diesel\/#primaryimage","url":"https:\/\/medicinasinc.com\/fi\/wp-content\/uploads\/sites\/12\/2022\/02\/Buy-Super-Sour-Diesel-scaled-1.jpg","contentUrl":"https:\/\/medicinasinc.com\/fi\/wp-content\/uploads\/sites\/12\/2022\/02\/Buy-Super-Sour-Diesel-scaled-1.jpg","width":1920,"height":2560},{"@type":"BreadcrumbList","@id":"https:\/\/medicinasinc.com\/fi\/product\/osta-super-hapan-diesel\/#breadcrumb","itemListElement":[{"@type":"ListItem","position":1,"name":"Myym\u00e4l\u00e4","item":"https:\/\/medicinasinc.com\/fi\/myymala\/"},{"@type":"ListItem","position":2,"name":"Osta Super Sour Diesel"}]},{"@type":"WebSite","@id":"https:\/\/medicinasinc.com\/fi\/#website","url":"https:\/\/medicinasinc.com\/fi\/","name":"Medicinas Inc","description":"Health Medical Clinic","potentialAction":[{"@type":"SearchAction","target":{"@type":"EntryPoint","urlTemplate":"https:\/\/medicinasinc.com\/fi\/?s={search_term_string}"},"query-input":{"@type":"PropertyValueSpecification","valueRequired":true,"valueName":"search_term_string"}}],"inLanguage":"en-US"}]}},"_links":{"self":[{"href":"https:\/\/medicinasinc.com\/fi\/wp-json\/wp\/v2\/product\/5069","targetHints":{"allow":["GET"]}}],"collection":[{"href":"https:\/\/medicinasinc.com\/fi\/wp-json\/wp\/v2\/product"}],"about":[{"href":"https:\/\/medicinasinc.com\/fi\/wp-json\/wp\/v2\/types\/product"}],"replies":[{"embeddable":true,"href":"https:\/\/medicinasinc.com\/fi\/wp-json\/wp\/v2\/comments?post=5069"}],"wp:featuredmedia":[{"embeddable":true,"href":"https:\/\/medicinasinc.com\/fi\/wp-json\/wp\/v2\/media\/5087"}],"wp:attachment":[{"href":"https:\/\/medicinasinc.com\/fi\/wp-json\/wp\/v2\/media?parent=5069"}],"wp:term":[{"taxonomy":"product_brand","embeddable":true,"href":"https:\/\/medicinasinc.com\/fi\/wp-json\/wp\/v2\/product_brand?post=5069"},{"taxonomy":"product_cat","embeddable":true,"href":"https:\/\/medicinasinc.com\/fi\/wp-json\/wp\/v2\/product_cat?post=5069"},{"taxonomy":"product_tag","embeddable":true,"href":"https:\/\/medicinasinc.com\/fi\/wp-json\/wp\/v2\/product_tag?post=5069"}],"curies":[{"name":"wp","href":"https:\/\/api.w.org\/{rel}","templated":true}]}}