{"id":5068,"date":"2022-02-20T19:50:54","date_gmt":"2022-02-20T19:50:54","guid":{"rendered":"https:\/\/medicinasinc.com\/fi\/?post_type=product&#038;p=5068"},"modified":"2022-03-22T01:08:00","modified_gmt":"2022-03-22T01:08:00","slug":"osta-super-sitruuna-usu","status":"publish","type":"product","link":"https:\/\/medicinasinc.com\/fi\/product\/osta-super-sitruuna-usu\/","title":{"rendered":"Osta Super Lemon Haze"},"content":{"rendered":"<p>Super Lamon Hazen verkkoostos<\/p>\n<p>T\u00e4m\u00e4 herkullinen sitruunakanta on hyv\u00e4n tuottolaji, joka sopii kaikille veteraaniryhmille. Super Lemon Haze on yksi suosituimmista kannoista, erityisesti intialaisten harrastajien keskuudessa, ja se on onnistuneesti muuntanut ne sativaksi. Ep\u00e4ilem\u00e4tt\u00e4 Super Lemon Haze on ainutlaatuinen. T\u00e4m\u00e4 Cannabis Cup -voittaja on Lemon Skunkin ja Super Silver Hazen risteytys, mik\u00e4 tekee siit\u00e4 sukutaulun ja yhden parhaista saatavilla olevista satiiveista. Voit ostaa Super Lamon Hazen verkosta ja l\u00f6yt\u00e4\u00e4 sen myyt\u00e4v\u00e4n\u00e4 verkossa. T\u00e4m\u00e4 sativa-dominoiva hybridi on todella nimens\u00e4 mukainen, ja sen voimakas limoninen aromi tuoksuu uskomattomalta. Super Lemon Haze alkaa hitaasti mutta tasaisesti ja nousee valtavaan euforiseen korkeuteen, joka saa sinut hypp\u00e4\u00e4m\u00e4\u00e4n tuoliltasi j\u00e4nnittyneen\u00e4. T\u00e4m\u00e4 kanta on my\u00f6s suosittu l\u00e4\u00e4ketieteellinen versio, koska sit\u00e4 voidaan k\u00e4ytt\u00e4\u00e4 monien eri sairauksien hoitoon.<\/p>\n<p>Vaikutukset<\/p>\n<p>Kaikki n\u00e4m\u00e4 supersativa-vaikutukset ovat energiapohjaisia. Ensisijainen ominaisuus on kuitenkin, ett\u00e4 se on loistava jokap\u00e4iv\u00e4inen yritys, koska se pystyy tekem\u00e4\u00e4n siit\u00e4 tehokkaan ja toisinaan innovatiivisen. Super Lemon Haze pystyy rauhoittamaan sinut riitt\u00e4v\u00e4sti, jotta tunnet olosi mukavaksi. Super Lemon Haze on ihanteellinen iloinen kumppani. Jos sinulla on edess\u00e4si pitk\u00e4 p\u00e4iv\u00e4 ja haluat saada asiat tehty\u00e4 perusteellisesti, t\u00e4m\u00e4 sativa on oikea tapa.<br \/> Sinulla on kiloa t\u00e4t\u00e4 herkullista silppua, joka pit\u00e4\u00e4 sis\u00e4ll\u00e4si kaikki salissa olevat, ja toinen. vet\u00e4\u00e4 sinut yl\u00f6s. Super Lemon Haze ei vaikuta aloittaviin yrityksiin. Sen vaikutus voi tuottaa miellytt\u00e4v\u00e4n aivoviruksen, jonka avulla voit ajatella selke\u00e4mmin ja muistaa tietoja, jotka saatat muuten unohtaa. Lis\u00e4ksi t\u00e4m\u00e4n paineen uskotaan saavan sinut tuntemaan olosi hieman kire\u00e4ksi, mik\u00e4 on ihanteellinen romanttiseen iltaan. Tuoksu: Tuoksuvan silmun pit\u00e4isi her\u00e4tt\u00e4\u00e4 kuvia sitrushedelmist\u00e4. Super Lemon Haze on sitruunamakea maku, jossa on ripaus mausteisuutta ja eritt\u00e4in hapan aromi. Makea sitruunan maku on tasapainotettu ripauksella maanl\u00e4heisyytt\u00e4 ja mausteisuutta, mik\u00e4 luo upean kokemuksen. Super Lemon Haze on eritt\u00e4in miellytt\u00e4v\u00e4 tuoksu. T\u00e4ll\u00e4 sativalla on miellytt\u00e4v\u00e4, raikas tuoksu, ja sitruunaisen jauhoisuuden pit\u00e4isi viipy\u00e4 kielell\u00e4si. On ik\u00e4\u00e4n kuin hengit\u00e4t sis\u00e4\u00e4n karkkia, jolla on selke\u00e4 yrttis\u00e4vy.<\/p>\n<p>L\u00e4\u00e4ketieteelliset edut<\/p>\n<p>Super Lemon Hazea suositellaan useisiin vaivoihin ja oireisiin. Krooninen v\u00e4symys on helppo torjua t\u00e4ll\u00e4 voimakkaalla rasituksella, koska se pystyy juurruttamaan vakaan ja kohonneen mielentilan, joka stimuloi sinua jopa tekem\u00e4\u00e4n asioita. Lis\u00e4ksi t\u00e4m\u00e4 kanta on hyv\u00e4 taistelemaan stressi\u00e4 ja surua vastaan. Super Lemon Haze pystyy hoitamaan erilaisia \u200b\u200bstressaaviin el\u00e4m\u00e4ntapoihin liittyvi\u00e4 ahdistuksia, ja se voi helposti vapauttaa itsens\u00e4 pienist\u00e4 s\u00e4rkyist\u00e4, kuten migreenist\u00e4, p\u00e4\u00e4ns\u00e4ryst\u00e4, nivelist\u00e4 ja lihasspasmeista. Super Lemon Haze on monik\u00e4ytt\u00f6inen, luotettava kipul\u00e4\u00e4ke, joka rentouttaa ja kihelm\u00f6i vartaloa peitt\u00e4en mahdolliset muut fyysiset ongelmat. Kohottava maku ja tuoksu lis\u00e4\u00e4v\u00e4t sen houkuttelevuutta, mik\u00e4 tekee siit\u00e4 nautinnollisen my\u00f6s ihmisille, jotka eiv\u00e4t todenn\u00e4k\u00f6isesti k\u00e4yt\u00e4 kannabista sairautensa hoitoon.<\/p>\n","protected":false},"excerpt":{"rendered":"<div class=\"woocommerce-product-details__short-description\">\n<p>Osta Super Lemon Haze -marihuanakantaa Yhdistyneest\u00e4 kuningaskunnasta ja Euroopasta. Se on vahva sitrushedelmien ja makean Sativa-dominoiva hybridi. T\u00e4m\u00e4 kukka on tulosta sitruunahaisun ja hopeahazen risteytt\u00e4misest\u00e4.<\/p>\n<p>Super Lemon Haze -marihuanan verkko-ostos.<\/p>\n<p>Super Lemon Haze on Sativa Dominant Hybrid &#8211; 80 % Sativaa \/ 20 % Indicaa. Indica-THC-pitoisuus on 25 %, CBD-pitoisuus 1 % ja CBN-pitoisuus 2 %.<\/p>\n<\/p><\/div>\n","protected":false},"featured_media":5085,"comment_status":"open","ping_status":"closed","template":"","meta":[],"product_brand":[],"product_cat":[778],"product_tag":[1019,1020,1021,1022,486,1024,487,1023],"class_list":{"0":"post-5068","1":"product","2":"type-product","3":"status-publish","4":"has-post-thumbnail","6":"product_cat-ruohoa-myytvn","7":"product_tag-is-super-lemon-haze-psychedelic","8":"product_tag-sitruuna-haze-siemeni-myynniss","9":"product_tag-super-sitruuna-haze-autoflower","10":"product_tag-super-sitruuna-haze-autoflower-siemenet","11":"product_tag-super-sitruuna-usu-hinta","12":"product_tag-super-lemon-haze-seeds-usa","13":"product_tag-super-sitruuna-haze-siemeni","14":"product_tag-super-sitruuna-haze-efektit","16":"first","17":"instock","18":"shipping-taxable","19":"purchasable","20":"product-type-variable","21":"has-default-attributes"},"yoast_head":"<!-- This site is optimized with the Yoast SEO plugin v27.3 - https:\/\/yoast.com\/product\/yoast-seo-wordpress\/ -->\n<title>Osta Super Lemon Haze - parhaat maailmanlaajuiset l\u00e4\u00e4kkeet<\/title>\n<meta name=\"description\" content=\"Osta Super Lemon Haze marihuanakantaa UK,European pist\u00e4v\u00e4 sitrushedelm\u00e4t ja makea Sativa-dominoiva hybridi. T\u00e4m\u00e4 kukka on sitruunahaisun ja amp; hopeinen sumu.\" \/>\n<meta name=\"robots\" content=\"index, follow, max-snippet:-1, max-image-preview:large, max-video-preview:-1\" \/>\n<link rel=\"canonical\" href=\"https:\/\/medicinasinc.com\/fi\/product\/osta-super-sitruuna-usu\/\" \/>\n<meta property=\"og:locale\" content=\"en_US\" \/>\n<meta property=\"og:type\" content=\"article\" \/>\n<meta property=\"og:title\" content=\"Osta Super Lemon Haze - parhaat maailmanlaajuiset l\u00e4\u00e4kkeet\" \/>\n<meta property=\"og:description\" content=\"Osta Super Lemon Haze marihuanakantaa UK,European pist\u00e4v\u00e4 sitrushedelm\u00e4t ja makea Sativa-dominoiva hybridi. T\u00e4m\u00e4 kukka on sitruunahaisun ja amp; hopeinen sumu.\" \/>\n<meta property=\"og:url\" content=\"https:\/\/medicinasinc.com\/fi\/product\/osta-super-sitruuna-usu\/\" \/>\n<meta property=\"og:site_name\" content=\"Medicinas Inc\" \/>\n<meta property=\"article:modified_time\" content=\"2022-03-22T01:08:00+00:00\" \/>\n<meta property=\"og:image\" content=\"https:\/\/medicinasinc.com\/fi\/wp-content\/uploads\/sites\/12\/2022\/02\/Buy-Super-Lemon-Haze.jpg\" \/>\n\t<meta property=\"og:image:width\" content=\"1080\" \/>\n\t<meta property=\"og:image:height\" content=\"1080\" \/>\n\t<meta property=\"og:image:type\" content=\"image\/jpeg\" \/>\n<meta name=\"twitter:card\" content=\"summary_large_image\" \/>\n<meta name=\"twitter:label1\" content=\"Est. reading time\" \/>\n\t<meta name=\"twitter:data1\" content=\"3 minutes\" \/>\n<script type=\"application\/ld+json\" class=\"yoast-schema-graph\">{\"@context\":\"https:\\\/\\\/schema.org\",\"@graph\":[{\"@type\":\"WebPage\",\"@id\":\"https:\\\/\\\/medicinasinc.com\\\/fi\\\/product\\\/osta-super-sitruuna-usu\\\/\",\"url\":\"https:\\\/\\\/medicinasinc.com\\\/fi\\\/product\\\/osta-super-sitruuna-usu\\\/\",\"name\":\"Osta Super Lemon Haze - parhaat maailmanlaajuiset l\u00e4\u00e4kkeet\",\"isPartOf\":{\"@id\":\"https:\\\/\\\/medicinasinc.com\\\/fi\\\/#website\"},\"primaryImageOfPage\":{\"@id\":\"https:\\\/\\\/medicinasinc.com\\\/fi\\\/product\\\/osta-super-sitruuna-usu\\\/#primaryimage\"},\"image\":{\"@id\":\"https:\\\/\\\/medicinasinc.com\\\/fi\\\/product\\\/osta-super-sitruuna-usu\\\/#primaryimage\"},\"thumbnailUrl\":\"https:\\\/\\\/medicinasinc.com\\\/fi\\\/wp-content\\\/uploads\\\/sites\\\/12\\\/2022\\\/02\\\/Buy-Super-Lemon-Haze.jpg\",\"datePublished\":\"2022-02-20T19:50:54+00:00\",\"dateModified\":\"2022-03-22T01:08:00+00:00\",\"description\":\"Osta Super Lemon Haze marihuanakantaa UK,European pist\u00e4v\u00e4 sitrushedelm\u00e4t ja makea Sativa-dominoiva hybridi. T\u00e4m\u00e4 kukka on sitruunahaisun ja amp; hopeinen sumu.\",\"breadcrumb\":{\"@id\":\"https:\\\/\\\/medicinasinc.com\\\/fi\\\/product\\\/osta-super-sitruuna-usu\\\/#breadcrumb\"},\"inLanguage\":\"en-US\",\"potentialAction\":[{\"@type\":\"ReadAction\",\"target\":[\"https:\\\/\\\/medicinasinc.com\\\/fi\\\/product\\\/osta-super-sitruuna-usu\\\/\"]}]},{\"@type\":\"ImageObject\",\"inLanguage\":\"en-US\",\"@id\":\"https:\\\/\\\/medicinasinc.com\\\/fi\\\/product\\\/osta-super-sitruuna-usu\\\/#primaryimage\",\"url\":\"https:\\\/\\\/medicinasinc.com\\\/fi\\\/wp-content\\\/uploads\\\/sites\\\/12\\\/2022\\\/02\\\/Buy-Super-Lemon-Haze.jpg\",\"contentUrl\":\"https:\\\/\\\/medicinasinc.com\\\/fi\\\/wp-content\\\/uploads\\\/sites\\\/12\\\/2022\\\/02\\\/Buy-Super-Lemon-Haze.jpg\",\"width\":1080,\"height\":1080},{\"@type\":\"BreadcrumbList\",\"@id\":\"https:\\\/\\\/medicinasinc.com\\\/fi\\\/product\\\/osta-super-sitruuna-usu\\\/#breadcrumb\",\"itemListElement\":[{\"@type\":\"ListItem\",\"position\":1,\"name\":\"Myym\u00e4l\u00e4\",\"item\":\"https:\\\/\\\/medicinasinc.com\\\/fi\\\/myymala\\\/\"},{\"@type\":\"ListItem\",\"position\":2,\"name\":\"Osta Super Lemon Haze\"}]},{\"@type\":\"WebSite\",\"@id\":\"https:\\\/\\\/medicinasinc.com\\\/fi\\\/#website\",\"url\":\"https:\\\/\\\/medicinasinc.com\\\/fi\\\/\",\"name\":\"Medicinas Inc\",\"description\":\"Health Medical Clinic\",\"potentialAction\":[{\"@type\":\"SearchAction\",\"target\":{\"@type\":\"EntryPoint\",\"urlTemplate\":\"https:\\\/\\\/medicinasinc.com\\\/fi\\\/?s={search_term_string}\"},\"query-input\":{\"@type\":\"PropertyValueSpecification\",\"valueRequired\":true,\"valueName\":\"search_term_string\"}}],\"inLanguage\":\"en-US\"}]}<\/script>\n<!-- \/ Yoast SEO plugin. -->","yoast_head_json":{"title":"Osta Super Lemon Haze - parhaat maailmanlaajuiset l\u00e4\u00e4kkeet","description":"Osta Super Lemon Haze marihuanakantaa UK,European pist\u00e4v\u00e4 sitrushedelm\u00e4t ja makea Sativa-dominoiva hybridi. T\u00e4m\u00e4 kukka on sitruunahaisun ja amp; hopeinen sumu.","robots":{"index":"index","follow":"follow","max-snippet":"max-snippet:-1","max-image-preview":"max-image-preview:large","max-video-preview":"max-video-preview:-1"},"canonical":"https:\/\/medicinasinc.com\/fi\/product\/osta-super-sitruuna-usu\/","og_locale":"en_US","og_type":"article","og_title":"Osta Super Lemon Haze - parhaat maailmanlaajuiset l\u00e4\u00e4kkeet","og_description":"Osta Super Lemon Haze marihuanakantaa UK,European pist\u00e4v\u00e4 sitrushedelm\u00e4t ja makea Sativa-dominoiva hybridi. T\u00e4m\u00e4 kukka on sitruunahaisun ja amp; hopeinen sumu.","og_url":"https:\/\/medicinasinc.com\/fi\/product\/osta-super-sitruuna-usu\/","og_site_name":"Medicinas Inc","article_modified_time":"2022-03-22T01:08:00+00:00","og_image":[{"width":1080,"height":1080,"url":"https:\/\/medicinasinc.com\/fi\/wp-content\/uploads\/sites\/12\/2022\/02\/Buy-Super-Lemon-Haze.jpg","type":"image\/jpeg"}],"twitter_card":"summary_large_image","twitter_misc":{"Est. reading time":"3 minutes"},"schema":{"@context":"https:\/\/schema.org","@graph":[{"@type":"WebPage","@id":"https:\/\/medicinasinc.com\/fi\/product\/osta-super-sitruuna-usu\/","url":"https:\/\/medicinasinc.com\/fi\/product\/osta-super-sitruuna-usu\/","name":"Osta Super Lemon Haze - parhaat maailmanlaajuiset l\u00e4\u00e4kkeet","isPartOf":{"@id":"https:\/\/medicinasinc.com\/fi\/#website"},"primaryImageOfPage":{"@id":"https:\/\/medicinasinc.com\/fi\/product\/osta-super-sitruuna-usu\/#primaryimage"},"image":{"@id":"https:\/\/medicinasinc.com\/fi\/product\/osta-super-sitruuna-usu\/#primaryimage"},"thumbnailUrl":"https:\/\/medicinasinc.com\/fi\/wp-content\/uploads\/sites\/12\/2022\/02\/Buy-Super-Lemon-Haze.jpg","datePublished":"2022-02-20T19:50:54+00:00","dateModified":"2022-03-22T01:08:00+00:00","description":"Osta Super Lemon Haze marihuanakantaa UK,European pist\u00e4v\u00e4 sitrushedelm\u00e4t ja makea Sativa-dominoiva hybridi. T\u00e4m\u00e4 kukka on sitruunahaisun ja amp; hopeinen sumu.","breadcrumb":{"@id":"https:\/\/medicinasinc.com\/fi\/product\/osta-super-sitruuna-usu\/#breadcrumb"},"inLanguage":"en-US","potentialAction":[{"@type":"ReadAction","target":["https:\/\/medicinasinc.com\/fi\/product\/osta-super-sitruuna-usu\/"]}]},{"@type":"ImageObject","inLanguage":"en-US","@id":"https:\/\/medicinasinc.com\/fi\/product\/osta-super-sitruuna-usu\/#primaryimage","url":"https:\/\/medicinasinc.com\/fi\/wp-content\/uploads\/sites\/12\/2022\/02\/Buy-Super-Lemon-Haze.jpg","contentUrl":"https:\/\/medicinasinc.com\/fi\/wp-content\/uploads\/sites\/12\/2022\/02\/Buy-Super-Lemon-Haze.jpg","width":1080,"height":1080},{"@type":"BreadcrumbList","@id":"https:\/\/medicinasinc.com\/fi\/product\/osta-super-sitruuna-usu\/#breadcrumb","itemListElement":[{"@type":"ListItem","position":1,"name":"Myym\u00e4l\u00e4","item":"https:\/\/medicinasinc.com\/fi\/myymala\/"},{"@type":"ListItem","position":2,"name":"Osta Super Lemon Haze"}]},{"@type":"WebSite","@id":"https:\/\/medicinasinc.com\/fi\/#website","url":"https:\/\/medicinasinc.com\/fi\/","name":"Medicinas Inc","description":"Health Medical Clinic","potentialAction":[{"@type":"SearchAction","target":{"@type":"EntryPoint","urlTemplate":"https:\/\/medicinasinc.com\/fi\/?s={search_term_string}"},"query-input":{"@type":"PropertyValueSpecification","valueRequired":true,"valueName":"search_term_string"}}],"inLanguage":"en-US"}]}},"_links":{"self":[{"href":"https:\/\/medicinasinc.com\/fi\/wp-json\/wp\/v2\/product\/5068","targetHints":{"allow":["GET"]}}],"collection":[{"href":"https:\/\/medicinasinc.com\/fi\/wp-json\/wp\/v2\/product"}],"about":[{"href":"https:\/\/medicinasinc.com\/fi\/wp-json\/wp\/v2\/types\/product"}],"replies":[{"embeddable":true,"href":"https:\/\/medicinasinc.com\/fi\/wp-json\/wp\/v2\/comments?post=5068"}],"wp:featuredmedia":[{"embeddable":true,"href":"https:\/\/medicinasinc.com\/fi\/wp-json\/wp\/v2\/media\/5085"}],"wp:attachment":[{"href":"https:\/\/medicinasinc.com\/fi\/wp-json\/wp\/v2\/media?parent=5068"}],"wp:term":[{"taxonomy":"product_brand","embeddable":true,"href":"https:\/\/medicinasinc.com\/fi\/wp-json\/wp\/v2\/product_brand?post=5068"},{"taxonomy":"product_cat","embeddable":true,"href":"https:\/\/medicinasinc.com\/fi\/wp-json\/wp\/v2\/product_cat?post=5068"},{"taxonomy":"product_tag","embeddable":true,"href":"https:\/\/medicinasinc.com\/fi\/wp-json\/wp\/v2\/product_tag?post=5068"}],"curies":[{"name":"wp","href":"https:\/\/api.w.org\/{rel}","templated":true}]}}