{"id":5066,"date":"2022-02-20T19:49:25","date_gmt":"2022-02-20T19:49:25","guid":{"rendered":"https:\/\/medicinasinc.com\/fi\/?post_type=product&#038;p=5066"},"modified":"2022-03-22T01:08:13","modified_gmt":"2022-03-22T01:08:13","slug":"osta-snoops-dream-marihuana","status":"publish","type":"product","link":"https:\/\/medicinasinc.com\/fi\/product\/osta-snoops-dream-marihuana\/","title":{"rendered":"Osta Snoop&#8217;s Dream -marihuana"},"content":{"rendered":"<p><strong>Snoops Dream -marihuanaa voi ostaa verkosta.<\/strong><\/p>\n<p>Snoops Dream -marihuanakantaa voi ostaa verkosta.<\/p>\n<p>Vaikutukset<br \/> Luova, energisoiva , euforia, kikattava, iloinen, rentouttava, kohottava<br \/> voi lievitt\u00e4\u00e4<br \/> kaksisuuntaista mielialah\u00e4iri\u00f6t\u00e4, kroonista kipua, masennusta, v\u00e4symyst\u00e4, p\u00e4\u00e4ns\u00e4rky\u00e4, unettomuutta, PMS-oireita, PTSD, stressi\u00e4<br \/> makuja<br \/> marja, Mustikka, voi, m\u00e4nty, sokerinen, makea, vanilja<\/p>\n","protected":false},"excerpt":{"rendered":"<p>Osta Snoops Dream -marihuanaa, voit ostaa verkosta. Snoop&#8217;s Dream on Snoop Doggin kehitt\u00e4m\u00e4 marihuanakanta. Hybridi &#8211; 50 % Sativaa, 50 % Indica THC:t\u00e4: 26 %<\/p>\n<p>Snoop&#8217;s Dream on kannabiskanta, joka on nimetty hip hop -artisti Snoop Dogin mukaan. H\u00e4n on osoittanut huomattavaa kiinnostusta marihuanaalaa kohtaan.<\/p>\n<p>Snoop&#8217;s Dream on Snoop Doggin kehitt\u00e4m\u00e4 marihuanakanta. Hybridi &#8211; 50 % Sativaa, 50 % Indica THC:t\u00e4: 26 %. Tarjoamme mahdollisuuden ostaa l\u00e4\u00e4ketieteellist\u00e4 marihuanaa verkosta, vahaa ja murskata sek\u00e4 rikkakasvea.<\/p>\n","protected":false},"featured_media":5083,"comment_status":"open","ping_status":"closed","template":"","meta":[],"product_brand":[],"product_cat":[778],"product_tag":[1013,1014,1015,1011,1016,1017,1018,1012],"class_list":{"0":"post-5066","1":"product","2":"type-product","3":"status-publish","4":"has-post-thumbnail","6":"product_cat-ruohoa-myytvn","7":"product_tag-growing-snoops-dream","8":"product_tag-lehdet-snoop-kannat","9":"product_tag-mestari-kush-hinta","10":"product_tag-sininen-unelma-hinta","11":"product_tag-snoop-dawg-strain-redbud-roots","12":"product_tag-snoop-kannat","13":"product_tag-snoops-dream-wikileaf","14":"product_tag-unelma-koira-kanta","16":"first","17":"instock","18":"shipping-taxable","19":"purchasable","20":"product-type-variable","21":"has-default-attributes"},"yoast_head":"<!-- This site is optimized with the Yoast SEO plugin v27.3 - https:\/\/yoast.com\/product\/yoast-seo-wordpress\/ -->\n<title>Osta Snoops Dream -marihuana - parhaat maailmanlaajuiset l\u00e4\u00e4kkeet<\/title>\n<meta name=\"description\" content=\"Crossing Blue Dream ja Master Kush, kaksi eloisaa, voimakasta lajiketta, joiden sanotaan olevan ... T\u00e4m\u00e4 on paras alusta Osta Snoop&#039;s Dream -marihuanaa myyt\u00e4v\u00e4ksi.\" \/>\n<meta name=\"robots\" content=\"index, follow, max-snippet:-1, max-image-preview:large, max-video-preview:-1\" \/>\n<link rel=\"canonical\" href=\"https:\/\/medicinasinc.com\/fi\/product\/osta-snoops-dream-marihuana\/\" \/>\n<meta property=\"og:locale\" content=\"en_US\" \/>\n<meta property=\"og:type\" content=\"article\" \/>\n<meta property=\"og:title\" content=\"Osta Snoops Dream -marihuana - parhaat maailmanlaajuiset l\u00e4\u00e4kkeet\" \/>\n<meta property=\"og:description\" content=\"Crossing Blue Dream ja Master Kush, kaksi eloisaa, voimakasta lajiketta, joiden sanotaan olevan ... T\u00e4m\u00e4 on paras alusta Osta Snoop&#039;s Dream -marihuanaa myyt\u00e4v\u00e4ksi.\" \/>\n<meta property=\"og:url\" content=\"https:\/\/medicinasinc.com\/fi\/product\/osta-snoops-dream-marihuana\/\" \/>\n<meta property=\"og:site_name\" content=\"Medicinas Inc\" \/>\n<meta property=\"article:modified_time\" content=\"2022-03-22T01:08:13+00:00\" \/>\n<meta property=\"og:image\" content=\"https:\/\/medicinasinc.com\/fi\/wp-content\/uploads\/sites\/12\/2022\/02\/Buy-Snoops-Dream-Marijuana.jpg\" \/>\n\t<meta property=\"og:image:width\" content=\"2000\" \/>\n\t<meta property=\"og:image:height\" content=\"1333\" \/>\n\t<meta property=\"og:image:type\" content=\"image\/jpeg\" \/>\n<meta name=\"twitter:card\" content=\"summary_large_image\" \/>\n<meta name=\"twitter:label1\" content=\"Est. reading time\" \/>\n\t<meta name=\"twitter:data1\" content=\"1 minute\" \/>\n<script type=\"application\/ld+json\" class=\"yoast-schema-graph\">{\"@context\":\"https:\\\/\\\/schema.org\",\"@graph\":[{\"@type\":\"WebPage\",\"@id\":\"https:\\\/\\\/medicinasinc.com\\\/fi\\\/product\\\/osta-snoops-dream-marihuana\\\/\",\"url\":\"https:\\\/\\\/medicinasinc.com\\\/fi\\\/product\\\/osta-snoops-dream-marihuana\\\/\",\"name\":\"Osta Snoops Dream -marihuana - parhaat maailmanlaajuiset l\u00e4\u00e4kkeet\",\"isPartOf\":{\"@id\":\"https:\\\/\\\/medicinasinc.com\\\/fi\\\/#website\"},\"primaryImageOfPage\":{\"@id\":\"https:\\\/\\\/medicinasinc.com\\\/fi\\\/product\\\/osta-snoops-dream-marihuana\\\/#primaryimage\"},\"image\":{\"@id\":\"https:\\\/\\\/medicinasinc.com\\\/fi\\\/product\\\/osta-snoops-dream-marihuana\\\/#primaryimage\"},\"thumbnailUrl\":\"https:\\\/\\\/medicinasinc.com\\\/fi\\\/wp-content\\\/uploads\\\/sites\\\/12\\\/2022\\\/02\\\/Buy-Snoops-Dream-Marijuana.jpg\",\"datePublished\":\"2022-02-20T19:49:25+00:00\",\"dateModified\":\"2022-03-22T01:08:13+00:00\",\"description\":\"Crossing Blue Dream ja Master Kush, kaksi eloisaa, voimakasta lajiketta, joiden sanotaan olevan ... T\u00e4m\u00e4 on paras alusta Osta Snoop's Dream -marihuanaa myyt\u00e4v\u00e4ksi.\",\"breadcrumb\":{\"@id\":\"https:\\\/\\\/medicinasinc.com\\\/fi\\\/product\\\/osta-snoops-dream-marihuana\\\/#breadcrumb\"},\"inLanguage\":\"en-US\",\"potentialAction\":[{\"@type\":\"ReadAction\",\"target\":[\"https:\\\/\\\/medicinasinc.com\\\/fi\\\/product\\\/osta-snoops-dream-marihuana\\\/\"]}]},{\"@type\":\"ImageObject\",\"inLanguage\":\"en-US\",\"@id\":\"https:\\\/\\\/medicinasinc.com\\\/fi\\\/product\\\/osta-snoops-dream-marihuana\\\/#primaryimage\",\"url\":\"https:\\\/\\\/medicinasinc.com\\\/fi\\\/wp-content\\\/uploads\\\/sites\\\/12\\\/2022\\\/02\\\/Buy-Snoops-Dream-Marijuana.jpg\",\"contentUrl\":\"https:\\\/\\\/medicinasinc.com\\\/fi\\\/wp-content\\\/uploads\\\/sites\\\/12\\\/2022\\\/02\\\/Buy-Snoops-Dream-Marijuana.jpg\",\"width\":2000,\"height\":1333},{\"@type\":\"BreadcrumbList\",\"@id\":\"https:\\\/\\\/medicinasinc.com\\\/fi\\\/product\\\/osta-snoops-dream-marihuana\\\/#breadcrumb\",\"itemListElement\":[{\"@type\":\"ListItem\",\"position\":1,\"name\":\"Myym\u00e4l\u00e4\",\"item\":\"https:\\\/\\\/medicinasinc.com\\\/fi\\\/myymala\\\/\"},{\"@type\":\"ListItem\",\"position\":2,\"name\":\"Osta Snoop&#8217;s Dream -marihuana\"}]},{\"@type\":\"WebSite\",\"@id\":\"https:\\\/\\\/medicinasinc.com\\\/fi\\\/#website\",\"url\":\"https:\\\/\\\/medicinasinc.com\\\/fi\\\/\",\"name\":\"Medicinas Inc\",\"description\":\"Health Medical Clinic\",\"potentialAction\":[{\"@type\":\"SearchAction\",\"target\":{\"@type\":\"EntryPoint\",\"urlTemplate\":\"https:\\\/\\\/medicinasinc.com\\\/fi\\\/?s={search_term_string}\"},\"query-input\":{\"@type\":\"PropertyValueSpecification\",\"valueRequired\":true,\"valueName\":\"search_term_string\"}}],\"inLanguage\":\"en-US\"}]}<\/script>\n<!-- \/ Yoast SEO plugin. -->","yoast_head_json":{"title":"Osta Snoops Dream -marihuana - parhaat maailmanlaajuiset l\u00e4\u00e4kkeet","description":"Crossing Blue Dream ja Master Kush, kaksi eloisaa, voimakasta lajiketta, joiden sanotaan olevan ... T\u00e4m\u00e4 on paras alusta Osta Snoop's Dream -marihuanaa myyt\u00e4v\u00e4ksi.","robots":{"index":"index","follow":"follow","max-snippet":"max-snippet:-1","max-image-preview":"max-image-preview:large","max-video-preview":"max-video-preview:-1"},"canonical":"https:\/\/medicinasinc.com\/fi\/product\/osta-snoops-dream-marihuana\/","og_locale":"en_US","og_type":"article","og_title":"Osta Snoops Dream -marihuana - parhaat maailmanlaajuiset l\u00e4\u00e4kkeet","og_description":"Crossing Blue Dream ja Master Kush, kaksi eloisaa, voimakasta lajiketta, joiden sanotaan olevan ... T\u00e4m\u00e4 on paras alusta Osta Snoop's Dream -marihuanaa myyt\u00e4v\u00e4ksi.","og_url":"https:\/\/medicinasinc.com\/fi\/product\/osta-snoops-dream-marihuana\/","og_site_name":"Medicinas Inc","article_modified_time":"2022-03-22T01:08:13+00:00","og_image":[{"width":2000,"height":1333,"url":"https:\/\/medicinasinc.com\/fi\/wp-content\/uploads\/sites\/12\/2022\/02\/Buy-Snoops-Dream-Marijuana.jpg","type":"image\/jpeg"}],"twitter_card":"summary_large_image","twitter_misc":{"Est. reading time":"1 minute"},"schema":{"@context":"https:\/\/schema.org","@graph":[{"@type":"WebPage","@id":"https:\/\/medicinasinc.com\/fi\/product\/osta-snoops-dream-marihuana\/","url":"https:\/\/medicinasinc.com\/fi\/product\/osta-snoops-dream-marihuana\/","name":"Osta Snoops Dream -marihuana - parhaat maailmanlaajuiset l\u00e4\u00e4kkeet","isPartOf":{"@id":"https:\/\/medicinasinc.com\/fi\/#website"},"primaryImageOfPage":{"@id":"https:\/\/medicinasinc.com\/fi\/product\/osta-snoops-dream-marihuana\/#primaryimage"},"image":{"@id":"https:\/\/medicinasinc.com\/fi\/product\/osta-snoops-dream-marihuana\/#primaryimage"},"thumbnailUrl":"https:\/\/medicinasinc.com\/fi\/wp-content\/uploads\/sites\/12\/2022\/02\/Buy-Snoops-Dream-Marijuana.jpg","datePublished":"2022-02-20T19:49:25+00:00","dateModified":"2022-03-22T01:08:13+00:00","description":"Crossing Blue Dream ja Master Kush, kaksi eloisaa, voimakasta lajiketta, joiden sanotaan olevan ... T\u00e4m\u00e4 on paras alusta Osta Snoop's Dream -marihuanaa myyt\u00e4v\u00e4ksi.","breadcrumb":{"@id":"https:\/\/medicinasinc.com\/fi\/product\/osta-snoops-dream-marihuana\/#breadcrumb"},"inLanguage":"en-US","potentialAction":[{"@type":"ReadAction","target":["https:\/\/medicinasinc.com\/fi\/product\/osta-snoops-dream-marihuana\/"]}]},{"@type":"ImageObject","inLanguage":"en-US","@id":"https:\/\/medicinasinc.com\/fi\/product\/osta-snoops-dream-marihuana\/#primaryimage","url":"https:\/\/medicinasinc.com\/fi\/wp-content\/uploads\/sites\/12\/2022\/02\/Buy-Snoops-Dream-Marijuana.jpg","contentUrl":"https:\/\/medicinasinc.com\/fi\/wp-content\/uploads\/sites\/12\/2022\/02\/Buy-Snoops-Dream-Marijuana.jpg","width":2000,"height":1333},{"@type":"BreadcrumbList","@id":"https:\/\/medicinasinc.com\/fi\/product\/osta-snoops-dream-marihuana\/#breadcrumb","itemListElement":[{"@type":"ListItem","position":1,"name":"Myym\u00e4l\u00e4","item":"https:\/\/medicinasinc.com\/fi\/myymala\/"},{"@type":"ListItem","position":2,"name":"Osta Snoop&#8217;s Dream -marihuana"}]},{"@type":"WebSite","@id":"https:\/\/medicinasinc.com\/fi\/#website","url":"https:\/\/medicinasinc.com\/fi\/","name":"Medicinas Inc","description":"Health Medical Clinic","potentialAction":[{"@type":"SearchAction","target":{"@type":"EntryPoint","urlTemplate":"https:\/\/medicinasinc.com\/fi\/?s={search_term_string}"},"query-input":{"@type":"PropertyValueSpecification","valueRequired":true,"valueName":"search_term_string"}}],"inLanguage":"en-US"}]}},"_links":{"self":[{"href":"https:\/\/medicinasinc.com\/fi\/wp-json\/wp\/v2\/product\/5066","targetHints":{"allow":["GET"]}}],"collection":[{"href":"https:\/\/medicinasinc.com\/fi\/wp-json\/wp\/v2\/product"}],"about":[{"href":"https:\/\/medicinasinc.com\/fi\/wp-json\/wp\/v2\/types\/product"}],"replies":[{"embeddable":true,"href":"https:\/\/medicinasinc.com\/fi\/wp-json\/wp\/v2\/comments?post=5066"}],"wp:featuredmedia":[{"embeddable":true,"href":"https:\/\/medicinasinc.com\/fi\/wp-json\/wp\/v2\/media\/5083"}],"wp:attachment":[{"href":"https:\/\/medicinasinc.com\/fi\/wp-json\/wp\/v2\/media?parent=5066"}],"wp:term":[{"taxonomy":"product_brand","embeddable":true,"href":"https:\/\/medicinasinc.com\/fi\/wp-json\/wp\/v2\/product_brand?post=5066"},{"taxonomy":"product_cat","embeddable":true,"href":"https:\/\/medicinasinc.com\/fi\/wp-json\/wp\/v2\/product_cat?post=5066"},{"taxonomy":"product_tag","embeddable":true,"href":"https:\/\/medicinasinc.com\/fi\/wp-json\/wp\/v2\/product_tag?post=5066"}],"curies":[{"name":"wp","href":"https:\/\/api.w.org\/{rel}","templated":true}]}}