{"id":5047,"date":"2022-02-20T19:35:13","date_gmt":"2022-02-20T19:35:13","guid":{"rendered":"https:\/\/medicinasinc.com\/fi\/?post_type=product&#038;p=5047"},"modified":"2022-03-22T01:08:22","modified_gmt":"2022-03-22T01:08:22","slug":"osta-violetti-lohikaarme-marihuana-aaaaa","status":"publish","type":"product","link":"https:\/\/medicinasinc.com\/fi\/product\/osta-violetti-lohikaarme-marihuana-aaaaa\/","title":{"rendered":"Osta Purple Dragon Marihuana (AAAAA)"},"content":{"rendered":"<p>Purple Dragon -kannabis (AAAAA) \u2013 30 % Sativaa \/ 60 % Indicaa<\/p>\n<p>Purple Dragon on indikaa hallitseva hybridikanta, joka on luotu risteytt\u00e4m\u00e4ll\u00e4 voimakas Purple Urkle Blue Dragonin kanssa. Purple Dragon antaa tasapainoisen korkean, joka rauhoittaa ja rentouttaa mielt\u00e4 ja kehoa. T\u00e4m\u00e4 lajike tuottaa melko ep\u00e4tavallisen aromin yhdist\u00e4m\u00e4ll\u00e4 myskisalvia ja omaleimaisen kukka-maun, joka viipyy kitalaessa. T\u00e4m\u00e4n rasituksen hengitt\u00e4misen j\u00e4lkeen mieli virkistyy ja voimakas euforia karkottaa nopeasti huolen ja masennuksen. Purple Dragon tarjoaa k\u00e4ytt\u00e4jille ensin innostavan ja stimuloivan mielen selkeyden; n\u00e4m\u00e4 edut kuitenkin h\u00e4vi\u00e4v\u00e4t v\u00e4hitellen ja j\u00e4tt\u00e4v\u00e4t k\u00e4ytt\u00e4jille tuntikausia kivunlievityst\u00e4 ja rauhoitusta. Yleiset kehon kivut ja kivut v\u00e4istyv\u00e4t, kun k\u00e4ytt\u00e4j\u00e4n keho siirtyy v\u00e4hitellen rentoutumistilaan, joka tuntuu sek\u00e4 fyysisesti ett\u00e4 henkisesti. Purple Dragon on hy\u00f6dyllinen hoitovaihtoehto useille sairauksille, mukaan lukien ahdistuneisuus, masennus, mielialah\u00e4iri\u00f6t, fyysinen uupumus, migreeni\/p\u00e4\u00e4ns\u00e4rky, krooninen kipu ja ruokahaluttomuus.<\/p>\n<div class=\"product-next-previous\">\n<div class=\"product-prev\"><\/div><\/div>\n","protected":false},"excerpt":{"rendered":"<p>Purple Dragon Crassula (Crassula multicava) on upea ja v\u00e4rik\u00e4s mehikasvi, jolla on suuri&#8230; Osta v\u00e4hint\u00e4\u00e4n kolme tuotetta ja saat ne 10,80 dollarilla.<\/p>\n<ul>\n<li>AAAAA edustaa parhaista parhaita!<\/li>\n<li>Ota yhteytt\u00e4 tukkutilauksia varten.<\/li>\n<li>Maailmanlaajuinen toimitus.<\/li>\n<\/ul>\n","protected":false},"featured_media":5067,"comment_status":"open","ping_status":"closed","template":"","meta":[],"product_brand":[],"product_cat":[778],"product_tag":[1006,1009,1008,1007,1010],"class_list":{"0":"post-5047","1":"product","2":"type-product","3":"status-publish","4":"has-post-thumbnail","6":"product_cat-ruohoa-myytvn","7":"product_tag-green-and-purple-dragon-names","8":"product_tag-purple-lohikrme-sakset-verkkosivusto","9":"product_tag-purple-dragon-shears-reviews","10":"product_tag-purppura-ja-vihre-lohikrme-sarjakuva","11":"product_tag-violetti-lohikrme-tytetty-elin-iso","13":"first","14":"instock","15":"shipping-taxable","16":"purchasable","17":"product-type-variable","18":"has-default-attributes"},"yoast_head":"<!-- This site is optimized with the Yoast SEO plugin v27.3 - https:\/\/yoast.com\/product\/yoast-seo-wordpress\/ -->\n<title>Osta Purple Dragon (AAAAA) - Parhaat maailmanlaajuiset l\u00e4\u00e4kkeet<\/title>\n<meta name=\"description\" content=\"Osta Purple Dragon -marihuana. Eeteerinen ja surrealistinen violetti lohik\u00e4\u00e4rme on ep\u00e4maisten kristallien vartija. Digitaalisesti maalannut Tobias Vyseri.\" \/>\n<meta name=\"robots\" content=\"index, follow, max-snippet:-1, max-image-preview:large, max-video-preview:-1\" \/>\n<link rel=\"canonical\" href=\"https:\/\/medicinasinc.com\/fi\/product\/osta-violetti-lohikaarme-marihuana-aaaaa\/\" \/>\n<meta property=\"og:locale\" content=\"en_US\" \/>\n<meta property=\"og:type\" content=\"article\" \/>\n<meta property=\"og:title\" content=\"Osta Purple Dragon (AAAAA) - Parhaat maailmanlaajuiset l\u00e4\u00e4kkeet\" \/>\n<meta property=\"og:description\" content=\"Osta Purple Dragon -marihuana. Eeteerinen ja surrealistinen violetti lohik\u00e4\u00e4rme on ep\u00e4maisten kristallien vartija. Digitaalisesti maalannut Tobias Vyseri.\" \/>\n<meta property=\"og:url\" content=\"https:\/\/medicinasinc.com\/fi\/product\/osta-violetti-lohikaarme-marihuana-aaaaa\/\" \/>\n<meta property=\"og:site_name\" content=\"Medicinas Inc\" \/>\n<meta property=\"article:modified_time\" content=\"2022-03-22T01:08:22+00:00\" \/>\n<meta property=\"og:image\" content=\"https:\/\/medicinasinc.com\/fi\/wp-content\/uploads\/sites\/12\/2022\/02\/Buy-Purple-Dragon.jpg\" \/>\n\t<meta property=\"og:image:width\" content=\"541\" \/>\n\t<meta property=\"og:image:height\" content=\"459\" \/>\n\t<meta property=\"og:image:type\" content=\"image\/jpeg\" \/>\n<meta name=\"twitter:card\" content=\"summary_large_image\" \/>\n<meta name=\"twitter:label1\" content=\"Est. reading time\" \/>\n\t<meta name=\"twitter:data1\" content=\"1 minute\" \/>\n<script type=\"application\/ld+json\" class=\"yoast-schema-graph\">{\"@context\":\"https:\\\/\\\/schema.org\",\"@graph\":[{\"@type\":\"WebPage\",\"@id\":\"https:\\\/\\\/medicinasinc.com\\\/fi\\\/product\\\/osta-violetti-lohikaarme-marihuana-aaaaa\\\/\",\"url\":\"https:\\\/\\\/medicinasinc.com\\\/fi\\\/product\\\/osta-violetti-lohikaarme-marihuana-aaaaa\\\/\",\"name\":\"Osta Purple Dragon (AAAAA) - Parhaat maailmanlaajuiset l\u00e4\u00e4kkeet\",\"isPartOf\":{\"@id\":\"https:\\\/\\\/medicinasinc.com\\\/fi\\\/#website\"},\"primaryImageOfPage\":{\"@id\":\"https:\\\/\\\/medicinasinc.com\\\/fi\\\/product\\\/osta-violetti-lohikaarme-marihuana-aaaaa\\\/#primaryimage\"},\"image\":{\"@id\":\"https:\\\/\\\/medicinasinc.com\\\/fi\\\/product\\\/osta-violetti-lohikaarme-marihuana-aaaaa\\\/#primaryimage\"},\"thumbnailUrl\":\"https:\\\/\\\/medicinasinc.com\\\/fi\\\/wp-content\\\/uploads\\\/sites\\\/12\\\/2022\\\/02\\\/Buy-Purple-Dragon.jpg\",\"datePublished\":\"2022-02-20T19:35:13+00:00\",\"dateModified\":\"2022-03-22T01:08:22+00:00\",\"description\":\"Osta Purple Dragon -marihuana. Eeteerinen ja surrealistinen violetti lohik\u00e4\u00e4rme on ep\u00e4maisten kristallien vartija. Digitaalisesti maalannut Tobias Vyseri.\",\"breadcrumb\":{\"@id\":\"https:\\\/\\\/medicinasinc.com\\\/fi\\\/product\\\/osta-violetti-lohikaarme-marihuana-aaaaa\\\/#breadcrumb\"},\"inLanguage\":\"en-US\",\"potentialAction\":[{\"@type\":\"ReadAction\",\"target\":[\"https:\\\/\\\/medicinasinc.com\\\/fi\\\/product\\\/osta-violetti-lohikaarme-marihuana-aaaaa\\\/\"]}]},{\"@type\":\"ImageObject\",\"inLanguage\":\"en-US\",\"@id\":\"https:\\\/\\\/medicinasinc.com\\\/fi\\\/product\\\/osta-violetti-lohikaarme-marihuana-aaaaa\\\/#primaryimage\",\"url\":\"https:\\\/\\\/medicinasinc.com\\\/fi\\\/wp-content\\\/uploads\\\/sites\\\/12\\\/2022\\\/02\\\/Buy-Purple-Dragon.jpg\",\"contentUrl\":\"https:\\\/\\\/medicinasinc.com\\\/fi\\\/wp-content\\\/uploads\\\/sites\\\/12\\\/2022\\\/02\\\/Buy-Purple-Dragon.jpg\",\"width\":541,\"height\":459},{\"@type\":\"BreadcrumbList\",\"@id\":\"https:\\\/\\\/medicinasinc.com\\\/fi\\\/product\\\/osta-violetti-lohikaarme-marihuana-aaaaa\\\/#breadcrumb\",\"itemListElement\":[{\"@type\":\"ListItem\",\"position\":1,\"name\":\"Myym\u00e4l\u00e4\",\"item\":\"https:\\\/\\\/medicinasinc.com\\\/fi\\\/myymala\\\/\"},{\"@type\":\"ListItem\",\"position\":2,\"name\":\"Osta Purple Dragon Marihuana (AAAAA)\"}]},{\"@type\":\"WebSite\",\"@id\":\"https:\\\/\\\/medicinasinc.com\\\/fi\\\/#website\",\"url\":\"https:\\\/\\\/medicinasinc.com\\\/fi\\\/\",\"name\":\"Medicinas Inc\",\"description\":\"Health Medical Clinic\",\"potentialAction\":[{\"@type\":\"SearchAction\",\"target\":{\"@type\":\"EntryPoint\",\"urlTemplate\":\"https:\\\/\\\/medicinasinc.com\\\/fi\\\/?s={search_term_string}\"},\"query-input\":{\"@type\":\"PropertyValueSpecification\",\"valueRequired\":true,\"valueName\":\"search_term_string\"}}],\"inLanguage\":\"en-US\"}]}<\/script>\n<!-- \/ Yoast SEO plugin. -->","yoast_head_json":{"title":"Osta Purple Dragon (AAAAA) - Parhaat maailmanlaajuiset l\u00e4\u00e4kkeet","description":"Osta Purple Dragon -marihuana. Eeteerinen ja surrealistinen violetti lohik\u00e4\u00e4rme on ep\u00e4maisten kristallien vartija. Digitaalisesti maalannut Tobias Vyseri.","robots":{"index":"index","follow":"follow","max-snippet":"max-snippet:-1","max-image-preview":"max-image-preview:large","max-video-preview":"max-video-preview:-1"},"canonical":"https:\/\/medicinasinc.com\/fi\/product\/osta-violetti-lohikaarme-marihuana-aaaaa\/","og_locale":"en_US","og_type":"article","og_title":"Osta Purple Dragon (AAAAA) - Parhaat maailmanlaajuiset l\u00e4\u00e4kkeet","og_description":"Osta Purple Dragon -marihuana. Eeteerinen ja surrealistinen violetti lohik\u00e4\u00e4rme on ep\u00e4maisten kristallien vartija. Digitaalisesti maalannut Tobias Vyseri.","og_url":"https:\/\/medicinasinc.com\/fi\/product\/osta-violetti-lohikaarme-marihuana-aaaaa\/","og_site_name":"Medicinas Inc","article_modified_time":"2022-03-22T01:08:22+00:00","og_image":[{"width":541,"height":459,"url":"https:\/\/medicinasinc.com\/fi\/wp-content\/uploads\/sites\/12\/2022\/02\/Buy-Purple-Dragon.jpg","type":"image\/jpeg"}],"twitter_card":"summary_large_image","twitter_misc":{"Est. reading time":"1 minute"},"schema":{"@context":"https:\/\/schema.org","@graph":[{"@type":"WebPage","@id":"https:\/\/medicinasinc.com\/fi\/product\/osta-violetti-lohikaarme-marihuana-aaaaa\/","url":"https:\/\/medicinasinc.com\/fi\/product\/osta-violetti-lohikaarme-marihuana-aaaaa\/","name":"Osta Purple Dragon (AAAAA) - Parhaat maailmanlaajuiset l\u00e4\u00e4kkeet","isPartOf":{"@id":"https:\/\/medicinasinc.com\/fi\/#website"},"primaryImageOfPage":{"@id":"https:\/\/medicinasinc.com\/fi\/product\/osta-violetti-lohikaarme-marihuana-aaaaa\/#primaryimage"},"image":{"@id":"https:\/\/medicinasinc.com\/fi\/product\/osta-violetti-lohikaarme-marihuana-aaaaa\/#primaryimage"},"thumbnailUrl":"https:\/\/medicinasinc.com\/fi\/wp-content\/uploads\/sites\/12\/2022\/02\/Buy-Purple-Dragon.jpg","datePublished":"2022-02-20T19:35:13+00:00","dateModified":"2022-03-22T01:08:22+00:00","description":"Osta Purple Dragon -marihuana. Eeteerinen ja surrealistinen violetti lohik\u00e4\u00e4rme on ep\u00e4maisten kristallien vartija. Digitaalisesti maalannut Tobias Vyseri.","breadcrumb":{"@id":"https:\/\/medicinasinc.com\/fi\/product\/osta-violetti-lohikaarme-marihuana-aaaaa\/#breadcrumb"},"inLanguage":"en-US","potentialAction":[{"@type":"ReadAction","target":["https:\/\/medicinasinc.com\/fi\/product\/osta-violetti-lohikaarme-marihuana-aaaaa\/"]}]},{"@type":"ImageObject","inLanguage":"en-US","@id":"https:\/\/medicinasinc.com\/fi\/product\/osta-violetti-lohikaarme-marihuana-aaaaa\/#primaryimage","url":"https:\/\/medicinasinc.com\/fi\/wp-content\/uploads\/sites\/12\/2022\/02\/Buy-Purple-Dragon.jpg","contentUrl":"https:\/\/medicinasinc.com\/fi\/wp-content\/uploads\/sites\/12\/2022\/02\/Buy-Purple-Dragon.jpg","width":541,"height":459},{"@type":"BreadcrumbList","@id":"https:\/\/medicinasinc.com\/fi\/product\/osta-violetti-lohikaarme-marihuana-aaaaa\/#breadcrumb","itemListElement":[{"@type":"ListItem","position":1,"name":"Myym\u00e4l\u00e4","item":"https:\/\/medicinasinc.com\/fi\/myymala\/"},{"@type":"ListItem","position":2,"name":"Osta Purple Dragon Marihuana (AAAAA)"}]},{"@type":"WebSite","@id":"https:\/\/medicinasinc.com\/fi\/#website","url":"https:\/\/medicinasinc.com\/fi\/","name":"Medicinas Inc","description":"Health Medical Clinic","potentialAction":[{"@type":"SearchAction","target":{"@type":"EntryPoint","urlTemplate":"https:\/\/medicinasinc.com\/fi\/?s={search_term_string}"},"query-input":{"@type":"PropertyValueSpecification","valueRequired":true,"valueName":"search_term_string"}}],"inLanguage":"en-US"}]}},"_links":{"self":[{"href":"https:\/\/medicinasinc.com\/fi\/wp-json\/wp\/v2\/product\/5047","targetHints":{"allow":["GET"]}}],"collection":[{"href":"https:\/\/medicinasinc.com\/fi\/wp-json\/wp\/v2\/product"}],"about":[{"href":"https:\/\/medicinasinc.com\/fi\/wp-json\/wp\/v2\/types\/product"}],"replies":[{"embeddable":true,"href":"https:\/\/medicinasinc.com\/fi\/wp-json\/wp\/v2\/comments?post=5047"}],"wp:featuredmedia":[{"embeddable":true,"href":"https:\/\/medicinasinc.com\/fi\/wp-json\/wp\/v2\/media\/5067"}],"wp:attachment":[{"href":"https:\/\/medicinasinc.com\/fi\/wp-json\/wp\/v2\/media?parent=5047"}],"wp:term":[{"taxonomy":"product_brand","embeddable":true,"href":"https:\/\/medicinasinc.com\/fi\/wp-json\/wp\/v2\/product_brand?post=5047"},{"taxonomy":"product_cat","embeddable":true,"href":"https:\/\/medicinasinc.com\/fi\/wp-json\/wp\/v2\/product_cat?post=5047"},{"taxonomy":"product_tag","embeddable":true,"href":"https:\/\/medicinasinc.com\/fi\/wp-json\/wp\/v2\/product_tag?post=5047"}],"curies":[{"name":"wp","href":"https:\/\/api.w.org\/{rel}","templated":true}]}}