{"id":5046,"date":"2022-02-20T19:34:10","date_gmt":"2022-02-20T19:34:10","guid":{"rendered":"https:\/\/medicinasinc.com\/fi\/?post_type=product&#038;p=5046"},"modified":"2022-03-22T01:08:32","modified_gmt":"2022-03-22T01:08:32","slug":"osta-suklaa-fondue-kanta","status":"publish","type":"product","link":"https:\/\/medicinasinc.com\/fi\/product\/osta-suklaa-fondue-kanta\/","title":{"rendered":"Osta Chocolate Fondue Strain"},"content":{"rendered":"<p>Tietoa Chocolate Fondue -kannasta<\/p>\n<p>Chocolate Fondue on DNA Geneticsin kehitt\u00e4m\u00e4 Sativa-dominoiva risteys, joka yhdist\u00e4\u00e4 Chocolopen kohottavat voimat Exodus-juuston rauhoittaviin vaikutuksiin ja ainutlaatuisiin makuihin.<\/p>\n<p>Suklaafonduen vaikutukset rauhoittavat kehoa ja mielen tuudittaen sinut miellytt\u00e4v\u00e4\u00e4n tajunnan tilaan. T\u00e4m\u00e4 kannabiskanta sopii erinomaisesti p\u00e4iv\u00e4ll\u00e4 tai y\u00f6ll\u00e4 monipuolisen tuoksunsa ja makean makunsa ansiosta.<\/p>\n<p>Suklaafondue-kannan l\u00e4\u00e4kinn\u00e4lliset ominaisuudet<\/p>\n<p>Kannabiskantojen k\u00e4yt\u00f6lle on monia syit\u00e4. Seuraavassa on kuusi parasta syyt\u00e4 harkita niiden palkkaamista. Luonnollisesti mit\u00e4 suurempi teho, sit\u00e4 vahvempi korkea!<\/p>\n<p>1 \u2013 Lievitt\u00e4\u00e4 kroonista kipua<\/p>\n<p>Kannabis sis\u00e4lt\u00e4\u00e4 kemiallisen koostumuksen, joka auttaa v\u00e4hent\u00e4m\u00e4\u00e4n kipua. Yleens\u00e4 kannabiksen v\u00e4ri kertoo my\u00f6s sen tehosta. Monet ihmiset ovat havainneet t\u00e4m\u00e4n olevan totta.<\/p>\n<p>2 &#8211; Lis\u00e4\u00e4ntynyt keuhkojen kapasiteetti<\/p>\n<p>Oletko tietoinen? Kannabiksen tupakointi on paljon parempi vaihtoehto kuin tupakanpoltto. Lis\u00e4ksi se auttaa sinua lis\u00e4\u00e4m\u00e4\u00e4n keuhkojen kapasiteettia.<\/p>\n<p>3 \u2013 Liikalihavuus<\/p>\n<p>Suurin osa marihuanan k\u00e4ytt\u00e4jist\u00e4 ei ole lihavia. T\u00e4m\u00e4 johtuu siit\u00e4, ett\u00e4 t\u00e4m\u00e4n marihuanankukan s\u00e4\u00e4nn\u00f6llinen k\u00e4ytt\u00f6 auttaa sinua hallitsemaan kalorienkulutustasi.<\/p>\n<p>4 \u2013 Diabeteksen ehk\u00e4isy<\/p>\n<p>Kun sinulla on diabetesdiagnoosit, sinulla on se loppuel\u00e4m\u00e4si ajan. el\u00e4m\u00e4\u00e4. Voit yksinkertaisesti hallita verensokeritasosi, jotta ne eiv\u00e4t jatka nousuaan.<\/p>\n<p>Kannabis voi auttaa verensokerin vakautuksessa ja verenpaineen alentamisessa!<\/p>\n<p>5 \u2013 Auttaa masentuneita ihmisi\u00e4<\/p>\n<p> p&gt; <\/p>\n<p>Jotkut ihmiset ovat masentuneita tiet\u00e4m\u00e4tt\u00e4\u00e4n siit\u00e4. Kannabis voi auttaa rauhoittamaan mielialaasi masennuksen sattuessa.<\/p>\n<p>Mist\u00e4 ostaa fondue-suklaakantaa Kanadasta<\/p>\n<p>Kanadassa on muitakin apteekkeja, joista voit saada suklaafondueta rikkakasvien kanta, postimyynti Marihuana tarjoaa laadukkaimpia tuotteita.<\/p>\n<p>Takaamme, ett\u00e4 saat korkealaatuisia tuotteita tai hyvit\u00e4mme rahasi!<\/p>\n<p>Lis\u00e4ksi , yli 100 dollarin tilaukset saavat ilmaisen toimituksen!<\/p>\n","protected":false},"excerpt":{"rendered":"<div class=\"woocommerce-product-details__short-description\">\n<p>Osta laadukasta suklaafondue-fileet\u00e4 verkosta. Chocolate Fondue Strain on sativa Dominant Hybrid \u2013 80 % Sativa \/ 20 % Indica THC: 17 %<\/p>\n<\/p><\/div>\n","protected":false},"featured_media":5065,"comment_status":"open","ping_status":"closed","template":"","meta":[],"product_brand":[],"product_cat":[778],"product_tag":[1004,1005],"class_list":{"0":"post-5046","1":"product","2":"type-product","3":"status-publish","4":"has-post-thumbnail","6":"product_cat-ruohoa-myytvn","7":"product_tag-cheese-fondue-strain","8":"product_tag-chocolate-fudge-strain","10":"first","11":"instock","12":"shipping-taxable","13":"purchasable","14":"product-type-variable","15":"has-default-attributes"},"yoast_head":"<!-- This site is optimized with the Yoast SEO plugin v27.3 - https:\/\/yoast.com\/product\/yoast-seo-wordpress\/ -->\n<title>Osta laadukasta suklaafondue-kantaa verkosta \u2013 parhaat maailmanlaajuiset l\u00e4\u00e4kkeet<\/title>\n<meta name=\"description\" content=\"Osta laadukasta Chocolate Fondue Strain -suklaa verkosta. Chocolate Fondue Strain on sativa Dominant Hybrid - 80% Sativa \/ 20% Indica THC: 17%\" \/>\n<meta name=\"robots\" content=\"index, follow, max-snippet:-1, max-image-preview:large, max-video-preview:-1\" \/>\n<link rel=\"canonical\" href=\"https:\/\/medicinasinc.com\/fi\/product\/osta-suklaa-fondue-kanta\/\" \/>\n<meta property=\"og:locale\" content=\"en_US\" \/>\n<meta property=\"og:type\" content=\"article\" \/>\n<meta property=\"og:title\" content=\"Osta laadukasta suklaafondue-kantaa verkosta \u2013 parhaat maailmanlaajuiset l\u00e4\u00e4kkeet\" \/>\n<meta property=\"og:description\" content=\"Osta laadukasta Chocolate Fondue Strain -suklaa verkosta. Chocolate Fondue Strain on sativa Dominant Hybrid - 80% Sativa \/ 20% Indica THC: 17%\" \/>\n<meta property=\"og:url\" content=\"https:\/\/medicinasinc.com\/fi\/product\/osta-suklaa-fondue-kanta\/\" \/>\n<meta property=\"og:site_name\" content=\"Medicinas Inc\" \/>\n<meta property=\"article:modified_time\" content=\"2022-03-22T01:08:32+00:00\" \/>\n<meta property=\"og:image\" content=\"https:\/\/medicinasinc.com\/fi\/wp-content\/uploads\/sites\/12\/2022\/02\/Buy-Quality-Chocolate-Fondue.jpg\" \/>\n\t<meta property=\"og:image:width\" content=\"667\" \/>\n\t<meta property=\"og:image:height\" content=\"1000\" \/>\n\t<meta property=\"og:image:type\" content=\"image\/jpeg\" \/>\n<meta name=\"twitter:card\" content=\"summary_large_image\" \/>\n<meta name=\"twitter:label1\" content=\"Est. reading time\" \/>\n\t<meta name=\"twitter:data1\" content=\"2 minutes\" \/>\n<script type=\"application\/ld+json\" class=\"yoast-schema-graph\">{\"@context\":\"https:\\\/\\\/schema.org\",\"@graph\":[{\"@type\":\"WebPage\",\"@id\":\"https:\\\/\\\/medicinasinc.com\\\/fi\\\/product\\\/osta-suklaa-fondue-kanta\\\/\",\"url\":\"https:\\\/\\\/medicinasinc.com\\\/fi\\\/product\\\/osta-suklaa-fondue-kanta\\\/\",\"name\":\"Osta laadukasta suklaafondue-kantaa verkosta \u2013 parhaat maailmanlaajuiset l\u00e4\u00e4kkeet\",\"isPartOf\":{\"@id\":\"https:\\\/\\\/medicinasinc.com\\\/fi\\\/#website\"},\"primaryImageOfPage\":{\"@id\":\"https:\\\/\\\/medicinasinc.com\\\/fi\\\/product\\\/osta-suklaa-fondue-kanta\\\/#primaryimage\"},\"image\":{\"@id\":\"https:\\\/\\\/medicinasinc.com\\\/fi\\\/product\\\/osta-suklaa-fondue-kanta\\\/#primaryimage\"},\"thumbnailUrl\":\"https:\\\/\\\/medicinasinc.com\\\/fi\\\/wp-content\\\/uploads\\\/sites\\\/12\\\/2022\\\/02\\\/Buy-Quality-Chocolate-Fondue.jpg\",\"datePublished\":\"2022-02-20T19:34:10+00:00\",\"dateModified\":\"2022-03-22T01:08:32+00:00\",\"description\":\"Osta laadukasta Chocolate Fondue Strain -suklaa verkosta. Chocolate Fondue Strain on sativa Dominant Hybrid - 80% Sativa \\\/ 20% Indica THC: 17%\",\"breadcrumb\":{\"@id\":\"https:\\\/\\\/medicinasinc.com\\\/fi\\\/product\\\/osta-suklaa-fondue-kanta\\\/#breadcrumb\"},\"inLanguage\":\"en-US\",\"potentialAction\":[{\"@type\":\"ReadAction\",\"target\":[\"https:\\\/\\\/medicinasinc.com\\\/fi\\\/product\\\/osta-suklaa-fondue-kanta\\\/\"]}]},{\"@type\":\"ImageObject\",\"inLanguage\":\"en-US\",\"@id\":\"https:\\\/\\\/medicinasinc.com\\\/fi\\\/product\\\/osta-suklaa-fondue-kanta\\\/#primaryimage\",\"url\":\"https:\\\/\\\/medicinasinc.com\\\/fi\\\/wp-content\\\/uploads\\\/sites\\\/12\\\/2022\\\/02\\\/Buy-Quality-Chocolate-Fondue.jpg\",\"contentUrl\":\"https:\\\/\\\/medicinasinc.com\\\/fi\\\/wp-content\\\/uploads\\\/sites\\\/12\\\/2022\\\/02\\\/Buy-Quality-Chocolate-Fondue.jpg\",\"width\":667,\"height\":1000},{\"@type\":\"BreadcrumbList\",\"@id\":\"https:\\\/\\\/medicinasinc.com\\\/fi\\\/product\\\/osta-suklaa-fondue-kanta\\\/#breadcrumb\",\"itemListElement\":[{\"@type\":\"ListItem\",\"position\":1,\"name\":\"Myym\u00e4l\u00e4\",\"item\":\"https:\\\/\\\/medicinasinc.com\\\/fi\\\/myymala\\\/\"},{\"@type\":\"ListItem\",\"position\":2,\"name\":\"Osta Chocolate Fondue Strain\"}]},{\"@type\":\"WebSite\",\"@id\":\"https:\\\/\\\/medicinasinc.com\\\/fi\\\/#website\",\"url\":\"https:\\\/\\\/medicinasinc.com\\\/fi\\\/\",\"name\":\"Medicinas Inc\",\"description\":\"Health Medical Clinic\",\"potentialAction\":[{\"@type\":\"SearchAction\",\"target\":{\"@type\":\"EntryPoint\",\"urlTemplate\":\"https:\\\/\\\/medicinasinc.com\\\/fi\\\/?s={search_term_string}\"},\"query-input\":{\"@type\":\"PropertyValueSpecification\",\"valueRequired\":true,\"valueName\":\"search_term_string\"}}],\"inLanguage\":\"en-US\"}]}<\/script>\n<!-- \/ Yoast SEO plugin. -->","yoast_head_json":{"title":"Osta laadukasta suklaafondue-kantaa verkosta \u2013 parhaat maailmanlaajuiset l\u00e4\u00e4kkeet","description":"Osta laadukasta Chocolate Fondue Strain -suklaa verkosta. Chocolate Fondue Strain on sativa Dominant Hybrid - 80% Sativa \/ 20% Indica THC: 17%","robots":{"index":"index","follow":"follow","max-snippet":"max-snippet:-1","max-image-preview":"max-image-preview:large","max-video-preview":"max-video-preview:-1"},"canonical":"https:\/\/medicinasinc.com\/fi\/product\/osta-suklaa-fondue-kanta\/","og_locale":"en_US","og_type":"article","og_title":"Osta laadukasta suklaafondue-kantaa verkosta \u2013 parhaat maailmanlaajuiset l\u00e4\u00e4kkeet","og_description":"Osta laadukasta Chocolate Fondue Strain -suklaa verkosta. Chocolate Fondue Strain on sativa Dominant Hybrid - 80% Sativa \/ 20% Indica THC: 17%","og_url":"https:\/\/medicinasinc.com\/fi\/product\/osta-suklaa-fondue-kanta\/","og_site_name":"Medicinas Inc","article_modified_time":"2022-03-22T01:08:32+00:00","og_image":[{"width":667,"height":1000,"url":"https:\/\/medicinasinc.com\/fi\/wp-content\/uploads\/sites\/12\/2022\/02\/Buy-Quality-Chocolate-Fondue.jpg","type":"image\/jpeg"}],"twitter_card":"summary_large_image","twitter_misc":{"Est. reading time":"2 minutes"},"schema":{"@context":"https:\/\/schema.org","@graph":[{"@type":"WebPage","@id":"https:\/\/medicinasinc.com\/fi\/product\/osta-suklaa-fondue-kanta\/","url":"https:\/\/medicinasinc.com\/fi\/product\/osta-suklaa-fondue-kanta\/","name":"Osta laadukasta suklaafondue-kantaa verkosta \u2013 parhaat maailmanlaajuiset l\u00e4\u00e4kkeet","isPartOf":{"@id":"https:\/\/medicinasinc.com\/fi\/#website"},"primaryImageOfPage":{"@id":"https:\/\/medicinasinc.com\/fi\/product\/osta-suklaa-fondue-kanta\/#primaryimage"},"image":{"@id":"https:\/\/medicinasinc.com\/fi\/product\/osta-suklaa-fondue-kanta\/#primaryimage"},"thumbnailUrl":"https:\/\/medicinasinc.com\/fi\/wp-content\/uploads\/sites\/12\/2022\/02\/Buy-Quality-Chocolate-Fondue.jpg","datePublished":"2022-02-20T19:34:10+00:00","dateModified":"2022-03-22T01:08:32+00:00","description":"Osta laadukasta Chocolate Fondue Strain -suklaa verkosta. Chocolate Fondue Strain on sativa Dominant Hybrid - 80% Sativa \/ 20% Indica THC: 17%","breadcrumb":{"@id":"https:\/\/medicinasinc.com\/fi\/product\/osta-suklaa-fondue-kanta\/#breadcrumb"},"inLanguage":"en-US","potentialAction":[{"@type":"ReadAction","target":["https:\/\/medicinasinc.com\/fi\/product\/osta-suklaa-fondue-kanta\/"]}]},{"@type":"ImageObject","inLanguage":"en-US","@id":"https:\/\/medicinasinc.com\/fi\/product\/osta-suklaa-fondue-kanta\/#primaryimage","url":"https:\/\/medicinasinc.com\/fi\/wp-content\/uploads\/sites\/12\/2022\/02\/Buy-Quality-Chocolate-Fondue.jpg","contentUrl":"https:\/\/medicinasinc.com\/fi\/wp-content\/uploads\/sites\/12\/2022\/02\/Buy-Quality-Chocolate-Fondue.jpg","width":667,"height":1000},{"@type":"BreadcrumbList","@id":"https:\/\/medicinasinc.com\/fi\/product\/osta-suklaa-fondue-kanta\/#breadcrumb","itemListElement":[{"@type":"ListItem","position":1,"name":"Myym\u00e4l\u00e4","item":"https:\/\/medicinasinc.com\/fi\/myymala\/"},{"@type":"ListItem","position":2,"name":"Osta Chocolate Fondue Strain"}]},{"@type":"WebSite","@id":"https:\/\/medicinasinc.com\/fi\/#website","url":"https:\/\/medicinasinc.com\/fi\/","name":"Medicinas Inc","description":"Health Medical Clinic","potentialAction":[{"@type":"SearchAction","target":{"@type":"EntryPoint","urlTemplate":"https:\/\/medicinasinc.com\/fi\/?s={search_term_string}"},"query-input":{"@type":"PropertyValueSpecification","valueRequired":true,"valueName":"search_term_string"}}],"inLanguage":"en-US"}]}},"_links":{"self":[{"href":"https:\/\/medicinasinc.com\/fi\/wp-json\/wp\/v2\/product\/5046","targetHints":{"allow":["GET"]}}],"collection":[{"href":"https:\/\/medicinasinc.com\/fi\/wp-json\/wp\/v2\/product"}],"about":[{"href":"https:\/\/medicinasinc.com\/fi\/wp-json\/wp\/v2\/types\/product"}],"replies":[{"embeddable":true,"href":"https:\/\/medicinasinc.com\/fi\/wp-json\/wp\/v2\/comments?post=5046"}],"wp:featuredmedia":[{"embeddable":true,"href":"https:\/\/medicinasinc.com\/fi\/wp-json\/wp\/v2\/media\/5065"}],"wp:attachment":[{"href":"https:\/\/medicinasinc.com\/fi\/wp-json\/wp\/v2\/media?parent=5046"}],"wp:term":[{"taxonomy":"product_brand","embeddable":true,"href":"https:\/\/medicinasinc.com\/fi\/wp-json\/wp\/v2\/product_brand?post=5046"},{"taxonomy":"product_cat","embeddable":true,"href":"https:\/\/medicinasinc.com\/fi\/wp-json\/wp\/v2\/product_cat?post=5046"},{"taxonomy":"product_tag","embeddable":true,"href":"https:\/\/medicinasinc.com\/fi\/wp-json\/wp\/v2\/product_tag?post=5046"}],"curies":[{"name":"wp","href":"https:\/\/api.w.org\/{rel}","templated":true}]}}