{"id":5045,"date":"2022-02-20T19:32:59","date_gmt":"2022-02-20T19:32:59","guid":{"rendered":"https:\/\/medicinasinc.com\/fi\/?post_type=product&#038;p=5045"},"modified":"2022-03-22T01:08:44","modified_gmt":"2022-03-22T01:08:44","slug":"osta-kivi-vuori-mustikka","status":"publish","type":"product","link":"https:\/\/medicinasinc.com\/fi\/product\/osta-kivi-vuori-mustikka\/","title":{"rendered":"Osta Rocky Mountain Blueberry"},"content":{"rendered":"<h1><a href=\"https:\/\/www.bestglobalmeds.com\/product\/marijuana\/rocky-mountain\/\">Osta Rocky Mountain Blueberry<\/a> -laji<\/h1>\n<p>Rocky Mountain Blueberry on Indica-dominoiva Hybridi \u2013 70 % Indica \/ 30 % Sativa THC: 15 % &#8211; 18 %<\/p>\n<p>Vaikutukset<br \/> Her\u00e4tty, luova, energisoiva, onnellinen, motivoiva, rentouttava<br \/> voi lievitt\u00e4\u00e4<br \/> masennusta , v\u00e4symys, glaukooma, p\u00e4\u00e4ns\u00e4rky, stressi<br \/> maut<br \/> marjainen, makeinen, hedelm\u00e4inen, makea<br \/> aromit<br \/> marjainen, mustikka, maanl\u00e4heinen, yrtti, makea<\/p>\n<p>kivinen Mountain Blueberry on indica-dominoiva hybridikanta, joka on jalostettu h\u00e4mm\u00e4stytt\u00e4v\u00e4n maukkaista Shishkaberry- ja Blueberry-kannoista. T\u00e4m\u00e4 lajike on tunnettu viettelev\u00e4st\u00e4 maustaan \u200b\u200b- samanlainen kuin mehukas, vastapoimittu mustikka tai mehukas mustikkamakuinen karkki! Tuoksu on yht\u00e4 herkullinen, ja siin\u00e4 on maanl\u00e4heisi\u00e4 mustikoita, tuoretta m\u00e4nny\u00e4 ja ripaus sitruunaa. Rocky Mountain Blueberry high on niin makea kuin maistuukin, ja sen stimuloivat ja virkist\u00e4v\u00e4t tehosteet ovat ihanteellisia ulkoseikkailuihin valmistautumiseen. Tunnet olosi mukavaksi, mutta olet kuitenkin valmis l\u00e4htem\u00e4\u00e4n vaellukselle, uimaan, juoksemaan tai mit\u00e4 tahansa muuta mieleesi sattuvaa, kun olet ulkona. T\u00e4m\u00e4 mieliala voi toisinaan olla hieman kihelm\u00f6iv\u00e4, mik\u00e4 saa sinut tuntemaan olosi hieman ahdistuneeksi ja hieman kiihottuneeksi. Rocky Mountain Blueberryn on raportoitu olevan ihanteellinen hoitoon vaivoja, kuten uupumusta, masennusta, p\u00e4\u00e4ns\u00e4rky\u00e4 tai migreeni\u00e4 ja glaukooman tai korkean silm\u00e4npaineen hoitoa n\u00e4iden vaikutusten ja sen merkitt\u00e4v\u00e4n 15-18 prosentin THC-pitoisuuden vuoksi. T\u00e4lle silmulle on ominaista tumman oliivinvihre\u00e4t nuput sinisill\u00e4 s\u00e4vyill\u00e4 ja kirkkaiden laventelinv\u00e4risten trikomien pinnoite.<\/p>\n","protected":false},"excerpt":{"rendered":"<div class=\"woocommerce-product-details__short-description\">\n<p>Rocky Mountain Blueberry Strainin verkkoosto. Rocky Mountain Blueberry on hallitseva indica-hybridi &#8211; 70% Indica \/ 30% Sativa. Sativan THC-pitoisuus: 15\u201318 %<\/p>\n<p>Rocky Mountain Blueberry on indikaa hallitseva hybridikanta, joka on jalostettu uskomattoman maukkaista Shishkaberry X Blueberryn vanhemmista.<\/p>\n<\/p><\/div>\n","protected":false},"featured_media":5063,"comment_status":"open","ping_status":"closed","template":"","meta":[],"product_brand":[],"product_cat":[778],"product_tag":[1001,1000,997,999,996,1002,1003,998],"class_list":{"0":"post-5045","1":"product","2":"type-product","3":"status-publish","4":"has-post-thumbnail","6":"product_cat-ruohoa-myytvn","7":"product_tag-kallio-vuori-korkea-jnnitys","8":"product_tag-kivinen-vuori-palo-jnnitys","9":"product_tag-mikado-kanta-lehti","10":"product_tag-mountain-og","11":"product_tag-mustikka-kanta-allbud","12":"product_tag-shazam-strain-leafly","13":"product_tag-sveitsilinen-marja-kanta","14":"product_tag-vuori-marja-kush-kanta","16":"first","17":"instock","18":"shipping-taxable","19":"purchasable","20":"product-type-variable","21":"has-default-attributes"},"yoast_head":"<!-- This site is optimized with the Yoast SEO plugin v27.3 - https:\/\/yoast.com\/product\/yoast-seo-wordpress\/ -->\n<title>Osta Rocky Mountain Blueberry Strain - parhaat maailmanlaajuiset l\u00e4\u00e4kkeet<\/title>\n<meta name=\"description\" content=\"Osta Rocky Mountain Blueberry -kanta Rocky Mountain Blueberry on Indica Dominant -hybridi - 70% Indica \/ 30% Sativa THC: 15% - 18% Efektit her\u00e4tt\u00e4v\u00e4t, luovat.\" \/>\n<meta name=\"robots\" content=\"index, follow, max-snippet:-1, max-image-preview:large, max-video-preview:-1\" \/>\n<link rel=\"canonical\" href=\"https:\/\/medicinasinc.com\/fi\/product\/osta-kivi-vuori-mustikka\/\" \/>\n<meta property=\"og:locale\" content=\"en_US\" \/>\n<meta property=\"og:type\" content=\"article\" \/>\n<meta property=\"og:title\" content=\"Osta Rocky Mountain Blueberry Strain - parhaat maailmanlaajuiset l\u00e4\u00e4kkeet\" \/>\n<meta property=\"og:description\" content=\"Osta Rocky Mountain Blueberry -kanta Rocky Mountain Blueberry on Indica Dominant -hybridi - 70% Indica \/ 30% Sativa THC: 15% - 18% Efektit her\u00e4tt\u00e4v\u00e4t, luovat.\" \/>\n<meta property=\"og:url\" content=\"https:\/\/medicinasinc.com\/fi\/product\/osta-kivi-vuori-mustikka\/\" \/>\n<meta property=\"og:site_name\" content=\"Medicinas Inc\" \/>\n<meta property=\"article:modified_time\" content=\"2022-03-22T01:08:44+00:00\" \/>\n<meta property=\"og:image\" content=\"https:\/\/medicinasinc.com\/fi\/wp-content\/uploads\/sites\/12\/2022\/02\/Buy-Rocky-Mountain-Blueberry.jpg\" \/>\n\t<meta property=\"og:image:width\" content=\"1200\" \/>\n\t<meta property=\"og:image:height\" content=\"630\" \/>\n\t<meta property=\"og:image:type\" content=\"image\/jpeg\" \/>\n<meta name=\"twitter:card\" content=\"summary_large_image\" \/>\n<meta name=\"twitter:label1\" content=\"Est. reading time\" \/>\n\t<meta name=\"twitter:data1\" content=\"1 minute\" \/>\n<script type=\"application\/ld+json\" class=\"yoast-schema-graph\">{\"@context\":\"https:\\\/\\\/schema.org\",\"@graph\":[{\"@type\":\"WebPage\",\"@id\":\"https:\\\/\\\/medicinasinc.com\\\/fi\\\/product\\\/osta-kivi-vuori-mustikka\\\/\",\"url\":\"https:\\\/\\\/medicinasinc.com\\\/fi\\\/product\\\/osta-kivi-vuori-mustikka\\\/\",\"name\":\"Osta Rocky Mountain Blueberry Strain - parhaat maailmanlaajuiset l\u00e4\u00e4kkeet\",\"isPartOf\":{\"@id\":\"https:\\\/\\\/medicinasinc.com\\\/fi\\\/#website\"},\"primaryImageOfPage\":{\"@id\":\"https:\\\/\\\/medicinasinc.com\\\/fi\\\/product\\\/osta-kivi-vuori-mustikka\\\/#primaryimage\"},\"image\":{\"@id\":\"https:\\\/\\\/medicinasinc.com\\\/fi\\\/product\\\/osta-kivi-vuori-mustikka\\\/#primaryimage\"},\"thumbnailUrl\":\"https:\\\/\\\/medicinasinc.com\\\/fi\\\/wp-content\\\/uploads\\\/sites\\\/12\\\/2022\\\/02\\\/Buy-Rocky-Mountain-Blueberry.jpg\",\"datePublished\":\"2022-02-20T19:32:59+00:00\",\"dateModified\":\"2022-03-22T01:08:44+00:00\",\"description\":\"Osta Rocky Mountain Blueberry -kanta Rocky Mountain Blueberry on Indica Dominant -hybridi - 70% Indica \\\/ 30% Sativa THC: 15% - 18% Efektit her\u00e4tt\u00e4v\u00e4t, luovat.\",\"breadcrumb\":{\"@id\":\"https:\\\/\\\/medicinasinc.com\\\/fi\\\/product\\\/osta-kivi-vuori-mustikka\\\/#breadcrumb\"},\"inLanguage\":\"en-US\",\"potentialAction\":[{\"@type\":\"ReadAction\",\"target\":[\"https:\\\/\\\/medicinasinc.com\\\/fi\\\/product\\\/osta-kivi-vuori-mustikka\\\/\"]}]},{\"@type\":\"ImageObject\",\"inLanguage\":\"en-US\",\"@id\":\"https:\\\/\\\/medicinasinc.com\\\/fi\\\/product\\\/osta-kivi-vuori-mustikka\\\/#primaryimage\",\"url\":\"https:\\\/\\\/medicinasinc.com\\\/fi\\\/wp-content\\\/uploads\\\/sites\\\/12\\\/2022\\\/02\\\/Buy-Rocky-Mountain-Blueberry.jpg\",\"contentUrl\":\"https:\\\/\\\/medicinasinc.com\\\/fi\\\/wp-content\\\/uploads\\\/sites\\\/12\\\/2022\\\/02\\\/Buy-Rocky-Mountain-Blueberry.jpg\",\"width\":1200,\"height\":630},{\"@type\":\"BreadcrumbList\",\"@id\":\"https:\\\/\\\/medicinasinc.com\\\/fi\\\/product\\\/osta-kivi-vuori-mustikka\\\/#breadcrumb\",\"itemListElement\":[{\"@type\":\"ListItem\",\"position\":1,\"name\":\"Myym\u00e4l\u00e4\",\"item\":\"https:\\\/\\\/medicinasinc.com\\\/fi\\\/myymala\\\/\"},{\"@type\":\"ListItem\",\"position\":2,\"name\":\"Osta Rocky Mountain Blueberry\"}]},{\"@type\":\"WebSite\",\"@id\":\"https:\\\/\\\/medicinasinc.com\\\/fi\\\/#website\",\"url\":\"https:\\\/\\\/medicinasinc.com\\\/fi\\\/\",\"name\":\"Medicinas Inc\",\"description\":\"Health Medical Clinic\",\"potentialAction\":[{\"@type\":\"SearchAction\",\"target\":{\"@type\":\"EntryPoint\",\"urlTemplate\":\"https:\\\/\\\/medicinasinc.com\\\/fi\\\/?s={search_term_string}\"},\"query-input\":{\"@type\":\"PropertyValueSpecification\",\"valueRequired\":true,\"valueName\":\"search_term_string\"}}],\"inLanguage\":\"en-US\"}]}<\/script>\n<!-- \/ Yoast SEO plugin. -->","yoast_head_json":{"title":"Osta Rocky Mountain Blueberry Strain - parhaat maailmanlaajuiset l\u00e4\u00e4kkeet","description":"Osta Rocky Mountain Blueberry -kanta Rocky Mountain Blueberry on Indica Dominant -hybridi - 70% Indica \/ 30% Sativa THC: 15% - 18% Efektit her\u00e4tt\u00e4v\u00e4t, luovat.","robots":{"index":"index","follow":"follow","max-snippet":"max-snippet:-1","max-image-preview":"max-image-preview:large","max-video-preview":"max-video-preview:-1"},"canonical":"https:\/\/medicinasinc.com\/fi\/product\/osta-kivi-vuori-mustikka\/","og_locale":"en_US","og_type":"article","og_title":"Osta Rocky Mountain Blueberry Strain - parhaat maailmanlaajuiset l\u00e4\u00e4kkeet","og_description":"Osta Rocky Mountain Blueberry -kanta Rocky Mountain Blueberry on Indica Dominant -hybridi - 70% Indica \/ 30% Sativa THC: 15% - 18% Efektit her\u00e4tt\u00e4v\u00e4t, luovat.","og_url":"https:\/\/medicinasinc.com\/fi\/product\/osta-kivi-vuori-mustikka\/","og_site_name":"Medicinas Inc","article_modified_time":"2022-03-22T01:08:44+00:00","og_image":[{"width":1200,"height":630,"url":"https:\/\/medicinasinc.com\/fi\/wp-content\/uploads\/sites\/12\/2022\/02\/Buy-Rocky-Mountain-Blueberry.jpg","type":"image\/jpeg"}],"twitter_card":"summary_large_image","twitter_misc":{"Est. reading time":"1 minute"},"schema":{"@context":"https:\/\/schema.org","@graph":[{"@type":"WebPage","@id":"https:\/\/medicinasinc.com\/fi\/product\/osta-kivi-vuori-mustikka\/","url":"https:\/\/medicinasinc.com\/fi\/product\/osta-kivi-vuori-mustikka\/","name":"Osta Rocky Mountain Blueberry Strain - parhaat maailmanlaajuiset l\u00e4\u00e4kkeet","isPartOf":{"@id":"https:\/\/medicinasinc.com\/fi\/#website"},"primaryImageOfPage":{"@id":"https:\/\/medicinasinc.com\/fi\/product\/osta-kivi-vuori-mustikka\/#primaryimage"},"image":{"@id":"https:\/\/medicinasinc.com\/fi\/product\/osta-kivi-vuori-mustikka\/#primaryimage"},"thumbnailUrl":"https:\/\/medicinasinc.com\/fi\/wp-content\/uploads\/sites\/12\/2022\/02\/Buy-Rocky-Mountain-Blueberry.jpg","datePublished":"2022-02-20T19:32:59+00:00","dateModified":"2022-03-22T01:08:44+00:00","description":"Osta Rocky Mountain Blueberry -kanta Rocky Mountain Blueberry on Indica Dominant -hybridi - 70% Indica \/ 30% Sativa THC: 15% - 18% Efektit her\u00e4tt\u00e4v\u00e4t, luovat.","breadcrumb":{"@id":"https:\/\/medicinasinc.com\/fi\/product\/osta-kivi-vuori-mustikka\/#breadcrumb"},"inLanguage":"en-US","potentialAction":[{"@type":"ReadAction","target":["https:\/\/medicinasinc.com\/fi\/product\/osta-kivi-vuori-mustikka\/"]}]},{"@type":"ImageObject","inLanguage":"en-US","@id":"https:\/\/medicinasinc.com\/fi\/product\/osta-kivi-vuori-mustikka\/#primaryimage","url":"https:\/\/medicinasinc.com\/fi\/wp-content\/uploads\/sites\/12\/2022\/02\/Buy-Rocky-Mountain-Blueberry.jpg","contentUrl":"https:\/\/medicinasinc.com\/fi\/wp-content\/uploads\/sites\/12\/2022\/02\/Buy-Rocky-Mountain-Blueberry.jpg","width":1200,"height":630},{"@type":"BreadcrumbList","@id":"https:\/\/medicinasinc.com\/fi\/product\/osta-kivi-vuori-mustikka\/#breadcrumb","itemListElement":[{"@type":"ListItem","position":1,"name":"Myym\u00e4l\u00e4","item":"https:\/\/medicinasinc.com\/fi\/myymala\/"},{"@type":"ListItem","position":2,"name":"Osta Rocky Mountain Blueberry"}]},{"@type":"WebSite","@id":"https:\/\/medicinasinc.com\/fi\/#website","url":"https:\/\/medicinasinc.com\/fi\/","name":"Medicinas Inc","description":"Health Medical Clinic","potentialAction":[{"@type":"SearchAction","target":{"@type":"EntryPoint","urlTemplate":"https:\/\/medicinasinc.com\/fi\/?s={search_term_string}"},"query-input":{"@type":"PropertyValueSpecification","valueRequired":true,"valueName":"search_term_string"}}],"inLanguage":"en-US"}]}},"_links":{"self":[{"href":"https:\/\/medicinasinc.com\/fi\/wp-json\/wp\/v2\/product\/5045","targetHints":{"allow":["GET"]}}],"collection":[{"href":"https:\/\/medicinasinc.com\/fi\/wp-json\/wp\/v2\/product"}],"about":[{"href":"https:\/\/medicinasinc.com\/fi\/wp-json\/wp\/v2\/types\/product"}],"replies":[{"embeddable":true,"href":"https:\/\/medicinasinc.com\/fi\/wp-json\/wp\/v2\/comments?post=5045"}],"wp:featuredmedia":[{"embeddable":true,"href":"https:\/\/medicinasinc.com\/fi\/wp-json\/wp\/v2\/media\/5063"}],"wp:attachment":[{"href":"https:\/\/medicinasinc.com\/fi\/wp-json\/wp\/v2\/media?parent=5045"}],"wp:term":[{"taxonomy":"product_brand","embeddable":true,"href":"https:\/\/medicinasinc.com\/fi\/wp-json\/wp\/v2\/product_brand?post=5045"},{"taxonomy":"product_cat","embeddable":true,"href":"https:\/\/medicinasinc.com\/fi\/wp-json\/wp\/v2\/product_cat?post=5045"},{"taxonomy":"product_tag","embeddable":true,"href":"https:\/\/medicinasinc.com\/fi\/wp-json\/wp\/v2\/product_tag?post=5045"}],"curies":[{"name":"wp","href":"https:\/\/api.w.org\/{rel}","templated":true}]}}