{"id":5044,"date":"2022-02-20T19:31:39","date_gmt":"2022-02-20T19:31:39","guid":{"rendered":"https:\/\/medicinasinc.com\/fi\/?post_type=product&#038;p=5044"},"modified":"2022-03-22T01:08:55","modified_gmt":"2022-03-22T01:08:55","slug":"osta-violetti-hylky-marihuana","status":"publish","type":"product","link":"https:\/\/medicinasinc.com\/fi\/product\/osta-violetti-hylky-marihuana\/","title":{"rendered":"Osta Purple Wreck Marihuana"},"content":{"rendered":"<div class=\"et_pb_column et_pb_column_3_8 et_pb_column_inner et_pb_column_inner_4 \"> &lt;div class=&quot;et_pb_module et_pb_text et_pb_text_6 et_pb_bg_layout_light&quot; on  W<\/b>saaple&gt; anurple&gt; Saaple&gt; anurple&gt; anurple&gt; Saaple&gt; anurple&gt; Saaple&gt; <\/p>\n<p>Puckre_text_pv_left_text indica-dominoiva hybridikanta, jolla on kyky ilahduttaa kokeneimmatkin kannabiksen kuluttajat. Purple Wreck on sekoitus eritt\u00e4in suositun sativan Trainwreckin ja v\u00e4rikk\u00e4\u00e4n, aromaattisen Purple Urklen v\u00e4lill\u00e4. Sen loi DNA Genetics, kuuluisat Chocolopen ja LA Confidentialin kasvattajat. Purple Wreck on erinomainen valinta p\u00e4iv\u00e4n p\u00e4\u00e4tteeksi kulutukseen vahvan, rauhoittavan runsaan ja rohkean makunsa ansiosta. Analytical 360, kannabiksen testauslaitos, havaitsi, ett\u00e4 kannan n\u00e4ytteet sis\u00e4lsiv\u00e4t THC-tasoja 10 %:sta huikeisiin 31 %:iin.<\/p>\n<p>Purple Wreck erottuu valtavista, t\u00e4ydellisen muotoisista kukinnoistaan. N\u00e4m\u00e4 silmut n\u00e4ytt\u00e4v\u00e4t pienoisjoulukuusilta, ja ne kapenevat leve\u00e4st\u00e4 pohjasta ter\u00e4v\u00e4\u00e4n k\u00e4rkeen. Niiden rakenne n\u00e4ytt\u00e4\u00e4 olevan indican ja sativan risteym\u00e4 \u2013 vaikka sis\u00e4puolelta kompakti ja tiivis, lehdet kiertyv\u00e4t ulosp\u00e4in ja ulkopuolelta ovat p\u00f6rr\u00f6inen. Kannan todellinen t\u00e4hti ovat n\u00e4m\u00e4 lehdet, jotka h\u00e4ik\u00e4isev\u00e4t kuluttajia oliivinvihre\u00e4n, purppuran ja violetin yhdistelm\u00e4ll\u00e4. N\u00e4m\u00e4 violetit s\u00e4vyt johtuvat keskim\u00e4\u00e4r\u00e4ist\u00e4 kylmemmist\u00e4 s\u00e4\u00e4ist\u00e4, jotka aktivoivat antosyaniinipigmenttej\u00e4 kannan DNA:ssa. Lopuksi tahmeat valkoiset trikoot peitt\u00e4v\u00e4t n\u00e4iden valtavien nuggettien koko pinnan antaen kasteisen, huurteisen ulkon\u00e4\u00f6n.<\/p>\n<p>Kannabishybridit ovat indica- ja sativa-kantojen risteytys. Vaikka kannabiksen kantoja koskevissa keskusteluissa keskityt\u00e4\u00e4n yleens\u00e4 sativan ja indican v\u00e4lisiin eroihin, t\u00e4m\u00e4 on vain yksi osa kuvaa. Itse asiassa suurin osa nyt saatavilla olevista marihuanalajikkeista ei ole puhdasta sativaa. Tyypillisesti ne ovat indica- tai sativa-dominantteja hybridej\u00e4 tai n\u00e4iden kahden 50\/50 yhdistelm\u00e4\u00e4. Purple Wreck Purchase Online<\/p>\n<p> Purple Wreck Purchase Online<\/p>\n<\/p><\/div><\/div><\/div>\n<div class=\"product-next-previous\">\n<div class=\"product- edellinen\"><\/div><\/div>\n","protected":false},"excerpt":{"rendered":"<p>Purple Wreck &#8211; Osta Purple Wreck verkosta &#8211; Purple Wreck on indica-dominoiva hybridi, jolla on kyky h\u00e4mm\u00e4stytt\u00e4\u00e4 kokeneimmatkin kannabiksen k\u00e4ytt\u00e4j\u00e4t.<\/p>\n<p>Purple Wreck -marihuanaa voi ostaa verkosta.<\/p>\n<p>Purple Wreck -marihuana on indica-laji. marihuanan kanta. Dominant Hybrid &#8211; 60 % Indica \/ 40 % Sativa Sativan THC-pitoisuus: 18\u201325 %<\/p>\n<p>1 unssi. v\u00e4himm\u00e4istilaus<\/p>\n<p>&nbsp;<\/p>\n","protected":false},"featured_media":5061,"comment_status":"open","ping_status":"closed","template":"","meta":[],"product_brand":[],"product_cat":[778],"product_tag":[995,989,990,994,991,993,988,992],"class_list":{"0":"post-5044","1":"product","2":"type-product","3":"status-publish","4":"has-post-thumbnail","6":"product_cat-ruohoa-myytvn","7":"product_tag-junahaaksirikko-hinta","8":"product_tag-purple-trainwreck-strain-effects","9":"product_tag-purple-trainwreck-strain-review","10":"product_tag-purple-wreck-strain-reserva-privada","11":"product_tag-purppura-hylky-lehti","12":"product_tag-purple-wreck-strain-allbud","13":"product_tag-violetti-juna-hylky-hinta","14":"product_tag-violetti-hylky-sativa-tai-indica","16":"first","17":"instock","18":"shipping-taxable","19":"purchasable","20":"product-type-simple"},"yoast_head":"<!-- This site is optimized with the Yoast SEO plugin v27.3 - https:\/\/yoast.com\/product\/yoast-seo-wordpress\/ -->\n<title>Osta Purple Wreck Marihuana \u2013 parhaat maailmanlaajuiset l\u00e4\u00e4kkeet<\/title>\n<meta name=\"description\" content=\"Osta Purple Wreck marihuana verkosta \u2013 Purple Wreck on indikaa hallitseva hybridi, jolla on voima tehd\u00e4 vaikutuksen kokeneisiinkin kannabiksen kuluttajiin.\" \/>\n<meta name=\"robots\" content=\"index, follow, max-snippet:-1, max-image-preview:large, max-video-preview:-1\" \/>\n<link rel=\"canonical\" href=\"https:\/\/medicinasinc.com\/fi\/product\/osta-violetti-hylky-marihuana\/\" \/>\n<meta property=\"og:locale\" content=\"en_US\" \/>\n<meta property=\"og:type\" content=\"article\" \/>\n<meta property=\"og:title\" content=\"Osta Purple Wreck Marihuana \u2013 parhaat maailmanlaajuiset l\u00e4\u00e4kkeet\" \/>\n<meta property=\"og:description\" content=\"Osta Purple Wreck marihuana verkosta \u2013 Purple Wreck on indikaa hallitseva hybridi, jolla on voima tehd\u00e4 vaikutuksen kokeneisiinkin kannabiksen kuluttajiin.\" \/>\n<meta property=\"og:url\" content=\"https:\/\/medicinasinc.com\/fi\/product\/osta-violetti-hylky-marihuana\/\" \/>\n<meta property=\"og:site_name\" content=\"Medicinas Inc\" \/>\n<meta property=\"article:modified_time\" content=\"2022-03-22T01:08:55+00:00\" \/>\n<meta property=\"og:image\" content=\"https:\/\/medicinasinc.com\/fi\/wp-content\/uploads\/sites\/12\/2022\/02\/Buy-Purple-Wreck-Marijuana-1.jpg\" \/>\n\t<meta property=\"og:image:width\" content=\"1245\" \/>\n\t<meta property=\"og:image:height\" content=\"1024\" \/>\n\t<meta property=\"og:image:type\" content=\"image\/jpeg\" \/>\n<meta name=\"twitter:card\" content=\"summary_large_image\" \/>\n<meta name=\"twitter:label1\" content=\"Est. reading time\" \/>\n\t<meta name=\"twitter:data1\" content=\"2 minutes\" \/>\n<script type=\"application\/ld+json\" class=\"yoast-schema-graph\">{\"@context\":\"https:\\\/\\\/schema.org\",\"@graph\":[{\"@type\":\"WebPage\",\"@id\":\"https:\\\/\\\/medicinasinc.com\\\/fi\\\/product\\\/osta-violetti-hylky-marihuana\\\/\",\"url\":\"https:\\\/\\\/medicinasinc.com\\\/fi\\\/product\\\/osta-violetti-hylky-marihuana\\\/\",\"name\":\"Osta Purple Wreck Marihuana \u2013 parhaat maailmanlaajuiset l\u00e4\u00e4kkeet\",\"isPartOf\":{\"@id\":\"https:\\\/\\\/medicinasinc.com\\\/fi\\\/#website\"},\"primaryImageOfPage\":{\"@id\":\"https:\\\/\\\/medicinasinc.com\\\/fi\\\/product\\\/osta-violetti-hylky-marihuana\\\/#primaryimage\"},\"image\":{\"@id\":\"https:\\\/\\\/medicinasinc.com\\\/fi\\\/product\\\/osta-violetti-hylky-marihuana\\\/#primaryimage\"},\"thumbnailUrl\":\"https:\\\/\\\/medicinasinc.com\\\/fi\\\/wp-content\\\/uploads\\\/sites\\\/12\\\/2022\\\/02\\\/Buy-Purple-Wreck-Marijuana-1.jpg\",\"datePublished\":\"2022-02-20T19:31:39+00:00\",\"dateModified\":\"2022-03-22T01:08:55+00:00\",\"description\":\"Osta Purple Wreck marihuana verkosta \u2013 Purple Wreck on indikaa hallitseva hybridi, jolla on voima tehd\u00e4 vaikutuksen kokeneisiinkin kannabiksen kuluttajiin.\",\"breadcrumb\":{\"@id\":\"https:\\\/\\\/medicinasinc.com\\\/fi\\\/product\\\/osta-violetti-hylky-marihuana\\\/#breadcrumb\"},\"inLanguage\":\"en-US\",\"potentialAction\":[{\"@type\":\"ReadAction\",\"target\":[\"https:\\\/\\\/medicinasinc.com\\\/fi\\\/product\\\/osta-violetti-hylky-marihuana\\\/\"]}]},{\"@type\":\"ImageObject\",\"inLanguage\":\"en-US\",\"@id\":\"https:\\\/\\\/medicinasinc.com\\\/fi\\\/product\\\/osta-violetti-hylky-marihuana\\\/#primaryimage\",\"url\":\"https:\\\/\\\/medicinasinc.com\\\/fi\\\/wp-content\\\/uploads\\\/sites\\\/12\\\/2022\\\/02\\\/Buy-Purple-Wreck-Marijuana-1.jpg\",\"contentUrl\":\"https:\\\/\\\/medicinasinc.com\\\/fi\\\/wp-content\\\/uploads\\\/sites\\\/12\\\/2022\\\/02\\\/Buy-Purple-Wreck-Marijuana-1.jpg\",\"width\":1245,\"height\":1024},{\"@type\":\"BreadcrumbList\",\"@id\":\"https:\\\/\\\/medicinasinc.com\\\/fi\\\/product\\\/osta-violetti-hylky-marihuana\\\/#breadcrumb\",\"itemListElement\":[{\"@type\":\"ListItem\",\"position\":1,\"name\":\"Myym\u00e4l\u00e4\",\"item\":\"https:\\\/\\\/medicinasinc.com\\\/fi\\\/myymala\\\/\"},{\"@type\":\"ListItem\",\"position\":2,\"name\":\"Osta Purple Wreck Marihuana\"}]},{\"@type\":\"WebSite\",\"@id\":\"https:\\\/\\\/medicinasinc.com\\\/fi\\\/#website\",\"url\":\"https:\\\/\\\/medicinasinc.com\\\/fi\\\/\",\"name\":\"Medicinas Inc\",\"description\":\"Health Medical Clinic\",\"potentialAction\":[{\"@type\":\"SearchAction\",\"target\":{\"@type\":\"EntryPoint\",\"urlTemplate\":\"https:\\\/\\\/medicinasinc.com\\\/fi\\\/?s={search_term_string}\"},\"query-input\":{\"@type\":\"PropertyValueSpecification\",\"valueRequired\":true,\"valueName\":\"search_term_string\"}}],\"inLanguage\":\"en-US\"}]}<\/script>\n<!-- \/ Yoast SEO plugin. -->","yoast_head_json":{"title":"Osta Purple Wreck Marihuana \u2013 parhaat maailmanlaajuiset l\u00e4\u00e4kkeet","description":"Osta Purple Wreck marihuana verkosta \u2013 Purple Wreck on indikaa hallitseva hybridi, jolla on voima tehd\u00e4 vaikutuksen kokeneisiinkin kannabiksen kuluttajiin.","robots":{"index":"index","follow":"follow","max-snippet":"max-snippet:-1","max-image-preview":"max-image-preview:large","max-video-preview":"max-video-preview:-1"},"canonical":"https:\/\/medicinasinc.com\/fi\/product\/osta-violetti-hylky-marihuana\/","og_locale":"en_US","og_type":"article","og_title":"Osta Purple Wreck Marihuana \u2013 parhaat maailmanlaajuiset l\u00e4\u00e4kkeet","og_description":"Osta Purple Wreck marihuana verkosta \u2013 Purple Wreck on indikaa hallitseva hybridi, jolla on voima tehd\u00e4 vaikutuksen kokeneisiinkin kannabiksen kuluttajiin.","og_url":"https:\/\/medicinasinc.com\/fi\/product\/osta-violetti-hylky-marihuana\/","og_site_name":"Medicinas Inc","article_modified_time":"2022-03-22T01:08:55+00:00","og_image":[{"width":1245,"height":1024,"url":"https:\/\/medicinasinc.com\/fi\/wp-content\/uploads\/sites\/12\/2022\/02\/Buy-Purple-Wreck-Marijuana-1.jpg","type":"image\/jpeg"}],"twitter_card":"summary_large_image","twitter_misc":{"Est. reading time":"2 minutes"},"schema":{"@context":"https:\/\/schema.org","@graph":[{"@type":"WebPage","@id":"https:\/\/medicinasinc.com\/fi\/product\/osta-violetti-hylky-marihuana\/","url":"https:\/\/medicinasinc.com\/fi\/product\/osta-violetti-hylky-marihuana\/","name":"Osta Purple Wreck Marihuana \u2013 parhaat maailmanlaajuiset l\u00e4\u00e4kkeet","isPartOf":{"@id":"https:\/\/medicinasinc.com\/fi\/#website"},"primaryImageOfPage":{"@id":"https:\/\/medicinasinc.com\/fi\/product\/osta-violetti-hylky-marihuana\/#primaryimage"},"image":{"@id":"https:\/\/medicinasinc.com\/fi\/product\/osta-violetti-hylky-marihuana\/#primaryimage"},"thumbnailUrl":"https:\/\/medicinasinc.com\/fi\/wp-content\/uploads\/sites\/12\/2022\/02\/Buy-Purple-Wreck-Marijuana-1.jpg","datePublished":"2022-02-20T19:31:39+00:00","dateModified":"2022-03-22T01:08:55+00:00","description":"Osta Purple Wreck marihuana verkosta \u2013 Purple Wreck on indikaa hallitseva hybridi, jolla on voima tehd\u00e4 vaikutuksen kokeneisiinkin kannabiksen kuluttajiin.","breadcrumb":{"@id":"https:\/\/medicinasinc.com\/fi\/product\/osta-violetti-hylky-marihuana\/#breadcrumb"},"inLanguage":"en-US","potentialAction":[{"@type":"ReadAction","target":["https:\/\/medicinasinc.com\/fi\/product\/osta-violetti-hylky-marihuana\/"]}]},{"@type":"ImageObject","inLanguage":"en-US","@id":"https:\/\/medicinasinc.com\/fi\/product\/osta-violetti-hylky-marihuana\/#primaryimage","url":"https:\/\/medicinasinc.com\/fi\/wp-content\/uploads\/sites\/12\/2022\/02\/Buy-Purple-Wreck-Marijuana-1.jpg","contentUrl":"https:\/\/medicinasinc.com\/fi\/wp-content\/uploads\/sites\/12\/2022\/02\/Buy-Purple-Wreck-Marijuana-1.jpg","width":1245,"height":1024},{"@type":"BreadcrumbList","@id":"https:\/\/medicinasinc.com\/fi\/product\/osta-violetti-hylky-marihuana\/#breadcrumb","itemListElement":[{"@type":"ListItem","position":1,"name":"Myym\u00e4l\u00e4","item":"https:\/\/medicinasinc.com\/fi\/myymala\/"},{"@type":"ListItem","position":2,"name":"Osta Purple Wreck Marihuana"}]},{"@type":"WebSite","@id":"https:\/\/medicinasinc.com\/fi\/#website","url":"https:\/\/medicinasinc.com\/fi\/","name":"Medicinas Inc","description":"Health Medical Clinic","potentialAction":[{"@type":"SearchAction","target":{"@type":"EntryPoint","urlTemplate":"https:\/\/medicinasinc.com\/fi\/?s={search_term_string}"},"query-input":{"@type":"PropertyValueSpecification","valueRequired":true,"valueName":"search_term_string"}}],"inLanguage":"en-US"}]}},"_links":{"self":[{"href":"https:\/\/medicinasinc.com\/fi\/wp-json\/wp\/v2\/product\/5044","targetHints":{"allow":["GET"]}}],"collection":[{"href":"https:\/\/medicinasinc.com\/fi\/wp-json\/wp\/v2\/product"}],"about":[{"href":"https:\/\/medicinasinc.com\/fi\/wp-json\/wp\/v2\/types\/product"}],"replies":[{"embeddable":true,"href":"https:\/\/medicinasinc.com\/fi\/wp-json\/wp\/v2\/comments?post=5044"}],"wp:featuredmedia":[{"embeddable":true,"href":"https:\/\/medicinasinc.com\/fi\/wp-json\/wp\/v2\/media\/5061"}],"wp:attachment":[{"href":"https:\/\/medicinasinc.com\/fi\/wp-json\/wp\/v2\/media?parent=5044"}],"wp:term":[{"taxonomy":"product_brand","embeddable":true,"href":"https:\/\/medicinasinc.com\/fi\/wp-json\/wp\/v2\/product_brand?post=5044"},{"taxonomy":"product_cat","embeddable":true,"href":"https:\/\/medicinasinc.com\/fi\/wp-json\/wp\/v2\/product_cat?post=5044"},{"taxonomy":"product_tag","embeddable":true,"href":"https:\/\/medicinasinc.com\/fi\/wp-json\/wp\/v2\/product_tag?post=5044"}],"curies":[{"name":"wp","href":"https:\/\/api.w.org\/{rel}","templated":true}]}}