{"id":5037,"date":"2022-02-20T19:24:52","date_gmt":"2022-02-20T19:24:52","guid":{"rendered":"https:\/\/medicinasinc.com\/fi\/?post_type=product&#038;p=5037"},"modified":"2022-03-22T01:09:06","modified_gmt":"2022-03-22T01:09:06","slug":"osta-nirvana-erikois-kannabis","status":"publish","type":"product","link":"https:\/\/medicinasinc.com\/fi\/product\/osta-nirvana-erikois-kannabis\/","title":{"rendered":"Osta Nirvana Special Cannabis"},"content":{"rendered":"<p>Nirvana Special on ainutlaatuinen sativadominoiva hybridikanta (75 % sativa\/25 % indica), joka on tuotettu sekoittamalla ikonisia Jock Horror- ja Oaxacan Sativa -kantoja. T\u00e4m\u00e4 rauhallinen silmu voitti vuoden 2008 HighLife Cupin Amsterdamissa ja vei kotiin kultamitalin Best Bio -kokonaisuudessa. Sen tehokkaan toiminnallisen mutta luovan korkean ja h\u00e4mm\u00e4stytt\u00e4v\u00e4n 26-27 prosentin THC-pitoisuuden ansiosta ei ole ihme, ett\u00e4 Nirvana Special on niin suosittu kanta! Nirvana Special -huippu alkaa kohonneesta energiasta, joka saa sinut tuntemaan olosi iloiseksi ja motivoituneeksi. Tunnet olosi virke\u00e4ksi ja \u00e4\u00e4rimm\u00e4isen luovaksi, mik\u00e4 tekee siit\u00e4 erinomaisen kaikkiin k\u00e4sill\u00e4 oleviin henkisiin askareisiin tai yksinkertaisesti ulkoilemiseen. N\u00e4m\u00e4 vaikutukset yhdess\u00e4 korkean THC-pitoisuuden kanssa tekev\u00e4t Nirvana Specialista ihanteellisen kroonisen v\u00e4symyksen, masennuksen, kroonisen stressin, unettomuuden ja ruokahaluttomuuden hoitoon. T\u00e4ll\u00e4 silmulla on makea ja hedelm\u00e4inen skunky maku, jonka uloshengitys on melko hapan. Tuoksu on hieman haiseva ja aromaattinen, ja siin\u00e4 on voimakas hapan hedelm\u00e4inen s\u00e4vy. Nirvana Special silmut ovat p\u00f6rr\u00f6isi\u00e4, popcornin muotoisia mintunvihreit\u00e4 nukkeja, jotka on peitetty vaaleanhiekkaisilla kristallikirkoilla.<\/p>\n<p>Sativa Dominant Hybrid \u2013 75 % Sativaa \/ 25 % Indicaa<\/p>\n<p>THC: 26-27 % <\/p>\n<p>Yleinen k\u00e4ytt\u00f6: masennus, v\u00e4symys, unettomuus, ruokahaluttomuus, stressi<\/p>\n<p>Vaikutukset: luova, energisoiva, iloinen, motivaatio, kohottava<\/p>\n","protected":false},"excerpt":{"rendered":"<p>Nirvana Special Cannabis Strain USA. T\u00e4m\u00e4 on harvinainen hallitseva hybridikanta (75 % sativa\/25 % indica).<em>Osta Nirvana Special Cannabis<\/em> -kantaa.<\/p>\n","protected":false},"featured_media":5054,"comment_status":"open","ping_status":"closed","template":"","meta":[],"product_brand":[],"product_cat":[778],"product_tag":[],"class_list":{"0":"post-5037","1":"product","2":"type-product","3":"status-publish","4":"has-post-thumbnail","6":"product_cat-ruohoa-myytvn","8":"first","9":"instock","10":"shipping-taxable","11":"purchasable","12":"product-type-variable","13":"has-default-attributes"},"yoast_head":"<!-- This site is optimized with the Yoast SEO plugin v27.3 - https:\/\/yoast.com\/product\/yoast-seo-wordpress\/ -->\n<title>Osta Nirvana Special Cannabis - parhaat maailmanlaajuiset l\u00e4\u00e4kkeet<\/title>\n<meta name=\"description\" content=\"Nirvana Special Cannabis Strain USA. T\u00e4m\u00e4 on harvinainen hallitseva hybridi (75 % sativa\/25 % indica) kanta. Osta Nirvana Special Cannabis Strain.\" \/>\n<meta name=\"robots\" content=\"index, follow, max-snippet:-1, max-image-preview:large, max-video-preview:-1\" \/>\n<link rel=\"canonical\" href=\"https:\/\/medicinasinc.com\/fi\/product\/osta-nirvana-erikois-kannabis\/\" \/>\n<meta property=\"og:locale\" content=\"en_US\" \/>\n<meta property=\"og:type\" content=\"article\" \/>\n<meta property=\"og:title\" content=\"Osta Nirvana Special Cannabis - parhaat maailmanlaajuiset l\u00e4\u00e4kkeet\" \/>\n<meta property=\"og:description\" content=\"Nirvana Special Cannabis Strain USA. T\u00e4m\u00e4 on harvinainen hallitseva hybridi (75 % sativa\/25 % indica) kanta. Osta Nirvana Special Cannabis Strain.\" \/>\n<meta property=\"og:url\" content=\"https:\/\/medicinasinc.com\/fi\/product\/osta-nirvana-erikois-kannabis\/\" \/>\n<meta property=\"og:site_name\" content=\"Medicinas Inc\" \/>\n<meta property=\"article:modified_time\" content=\"2022-03-22T01:09:06+00:00\" \/>\n<meta property=\"og:image\" content=\"https:\/\/medicinasinc.com\/fi\/wp-content\/uploads\/sites\/12\/2022\/02\/Buy-Nirvana-Special-Cannabis.jpg\" \/>\n\t<meta property=\"og:image:width\" content=\"1920\" \/>\n\t<meta property=\"og:image:height\" content=\"1920\" \/>\n\t<meta property=\"og:image:type\" content=\"image\/jpeg\" \/>\n<meta name=\"twitter:card\" content=\"summary_large_image\" \/>\n<meta name=\"twitter:label1\" content=\"Est. reading time\" \/>\n\t<meta name=\"twitter:data1\" content=\"1 minute\" \/>\n<script type=\"application\/ld+json\" class=\"yoast-schema-graph\">{\"@context\":\"https:\\\/\\\/schema.org\",\"@graph\":[{\"@type\":\"WebPage\",\"@id\":\"https:\\\/\\\/medicinasinc.com\\\/fi\\\/product\\\/osta-nirvana-erikois-kannabis\\\/\",\"url\":\"https:\\\/\\\/medicinasinc.com\\\/fi\\\/product\\\/osta-nirvana-erikois-kannabis\\\/\",\"name\":\"Osta Nirvana Special Cannabis - parhaat maailmanlaajuiset l\u00e4\u00e4kkeet\",\"isPartOf\":{\"@id\":\"https:\\\/\\\/medicinasinc.com\\\/fi\\\/#website\"},\"primaryImageOfPage\":{\"@id\":\"https:\\\/\\\/medicinasinc.com\\\/fi\\\/product\\\/osta-nirvana-erikois-kannabis\\\/#primaryimage\"},\"image\":{\"@id\":\"https:\\\/\\\/medicinasinc.com\\\/fi\\\/product\\\/osta-nirvana-erikois-kannabis\\\/#primaryimage\"},\"thumbnailUrl\":\"https:\\\/\\\/medicinasinc.com\\\/fi\\\/wp-content\\\/uploads\\\/sites\\\/12\\\/2022\\\/02\\\/Buy-Nirvana-Special-Cannabis.jpg\",\"datePublished\":\"2022-02-20T19:24:52+00:00\",\"dateModified\":\"2022-03-22T01:09:06+00:00\",\"description\":\"Nirvana Special Cannabis Strain USA. T\u00e4m\u00e4 on harvinainen hallitseva hybridi (75 % sativa\\\/25 % indica) kanta. Osta Nirvana Special Cannabis Strain.\",\"breadcrumb\":{\"@id\":\"https:\\\/\\\/medicinasinc.com\\\/fi\\\/product\\\/osta-nirvana-erikois-kannabis\\\/#breadcrumb\"},\"inLanguage\":\"en-US\",\"potentialAction\":[{\"@type\":\"ReadAction\",\"target\":[\"https:\\\/\\\/medicinasinc.com\\\/fi\\\/product\\\/osta-nirvana-erikois-kannabis\\\/\"]}]},{\"@type\":\"ImageObject\",\"inLanguage\":\"en-US\",\"@id\":\"https:\\\/\\\/medicinasinc.com\\\/fi\\\/product\\\/osta-nirvana-erikois-kannabis\\\/#primaryimage\",\"url\":\"https:\\\/\\\/medicinasinc.com\\\/fi\\\/wp-content\\\/uploads\\\/sites\\\/12\\\/2022\\\/02\\\/Buy-Nirvana-Special-Cannabis.jpg\",\"contentUrl\":\"https:\\\/\\\/medicinasinc.com\\\/fi\\\/wp-content\\\/uploads\\\/sites\\\/12\\\/2022\\\/02\\\/Buy-Nirvana-Special-Cannabis.jpg\",\"width\":1920,\"height\":1920},{\"@type\":\"BreadcrumbList\",\"@id\":\"https:\\\/\\\/medicinasinc.com\\\/fi\\\/product\\\/osta-nirvana-erikois-kannabis\\\/#breadcrumb\",\"itemListElement\":[{\"@type\":\"ListItem\",\"position\":1,\"name\":\"Myym\u00e4l\u00e4\",\"item\":\"https:\\\/\\\/medicinasinc.com\\\/fi\\\/myymala\\\/\"},{\"@type\":\"ListItem\",\"position\":2,\"name\":\"Osta Nirvana Special Cannabis\"}]},{\"@type\":\"WebSite\",\"@id\":\"https:\\\/\\\/medicinasinc.com\\\/fi\\\/#website\",\"url\":\"https:\\\/\\\/medicinasinc.com\\\/fi\\\/\",\"name\":\"Medicinas Inc\",\"description\":\"Health Medical Clinic\",\"potentialAction\":[{\"@type\":\"SearchAction\",\"target\":{\"@type\":\"EntryPoint\",\"urlTemplate\":\"https:\\\/\\\/medicinasinc.com\\\/fi\\\/?s={search_term_string}\"},\"query-input\":{\"@type\":\"PropertyValueSpecification\",\"valueRequired\":true,\"valueName\":\"search_term_string\"}}],\"inLanguage\":\"en-US\"}]}<\/script>\n<!-- \/ Yoast SEO plugin. -->","yoast_head_json":{"title":"Osta Nirvana Special Cannabis - parhaat maailmanlaajuiset l\u00e4\u00e4kkeet","description":"Nirvana Special Cannabis Strain USA. T\u00e4m\u00e4 on harvinainen hallitseva hybridi (75 % sativa\/25 % indica) kanta. Osta Nirvana Special Cannabis Strain.","robots":{"index":"index","follow":"follow","max-snippet":"max-snippet:-1","max-image-preview":"max-image-preview:large","max-video-preview":"max-video-preview:-1"},"canonical":"https:\/\/medicinasinc.com\/fi\/product\/osta-nirvana-erikois-kannabis\/","og_locale":"en_US","og_type":"article","og_title":"Osta Nirvana Special Cannabis - parhaat maailmanlaajuiset l\u00e4\u00e4kkeet","og_description":"Nirvana Special Cannabis Strain USA. T\u00e4m\u00e4 on harvinainen hallitseva hybridi (75 % sativa\/25 % indica) kanta. Osta Nirvana Special Cannabis Strain.","og_url":"https:\/\/medicinasinc.com\/fi\/product\/osta-nirvana-erikois-kannabis\/","og_site_name":"Medicinas Inc","article_modified_time":"2022-03-22T01:09:06+00:00","og_image":[{"width":1920,"height":1920,"url":"https:\/\/medicinasinc.com\/fi\/wp-content\/uploads\/sites\/12\/2022\/02\/Buy-Nirvana-Special-Cannabis.jpg","type":"image\/jpeg"}],"twitter_card":"summary_large_image","twitter_misc":{"Est. reading time":"1 minute"},"schema":{"@context":"https:\/\/schema.org","@graph":[{"@type":"WebPage","@id":"https:\/\/medicinasinc.com\/fi\/product\/osta-nirvana-erikois-kannabis\/","url":"https:\/\/medicinasinc.com\/fi\/product\/osta-nirvana-erikois-kannabis\/","name":"Osta Nirvana Special Cannabis - parhaat maailmanlaajuiset l\u00e4\u00e4kkeet","isPartOf":{"@id":"https:\/\/medicinasinc.com\/fi\/#website"},"primaryImageOfPage":{"@id":"https:\/\/medicinasinc.com\/fi\/product\/osta-nirvana-erikois-kannabis\/#primaryimage"},"image":{"@id":"https:\/\/medicinasinc.com\/fi\/product\/osta-nirvana-erikois-kannabis\/#primaryimage"},"thumbnailUrl":"https:\/\/medicinasinc.com\/fi\/wp-content\/uploads\/sites\/12\/2022\/02\/Buy-Nirvana-Special-Cannabis.jpg","datePublished":"2022-02-20T19:24:52+00:00","dateModified":"2022-03-22T01:09:06+00:00","description":"Nirvana Special Cannabis Strain USA. T\u00e4m\u00e4 on harvinainen hallitseva hybridi (75 % sativa\/25 % indica) kanta. Osta Nirvana Special Cannabis Strain.","breadcrumb":{"@id":"https:\/\/medicinasinc.com\/fi\/product\/osta-nirvana-erikois-kannabis\/#breadcrumb"},"inLanguage":"en-US","potentialAction":[{"@type":"ReadAction","target":["https:\/\/medicinasinc.com\/fi\/product\/osta-nirvana-erikois-kannabis\/"]}]},{"@type":"ImageObject","inLanguage":"en-US","@id":"https:\/\/medicinasinc.com\/fi\/product\/osta-nirvana-erikois-kannabis\/#primaryimage","url":"https:\/\/medicinasinc.com\/fi\/wp-content\/uploads\/sites\/12\/2022\/02\/Buy-Nirvana-Special-Cannabis.jpg","contentUrl":"https:\/\/medicinasinc.com\/fi\/wp-content\/uploads\/sites\/12\/2022\/02\/Buy-Nirvana-Special-Cannabis.jpg","width":1920,"height":1920},{"@type":"BreadcrumbList","@id":"https:\/\/medicinasinc.com\/fi\/product\/osta-nirvana-erikois-kannabis\/#breadcrumb","itemListElement":[{"@type":"ListItem","position":1,"name":"Myym\u00e4l\u00e4","item":"https:\/\/medicinasinc.com\/fi\/myymala\/"},{"@type":"ListItem","position":2,"name":"Osta Nirvana Special Cannabis"}]},{"@type":"WebSite","@id":"https:\/\/medicinasinc.com\/fi\/#website","url":"https:\/\/medicinasinc.com\/fi\/","name":"Medicinas Inc","description":"Health Medical Clinic","potentialAction":[{"@type":"SearchAction","target":{"@type":"EntryPoint","urlTemplate":"https:\/\/medicinasinc.com\/fi\/?s={search_term_string}"},"query-input":{"@type":"PropertyValueSpecification","valueRequired":true,"valueName":"search_term_string"}}],"inLanguage":"en-US"}]}},"_links":{"self":[{"href":"https:\/\/medicinasinc.com\/fi\/wp-json\/wp\/v2\/product\/5037","targetHints":{"allow":["GET"]}}],"collection":[{"href":"https:\/\/medicinasinc.com\/fi\/wp-json\/wp\/v2\/product"}],"about":[{"href":"https:\/\/medicinasinc.com\/fi\/wp-json\/wp\/v2\/types\/product"}],"replies":[{"embeddable":true,"href":"https:\/\/medicinasinc.com\/fi\/wp-json\/wp\/v2\/comments?post=5037"}],"wp:featuredmedia":[{"embeddable":true,"href":"https:\/\/medicinasinc.com\/fi\/wp-json\/wp\/v2\/media\/5054"}],"wp:attachment":[{"href":"https:\/\/medicinasinc.com\/fi\/wp-json\/wp\/v2\/media?parent=5037"}],"wp:term":[{"taxonomy":"product_brand","embeddable":true,"href":"https:\/\/medicinasinc.com\/fi\/wp-json\/wp\/v2\/product_brand?post=5037"},{"taxonomy":"product_cat","embeddable":true,"href":"https:\/\/medicinasinc.com\/fi\/wp-json\/wp\/v2\/product_cat?post=5037"},{"taxonomy":"product_tag","embeddable":true,"href":"https:\/\/medicinasinc.com\/fi\/wp-json\/wp\/v2\/product_tag?post=5037"}],"curies":[{"name":"wp","href":"https:\/\/api.w.org\/{rel}","templated":true}]}}