{"id":5020,"date":"2022-02-20T19:11:16","date_gmt":"2022-02-20T19:11:16","guid":{"rendered":"https:\/\/medicinasinc.com\/fi\/?post_type=product&#038;p=5020"},"modified":"2022-03-22T01:09:16","modified_gmt":"2022-03-22T01:09:16","slug":"osta-lohikaarmeiden-aiti-marihuana","status":"publish","type":"product","link":"https:\/\/medicinasinc.com\/fi\/product\/osta-lohikaarmeiden-aiti-marihuana\/","title":{"rendered":"Osta Mother of Dragons -marihuana"},"content":{"rendered":"<p>Marihuana Mother of Dragons Purchase<\/p>\n<p>Mother of Dragons on hyvin harvinainen tasaisesti tasapainotettu hybridi (50 prosenttia Indica \/ 50 prosenttia Sativa) kanta, jonka alkuper\u00e4 on tuntematon kasvattajasalaisuuksien ja yleisen tiedon puutteen vuoksi. alkuper\u00e4\u00e4. T\u00e4m\u00e4 harvinainen lajike on nimetty Game of Thronesin kuuluisan Daenerys Targaryenin mukaan, ja siin\u00e4 on tulinen maku, joka sytytt\u00e4\u00e4 makuhermosi tuleen. Tuoksu on taivaassa tehty ottelu, jossa on raskas ja pist\u00e4v\u00e4 kushy skunky-s\u00e4vy ja eritt\u00e4in mausteinen ruohoinen vaikutus, joka vapautuu nugien palaessa. Muutaman iskun j\u00e4lkeen Mother of Dragons her\u00e4tt\u00e4\u00e4 sinut ylh\u00e4\u00e4ll\u00e4 ja ajatuksesi kohoamaan tuntikausia. Se alkaa aivovaikutuksella, joka kuljettaa mielesi t\u00e4ydellisen ekstaasin tilaan ja mielesi puhtaan tyytyv\u00e4isyyden tilaan. Kun mielesi ja henkesi lent\u00e4v\u00e4t taivaalla, kehosi kokee liev\u00e4n rentoutumisen, mik\u00e4 saattaa j\u00e4tt\u00e4\u00e4 jonkin verran uneliaisuutta. T\u00e4m\u00e4n mielialan on tiedetty aiheuttavan ahdistusta joissakin ihmisiss\u00e4, joten v\u00e4lt\u00e4 sit\u00e4, jos olet altis sille. Mother of Dragons on ihanteellinen vaihtoehto kroonisesta stressist\u00e4, surusta, mielialan vaihteluista ja kroonisesta kivusta k\u00e4rsiville henkil\u00f6ille n\u00e4iden vaikutusten ja korkean 23-28 prosentin keskim\u00e4\u00e4r\u00e4isen THC-pitoisuutensa ansiosta. T\u00e4m\u00e4 silmu koostuu ryp\u00e4leen muotoisista mets\u00e4nvihreist\u00e4 nugeista, jotka on peitetty karvaisilla meripihkakarvoilla ja h\u00e4ik\u00e4isevien meripihkakiteiden trikomoilla.<\/p>\n<p>Osta Mother of Dragons -marihuana nyt Tegridy Farmsin kannabiksen online-ampulsista<\/p>\n","protected":false},"excerpt":{"rendered":"<div class=\"woocommerce-product-details__short-description\">\n<p>Osta Mother of Dragons -marihuana halvalla verkosta. Lohik\u00e4\u00e4rmeiden \u00e4iti marihuana on hybridi \u2013 50 % Sativaa \/ 50 % Indica THC:t\u00e4: 23 % \u2013 28 %<\/p>\n<div class=\"woocommerce-product-details__short-description\">\n<p><strong>Silppujen koko<\/strong> &gt;: Pieni \u2013 Keskikokoinen<br \/> <strong>Virtatyyppi<\/strong>: 40 % Indica 60 % Sativa<br \/> <strong>Rakenne<\/strong>: Normaali \u2013 Tahmea<br \/> <strong>Maku<\/strong>: Yrtti | Makea<br \/> <strong>L\u00e4\u00e4ketieteellinen k\u00e4ytt\u00f6<\/strong>: Ahdistus | Krooninen kipu | Masennus | Stressi<br \/> <strong>THC-pitoisuus<\/strong>: 26 % Korkein testi\u00a0<strong>CBD<\/strong>: &gt;1 %<\/p>\n<\/p><\/div>\n<p class=\"stock out-of- stock\"> <\/div>\n","protected":false},"featured_media":5038,"comment_status":"open","ping_status":"closed","template":"","meta":[],"product_brand":[],"product_cat":[778],"product_tag":[615,964,455,967,968,969,461,971,973,978,981,980,979,987,480,985,986,984,982,983,961,965,966,970,972,963,974,962,960,975,976,977],"class_list":{"0":"post-5020","1":"product","2":"type-product","3":"status-publish","4":"has-post-thumbnail","6":"product_cat-ruohoa-myytvn","7":"product_tag-buy-cannabis-oil-online","8":"product_tag-buy-lean-codeine-online","9":"product_tag-buy-marijuana-online","10":"product_tag-buy-marijuana-seeds-online","11":"product_tag-buy-marijuana-seeds-online-canada","12":"product_tag-buy-marijuana-seeds-online-usa","13":"product_tag-buy-medical-marijuana-online","14":"product_tag-buy-online-actavis-cough-syrup","15":"product_tag-buy-safe-medical-marijuana-online","16":"product_tag-kuinka-ostaa-marihuana-verkosta","17":"product_tag-lketieteellinen-marihuana-verkossa","18":"product_tag-marihuana-online-osta-kannabis","19":"product_tag-marihuana-ljyt-haihduttamiseen-myynniss","20":"product_tag-mist-ostaa-cbd-ljy-lheltni","21":"product_tag-mist-ostaa-marihuanaa-verkosta","22":"product_tag-mist-voin-ostaa-marihuanaa-verkosta","23":"product_tag-mist-voin-ostaa-marihuanan-siemeni-verkosta","24":"product_tag-prometatsiini-kodeiini-siirappi-myynniss","25":"product_tag-online-legally","26":"product_tag-order-codeine-cough-syrup-online","27":"product_tag-osta-actavis-siirappi","28":"product_tag-osta-marihuanaa","29":"product_tag-osta-marihuana-verkosta-kanada","30":"product_tag-osta-nirvana-erityinen-marihuana-kanta-verkosta","31":"product_tag-osta-oikea-marihuana-verkosta","32":"product_tag-osta-laiton-marihuana-verkosta","33":"product_tag-osta-synteettinen-marihuana-verkosta","34":"product_tag-osta-ysksiirappia-kodeiinilla","35":"product_tag-paras-paikka-ostaa-marihuanan-siemeni-verkossa","36":"product_tag-voitko-ostaa","37":"product_tag-voitko-ostaa-marihuanaa-verkosta","38":"product_tag-voit-ostaa-marihuanan-siemeni-verkosta","40":"first","41":"instock","42":"shipping-taxable","43":"purchasable","44":"product-type-variable","45":"has-default-attributes"},"yoast_head":"<!-- This site is optimized with the Yoast SEO plugin v27.3 - https:\/\/yoast.com\/product\/yoast-seo-wordpress\/ -->\n<title>Osta Mother of Dragons Marihuana - parhaat maailmanlaajuiset l\u00e4\u00e4kkeet<\/title>\n<meta name=\"description\" content=\"Osta Mother of Dragons -marihuana halvalla verkosta. Lohik\u00e4\u00e4rmeiden \u00e4iti marihuana on hybridi - 50% Sativa \/ 50% Indica THC: 23% - 28%\" \/>\n<meta name=\"robots\" content=\"index, follow, max-snippet:-1, max-image-preview:large, max-video-preview:-1\" \/>\n<link rel=\"canonical\" href=\"https:\/\/medicinasinc.com\/fi\/product\/osta-lohikaarmeiden-aiti-marihuana\/\" \/>\n<meta property=\"og:locale\" content=\"en_US\" \/>\n<meta property=\"og:type\" content=\"article\" \/>\n<meta property=\"og:title\" content=\"Osta Mother of Dragons Marihuana - parhaat maailmanlaajuiset l\u00e4\u00e4kkeet\" \/>\n<meta property=\"og:description\" content=\"Osta Mother of Dragons -marihuana halvalla verkosta. Lohik\u00e4\u00e4rmeiden \u00e4iti marihuana on hybridi - 50% Sativa \/ 50% Indica THC: 23% - 28%\" \/>\n<meta property=\"og:url\" content=\"https:\/\/medicinasinc.com\/fi\/product\/osta-lohikaarmeiden-aiti-marihuana\/\" \/>\n<meta property=\"og:site_name\" content=\"Medicinas Inc\" \/>\n<meta property=\"article:modified_time\" content=\"2022-03-22T01:09:16+00:00\" \/>\n<meta property=\"og:image\" content=\"https:\/\/medicinasinc.com\/fi\/wp-content\/uploads\/sites\/12\/2022\/02\/Buy-Mother-of-Dragons-Marijuana.jpg\" \/>\n\t<meta property=\"og:image:width\" content=\"1000\" \/>\n\t<meta property=\"og:image:height\" content=\"1000\" \/>\n\t<meta property=\"og:image:type\" content=\"image\/jpeg\" \/>\n<meta name=\"twitter:card\" content=\"summary_large_image\" \/>\n<meta name=\"twitter:label1\" content=\"Est. reading time\" \/>\n\t<meta name=\"twitter:data1\" content=\"2 minutes\" \/>\n<script type=\"application\/ld+json\" class=\"yoast-schema-graph\">{\"@context\":\"https:\\\/\\\/schema.org\",\"@graph\":[{\"@type\":\"WebPage\",\"@id\":\"https:\\\/\\\/medicinasinc.com\\\/fi\\\/product\\\/osta-lohikaarmeiden-aiti-marihuana\\\/\",\"url\":\"https:\\\/\\\/medicinasinc.com\\\/fi\\\/product\\\/osta-lohikaarmeiden-aiti-marihuana\\\/\",\"name\":\"Osta Mother of Dragons Marihuana - parhaat maailmanlaajuiset l\u00e4\u00e4kkeet\",\"isPartOf\":{\"@id\":\"https:\\\/\\\/medicinasinc.com\\\/fi\\\/#website\"},\"primaryImageOfPage\":{\"@id\":\"https:\\\/\\\/medicinasinc.com\\\/fi\\\/product\\\/osta-lohikaarmeiden-aiti-marihuana\\\/#primaryimage\"},\"image\":{\"@id\":\"https:\\\/\\\/medicinasinc.com\\\/fi\\\/product\\\/osta-lohikaarmeiden-aiti-marihuana\\\/#primaryimage\"},\"thumbnailUrl\":\"https:\\\/\\\/medicinasinc.com\\\/fi\\\/wp-content\\\/uploads\\\/sites\\\/12\\\/2022\\\/02\\\/Buy-Mother-of-Dragons-Marijuana.jpg\",\"datePublished\":\"2022-02-20T19:11:16+00:00\",\"dateModified\":\"2022-03-22T01:09:16+00:00\",\"description\":\"Osta Mother of Dragons -marihuana halvalla verkosta. Lohik\u00e4\u00e4rmeiden \u00e4iti marihuana on hybridi - 50% Sativa \\\/ 50% Indica THC: 23% - 28%\",\"breadcrumb\":{\"@id\":\"https:\\\/\\\/medicinasinc.com\\\/fi\\\/product\\\/osta-lohikaarmeiden-aiti-marihuana\\\/#breadcrumb\"},\"inLanguage\":\"en-US\",\"potentialAction\":[{\"@type\":\"ReadAction\",\"target\":[\"https:\\\/\\\/medicinasinc.com\\\/fi\\\/product\\\/osta-lohikaarmeiden-aiti-marihuana\\\/\"]}]},{\"@type\":\"ImageObject\",\"inLanguage\":\"en-US\",\"@id\":\"https:\\\/\\\/medicinasinc.com\\\/fi\\\/product\\\/osta-lohikaarmeiden-aiti-marihuana\\\/#primaryimage\",\"url\":\"https:\\\/\\\/medicinasinc.com\\\/fi\\\/wp-content\\\/uploads\\\/sites\\\/12\\\/2022\\\/02\\\/Buy-Mother-of-Dragons-Marijuana.jpg\",\"contentUrl\":\"https:\\\/\\\/medicinasinc.com\\\/fi\\\/wp-content\\\/uploads\\\/sites\\\/12\\\/2022\\\/02\\\/Buy-Mother-of-Dragons-Marijuana.jpg\",\"width\":1000,\"height\":1000},{\"@type\":\"BreadcrumbList\",\"@id\":\"https:\\\/\\\/medicinasinc.com\\\/fi\\\/product\\\/osta-lohikaarmeiden-aiti-marihuana\\\/#breadcrumb\",\"itemListElement\":[{\"@type\":\"ListItem\",\"position\":1,\"name\":\"Myym\u00e4l\u00e4\",\"item\":\"https:\\\/\\\/medicinasinc.com\\\/fi\\\/myymala\\\/\"},{\"@type\":\"ListItem\",\"position\":2,\"name\":\"Osta Mother of Dragons -marihuana\"}]},{\"@type\":\"WebSite\",\"@id\":\"https:\\\/\\\/medicinasinc.com\\\/fi\\\/#website\",\"url\":\"https:\\\/\\\/medicinasinc.com\\\/fi\\\/\",\"name\":\"Medicinas Inc\",\"description\":\"Health Medical Clinic\",\"potentialAction\":[{\"@type\":\"SearchAction\",\"target\":{\"@type\":\"EntryPoint\",\"urlTemplate\":\"https:\\\/\\\/medicinasinc.com\\\/fi\\\/?s={search_term_string}\"},\"query-input\":{\"@type\":\"PropertyValueSpecification\",\"valueRequired\":true,\"valueName\":\"search_term_string\"}}],\"inLanguage\":\"en-US\"}]}<\/script>\n<!-- \/ Yoast SEO plugin. -->","yoast_head_json":{"title":"Osta Mother of Dragons Marihuana - parhaat maailmanlaajuiset l\u00e4\u00e4kkeet","description":"Osta Mother of Dragons -marihuana halvalla verkosta. Lohik\u00e4\u00e4rmeiden \u00e4iti marihuana on hybridi - 50% Sativa \/ 50% Indica THC: 23% - 28%","robots":{"index":"index","follow":"follow","max-snippet":"max-snippet:-1","max-image-preview":"max-image-preview:large","max-video-preview":"max-video-preview:-1"},"canonical":"https:\/\/medicinasinc.com\/fi\/product\/osta-lohikaarmeiden-aiti-marihuana\/","og_locale":"en_US","og_type":"article","og_title":"Osta Mother of Dragons Marihuana - parhaat maailmanlaajuiset l\u00e4\u00e4kkeet","og_description":"Osta Mother of Dragons -marihuana halvalla verkosta. Lohik\u00e4\u00e4rmeiden \u00e4iti marihuana on hybridi - 50% Sativa \/ 50% Indica THC: 23% - 28%","og_url":"https:\/\/medicinasinc.com\/fi\/product\/osta-lohikaarmeiden-aiti-marihuana\/","og_site_name":"Medicinas Inc","article_modified_time":"2022-03-22T01:09:16+00:00","og_image":[{"width":1000,"height":1000,"url":"https:\/\/medicinasinc.com\/fi\/wp-content\/uploads\/sites\/12\/2022\/02\/Buy-Mother-of-Dragons-Marijuana.jpg","type":"image\/jpeg"}],"twitter_card":"summary_large_image","twitter_misc":{"Est. reading time":"2 minutes"},"schema":{"@context":"https:\/\/schema.org","@graph":[{"@type":"WebPage","@id":"https:\/\/medicinasinc.com\/fi\/product\/osta-lohikaarmeiden-aiti-marihuana\/","url":"https:\/\/medicinasinc.com\/fi\/product\/osta-lohikaarmeiden-aiti-marihuana\/","name":"Osta Mother of Dragons Marihuana - parhaat maailmanlaajuiset l\u00e4\u00e4kkeet","isPartOf":{"@id":"https:\/\/medicinasinc.com\/fi\/#website"},"primaryImageOfPage":{"@id":"https:\/\/medicinasinc.com\/fi\/product\/osta-lohikaarmeiden-aiti-marihuana\/#primaryimage"},"image":{"@id":"https:\/\/medicinasinc.com\/fi\/product\/osta-lohikaarmeiden-aiti-marihuana\/#primaryimage"},"thumbnailUrl":"https:\/\/medicinasinc.com\/fi\/wp-content\/uploads\/sites\/12\/2022\/02\/Buy-Mother-of-Dragons-Marijuana.jpg","datePublished":"2022-02-20T19:11:16+00:00","dateModified":"2022-03-22T01:09:16+00:00","description":"Osta Mother of Dragons -marihuana halvalla verkosta. Lohik\u00e4\u00e4rmeiden \u00e4iti marihuana on hybridi - 50% Sativa \/ 50% Indica THC: 23% - 28%","breadcrumb":{"@id":"https:\/\/medicinasinc.com\/fi\/product\/osta-lohikaarmeiden-aiti-marihuana\/#breadcrumb"},"inLanguage":"en-US","potentialAction":[{"@type":"ReadAction","target":["https:\/\/medicinasinc.com\/fi\/product\/osta-lohikaarmeiden-aiti-marihuana\/"]}]},{"@type":"ImageObject","inLanguage":"en-US","@id":"https:\/\/medicinasinc.com\/fi\/product\/osta-lohikaarmeiden-aiti-marihuana\/#primaryimage","url":"https:\/\/medicinasinc.com\/fi\/wp-content\/uploads\/sites\/12\/2022\/02\/Buy-Mother-of-Dragons-Marijuana.jpg","contentUrl":"https:\/\/medicinasinc.com\/fi\/wp-content\/uploads\/sites\/12\/2022\/02\/Buy-Mother-of-Dragons-Marijuana.jpg","width":1000,"height":1000},{"@type":"BreadcrumbList","@id":"https:\/\/medicinasinc.com\/fi\/product\/osta-lohikaarmeiden-aiti-marihuana\/#breadcrumb","itemListElement":[{"@type":"ListItem","position":1,"name":"Myym\u00e4l\u00e4","item":"https:\/\/medicinasinc.com\/fi\/myymala\/"},{"@type":"ListItem","position":2,"name":"Osta Mother of Dragons -marihuana"}]},{"@type":"WebSite","@id":"https:\/\/medicinasinc.com\/fi\/#website","url":"https:\/\/medicinasinc.com\/fi\/","name":"Medicinas Inc","description":"Health Medical Clinic","potentialAction":[{"@type":"SearchAction","target":{"@type":"EntryPoint","urlTemplate":"https:\/\/medicinasinc.com\/fi\/?s={search_term_string}"},"query-input":{"@type":"PropertyValueSpecification","valueRequired":true,"valueName":"search_term_string"}}],"inLanguage":"en-US"}]}},"_links":{"self":[{"href":"https:\/\/medicinasinc.com\/fi\/wp-json\/wp\/v2\/product\/5020","targetHints":{"allow":["GET"]}}],"collection":[{"href":"https:\/\/medicinasinc.com\/fi\/wp-json\/wp\/v2\/product"}],"about":[{"href":"https:\/\/medicinasinc.com\/fi\/wp-json\/wp\/v2\/types\/product"}],"replies":[{"embeddable":true,"href":"https:\/\/medicinasinc.com\/fi\/wp-json\/wp\/v2\/comments?post=5020"}],"wp:featuredmedia":[{"embeddable":true,"href":"https:\/\/medicinasinc.com\/fi\/wp-json\/wp\/v2\/media\/5038"}],"wp:attachment":[{"href":"https:\/\/medicinasinc.com\/fi\/wp-json\/wp\/v2\/media?parent=5020"}],"wp:term":[{"taxonomy":"product_brand","embeddable":true,"href":"https:\/\/medicinasinc.com\/fi\/wp-json\/wp\/v2\/product_brand?post=5020"},{"taxonomy":"product_cat","embeddable":true,"href":"https:\/\/medicinasinc.com\/fi\/wp-json\/wp\/v2\/product_cat?post=5020"},{"taxonomy":"product_tag","embeddable":true,"href":"https:\/\/medicinasinc.com\/fi\/wp-json\/wp\/v2\/product_tag?post=5020"}],"curies":[{"name":"wp","href":"https:\/\/api.w.org\/{rel}","templated":true}]}}