{"id":5019,"date":"2022-02-20T19:10:26","date_gmt":"2022-02-20T19:10:26","guid":{"rendered":"https:\/\/medicinasinc.com\/fi\/?post_type=product&#038;p=5019"},"modified":"2022-03-22T01:09:30","modified_gmt":"2022-03-22T01:09:30","slug":"muistinmenetys-sumu","status":"publish","type":"product","link":"https:\/\/medicinasinc.com\/fi\/product\/muistinmenetys-sumu\/","title":{"rendered":"Amnesia Haze"},"content":{"rendered":"<p>Amnesia Haze Strain Purchase Online<\/p>\n<p>Amnesia Haze Strain Online on Sativa-dominoiva hybridi, joka on luotu risteytt\u00e4m\u00e4ll\u00e4 Haze useiden erilaisten maastolaisten kantojen kanssa, mukaan lukien thaimaalainen, havaijilainen ja afgaani. Sativan ja indican suhde on noin 80:20. THC on melko korkea, yli 22 % tietyiss\u00e4 testeiss\u00e4, mutta CBD on huomattavasti v\u00e4hemm\u00e4n tehokas, ja se on hieman alle 1 %. Korkea on euforinen ja luova, ja siin\u00e4 on psykoaktiivista mielialaa ja kikatusta. Amnesia Haze on hedelm\u00e4inen, tiivis maku ja makea, maanl\u00e4heinen tuoksu, jossa on j\u00e4lki\u00e4 tuliisesta pippurista. Nuput ovat vaaleanvihreit\u00e4, ja niiss\u00e4 on tummemmat ruskeat filamentit ja trikoomilla peitetty pinta. Se on erinomainen vaihtoehto ahdistuksen ja masennuksen sek\u00e4 v\u00e4symyksen, ADHD-oireiden, migreenip\u00e4\u00e4ns\u00e4ryn, mielialanvaihteluiden ja fyysisen kivun lievitykseen.<\/p>\n<p>Osta verkosta Best Global Medsist\u00e4 edulliseen hintaan!<\/p>\n<p>Me Best Global Medsiss\u00e4 tarjoamme amnesia haze marihuanan kukkia kohtuulliseen hintaan. Amnesia haze on Sativa-dominoiva hybridi, joka on valmistettu kahdesta kannabiksen ensisijaisesta kannasta, Sativasta ja Indicasta. Sit\u00e4 k\u00e4ytet\u00e4\u00e4n erilaisiin terapeuttisiin ja virkistystarkoituksiin. Amnesia Haze on erinomainen vaihtoehto ty\u00f6h\u00f6n keskittymiseen et\u00e4paikalla. Maanl\u00e4heisen sitruunan ja sitruunan vivahteineen Amnesia Haze on ihanteellinen lajike aloittaa p\u00e4iv\u00e4si hymyillen.<\/p>\n<div class=\"product-next-previous\">\n<div class=\"product-prev\"><\/div><\/div>\n","protected":false},"excerpt":{"rendered":"<p>Amnesia Haze myyt\u00e4v\u00e4n\u00e4 verkossa Isossa-Britanniassa ja Euroopassa. Amnesia Haze on eurooppalainen suosikki. T\u00e4m\u00e4 eritt\u00e4in psykedeelinen Sativa sopii parhaiten kokeneille kuluttajille.<\/p>\n<p>Amnesia Haze on mahdollisesti maailman suosituin kanta.<\/p>\n<p>Amnesia Haze on eritt\u00e4in huumaava ja psykedeelinen hybridikanta. <\/p>\n","protected":false},"featured_media":5036,"comment_status":"open","ping_status":"closed","template":"","meta":[],"product_brand":[],"product_cat":[778],"product_tag":[956,957,958,959],"class_list":{"0":"post-5019","1":"product","2":"type-product","3":"status-publish","4":"has-post-thumbnail","6":"product_cat-ruohoa-myytvn","7":"product_tag-amnesia","8":"product_tag-buy-amnesia-haze-online","9":"product_tag-marijuana","10":"product_tag-mist-ostaa-amnesia-haze-strain-online","12":"first","13":"instock","14":"shipping-taxable","15":"purchasable","16":"product-type-variable","17":"has-default-attributes"},"yoast_head":"<!-- This site is optimized with the Yoast SEO plugin v27.3 - https:\/\/yoast.com\/product\/yoast-seo-wordpress\/ -->\n<title>Amnesia Haze - Amnesia Haze Weed Strains - parhaat maailmanlaajuiset l\u00e4\u00e4kkeet<\/title>\n<meta name=\"description\" content=\"Osta Amnesia Haze Myyt\u00e4v\u00e4n\u00e4 Isossa-Britanniassa, Euroopassa verkossa, Amnesia Haze on eurooppalainen suosikki. T\u00e4m\u00e4 voimakkaasti psykedeelinen kanta on Sativa, joka on parasta j\u00e4tt\u00e4\u00e4 kokeneille kuluttajille.\" \/>\n<meta name=\"robots\" content=\"index, follow, max-snippet:-1, max-image-preview:large, max-video-preview:-1\" \/>\n<link rel=\"canonical\" href=\"https:\/\/medicinasinc.com\/fi\/product\/muistinmenetys-sumu\/\" \/>\n<meta property=\"og:locale\" content=\"en_US\" \/>\n<meta property=\"og:type\" content=\"article\" \/>\n<meta property=\"og:title\" content=\"Amnesia Haze - Amnesia Haze Weed Strains - parhaat maailmanlaajuiset l\u00e4\u00e4kkeet\" \/>\n<meta property=\"og:description\" content=\"Osta Amnesia Haze Myyt\u00e4v\u00e4n\u00e4 Isossa-Britanniassa, Euroopassa verkossa, Amnesia Haze on eurooppalainen suosikki. T\u00e4m\u00e4 voimakkaasti psykedeelinen kanta on Sativa, joka on parasta j\u00e4tt\u00e4\u00e4 kokeneille kuluttajille.\" \/>\n<meta property=\"og:url\" content=\"https:\/\/medicinasinc.com\/fi\/product\/muistinmenetys-sumu\/\" \/>\n<meta property=\"og:site_name\" content=\"Medicinas Inc\" \/>\n<meta property=\"article:modified_time\" content=\"2022-03-22T01:09:30+00:00\" \/>\n<meta property=\"og:image\" content=\"https:\/\/medicinasinc.com\/fi\/wp-content\/uploads\/sites\/12\/2022\/02\/Buy-Amnesia-Haze.jpg\" \/>\n\t<meta property=\"og:image:width\" content=\"1159\" \/>\n\t<meta property=\"og:image:height\" content=\"1043\" \/>\n\t<meta property=\"og:image:type\" content=\"image\/jpeg\" \/>\n<meta name=\"twitter:card\" content=\"summary_large_image\" \/>\n<meta name=\"twitter:label1\" content=\"Est. reading time\" \/>\n\t<meta name=\"twitter:data1\" content=\"1 minute\" \/>\n<script type=\"application\/ld+json\" class=\"yoast-schema-graph\">{\"@context\":\"https:\\\/\\\/schema.org\",\"@graph\":[{\"@type\":\"WebPage\",\"@id\":\"https:\\\/\\\/medicinasinc.com\\\/fi\\\/product\\\/muistinmenetys-sumu\\\/\",\"url\":\"https:\\\/\\\/medicinasinc.com\\\/fi\\\/product\\\/muistinmenetys-sumu\\\/\",\"name\":\"Amnesia Haze - Amnesia Haze Weed Strains - parhaat maailmanlaajuiset l\u00e4\u00e4kkeet\",\"isPartOf\":{\"@id\":\"https:\\\/\\\/medicinasinc.com\\\/fi\\\/#website\"},\"primaryImageOfPage\":{\"@id\":\"https:\\\/\\\/medicinasinc.com\\\/fi\\\/product\\\/muistinmenetys-sumu\\\/#primaryimage\"},\"image\":{\"@id\":\"https:\\\/\\\/medicinasinc.com\\\/fi\\\/product\\\/muistinmenetys-sumu\\\/#primaryimage\"},\"thumbnailUrl\":\"https:\\\/\\\/medicinasinc.com\\\/fi\\\/wp-content\\\/uploads\\\/sites\\\/12\\\/2022\\\/02\\\/Buy-Amnesia-Haze.jpg\",\"datePublished\":\"2022-02-20T19:10:26+00:00\",\"dateModified\":\"2022-03-22T01:09:30+00:00\",\"description\":\"Osta Amnesia Haze Myyt\u00e4v\u00e4n\u00e4 Isossa-Britanniassa, Euroopassa verkossa, Amnesia Haze on eurooppalainen suosikki. T\u00e4m\u00e4 voimakkaasti psykedeelinen kanta on Sativa, joka on parasta j\u00e4tt\u00e4\u00e4 kokeneille kuluttajille.\",\"breadcrumb\":{\"@id\":\"https:\\\/\\\/medicinasinc.com\\\/fi\\\/product\\\/muistinmenetys-sumu\\\/#breadcrumb\"},\"inLanguage\":\"en-US\",\"potentialAction\":[{\"@type\":\"ReadAction\",\"target\":[\"https:\\\/\\\/medicinasinc.com\\\/fi\\\/product\\\/muistinmenetys-sumu\\\/\"]}]},{\"@type\":\"ImageObject\",\"inLanguage\":\"en-US\",\"@id\":\"https:\\\/\\\/medicinasinc.com\\\/fi\\\/product\\\/muistinmenetys-sumu\\\/#primaryimage\",\"url\":\"https:\\\/\\\/medicinasinc.com\\\/fi\\\/wp-content\\\/uploads\\\/sites\\\/12\\\/2022\\\/02\\\/Buy-Amnesia-Haze.jpg\",\"contentUrl\":\"https:\\\/\\\/medicinasinc.com\\\/fi\\\/wp-content\\\/uploads\\\/sites\\\/12\\\/2022\\\/02\\\/Buy-Amnesia-Haze.jpg\",\"width\":1159,\"height\":1043},{\"@type\":\"BreadcrumbList\",\"@id\":\"https:\\\/\\\/medicinasinc.com\\\/fi\\\/product\\\/muistinmenetys-sumu\\\/#breadcrumb\",\"itemListElement\":[{\"@type\":\"ListItem\",\"position\":1,\"name\":\"Myym\u00e4l\u00e4\",\"item\":\"https:\\\/\\\/medicinasinc.com\\\/fi\\\/myymala\\\/\"},{\"@type\":\"ListItem\",\"position\":2,\"name\":\"Amnesia Haze\"}]},{\"@type\":\"WebSite\",\"@id\":\"https:\\\/\\\/medicinasinc.com\\\/fi\\\/#website\",\"url\":\"https:\\\/\\\/medicinasinc.com\\\/fi\\\/\",\"name\":\"Medicinas Inc\",\"description\":\"Health Medical Clinic\",\"potentialAction\":[{\"@type\":\"SearchAction\",\"target\":{\"@type\":\"EntryPoint\",\"urlTemplate\":\"https:\\\/\\\/medicinasinc.com\\\/fi\\\/?s={search_term_string}\"},\"query-input\":{\"@type\":\"PropertyValueSpecification\",\"valueRequired\":true,\"valueName\":\"search_term_string\"}}],\"inLanguage\":\"en-US\"}]}<\/script>\n<!-- \/ Yoast SEO plugin. -->","yoast_head_json":{"title":"Amnesia Haze - Amnesia Haze Weed Strains - parhaat maailmanlaajuiset l\u00e4\u00e4kkeet","description":"Osta Amnesia Haze Myyt\u00e4v\u00e4n\u00e4 Isossa-Britanniassa, Euroopassa verkossa, Amnesia Haze on eurooppalainen suosikki. T\u00e4m\u00e4 voimakkaasti psykedeelinen kanta on Sativa, joka on parasta j\u00e4tt\u00e4\u00e4 kokeneille kuluttajille.","robots":{"index":"index","follow":"follow","max-snippet":"max-snippet:-1","max-image-preview":"max-image-preview:large","max-video-preview":"max-video-preview:-1"},"canonical":"https:\/\/medicinasinc.com\/fi\/product\/muistinmenetys-sumu\/","og_locale":"en_US","og_type":"article","og_title":"Amnesia Haze - Amnesia Haze Weed Strains - parhaat maailmanlaajuiset l\u00e4\u00e4kkeet","og_description":"Osta Amnesia Haze Myyt\u00e4v\u00e4n\u00e4 Isossa-Britanniassa, Euroopassa verkossa, Amnesia Haze on eurooppalainen suosikki. T\u00e4m\u00e4 voimakkaasti psykedeelinen kanta on Sativa, joka on parasta j\u00e4tt\u00e4\u00e4 kokeneille kuluttajille.","og_url":"https:\/\/medicinasinc.com\/fi\/product\/muistinmenetys-sumu\/","og_site_name":"Medicinas Inc","article_modified_time":"2022-03-22T01:09:30+00:00","og_image":[{"width":1159,"height":1043,"url":"https:\/\/medicinasinc.com\/fi\/wp-content\/uploads\/sites\/12\/2022\/02\/Buy-Amnesia-Haze.jpg","type":"image\/jpeg"}],"twitter_card":"summary_large_image","twitter_misc":{"Est. reading time":"1 minute"},"schema":{"@context":"https:\/\/schema.org","@graph":[{"@type":"WebPage","@id":"https:\/\/medicinasinc.com\/fi\/product\/muistinmenetys-sumu\/","url":"https:\/\/medicinasinc.com\/fi\/product\/muistinmenetys-sumu\/","name":"Amnesia Haze - Amnesia Haze Weed Strains - parhaat maailmanlaajuiset l\u00e4\u00e4kkeet","isPartOf":{"@id":"https:\/\/medicinasinc.com\/fi\/#website"},"primaryImageOfPage":{"@id":"https:\/\/medicinasinc.com\/fi\/product\/muistinmenetys-sumu\/#primaryimage"},"image":{"@id":"https:\/\/medicinasinc.com\/fi\/product\/muistinmenetys-sumu\/#primaryimage"},"thumbnailUrl":"https:\/\/medicinasinc.com\/fi\/wp-content\/uploads\/sites\/12\/2022\/02\/Buy-Amnesia-Haze.jpg","datePublished":"2022-02-20T19:10:26+00:00","dateModified":"2022-03-22T01:09:30+00:00","description":"Osta Amnesia Haze Myyt\u00e4v\u00e4n\u00e4 Isossa-Britanniassa, Euroopassa verkossa, Amnesia Haze on eurooppalainen suosikki. T\u00e4m\u00e4 voimakkaasti psykedeelinen kanta on Sativa, joka on parasta j\u00e4tt\u00e4\u00e4 kokeneille kuluttajille.","breadcrumb":{"@id":"https:\/\/medicinasinc.com\/fi\/product\/muistinmenetys-sumu\/#breadcrumb"},"inLanguage":"en-US","potentialAction":[{"@type":"ReadAction","target":["https:\/\/medicinasinc.com\/fi\/product\/muistinmenetys-sumu\/"]}]},{"@type":"ImageObject","inLanguage":"en-US","@id":"https:\/\/medicinasinc.com\/fi\/product\/muistinmenetys-sumu\/#primaryimage","url":"https:\/\/medicinasinc.com\/fi\/wp-content\/uploads\/sites\/12\/2022\/02\/Buy-Amnesia-Haze.jpg","contentUrl":"https:\/\/medicinasinc.com\/fi\/wp-content\/uploads\/sites\/12\/2022\/02\/Buy-Amnesia-Haze.jpg","width":1159,"height":1043},{"@type":"BreadcrumbList","@id":"https:\/\/medicinasinc.com\/fi\/product\/muistinmenetys-sumu\/#breadcrumb","itemListElement":[{"@type":"ListItem","position":1,"name":"Myym\u00e4l\u00e4","item":"https:\/\/medicinasinc.com\/fi\/myymala\/"},{"@type":"ListItem","position":2,"name":"Amnesia Haze"}]},{"@type":"WebSite","@id":"https:\/\/medicinasinc.com\/fi\/#website","url":"https:\/\/medicinasinc.com\/fi\/","name":"Medicinas Inc","description":"Health Medical Clinic","potentialAction":[{"@type":"SearchAction","target":{"@type":"EntryPoint","urlTemplate":"https:\/\/medicinasinc.com\/fi\/?s={search_term_string}"},"query-input":{"@type":"PropertyValueSpecification","valueRequired":true,"valueName":"search_term_string"}}],"inLanguage":"en-US"}]}},"_links":{"self":[{"href":"https:\/\/medicinasinc.com\/fi\/wp-json\/wp\/v2\/product\/5019","targetHints":{"allow":["GET"]}}],"collection":[{"href":"https:\/\/medicinasinc.com\/fi\/wp-json\/wp\/v2\/product"}],"about":[{"href":"https:\/\/medicinasinc.com\/fi\/wp-json\/wp\/v2\/types\/product"}],"replies":[{"embeddable":true,"href":"https:\/\/medicinasinc.com\/fi\/wp-json\/wp\/v2\/comments?post=5019"}],"wp:featuredmedia":[{"embeddable":true,"href":"https:\/\/medicinasinc.com\/fi\/wp-json\/wp\/v2\/media\/5036"}],"wp:attachment":[{"href":"https:\/\/medicinasinc.com\/fi\/wp-json\/wp\/v2\/media?parent=5019"}],"wp:term":[{"taxonomy":"product_brand","embeddable":true,"href":"https:\/\/medicinasinc.com\/fi\/wp-json\/wp\/v2\/product_brand?post=5019"},{"taxonomy":"product_cat","embeddable":true,"href":"https:\/\/medicinasinc.com\/fi\/wp-json\/wp\/v2\/product_cat?post=5019"},{"taxonomy":"product_tag","embeddable":true,"href":"https:\/\/medicinasinc.com\/fi\/wp-json\/wp\/v2\/product_tag?post=5019"}],"curies":[{"name":"wp","href":"https:\/\/api.w.org\/{rel}","templated":true}]}}