{"id":5018,"date":"2022-02-20T19:09:20","date_gmt":"2022-02-20T19:09:20","guid":{"rendered":"https:\/\/medicinasinc.com\/fi\/?post_type=product&#038;p=5018"},"modified":"2022-03-22T01:09:38","modified_gmt":"2022-03-22T01:09:38","slug":"osta-ananas-express-marihuana","status":"publish","type":"product","link":"https:\/\/medicinasinc.com\/fi\/product\/osta-ananas-express-marihuana\/","title":{"rendered":"Osta Pineapple Express Marihuana"},"content":{"rendered":"<h1>Osta Pineapple Express Marihuana Strain verkosta.<\/h1>\n<p>Osta Pineapple Express Marihuana Strain verkosta.<\/p>\n<p>Vaikutukset<br \/> Energisoiva, euforia, keskittyminen<br \/> Voi lievitt\u00e4\u00e4<br \/> Krooninen kipu, masennus, v\u00e4symys, ruokahaluttomuus, migreeni, pahoinvointi, painajaiset<br \/> maut<br \/> sitrushedelm\u00e4t, m\u00e4nty, ananas, makeat, trooppiset<br \/> aromit<br \/> maanl\u00e4heinen, m\u00e4nty, ananas, Makea<\/p>\n<p>Sinun on kuitenkin pidett\u00e4v\u00e4 mieless\u00e4, ett\u00e4 j\u00e4nnitys ei ole aivan niin suuri kuin elokuvassa sen esitet\u00e4\u00e4n. Pineapple Express tarjoaa kuitenkin kevyen ja miellytt\u00e4v\u00e4n vartaloa turruttavan vaikutuksen, jota on odotettava.<\/p>\n<p>Kantaa on saatavana tarkasti painotettujen kimpaleiden muodossa, jotka muistuttavat styroksipopcornia. Siin\u00e4 ei ole makeaa makua, mutta siin\u00e4 on outo tuoksu sitrushedelmien ylis\u00e4vyist\u00e4 johtuen. Maku on melko ainutlaatuinen, hengityksess\u00e4 on aavistus ananasta. Pineapple Express on suositeltava useiden eri sairauksien, mukaan lukien ahdistuneisuus ja stressi, hoitoon. Se onnistuu kuitenkin huomattavasti paremmin hoitamaan samanaikaisesti kroonisen masennuksen oireita. Jos sinulla on lievi\u00e4 kipuja ja kipuja, olet tullut oikeaan paikkaan. Pumpun j\u00e4lkeen huomaat, ett\u00e4 Pineapple Express on sek\u00e4 rauhallinen ett\u00e4 virkist\u00e4v\u00e4.<\/p>\n","protected":false},"excerpt":{"rendered":"<div class=\"woocommerce-product-details__short-description\">\n<p>Osta Pineapple Express -marihuanafilee verkosta. Osta Pineapple Express Marihuana Strain. Sativa Dominant Hybrid \u2013 60 % Sativa \/ 40 % Indica THC: 25 %, CBN: 1 %<\/p>\n<\/p><\/div>\n","protected":false},"featured_media":5034,"comment_status":"open","ping_status":"closed","template":"","meta":[],"product_brand":[],"product_cat":[778],"product_tag":[952,950,954,953,949,951,948,955],"class_list":{"0":"post-5018","1":"product","2":"type-product","3":"status-publish","4":"has-post-thumbnail","6":"product_cat-ruohoa-myytvn","7":"product_tag-ananas-express-strain-info","8":"product_tag-ananas-express-strain-allbud","9":"product_tag-ananas-express-strain-sativa-tai-indica","10":"product_tag-ananas-express-strain-review","11":"product_tag-ananas-express-siemeni","12":"product_tag-ananas-express-strain-vaikutukset","13":"product_tag-ananas-express-afghanistan","14":"product_tag-ananas-express-vape-patruuna","16":"first","17":"instock","18":"shipping-taxable","19":"purchasable","20":"product-type-variable","21":"has-default-attributes"},"yoast_head":"<!-- This site is optimized with the Yoast SEO plugin v27.3 - https:\/\/yoast.com\/product\/yoast-seo-wordpress\/ -->\n<title>Osta Pineapple Express -marihuana - parhaat maailmanlaajuiset l\u00e4\u00e4kkeet<\/title>\n<meta name=\"description\" content=\"Osta Pineapple Express Marihuana Strain myyt\u00e4v\u00e4n\u00e4 verkossa. Osta Pineapple Express Marihuana Strain. A sativa Dominant Hybrid - 60% Sativa \/ 40% Indica THC: 25%, CBN: 1%\" \/>\n<meta name=\"robots\" content=\"index, follow, max-snippet:-1, max-image-preview:large, max-video-preview:-1\" \/>\n<link rel=\"canonical\" href=\"https:\/\/medicinasinc.com\/fi\/product\/osta-ananas-express-marihuana\/\" \/>\n<meta property=\"og:locale\" content=\"en_US\" \/>\n<meta property=\"og:type\" content=\"article\" \/>\n<meta property=\"og:title\" content=\"Osta Pineapple Express -marihuana - parhaat maailmanlaajuiset l\u00e4\u00e4kkeet\" \/>\n<meta property=\"og:description\" content=\"Osta Pineapple Express Marihuana Strain myyt\u00e4v\u00e4n\u00e4 verkossa. Osta Pineapple Express Marihuana Strain. A sativa Dominant Hybrid - 60% Sativa \/ 40% Indica THC: 25%, CBN: 1%\" \/>\n<meta property=\"og:url\" content=\"https:\/\/medicinasinc.com\/fi\/product\/osta-ananas-express-marihuana\/\" \/>\n<meta property=\"og:site_name\" content=\"Medicinas Inc\" \/>\n<meta property=\"article:modified_time\" content=\"2022-03-22T01:09:38+00:00\" \/>\n<meta property=\"og:image\" content=\"https:\/\/medicinasinc.com\/fi\/wp-content\/uploads\/sites\/12\/2022\/02\/Buy-Pineapple-Express-Marijuana.jpeg\" \/>\n\t<meta property=\"og:image:width\" content=\"600\" \/>\n\t<meta property=\"og:image:height\" content=\"600\" \/>\n\t<meta property=\"og:image:type\" content=\"image\/jpeg\" \/>\n<meta name=\"twitter:card\" content=\"summary_large_image\" \/>\n<meta name=\"twitter:label1\" content=\"Est. reading time\" \/>\n\t<meta name=\"twitter:data1\" content=\"1 minute\" \/>\n<script type=\"application\/ld+json\" class=\"yoast-schema-graph\">{\"@context\":\"https:\\\/\\\/schema.org\",\"@graph\":[{\"@type\":\"WebPage\",\"@id\":\"https:\\\/\\\/medicinasinc.com\\\/fi\\\/product\\\/osta-ananas-express-marihuana\\\/\",\"url\":\"https:\\\/\\\/medicinasinc.com\\\/fi\\\/product\\\/osta-ananas-express-marihuana\\\/\",\"name\":\"Osta Pineapple Express -marihuana - parhaat maailmanlaajuiset l\u00e4\u00e4kkeet\",\"isPartOf\":{\"@id\":\"https:\\\/\\\/medicinasinc.com\\\/fi\\\/#website\"},\"primaryImageOfPage\":{\"@id\":\"https:\\\/\\\/medicinasinc.com\\\/fi\\\/product\\\/osta-ananas-express-marihuana\\\/#primaryimage\"},\"image\":{\"@id\":\"https:\\\/\\\/medicinasinc.com\\\/fi\\\/product\\\/osta-ananas-express-marihuana\\\/#primaryimage\"},\"thumbnailUrl\":\"https:\\\/\\\/medicinasinc.com\\\/fi\\\/wp-content\\\/uploads\\\/sites\\\/12\\\/2022\\\/02\\\/Buy-Pineapple-Express-Marijuana.jpeg\",\"datePublished\":\"2022-02-20T19:09:20+00:00\",\"dateModified\":\"2022-03-22T01:09:38+00:00\",\"description\":\"Osta Pineapple Express Marihuana Strain myyt\u00e4v\u00e4n\u00e4 verkossa. Osta Pineapple Express Marihuana Strain. A sativa Dominant Hybrid - 60% Sativa \\\/ 40% Indica THC: 25%, CBN: 1%\",\"breadcrumb\":{\"@id\":\"https:\\\/\\\/medicinasinc.com\\\/fi\\\/product\\\/osta-ananas-express-marihuana\\\/#breadcrumb\"},\"inLanguage\":\"en-US\",\"potentialAction\":[{\"@type\":\"ReadAction\",\"target\":[\"https:\\\/\\\/medicinasinc.com\\\/fi\\\/product\\\/osta-ananas-express-marihuana\\\/\"]}]},{\"@type\":\"ImageObject\",\"inLanguage\":\"en-US\",\"@id\":\"https:\\\/\\\/medicinasinc.com\\\/fi\\\/product\\\/osta-ananas-express-marihuana\\\/#primaryimage\",\"url\":\"https:\\\/\\\/medicinasinc.com\\\/fi\\\/wp-content\\\/uploads\\\/sites\\\/12\\\/2022\\\/02\\\/Buy-Pineapple-Express-Marijuana.jpeg\",\"contentUrl\":\"https:\\\/\\\/medicinasinc.com\\\/fi\\\/wp-content\\\/uploads\\\/sites\\\/12\\\/2022\\\/02\\\/Buy-Pineapple-Express-Marijuana.jpeg\",\"width\":600,\"height\":600},{\"@type\":\"BreadcrumbList\",\"@id\":\"https:\\\/\\\/medicinasinc.com\\\/fi\\\/product\\\/osta-ananas-express-marihuana\\\/#breadcrumb\",\"itemListElement\":[{\"@type\":\"ListItem\",\"position\":1,\"name\":\"Myym\u00e4l\u00e4\",\"item\":\"https:\\\/\\\/medicinasinc.com\\\/fi\\\/myymala\\\/\"},{\"@type\":\"ListItem\",\"position\":2,\"name\":\"Osta Pineapple Express Marihuana\"}]},{\"@type\":\"WebSite\",\"@id\":\"https:\\\/\\\/medicinasinc.com\\\/fi\\\/#website\",\"url\":\"https:\\\/\\\/medicinasinc.com\\\/fi\\\/\",\"name\":\"Medicinas Inc\",\"description\":\"Health Medical Clinic\",\"potentialAction\":[{\"@type\":\"SearchAction\",\"target\":{\"@type\":\"EntryPoint\",\"urlTemplate\":\"https:\\\/\\\/medicinasinc.com\\\/fi\\\/?s={search_term_string}\"},\"query-input\":{\"@type\":\"PropertyValueSpecification\",\"valueRequired\":true,\"valueName\":\"search_term_string\"}}],\"inLanguage\":\"en-US\"}]}<\/script>\n<!-- \/ Yoast SEO plugin. -->","yoast_head_json":{"title":"Osta Pineapple Express -marihuana - parhaat maailmanlaajuiset l\u00e4\u00e4kkeet","description":"Osta Pineapple Express Marihuana Strain myyt\u00e4v\u00e4n\u00e4 verkossa. Osta Pineapple Express Marihuana Strain. A sativa Dominant Hybrid - 60% Sativa \/ 40% Indica THC: 25%, CBN: 1%","robots":{"index":"index","follow":"follow","max-snippet":"max-snippet:-1","max-image-preview":"max-image-preview:large","max-video-preview":"max-video-preview:-1"},"canonical":"https:\/\/medicinasinc.com\/fi\/product\/osta-ananas-express-marihuana\/","og_locale":"en_US","og_type":"article","og_title":"Osta Pineapple Express -marihuana - parhaat maailmanlaajuiset l\u00e4\u00e4kkeet","og_description":"Osta Pineapple Express Marihuana Strain myyt\u00e4v\u00e4n\u00e4 verkossa. Osta Pineapple Express Marihuana Strain. A sativa Dominant Hybrid - 60% Sativa \/ 40% Indica THC: 25%, CBN: 1%","og_url":"https:\/\/medicinasinc.com\/fi\/product\/osta-ananas-express-marihuana\/","og_site_name":"Medicinas Inc","article_modified_time":"2022-03-22T01:09:38+00:00","og_image":[{"width":600,"height":600,"url":"https:\/\/medicinasinc.com\/fi\/wp-content\/uploads\/sites\/12\/2022\/02\/Buy-Pineapple-Express-Marijuana.jpeg","type":"image\/jpeg"}],"twitter_card":"summary_large_image","twitter_misc":{"Est. reading time":"1 minute"},"schema":{"@context":"https:\/\/schema.org","@graph":[{"@type":"WebPage","@id":"https:\/\/medicinasinc.com\/fi\/product\/osta-ananas-express-marihuana\/","url":"https:\/\/medicinasinc.com\/fi\/product\/osta-ananas-express-marihuana\/","name":"Osta Pineapple Express -marihuana - parhaat maailmanlaajuiset l\u00e4\u00e4kkeet","isPartOf":{"@id":"https:\/\/medicinasinc.com\/fi\/#website"},"primaryImageOfPage":{"@id":"https:\/\/medicinasinc.com\/fi\/product\/osta-ananas-express-marihuana\/#primaryimage"},"image":{"@id":"https:\/\/medicinasinc.com\/fi\/product\/osta-ananas-express-marihuana\/#primaryimage"},"thumbnailUrl":"https:\/\/medicinasinc.com\/fi\/wp-content\/uploads\/sites\/12\/2022\/02\/Buy-Pineapple-Express-Marijuana.jpeg","datePublished":"2022-02-20T19:09:20+00:00","dateModified":"2022-03-22T01:09:38+00:00","description":"Osta Pineapple Express Marihuana Strain myyt\u00e4v\u00e4n\u00e4 verkossa. Osta Pineapple Express Marihuana Strain. A sativa Dominant Hybrid - 60% Sativa \/ 40% Indica THC: 25%, CBN: 1%","breadcrumb":{"@id":"https:\/\/medicinasinc.com\/fi\/product\/osta-ananas-express-marihuana\/#breadcrumb"},"inLanguage":"en-US","potentialAction":[{"@type":"ReadAction","target":["https:\/\/medicinasinc.com\/fi\/product\/osta-ananas-express-marihuana\/"]}]},{"@type":"ImageObject","inLanguage":"en-US","@id":"https:\/\/medicinasinc.com\/fi\/product\/osta-ananas-express-marihuana\/#primaryimage","url":"https:\/\/medicinasinc.com\/fi\/wp-content\/uploads\/sites\/12\/2022\/02\/Buy-Pineapple-Express-Marijuana.jpeg","contentUrl":"https:\/\/medicinasinc.com\/fi\/wp-content\/uploads\/sites\/12\/2022\/02\/Buy-Pineapple-Express-Marijuana.jpeg","width":600,"height":600},{"@type":"BreadcrumbList","@id":"https:\/\/medicinasinc.com\/fi\/product\/osta-ananas-express-marihuana\/#breadcrumb","itemListElement":[{"@type":"ListItem","position":1,"name":"Myym\u00e4l\u00e4","item":"https:\/\/medicinasinc.com\/fi\/myymala\/"},{"@type":"ListItem","position":2,"name":"Osta Pineapple Express Marihuana"}]},{"@type":"WebSite","@id":"https:\/\/medicinasinc.com\/fi\/#website","url":"https:\/\/medicinasinc.com\/fi\/","name":"Medicinas Inc","description":"Health Medical Clinic","potentialAction":[{"@type":"SearchAction","target":{"@type":"EntryPoint","urlTemplate":"https:\/\/medicinasinc.com\/fi\/?s={search_term_string}"},"query-input":{"@type":"PropertyValueSpecification","valueRequired":true,"valueName":"search_term_string"}}],"inLanguage":"en-US"}]}},"_links":{"self":[{"href":"https:\/\/medicinasinc.com\/fi\/wp-json\/wp\/v2\/product\/5018","targetHints":{"allow":["GET"]}}],"collection":[{"href":"https:\/\/medicinasinc.com\/fi\/wp-json\/wp\/v2\/product"}],"about":[{"href":"https:\/\/medicinasinc.com\/fi\/wp-json\/wp\/v2\/types\/product"}],"replies":[{"embeddable":true,"href":"https:\/\/medicinasinc.com\/fi\/wp-json\/wp\/v2\/comments?post=5018"}],"wp:featuredmedia":[{"embeddable":true,"href":"https:\/\/medicinasinc.com\/fi\/wp-json\/wp\/v2\/media\/5034"}],"wp:attachment":[{"href":"https:\/\/medicinasinc.com\/fi\/wp-json\/wp\/v2\/media?parent=5018"}],"wp:term":[{"taxonomy":"product_brand","embeddable":true,"href":"https:\/\/medicinasinc.com\/fi\/wp-json\/wp\/v2\/product_brand?post=5018"},{"taxonomy":"product_cat","embeddable":true,"href":"https:\/\/medicinasinc.com\/fi\/wp-json\/wp\/v2\/product_cat?post=5018"},{"taxonomy":"product_tag","embeddable":true,"href":"https:\/\/medicinasinc.com\/fi\/wp-json\/wp\/v2\/product_tag?post=5018"}],"curies":[{"name":"wp","href":"https:\/\/api.w.org\/{rel}","templated":true}]}}