{"id":4998,"date":"2022-02-20T18:55:26","date_gmt":"2022-02-20T18:55:26","guid":{"rendered":"https:\/\/medicinasinc.com\/fi\/?post_type=product&#038;p=4998"},"modified":"2022-03-22T01:09:48","modified_gmt":"2022-03-22T01:09:48","slug":"osta-mikki-kush","status":"publish","type":"product","link":"https:\/\/medicinasinc.com\/fi\/product\/osta-mikki-kush\/","title":{"rendered":"Osta Mickey Kush"},"content":{"rendered":"<p>Mickey Kush -marihuanan verkko-ostos<\/p>\n<p>N\u00e4ill\u00e4 eritt\u00e4in tiivistetyill\u00e4 silmuilla on maanl\u00e4heinen, kushin maku, jossa on sitruunas\u00e4vyj\u00e4, ja ne tarjoavat energisi\u00e4, keskittyneit\u00e4 tehosteita. Mickey Kush on tunnettu vahvasta THC- ja CBG-kannabinoidipitoisuudestaan, mik\u00e4 tekee siit\u00e4 erinomaisen valinnan kasvainten hoitoon, pahoinvoinnin lievitykseen ja masennuksen lievitykseen. N\u00e4m\u00e4 sis\u00e4- tai ulkokasvit saavuttavat keskikorkeuden ja tarjoavat kohtalaisen tai raskaan sadon 7\u20138 viikon kukinnan aikana.<\/p>\n","protected":false},"excerpt":{"rendered":"<div class=\"woocommerce-product-details__short-description\">\n<p>Osta Mickey Kush Marihuana Strain verkosta. Asiakkaat kysyv\u00e4t usein, voitko\u00a0<em>ostaa<\/em>\u00a0rikkakasvien\u00a0<em>verkosta<\/em> ja toimittaa sen ilman, ett\u00e4 poliisit j\u00e4ljitt\u00e4v\u00e4t sit\u00e4? KYLL\u00c4!<\/p>\n<\/div>\n","protected":false},"featured_media":5017,"comment_status":"open","ping_status":"closed","template":"","meta":[],"product_brand":[],"product_cat":[778],"product_tag":[],"class_list":{"0":"post-4998","1":"product","2":"type-product","3":"status-publish","4":"has-post-thumbnail","6":"product_cat-ruohoa-myytvn","8":"first","9":"instock","10":"shipping-taxable","11":"purchasable","12":"product-type-variable","13":"has-default-attributes"},"yoast_head":"<!-- This site is optimized with the Yoast SEO plugin v27.3 - https:\/\/yoast.com\/product\/yoast-seo-wordpress\/ -->\n<title>Osta Mickey Kush - Mickey Kush -marihuana - Best Global Meds<\/title>\n<meta name=\"description\" content=\"Osta Mickey Kush Marihuana Strain verkosta. Asiakkaat kysyv\u00e4t usein Voitko ostaa rikkaruohoja verkosta ja saada sen toimitettua ilman, ett\u00e4 poliisit j\u00e4ljitt\u00e4v\u00e4t sit\u00e4? JOO!\" \/>\n<meta name=\"robots\" content=\"index, follow, max-snippet:-1, max-image-preview:large, max-video-preview:-1\" \/>\n<link rel=\"canonical\" href=\"https:\/\/medicinasinc.com\/fi\/product\/osta-mikki-kush\/\" \/>\n<meta property=\"og:locale\" content=\"en_US\" \/>\n<meta property=\"og:type\" content=\"article\" \/>\n<meta property=\"og:title\" content=\"Osta Mickey Kush - Mickey Kush -marihuana - Best Global Meds\" \/>\n<meta property=\"og:description\" content=\"Osta Mickey Kush Marihuana Strain verkosta. Asiakkaat kysyv\u00e4t usein Voitko ostaa rikkaruohoja verkosta ja saada sen toimitettua ilman, ett\u00e4 poliisit j\u00e4ljitt\u00e4v\u00e4t sit\u00e4? JOO!\" \/>\n<meta property=\"og:url\" content=\"https:\/\/medicinasinc.com\/fi\/product\/osta-mikki-kush\/\" \/>\n<meta property=\"og:site_name\" content=\"Medicinas Inc\" \/>\n<meta property=\"article:modified_time\" content=\"2022-03-22T01:09:48+00:00\" \/>\n<meta property=\"og:image\" content=\"https:\/\/medicinasinc.com\/fi\/wp-content\/uploads\/sites\/12\/2022\/02\/Buy-Mickey-Kush-Marijuana.jpg\" \/>\n\t<meta property=\"og:image:width\" content=\"1200\" \/>\n\t<meta property=\"og:image:height\" content=\"630\" \/>\n\t<meta property=\"og:image:type\" content=\"image\/jpeg\" \/>\n<meta name=\"twitter:card\" content=\"summary_large_image\" \/>\n<meta name=\"twitter:label1\" content=\"Est. reading time\" \/>\n\t<meta name=\"twitter:data1\" content=\"1 minute\" \/>\n<script type=\"application\/ld+json\" class=\"yoast-schema-graph\">{\"@context\":\"https:\\\/\\\/schema.org\",\"@graph\":[{\"@type\":\"WebPage\",\"@id\":\"https:\\\/\\\/medicinasinc.com\\\/fi\\\/product\\\/osta-mikki-kush\\\/\",\"url\":\"https:\\\/\\\/medicinasinc.com\\\/fi\\\/product\\\/osta-mikki-kush\\\/\",\"name\":\"Osta Mickey Kush - Mickey Kush -marihuana - Best Global Meds\",\"isPartOf\":{\"@id\":\"https:\\\/\\\/medicinasinc.com\\\/fi\\\/#website\"},\"primaryImageOfPage\":{\"@id\":\"https:\\\/\\\/medicinasinc.com\\\/fi\\\/product\\\/osta-mikki-kush\\\/#primaryimage\"},\"image\":{\"@id\":\"https:\\\/\\\/medicinasinc.com\\\/fi\\\/product\\\/osta-mikki-kush\\\/#primaryimage\"},\"thumbnailUrl\":\"https:\\\/\\\/medicinasinc.com\\\/fi\\\/wp-content\\\/uploads\\\/sites\\\/12\\\/2022\\\/02\\\/Buy-Mickey-Kush-Marijuana.jpg\",\"datePublished\":\"2022-02-20T18:55:26+00:00\",\"dateModified\":\"2022-03-22T01:09:48+00:00\",\"description\":\"Osta Mickey Kush Marihuana Strain verkosta. Asiakkaat kysyv\u00e4t usein Voitko ostaa rikkaruohoja verkosta ja saada sen toimitettua ilman, ett\u00e4 poliisit j\u00e4ljitt\u00e4v\u00e4t sit\u00e4? JOO!\",\"breadcrumb\":{\"@id\":\"https:\\\/\\\/medicinasinc.com\\\/fi\\\/product\\\/osta-mikki-kush\\\/#breadcrumb\"},\"inLanguage\":\"en-US\",\"potentialAction\":[{\"@type\":\"ReadAction\",\"target\":[\"https:\\\/\\\/medicinasinc.com\\\/fi\\\/product\\\/osta-mikki-kush\\\/\"]}]},{\"@type\":\"ImageObject\",\"inLanguage\":\"en-US\",\"@id\":\"https:\\\/\\\/medicinasinc.com\\\/fi\\\/product\\\/osta-mikki-kush\\\/#primaryimage\",\"url\":\"https:\\\/\\\/medicinasinc.com\\\/fi\\\/wp-content\\\/uploads\\\/sites\\\/12\\\/2022\\\/02\\\/Buy-Mickey-Kush-Marijuana.jpg\",\"contentUrl\":\"https:\\\/\\\/medicinasinc.com\\\/fi\\\/wp-content\\\/uploads\\\/sites\\\/12\\\/2022\\\/02\\\/Buy-Mickey-Kush-Marijuana.jpg\",\"width\":1200,\"height\":630},{\"@type\":\"BreadcrumbList\",\"@id\":\"https:\\\/\\\/medicinasinc.com\\\/fi\\\/product\\\/osta-mikki-kush\\\/#breadcrumb\",\"itemListElement\":[{\"@type\":\"ListItem\",\"position\":1,\"name\":\"Myym\u00e4l\u00e4\",\"item\":\"https:\\\/\\\/medicinasinc.com\\\/fi\\\/myymala\\\/\"},{\"@type\":\"ListItem\",\"position\":2,\"name\":\"Osta Mickey Kush\"}]},{\"@type\":\"WebSite\",\"@id\":\"https:\\\/\\\/medicinasinc.com\\\/fi\\\/#website\",\"url\":\"https:\\\/\\\/medicinasinc.com\\\/fi\\\/\",\"name\":\"Medicinas Inc\",\"description\":\"Health Medical Clinic\",\"potentialAction\":[{\"@type\":\"SearchAction\",\"target\":{\"@type\":\"EntryPoint\",\"urlTemplate\":\"https:\\\/\\\/medicinasinc.com\\\/fi\\\/?s={search_term_string}\"},\"query-input\":{\"@type\":\"PropertyValueSpecification\",\"valueRequired\":true,\"valueName\":\"search_term_string\"}}],\"inLanguage\":\"en-US\"}]}<\/script>\n<!-- \/ Yoast SEO plugin. -->","yoast_head_json":{"title":"Osta Mickey Kush - Mickey Kush -marihuana - Best Global Meds","description":"Osta Mickey Kush Marihuana Strain verkosta. Asiakkaat kysyv\u00e4t usein Voitko ostaa rikkaruohoja verkosta ja saada sen toimitettua ilman, ett\u00e4 poliisit j\u00e4ljitt\u00e4v\u00e4t sit\u00e4? JOO!","robots":{"index":"index","follow":"follow","max-snippet":"max-snippet:-1","max-image-preview":"max-image-preview:large","max-video-preview":"max-video-preview:-1"},"canonical":"https:\/\/medicinasinc.com\/fi\/product\/osta-mikki-kush\/","og_locale":"en_US","og_type":"article","og_title":"Osta Mickey Kush - Mickey Kush -marihuana - Best Global Meds","og_description":"Osta Mickey Kush Marihuana Strain verkosta. Asiakkaat kysyv\u00e4t usein Voitko ostaa rikkaruohoja verkosta ja saada sen toimitettua ilman, ett\u00e4 poliisit j\u00e4ljitt\u00e4v\u00e4t sit\u00e4? JOO!","og_url":"https:\/\/medicinasinc.com\/fi\/product\/osta-mikki-kush\/","og_site_name":"Medicinas Inc","article_modified_time":"2022-03-22T01:09:48+00:00","og_image":[{"width":1200,"height":630,"url":"https:\/\/medicinasinc.com\/fi\/wp-content\/uploads\/sites\/12\/2022\/02\/Buy-Mickey-Kush-Marijuana.jpg","type":"image\/jpeg"}],"twitter_card":"summary_large_image","twitter_misc":{"Est. reading time":"1 minute"},"schema":{"@context":"https:\/\/schema.org","@graph":[{"@type":"WebPage","@id":"https:\/\/medicinasinc.com\/fi\/product\/osta-mikki-kush\/","url":"https:\/\/medicinasinc.com\/fi\/product\/osta-mikki-kush\/","name":"Osta Mickey Kush - Mickey Kush -marihuana - Best Global Meds","isPartOf":{"@id":"https:\/\/medicinasinc.com\/fi\/#website"},"primaryImageOfPage":{"@id":"https:\/\/medicinasinc.com\/fi\/product\/osta-mikki-kush\/#primaryimage"},"image":{"@id":"https:\/\/medicinasinc.com\/fi\/product\/osta-mikki-kush\/#primaryimage"},"thumbnailUrl":"https:\/\/medicinasinc.com\/fi\/wp-content\/uploads\/sites\/12\/2022\/02\/Buy-Mickey-Kush-Marijuana.jpg","datePublished":"2022-02-20T18:55:26+00:00","dateModified":"2022-03-22T01:09:48+00:00","description":"Osta Mickey Kush Marihuana Strain verkosta. Asiakkaat kysyv\u00e4t usein Voitko ostaa rikkaruohoja verkosta ja saada sen toimitettua ilman, ett\u00e4 poliisit j\u00e4ljitt\u00e4v\u00e4t sit\u00e4? JOO!","breadcrumb":{"@id":"https:\/\/medicinasinc.com\/fi\/product\/osta-mikki-kush\/#breadcrumb"},"inLanguage":"en-US","potentialAction":[{"@type":"ReadAction","target":["https:\/\/medicinasinc.com\/fi\/product\/osta-mikki-kush\/"]}]},{"@type":"ImageObject","inLanguage":"en-US","@id":"https:\/\/medicinasinc.com\/fi\/product\/osta-mikki-kush\/#primaryimage","url":"https:\/\/medicinasinc.com\/fi\/wp-content\/uploads\/sites\/12\/2022\/02\/Buy-Mickey-Kush-Marijuana.jpg","contentUrl":"https:\/\/medicinasinc.com\/fi\/wp-content\/uploads\/sites\/12\/2022\/02\/Buy-Mickey-Kush-Marijuana.jpg","width":1200,"height":630},{"@type":"BreadcrumbList","@id":"https:\/\/medicinasinc.com\/fi\/product\/osta-mikki-kush\/#breadcrumb","itemListElement":[{"@type":"ListItem","position":1,"name":"Myym\u00e4l\u00e4","item":"https:\/\/medicinasinc.com\/fi\/myymala\/"},{"@type":"ListItem","position":2,"name":"Osta Mickey Kush"}]},{"@type":"WebSite","@id":"https:\/\/medicinasinc.com\/fi\/#website","url":"https:\/\/medicinasinc.com\/fi\/","name":"Medicinas Inc","description":"Health Medical Clinic","potentialAction":[{"@type":"SearchAction","target":{"@type":"EntryPoint","urlTemplate":"https:\/\/medicinasinc.com\/fi\/?s={search_term_string}"},"query-input":{"@type":"PropertyValueSpecification","valueRequired":true,"valueName":"search_term_string"}}],"inLanguage":"en-US"}]}},"_links":{"self":[{"href":"https:\/\/medicinasinc.com\/fi\/wp-json\/wp\/v2\/product\/4998","targetHints":{"allow":["GET"]}}],"collection":[{"href":"https:\/\/medicinasinc.com\/fi\/wp-json\/wp\/v2\/product"}],"about":[{"href":"https:\/\/medicinasinc.com\/fi\/wp-json\/wp\/v2\/types\/product"}],"replies":[{"embeddable":true,"href":"https:\/\/medicinasinc.com\/fi\/wp-json\/wp\/v2\/comments?post=4998"}],"wp:featuredmedia":[{"embeddable":true,"href":"https:\/\/medicinasinc.com\/fi\/wp-json\/wp\/v2\/media\/5017"}],"wp:attachment":[{"href":"https:\/\/medicinasinc.com\/fi\/wp-json\/wp\/v2\/media?parent=4998"}],"wp:term":[{"taxonomy":"product_brand","embeddable":true,"href":"https:\/\/medicinasinc.com\/fi\/wp-json\/wp\/v2\/product_brand?post=4998"},{"taxonomy":"product_cat","embeddable":true,"href":"https:\/\/medicinasinc.com\/fi\/wp-json\/wp\/v2\/product_cat?post=4998"},{"taxonomy":"product_tag","embeddable":true,"href":"https:\/\/medicinasinc.com\/fi\/wp-json\/wp\/v2\/product_tag?post=4998"}],"curies":[{"name":"wp","href":"https:\/\/api.w.org\/{rel}","templated":true}]}}