{"id":4996,"date":"2022-02-20T18:53:00","date_gmt":"2022-02-20T18:53:00","guid":{"rendered":"https:\/\/medicinasinc.com\/fi\/?post_type=product&#038;p=4996"},"modified":"2022-03-22T01:10:11","modified_gmt":"2022-03-22T01:10:11","slug":"osta-sitruuna-haippu","status":"publish","type":"product","link":"https:\/\/medicinasinc.com\/fi\/product\/osta-sitruuna-haippu\/","title":{"rendered":"Osta Lemon Skunk"},"content":{"rendered":"<p>Lemon Skunk on saatavilla Chronic Postin online-marihuanaampullesta.<\/p>\n<p>ChronicPost Lemon Skunk on useita palkintoja voittanut Sativa-hybridi, jossa on sitruunamaku ja THC-pitoisuus jopa 22 %. Vuonna 2009 se sis\u00e4llytettiin High Times -lehden kymmenen parhaan kannan joukkoon.<\/p>\n<p>Lemon Skunkin THC-pitoisuus vaihtelee keskim\u00e4\u00e4rin 14\u201315 %, ja sen THC-pitoisuus on testattu jopa 22 %. Sen korkean tiedet\u00e4\u00e4n stimuloivan aivojen toimintaa, mik\u00e4 lis\u00e4\u00e4 luovuutta ja ymp\u00e4r\u00f6i k\u00e4ytt\u00e4j\u00e4n iloiseen ja energisoivaan surinaan. Lukuisat arvostelijat ovat luonnehtineet heid\u00e4n Lemon Skunkiaan introspektiiviseksi, her\u00e4tt\u00e4v\u00e4ksi ajatuksia ja parantavaksi kekseli\u00e4isyydeksi. Yhden tai kahden tunnin kuluttua kannan indica-komponentit alkavat tunkeutua sis\u00e4\u00e4n, jolloin k\u00e4ytt\u00e4j\u00e4 on hieman v\u00e4synyt, kun aivovaikutukset loppuvat.<\/p>\n<p>Lemon Skunk on melko korkea ja tuottava kasvi, joka on juuri sit\u00e4 mit\u00e4 nimest\u00e4 voi p\u00e4\u00e4tell\u00e4 \u2013 vahvasti sitrusv\u00e4rinen Skunk-variantti, jolla on voimakas ja rauhoittava vaikutus. Sill\u00e4 on Skunkin tyypilliset limenvihre\u00e4t silmut ja kirkkaat oranssit emet, jotka johtavat pakkasisiin, tiheisiin, keih\u00e4\u00e4n muotoisiin koloihin.<\/p>\n","protected":false},"excerpt":{"rendered":"<div class=\"woocommerce-product-details__short-description\">\n<p>Lemon Skunk sis\u00e4lt\u00e4\u00e4 kohtuullisen m\u00e4\u00e4r\u00e4n THC:t\u00e4 ja hyvin v\u00e4h\u00e4n CBD:t\u00e4. Lue lis\u00e4\u00e4 DNA Genetics Lemon Skunkista ja tee ostoksesi Tokyo Smokesta jo t\u00e4n\u00e4\u00e4n.<\/p>\n<p>Lemon Skunk Weed myynniss\u00e4 verkossa. Lemon Kush on sekoitus Master Kushin ja Lemon Joyn v\u00e4lill\u00e4 ja tuottaa alhaisen tai kohtalaisen sadon. Suositellaan HIV\/AIDS-, glaukooma-, Parkinsonin tautia, ahdistuneisuutta ja kroonista kipua sairastaville potilaille<\/p>\n<p><strong>silmujen koko:\u00a0<\/strong>Pieni<br \/> <strong>Rakenne:\u00a0Kuiva<br \/> <strong>Maut:\u00a0<\/strong>Sitruuna \/ Sitruuna \/ Tuore<br \/> <strong>Yleinen k\u00e4ytt\u00f6:<\/strong>\u00a0Kipu \/ ruokahalu \/ masennus<br \/> <strong><a href=\"https:\/\/www.bestglobalmeds.com\/product\/marijuana\/lemon-skunk\/\">THC<\/a>:<\/strong>\u00a022\u00a0%\u00a0 \u00a0<strong><a href=\"https:\/\/www.bestglobalmeds. com\/product\/marijuana\/lemon-skunk\/\">CBD<\/a>: &lt;<\/strong>1 %<\/p>\n<\/p><\/div>\n","protected":false},"featured_media":5013,"comment_status":"open","ping_status":"closed","template":"","meta":[],"product_brand":[],"product_cat":[778],"product_tag":[933,934,935,932,937,938,939,936],"class_list":{"0":"post-4996","1":"product","2":"type-product","3":"status-publish","4":"has-post-thumbnail","6":"product_cat-ruohoa-myytvn","7":"product_tag-lemon-skunk-auto","8":"product_tag-lemon-skunk-cartridge","9":"product_tag-lemon-skunk-cbd","10":"product_tag-paras-sitruuna-haisunsiemenet","11":"product_tag-sitruuna-skunk-indica-tai-sativa","12":"product_tag-sitruuna-haisun-hinta","13":"product_tag-sitruuna-skunkki-maku","14":"product_tag-sitruuna-skunk-kasvihuone-siemenet-arvostelu","16":"first","17":"instock","18":"shipping-taxable","19":"purchasable","20":"product-type-variable","21":"has-default-attributes"},"yoast_head":"<!-- This site is optimized with the Yoast SEO plugin v27.3 - https:\/\/yoast.com\/product\/yoast-seo-wordpress\/ -->\n<title>Osta Lemon Skunk - parhaat maailmanlaajuiset l\u00e4\u00e4kkeet<\/title>\n<meta name=\"description\" content=\"Osta Lemon Skunk Weed verkosta. Lemon Kush on risteytys btw Master Kush ja Lemon Joy, sill\u00e4 on matala tai keskisato. Suositellaan potilaille, joilla on HIV\/AIDS, glaukooma, Parkinsonin tauti, ahdistuneisuus, krooninen kipu\u2026\" \/>\n<meta name=\"robots\" content=\"index, follow, max-snippet:-1, max-image-preview:large, max-video-preview:-1\" \/>\n<link rel=\"canonical\" href=\"https:\/\/medicinasinc.com\/fi\/product\/osta-sitruuna-haippu\/\" \/>\n<meta property=\"og:locale\" content=\"en_US\" \/>\n<meta property=\"og:type\" content=\"article\" \/>\n<meta property=\"og:title\" content=\"Osta Lemon Skunk - parhaat maailmanlaajuiset l\u00e4\u00e4kkeet\" \/>\n<meta property=\"og:description\" content=\"Osta Lemon Skunk Weed verkosta. Lemon Kush on risteytys btw Master Kush ja Lemon Joy, sill\u00e4 on matala tai keskisato. Suositellaan potilaille, joilla on HIV\/AIDS, glaukooma, Parkinsonin tauti, ahdistuneisuus, krooninen kipu\u2026\" \/>\n<meta property=\"og:url\" content=\"https:\/\/medicinasinc.com\/fi\/product\/osta-sitruuna-haippu\/\" \/>\n<meta property=\"og:site_name\" content=\"Medicinas Inc\" \/>\n<meta property=\"article:modified_time\" content=\"2022-03-22T01:10:11+00:00\" \/>\n<meta property=\"og:image\" content=\"https:\/\/medicinasinc.com\/fi\/wp-content\/uploads\/sites\/12\/2022\/02\/Buy-Lemon-Skunk.jpg\" \/>\n\t<meta property=\"og:image:width\" content=\"2403\" \/>\n\t<meta property=\"og:image:height\" content=\"2403\" \/>\n\t<meta property=\"og:image:type\" content=\"image\/jpeg\" \/>\n<meta name=\"twitter:card\" content=\"summary_large_image\" \/>\n<meta name=\"twitter:label1\" content=\"Est. reading time\" \/>\n\t<meta name=\"twitter:data1\" content=\"1 minute\" \/>\n<script type=\"application\/ld+json\" class=\"yoast-schema-graph\">{\"@context\":\"https:\\\/\\\/schema.org\",\"@graph\":[{\"@type\":\"WebPage\",\"@id\":\"https:\\\/\\\/medicinasinc.com\\\/fi\\\/product\\\/osta-sitruuna-haippu\\\/\",\"url\":\"https:\\\/\\\/medicinasinc.com\\\/fi\\\/product\\\/osta-sitruuna-haippu\\\/\",\"name\":\"Osta Lemon Skunk - parhaat maailmanlaajuiset l\u00e4\u00e4kkeet\",\"isPartOf\":{\"@id\":\"https:\\\/\\\/medicinasinc.com\\\/fi\\\/#website\"},\"primaryImageOfPage\":{\"@id\":\"https:\\\/\\\/medicinasinc.com\\\/fi\\\/product\\\/osta-sitruuna-haippu\\\/#primaryimage\"},\"image\":{\"@id\":\"https:\\\/\\\/medicinasinc.com\\\/fi\\\/product\\\/osta-sitruuna-haippu\\\/#primaryimage\"},\"thumbnailUrl\":\"https:\\\/\\\/medicinasinc.com\\\/fi\\\/wp-content\\\/uploads\\\/sites\\\/12\\\/2022\\\/02\\\/Buy-Lemon-Skunk.jpg\",\"datePublished\":\"2022-02-20T18:53:00+00:00\",\"dateModified\":\"2022-03-22T01:10:11+00:00\",\"description\":\"Osta Lemon Skunk Weed verkosta. Lemon Kush on risteytys btw Master Kush ja Lemon Joy, sill\u00e4 on matala tai keskisato. Suositellaan potilaille, joilla on HIV\\\/AIDS, glaukooma, Parkinsonin tauti, ahdistuneisuus, krooninen kipu\u2026\",\"breadcrumb\":{\"@id\":\"https:\\\/\\\/medicinasinc.com\\\/fi\\\/product\\\/osta-sitruuna-haippu\\\/#breadcrumb\"},\"inLanguage\":\"en-US\",\"potentialAction\":[{\"@type\":\"ReadAction\",\"target\":[\"https:\\\/\\\/medicinasinc.com\\\/fi\\\/product\\\/osta-sitruuna-haippu\\\/\"]}]},{\"@type\":\"ImageObject\",\"inLanguage\":\"en-US\",\"@id\":\"https:\\\/\\\/medicinasinc.com\\\/fi\\\/product\\\/osta-sitruuna-haippu\\\/#primaryimage\",\"url\":\"https:\\\/\\\/medicinasinc.com\\\/fi\\\/wp-content\\\/uploads\\\/sites\\\/12\\\/2022\\\/02\\\/Buy-Lemon-Skunk.jpg\",\"contentUrl\":\"https:\\\/\\\/medicinasinc.com\\\/fi\\\/wp-content\\\/uploads\\\/sites\\\/12\\\/2022\\\/02\\\/Buy-Lemon-Skunk.jpg\",\"width\":2403,\"height\":2403},{\"@type\":\"BreadcrumbList\",\"@id\":\"https:\\\/\\\/medicinasinc.com\\\/fi\\\/product\\\/osta-sitruuna-haippu\\\/#breadcrumb\",\"itemListElement\":[{\"@type\":\"ListItem\",\"position\":1,\"name\":\"Myym\u00e4l\u00e4\",\"item\":\"https:\\\/\\\/medicinasinc.com\\\/fi\\\/myymala\\\/\"},{\"@type\":\"ListItem\",\"position\":2,\"name\":\"Osta Lemon Skunk\"}]},{\"@type\":\"WebSite\",\"@id\":\"https:\\\/\\\/medicinasinc.com\\\/fi\\\/#website\",\"url\":\"https:\\\/\\\/medicinasinc.com\\\/fi\\\/\",\"name\":\"Medicinas Inc\",\"description\":\"Health Medical Clinic\",\"potentialAction\":[{\"@type\":\"SearchAction\",\"target\":{\"@type\":\"EntryPoint\",\"urlTemplate\":\"https:\\\/\\\/medicinasinc.com\\\/fi\\\/?s={search_term_string}\"},\"query-input\":{\"@type\":\"PropertyValueSpecification\",\"valueRequired\":true,\"valueName\":\"search_term_string\"}}],\"inLanguage\":\"en-US\"}]}<\/script>\n<!-- \/ Yoast SEO plugin. -->","yoast_head_json":{"title":"Osta Lemon Skunk - parhaat maailmanlaajuiset l\u00e4\u00e4kkeet","description":"Osta Lemon Skunk Weed verkosta. Lemon Kush on risteytys btw Master Kush ja Lemon Joy, sill\u00e4 on matala tai keskisato. Suositellaan potilaille, joilla on HIV\/AIDS, glaukooma, Parkinsonin tauti, ahdistuneisuus, krooninen kipu\u2026","robots":{"index":"index","follow":"follow","max-snippet":"max-snippet:-1","max-image-preview":"max-image-preview:large","max-video-preview":"max-video-preview:-1"},"canonical":"https:\/\/medicinasinc.com\/fi\/product\/osta-sitruuna-haippu\/","og_locale":"en_US","og_type":"article","og_title":"Osta Lemon Skunk - parhaat maailmanlaajuiset l\u00e4\u00e4kkeet","og_description":"Osta Lemon Skunk Weed verkosta. Lemon Kush on risteytys btw Master Kush ja Lemon Joy, sill\u00e4 on matala tai keskisato. Suositellaan potilaille, joilla on HIV\/AIDS, glaukooma, Parkinsonin tauti, ahdistuneisuus, krooninen kipu\u2026","og_url":"https:\/\/medicinasinc.com\/fi\/product\/osta-sitruuna-haippu\/","og_site_name":"Medicinas Inc","article_modified_time":"2022-03-22T01:10:11+00:00","og_image":[{"width":2403,"height":2403,"url":"https:\/\/medicinasinc.com\/fi\/wp-content\/uploads\/sites\/12\/2022\/02\/Buy-Lemon-Skunk.jpg","type":"image\/jpeg"}],"twitter_card":"summary_large_image","twitter_misc":{"Est. reading time":"1 minute"},"schema":{"@context":"https:\/\/schema.org","@graph":[{"@type":"WebPage","@id":"https:\/\/medicinasinc.com\/fi\/product\/osta-sitruuna-haippu\/","url":"https:\/\/medicinasinc.com\/fi\/product\/osta-sitruuna-haippu\/","name":"Osta Lemon Skunk - parhaat maailmanlaajuiset l\u00e4\u00e4kkeet","isPartOf":{"@id":"https:\/\/medicinasinc.com\/fi\/#website"},"primaryImageOfPage":{"@id":"https:\/\/medicinasinc.com\/fi\/product\/osta-sitruuna-haippu\/#primaryimage"},"image":{"@id":"https:\/\/medicinasinc.com\/fi\/product\/osta-sitruuna-haippu\/#primaryimage"},"thumbnailUrl":"https:\/\/medicinasinc.com\/fi\/wp-content\/uploads\/sites\/12\/2022\/02\/Buy-Lemon-Skunk.jpg","datePublished":"2022-02-20T18:53:00+00:00","dateModified":"2022-03-22T01:10:11+00:00","description":"Osta Lemon Skunk Weed verkosta. Lemon Kush on risteytys btw Master Kush ja Lemon Joy, sill\u00e4 on matala tai keskisato. Suositellaan potilaille, joilla on HIV\/AIDS, glaukooma, Parkinsonin tauti, ahdistuneisuus, krooninen kipu\u2026","breadcrumb":{"@id":"https:\/\/medicinasinc.com\/fi\/product\/osta-sitruuna-haippu\/#breadcrumb"},"inLanguage":"en-US","potentialAction":[{"@type":"ReadAction","target":["https:\/\/medicinasinc.com\/fi\/product\/osta-sitruuna-haippu\/"]}]},{"@type":"ImageObject","inLanguage":"en-US","@id":"https:\/\/medicinasinc.com\/fi\/product\/osta-sitruuna-haippu\/#primaryimage","url":"https:\/\/medicinasinc.com\/fi\/wp-content\/uploads\/sites\/12\/2022\/02\/Buy-Lemon-Skunk.jpg","contentUrl":"https:\/\/medicinasinc.com\/fi\/wp-content\/uploads\/sites\/12\/2022\/02\/Buy-Lemon-Skunk.jpg","width":2403,"height":2403},{"@type":"BreadcrumbList","@id":"https:\/\/medicinasinc.com\/fi\/product\/osta-sitruuna-haippu\/#breadcrumb","itemListElement":[{"@type":"ListItem","position":1,"name":"Myym\u00e4l\u00e4","item":"https:\/\/medicinasinc.com\/fi\/myymala\/"},{"@type":"ListItem","position":2,"name":"Osta Lemon Skunk"}]},{"@type":"WebSite","@id":"https:\/\/medicinasinc.com\/fi\/#website","url":"https:\/\/medicinasinc.com\/fi\/","name":"Medicinas Inc","description":"Health Medical Clinic","potentialAction":[{"@type":"SearchAction","target":{"@type":"EntryPoint","urlTemplate":"https:\/\/medicinasinc.com\/fi\/?s={search_term_string}"},"query-input":{"@type":"PropertyValueSpecification","valueRequired":true,"valueName":"search_term_string"}}],"inLanguage":"en-US"}]}},"_links":{"self":[{"href":"https:\/\/medicinasinc.com\/fi\/wp-json\/wp\/v2\/product\/4996","targetHints":{"allow":["GET"]}}],"collection":[{"href":"https:\/\/medicinasinc.com\/fi\/wp-json\/wp\/v2\/product"}],"about":[{"href":"https:\/\/medicinasinc.com\/fi\/wp-json\/wp\/v2\/types\/product"}],"replies":[{"embeddable":true,"href":"https:\/\/medicinasinc.com\/fi\/wp-json\/wp\/v2\/comments?post=4996"}],"wp:featuredmedia":[{"embeddable":true,"href":"https:\/\/medicinasinc.com\/fi\/wp-json\/wp\/v2\/media\/5013"}],"wp:attachment":[{"href":"https:\/\/medicinasinc.com\/fi\/wp-json\/wp\/v2\/media?parent=4996"}],"wp:term":[{"taxonomy":"product_brand","embeddable":true,"href":"https:\/\/medicinasinc.com\/fi\/wp-json\/wp\/v2\/product_brand?post=4996"},{"taxonomy":"product_cat","embeddable":true,"href":"https:\/\/medicinasinc.com\/fi\/wp-json\/wp\/v2\/product_cat?post=4996"},{"taxonomy":"product_tag","embeddable":true,"href":"https:\/\/medicinasinc.com\/fi\/wp-json\/wp\/v2\/product_tag?post=4996"}],"curies":[{"name":"wp","href":"https:\/\/api.w.org\/{rel}","templated":true}]}}