{"id":4995,"date":"2022-02-20T18:51:43","date_gmt":"2022-02-20T18:51:43","guid":{"rendered":"https:\/\/medicinasinc.com\/fi\/?post_type=product&#038;p=4995"},"modified":"2022-03-22T01:10:20","modified_gmt":"2022-03-22T01:10:20","slug":"osta-sitruuna-ja-marihuana","status":"publish","type":"product","link":"https:\/\/medicinasinc.com\/fi\/product\/osta-sitruuna-ja-marihuana\/","title":{"rendered":"Osta Lemon OG Marihuana"},"content":{"rendered":"<p>Lemon OG -marihuanan kanta myyt\u00e4v\u00e4n\u00e4 verkossa.<\/p>\n<p>Lemon OG -marihuanan kanta myyt\u00e4v\u00e4n\u00e4 verkossa.<\/p>\n<p>Luovia, energisoivia, keskittyvi\u00e4, iloisia ja rentouttavia vaikutuksia<br \/> Mahdollisesti lievitt\u00e4\u00e4 Krooninen kipu, unettomuus, ruokahaluttomuus ja stressi Makuja<br \/> Sitruunainen, kirpe\u00e4<br \/> Aromit<br \/> Sitrusmainen, maanl\u00e4heinen, sitruunamainen, pist\u00e4v\u00e4 ja kirpe\u00e4<\/p>\n","protected":false},"excerpt":{"rendered":"<p>Osta Lemon OG -marihuanaa (AA) Euroopassa, Yhdistyneess\u00e4 kuningaskunnassa ja Kanadassa maailman suurimmasta online-apteekista, Osta My Weed Online -kaupasta.<\/p>\n<p>Lemon OG Marijuana Strain myyt\u00e4v\u00e4n\u00e4 verkossa. <\/p>\n<p>Osta verkosta sitruuna- ja marihuanakantaa. Hybridi &#8211; 50 % Sativa\/50 % Indica THC-pitoisuus indica: 22 %, CBN-pitoisuus indica: 1 %<\/p>\n","protected":false},"featured_media":5007,"comment_status":"open","ping_status":"closed","template":"","meta":[],"product_brand":[],"product_cat":[778],"product_tag":[924,925,926,929,930,931,927,928],"class_list":{"0":"post-4995","1":"product","2":"type-product","3":"status-publish","4":"has-post-thumbnail","6":"product_cat-ruohoa-myytvn","7":"product_tag-bruce-lemon-diesel","8":"product_tag-female-seeds-lemon-kush","9":"product_tag-kush-seedsman","10":"product_tag-lemon-og-strain-allbud","11":"product_tag-lemon-zkittle-dutch-passion","12":"product_tag-lynti-ja","13":"product_tag-sitruuna-kush-myynniss","14":"product_tag-sitruuna-ja-lehti","16":"first","17":"instock","18":"shipping-taxable","19":"purchasable","20":"product-type-variable"},"yoast_head":"<!-- This site is optimized with the Yoast SEO plugin v27.3 - https:\/\/yoast.com\/product\/yoast-seo-wordpress\/ -->\n<title>Osta Lemon OG Marihuana Strain Online - Parhaat maailmanlaajuiset l\u00e4\u00e4kkeet<\/title>\n<meta name=\"description\" content=\"Osta Lemon OG -marihuanaa\u00a0(AA) myyt\u00e4v\u00e4ksi Euroopassa, Isossa-Britanniassa ja Kanadassa suurimmasta online-apteekista, Osta My Weed Online.\" \/>\n<meta name=\"robots\" content=\"index, follow, max-snippet:-1, max-image-preview:large, max-video-preview:-1\" \/>\n<link rel=\"canonical\" href=\"https:\/\/medicinasinc.com\/fi\/product\/osta-sitruuna-ja-marihuana\/\" \/>\n<meta property=\"og:locale\" content=\"en_US\" \/>\n<meta property=\"og:type\" content=\"article\" \/>\n<meta property=\"og:title\" content=\"Osta Lemon OG Marihuana Strain Online - Parhaat maailmanlaajuiset l\u00e4\u00e4kkeet\" \/>\n<meta property=\"og:description\" content=\"Osta Lemon OG -marihuanaa\u00a0(AA) myyt\u00e4v\u00e4ksi Euroopassa, Isossa-Britanniassa ja Kanadassa suurimmasta online-apteekista, Osta My Weed Online.\" \/>\n<meta property=\"og:url\" content=\"https:\/\/medicinasinc.com\/fi\/product\/osta-sitruuna-ja-marihuana\/\" \/>\n<meta property=\"og:site_name\" content=\"Medicinas Inc\" \/>\n<meta property=\"article:modified_time\" content=\"2022-03-22T01:10:20+00:00\" \/>\n<meta property=\"og:image\" content=\"https:\/\/medicinasinc.com\/fi\/wp-content\/uploads\/sites\/12\/2022\/02\/Buy-Lemon-OG.jpg\" \/>\n\t<meta property=\"og:image:width\" content=\"2000\" \/>\n\t<meta property=\"og:image:height\" content=\"2000\" \/>\n\t<meta property=\"og:image:type\" content=\"image\/jpeg\" \/>\n<meta name=\"twitter:card\" content=\"summary_large_image\" \/>\n<meta name=\"twitter:label1\" content=\"Est. reading time\" \/>\n\t<meta name=\"twitter:data1\" content=\"1 minute\" \/>\n<script type=\"application\/ld+json\" class=\"yoast-schema-graph\">{\"@context\":\"https:\\\/\\\/schema.org\",\"@graph\":[{\"@type\":\"WebPage\",\"@id\":\"https:\\\/\\\/medicinasinc.com\\\/fi\\\/product\\\/osta-sitruuna-ja-marihuana\\\/\",\"url\":\"https:\\\/\\\/medicinasinc.com\\\/fi\\\/product\\\/osta-sitruuna-ja-marihuana\\\/\",\"name\":\"Osta Lemon OG Marihuana Strain Online - Parhaat maailmanlaajuiset l\u00e4\u00e4kkeet\",\"isPartOf\":{\"@id\":\"https:\\\/\\\/medicinasinc.com\\\/fi\\\/#website\"},\"primaryImageOfPage\":{\"@id\":\"https:\\\/\\\/medicinasinc.com\\\/fi\\\/product\\\/osta-sitruuna-ja-marihuana\\\/#primaryimage\"},\"image\":{\"@id\":\"https:\\\/\\\/medicinasinc.com\\\/fi\\\/product\\\/osta-sitruuna-ja-marihuana\\\/#primaryimage\"},\"thumbnailUrl\":\"https:\\\/\\\/medicinasinc.com\\\/fi\\\/wp-content\\\/uploads\\\/sites\\\/12\\\/2022\\\/02\\\/Buy-Lemon-OG.jpg\",\"datePublished\":\"2022-02-20T18:51:43+00:00\",\"dateModified\":\"2022-03-22T01:10:20+00:00\",\"description\":\"Osta Lemon OG -marihuanaa\u00a0(AA) myyt\u00e4v\u00e4ksi Euroopassa, Isossa-Britanniassa ja Kanadassa suurimmasta online-apteekista, Osta My Weed Online.\",\"breadcrumb\":{\"@id\":\"https:\\\/\\\/medicinasinc.com\\\/fi\\\/product\\\/osta-sitruuna-ja-marihuana\\\/#breadcrumb\"},\"inLanguage\":\"en-US\",\"potentialAction\":[{\"@type\":\"ReadAction\",\"target\":[\"https:\\\/\\\/medicinasinc.com\\\/fi\\\/product\\\/osta-sitruuna-ja-marihuana\\\/\"]}]},{\"@type\":\"ImageObject\",\"inLanguage\":\"en-US\",\"@id\":\"https:\\\/\\\/medicinasinc.com\\\/fi\\\/product\\\/osta-sitruuna-ja-marihuana\\\/#primaryimage\",\"url\":\"https:\\\/\\\/medicinasinc.com\\\/fi\\\/wp-content\\\/uploads\\\/sites\\\/12\\\/2022\\\/02\\\/Buy-Lemon-OG.jpg\",\"contentUrl\":\"https:\\\/\\\/medicinasinc.com\\\/fi\\\/wp-content\\\/uploads\\\/sites\\\/12\\\/2022\\\/02\\\/Buy-Lemon-OG.jpg\",\"width\":2000,\"height\":2000},{\"@type\":\"BreadcrumbList\",\"@id\":\"https:\\\/\\\/medicinasinc.com\\\/fi\\\/product\\\/osta-sitruuna-ja-marihuana\\\/#breadcrumb\",\"itemListElement\":[{\"@type\":\"ListItem\",\"position\":1,\"name\":\"Myym\u00e4l\u00e4\",\"item\":\"https:\\\/\\\/medicinasinc.com\\\/fi\\\/myymala\\\/\"},{\"@type\":\"ListItem\",\"position\":2,\"name\":\"Osta Lemon OG Marihuana\"}]},{\"@type\":\"WebSite\",\"@id\":\"https:\\\/\\\/medicinasinc.com\\\/fi\\\/#website\",\"url\":\"https:\\\/\\\/medicinasinc.com\\\/fi\\\/\",\"name\":\"Medicinas Inc\",\"description\":\"Health Medical Clinic\",\"potentialAction\":[{\"@type\":\"SearchAction\",\"target\":{\"@type\":\"EntryPoint\",\"urlTemplate\":\"https:\\\/\\\/medicinasinc.com\\\/fi\\\/?s={search_term_string}\"},\"query-input\":{\"@type\":\"PropertyValueSpecification\",\"valueRequired\":true,\"valueName\":\"search_term_string\"}}],\"inLanguage\":\"en-US\"}]}<\/script>\n<!-- \/ Yoast SEO plugin. -->","yoast_head_json":{"title":"Osta Lemon OG Marihuana Strain Online - Parhaat maailmanlaajuiset l\u00e4\u00e4kkeet","description":"Osta Lemon OG -marihuanaa\u00a0(AA) myyt\u00e4v\u00e4ksi Euroopassa, Isossa-Britanniassa ja Kanadassa suurimmasta online-apteekista, Osta My Weed Online.","robots":{"index":"index","follow":"follow","max-snippet":"max-snippet:-1","max-image-preview":"max-image-preview:large","max-video-preview":"max-video-preview:-1"},"canonical":"https:\/\/medicinasinc.com\/fi\/product\/osta-sitruuna-ja-marihuana\/","og_locale":"en_US","og_type":"article","og_title":"Osta Lemon OG Marihuana Strain Online - Parhaat maailmanlaajuiset l\u00e4\u00e4kkeet","og_description":"Osta Lemon OG -marihuanaa\u00a0(AA) myyt\u00e4v\u00e4ksi Euroopassa, Isossa-Britanniassa ja Kanadassa suurimmasta online-apteekista, Osta My Weed Online.","og_url":"https:\/\/medicinasinc.com\/fi\/product\/osta-sitruuna-ja-marihuana\/","og_site_name":"Medicinas Inc","article_modified_time":"2022-03-22T01:10:20+00:00","og_image":[{"width":2000,"height":2000,"url":"https:\/\/medicinasinc.com\/fi\/wp-content\/uploads\/sites\/12\/2022\/02\/Buy-Lemon-OG.jpg","type":"image\/jpeg"}],"twitter_card":"summary_large_image","twitter_misc":{"Est. reading time":"1 minute"},"schema":{"@context":"https:\/\/schema.org","@graph":[{"@type":"WebPage","@id":"https:\/\/medicinasinc.com\/fi\/product\/osta-sitruuna-ja-marihuana\/","url":"https:\/\/medicinasinc.com\/fi\/product\/osta-sitruuna-ja-marihuana\/","name":"Osta Lemon OG Marihuana Strain Online - Parhaat maailmanlaajuiset l\u00e4\u00e4kkeet","isPartOf":{"@id":"https:\/\/medicinasinc.com\/fi\/#website"},"primaryImageOfPage":{"@id":"https:\/\/medicinasinc.com\/fi\/product\/osta-sitruuna-ja-marihuana\/#primaryimage"},"image":{"@id":"https:\/\/medicinasinc.com\/fi\/product\/osta-sitruuna-ja-marihuana\/#primaryimage"},"thumbnailUrl":"https:\/\/medicinasinc.com\/fi\/wp-content\/uploads\/sites\/12\/2022\/02\/Buy-Lemon-OG.jpg","datePublished":"2022-02-20T18:51:43+00:00","dateModified":"2022-03-22T01:10:20+00:00","description":"Osta Lemon OG -marihuanaa\u00a0(AA) myyt\u00e4v\u00e4ksi Euroopassa, Isossa-Britanniassa ja Kanadassa suurimmasta online-apteekista, Osta My Weed Online.","breadcrumb":{"@id":"https:\/\/medicinasinc.com\/fi\/product\/osta-sitruuna-ja-marihuana\/#breadcrumb"},"inLanguage":"en-US","potentialAction":[{"@type":"ReadAction","target":["https:\/\/medicinasinc.com\/fi\/product\/osta-sitruuna-ja-marihuana\/"]}]},{"@type":"ImageObject","inLanguage":"en-US","@id":"https:\/\/medicinasinc.com\/fi\/product\/osta-sitruuna-ja-marihuana\/#primaryimage","url":"https:\/\/medicinasinc.com\/fi\/wp-content\/uploads\/sites\/12\/2022\/02\/Buy-Lemon-OG.jpg","contentUrl":"https:\/\/medicinasinc.com\/fi\/wp-content\/uploads\/sites\/12\/2022\/02\/Buy-Lemon-OG.jpg","width":2000,"height":2000},{"@type":"BreadcrumbList","@id":"https:\/\/medicinasinc.com\/fi\/product\/osta-sitruuna-ja-marihuana\/#breadcrumb","itemListElement":[{"@type":"ListItem","position":1,"name":"Myym\u00e4l\u00e4","item":"https:\/\/medicinasinc.com\/fi\/myymala\/"},{"@type":"ListItem","position":2,"name":"Osta Lemon OG Marihuana"}]},{"@type":"WebSite","@id":"https:\/\/medicinasinc.com\/fi\/#website","url":"https:\/\/medicinasinc.com\/fi\/","name":"Medicinas Inc","description":"Health Medical Clinic","potentialAction":[{"@type":"SearchAction","target":{"@type":"EntryPoint","urlTemplate":"https:\/\/medicinasinc.com\/fi\/?s={search_term_string}"},"query-input":{"@type":"PropertyValueSpecification","valueRequired":true,"valueName":"search_term_string"}}],"inLanguage":"en-US"}]}},"_links":{"self":[{"href":"https:\/\/medicinasinc.com\/fi\/wp-json\/wp\/v2\/product\/4995","targetHints":{"allow":["GET"]}}],"collection":[{"href":"https:\/\/medicinasinc.com\/fi\/wp-json\/wp\/v2\/product"}],"about":[{"href":"https:\/\/medicinasinc.com\/fi\/wp-json\/wp\/v2\/types\/product"}],"replies":[{"embeddable":true,"href":"https:\/\/medicinasinc.com\/fi\/wp-json\/wp\/v2\/comments?post=4995"}],"wp:featuredmedia":[{"embeddable":true,"href":"https:\/\/medicinasinc.com\/fi\/wp-json\/wp\/v2\/media\/5007"}],"wp:attachment":[{"href":"https:\/\/medicinasinc.com\/fi\/wp-json\/wp\/v2\/media?parent=4995"}],"wp:term":[{"taxonomy":"product_brand","embeddable":true,"href":"https:\/\/medicinasinc.com\/fi\/wp-json\/wp\/v2\/product_brand?post=4995"},{"taxonomy":"product_cat","embeddable":true,"href":"https:\/\/medicinasinc.com\/fi\/wp-json\/wp\/v2\/product_cat?post=4995"},{"taxonomy":"product_tag","embeddable":true,"href":"https:\/\/medicinasinc.com\/fi\/wp-json\/wp\/v2\/product_tag?post=4995"}],"curies":[{"name":"wp","href":"https:\/\/api.w.org\/{rel}","templated":true}]}}