{"id":4971,"date":"2022-02-20T18:31:57","date_gmt":"2022-02-20T18:31:57","guid":{"rendered":"https:\/\/medicinasinc.com\/fi\/?post_type=product&#038;p=4971"},"modified":"2022-03-22T01:10:29","modified_gmt":"2022-03-22T01:10:29","slug":"osta-khalifa-kush","status":"publish","type":"product","link":"https:\/\/medicinasinc.com\/fi\/product\/osta-khalifa-kush\/","title":{"rendered":"Osta Khalifa Kush"},"content":{"rendered":"<p>Khalifa Kush -marihuanan osto verkossa.<\/p>\n<p>Khalifa Kush -marihuanan osto verkossa.<\/p>\n<p>Aivot, luovat, euforiset ja rentouttavat tehosteet<br \/> Voivat auttaa helpottamaan Niveltulehdus, krooninen kipu, masennus, v\u00e4symys, p\u00e4\u00e4ns\u00e4rky, ruokahaluttomuus, migreeni, pahoinvointi, PTSD ja stressimaku<br \/> sitruuna, sitrushedelm\u00e4, m\u00e4nty ja makea<\/p>\n","protected":false},"excerpt":{"rendered":"<p>Khalifa Kushin verkko-ostos Khalifa Kush myyt\u00e4v\u00e4n\u00e4 verkossa Top Medical Khalifa -kannabis myyt\u00e4v\u00e4n\u00e4 naapurustossani Osta l\u00e4\u00e4kekannabista verkosta.<\/p>\n<p>Mit\u00e4 sinun tulee tiet\u00e4\u00e4 ennen Wiz Khalifa OG:n ostamista? Wiz Khalifa OG, joka tunnetaan usein nimell\u00e4 Khalifa Kush, on kannabiksen hybridikanta. Osta verkosta!<\/p>\n<p>Khalifa kushin maku ja aromi ovat sitrushedelmi\u00e4 ja m\u00e4nty\u00e4. L\u00e4\u00e4ketieteellisesti k\u00e4ytettyn\u00e4 khalifa kush voi olla tehokas v\u00e4symykseen, j\u00e4nnitykseen, ahdistukseen ja masennukseen, kun taas korkea CBD-pitoisuus on erinomainen vakavampiin sairauksiin. Khalifa kushin THC-pitoisuus vaihtelee 15 %:n ja 29 %:n v\u00e4lill\u00e4.<\/p>\n<p>OG Hybrid Genetics Sitruuna x Maanl\u00e4heinen x Pine Kush Onnellisuus \u00d7 Euforia x Rentoutuminen x Luovuus x Kohottava<\/p>\n<p>Khalifan verkko-ostos Kush-marihuana.<\/p>\n<p>Vallitseva hybridi &#8211; 80 % Indica \/ 20 % Sativa THC: 24\u201326 %<\/p>\n","protected":false},"featured_media":4985,"comment_status":"open","ping_status":"closed","template":"","meta":[],"product_brand":[],"product_cat":[778],"product_tag":[],"class_list":{"0":"post-4971","1":"product","2":"type-product","3":"status-publish","4":"has-post-thumbnail","6":"product_cat-ruohoa-myytvn","8":"first","9":"instock","10":"shipping-taxable","11":"purchasable","12":"product-type-variable","13":"has-default-attributes"},"yoast_head":"<!-- This site is optimized with the Yoast SEO plugin v27.3 - https:\/\/yoast.com\/product\/yoast-seo-wordpress\/ -->\n<title>Osta Khalifa Kush -marihuanaa verkosta - parhaat maailmanlaajuiset l\u00e4\u00e4kkeet<\/title>\n<meta name=\"description\" content=\"Osta Khalifa Kush verkossa Khalifa Kush myyt\u00e4v\u00e4n\u00e4 verkossa Top Medical Khalifa Cannabis myyt\u00e4v\u00e4n\u00e4 l\u00e4hell\u00e4ni Osta Medical Cannabis Online Osta Medical Marihuana verkossa.\" \/>\n<meta name=\"robots\" content=\"index, follow, max-snippet:-1, max-image-preview:large, max-video-preview:-1\" \/>\n<link rel=\"canonical\" href=\"https:\/\/medicinasinc.com\/fi\/product\/osta-khalifa-kush\/\" \/>\n<meta property=\"og:locale\" content=\"en_US\" \/>\n<meta property=\"og:type\" content=\"article\" \/>\n<meta property=\"og:title\" content=\"Osta Khalifa Kush -marihuanaa verkosta - parhaat maailmanlaajuiset l\u00e4\u00e4kkeet\" \/>\n<meta property=\"og:description\" content=\"Osta Khalifa Kush verkossa Khalifa Kush myyt\u00e4v\u00e4n\u00e4 verkossa Top Medical Khalifa Cannabis myyt\u00e4v\u00e4n\u00e4 l\u00e4hell\u00e4ni Osta Medical Cannabis Online Osta Medical Marihuana verkossa.\" \/>\n<meta property=\"og:url\" content=\"https:\/\/medicinasinc.com\/fi\/product\/osta-khalifa-kush\/\" \/>\n<meta property=\"og:site_name\" content=\"Medicinas Inc\" \/>\n<meta property=\"article:modified_time\" content=\"2022-03-22T01:10:29+00:00\" \/>\n<meta property=\"og:image\" content=\"https:\/\/medicinasinc.com\/fi\/wp-content\/uploads\/sites\/12\/2022\/02\/Buy-Khalifa-Kush.jpeg\" \/>\n\t<meta property=\"og:image:width\" content=\"1141\" \/>\n\t<meta property=\"og:image:height\" content=\"1064\" \/>\n\t<meta property=\"og:image:type\" content=\"image\/jpeg\" \/>\n<meta name=\"twitter:card\" content=\"summary_large_image\" \/>\n<meta name=\"twitter:label1\" content=\"Est. reading time\" \/>\n\t<meta name=\"twitter:data1\" content=\"1 minute\" \/>\n<script type=\"application\/ld+json\" class=\"yoast-schema-graph\">{\"@context\":\"https:\\\/\\\/schema.org\",\"@graph\":[{\"@type\":\"WebPage\",\"@id\":\"https:\\\/\\\/medicinasinc.com\\\/fi\\\/product\\\/osta-khalifa-kush\\\/\",\"url\":\"https:\\\/\\\/medicinasinc.com\\\/fi\\\/product\\\/osta-khalifa-kush\\\/\",\"name\":\"Osta Khalifa Kush -marihuanaa verkosta - parhaat maailmanlaajuiset l\u00e4\u00e4kkeet\",\"isPartOf\":{\"@id\":\"https:\\\/\\\/medicinasinc.com\\\/fi\\\/#website\"},\"primaryImageOfPage\":{\"@id\":\"https:\\\/\\\/medicinasinc.com\\\/fi\\\/product\\\/osta-khalifa-kush\\\/#primaryimage\"},\"image\":{\"@id\":\"https:\\\/\\\/medicinasinc.com\\\/fi\\\/product\\\/osta-khalifa-kush\\\/#primaryimage\"},\"thumbnailUrl\":\"https:\\\/\\\/medicinasinc.com\\\/fi\\\/wp-content\\\/uploads\\\/sites\\\/12\\\/2022\\\/02\\\/Buy-Khalifa-Kush.jpeg\",\"datePublished\":\"2022-02-20T18:31:57+00:00\",\"dateModified\":\"2022-03-22T01:10:29+00:00\",\"description\":\"Osta Khalifa Kush verkossa Khalifa Kush myyt\u00e4v\u00e4n\u00e4 verkossa Top Medical Khalifa Cannabis myyt\u00e4v\u00e4n\u00e4 l\u00e4hell\u00e4ni Osta Medical Cannabis Online Osta Medical Marihuana verkossa.\",\"breadcrumb\":{\"@id\":\"https:\\\/\\\/medicinasinc.com\\\/fi\\\/product\\\/osta-khalifa-kush\\\/#breadcrumb\"},\"inLanguage\":\"en-US\",\"potentialAction\":[{\"@type\":\"ReadAction\",\"target\":[\"https:\\\/\\\/medicinasinc.com\\\/fi\\\/product\\\/osta-khalifa-kush\\\/\"]}]},{\"@type\":\"ImageObject\",\"inLanguage\":\"en-US\",\"@id\":\"https:\\\/\\\/medicinasinc.com\\\/fi\\\/product\\\/osta-khalifa-kush\\\/#primaryimage\",\"url\":\"https:\\\/\\\/medicinasinc.com\\\/fi\\\/wp-content\\\/uploads\\\/sites\\\/12\\\/2022\\\/02\\\/Buy-Khalifa-Kush.jpeg\",\"contentUrl\":\"https:\\\/\\\/medicinasinc.com\\\/fi\\\/wp-content\\\/uploads\\\/sites\\\/12\\\/2022\\\/02\\\/Buy-Khalifa-Kush.jpeg\",\"width\":1141,\"height\":1064},{\"@type\":\"BreadcrumbList\",\"@id\":\"https:\\\/\\\/medicinasinc.com\\\/fi\\\/product\\\/osta-khalifa-kush\\\/#breadcrumb\",\"itemListElement\":[{\"@type\":\"ListItem\",\"position\":1,\"name\":\"Myym\u00e4l\u00e4\",\"item\":\"https:\\\/\\\/medicinasinc.com\\\/fi\\\/myymala\\\/\"},{\"@type\":\"ListItem\",\"position\":2,\"name\":\"Osta Khalifa Kush\"}]},{\"@type\":\"WebSite\",\"@id\":\"https:\\\/\\\/medicinasinc.com\\\/fi\\\/#website\",\"url\":\"https:\\\/\\\/medicinasinc.com\\\/fi\\\/\",\"name\":\"Medicinas Inc\",\"description\":\"Health Medical Clinic\",\"potentialAction\":[{\"@type\":\"SearchAction\",\"target\":{\"@type\":\"EntryPoint\",\"urlTemplate\":\"https:\\\/\\\/medicinasinc.com\\\/fi\\\/?s={search_term_string}\"},\"query-input\":{\"@type\":\"PropertyValueSpecification\",\"valueRequired\":true,\"valueName\":\"search_term_string\"}}],\"inLanguage\":\"en-US\"}]}<\/script>\n<!-- \/ Yoast SEO plugin. -->","yoast_head_json":{"title":"Osta Khalifa Kush -marihuanaa verkosta - parhaat maailmanlaajuiset l\u00e4\u00e4kkeet","description":"Osta Khalifa Kush verkossa Khalifa Kush myyt\u00e4v\u00e4n\u00e4 verkossa Top Medical Khalifa Cannabis myyt\u00e4v\u00e4n\u00e4 l\u00e4hell\u00e4ni Osta Medical Cannabis Online Osta Medical Marihuana verkossa.","robots":{"index":"index","follow":"follow","max-snippet":"max-snippet:-1","max-image-preview":"max-image-preview:large","max-video-preview":"max-video-preview:-1"},"canonical":"https:\/\/medicinasinc.com\/fi\/product\/osta-khalifa-kush\/","og_locale":"en_US","og_type":"article","og_title":"Osta Khalifa Kush -marihuanaa verkosta - parhaat maailmanlaajuiset l\u00e4\u00e4kkeet","og_description":"Osta Khalifa Kush verkossa Khalifa Kush myyt\u00e4v\u00e4n\u00e4 verkossa Top Medical Khalifa Cannabis myyt\u00e4v\u00e4n\u00e4 l\u00e4hell\u00e4ni Osta Medical Cannabis Online Osta Medical Marihuana verkossa.","og_url":"https:\/\/medicinasinc.com\/fi\/product\/osta-khalifa-kush\/","og_site_name":"Medicinas Inc","article_modified_time":"2022-03-22T01:10:29+00:00","og_image":[{"width":1141,"height":1064,"url":"https:\/\/medicinasinc.com\/fi\/wp-content\/uploads\/sites\/12\/2022\/02\/Buy-Khalifa-Kush.jpeg","type":"image\/jpeg"}],"twitter_card":"summary_large_image","twitter_misc":{"Est. reading time":"1 minute"},"schema":{"@context":"https:\/\/schema.org","@graph":[{"@type":"WebPage","@id":"https:\/\/medicinasinc.com\/fi\/product\/osta-khalifa-kush\/","url":"https:\/\/medicinasinc.com\/fi\/product\/osta-khalifa-kush\/","name":"Osta Khalifa Kush -marihuanaa verkosta - parhaat maailmanlaajuiset l\u00e4\u00e4kkeet","isPartOf":{"@id":"https:\/\/medicinasinc.com\/fi\/#website"},"primaryImageOfPage":{"@id":"https:\/\/medicinasinc.com\/fi\/product\/osta-khalifa-kush\/#primaryimage"},"image":{"@id":"https:\/\/medicinasinc.com\/fi\/product\/osta-khalifa-kush\/#primaryimage"},"thumbnailUrl":"https:\/\/medicinasinc.com\/fi\/wp-content\/uploads\/sites\/12\/2022\/02\/Buy-Khalifa-Kush.jpeg","datePublished":"2022-02-20T18:31:57+00:00","dateModified":"2022-03-22T01:10:29+00:00","description":"Osta Khalifa Kush verkossa Khalifa Kush myyt\u00e4v\u00e4n\u00e4 verkossa Top Medical Khalifa Cannabis myyt\u00e4v\u00e4n\u00e4 l\u00e4hell\u00e4ni Osta Medical Cannabis Online Osta Medical Marihuana verkossa.","breadcrumb":{"@id":"https:\/\/medicinasinc.com\/fi\/product\/osta-khalifa-kush\/#breadcrumb"},"inLanguage":"en-US","potentialAction":[{"@type":"ReadAction","target":["https:\/\/medicinasinc.com\/fi\/product\/osta-khalifa-kush\/"]}]},{"@type":"ImageObject","inLanguage":"en-US","@id":"https:\/\/medicinasinc.com\/fi\/product\/osta-khalifa-kush\/#primaryimage","url":"https:\/\/medicinasinc.com\/fi\/wp-content\/uploads\/sites\/12\/2022\/02\/Buy-Khalifa-Kush.jpeg","contentUrl":"https:\/\/medicinasinc.com\/fi\/wp-content\/uploads\/sites\/12\/2022\/02\/Buy-Khalifa-Kush.jpeg","width":1141,"height":1064},{"@type":"BreadcrumbList","@id":"https:\/\/medicinasinc.com\/fi\/product\/osta-khalifa-kush\/#breadcrumb","itemListElement":[{"@type":"ListItem","position":1,"name":"Myym\u00e4l\u00e4","item":"https:\/\/medicinasinc.com\/fi\/myymala\/"},{"@type":"ListItem","position":2,"name":"Osta Khalifa Kush"}]},{"@type":"WebSite","@id":"https:\/\/medicinasinc.com\/fi\/#website","url":"https:\/\/medicinasinc.com\/fi\/","name":"Medicinas Inc","description":"Health Medical Clinic","potentialAction":[{"@type":"SearchAction","target":{"@type":"EntryPoint","urlTemplate":"https:\/\/medicinasinc.com\/fi\/?s={search_term_string}"},"query-input":{"@type":"PropertyValueSpecification","valueRequired":true,"valueName":"search_term_string"}}],"inLanguage":"en-US"}]}},"_links":{"self":[{"href":"https:\/\/medicinasinc.com\/fi\/wp-json\/wp\/v2\/product\/4971","targetHints":{"allow":["GET"]}}],"collection":[{"href":"https:\/\/medicinasinc.com\/fi\/wp-json\/wp\/v2\/product"}],"about":[{"href":"https:\/\/medicinasinc.com\/fi\/wp-json\/wp\/v2\/types\/product"}],"replies":[{"embeddable":true,"href":"https:\/\/medicinasinc.com\/fi\/wp-json\/wp\/v2\/comments?post=4971"}],"wp:featuredmedia":[{"embeddable":true,"href":"https:\/\/medicinasinc.com\/fi\/wp-json\/wp\/v2\/media\/4985"}],"wp:attachment":[{"href":"https:\/\/medicinasinc.com\/fi\/wp-json\/wp\/v2\/media?parent=4971"}],"wp:term":[{"taxonomy":"product_brand","embeddable":true,"href":"https:\/\/medicinasinc.com\/fi\/wp-json\/wp\/v2\/product_brand?post=4971"},{"taxonomy":"product_cat","embeddable":true,"href":"https:\/\/medicinasinc.com\/fi\/wp-json\/wp\/v2\/product_cat?post=4971"},{"taxonomy":"product_tag","embeddable":true,"href":"https:\/\/medicinasinc.com\/fi\/wp-json\/wp\/v2\/product_tag?post=4971"}],"curies":[{"name":"wp","href":"https:\/\/api.w.org\/{rel}","templated":true}]}}