{"id":4970,"date":"2022-02-20T18:30:09","date_gmt":"2022-02-20T18:30:09","guid":{"rendered":"https:\/\/medicinasinc.com\/fi\/?post_type=product&#038;p=4970"},"modified":"2022-03-22T01:10:38","modified_gmt":"2022-03-22T01:10:38","slug":"osta-jeesus-ja-ruoho","status":"publish","type":"product","link":"https:\/\/medicinasinc.com\/fi\/product\/osta-jeesus-ja-ruoho\/","title":{"rendered":"Osta Jesus OG Weed"},"content":{"rendered":"<p>Jesus OG -marihuanakantaa voi ostaa verkosta. Jesus OG on Sativa Dominant Hybrid &#8211; 80 prosenttia Sativasta. Sativa \/ 20 % Indica THC: 21 % &#8211; 25 %<\/p>\n<p>Energisoiva, euforinen, keskittyv\u00e4, iloinen ja kohottava vaikutus voi lievitt\u00e4\u00e4 ADD\/ADHD:ta, kaksisuuntaista mielialah\u00e4iri\u00f6t\u00e4, kroonista kipua, masennusta, v\u00e4symyst\u00e4, p\u00e4\u00e4ns\u00e4rky\u00e4, migreeni\u00e4, Pahoinvoinnin, PTSD:n ja stressin maut<br \/> Sitruuna, m\u00e4nnyn neulaset, makeat ja kirpe\u00e4t<br \/> Aromit<br \/> sitruunainen, pist\u00e4v\u00e4 ja makea<\/p>\n","protected":false},"excerpt":{"rendered":"<p>Osta Jesus OG Marijuana Strain verkosta. Jesus og marihuana -kanta on Sativa Dominant Hybrid &#8211; 80 % Sativaa \/ 20 % Indica THC:t\u00e4: 21 % \u2013 25 %<\/p>\n","protected":false},"featured_media":4983,"comment_status":"open","ping_status":"closed","template":"","meta":[],"product_brand":[],"product_cat":[778],"product_tag":[614,886,888,889,891,893,894,455,896,897,898,902,903,904,906,910,911,912,913,915,918,917,916,887,905,908,909,907,890,626,895,459,899,901,473,470,892,477,900,885,921,919,914,922,920,923],"class_list":{"0":"post-4970","1":"product","2":"type-product","3":"status-publish","4":"has-post-thumbnail","6":"product_cat-ruohoa-myytvn","7":"product_tag-best-online-dispensary","8":"product_tag-best-online-dispensary-canada","9":"product_tag-blue-dream-marihuana-kanta","10":"product_tag-buy-ace-killer-og-marijuana","11":"product_tag-buy-gelato-marijuana-online","12":"product_tag-buy-jesus-og-marijuana-strain-online","13":"product_tag-buy-khalifa-kush-marijuana","14":"product_tag-buy-marijuana-online","15":"product_tag-buy-medical-cannabis-oil-online","16":"product_tag-buy-my-weed-online-review","17":"product_tag-buy-presidential-kush-strain","18":"product_tag-buy-weed-online-buy-marijuana-online","19":"product_tag-buy-weed-onlne-uk","20":"product_tag-charlottes-web-kannabis-kanta","21":"product_tag-dawg-cookies-indica-kanta","22":"product_tag-dispensaries-that-ship-out-of-state","23":"product_tag-dispensary-near-me-open-late","24":"product_tag-dispensary-near-me-recreational","25":"product_tag-dispensary-weed-strains","26":"product_tag-fatigue","27":"product_tag-jeesus-ja-rasita","28":"product_tag-jeesus-ja-siemenet","29":"product_tag-jeesus-og-feminisoituneet-siemenet","30":"product_tag-kaksisuuntainen-mielialahiri","31":"product_tag-krooninen-kipu","32":"product_tag-lkrit-lhell-minua-avoinna-nyt","33":"product_tag-apteekit-jotka-eivt-vaadi-lkrikorttia-lhellni","34":"product_tag-masennus","35":"product_tag-osta-ahoe-hydro-og-indica","36":"product_tag-osta-laillinen-weed-verkosta","37":"product_tag-osta-marihuana-verkosta-ei-lketieteellist-korttia","38":"product_tag-osta-marihuana-verkosta-usa","39":"product_tag-osta-oikea-weed-verkosta","40":"product_tag-osta-skunk-online-uk","41":"product_tag-osta-weed-online-europe","42":"product_tag-osta-weed-online-c3-a4","43":"product_tag-osta-laiton-weed-verkosta","44":"product_tag-ostaa-weed-verkosta","45":"product_tag-osta-virkistys-weed-verkosta","46":"product_tag-parhaat-marihuana-kannat","47":"product_tag-platina-ja-kush-siemen","48":"product_tag-sitruuna-ja-autokukka","49":"product_tag-sytvt-online-ei-lketieteellist-korttia","50":"product_tag-tga-subcool-jesus-og","51":"product_tag-pacific-seed-bank-autoflower","52":"product_tag-yoda-og-kasvattaja","54":"first","55":"instock","56":"shipping-taxable","57":"purchasable","58":"product-type-variable","59":"has-default-attributes"},"yoast_head":"<!-- This site is optimized with the Yoast SEO plugin v27.3 - https:\/\/yoast.com\/product\/yoast-seo-wordpress\/ -->\n<title>Osta Jesus OG Weed Marihuana Strain - parhaat maailmanlaajuiset l\u00e4\u00e4kkeet<\/title>\n<meta name=\"description\" content=\"Osta Jesus OG Marihuana Strain myyt\u00e4v\u00e4n\u00e4 verkossa. Jesus og marihuana -kanta on Sativa Dominant Hybrid - 80 % Sativa \/ 20 % Indica THC: 21 % - 25 %\" \/>\n<meta name=\"robots\" content=\"index, follow, max-snippet:-1, max-image-preview:large, max-video-preview:-1\" \/>\n<link rel=\"canonical\" href=\"https:\/\/medicinasinc.com\/fi\/product\/osta-jeesus-ja-ruoho\/\" \/>\n<meta property=\"og:locale\" content=\"en_US\" \/>\n<meta property=\"og:type\" content=\"article\" \/>\n<meta property=\"og:title\" content=\"Osta Jesus OG Weed Marihuana Strain - parhaat maailmanlaajuiset l\u00e4\u00e4kkeet\" \/>\n<meta property=\"og:description\" content=\"Osta Jesus OG Marihuana Strain myyt\u00e4v\u00e4n\u00e4 verkossa. Jesus og marihuana -kanta on Sativa Dominant Hybrid - 80 % Sativa \/ 20 % Indica THC: 21 % - 25 %\" \/>\n<meta property=\"og:url\" content=\"https:\/\/medicinasinc.com\/fi\/product\/osta-jeesus-ja-ruoho\/\" \/>\n<meta property=\"og:site_name\" content=\"Medicinas Inc\" \/>\n<meta property=\"article:modified_time\" content=\"2022-03-22T01:10:38+00:00\" \/>\n<meta property=\"og:image\" content=\"https:\/\/medicinasinc.com\/fi\/wp-content\/uploads\/sites\/12\/2022\/02\/buy-Jesus-OG.png\" \/>\n\t<meta property=\"og:image:width\" content=\"600\" \/>\n\t<meta property=\"og:image:height\" content=\"600\" \/>\n\t<meta property=\"og:image:type\" content=\"image\/png\" \/>\n<meta name=\"twitter:card\" content=\"summary_large_image\" \/>\n<meta name=\"twitter:label1\" content=\"Est. reading time\" \/>\n\t<meta name=\"twitter:data1\" content=\"1 minute\" \/>\n<script type=\"application\/ld+json\" class=\"yoast-schema-graph\">{\"@context\":\"https:\\\/\\\/schema.org\",\"@graph\":[{\"@type\":\"WebPage\",\"@id\":\"https:\\\/\\\/medicinasinc.com\\\/fi\\\/product\\\/osta-jeesus-ja-ruoho\\\/\",\"url\":\"https:\\\/\\\/medicinasinc.com\\\/fi\\\/product\\\/osta-jeesus-ja-ruoho\\\/\",\"name\":\"Osta Jesus OG Weed Marihuana Strain - parhaat maailmanlaajuiset l\u00e4\u00e4kkeet\",\"isPartOf\":{\"@id\":\"https:\\\/\\\/medicinasinc.com\\\/fi\\\/#website\"},\"primaryImageOfPage\":{\"@id\":\"https:\\\/\\\/medicinasinc.com\\\/fi\\\/product\\\/osta-jeesus-ja-ruoho\\\/#primaryimage\"},\"image\":{\"@id\":\"https:\\\/\\\/medicinasinc.com\\\/fi\\\/product\\\/osta-jeesus-ja-ruoho\\\/#primaryimage\"},\"thumbnailUrl\":\"https:\\\/\\\/medicinasinc.com\\\/fi\\\/wp-content\\\/uploads\\\/sites\\\/12\\\/2022\\\/02\\\/buy-Jesus-OG.png\",\"datePublished\":\"2022-02-20T18:30:09+00:00\",\"dateModified\":\"2022-03-22T01:10:38+00:00\",\"description\":\"Osta Jesus OG Marihuana Strain myyt\u00e4v\u00e4n\u00e4 verkossa. Jesus og marihuana -kanta on Sativa Dominant Hybrid - 80 % Sativa \\\/ 20 % Indica THC: 21 % - 25 %\",\"breadcrumb\":{\"@id\":\"https:\\\/\\\/medicinasinc.com\\\/fi\\\/product\\\/osta-jeesus-ja-ruoho\\\/#breadcrumb\"},\"inLanguage\":\"en-US\",\"potentialAction\":[{\"@type\":\"ReadAction\",\"target\":[\"https:\\\/\\\/medicinasinc.com\\\/fi\\\/product\\\/osta-jeesus-ja-ruoho\\\/\"]}]},{\"@type\":\"ImageObject\",\"inLanguage\":\"en-US\",\"@id\":\"https:\\\/\\\/medicinasinc.com\\\/fi\\\/product\\\/osta-jeesus-ja-ruoho\\\/#primaryimage\",\"url\":\"https:\\\/\\\/medicinasinc.com\\\/fi\\\/wp-content\\\/uploads\\\/sites\\\/12\\\/2022\\\/02\\\/buy-Jesus-OG.png\",\"contentUrl\":\"https:\\\/\\\/medicinasinc.com\\\/fi\\\/wp-content\\\/uploads\\\/sites\\\/12\\\/2022\\\/02\\\/buy-Jesus-OG.png\",\"width\":600,\"height\":600},{\"@type\":\"BreadcrumbList\",\"@id\":\"https:\\\/\\\/medicinasinc.com\\\/fi\\\/product\\\/osta-jeesus-ja-ruoho\\\/#breadcrumb\",\"itemListElement\":[{\"@type\":\"ListItem\",\"position\":1,\"name\":\"Myym\u00e4l\u00e4\",\"item\":\"https:\\\/\\\/medicinasinc.com\\\/fi\\\/myymala\\\/\"},{\"@type\":\"ListItem\",\"position\":2,\"name\":\"Osta Jesus OG Weed\"}]},{\"@type\":\"WebSite\",\"@id\":\"https:\\\/\\\/medicinasinc.com\\\/fi\\\/#website\",\"url\":\"https:\\\/\\\/medicinasinc.com\\\/fi\\\/\",\"name\":\"Medicinas Inc\",\"description\":\"Health Medical Clinic\",\"potentialAction\":[{\"@type\":\"SearchAction\",\"target\":{\"@type\":\"EntryPoint\",\"urlTemplate\":\"https:\\\/\\\/medicinasinc.com\\\/fi\\\/?s={search_term_string}\"},\"query-input\":{\"@type\":\"PropertyValueSpecification\",\"valueRequired\":true,\"valueName\":\"search_term_string\"}}],\"inLanguage\":\"en-US\"}]}<\/script>\n<!-- \/ Yoast SEO plugin. -->","yoast_head_json":{"title":"Osta Jesus OG Weed Marihuana Strain - parhaat maailmanlaajuiset l\u00e4\u00e4kkeet","description":"Osta Jesus OG Marihuana Strain myyt\u00e4v\u00e4n\u00e4 verkossa. Jesus og marihuana -kanta on Sativa Dominant Hybrid - 80 % Sativa \/ 20 % Indica THC: 21 % - 25 %","robots":{"index":"index","follow":"follow","max-snippet":"max-snippet:-1","max-image-preview":"max-image-preview:large","max-video-preview":"max-video-preview:-1"},"canonical":"https:\/\/medicinasinc.com\/fi\/product\/osta-jeesus-ja-ruoho\/","og_locale":"en_US","og_type":"article","og_title":"Osta Jesus OG Weed Marihuana Strain - parhaat maailmanlaajuiset l\u00e4\u00e4kkeet","og_description":"Osta Jesus OG Marihuana Strain myyt\u00e4v\u00e4n\u00e4 verkossa. Jesus og marihuana -kanta on Sativa Dominant Hybrid - 80 % Sativa \/ 20 % Indica THC: 21 % - 25 %","og_url":"https:\/\/medicinasinc.com\/fi\/product\/osta-jeesus-ja-ruoho\/","og_site_name":"Medicinas Inc","article_modified_time":"2022-03-22T01:10:38+00:00","og_image":[{"width":600,"height":600,"url":"https:\/\/medicinasinc.com\/fi\/wp-content\/uploads\/sites\/12\/2022\/02\/buy-Jesus-OG.png","type":"image\/png"}],"twitter_card":"summary_large_image","twitter_misc":{"Est. reading time":"1 minute"},"schema":{"@context":"https:\/\/schema.org","@graph":[{"@type":"WebPage","@id":"https:\/\/medicinasinc.com\/fi\/product\/osta-jeesus-ja-ruoho\/","url":"https:\/\/medicinasinc.com\/fi\/product\/osta-jeesus-ja-ruoho\/","name":"Osta Jesus OG Weed Marihuana Strain - parhaat maailmanlaajuiset l\u00e4\u00e4kkeet","isPartOf":{"@id":"https:\/\/medicinasinc.com\/fi\/#website"},"primaryImageOfPage":{"@id":"https:\/\/medicinasinc.com\/fi\/product\/osta-jeesus-ja-ruoho\/#primaryimage"},"image":{"@id":"https:\/\/medicinasinc.com\/fi\/product\/osta-jeesus-ja-ruoho\/#primaryimage"},"thumbnailUrl":"https:\/\/medicinasinc.com\/fi\/wp-content\/uploads\/sites\/12\/2022\/02\/buy-Jesus-OG.png","datePublished":"2022-02-20T18:30:09+00:00","dateModified":"2022-03-22T01:10:38+00:00","description":"Osta Jesus OG Marihuana Strain myyt\u00e4v\u00e4n\u00e4 verkossa. Jesus og marihuana -kanta on Sativa Dominant Hybrid - 80 % Sativa \/ 20 % Indica THC: 21 % - 25 %","breadcrumb":{"@id":"https:\/\/medicinasinc.com\/fi\/product\/osta-jeesus-ja-ruoho\/#breadcrumb"},"inLanguage":"en-US","potentialAction":[{"@type":"ReadAction","target":["https:\/\/medicinasinc.com\/fi\/product\/osta-jeesus-ja-ruoho\/"]}]},{"@type":"ImageObject","inLanguage":"en-US","@id":"https:\/\/medicinasinc.com\/fi\/product\/osta-jeesus-ja-ruoho\/#primaryimage","url":"https:\/\/medicinasinc.com\/fi\/wp-content\/uploads\/sites\/12\/2022\/02\/buy-Jesus-OG.png","contentUrl":"https:\/\/medicinasinc.com\/fi\/wp-content\/uploads\/sites\/12\/2022\/02\/buy-Jesus-OG.png","width":600,"height":600},{"@type":"BreadcrumbList","@id":"https:\/\/medicinasinc.com\/fi\/product\/osta-jeesus-ja-ruoho\/#breadcrumb","itemListElement":[{"@type":"ListItem","position":1,"name":"Myym\u00e4l\u00e4","item":"https:\/\/medicinasinc.com\/fi\/myymala\/"},{"@type":"ListItem","position":2,"name":"Osta Jesus OG Weed"}]},{"@type":"WebSite","@id":"https:\/\/medicinasinc.com\/fi\/#website","url":"https:\/\/medicinasinc.com\/fi\/","name":"Medicinas Inc","description":"Health Medical Clinic","potentialAction":[{"@type":"SearchAction","target":{"@type":"EntryPoint","urlTemplate":"https:\/\/medicinasinc.com\/fi\/?s={search_term_string}"},"query-input":{"@type":"PropertyValueSpecification","valueRequired":true,"valueName":"search_term_string"}}],"inLanguage":"en-US"}]}},"_links":{"self":[{"href":"https:\/\/medicinasinc.com\/fi\/wp-json\/wp\/v2\/product\/4970","targetHints":{"allow":["GET"]}}],"collection":[{"href":"https:\/\/medicinasinc.com\/fi\/wp-json\/wp\/v2\/product"}],"about":[{"href":"https:\/\/medicinasinc.com\/fi\/wp-json\/wp\/v2\/types\/product"}],"replies":[{"embeddable":true,"href":"https:\/\/medicinasinc.com\/fi\/wp-json\/wp\/v2\/comments?post=4970"}],"wp:featuredmedia":[{"embeddable":true,"href":"https:\/\/medicinasinc.com\/fi\/wp-json\/wp\/v2\/media\/4983"}],"wp:attachment":[{"href":"https:\/\/medicinasinc.com\/fi\/wp-json\/wp\/v2\/media?parent=4970"}],"wp:term":[{"taxonomy":"product_brand","embeddable":true,"href":"https:\/\/medicinasinc.com\/fi\/wp-json\/wp\/v2\/product_brand?post=4970"},{"taxonomy":"product_cat","embeddable":true,"href":"https:\/\/medicinasinc.com\/fi\/wp-json\/wp\/v2\/product_cat?post=4970"},{"taxonomy":"product_tag","embeddable":true,"href":"https:\/\/medicinasinc.com\/fi\/wp-json\/wp\/v2\/product_tag?post=4970"}],"curies":[{"name":"wp","href":"https:\/\/api.w.org\/{rel}","templated":true}]}}