{"id":4955,"date":"2022-02-20T18:16:15","date_gmt":"2022-02-20T18:16:15","guid":{"rendered":"https:\/\/medicinasinc.com\/fi\/?post_type=product&#038;p=4955"},"modified":"2022-03-22T01:11:01","modified_gmt":"2022-03-22T01:11:01","slug":"osta-havaijilainen-marihuana","status":"publish","type":"product","link":"https:\/\/medicinasinc.com\/fi\/product\/osta-havaijilainen-marihuana\/","title":{"rendered":"Osta Havaijin marihuana"},"content":{"rendered":"<p>Havaijilaisen indica-marihuanan verkko-osto.<\/p>\n<p>Havaijilaisen indica-marihuanan verkko-osto.<\/p>\n<p>Vaikutukset<br \/> Aivoihin, rentouttava ja kohottava voi auttaa kroonisen kivun lievitt\u00e4misess\u00e4 , masennus, v\u00e4symys, migreeni ja lihasspasmit<br \/> maut<br \/> mentoli, sitrushedelm\u00e4, makea, trooppinen<\/p>\n","protected":false},"excerpt":{"rendered":"<p>Osta havaijilaista indica-marihuanaa verkosta Yhdistyneess\u00e4 kuningaskunnassa ja Euroopassa. Havaijilainen Indica Cannabis -hybridi &#8211; 60 % Indica \/ 40 % Sativa.<\/p>\n","protected":false},"featured_media":4969,"comment_status":"open","ping_status":"closed","template":"","meta":[],"product_brand":[],"product_cat":[778],"product_tag":[844,845,846,843,848,847,849,850,851],"class_list":{"0":"post-4955","1":"product","2":"type-product","3":"status-publish","4":"has-post-thumbnail","6":"product_cat-ruohoa-myytvn","7":"product_tag-havaiji","8":"product_tag-hawaii-329-kortin-snnt","9":"product_tag-how-long-does-it-take-to-get-329-card-hawaii","10":"product_tag-ei-havaiji-hyvksy-of-state-mmj-kortit","11":"product_tag-havaijin-lketieteellisen-kortin-kelpoisuusehdot","12":"product_tag-maui-hoitolaitos","13":"product_tag-virkistys-hoito-honolulu","14":"product_tag-virkistys-hoito-maui-havaiji","15":"product_tag-weedmaps-havaiji","17":"first","18":"instock","19":"shipping-taxable","20":"purchasable","21":"product-type-variable","22":"has-default-attributes"},"yoast_head":"<!-- This site is optimized with the Yoast SEO plugin v27.2 - https:\/\/yoast.com\/product\/yoast-seo-wordpress\/ -->\n<title>Osta Havaijin marihuana - parhaat maailmanlaajuiset l\u00e4\u00e4kkeet<\/title>\n<meta name=\"description\" content=\"Osta Havaijin Indica Marihuana myyt\u00e4v\u00e4n\u00e4 Isossa-Britanniassa, Euroopassa verkossa. Hawaiian Indica Marihuana Hybrid - 60% Indica \/ 40% Sativa.\" \/>\n<meta name=\"robots\" content=\"index, follow, max-snippet:-1, max-image-preview:large, max-video-preview:-1\" \/>\n<link rel=\"canonical\" href=\"https:\/\/medicinasinc.com\/fi\/product\/osta-havaijilainen-marihuana\/\" \/>\n<meta property=\"og:locale\" content=\"en_US\" \/>\n<meta property=\"og:type\" content=\"article\" \/>\n<meta property=\"og:title\" content=\"Osta Havaijin marihuana - parhaat maailmanlaajuiset l\u00e4\u00e4kkeet\" \/>\n<meta property=\"og:description\" content=\"Osta Havaijin Indica Marihuana myyt\u00e4v\u00e4n\u00e4 Isossa-Britanniassa, Euroopassa verkossa. Hawaiian Indica Marihuana Hybrid - 60% Indica \/ 40% Sativa.\" \/>\n<meta property=\"og:url\" content=\"https:\/\/medicinasinc.com\/fi\/product\/osta-havaijilainen-marihuana\/\" \/>\n<meta property=\"og:site_name\" content=\"Medicinas Inc\" \/>\n<meta property=\"article:modified_time\" content=\"2022-03-22T01:11:01+00:00\" \/>\n<meta property=\"og:image\" content=\"https:\/\/medicinasinc.com\/fi\/wp-content\/uploads\/sites\/12\/2022\/02\/Buy-Hawaiian-Marijuana.jpg\" \/>\n\t<meta property=\"og:image:width\" content=\"233\" \/>\n\t<meta property=\"og:image:height\" content=\"217\" \/>\n\t<meta property=\"og:image:type\" content=\"image\/jpeg\" \/>\n<meta name=\"twitter:card\" content=\"summary_large_image\" \/>\n<meta name=\"twitter:label1\" content=\"Est. reading time\" \/>\n\t<meta name=\"twitter:data1\" content=\"1 minute\" \/>\n<script type=\"application\/ld+json\" class=\"yoast-schema-graph\">{\"@context\":\"https:\/\/schema.org\",\"@graph\":[{\"@type\":\"WebPage\",\"@id\":\"https:\/\/medicinasinc.com\/fi\/product\/osta-havaijilainen-marihuana\/\",\"url\":\"https:\/\/medicinasinc.com\/fi\/product\/osta-havaijilainen-marihuana\/\",\"name\":\"Osta Havaijin marihuana - parhaat maailmanlaajuiset l\u00e4\u00e4kkeet\",\"isPartOf\":{\"@id\":\"https:\/\/medicinasinc.com\/fi\/#website\"},\"primaryImageOfPage\":{\"@id\":\"https:\/\/medicinasinc.com\/fi\/product\/osta-havaijilainen-marihuana\/#primaryimage\"},\"image\":{\"@id\":\"https:\/\/medicinasinc.com\/fi\/product\/osta-havaijilainen-marihuana\/#primaryimage\"},\"thumbnailUrl\":\"https:\/\/medicinasinc.com\/fi\/wp-content\/uploads\/sites\/12\/2022\/02\/Buy-Hawaiian-Marijuana.jpg\",\"datePublished\":\"2022-02-20T18:16:15+00:00\",\"dateModified\":\"2022-03-22T01:11:01+00:00\",\"description\":\"Osta Havaijin Indica Marihuana myyt\u00e4v\u00e4n\u00e4 Isossa-Britanniassa, Euroopassa verkossa. Hawaiian Indica Marihuana Hybrid - 60% Indica \/ 40% Sativa.\",\"breadcrumb\":{\"@id\":\"https:\/\/medicinasinc.com\/fi\/product\/osta-havaijilainen-marihuana\/#breadcrumb\"},\"inLanguage\":\"en-US\",\"potentialAction\":[{\"@type\":\"ReadAction\",\"target\":[\"https:\/\/medicinasinc.com\/fi\/product\/osta-havaijilainen-marihuana\/\"]}]},{\"@type\":\"ImageObject\",\"inLanguage\":\"en-US\",\"@id\":\"https:\/\/medicinasinc.com\/fi\/product\/osta-havaijilainen-marihuana\/#primaryimage\",\"url\":\"https:\/\/medicinasinc.com\/fi\/wp-content\/uploads\/sites\/12\/2022\/02\/Buy-Hawaiian-Marijuana.jpg\",\"contentUrl\":\"https:\/\/medicinasinc.com\/fi\/wp-content\/uploads\/sites\/12\/2022\/02\/Buy-Hawaiian-Marijuana.jpg\",\"width\":233,\"height\":217},{\"@type\":\"BreadcrumbList\",\"@id\":\"https:\/\/medicinasinc.com\/fi\/product\/osta-havaijilainen-marihuana\/#breadcrumb\",\"itemListElement\":[{\"@type\":\"ListItem\",\"position\":1,\"name\":\"Myym\u00e4l\u00e4\",\"item\":\"https:\/\/medicinasinc.com\/fi\/myymala\/\"},{\"@type\":\"ListItem\",\"position\":2,\"name\":\"Osta Havaijin marihuana\"}]},{\"@type\":\"WebSite\",\"@id\":\"https:\/\/medicinasinc.com\/fi\/#website\",\"url\":\"https:\/\/medicinasinc.com\/fi\/\",\"name\":\"Medicinas Inc\",\"description\":\"Health Medical Clinic\",\"potentialAction\":[{\"@type\":\"SearchAction\",\"target\":{\"@type\":\"EntryPoint\",\"urlTemplate\":\"https:\/\/medicinasinc.com\/fi\/?s={search_term_string}\"},\"query-input\":{\"@type\":\"PropertyValueSpecification\",\"valueRequired\":true,\"valueName\":\"search_term_string\"}}],\"inLanguage\":\"en-US\"}]}<\/script>\n<!-- \/ Yoast SEO plugin. -->","yoast_head_json":{"title":"Osta Havaijin marihuana - parhaat maailmanlaajuiset l\u00e4\u00e4kkeet","description":"Osta Havaijin Indica Marihuana myyt\u00e4v\u00e4n\u00e4 Isossa-Britanniassa, Euroopassa verkossa. Hawaiian Indica Marihuana Hybrid - 60% Indica \/ 40% Sativa.","robots":{"index":"index","follow":"follow","max-snippet":"max-snippet:-1","max-image-preview":"max-image-preview:large","max-video-preview":"max-video-preview:-1"},"canonical":"https:\/\/medicinasinc.com\/fi\/product\/osta-havaijilainen-marihuana\/","og_locale":"en_US","og_type":"article","og_title":"Osta Havaijin marihuana - parhaat maailmanlaajuiset l\u00e4\u00e4kkeet","og_description":"Osta Havaijin Indica Marihuana myyt\u00e4v\u00e4n\u00e4 Isossa-Britanniassa, Euroopassa verkossa. Hawaiian Indica Marihuana Hybrid - 60% Indica \/ 40% Sativa.","og_url":"https:\/\/medicinasinc.com\/fi\/product\/osta-havaijilainen-marihuana\/","og_site_name":"Medicinas Inc","article_modified_time":"2022-03-22T01:11:01+00:00","og_image":[{"width":233,"height":217,"url":"https:\/\/medicinasinc.com\/fi\/wp-content\/uploads\/sites\/12\/2022\/02\/Buy-Hawaiian-Marijuana.jpg","type":"image\/jpeg"}],"twitter_card":"summary_large_image","twitter_misc":{"Est. reading time":"1 minute"},"schema":{"@context":"https:\/\/schema.org","@graph":[{"@type":"WebPage","@id":"https:\/\/medicinasinc.com\/fi\/product\/osta-havaijilainen-marihuana\/","url":"https:\/\/medicinasinc.com\/fi\/product\/osta-havaijilainen-marihuana\/","name":"Osta Havaijin marihuana - parhaat maailmanlaajuiset l\u00e4\u00e4kkeet","isPartOf":{"@id":"https:\/\/medicinasinc.com\/fi\/#website"},"primaryImageOfPage":{"@id":"https:\/\/medicinasinc.com\/fi\/product\/osta-havaijilainen-marihuana\/#primaryimage"},"image":{"@id":"https:\/\/medicinasinc.com\/fi\/product\/osta-havaijilainen-marihuana\/#primaryimage"},"thumbnailUrl":"https:\/\/medicinasinc.com\/fi\/wp-content\/uploads\/sites\/12\/2022\/02\/Buy-Hawaiian-Marijuana.jpg","datePublished":"2022-02-20T18:16:15+00:00","dateModified":"2022-03-22T01:11:01+00:00","description":"Osta Havaijin Indica Marihuana myyt\u00e4v\u00e4n\u00e4 Isossa-Britanniassa, Euroopassa verkossa. Hawaiian Indica Marihuana Hybrid - 60% Indica \/ 40% Sativa.","breadcrumb":{"@id":"https:\/\/medicinasinc.com\/fi\/product\/osta-havaijilainen-marihuana\/#breadcrumb"},"inLanguage":"en-US","potentialAction":[{"@type":"ReadAction","target":["https:\/\/medicinasinc.com\/fi\/product\/osta-havaijilainen-marihuana\/"]}]},{"@type":"ImageObject","inLanguage":"en-US","@id":"https:\/\/medicinasinc.com\/fi\/product\/osta-havaijilainen-marihuana\/#primaryimage","url":"https:\/\/medicinasinc.com\/fi\/wp-content\/uploads\/sites\/12\/2022\/02\/Buy-Hawaiian-Marijuana.jpg","contentUrl":"https:\/\/medicinasinc.com\/fi\/wp-content\/uploads\/sites\/12\/2022\/02\/Buy-Hawaiian-Marijuana.jpg","width":233,"height":217},{"@type":"BreadcrumbList","@id":"https:\/\/medicinasinc.com\/fi\/product\/osta-havaijilainen-marihuana\/#breadcrumb","itemListElement":[{"@type":"ListItem","position":1,"name":"Myym\u00e4l\u00e4","item":"https:\/\/medicinasinc.com\/fi\/myymala\/"},{"@type":"ListItem","position":2,"name":"Osta Havaijin marihuana"}]},{"@type":"WebSite","@id":"https:\/\/medicinasinc.com\/fi\/#website","url":"https:\/\/medicinasinc.com\/fi\/","name":"Medicinas Inc","description":"Health Medical Clinic","potentialAction":[{"@type":"SearchAction","target":{"@type":"EntryPoint","urlTemplate":"https:\/\/medicinasinc.com\/fi\/?s={search_term_string}"},"query-input":{"@type":"PropertyValueSpecification","valueRequired":true,"valueName":"search_term_string"}}],"inLanguage":"en-US"}]}},"_links":{"self":[{"href":"https:\/\/medicinasinc.com\/fi\/wp-json\/wp\/v2\/product\/4955","targetHints":{"allow":["GET"]}}],"collection":[{"href":"https:\/\/medicinasinc.com\/fi\/wp-json\/wp\/v2\/product"}],"about":[{"href":"https:\/\/medicinasinc.com\/fi\/wp-json\/wp\/v2\/types\/product"}],"replies":[{"embeddable":true,"href":"https:\/\/medicinasinc.com\/fi\/wp-json\/wp\/v2\/comments?post=4955"}],"wp:featuredmedia":[{"embeddable":true,"href":"https:\/\/medicinasinc.com\/fi\/wp-json\/wp\/v2\/media\/4969"}],"wp:attachment":[{"href":"https:\/\/medicinasinc.com\/fi\/wp-json\/wp\/v2\/media?parent=4955"}],"wp:term":[{"taxonomy":"product_brand","embeddable":true,"href":"https:\/\/medicinasinc.com\/fi\/wp-json\/wp\/v2\/product_brand?post=4955"},{"taxonomy":"product_cat","embeddable":true,"href":"https:\/\/medicinasinc.com\/fi\/wp-json\/wp\/v2\/product_cat?post=4955"},{"taxonomy":"product_tag","embeddable":true,"href":"https:\/\/medicinasinc.com\/fi\/wp-json\/wp\/v2\/product_tag?post=4955"}],"curies":[{"name":"wp","href":"https:\/\/api.w.org\/{rel}","templated":true}]}}