{"id":4946,"date":"2022-02-20T18:08:57","date_gmt":"2022-02-20T18:08:57","guid":{"rendered":"https:\/\/medicinasinc.com\/fi\/?post_type=product&#038;p=4946"},"modified":"2022-03-22T01:11:17","modified_gmt":"2022-03-22T01:11:17","slug":"osta-gorilla-keksi-marihuana","status":"publish","type":"product","link":"https:\/\/medicinasinc.com\/fi\/product\/osta-gorilla-keksi-marihuana\/","title":{"rendered":"Osta Gorilla Biscuit Marihuana"},"content":{"rendered":"<h1><\/h1>\n<p>Gorilla Biscuit -marihuana-kannan osto verkossa.<\/p>\n<p>Gorilla Biscuit -marihuana-kannan osto verkossa.<\/p>\n<p>Gorillakeksist\u00e4 valmistettu marihuana on Indica. Dominant Hybrid &#8211; 60 % Indica \/ 40 % Sativa Sativan THC-pitoisuus: 15 %\u201320 %<\/p>\n<p>Kiittyneisyys, euforia, n\u00e4lk\u00e4, rentoutuminen ja uneliaisuus<br \/> Voi auttaa anoreksian, krampien hoidossa , masennus-, unettomuus- ja stressimakuja<br \/> Kahvin, sitruunan ja m\u00e4nnyn aromit<br \/> Maanl\u00e4heinen, pist\u00e4v\u00e4 ja mausteinen<\/p>\n<p>Seeds of Compassionin Gorilla Biscuit on Intiassa hallitseva leikkaus, joka on per\u00e4isin Sensi Starin Turpentine- ja Stardawg IX -fenotyyppien risteyksest\u00e4. T\u00e4m\u00e4 ep\u00e4tavallinen ja melko vanhanaikainen sekoitus on nimetty metakvalonin mukaan, joka tunnetaan usein quaaludesina, l\u00e4\u00e4kkeest\u00e4, jolla on rauhoittava ja eksoottinen vaikutus kehossa. Sen omaisuus jatkuu yht\u00e4 rauhoittavalla tavalla j\u00e4tt\u00e4en lis\u00e4kkeet painaviksi ja l\u00f6ysiksi. Gorilla Biscuitilla on vahva terpeeniprofiili, jossa on vahva m\u00e4nty-sol- ja kahvipapujen aromi.<\/p>\n<p>Gorilla Biscuits -kanta: Todellinen stoner-kanta, Gorilla OG:n korkea kehittyy v\u00e4hitellen ja kehittyy hurmaavan tilaan, joka kest\u00e4\u00e4 pitk\u00e4\u00e4n. pidennetty aika. Kun h\u00e4nen tavaransa ovat t\u00e4ysin ottaneet haltuunsa ajatuksesi ja kehosi, ajatuksesi eiv\u00e4t ehk\u00e4 ole yht\u00e4 selkeit\u00e4 kuin muutama tunti sitten. Kokemuksesi n\u00e4kyvin puoli on luja vaikutelma rakkausistuimen lukosta, joka tekee vaikeaksi tyydytt\u00e4\u00e4 ovelat herkut. Ehdotuksemme on edet\u00e4 ajan yli lakaisulla, tyynyll\u00e4 ja suurella m\u00e4\u00e4r\u00e4ll\u00e4 ruokaa k\u00e4sivarren alueella. T\u00e4m\u00e4 ep\u00e4tavallinen ja melko vanhanaikainen sekoitus on nimetty metakvalonin mukaan, joka tunnetaan usein quaaludesina, l\u00e4\u00e4kkeest\u00e4, jolla on rauhoittava ja eksoottinen vaikutus kehossa. Sen omaisuus jatkuu yht\u00e4 rauhoittavalla tavalla j\u00e4tt\u00e4en lis\u00e4kkeet painaviksi ja l\u00f6ysiksi. Gorilla Biscuitissa on vankka terpeeniprofiili, vahva m\u00e4nty-sol- ja kahvibourbon-aromi.<\/p>\n","protected":false},"excerpt":{"rendered":"<p>Osta Gorilla Biscuit Marihuana Strain verkosta. Yli 15 vuoden kokemuksella l\u00e4\u00e4kekannabiksen alalla olemme Kanadan johtava kannabiksen postimyynti.<\/p>\n","protected":false},"featured_media":4960,"comment_status":"open","ping_status":"closed","template":"","meta":[],"product_brand":[],"product_cat":[778],"product_tag":[828,829,830,831,832,827,833,834],"class_list":{"0":"post-4946","1":"product","2":"type-product","3":"status-publish","4":"has-post-thumbnail","6":"product_cat-ruohoa-myytvn","7":"product_tag-bizkitz-kanta","8":"product_tag-california-orange-strain","9":"product_tag-ecto-cooler-kanta","10":"product_tag-gorilla-keksej-lke","11":"product_tag-gorilla-keksej-merch","12":"product_tag-keksi-kanta","13":"product_tag-ryple-jhdytin-kanta","14":"product_tag-sokeri-keksit-kanta","16":"first","17":"instock","18":"shipping-taxable","19":"purchasable","20":"product-type-variable","21":"has-default-attributes"},"yoast_head":"<!-- This site is optimized with the Yoast SEO plugin v27.3 - https:\/\/yoast.com\/product\/yoast-seo-wordpress\/ -->\n<title>Osta Gorilla Biscuit Marihuana - parhaat maailmanlaajuiset l\u00e4\u00e4kkeet<\/title>\n<meta name=\"description\" content=\"Osta Gorilla Biscuit Marihuana Strain myyt\u00e4v\u00e4n\u00e4 verkossa. Johtava kannabiksen postimyynti Kanadassa, jolla on yli 15 vuoden kokemus l\u00e4\u00e4kemarihuanateollisuudesta.\" \/>\n<meta name=\"robots\" content=\"index, follow, max-snippet:-1, max-image-preview:large, max-video-preview:-1\" \/>\n<link rel=\"canonical\" href=\"https:\/\/medicinasinc.com\/fi\/product\/osta-gorilla-keksi-marihuana\/\" \/>\n<meta property=\"og:locale\" content=\"en_US\" \/>\n<meta property=\"og:type\" content=\"article\" \/>\n<meta property=\"og:title\" content=\"Osta Gorilla Biscuit Marihuana - parhaat maailmanlaajuiset l\u00e4\u00e4kkeet\" \/>\n<meta property=\"og:description\" content=\"Osta Gorilla Biscuit Marihuana Strain myyt\u00e4v\u00e4n\u00e4 verkossa. Johtava kannabiksen postimyynti Kanadassa, jolla on yli 15 vuoden kokemus l\u00e4\u00e4kemarihuanateollisuudesta.\" \/>\n<meta property=\"og:url\" content=\"https:\/\/medicinasinc.com\/fi\/product\/osta-gorilla-keksi-marihuana\/\" \/>\n<meta property=\"og:site_name\" content=\"Medicinas Inc\" \/>\n<meta property=\"article:modified_time\" content=\"2022-03-22T01:11:17+00:00\" \/>\n<meta property=\"og:image\" content=\"https:\/\/medicinasinc.com\/fi\/wp-content\/uploads\/sites\/12\/2022\/02\/Buy-Gorilla-Biscuit-Marijuana.jpg\" \/>\n\t<meta property=\"og:image:width\" content=\"420\" \/>\n\t<meta property=\"og:image:height\" content=\"630\" \/>\n\t<meta property=\"og:image:type\" content=\"image\/jpeg\" \/>\n<meta name=\"twitter:card\" content=\"summary_large_image\" \/>\n<meta name=\"twitter:label1\" content=\"Est. reading time\" \/>\n\t<meta name=\"twitter:data1\" content=\"2 minutes\" \/>\n<script type=\"application\/ld+json\" class=\"yoast-schema-graph\">{\"@context\":\"https:\\\/\\\/schema.org\",\"@graph\":[{\"@type\":\"WebPage\",\"@id\":\"https:\\\/\\\/medicinasinc.com\\\/fi\\\/product\\\/osta-gorilla-keksi-marihuana\\\/\",\"url\":\"https:\\\/\\\/medicinasinc.com\\\/fi\\\/product\\\/osta-gorilla-keksi-marihuana\\\/\",\"name\":\"Osta Gorilla Biscuit Marihuana - parhaat maailmanlaajuiset l\u00e4\u00e4kkeet\",\"isPartOf\":{\"@id\":\"https:\\\/\\\/medicinasinc.com\\\/fi\\\/#website\"},\"primaryImageOfPage\":{\"@id\":\"https:\\\/\\\/medicinasinc.com\\\/fi\\\/product\\\/osta-gorilla-keksi-marihuana\\\/#primaryimage\"},\"image\":{\"@id\":\"https:\\\/\\\/medicinasinc.com\\\/fi\\\/product\\\/osta-gorilla-keksi-marihuana\\\/#primaryimage\"},\"thumbnailUrl\":\"https:\\\/\\\/medicinasinc.com\\\/fi\\\/wp-content\\\/uploads\\\/sites\\\/12\\\/2022\\\/02\\\/Buy-Gorilla-Biscuit-Marijuana.jpg\",\"datePublished\":\"2022-02-20T18:08:57+00:00\",\"dateModified\":\"2022-03-22T01:11:17+00:00\",\"description\":\"Osta Gorilla Biscuit Marihuana Strain myyt\u00e4v\u00e4n\u00e4 verkossa. Johtava kannabiksen postimyynti Kanadassa, jolla on yli 15 vuoden kokemus l\u00e4\u00e4kemarihuanateollisuudesta.\",\"breadcrumb\":{\"@id\":\"https:\\\/\\\/medicinasinc.com\\\/fi\\\/product\\\/osta-gorilla-keksi-marihuana\\\/#breadcrumb\"},\"inLanguage\":\"en-US\",\"potentialAction\":[{\"@type\":\"ReadAction\",\"target\":[\"https:\\\/\\\/medicinasinc.com\\\/fi\\\/product\\\/osta-gorilla-keksi-marihuana\\\/\"]}]},{\"@type\":\"ImageObject\",\"inLanguage\":\"en-US\",\"@id\":\"https:\\\/\\\/medicinasinc.com\\\/fi\\\/product\\\/osta-gorilla-keksi-marihuana\\\/#primaryimage\",\"url\":\"https:\\\/\\\/medicinasinc.com\\\/fi\\\/wp-content\\\/uploads\\\/sites\\\/12\\\/2022\\\/02\\\/Buy-Gorilla-Biscuit-Marijuana.jpg\",\"contentUrl\":\"https:\\\/\\\/medicinasinc.com\\\/fi\\\/wp-content\\\/uploads\\\/sites\\\/12\\\/2022\\\/02\\\/Buy-Gorilla-Biscuit-Marijuana.jpg\",\"width\":420,\"height\":630},{\"@type\":\"BreadcrumbList\",\"@id\":\"https:\\\/\\\/medicinasinc.com\\\/fi\\\/product\\\/osta-gorilla-keksi-marihuana\\\/#breadcrumb\",\"itemListElement\":[{\"@type\":\"ListItem\",\"position\":1,\"name\":\"Myym\u00e4l\u00e4\",\"item\":\"https:\\\/\\\/medicinasinc.com\\\/fi\\\/myymala\\\/\"},{\"@type\":\"ListItem\",\"position\":2,\"name\":\"Osta Gorilla Biscuit Marihuana\"}]},{\"@type\":\"WebSite\",\"@id\":\"https:\\\/\\\/medicinasinc.com\\\/fi\\\/#website\",\"url\":\"https:\\\/\\\/medicinasinc.com\\\/fi\\\/\",\"name\":\"Medicinas Inc\",\"description\":\"Health Medical Clinic\",\"potentialAction\":[{\"@type\":\"SearchAction\",\"target\":{\"@type\":\"EntryPoint\",\"urlTemplate\":\"https:\\\/\\\/medicinasinc.com\\\/fi\\\/?s={search_term_string}\"},\"query-input\":{\"@type\":\"PropertyValueSpecification\",\"valueRequired\":true,\"valueName\":\"search_term_string\"}}],\"inLanguage\":\"en-US\"}]}<\/script>\n<!-- \/ Yoast SEO plugin. -->","yoast_head_json":{"title":"Osta Gorilla Biscuit Marihuana - parhaat maailmanlaajuiset l\u00e4\u00e4kkeet","description":"Osta Gorilla Biscuit Marihuana Strain myyt\u00e4v\u00e4n\u00e4 verkossa. Johtava kannabiksen postimyynti Kanadassa, jolla on yli 15 vuoden kokemus l\u00e4\u00e4kemarihuanateollisuudesta.","robots":{"index":"index","follow":"follow","max-snippet":"max-snippet:-1","max-image-preview":"max-image-preview:large","max-video-preview":"max-video-preview:-1"},"canonical":"https:\/\/medicinasinc.com\/fi\/product\/osta-gorilla-keksi-marihuana\/","og_locale":"en_US","og_type":"article","og_title":"Osta Gorilla Biscuit Marihuana - parhaat maailmanlaajuiset l\u00e4\u00e4kkeet","og_description":"Osta Gorilla Biscuit Marihuana Strain myyt\u00e4v\u00e4n\u00e4 verkossa. Johtava kannabiksen postimyynti Kanadassa, jolla on yli 15 vuoden kokemus l\u00e4\u00e4kemarihuanateollisuudesta.","og_url":"https:\/\/medicinasinc.com\/fi\/product\/osta-gorilla-keksi-marihuana\/","og_site_name":"Medicinas Inc","article_modified_time":"2022-03-22T01:11:17+00:00","og_image":[{"width":420,"height":630,"url":"https:\/\/medicinasinc.com\/fi\/wp-content\/uploads\/sites\/12\/2022\/02\/Buy-Gorilla-Biscuit-Marijuana.jpg","type":"image\/jpeg"}],"twitter_card":"summary_large_image","twitter_misc":{"Est. reading time":"2 minutes"},"schema":{"@context":"https:\/\/schema.org","@graph":[{"@type":"WebPage","@id":"https:\/\/medicinasinc.com\/fi\/product\/osta-gorilla-keksi-marihuana\/","url":"https:\/\/medicinasinc.com\/fi\/product\/osta-gorilla-keksi-marihuana\/","name":"Osta Gorilla Biscuit Marihuana - parhaat maailmanlaajuiset l\u00e4\u00e4kkeet","isPartOf":{"@id":"https:\/\/medicinasinc.com\/fi\/#website"},"primaryImageOfPage":{"@id":"https:\/\/medicinasinc.com\/fi\/product\/osta-gorilla-keksi-marihuana\/#primaryimage"},"image":{"@id":"https:\/\/medicinasinc.com\/fi\/product\/osta-gorilla-keksi-marihuana\/#primaryimage"},"thumbnailUrl":"https:\/\/medicinasinc.com\/fi\/wp-content\/uploads\/sites\/12\/2022\/02\/Buy-Gorilla-Biscuit-Marijuana.jpg","datePublished":"2022-02-20T18:08:57+00:00","dateModified":"2022-03-22T01:11:17+00:00","description":"Osta Gorilla Biscuit Marihuana Strain myyt\u00e4v\u00e4n\u00e4 verkossa. Johtava kannabiksen postimyynti Kanadassa, jolla on yli 15 vuoden kokemus l\u00e4\u00e4kemarihuanateollisuudesta.","breadcrumb":{"@id":"https:\/\/medicinasinc.com\/fi\/product\/osta-gorilla-keksi-marihuana\/#breadcrumb"},"inLanguage":"en-US","potentialAction":[{"@type":"ReadAction","target":["https:\/\/medicinasinc.com\/fi\/product\/osta-gorilla-keksi-marihuana\/"]}]},{"@type":"ImageObject","inLanguage":"en-US","@id":"https:\/\/medicinasinc.com\/fi\/product\/osta-gorilla-keksi-marihuana\/#primaryimage","url":"https:\/\/medicinasinc.com\/fi\/wp-content\/uploads\/sites\/12\/2022\/02\/Buy-Gorilla-Biscuit-Marijuana.jpg","contentUrl":"https:\/\/medicinasinc.com\/fi\/wp-content\/uploads\/sites\/12\/2022\/02\/Buy-Gorilla-Biscuit-Marijuana.jpg","width":420,"height":630},{"@type":"BreadcrumbList","@id":"https:\/\/medicinasinc.com\/fi\/product\/osta-gorilla-keksi-marihuana\/#breadcrumb","itemListElement":[{"@type":"ListItem","position":1,"name":"Myym\u00e4l\u00e4","item":"https:\/\/medicinasinc.com\/fi\/myymala\/"},{"@type":"ListItem","position":2,"name":"Osta Gorilla Biscuit Marihuana"}]},{"@type":"WebSite","@id":"https:\/\/medicinasinc.com\/fi\/#website","url":"https:\/\/medicinasinc.com\/fi\/","name":"Medicinas Inc","description":"Health Medical Clinic","potentialAction":[{"@type":"SearchAction","target":{"@type":"EntryPoint","urlTemplate":"https:\/\/medicinasinc.com\/fi\/?s={search_term_string}"},"query-input":{"@type":"PropertyValueSpecification","valueRequired":true,"valueName":"search_term_string"}}],"inLanguage":"en-US"}]}},"_links":{"self":[{"href":"https:\/\/medicinasinc.com\/fi\/wp-json\/wp\/v2\/product\/4946","targetHints":{"allow":["GET"]}}],"collection":[{"href":"https:\/\/medicinasinc.com\/fi\/wp-json\/wp\/v2\/product"}],"about":[{"href":"https:\/\/medicinasinc.com\/fi\/wp-json\/wp\/v2\/types\/product"}],"replies":[{"embeddable":true,"href":"https:\/\/medicinasinc.com\/fi\/wp-json\/wp\/v2\/comments?post=4946"}],"wp:featuredmedia":[{"embeddable":true,"href":"https:\/\/medicinasinc.com\/fi\/wp-json\/wp\/v2\/media\/4960"}],"wp:attachment":[{"href":"https:\/\/medicinasinc.com\/fi\/wp-json\/wp\/v2\/media?parent=4946"}],"wp:term":[{"taxonomy":"product_brand","embeddable":true,"href":"https:\/\/medicinasinc.com\/fi\/wp-json\/wp\/v2\/product_brand?post=4946"},{"taxonomy":"product_cat","embeddable":true,"href":"https:\/\/medicinasinc.com\/fi\/wp-json\/wp\/v2\/product_cat?post=4946"},{"taxonomy":"product_tag","embeddable":true,"href":"https:\/\/medicinasinc.com\/fi\/wp-json\/wp\/v2\/product_tag?post=4946"}],"curies":[{"name":"wp","href":"https:\/\/api.w.org\/{rel}","templated":true}]}}