{"id":4940,"date":"2022-02-20T18:04:10","date_gmt":"2022-02-20T18:04:10","guid":{"rendered":"https:\/\/medicinasinc.com\/fi\/?post_type=product&#038;p=4940"},"modified":"2022-03-22T01:11:29","modified_gmt":"2022-03-22T01:11:29","slug":"osta-durban-myrkky-marihuana","status":"publish","type":"product","link":"https:\/\/medicinasinc.com\/fi\/product\/osta-durban-myrkky-marihuana\/","title":{"rendered":"Osta Durban Poison Marihuana"},"content":{"rendered":"<p>Durban Poison Marijuana -kannan osto verkossa<\/p>\n<p>T\u00e4m\u00e4 eritt\u00e4in tehokas kanta aiheuttaa vakavan iskun aivoihin. Durban Poison on puhdas sativakanta, joka on etel\u00e4afrikkalaisen sativa-kannan rakastettu sis\u00e4siittoinen j\u00e4lkel\u00e4inen. 1970-luvulla amerikkalainen kannabisaktivisti Ed Rosenthal tunnisti alkuper\u00e4isen kannan ja toi sen Yhdysvaltoihin. Se on ollut pitk\u00e4\u00e4n suosikki stonersin ja l\u00e4\u00e4ketieteellisten marihuanapotilaiden keskuudessa t\u00e4ss\u00e4 kaupungissa. Durban Poisonin THC-pitoisuus on jopa 24 %, joten se on yksi tehokkaimmista saatavilla olevista kannoista. T\u00e4m\u00e4 kanta tarjoaa tehokkaan, miellytt\u00e4v\u00e4n p\u00e4\u00e4n korkealle, joka on ihanteellinen luoviin ponnisteluihin ja p\u00e4iv\u00e4saikaan. Suun kuivumisen ohella vainoharhaisuus on mahdollinen haittavaikutus. Durban Poison on tehokas hoito masennukseen ja ahdistukseen sek\u00e4 krooniseen kipuun ja pahoinvointiin. T\u00e4m\u00e4 kanta on hyv\u00e4 rikasteiden luomiseen, koska silmussa on runsaasti suuria trikomia. Durban Poisonin hallitseva tuoksu ja maku ovat maanl\u00e4heisi\u00e4 ja makeita, ja niiss\u00e4 on heikko m\u00e4nnyn tuoksu. Silmut ovat py\u00f6reit\u00e4 ja paksuja, runsaiden trikomien peitossa. T\u00e4m\u00e4 kanta on ihanteellinen fyysisen aktiivisuuden, askareiden ja muiden p\u00e4iv\u00e4nvalon toimintojen aikana.<\/p>\n","protected":false},"excerpt":{"rendered":"<div class=\"woocommerce-product-details__short-description\">\n<p>Durban Poisonin THC-pitoisuus on jopa 24 %, mik\u00e4 tekee siit\u00e4 yhden maailman&#8230; ett\u00e4 n\u00e4iss\u00e4 kaupoissa myyd\u00e4\u00e4n joitain n\u00e4ist\u00e4 ainutlaatuisista kannoista.<\/p>\n<p>Durban Poison -kanta on ker\u00e4nnyt maailmanlaajuista vetovoimaa miellytt\u00e4v\u00e4n tuoksunsa ja energisoivien, kohottavien vaikutustensa ansiosta. Tule k\u00e4ym\u00e4\u00e4n.<\/p>\n<p>Durban Poison Marijuana -kantaa voi ostaa verkosta. Durban Poison on afrikkalainen Sativa Landrace -kannabiskanta. Erinomainen potilaille, jotka etsiv\u00e4t vahvaa aivorasitusta, joka auttaa taistelussa stressi\u00e4 ja v\u00e4symyst\u00e4 vastaan.<\/p>\n<\/p><\/div>\n","protected":false},"featured_media":4954,"comment_status":"open","ping_status":"closed","template":"","meta":[],"product_brand":[],"product_cat":[778],"product_tag":[819,822,820,825,823,821,824,826],"class_list":{"0":"post-4940","1":"product","2":"type-product","3":"status-publish","4":"has-post-thumbnail","6":"product_cat-ruohoa-myytvn","7":"product_tag-best-durban-poison-seeds","8":"product_tag-durban-myrkky-kasvaa","9":"product_tag-durban-poison-autoflower","10":"product_tag-durban-poison-veg-time","11":"product_tag-durban-myrkkyhistoria","12":"product_tag-durban-poison-ristit","13":"product_tag-durban-myrkky-siemenet-etel-afrikka","14":"product_tag-on-durban-sama-kuin-durban-myrkky","16":"first","17":"instock","18":"shipping-taxable","19":"purchasable","20":"product-type-variable","21":"has-default-attributes"},"yoast_head":"<!-- This site is optimized with the Yoast SEO plugin v27.3 - https:\/\/yoast.com\/product\/yoast-seo-wordpress\/ -->\n<title>Osta Durban Poison Marihuana - parhaat maailmanlaajuiset l\u00e4\u00e4kkeet<\/title>\n<meta name=\"description\" content=\"Osta Durban Poison -kantaa myyt\u00e4v\u00e4ksi verkossa, se on saavuttanut suosiota maailmanlaajuisesti makean tuoksunsa ja energisten, kohottavien vaikutusten ansiosta. Tule k\u00e4ym\u00e4\u00e4n meill\u00e4.\" \/>\n<meta name=\"robots\" content=\"index, follow, max-snippet:-1, max-image-preview:large, max-video-preview:-1\" \/>\n<link rel=\"canonical\" href=\"https:\/\/medicinasinc.com\/fi\/product\/osta-durban-myrkky-marihuana\/\" \/>\n<meta property=\"og:locale\" content=\"en_US\" \/>\n<meta property=\"og:type\" content=\"article\" \/>\n<meta property=\"og:title\" content=\"Osta Durban Poison Marihuana - parhaat maailmanlaajuiset l\u00e4\u00e4kkeet\" \/>\n<meta property=\"og:description\" content=\"Osta Durban Poison -kantaa myyt\u00e4v\u00e4ksi verkossa, se on saavuttanut suosiota maailmanlaajuisesti makean tuoksunsa ja energisten, kohottavien vaikutusten ansiosta. Tule k\u00e4ym\u00e4\u00e4n meill\u00e4.\" \/>\n<meta property=\"og:url\" content=\"https:\/\/medicinasinc.com\/fi\/product\/osta-durban-myrkky-marihuana\/\" \/>\n<meta property=\"og:site_name\" content=\"Medicinas Inc\" \/>\n<meta property=\"article:modified_time\" content=\"2022-03-22T01:11:29+00:00\" \/>\n<meta property=\"og:image\" content=\"https:\/\/medicinasinc.com\/fi\/wp-content\/uploads\/sites\/12\/2022\/02\/Buy-Durban-Poison-Marijuana.jpg\" \/>\n\t<meta property=\"og:image:width\" content=\"225\" \/>\n\t<meta property=\"og:image:height\" content=\"225\" \/>\n\t<meta property=\"og:image:type\" content=\"image\/jpeg\" \/>\n<meta name=\"twitter:card\" content=\"summary_large_image\" \/>\n<meta name=\"twitter:label1\" content=\"Est. reading time\" \/>\n\t<meta name=\"twitter:data1\" content=\"1 minute\" \/>\n<script type=\"application\/ld+json\" class=\"yoast-schema-graph\">{\"@context\":\"https:\\\/\\\/schema.org\",\"@graph\":[{\"@type\":\"WebPage\",\"@id\":\"https:\\\/\\\/medicinasinc.com\\\/fi\\\/product\\\/osta-durban-myrkky-marihuana\\\/\",\"url\":\"https:\\\/\\\/medicinasinc.com\\\/fi\\\/product\\\/osta-durban-myrkky-marihuana\\\/\",\"name\":\"Osta Durban Poison Marihuana - parhaat maailmanlaajuiset l\u00e4\u00e4kkeet\",\"isPartOf\":{\"@id\":\"https:\\\/\\\/medicinasinc.com\\\/fi\\\/#website\"},\"primaryImageOfPage\":{\"@id\":\"https:\\\/\\\/medicinasinc.com\\\/fi\\\/product\\\/osta-durban-myrkky-marihuana\\\/#primaryimage\"},\"image\":{\"@id\":\"https:\\\/\\\/medicinasinc.com\\\/fi\\\/product\\\/osta-durban-myrkky-marihuana\\\/#primaryimage\"},\"thumbnailUrl\":\"https:\\\/\\\/medicinasinc.com\\\/fi\\\/wp-content\\\/uploads\\\/sites\\\/12\\\/2022\\\/02\\\/Buy-Durban-Poison-Marijuana.jpg\",\"datePublished\":\"2022-02-20T18:04:10+00:00\",\"dateModified\":\"2022-03-22T01:11:29+00:00\",\"description\":\"Osta Durban Poison -kantaa myyt\u00e4v\u00e4ksi verkossa, se on saavuttanut suosiota maailmanlaajuisesti makean tuoksunsa ja energisten, kohottavien vaikutusten ansiosta. Tule k\u00e4ym\u00e4\u00e4n meill\u00e4.\",\"breadcrumb\":{\"@id\":\"https:\\\/\\\/medicinasinc.com\\\/fi\\\/product\\\/osta-durban-myrkky-marihuana\\\/#breadcrumb\"},\"inLanguage\":\"en-US\",\"potentialAction\":[{\"@type\":\"ReadAction\",\"target\":[\"https:\\\/\\\/medicinasinc.com\\\/fi\\\/product\\\/osta-durban-myrkky-marihuana\\\/\"]}]},{\"@type\":\"ImageObject\",\"inLanguage\":\"en-US\",\"@id\":\"https:\\\/\\\/medicinasinc.com\\\/fi\\\/product\\\/osta-durban-myrkky-marihuana\\\/#primaryimage\",\"url\":\"https:\\\/\\\/medicinasinc.com\\\/fi\\\/wp-content\\\/uploads\\\/sites\\\/12\\\/2022\\\/02\\\/Buy-Durban-Poison-Marijuana.jpg\",\"contentUrl\":\"https:\\\/\\\/medicinasinc.com\\\/fi\\\/wp-content\\\/uploads\\\/sites\\\/12\\\/2022\\\/02\\\/Buy-Durban-Poison-Marijuana.jpg\",\"width\":225,\"height\":225},{\"@type\":\"BreadcrumbList\",\"@id\":\"https:\\\/\\\/medicinasinc.com\\\/fi\\\/product\\\/osta-durban-myrkky-marihuana\\\/#breadcrumb\",\"itemListElement\":[{\"@type\":\"ListItem\",\"position\":1,\"name\":\"Myym\u00e4l\u00e4\",\"item\":\"https:\\\/\\\/medicinasinc.com\\\/fi\\\/myymala\\\/\"},{\"@type\":\"ListItem\",\"position\":2,\"name\":\"Osta Durban Poison Marihuana\"}]},{\"@type\":\"WebSite\",\"@id\":\"https:\\\/\\\/medicinasinc.com\\\/fi\\\/#website\",\"url\":\"https:\\\/\\\/medicinasinc.com\\\/fi\\\/\",\"name\":\"Medicinas Inc\",\"description\":\"Health Medical Clinic\",\"potentialAction\":[{\"@type\":\"SearchAction\",\"target\":{\"@type\":\"EntryPoint\",\"urlTemplate\":\"https:\\\/\\\/medicinasinc.com\\\/fi\\\/?s={search_term_string}\"},\"query-input\":{\"@type\":\"PropertyValueSpecification\",\"valueRequired\":true,\"valueName\":\"search_term_string\"}}],\"inLanguage\":\"en-US\"}]}<\/script>\n<!-- \/ Yoast SEO plugin. -->","yoast_head_json":{"title":"Osta Durban Poison Marihuana - parhaat maailmanlaajuiset l\u00e4\u00e4kkeet","description":"Osta Durban Poison -kantaa myyt\u00e4v\u00e4ksi verkossa, se on saavuttanut suosiota maailmanlaajuisesti makean tuoksunsa ja energisten, kohottavien vaikutusten ansiosta. Tule k\u00e4ym\u00e4\u00e4n meill\u00e4.","robots":{"index":"index","follow":"follow","max-snippet":"max-snippet:-1","max-image-preview":"max-image-preview:large","max-video-preview":"max-video-preview:-1"},"canonical":"https:\/\/medicinasinc.com\/fi\/product\/osta-durban-myrkky-marihuana\/","og_locale":"en_US","og_type":"article","og_title":"Osta Durban Poison Marihuana - parhaat maailmanlaajuiset l\u00e4\u00e4kkeet","og_description":"Osta Durban Poison -kantaa myyt\u00e4v\u00e4ksi verkossa, se on saavuttanut suosiota maailmanlaajuisesti makean tuoksunsa ja energisten, kohottavien vaikutusten ansiosta. Tule k\u00e4ym\u00e4\u00e4n meill\u00e4.","og_url":"https:\/\/medicinasinc.com\/fi\/product\/osta-durban-myrkky-marihuana\/","og_site_name":"Medicinas Inc","article_modified_time":"2022-03-22T01:11:29+00:00","og_image":[{"width":225,"height":225,"url":"https:\/\/medicinasinc.com\/fi\/wp-content\/uploads\/sites\/12\/2022\/02\/Buy-Durban-Poison-Marijuana.jpg","type":"image\/jpeg"}],"twitter_card":"summary_large_image","twitter_misc":{"Est. reading time":"1 minute"},"schema":{"@context":"https:\/\/schema.org","@graph":[{"@type":"WebPage","@id":"https:\/\/medicinasinc.com\/fi\/product\/osta-durban-myrkky-marihuana\/","url":"https:\/\/medicinasinc.com\/fi\/product\/osta-durban-myrkky-marihuana\/","name":"Osta Durban Poison Marihuana - parhaat maailmanlaajuiset l\u00e4\u00e4kkeet","isPartOf":{"@id":"https:\/\/medicinasinc.com\/fi\/#website"},"primaryImageOfPage":{"@id":"https:\/\/medicinasinc.com\/fi\/product\/osta-durban-myrkky-marihuana\/#primaryimage"},"image":{"@id":"https:\/\/medicinasinc.com\/fi\/product\/osta-durban-myrkky-marihuana\/#primaryimage"},"thumbnailUrl":"https:\/\/medicinasinc.com\/fi\/wp-content\/uploads\/sites\/12\/2022\/02\/Buy-Durban-Poison-Marijuana.jpg","datePublished":"2022-02-20T18:04:10+00:00","dateModified":"2022-03-22T01:11:29+00:00","description":"Osta Durban Poison -kantaa myyt\u00e4v\u00e4ksi verkossa, se on saavuttanut suosiota maailmanlaajuisesti makean tuoksunsa ja energisten, kohottavien vaikutusten ansiosta. Tule k\u00e4ym\u00e4\u00e4n meill\u00e4.","breadcrumb":{"@id":"https:\/\/medicinasinc.com\/fi\/product\/osta-durban-myrkky-marihuana\/#breadcrumb"},"inLanguage":"en-US","potentialAction":[{"@type":"ReadAction","target":["https:\/\/medicinasinc.com\/fi\/product\/osta-durban-myrkky-marihuana\/"]}]},{"@type":"ImageObject","inLanguage":"en-US","@id":"https:\/\/medicinasinc.com\/fi\/product\/osta-durban-myrkky-marihuana\/#primaryimage","url":"https:\/\/medicinasinc.com\/fi\/wp-content\/uploads\/sites\/12\/2022\/02\/Buy-Durban-Poison-Marijuana.jpg","contentUrl":"https:\/\/medicinasinc.com\/fi\/wp-content\/uploads\/sites\/12\/2022\/02\/Buy-Durban-Poison-Marijuana.jpg","width":225,"height":225},{"@type":"BreadcrumbList","@id":"https:\/\/medicinasinc.com\/fi\/product\/osta-durban-myrkky-marihuana\/#breadcrumb","itemListElement":[{"@type":"ListItem","position":1,"name":"Myym\u00e4l\u00e4","item":"https:\/\/medicinasinc.com\/fi\/myymala\/"},{"@type":"ListItem","position":2,"name":"Osta Durban Poison Marihuana"}]},{"@type":"WebSite","@id":"https:\/\/medicinasinc.com\/fi\/#website","url":"https:\/\/medicinasinc.com\/fi\/","name":"Medicinas Inc","description":"Health Medical Clinic","potentialAction":[{"@type":"SearchAction","target":{"@type":"EntryPoint","urlTemplate":"https:\/\/medicinasinc.com\/fi\/?s={search_term_string}"},"query-input":{"@type":"PropertyValueSpecification","valueRequired":true,"valueName":"search_term_string"}}],"inLanguage":"en-US"}]}},"_links":{"self":[{"href":"https:\/\/medicinasinc.com\/fi\/wp-json\/wp\/v2\/product\/4940","targetHints":{"allow":["GET"]}}],"collection":[{"href":"https:\/\/medicinasinc.com\/fi\/wp-json\/wp\/v2\/product"}],"about":[{"href":"https:\/\/medicinasinc.com\/fi\/wp-json\/wp\/v2\/types\/product"}],"replies":[{"embeddable":true,"href":"https:\/\/medicinasinc.com\/fi\/wp-json\/wp\/v2\/comments?post=4940"}],"wp:featuredmedia":[{"embeddable":true,"href":"https:\/\/medicinasinc.com\/fi\/wp-json\/wp\/v2\/media\/4954"}],"wp:attachment":[{"href":"https:\/\/medicinasinc.com\/fi\/wp-json\/wp\/v2\/media?parent=4940"}],"wp:term":[{"taxonomy":"product_brand","embeddable":true,"href":"https:\/\/medicinasinc.com\/fi\/wp-json\/wp\/v2\/product_brand?post=4940"},{"taxonomy":"product_cat","embeddable":true,"href":"https:\/\/medicinasinc.com\/fi\/wp-json\/wp\/v2\/product_cat?post=4940"},{"taxonomy":"product_tag","embeddable":true,"href":"https:\/\/medicinasinc.com\/fi\/wp-json\/wp\/v2\/product_tag?post=4940"}],"curies":[{"name":"wp","href":"https:\/\/api.w.org\/{rel}","templated":true}]}}