{"id":4938,"date":"2022-02-20T18:02:35","date_gmt":"2022-02-20T18:02:35","guid":{"rendered":"https:\/\/medicinasinc.com\/fi\/?post_type=product&#038;p=4938"},"modified":"2022-03-22T01:11:37","modified_gmt":"2022-03-22T01:11:37","slug":"osta-kirsikkapiirakka-marihuana-kanta","status":"publish","type":"product","link":"https:\/\/medicinasinc.com\/fi\/product\/osta-kirsikkapiirakka-marihuana-kanta\/","title":{"rendered":"Osta Cherry Pie Marihuana Strain"},"content":{"rendered":"<p>Cherry Pie -marihuanakannan verkkoosto.<\/p>\n<p>Cherry Pie -marihuanakannan verkkoosto.<\/p>\n<p>Cherry Pie -marihuanakantaa voi ostaa verkosta. Hybridi &#8211; 80 % Indica \/ 20 % Sativa THC: 16\u201324 %, CBD: 1 %<\/p>\n<p>Vaikutukset<br \/> Luovuutta, euforiaa, tyytyv\u00e4isyytt\u00e4 ja rentoutumista<br \/> Mahdollisesti lievitt\u00e4v\u00e4<br \/> Huomio-\/hyperaktiivisuush\u00e4iri\u00f6, ahdistuneisuus, kaksisuuntainen mielialah\u00e4iri\u00f6, krooninen kipu, masennus, hyperaktiivisuus ja unettomuus<br \/> Maut<br \/> Marjat, kirsikat ja makeat<br \/> Aromit<br \/> Kirsikka, mustikka, maanl\u00e4heinen, ja makea<\/p>\n","protected":false},"excerpt":{"rendered":"<p>Osta Cherry Pie Marihuana Strain verkosta. Cherry Pie Marihuana Strain voi ostaa verkosta. Hybridi &#8211; 80 % Indica \/ 20 % Sativa THC: 16\u201324 %, CBD: 1 %<\/p>\n","protected":false},"featured_media":4952,"comment_status":"open","ping_status":"closed","template":"","meta":[],"product_brand":[],"product_cat":[778],"product_tag":[811,816,817,818,815,812,813,814],"class_list":{"0":"post-4938","1":"product","2":"type-product","3":"status-publish","4":"has-post-thumbnail","6":"product_cat-ruohoa-myytvn","7":"product_tag-cherry-pie-og-strain","8":"product_tag-cherry-pie-strain-price","9":"product_tag-cherry-pie-strain-sativa-or-indica","10":"product_tag-cherry-pie-strain-yield","11":"product_tag-kirsikkapiirakka-kanta-vaikutukset","12":"product_tag-kirsikkapiirakka-resepti","13":"product_tag-kirsikkapiirakan-siemeni","14":"product_tag-kirsikkapiirakka-strain-allbud","16":"first","17":"instock","18":"shipping-taxable","19":"purchasable","20":"product-type-variable","21":"has-default-attributes"},"yoast_head":"<!-- This site is optimized with the Yoast SEO plugin v27.3 - https:\/\/yoast.com\/product\/yoast-seo-wordpress\/ -->\n<title>Osta Cherry Pie Marihuana Strain - parhaat maailmanlaajuiset l\u00e4\u00e4kkeet<\/title>\n<meta name=\"description\" content=\"Osta Cherry Pie Marihuana Strain myyt\u00e4v\u00e4n\u00e4 verkossa. Osta Cherry Pie Marihuana Strain verkosta. Hybridi \u2013 80 % Indica \/ 20 % Sativa THC: 16 % \u2013 24 %, CBD: 1 %\" \/>\n<meta name=\"robots\" content=\"index, follow, max-snippet:-1, max-image-preview:large, max-video-preview:-1\" \/>\n<link rel=\"canonical\" href=\"https:\/\/medicinasinc.com\/fi\/product\/osta-kirsikkapiirakka-marihuana-kanta\/\" \/>\n<meta property=\"og:locale\" content=\"en_US\" \/>\n<meta property=\"og:type\" content=\"article\" \/>\n<meta property=\"og:title\" content=\"Osta Cherry Pie Marihuana Strain - parhaat maailmanlaajuiset l\u00e4\u00e4kkeet\" \/>\n<meta property=\"og:description\" content=\"Osta Cherry Pie Marihuana Strain myyt\u00e4v\u00e4n\u00e4 verkossa. Osta Cherry Pie Marihuana Strain verkosta. Hybridi \u2013 80 % Indica \/ 20 % Sativa THC: 16 % \u2013 24 %, CBD: 1 %\" \/>\n<meta property=\"og:url\" content=\"https:\/\/medicinasinc.com\/fi\/product\/osta-kirsikkapiirakka-marihuana-kanta\/\" \/>\n<meta property=\"og:site_name\" content=\"Medicinas Inc\" \/>\n<meta property=\"article:modified_time\" content=\"2022-03-22T01:11:37+00:00\" \/>\n<meta property=\"og:image\" content=\"https:\/\/medicinasinc.com\/fi\/wp-content\/uploads\/sites\/12\/2022\/02\/Buy-Cherry-Pie-Marijuana.jpg\" \/>\n\t<meta property=\"og:image:width\" content=\"1080\" \/>\n\t<meta property=\"og:image:height\" content=\"1080\" \/>\n\t<meta property=\"og:image:type\" content=\"image\/jpeg\" \/>\n<meta name=\"twitter:card\" content=\"summary_large_image\" \/>\n<meta name=\"twitter:label1\" content=\"Est. reading time\" \/>\n\t<meta name=\"twitter:data1\" content=\"1 minute\" \/>\n<script type=\"application\/ld+json\" class=\"yoast-schema-graph\">{\"@context\":\"https:\\\/\\\/schema.org\",\"@graph\":[{\"@type\":\"WebPage\",\"@id\":\"https:\\\/\\\/medicinasinc.com\\\/fi\\\/product\\\/osta-kirsikkapiirakka-marihuana-kanta\\\/\",\"url\":\"https:\\\/\\\/medicinasinc.com\\\/fi\\\/product\\\/osta-kirsikkapiirakka-marihuana-kanta\\\/\",\"name\":\"Osta Cherry Pie Marihuana Strain - parhaat maailmanlaajuiset l\u00e4\u00e4kkeet\",\"isPartOf\":{\"@id\":\"https:\\\/\\\/medicinasinc.com\\\/fi\\\/#website\"},\"primaryImageOfPage\":{\"@id\":\"https:\\\/\\\/medicinasinc.com\\\/fi\\\/product\\\/osta-kirsikkapiirakka-marihuana-kanta\\\/#primaryimage\"},\"image\":{\"@id\":\"https:\\\/\\\/medicinasinc.com\\\/fi\\\/product\\\/osta-kirsikkapiirakka-marihuana-kanta\\\/#primaryimage\"},\"thumbnailUrl\":\"https:\\\/\\\/medicinasinc.com\\\/fi\\\/wp-content\\\/uploads\\\/sites\\\/12\\\/2022\\\/02\\\/Buy-Cherry-Pie-Marijuana.jpg\",\"datePublished\":\"2022-02-20T18:02:35+00:00\",\"dateModified\":\"2022-03-22T01:11:37+00:00\",\"description\":\"Osta Cherry Pie Marihuana Strain myyt\u00e4v\u00e4n\u00e4 verkossa. Osta Cherry Pie Marihuana Strain verkosta. Hybridi \u2013 80 % Indica \\\/ 20 % Sativa THC: 16 % \u2013 24 %, CBD: 1 %\",\"breadcrumb\":{\"@id\":\"https:\\\/\\\/medicinasinc.com\\\/fi\\\/product\\\/osta-kirsikkapiirakka-marihuana-kanta\\\/#breadcrumb\"},\"inLanguage\":\"en-US\",\"potentialAction\":[{\"@type\":\"ReadAction\",\"target\":[\"https:\\\/\\\/medicinasinc.com\\\/fi\\\/product\\\/osta-kirsikkapiirakka-marihuana-kanta\\\/\"]}]},{\"@type\":\"ImageObject\",\"inLanguage\":\"en-US\",\"@id\":\"https:\\\/\\\/medicinasinc.com\\\/fi\\\/product\\\/osta-kirsikkapiirakka-marihuana-kanta\\\/#primaryimage\",\"url\":\"https:\\\/\\\/medicinasinc.com\\\/fi\\\/wp-content\\\/uploads\\\/sites\\\/12\\\/2022\\\/02\\\/Buy-Cherry-Pie-Marijuana.jpg\",\"contentUrl\":\"https:\\\/\\\/medicinasinc.com\\\/fi\\\/wp-content\\\/uploads\\\/sites\\\/12\\\/2022\\\/02\\\/Buy-Cherry-Pie-Marijuana.jpg\",\"width\":1080,\"height\":1080},{\"@type\":\"BreadcrumbList\",\"@id\":\"https:\\\/\\\/medicinasinc.com\\\/fi\\\/product\\\/osta-kirsikkapiirakka-marihuana-kanta\\\/#breadcrumb\",\"itemListElement\":[{\"@type\":\"ListItem\",\"position\":1,\"name\":\"Myym\u00e4l\u00e4\",\"item\":\"https:\\\/\\\/medicinasinc.com\\\/fi\\\/myymala\\\/\"},{\"@type\":\"ListItem\",\"position\":2,\"name\":\"Osta Cherry Pie Marihuana Strain\"}]},{\"@type\":\"WebSite\",\"@id\":\"https:\\\/\\\/medicinasinc.com\\\/fi\\\/#website\",\"url\":\"https:\\\/\\\/medicinasinc.com\\\/fi\\\/\",\"name\":\"Medicinas Inc\",\"description\":\"Health Medical Clinic\",\"potentialAction\":[{\"@type\":\"SearchAction\",\"target\":{\"@type\":\"EntryPoint\",\"urlTemplate\":\"https:\\\/\\\/medicinasinc.com\\\/fi\\\/?s={search_term_string}\"},\"query-input\":{\"@type\":\"PropertyValueSpecification\",\"valueRequired\":true,\"valueName\":\"search_term_string\"}}],\"inLanguage\":\"en-US\"}]}<\/script>\n<!-- \/ Yoast SEO plugin. -->","yoast_head_json":{"title":"Osta Cherry Pie Marihuana Strain - parhaat maailmanlaajuiset l\u00e4\u00e4kkeet","description":"Osta Cherry Pie Marihuana Strain myyt\u00e4v\u00e4n\u00e4 verkossa. Osta Cherry Pie Marihuana Strain verkosta. Hybridi \u2013 80 % Indica \/ 20 % Sativa THC: 16 % \u2013 24 %, CBD: 1 %","robots":{"index":"index","follow":"follow","max-snippet":"max-snippet:-1","max-image-preview":"max-image-preview:large","max-video-preview":"max-video-preview:-1"},"canonical":"https:\/\/medicinasinc.com\/fi\/product\/osta-kirsikkapiirakka-marihuana-kanta\/","og_locale":"en_US","og_type":"article","og_title":"Osta Cherry Pie Marihuana Strain - parhaat maailmanlaajuiset l\u00e4\u00e4kkeet","og_description":"Osta Cherry Pie Marihuana Strain myyt\u00e4v\u00e4n\u00e4 verkossa. Osta Cherry Pie Marihuana Strain verkosta. Hybridi \u2013 80 % Indica \/ 20 % Sativa THC: 16 % \u2013 24 %, CBD: 1 %","og_url":"https:\/\/medicinasinc.com\/fi\/product\/osta-kirsikkapiirakka-marihuana-kanta\/","og_site_name":"Medicinas Inc","article_modified_time":"2022-03-22T01:11:37+00:00","og_image":[{"width":1080,"height":1080,"url":"https:\/\/medicinasinc.com\/fi\/wp-content\/uploads\/sites\/12\/2022\/02\/Buy-Cherry-Pie-Marijuana.jpg","type":"image\/jpeg"}],"twitter_card":"summary_large_image","twitter_misc":{"Est. reading time":"1 minute"},"schema":{"@context":"https:\/\/schema.org","@graph":[{"@type":"WebPage","@id":"https:\/\/medicinasinc.com\/fi\/product\/osta-kirsikkapiirakka-marihuana-kanta\/","url":"https:\/\/medicinasinc.com\/fi\/product\/osta-kirsikkapiirakka-marihuana-kanta\/","name":"Osta Cherry Pie Marihuana Strain - parhaat maailmanlaajuiset l\u00e4\u00e4kkeet","isPartOf":{"@id":"https:\/\/medicinasinc.com\/fi\/#website"},"primaryImageOfPage":{"@id":"https:\/\/medicinasinc.com\/fi\/product\/osta-kirsikkapiirakka-marihuana-kanta\/#primaryimage"},"image":{"@id":"https:\/\/medicinasinc.com\/fi\/product\/osta-kirsikkapiirakka-marihuana-kanta\/#primaryimage"},"thumbnailUrl":"https:\/\/medicinasinc.com\/fi\/wp-content\/uploads\/sites\/12\/2022\/02\/Buy-Cherry-Pie-Marijuana.jpg","datePublished":"2022-02-20T18:02:35+00:00","dateModified":"2022-03-22T01:11:37+00:00","description":"Osta Cherry Pie Marihuana Strain myyt\u00e4v\u00e4n\u00e4 verkossa. Osta Cherry Pie Marihuana Strain verkosta. Hybridi \u2013 80 % Indica \/ 20 % Sativa THC: 16 % \u2013 24 %, CBD: 1 %","breadcrumb":{"@id":"https:\/\/medicinasinc.com\/fi\/product\/osta-kirsikkapiirakka-marihuana-kanta\/#breadcrumb"},"inLanguage":"en-US","potentialAction":[{"@type":"ReadAction","target":["https:\/\/medicinasinc.com\/fi\/product\/osta-kirsikkapiirakka-marihuana-kanta\/"]}]},{"@type":"ImageObject","inLanguage":"en-US","@id":"https:\/\/medicinasinc.com\/fi\/product\/osta-kirsikkapiirakka-marihuana-kanta\/#primaryimage","url":"https:\/\/medicinasinc.com\/fi\/wp-content\/uploads\/sites\/12\/2022\/02\/Buy-Cherry-Pie-Marijuana.jpg","contentUrl":"https:\/\/medicinasinc.com\/fi\/wp-content\/uploads\/sites\/12\/2022\/02\/Buy-Cherry-Pie-Marijuana.jpg","width":1080,"height":1080},{"@type":"BreadcrumbList","@id":"https:\/\/medicinasinc.com\/fi\/product\/osta-kirsikkapiirakka-marihuana-kanta\/#breadcrumb","itemListElement":[{"@type":"ListItem","position":1,"name":"Myym\u00e4l\u00e4","item":"https:\/\/medicinasinc.com\/fi\/myymala\/"},{"@type":"ListItem","position":2,"name":"Osta Cherry Pie Marihuana Strain"}]},{"@type":"WebSite","@id":"https:\/\/medicinasinc.com\/fi\/#website","url":"https:\/\/medicinasinc.com\/fi\/","name":"Medicinas Inc","description":"Health Medical Clinic","potentialAction":[{"@type":"SearchAction","target":{"@type":"EntryPoint","urlTemplate":"https:\/\/medicinasinc.com\/fi\/?s={search_term_string}"},"query-input":{"@type":"PropertyValueSpecification","valueRequired":true,"valueName":"search_term_string"}}],"inLanguage":"en-US"}]}},"_links":{"self":[{"href":"https:\/\/medicinasinc.com\/fi\/wp-json\/wp\/v2\/product\/4938","targetHints":{"allow":["GET"]}}],"collection":[{"href":"https:\/\/medicinasinc.com\/fi\/wp-json\/wp\/v2\/product"}],"about":[{"href":"https:\/\/medicinasinc.com\/fi\/wp-json\/wp\/v2\/types\/product"}],"replies":[{"embeddable":true,"href":"https:\/\/medicinasinc.com\/fi\/wp-json\/wp\/v2\/comments?post=4938"}],"wp:featuredmedia":[{"embeddable":true,"href":"https:\/\/medicinasinc.com\/fi\/wp-json\/wp\/v2\/media\/4952"}],"wp:attachment":[{"href":"https:\/\/medicinasinc.com\/fi\/wp-json\/wp\/v2\/media?parent=4938"}],"wp:term":[{"taxonomy":"product_brand","embeddable":true,"href":"https:\/\/medicinasinc.com\/fi\/wp-json\/wp\/v2\/product_brand?post=4938"},{"taxonomy":"product_cat","embeddable":true,"href":"https:\/\/medicinasinc.com\/fi\/wp-json\/wp\/v2\/product_cat?post=4938"},{"taxonomy":"product_tag","embeddable":true,"href":"https:\/\/medicinasinc.com\/fi\/wp-json\/wp\/v2\/product_tag?post=4938"}],"curies":[{"name":"wp","href":"https:\/\/api.w.org\/{rel}","templated":true}]}}