{"id":4928,"date":"2022-02-20T17:53:26","date_gmt":"2022-02-20T17:53:26","guid":{"rendered":"https:\/\/medicinasinc.com\/fi\/?post_type=product&#038;p=4928"},"modified":"2022-03-22T01:11:48","modified_gmt":"2022-03-22T01:11:48","slug":"osta-kekseja-gelato","status":"publish","type":"product","link":"https:\/\/medicinasinc.com\/fi\/product\/osta-kekseja-gelato\/","title":{"rendered":"Osta Cookies Gelato"},"content":{"rendered":"<p>Cookies Gelato on kahden maineikkaan marihuanalajin j\u00e4lkel\u00e4inen. H\u00e4n peri j\u00e4rjett\u00f6m\u00e4n m\u00e4\u00e4r\u00e4n tehoa, makean maun ja uskomattoman m\u00e4\u00e4r\u00e4n tuottavuutta. Ja Cali Bliss on optimoinut jokaisen n\u00e4ist\u00e4 elementeist\u00e4. T\u00e4m\u00e4 on nyt #2, ja sit\u00e4 on parannettu merkitt\u00e4v\u00e4sti. Lis\u00e4ksi k\u00e4ytet\u00e4\u00e4n 25 % THC:t\u00e4 23 % THC:n sijaan.<\/p>\n<p>Aluksi haluamme tarjota kontekstia t\u00e4m\u00e4n ihanan Cookies Gelato -kannan viljelij\u00f6ille. Cali Bliss on suhteellisen uusi viljelij\u00e4tiimi. N\u00e4m\u00e4 ovat raskaita hittej\u00e4, ja meill\u00e4 on kest\u00e4nyt noin puolitoista vuotta varastoida joitain heid\u00e4n kantojaan. Meill\u00e4 on ollut onni hankkia niist\u00e4 kolme t\u00e4ll\u00e4 hetkell\u00e4. Ne on omistettu autenttiselle Kalifornian genetiialle, mutta kierteell\u00e4. Tietyt kannat kest\u00e4v\u00e4t vuosia kehitty\u00e4 siihen pisteeseen, ett\u00e4 n\u00e4m\u00e4 kaverit ovat tyytyv\u00e4isi\u00e4.<\/p>\n<p>&#8220;Kun kulutat enemm\u00e4n kannabista, sietokykysi paranee. Aloittelijoilta ei vaadi paljoa tullakseen kivetyksi. Muutama tuulahdus heikko kanta riitt\u00e4\u00e4. Usean vuoden kuluttua kuitenkin kokeneet tupakoitsijat tarvitsevat vahvempaa marihuanaa saavuttaakseen samat vaikutukset. Yksi n\u00e4ist\u00e4 kannoista on Cookies Gelato. H\u00e4n antaa hirvi\u00f6m\u00e4isen THC-annoksen, joka kuljettaa mielen v\u00e4litt\u00f6m\u00e4sti muuttuneeseen tajunnan tilaan ja yll\u00e4pit\u00e4\u00e4 sit\u00e4 tuntikausia.&#8221;<\/p>\n<p>Ev\u00e4steet Gelaton mahtavat vaikutukset ovat seurausta h\u00e4nen vahvoista vanhemmistaan \u200b\u200bGirl Scout Cookiesista ja Gelatosta. T\u00e4m\u00e4 dynaaminen duo on kuitenkin tunnettu muustakin kuin raa&#8217;asta vahvuudestaan. Kuten niiden nimet antavat ymm\u00e4rt\u00e4\u00e4, molemmilla on makea ja sokerinen terpeeniprofiili. Cookies Gelato ilment\u00e4\u00e4 n\u00e4iden molempien legendaaristen lajikkeiden parhaat ominaisuudet.<\/p>\n<p>T\u00e4m\u00e4n kaverin silmut ovat harvat ja pienet (t\u00e4m\u00e4 on geneettisesti m\u00e4\u00e4ritetty\u00e4 &#8211; sit\u00e4 ei voi kiert\u00e4\u00e4). Lis\u00e4\u00e4 p\u00f6rr\u00f6isyytt\u00e4 ja pehmeytt\u00e4. Eli itse silmulla on enemm\u00e4n ilmatilaa. T\u00e4m\u00e4 voi aiheuttaa nopeamman palovamman ja kovemman tunteen, jos sit\u00e4 ei oteta huomioon. Varmista siksi vain, ett\u00e4 se on tiukasti pakattu ilmatilan poistamiseksi. Kun rullaat liitosta tai poltat kulhoa, pakkaa se tiukasti. T\u00e4m\u00e4 on kannan luonne.<\/p>\n<p>MIT\u00c4 NUMERO KAKSI MERKITT\u00c4 <\/p>\n<p>\u2013 Lis\u00e4\u00e4ntynyt THC-pitoisuus (aiemmin 23 prosenttia, nyt 25 prosenttia)<\/p>\n<p>\u2013 Lis\u00e4ksi parempi kovettuminen ja viimeistely<\/p>\n<p>VAIKUTUKSET:<\/p>\n<p>Luova, iloinen ja euforinen<\/p>\n<p>L\u00e4\u00e4ketieteellinen:<\/p>\n<p>Ahdistus, stressi ja krooninen kipu<\/p>\n<p>THC:<\/p>\n<p>25 % <\/p>\n<div class=\"product-next-previous\">\n<div class=\"product-prev\"><\/div><\/div>\n","protected":false},"excerpt":{"rendered":"<p>Osta Marihuana Cookies Gelato myyt\u00e4v\u00e4n\u00e4 verkossa. Chem Willie on Sativa Dominant Hybrid \u2013 70 % Sativaa ja 30 % Indicaa. Indica THC: 15 %<\/p>\n","protected":false},"featured_media":4941,"comment_status":"open","ping_status":"closed","template":"","meta":[],"product_brand":[],"product_cat":[778],"product_tag":[805,806,807,809,810,808,803,804],"class_list":{"0":"post-4928","1":"product","2":"type-product","3":"status-publish","4":"has-post-thumbnail","6":"product_cat-ruohoa-myytvn","7":"product_tag-cookies-gelato-flowering-time","8":"product_tag-cookies-gelato-grow-diary","9":"product_tag-cookies-gelato-yield","10":"product_tag-gelato-cookies-strain-allbud","11":"product_tag-gelato-cookies-strain-wikileaf","12":"product_tag-gelato-keksej-ja-kermaa","13":"product_tag-keksit-gelato-42","14":"product_tag-keksit-gelato-41","16":"first","17":"instock","18":"shipping-taxable","19":"purchasable","20":"product-type-variable","21":"has-default-attributes"},"yoast_head":"<!-- This site is optimized with the Yoast SEO plugin v27.3 - https:\/\/yoast.com\/product\/yoast-seo-wordpress\/ -->\n<title>Osta Cookies Gelato - Cookies Gelato myyt\u00e4v\u00e4n\u00e4 - Parhaat maailmanlaajuiset l\u00e4\u00e4kkeet<\/title>\n<meta name=\"description\" content=\"Osta Cookies Gelato Marihuana myyt\u00e4v\u00e4n\u00e4 verkossa. Chem willie on Sativa Dominant Hybrid - 70 % Sativa \/ 30 % Indica THC: 15 %\" \/>\n<meta name=\"robots\" content=\"index, follow, max-snippet:-1, max-image-preview:large, max-video-preview:-1\" \/>\n<link rel=\"canonical\" href=\"https:\/\/medicinasinc.com\/fi\/product\/osta-kekseja-gelato\/\" \/>\n<meta property=\"og:locale\" content=\"en_US\" \/>\n<meta property=\"og:type\" content=\"article\" \/>\n<meta property=\"og:title\" content=\"Osta Cookies Gelato - Cookies Gelato myyt\u00e4v\u00e4n\u00e4 - Parhaat maailmanlaajuiset l\u00e4\u00e4kkeet\" \/>\n<meta property=\"og:description\" content=\"Osta Cookies Gelato Marihuana myyt\u00e4v\u00e4n\u00e4 verkossa. Chem willie on Sativa Dominant Hybrid - 70 % Sativa \/ 30 % Indica THC: 15 %\" \/>\n<meta property=\"og:url\" content=\"https:\/\/medicinasinc.com\/fi\/product\/osta-kekseja-gelato\/\" \/>\n<meta property=\"og:site_name\" content=\"Medicinas Inc\" \/>\n<meta property=\"article:modified_time\" content=\"2022-03-22T01:11:48+00:00\" \/>\n<meta property=\"og:image\" content=\"https:\/\/medicinasinc.com\/fi\/wp-content\/uploads\/sites\/12\/2022\/02\/Buy-Cookies-Gelato.jpg\" \/>\n\t<meta property=\"og:image:width\" content=\"420\" \/>\n\t<meta property=\"og:image:height\" content=\"630\" \/>\n\t<meta property=\"og:image:type\" content=\"image\/jpeg\" \/>\n<meta name=\"twitter:card\" content=\"summary_large_image\" \/>\n<meta name=\"twitter:label1\" content=\"Est. reading time\" \/>\n\t<meta name=\"twitter:data1\" content=\"2 minutes\" \/>\n<script type=\"application\/ld+json\" class=\"yoast-schema-graph\">{\"@context\":\"https:\\\/\\\/schema.org\",\"@graph\":[{\"@type\":\"WebPage\",\"@id\":\"https:\\\/\\\/medicinasinc.com\\\/fi\\\/product\\\/osta-kekseja-gelato\\\/\",\"url\":\"https:\\\/\\\/medicinasinc.com\\\/fi\\\/product\\\/osta-kekseja-gelato\\\/\",\"name\":\"Osta Cookies Gelato - Cookies Gelato myyt\u00e4v\u00e4n\u00e4 - Parhaat maailmanlaajuiset l\u00e4\u00e4kkeet\",\"isPartOf\":{\"@id\":\"https:\\\/\\\/medicinasinc.com\\\/fi\\\/#website\"},\"primaryImageOfPage\":{\"@id\":\"https:\\\/\\\/medicinasinc.com\\\/fi\\\/product\\\/osta-kekseja-gelato\\\/#primaryimage\"},\"image\":{\"@id\":\"https:\\\/\\\/medicinasinc.com\\\/fi\\\/product\\\/osta-kekseja-gelato\\\/#primaryimage\"},\"thumbnailUrl\":\"https:\\\/\\\/medicinasinc.com\\\/fi\\\/wp-content\\\/uploads\\\/sites\\\/12\\\/2022\\\/02\\\/Buy-Cookies-Gelato.jpg\",\"datePublished\":\"2022-02-20T17:53:26+00:00\",\"dateModified\":\"2022-03-22T01:11:48+00:00\",\"description\":\"Osta Cookies Gelato Marihuana myyt\u00e4v\u00e4n\u00e4 verkossa. Chem willie on Sativa Dominant Hybrid - 70 % Sativa \\\/ 30 % Indica THC: 15 %\",\"breadcrumb\":{\"@id\":\"https:\\\/\\\/medicinasinc.com\\\/fi\\\/product\\\/osta-kekseja-gelato\\\/#breadcrumb\"},\"inLanguage\":\"en-US\",\"potentialAction\":[{\"@type\":\"ReadAction\",\"target\":[\"https:\\\/\\\/medicinasinc.com\\\/fi\\\/product\\\/osta-kekseja-gelato\\\/\"]}]},{\"@type\":\"ImageObject\",\"inLanguage\":\"en-US\",\"@id\":\"https:\\\/\\\/medicinasinc.com\\\/fi\\\/product\\\/osta-kekseja-gelato\\\/#primaryimage\",\"url\":\"https:\\\/\\\/medicinasinc.com\\\/fi\\\/wp-content\\\/uploads\\\/sites\\\/12\\\/2022\\\/02\\\/Buy-Cookies-Gelato.jpg\",\"contentUrl\":\"https:\\\/\\\/medicinasinc.com\\\/fi\\\/wp-content\\\/uploads\\\/sites\\\/12\\\/2022\\\/02\\\/Buy-Cookies-Gelato.jpg\",\"width\":420,\"height\":630},{\"@type\":\"BreadcrumbList\",\"@id\":\"https:\\\/\\\/medicinasinc.com\\\/fi\\\/product\\\/osta-kekseja-gelato\\\/#breadcrumb\",\"itemListElement\":[{\"@type\":\"ListItem\",\"position\":1,\"name\":\"Myym\u00e4l\u00e4\",\"item\":\"https:\\\/\\\/medicinasinc.com\\\/fi\\\/myymala\\\/\"},{\"@type\":\"ListItem\",\"position\":2,\"name\":\"Osta Cookies Gelato\"}]},{\"@type\":\"WebSite\",\"@id\":\"https:\\\/\\\/medicinasinc.com\\\/fi\\\/#website\",\"url\":\"https:\\\/\\\/medicinasinc.com\\\/fi\\\/\",\"name\":\"Medicinas Inc\",\"description\":\"Health Medical Clinic\",\"potentialAction\":[{\"@type\":\"SearchAction\",\"target\":{\"@type\":\"EntryPoint\",\"urlTemplate\":\"https:\\\/\\\/medicinasinc.com\\\/fi\\\/?s={search_term_string}\"},\"query-input\":{\"@type\":\"PropertyValueSpecification\",\"valueRequired\":true,\"valueName\":\"search_term_string\"}}],\"inLanguage\":\"en-US\"}]}<\/script>\n<!-- \/ Yoast SEO plugin. -->","yoast_head_json":{"title":"Osta Cookies Gelato - Cookies Gelato myyt\u00e4v\u00e4n\u00e4 - Parhaat maailmanlaajuiset l\u00e4\u00e4kkeet","description":"Osta Cookies Gelato Marihuana myyt\u00e4v\u00e4n\u00e4 verkossa. Chem willie on Sativa Dominant Hybrid - 70 % Sativa \/ 30 % Indica THC: 15 %","robots":{"index":"index","follow":"follow","max-snippet":"max-snippet:-1","max-image-preview":"max-image-preview:large","max-video-preview":"max-video-preview:-1"},"canonical":"https:\/\/medicinasinc.com\/fi\/product\/osta-kekseja-gelato\/","og_locale":"en_US","og_type":"article","og_title":"Osta Cookies Gelato - Cookies Gelato myyt\u00e4v\u00e4n\u00e4 - Parhaat maailmanlaajuiset l\u00e4\u00e4kkeet","og_description":"Osta Cookies Gelato Marihuana myyt\u00e4v\u00e4n\u00e4 verkossa. Chem willie on Sativa Dominant Hybrid - 70 % Sativa \/ 30 % Indica THC: 15 %","og_url":"https:\/\/medicinasinc.com\/fi\/product\/osta-kekseja-gelato\/","og_site_name":"Medicinas Inc","article_modified_time":"2022-03-22T01:11:48+00:00","og_image":[{"width":420,"height":630,"url":"https:\/\/medicinasinc.com\/fi\/wp-content\/uploads\/sites\/12\/2022\/02\/Buy-Cookies-Gelato.jpg","type":"image\/jpeg"}],"twitter_card":"summary_large_image","twitter_misc":{"Est. reading time":"2 minutes"},"schema":{"@context":"https:\/\/schema.org","@graph":[{"@type":"WebPage","@id":"https:\/\/medicinasinc.com\/fi\/product\/osta-kekseja-gelato\/","url":"https:\/\/medicinasinc.com\/fi\/product\/osta-kekseja-gelato\/","name":"Osta Cookies Gelato - Cookies Gelato myyt\u00e4v\u00e4n\u00e4 - Parhaat maailmanlaajuiset l\u00e4\u00e4kkeet","isPartOf":{"@id":"https:\/\/medicinasinc.com\/fi\/#website"},"primaryImageOfPage":{"@id":"https:\/\/medicinasinc.com\/fi\/product\/osta-kekseja-gelato\/#primaryimage"},"image":{"@id":"https:\/\/medicinasinc.com\/fi\/product\/osta-kekseja-gelato\/#primaryimage"},"thumbnailUrl":"https:\/\/medicinasinc.com\/fi\/wp-content\/uploads\/sites\/12\/2022\/02\/Buy-Cookies-Gelato.jpg","datePublished":"2022-02-20T17:53:26+00:00","dateModified":"2022-03-22T01:11:48+00:00","description":"Osta Cookies Gelato Marihuana myyt\u00e4v\u00e4n\u00e4 verkossa. Chem willie on Sativa Dominant Hybrid - 70 % Sativa \/ 30 % Indica THC: 15 %","breadcrumb":{"@id":"https:\/\/medicinasinc.com\/fi\/product\/osta-kekseja-gelato\/#breadcrumb"},"inLanguage":"en-US","potentialAction":[{"@type":"ReadAction","target":["https:\/\/medicinasinc.com\/fi\/product\/osta-kekseja-gelato\/"]}]},{"@type":"ImageObject","inLanguage":"en-US","@id":"https:\/\/medicinasinc.com\/fi\/product\/osta-kekseja-gelato\/#primaryimage","url":"https:\/\/medicinasinc.com\/fi\/wp-content\/uploads\/sites\/12\/2022\/02\/Buy-Cookies-Gelato.jpg","contentUrl":"https:\/\/medicinasinc.com\/fi\/wp-content\/uploads\/sites\/12\/2022\/02\/Buy-Cookies-Gelato.jpg","width":420,"height":630},{"@type":"BreadcrumbList","@id":"https:\/\/medicinasinc.com\/fi\/product\/osta-kekseja-gelato\/#breadcrumb","itemListElement":[{"@type":"ListItem","position":1,"name":"Myym\u00e4l\u00e4","item":"https:\/\/medicinasinc.com\/fi\/myymala\/"},{"@type":"ListItem","position":2,"name":"Osta Cookies Gelato"}]},{"@type":"WebSite","@id":"https:\/\/medicinasinc.com\/fi\/#website","url":"https:\/\/medicinasinc.com\/fi\/","name":"Medicinas Inc","description":"Health Medical Clinic","potentialAction":[{"@type":"SearchAction","target":{"@type":"EntryPoint","urlTemplate":"https:\/\/medicinasinc.com\/fi\/?s={search_term_string}"},"query-input":{"@type":"PropertyValueSpecification","valueRequired":true,"valueName":"search_term_string"}}],"inLanguage":"en-US"}]}},"_links":{"self":[{"href":"https:\/\/medicinasinc.com\/fi\/wp-json\/wp\/v2\/product\/4928","targetHints":{"allow":["GET"]}}],"collection":[{"href":"https:\/\/medicinasinc.com\/fi\/wp-json\/wp\/v2\/product"}],"about":[{"href":"https:\/\/medicinasinc.com\/fi\/wp-json\/wp\/v2\/types\/product"}],"replies":[{"embeddable":true,"href":"https:\/\/medicinasinc.com\/fi\/wp-json\/wp\/v2\/comments?post=4928"}],"wp:featuredmedia":[{"embeddable":true,"href":"https:\/\/medicinasinc.com\/fi\/wp-json\/wp\/v2\/media\/4941"}],"wp:attachment":[{"href":"https:\/\/medicinasinc.com\/fi\/wp-json\/wp\/v2\/media?parent=4928"}],"wp:term":[{"taxonomy":"product_brand","embeddable":true,"href":"https:\/\/medicinasinc.com\/fi\/wp-json\/wp\/v2\/product_brand?post=4928"},{"taxonomy":"product_cat","embeddable":true,"href":"https:\/\/medicinasinc.com\/fi\/wp-json\/wp\/v2\/product_cat?post=4928"},{"taxonomy":"product_tag","embeddable":true,"href":"https:\/\/medicinasinc.com\/fi\/wp-json\/wp\/v2\/product_tag?post=4928"}],"curies":[{"name":"wp","href":"https:\/\/api.w.org\/{rel}","templated":true}]}}