{"id":4908,"date":"2022-02-20T17:37:57","date_gmt":"2022-02-20T17:37:57","guid":{"rendered":"https:\/\/medicinasinc.com\/fi\/?post_type=product&#038;p=4908"},"modified":"2022-03-22T01:12:25","modified_gmt":"2022-03-22T01:12:25","slug":"osta-triple-g-kanta","status":"publish","type":"product","link":"https:\/\/medicinasinc.com\/fi\/product\/osta-triple-g-kanta\/","title":{"rendered":"Osta Triple G Strain"},"content":{"rendered":"<p>T\u00e4st\u00e4 hybridilajista<\/p>\n<p>Triple G, joka tunnetaan my\u00f6s nimell\u00e4 Ghost OG, tuottaa silmuja, jotka ovat tuoksuvia, trooppisia, mutta hieman haisevia, raikkailla, maanl\u00e4heisill\u00e4 s\u00e4vyill\u00e4. Indica-dominanssin vuoksi joissakin silmuissa voi olla syvi\u00e4 ja houkuttelevia violetteja s\u00e4vyj\u00e4. Savustettuna tai h\u00f6yrystettyn\u00e4 maku taittuu kohti makeaa mutta limetin kaltaista makua.<\/p>\n<p>THC-tasot vaihtelevat tyypillisesti 20-luvun puoliv\u00e4liss\u00e4, ja monet arvostelijat ylist\u00e4v\u00e4t t\u00e4m\u00e4n kannan potentiaalia vaimentaa erilaisia \u200b\u200b\u200b\u200bkipuja. sairauksista ja oireista, mukaan lukien selk\u00e4rangan ep\u00e4mukavuus.<\/p>\n<p>Lis\u00e4ksi Triple G:n fanit ovat todenneet, ett\u00e4 se on erinomainen rasitus hermojen rauhoittamiseen, psykologisen stressin lievitt\u00e4miseen ja mielen lep\u00e4\u00e4miseen sellaisten ajatusten hy\u00f6kk\u00e4yksest\u00e4, jotka pit\u00e4\u00e4 meid\u00e4t hereill\u00e4 \u00f6isin.<\/p>\n<p>T\u00e4m\u00e4 indikaa hallitseva kanta voi aiheuttaa n\u00e4l\u00e4ntunnetta tai rauhoitusta, joten pid\u00e4 terveellisi\u00e4 v\u00e4lipaloja k\u00e4sill\u00e4si ja mukava oleskelu- tai nukkumispaikka l\u00e4hell\u00e4.<\/p>\n<p>Osta Blue. Dream Sativa AA ilmaisella toimituksella mihin tahansa paikkaan CEuropessa. BudStars on maailman suosituin marihuanaverkkokauppa. Saat huomattavia alennuksia ensimm\u00e4isest\u00e4 ostoksestasi.<\/p>\n<p>Blue Dream Sativa -kantaa voi ostaa verkosta.<\/p>\n<p>Voit ostaa marihuanaa verkosta l\u00e4\u00e4ketieteellisell\u00e4 marihuanakortilla tai ilman sit\u00e4. Marihuana postimyynnill\u00e4.<\/p>\n","protected":false},"excerpt":{"rendered":"<p>Buy Triple G -kanta myyt\u00e4v\u00e4n\u00e4 on hybridi ja kahden kannabisyhteis\u00f6n legendaarisen kannan risteytys: Gorilla Glue ja Gelato.<\/p>\n<table>\n<caption>Kannabinoidilaboratorion tiedot<\/caption>\n<thead>\n<tr>\n<th>Kannabinoidi<\/th>\n<th>M\u00e4\u00e4r\u00e4<\/th>\n<\/tr>\n<\/thead>\n<tbody>\n<tr>\n<td>THC:<\/td>\n<td>21,69 %<\/td>\n<\/tr>\n<tr>\n<td>\u03949-THC:<\/td>\n<td>1,04 %<\/td>\n<\/tr>\n<tr>\n<td>THC-A:<\/td>\n<td>23,54 % <\/td>\n<\/tr>\n<\/tbody>\n<\/table>\n<p>&nbsp;<\/p>\n<table>\n<caption>Terpeenilaboratoriotiedot<\/caption>\n<thead>\n<tr>\n<th>Terpeeni<\/caption>\n<th>M\u00e4\u00e4r\u00e4<\/th>\n<\/tr>\n<\/thead>\n<tbody>\n<tr>\n<td>Limoneeni:<\/td>\n<td>0,68 %<\/td>\n<\/tr>\n<tr>\n<td>Beeta-karyofyleeni:<\/td>\n<td>0,27 %<\/td>\n<\/tr>\n<tr>\n<td>Beeta-myrceeni:<\/td>\n<td>0,22 %<\/td>\n<\/tr>\n<\/tbody>\n<\/table>\n","protected":false},"featured_media":4922,"comment_status":"open","ping_status":"closed","template":"","meta":[],"product_brand":[],"product_cat":[778],"product_tag":[787,788,791,794,793,790,792,789],"class_list":{"0":"post-4908","1":"product","2":"type-product","3":"status-publish","4":"has-post-thumbnail","6":"product_cat-ruohoa-myytvn","7":"product_tag-ggg-kanta","8":"product_tag-hulkberry-strain","9":"product_tag-triple-g-strain-allbud","10":"product_tag-triple-g-strain-near-me","11":"product_tag-triple-g-kanta-leafly","12":"product_tag-kolminkertainen-g-kasvupivkirja","13":"product_tag-kolminkertainen-g-kanta-kukinta-aika","14":"product_tag-la-patron-strain-leafly","16":"first","17":"instock","18":"shipping-taxable","19":"purchasable","20":"product-type-variable","21":"has-default-attributes"},"yoast_head":"<!-- This site is optimized with the Yoast SEO plugin v27.3 - https:\/\/yoast.com\/product\/yoast-seo-wordpress\/ -->\n<title>Osta Triple G -kanta \u2013 parhaat maailmanlaajuiset l\u00e4\u00e4kkeet<\/title>\n<meta name=\"description\" content=\"Osta Myyt\u00e4v\u00e4n\u00e4 oleva Triple G -kanta on hybridi ja risteytys kahden kannabisyhteis\u00f6ss\u00e4 tunnetuksi tulleen voimanl\u00e4hteen v\u00e4lill\u00e4: Gorilla Glue ja Gelato.\" \/>\n<meta name=\"robots\" content=\"index, follow, max-snippet:-1, max-image-preview:large, max-video-preview:-1\" \/>\n<link rel=\"canonical\" href=\"https:\/\/medicinasinc.com\/fi\/product\/osta-triple-g-kanta\/\" \/>\n<meta property=\"og:locale\" content=\"en_US\" \/>\n<meta property=\"og:type\" content=\"article\" \/>\n<meta property=\"og:title\" content=\"Osta Triple G -kanta \u2013 parhaat maailmanlaajuiset l\u00e4\u00e4kkeet\" \/>\n<meta property=\"og:description\" content=\"Osta Myyt\u00e4v\u00e4n\u00e4 oleva Triple G -kanta on hybridi ja risteytys kahden kannabisyhteis\u00f6ss\u00e4 tunnetuksi tulleen voimanl\u00e4hteen v\u00e4lill\u00e4: Gorilla Glue ja Gelato.\" \/>\n<meta property=\"og:url\" content=\"https:\/\/medicinasinc.com\/fi\/product\/osta-triple-g-kanta\/\" \/>\n<meta property=\"og:site_name\" content=\"Medicinas Inc\" \/>\n<meta property=\"article:modified_time\" content=\"2022-03-22T01:12:25+00:00\" \/>\n<meta property=\"og:image\" content=\"https:\/\/medicinasinc.com\/fi\/wp-content\/uploads\/sites\/12\/2022\/02\/Buy-Triple-G-Strain-1.jpg\" \/>\n\t<meta property=\"og:image:width\" content=\"800\" \/>\n\t<meta property=\"og:image:height\" content=\"800\" \/>\n\t<meta property=\"og:image:type\" content=\"image\/jpeg\" \/>\n<meta name=\"twitter:card\" content=\"summary_large_image\" \/>\n<meta name=\"twitter:label1\" content=\"Est. reading time\" \/>\n\t<meta name=\"twitter:data1\" content=\"1 minute\" \/>\n<script type=\"application\/ld+json\" class=\"yoast-schema-graph\">{\"@context\":\"https:\\\/\\\/schema.org\",\"@graph\":[{\"@type\":\"WebPage\",\"@id\":\"https:\\\/\\\/medicinasinc.com\\\/fi\\\/product\\\/osta-triple-g-kanta\\\/\",\"url\":\"https:\\\/\\\/medicinasinc.com\\\/fi\\\/product\\\/osta-triple-g-kanta\\\/\",\"name\":\"Osta Triple G -kanta \u2013 parhaat maailmanlaajuiset l\u00e4\u00e4kkeet\",\"isPartOf\":{\"@id\":\"https:\\\/\\\/medicinasinc.com\\\/fi\\\/#website\"},\"primaryImageOfPage\":{\"@id\":\"https:\\\/\\\/medicinasinc.com\\\/fi\\\/product\\\/osta-triple-g-kanta\\\/#primaryimage\"},\"image\":{\"@id\":\"https:\\\/\\\/medicinasinc.com\\\/fi\\\/product\\\/osta-triple-g-kanta\\\/#primaryimage\"},\"thumbnailUrl\":\"https:\\\/\\\/medicinasinc.com\\\/fi\\\/wp-content\\\/uploads\\\/sites\\\/12\\\/2022\\\/02\\\/Buy-Triple-G-Strain-1.jpg\",\"datePublished\":\"2022-02-20T17:37:57+00:00\",\"dateModified\":\"2022-03-22T01:12:25+00:00\",\"description\":\"Osta Myyt\u00e4v\u00e4n\u00e4 oleva Triple G -kanta on hybridi ja risteytys kahden kannabisyhteis\u00f6ss\u00e4 tunnetuksi tulleen voimanl\u00e4hteen v\u00e4lill\u00e4: Gorilla Glue ja Gelato.\",\"breadcrumb\":{\"@id\":\"https:\\\/\\\/medicinasinc.com\\\/fi\\\/product\\\/osta-triple-g-kanta\\\/#breadcrumb\"},\"inLanguage\":\"en-US\",\"potentialAction\":[{\"@type\":\"ReadAction\",\"target\":[\"https:\\\/\\\/medicinasinc.com\\\/fi\\\/product\\\/osta-triple-g-kanta\\\/\"]}]},{\"@type\":\"ImageObject\",\"inLanguage\":\"en-US\",\"@id\":\"https:\\\/\\\/medicinasinc.com\\\/fi\\\/product\\\/osta-triple-g-kanta\\\/#primaryimage\",\"url\":\"https:\\\/\\\/medicinasinc.com\\\/fi\\\/wp-content\\\/uploads\\\/sites\\\/12\\\/2022\\\/02\\\/Buy-Triple-G-Strain-1.jpg\",\"contentUrl\":\"https:\\\/\\\/medicinasinc.com\\\/fi\\\/wp-content\\\/uploads\\\/sites\\\/12\\\/2022\\\/02\\\/Buy-Triple-G-Strain-1.jpg\",\"width\":800,\"height\":800},{\"@type\":\"BreadcrumbList\",\"@id\":\"https:\\\/\\\/medicinasinc.com\\\/fi\\\/product\\\/osta-triple-g-kanta\\\/#breadcrumb\",\"itemListElement\":[{\"@type\":\"ListItem\",\"position\":1,\"name\":\"Myym\u00e4l\u00e4\",\"item\":\"https:\\\/\\\/medicinasinc.com\\\/fi\\\/myymala\\\/\"},{\"@type\":\"ListItem\",\"position\":2,\"name\":\"Osta Triple G Strain\"}]},{\"@type\":\"WebSite\",\"@id\":\"https:\\\/\\\/medicinasinc.com\\\/fi\\\/#website\",\"url\":\"https:\\\/\\\/medicinasinc.com\\\/fi\\\/\",\"name\":\"Medicinas Inc\",\"description\":\"Health Medical Clinic\",\"potentialAction\":[{\"@type\":\"SearchAction\",\"target\":{\"@type\":\"EntryPoint\",\"urlTemplate\":\"https:\\\/\\\/medicinasinc.com\\\/fi\\\/?s={search_term_string}\"},\"query-input\":{\"@type\":\"PropertyValueSpecification\",\"valueRequired\":true,\"valueName\":\"search_term_string\"}}],\"inLanguage\":\"en-US\"}]}<\/script>\n<!-- \/ Yoast SEO plugin. -->","yoast_head_json":{"title":"Osta Triple G -kanta \u2013 parhaat maailmanlaajuiset l\u00e4\u00e4kkeet","description":"Osta Myyt\u00e4v\u00e4n\u00e4 oleva Triple G -kanta on hybridi ja risteytys kahden kannabisyhteis\u00f6ss\u00e4 tunnetuksi tulleen voimanl\u00e4hteen v\u00e4lill\u00e4: Gorilla Glue ja Gelato.","robots":{"index":"index","follow":"follow","max-snippet":"max-snippet:-1","max-image-preview":"max-image-preview:large","max-video-preview":"max-video-preview:-1"},"canonical":"https:\/\/medicinasinc.com\/fi\/product\/osta-triple-g-kanta\/","og_locale":"en_US","og_type":"article","og_title":"Osta Triple G -kanta \u2013 parhaat maailmanlaajuiset l\u00e4\u00e4kkeet","og_description":"Osta Myyt\u00e4v\u00e4n\u00e4 oleva Triple G -kanta on hybridi ja risteytys kahden kannabisyhteis\u00f6ss\u00e4 tunnetuksi tulleen voimanl\u00e4hteen v\u00e4lill\u00e4: Gorilla Glue ja Gelato.","og_url":"https:\/\/medicinasinc.com\/fi\/product\/osta-triple-g-kanta\/","og_site_name":"Medicinas Inc","article_modified_time":"2022-03-22T01:12:25+00:00","og_image":[{"width":800,"height":800,"url":"https:\/\/medicinasinc.com\/fi\/wp-content\/uploads\/sites\/12\/2022\/02\/Buy-Triple-G-Strain-1.jpg","type":"image\/jpeg"}],"twitter_card":"summary_large_image","twitter_misc":{"Est. reading time":"1 minute"},"schema":{"@context":"https:\/\/schema.org","@graph":[{"@type":"WebPage","@id":"https:\/\/medicinasinc.com\/fi\/product\/osta-triple-g-kanta\/","url":"https:\/\/medicinasinc.com\/fi\/product\/osta-triple-g-kanta\/","name":"Osta Triple G -kanta \u2013 parhaat maailmanlaajuiset l\u00e4\u00e4kkeet","isPartOf":{"@id":"https:\/\/medicinasinc.com\/fi\/#website"},"primaryImageOfPage":{"@id":"https:\/\/medicinasinc.com\/fi\/product\/osta-triple-g-kanta\/#primaryimage"},"image":{"@id":"https:\/\/medicinasinc.com\/fi\/product\/osta-triple-g-kanta\/#primaryimage"},"thumbnailUrl":"https:\/\/medicinasinc.com\/fi\/wp-content\/uploads\/sites\/12\/2022\/02\/Buy-Triple-G-Strain-1.jpg","datePublished":"2022-02-20T17:37:57+00:00","dateModified":"2022-03-22T01:12:25+00:00","description":"Osta Myyt\u00e4v\u00e4n\u00e4 oleva Triple G -kanta on hybridi ja risteytys kahden kannabisyhteis\u00f6ss\u00e4 tunnetuksi tulleen voimanl\u00e4hteen v\u00e4lill\u00e4: Gorilla Glue ja Gelato.","breadcrumb":{"@id":"https:\/\/medicinasinc.com\/fi\/product\/osta-triple-g-kanta\/#breadcrumb"},"inLanguage":"en-US","potentialAction":[{"@type":"ReadAction","target":["https:\/\/medicinasinc.com\/fi\/product\/osta-triple-g-kanta\/"]}]},{"@type":"ImageObject","inLanguage":"en-US","@id":"https:\/\/medicinasinc.com\/fi\/product\/osta-triple-g-kanta\/#primaryimage","url":"https:\/\/medicinasinc.com\/fi\/wp-content\/uploads\/sites\/12\/2022\/02\/Buy-Triple-G-Strain-1.jpg","contentUrl":"https:\/\/medicinasinc.com\/fi\/wp-content\/uploads\/sites\/12\/2022\/02\/Buy-Triple-G-Strain-1.jpg","width":800,"height":800},{"@type":"BreadcrumbList","@id":"https:\/\/medicinasinc.com\/fi\/product\/osta-triple-g-kanta\/#breadcrumb","itemListElement":[{"@type":"ListItem","position":1,"name":"Myym\u00e4l\u00e4","item":"https:\/\/medicinasinc.com\/fi\/myymala\/"},{"@type":"ListItem","position":2,"name":"Osta Triple G Strain"}]},{"@type":"WebSite","@id":"https:\/\/medicinasinc.com\/fi\/#website","url":"https:\/\/medicinasinc.com\/fi\/","name":"Medicinas Inc","description":"Health Medical Clinic","potentialAction":[{"@type":"SearchAction","target":{"@type":"EntryPoint","urlTemplate":"https:\/\/medicinasinc.com\/fi\/?s={search_term_string}"},"query-input":{"@type":"PropertyValueSpecification","valueRequired":true,"valueName":"search_term_string"}}],"inLanguage":"en-US"}]}},"_links":{"self":[{"href":"https:\/\/medicinasinc.com\/fi\/wp-json\/wp\/v2\/product\/4908","targetHints":{"allow":["GET"]}}],"collection":[{"href":"https:\/\/medicinasinc.com\/fi\/wp-json\/wp\/v2\/product"}],"about":[{"href":"https:\/\/medicinasinc.com\/fi\/wp-json\/wp\/v2\/types\/product"}],"replies":[{"embeddable":true,"href":"https:\/\/medicinasinc.com\/fi\/wp-json\/wp\/v2\/comments?post=4908"}],"wp:featuredmedia":[{"embeddable":true,"href":"https:\/\/medicinasinc.com\/fi\/wp-json\/wp\/v2\/media\/4922"}],"wp:attachment":[{"href":"https:\/\/medicinasinc.com\/fi\/wp-json\/wp\/v2\/media?parent=4908"}],"wp:term":[{"taxonomy":"product_brand","embeddable":true,"href":"https:\/\/medicinasinc.com\/fi\/wp-json\/wp\/v2\/product_brand?post=4908"},{"taxonomy":"product_cat","embeddable":true,"href":"https:\/\/medicinasinc.com\/fi\/wp-json\/wp\/v2\/product_cat?post=4908"},{"taxonomy":"product_tag","embeddable":true,"href":"https:\/\/medicinasinc.com\/fi\/wp-json\/wp\/v2\/product_tag?post=4908"}],"curies":[{"name":"wp","href":"https:\/\/api.w.org\/{rel}","templated":true}]}}