{"id":4896,"date":"2022-02-20T17:28:28","date_gmt":"2022-02-20T17:28:28","guid":{"rendered":"https:\/\/medicinasinc.com\/fi\/?post_type=product&#038;p=4896"},"modified":"2022-03-22T01:12:36","modified_gmt":"2022-03-22T01:12:36","slug":"osta-apollo-11-marihuana","status":"publish","type":"product","link":"https:\/\/medicinasinc.com\/fi\/product\/osta-apollo-11-marihuana\/","title":{"rendered":"Osta Apollo 11 Marihuana"},"content":{"rendered":"<div class=\"woocommerce-tabs wc-tabs-wrapper\">\n<div id=\"tab-description\" class=\"woocommerce-Tabs-panel woocommerce-Tabs-panel--description panel entry-content wc-tab\" role=\"tabpanel\" aria-labelledby=\"tab-title-description\">\n<p>OSTA MARIJUANA APOLLO 11 -KANTA<\/p>\n<p>Apollo 11 on eritt\u00e4in tehokas hybridi-kannabiskanta, jolla on voimakkaita aivovaikutuksia, jotka voivat saada p\u00e4\u00e4n tuntumaan jos se on laskeutumassa kuuhun. Apollo 11 -kannabisella marihuanalla on rauhoittava vaikutus ja voimakas fyysinen rentoutumisen tunne. Silmut ovat pitk\u00e4nomaisia, vaaleanvihreit\u00e4 ja eritt\u00e4in hartsimaisia.<\/p>\n<p>MITEN K\u00c4YTET\u00c4\u00c4N MARIJUANA APOLLO 11 -KAntaa?<\/p>\n<p>Apollo 11 soveltuu poltettavaksi niveless\u00e4, bongissa, piippussa tai kulhossa. <\/p>\n<p>Kannabinoidit imeytyv\u00e4t verenkiertoon, kun savu p\u00e4\u00e4see keuhkoihin. T\u00e4m\u00e4 iltap\u00e4iv\u00e4n ilo on energisoivaa ja luovaa, ja se voi auttaa sinua viritt\u00e4m\u00e4\u00e4n henkist\u00e4 keskustelua ja keskittym\u00e4\u00e4n siihen, mik\u00e4 on suoraan edess\u00e4si.<\/p>\n<p>MIT\u00c4 OVAT MARIJUANAKANNAN APOLLO 11 HAITTAVAIKUTUKSET?<\/p>\n<p>Apollo 11:n tupakoinnin j\u00e4lkeen saatat kohdata seuraavia vaikeuksia:<br \/> \u2022 Huimaus \u2022 Tajuttomuus \u2022 Suun kuivuminen \u2022 Silmien kuivuminen \u2022 Ruokahaluttomuus<\/p>\n<p>MIT\u00c4 OVAT APOLLO 11 MARIJUANAKANNAN VUOROVAIKUTUKSET?<\/p>\n<p>Sairausvuorovaikutus:<br \/> \u2022 Syd\u00e4n- ja verisuoniongelmat<br \/> \u2022 Seksuaaliset vaikeudet<\/p>\n<p>Ruokien ja l\u00e4\u00e4kkeiden yhteisvaikutuksia ovat seuraavat: \u2022 Alkoholi \u2022 Steroidit<\/p>\n<p>MIT\u00c4 ONKO PARAS PAIKKA OSTA APOLLO 11 MARIJUANA STRAIN?<\/p>\n<p>Cannabis OTC -toimittaja on paras verkkoapteekki, joka myy vain aitoja, korkealaatuisia tuotteita. Voit ostaa Apollo 11 Cannabiksen verkosta. Osta Apollo 11 -kanta parhaaseen t\u00e4\u00e4lt\u00e4 saatavilla olevaan hintaan.<\/p>\n<\/p><\/div><\/div>\n","protected":false},"excerpt":{"rendered":"<div class=\"woocommerce-product-details__short-description\">\n<p>Osta Apollo 11 Marihuana Strain. T\u00e4m\u00e4 psykoaktiivinen kukka sis\u00e4lt\u00e4\u00e4 runsaasti THC:t\u00e4 ja saa sinut rakkauden tuulelle.<\/p>\n<p>Osta 1\/2 unssia Apollo 11 -marihuanaa. Apollo 11 on sativa-dominoiva kanta, jolla on pitk\u00e4t, kirkkaan vihre\u00e4t silmut, jotka ovat peitetty pitkill\u00e4 vaaleilla karvoilla. Silmut ovat eritt\u00e4in hartsimaisia, mik\u00e4 aiheuttaa tahmean tunteen k\u00e4dess\u00e4. Kannabista myynniss\u00e4, mist\u00e4 saa marihuanaa Apollo 11 -teht\u00e4v\u00e4st\u00e4.<\/p>\n<\/p><\/div>\n","protected":false},"featured_media":4911,"comment_status":"open","ping_status":"closed","template":"","meta":[],"product_brand":[],"product_cat":[778],"product_tag":[],"class_list":{"0":"post-4896","1":"product","2":"type-product","3":"status-publish","4":"has-post-thumbnail","6":"product_cat-ruohoa-myytvn","8":"first","9":"instock","10":"shipping-taxable","11":"purchasable","12":"product-type-variable","13":"has-default-attributes"},"yoast_head":"<!-- This site is optimized with the Yoast SEO plugin v27.3 - https:\/\/yoast.com\/product\/yoast-seo-wordpress\/ -->\n<title>Osta Apollo 11 -marihuana - parhaat maailmanlaajuiset l\u00e4\u00e4kkeet<\/title>\n<meta name=\"description\" content=\"Osta Apollo 11 Marihuana Strain myyt\u00e4v\u00e4n\u00e4. T\u00e4m\u00e4 psykoaktiivinen kukka, joka sis\u00e4lt\u00e4\u00e4 runsaasti THC:t\u00e4, antaa sinulle rakkauden tunnelman\" \/>\n<meta name=\"robots\" content=\"index, follow, max-snippet:-1, max-image-preview:large, max-video-preview:-1\" \/>\n<link rel=\"canonical\" href=\"https:\/\/medicinasinc.com\/fi\/product\/osta-apollo-11-marihuana\/\" \/>\n<meta property=\"og:locale\" content=\"en_US\" \/>\n<meta property=\"og:type\" content=\"article\" \/>\n<meta property=\"og:title\" content=\"Osta Apollo 11 -marihuana - parhaat maailmanlaajuiset l\u00e4\u00e4kkeet\" \/>\n<meta property=\"og:description\" content=\"Osta Apollo 11 Marihuana Strain myyt\u00e4v\u00e4n\u00e4. T\u00e4m\u00e4 psykoaktiivinen kukka, joka sis\u00e4lt\u00e4\u00e4 runsaasti THC:t\u00e4, antaa sinulle rakkauden tunnelman\" \/>\n<meta property=\"og:url\" content=\"https:\/\/medicinasinc.com\/fi\/product\/osta-apollo-11-marihuana\/\" \/>\n<meta property=\"og:site_name\" content=\"Medicinas Inc\" \/>\n<meta property=\"article:modified_time\" content=\"2022-03-22T01:12:36+00:00\" \/>\n<meta property=\"og:image\" content=\"https:\/\/medicinasinc.com\/fi\/wp-content\/uploads\/sites\/12\/2022\/02\/Buy-Apollo-11-Marijuana-1.jpg\" \/>\n\t<meta property=\"og:image:width\" content=\"243\" \/>\n\t<meta property=\"og:image:height\" content=\"207\" \/>\n\t<meta property=\"og:image:type\" content=\"image\/jpeg\" \/>\n<meta name=\"twitter:card\" content=\"summary_large_image\" \/>\n<meta name=\"twitter:label1\" content=\"Est. reading time\" \/>\n\t<meta name=\"twitter:data1\" content=\"1 minute\" \/>\n<script type=\"application\/ld+json\" class=\"yoast-schema-graph\">{\"@context\":\"https:\\\/\\\/schema.org\",\"@graph\":[{\"@type\":\"WebPage\",\"@id\":\"https:\\\/\\\/medicinasinc.com\\\/fi\\\/product\\\/osta-apollo-11-marihuana\\\/\",\"url\":\"https:\\\/\\\/medicinasinc.com\\\/fi\\\/product\\\/osta-apollo-11-marihuana\\\/\",\"name\":\"Osta Apollo 11 -marihuana - parhaat maailmanlaajuiset l\u00e4\u00e4kkeet\",\"isPartOf\":{\"@id\":\"https:\\\/\\\/medicinasinc.com\\\/fi\\\/#website\"},\"primaryImageOfPage\":{\"@id\":\"https:\\\/\\\/medicinasinc.com\\\/fi\\\/product\\\/osta-apollo-11-marihuana\\\/#primaryimage\"},\"image\":{\"@id\":\"https:\\\/\\\/medicinasinc.com\\\/fi\\\/product\\\/osta-apollo-11-marihuana\\\/#primaryimage\"},\"thumbnailUrl\":\"https:\\\/\\\/medicinasinc.com\\\/fi\\\/wp-content\\\/uploads\\\/sites\\\/12\\\/2022\\\/02\\\/Buy-Apollo-11-Marijuana-1.jpg\",\"datePublished\":\"2022-02-20T17:28:28+00:00\",\"dateModified\":\"2022-03-22T01:12:36+00:00\",\"description\":\"Osta Apollo 11 Marihuana Strain myyt\u00e4v\u00e4n\u00e4. T\u00e4m\u00e4 psykoaktiivinen kukka, joka sis\u00e4lt\u00e4\u00e4 runsaasti THC:t\u00e4, antaa sinulle rakkauden tunnelman\",\"breadcrumb\":{\"@id\":\"https:\\\/\\\/medicinasinc.com\\\/fi\\\/product\\\/osta-apollo-11-marihuana\\\/#breadcrumb\"},\"inLanguage\":\"en-US\",\"potentialAction\":[{\"@type\":\"ReadAction\",\"target\":[\"https:\\\/\\\/medicinasinc.com\\\/fi\\\/product\\\/osta-apollo-11-marihuana\\\/\"]}]},{\"@type\":\"ImageObject\",\"inLanguage\":\"en-US\",\"@id\":\"https:\\\/\\\/medicinasinc.com\\\/fi\\\/product\\\/osta-apollo-11-marihuana\\\/#primaryimage\",\"url\":\"https:\\\/\\\/medicinasinc.com\\\/fi\\\/wp-content\\\/uploads\\\/sites\\\/12\\\/2022\\\/02\\\/Buy-Apollo-11-Marijuana-1.jpg\",\"contentUrl\":\"https:\\\/\\\/medicinasinc.com\\\/fi\\\/wp-content\\\/uploads\\\/sites\\\/12\\\/2022\\\/02\\\/Buy-Apollo-11-Marijuana-1.jpg\",\"width\":243,\"height\":207},{\"@type\":\"BreadcrumbList\",\"@id\":\"https:\\\/\\\/medicinasinc.com\\\/fi\\\/product\\\/osta-apollo-11-marihuana\\\/#breadcrumb\",\"itemListElement\":[{\"@type\":\"ListItem\",\"position\":1,\"name\":\"Myym\u00e4l\u00e4\",\"item\":\"https:\\\/\\\/medicinasinc.com\\\/fi\\\/myymala\\\/\"},{\"@type\":\"ListItem\",\"position\":2,\"name\":\"Osta Apollo 11 Marihuana\"}]},{\"@type\":\"WebSite\",\"@id\":\"https:\\\/\\\/medicinasinc.com\\\/fi\\\/#website\",\"url\":\"https:\\\/\\\/medicinasinc.com\\\/fi\\\/\",\"name\":\"Medicinas Inc\",\"description\":\"Health Medical Clinic\",\"potentialAction\":[{\"@type\":\"SearchAction\",\"target\":{\"@type\":\"EntryPoint\",\"urlTemplate\":\"https:\\\/\\\/medicinasinc.com\\\/fi\\\/?s={search_term_string}\"},\"query-input\":{\"@type\":\"PropertyValueSpecification\",\"valueRequired\":true,\"valueName\":\"search_term_string\"}}],\"inLanguage\":\"en-US\"}]}<\/script>\n<!-- \/ Yoast SEO plugin. -->","yoast_head_json":{"title":"Osta Apollo 11 -marihuana - parhaat maailmanlaajuiset l\u00e4\u00e4kkeet","description":"Osta Apollo 11 Marihuana Strain myyt\u00e4v\u00e4n\u00e4. T\u00e4m\u00e4 psykoaktiivinen kukka, joka sis\u00e4lt\u00e4\u00e4 runsaasti THC:t\u00e4, antaa sinulle rakkauden tunnelman","robots":{"index":"index","follow":"follow","max-snippet":"max-snippet:-1","max-image-preview":"max-image-preview:large","max-video-preview":"max-video-preview:-1"},"canonical":"https:\/\/medicinasinc.com\/fi\/product\/osta-apollo-11-marihuana\/","og_locale":"en_US","og_type":"article","og_title":"Osta Apollo 11 -marihuana - parhaat maailmanlaajuiset l\u00e4\u00e4kkeet","og_description":"Osta Apollo 11 Marihuana Strain myyt\u00e4v\u00e4n\u00e4. T\u00e4m\u00e4 psykoaktiivinen kukka, joka sis\u00e4lt\u00e4\u00e4 runsaasti THC:t\u00e4, antaa sinulle rakkauden tunnelman","og_url":"https:\/\/medicinasinc.com\/fi\/product\/osta-apollo-11-marihuana\/","og_site_name":"Medicinas Inc","article_modified_time":"2022-03-22T01:12:36+00:00","og_image":[{"width":243,"height":207,"url":"https:\/\/medicinasinc.com\/fi\/wp-content\/uploads\/sites\/12\/2022\/02\/Buy-Apollo-11-Marijuana-1.jpg","type":"image\/jpeg"}],"twitter_card":"summary_large_image","twitter_misc":{"Est. reading time":"1 minute"},"schema":{"@context":"https:\/\/schema.org","@graph":[{"@type":"WebPage","@id":"https:\/\/medicinasinc.com\/fi\/product\/osta-apollo-11-marihuana\/","url":"https:\/\/medicinasinc.com\/fi\/product\/osta-apollo-11-marihuana\/","name":"Osta Apollo 11 -marihuana - parhaat maailmanlaajuiset l\u00e4\u00e4kkeet","isPartOf":{"@id":"https:\/\/medicinasinc.com\/fi\/#website"},"primaryImageOfPage":{"@id":"https:\/\/medicinasinc.com\/fi\/product\/osta-apollo-11-marihuana\/#primaryimage"},"image":{"@id":"https:\/\/medicinasinc.com\/fi\/product\/osta-apollo-11-marihuana\/#primaryimage"},"thumbnailUrl":"https:\/\/medicinasinc.com\/fi\/wp-content\/uploads\/sites\/12\/2022\/02\/Buy-Apollo-11-Marijuana-1.jpg","datePublished":"2022-02-20T17:28:28+00:00","dateModified":"2022-03-22T01:12:36+00:00","description":"Osta Apollo 11 Marihuana Strain myyt\u00e4v\u00e4n\u00e4. T\u00e4m\u00e4 psykoaktiivinen kukka, joka sis\u00e4lt\u00e4\u00e4 runsaasti THC:t\u00e4, antaa sinulle rakkauden tunnelman","breadcrumb":{"@id":"https:\/\/medicinasinc.com\/fi\/product\/osta-apollo-11-marihuana\/#breadcrumb"},"inLanguage":"en-US","potentialAction":[{"@type":"ReadAction","target":["https:\/\/medicinasinc.com\/fi\/product\/osta-apollo-11-marihuana\/"]}]},{"@type":"ImageObject","inLanguage":"en-US","@id":"https:\/\/medicinasinc.com\/fi\/product\/osta-apollo-11-marihuana\/#primaryimage","url":"https:\/\/medicinasinc.com\/fi\/wp-content\/uploads\/sites\/12\/2022\/02\/Buy-Apollo-11-Marijuana-1.jpg","contentUrl":"https:\/\/medicinasinc.com\/fi\/wp-content\/uploads\/sites\/12\/2022\/02\/Buy-Apollo-11-Marijuana-1.jpg","width":243,"height":207},{"@type":"BreadcrumbList","@id":"https:\/\/medicinasinc.com\/fi\/product\/osta-apollo-11-marihuana\/#breadcrumb","itemListElement":[{"@type":"ListItem","position":1,"name":"Myym\u00e4l\u00e4","item":"https:\/\/medicinasinc.com\/fi\/myymala\/"},{"@type":"ListItem","position":2,"name":"Osta Apollo 11 Marihuana"}]},{"@type":"WebSite","@id":"https:\/\/medicinasinc.com\/fi\/#website","url":"https:\/\/medicinasinc.com\/fi\/","name":"Medicinas Inc","description":"Health Medical Clinic","potentialAction":[{"@type":"SearchAction","target":{"@type":"EntryPoint","urlTemplate":"https:\/\/medicinasinc.com\/fi\/?s={search_term_string}"},"query-input":{"@type":"PropertyValueSpecification","valueRequired":true,"valueName":"search_term_string"}}],"inLanguage":"en-US"}]}},"_links":{"self":[{"href":"https:\/\/medicinasinc.com\/fi\/wp-json\/wp\/v2\/product\/4896","targetHints":{"allow":["GET"]}}],"collection":[{"href":"https:\/\/medicinasinc.com\/fi\/wp-json\/wp\/v2\/product"}],"about":[{"href":"https:\/\/medicinasinc.com\/fi\/wp-json\/wp\/v2\/types\/product"}],"replies":[{"embeddable":true,"href":"https:\/\/medicinasinc.com\/fi\/wp-json\/wp\/v2\/comments?post=4896"}],"wp:featuredmedia":[{"embeddable":true,"href":"https:\/\/medicinasinc.com\/fi\/wp-json\/wp\/v2\/media\/4911"}],"wp:attachment":[{"href":"https:\/\/medicinasinc.com\/fi\/wp-json\/wp\/v2\/media?parent=4896"}],"wp:term":[{"taxonomy":"product_brand","embeddable":true,"href":"https:\/\/medicinasinc.com\/fi\/wp-json\/wp\/v2\/product_brand?post=4896"},{"taxonomy":"product_cat","embeddable":true,"href":"https:\/\/medicinasinc.com\/fi\/wp-json\/wp\/v2\/product_cat?post=4896"},{"taxonomy":"product_tag","embeddable":true,"href":"https:\/\/medicinasinc.com\/fi\/wp-json\/wp\/v2\/product_tag?post=4896"}],"curies":[{"name":"wp","href":"https:\/\/api.w.org\/{rel}","templated":true}]}}