{"id":4895,"date":"2022-02-20T17:27:17","date_gmt":"2022-02-20T17:27:17","guid":{"rendered":"https:\/\/medicinasinc.com\/fi\/?post_type=product&#038;p=4895"},"modified":"2022-03-22T01:12:49","modified_gmt":"2022-03-22T01:12:49","slug":"osta-ak-47-marihuana","status":"publish","type":"product","link":"https:\/\/medicinasinc.com\/fi\/product\/osta-ak-47-marihuana\/","title":{"rendered":"Osta AK-47 marihuana"},"content":{"rendered":"<p><strong>Osta AK-47 Marijuana Sativa Strain verkosta.<\/strong><\/p>\n<p><strong>Osta AK-47 Marijuana Sativa Strain verkosta.<\/strong><\/p>\n<p> AK-47 Marijuana on Sativa Dominant Hybrid \u2013 65 % Sativaa ja 35 % Indicaa. Indica<br \/> THC-pitoisuus vaihtelee 13\u201320 %, CBD-pitoisuus 1 % ja CBN-pitoisuus 1 %.<\/p>\n<p>Luovat, energisoivat, euforiset ja iloiset maut voivat lievitt\u00e4\u00e4 kaksisuuntaista mielialah\u00e4iri\u00f6t\u00e4, kroonista. Kipu, masennus, p\u00e4\u00e4ns\u00e4rky, unettomuus, ruokahaluttomuus, migreeni, PTSD ja stressi<br \/> haisun, makeuden ja puun tuoksu<br \/> Pist\u00e4v\u00e4, hapan, hapan ja mausteinen<\/p>\n","protected":false},"excerpt":{"rendered":"<p>Osta AK-47 Marijuana Sativa -kanta myyt\u00e4v\u00e4ksi verkosta Isossa-Britanniassa ja Euroopassa. OSTA WEED VERKOSTA AUSTRALIA<\/p>\n<p>&nbsp;<\/p>\n","protected":false},"featured_media":4909,"comment_status":"open","ping_status":"closed","template":"","meta":[],"product_brand":[],"product_cat":[778],"product_tag":[782,784,783,781,779,780,785,786],"class_list":{"0":"post-4895","1":"product","2":"type-product","3":"status-publish","4":"has-post-thumbnail","6":"product_cat-ruohoa-myytvn","7":"product_tag-ak-47-jnnitys-ahdistukseen","8":"product_tag-ak-47-kanta-haju","9":"product_tag-ak-47-kanta-hinta","10":"product_tag-ak-47-kanta-vaikutukset","11":"product_tag-ak-47-runtz-kanta","12":"product_tag-ak-47-seeds-feminized-uk","13":"product_tag-cherry-ak-47-seeds","14":"product_tag-vakava-seeds-ak-47-arvostelu","16":"first","17":"instock","18":"shipping-taxable","19":"purchasable","20":"product-type-variable","21":"has-default-attributes"},"yoast_head":"<!-- This site is optimized with the Yoast SEO plugin v27.3 - https:\/\/yoast.com\/product\/yoast-seo-wordpress\/ -->\n<title>Osta AK-47 Marihuana - Best Global Meds<\/title>\n<meta name=\"description\" content=\"Osta AK-47 Marijuana Sativa -kanta myyt\u00e4v\u00e4ksi verkossa Isossa-Britanniassa, Euroopassa. OSTA RIKOHETTA VERKOSSA AUSTRALIA osta marihuanaa verkosta Australia, Australia myyt\u00e4v\u00e4n\u00e4.\" \/>\n<meta name=\"robots\" content=\"index, follow, max-snippet:-1, max-image-preview:large, max-video-preview:-1\" \/>\n<link rel=\"canonical\" href=\"https:\/\/medicinasinc.com\/fi\/product\/osta-ak-47-marihuana\/\" \/>\n<meta property=\"og:locale\" content=\"en_US\" \/>\n<meta property=\"og:type\" content=\"article\" \/>\n<meta property=\"og:title\" content=\"Osta AK-47 Marihuana - Best Global Meds\" \/>\n<meta property=\"og:description\" content=\"Osta AK-47 Marijuana Sativa -kanta myyt\u00e4v\u00e4ksi verkossa Isossa-Britanniassa, Euroopassa. OSTA RIKOHETTA VERKOSSA AUSTRALIA osta marihuanaa verkosta Australia, Australia myyt\u00e4v\u00e4n\u00e4.\" \/>\n<meta property=\"og:url\" content=\"https:\/\/medicinasinc.com\/fi\/product\/osta-ak-47-marihuana\/\" \/>\n<meta property=\"og:site_name\" content=\"Medicinas Inc\" \/>\n<meta property=\"article:modified_time\" content=\"2022-03-22T01:12:49+00:00\" \/>\n<meta property=\"og:image\" content=\"https:\/\/medicinasinc.com\/fi\/wp-content\/uploads\/sites\/12\/2022\/02\/Buy-AK-47-Marijuana.jpeg\" \/>\n\t<meta property=\"og:image:width\" content=\"1242\" \/>\n\t<meta property=\"og:image:height\" content=\"1051\" \/>\n\t<meta property=\"og:image:type\" content=\"image\/jpeg\" \/>\n<meta name=\"twitter:card\" content=\"summary_large_image\" \/>\n<meta name=\"twitter:label1\" content=\"Est. reading time\" \/>\n\t<meta name=\"twitter:data1\" content=\"1 minute\" \/>\n<script type=\"application\/ld+json\" class=\"yoast-schema-graph\">{\"@context\":\"https:\\\/\\\/schema.org\",\"@graph\":[{\"@type\":\"WebPage\",\"@id\":\"https:\\\/\\\/medicinasinc.com\\\/fi\\\/product\\\/osta-ak-47-marihuana\\\/\",\"url\":\"https:\\\/\\\/medicinasinc.com\\\/fi\\\/product\\\/osta-ak-47-marihuana\\\/\",\"name\":\"Osta AK-47 Marihuana - Best Global Meds\",\"isPartOf\":{\"@id\":\"https:\\\/\\\/medicinasinc.com\\\/fi\\\/#website\"},\"primaryImageOfPage\":{\"@id\":\"https:\\\/\\\/medicinasinc.com\\\/fi\\\/product\\\/osta-ak-47-marihuana\\\/#primaryimage\"},\"image\":{\"@id\":\"https:\\\/\\\/medicinasinc.com\\\/fi\\\/product\\\/osta-ak-47-marihuana\\\/#primaryimage\"},\"thumbnailUrl\":\"https:\\\/\\\/medicinasinc.com\\\/fi\\\/wp-content\\\/uploads\\\/sites\\\/12\\\/2022\\\/02\\\/Buy-AK-47-Marijuana.jpeg\",\"datePublished\":\"2022-02-20T17:27:17+00:00\",\"dateModified\":\"2022-03-22T01:12:49+00:00\",\"description\":\"Osta AK-47 Marijuana Sativa -kanta myyt\u00e4v\u00e4ksi verkossa Isossa-Britanniassa, Euroopassa. OSTA RIKOHETTA VERKOSSA AUSTRALIA osta marihuanaa verkosta Australia, Australia myyt\u00e4v\u00e4n\u00e4.\",\"breadcrumb\":{\"@id\":\"https:\\\/\\\/medicinasinc.com\\\/fi\\\/product\\\/osta-ak-47-marihuana\\\/#breadcrumb\"},\"inLanguage\":\"en-US\",\"potentialAction\":[{\"@type\":\"ReadAction\",\"target\":[\"https:\\\/\\\/medicinasinc.com\\\/fi\\\/product\\\/osta-ak-47-marihuana\\\/\"]}]},{\"@type\":\"ImageObject\",\"inLanguage\":\"en-US\",\"@id\":\"https:\\\/\\\/medicinasinc.com\\\/fi\\\/product\\\/osta-ak-47-marihuana\\\/#primaryimage\",\"url\":\"https:\\\/\\\/medicinasinc.com\\\/fi\\\/wp-content\\\/uploads\\\/sites\\\/12\\\/2022\\\/02\\\/Buy-AK-47-Marijuana.jpeg\",\"contentUrl\":\"https:\\\/\\\/medicinasinc.com\\\/fi\\\/wp-content\\\/uploads\\\/sites\\\/12\\\/2022\\\/02\\\/Buy-AK-47-Marijuana.jpeg\",\"width\":1242,\"height\":1051},{\"@type\":\"BreadcrumbList\",\"@id\":\"https:\\\/\\\/medicinasinc.com\\\/fi\\\/product\\\/osta-ak-47-marihuana\\\/#breadcrumb\",\"itemListElement\":[{\"@type\":\"ListItem\",\"position\":1,\"name\":\"Myym\u00e4l\u00e4\",\"item\":\"https:\\\/\\\/medicinasinc.com\\\/fi\\\/myymala\\\/\"},{\"@type\":\"ListItem\",\"position\":2,\"name\":\"Osta AK-47 marihuana\"}]},{\"@type\":\"WebSite\",\"@id\":\"https:\\\/\\\/medicinasinc.com\\\/fi\\\/#website\",\"url\":\"https:\\\/\\\/medicinasinc.com\\\/fi\\\/\",\"name\":\"Medicinas Inc\",\"description\":\"Health Medical Clinic\",\"potentialAction\":[{\"@type\":\"SearchAction\",\"target\":{\"@type\":\"EntryPoint\",\"urlTemplate\":\"https:\\\/\\\/medicinasinc.com\\\/fi\\\/?s={search_term_string}\"},\"query-input\":{\"@type\":\"PropertyValueSpecification\",\"valueRequired\":true,\"valueName\":\"search_term_string\"}}],\"inLanguage\":\"en-US\"}]}<\/script>\n<!-- \/ Yoast SEO plugin. -->","yoast_head_json":{"title":"Osta AK-47 Marihuana - Best Global Meds","description":"Osta AK-47 Marijuana Sativa -kanta myyt\u00e4v\u00e4ksi verkossa Isossa-Britanniassa, Euroopassa. OSTA RIKOHETTA VERKOSSA AUSTRALIA osta marihuanaa verkosta Australia, Australia myyt\u00e4v\u00e4n\u00e4.","robots":{"index":"index","follow":"follow","max-snippet":"max-snippet:-1","max-image-preview":"max-image-preview:large","max-video-preview":"max-video-preview:-1"},"canonical":"https:\/\/medicinasinc.com\/fi\/product\/osta-ak-47-marihuana\/","og_locale":"en_US","og_type":"article","og_title":"Osta AK-47 Marihuana - Best Global Meds","og_description":"Osta AK-47 Marijuana Sativa -kanta myyt\u00e4v\u00e4ksi verkossa Isossa-Britanniassa, Euroopassa. OSTA RIKOHETTA VERKOSSA AUSTRALIA osta marihuanaa verkosta Australia, Australia myyt\u00e4v\u00e4n\u00e4.","og_url":"https:\/\/medicinasinc.com\/fi\/product\/osta-ak-47-marihuana\/","og_site_name":"Medicinas Inc","article_modified_time":"2022-03-22T01:12:49+00:00","og_image":[{"width":1242,"height":1051,"url":"https:\/\/medicinasinc.com\/fi\/wp-content\/uploads\/sites\/12\/2022\/02\/Buy-AK-47-Marijuana.jpeg","type":"image\/jpeg"}],"twitter_card":"summary_large_image","twitter_misc":{"Est. reading time":"1 minute"},"schema":{"@context":"https:\/\/schema.org","@graph":[{"@type":"WebPage","@id":"https:\/\/medicinasinc.com\/fi\/product\/osta-ak-47-marihuana\/","url":"https:\/\/medicinasinc.com\/fi\/product\/osta-ak-47-marihuana\/","name":"Osta AK-47 Marihuana - Best Global Meds","isPartOf":{"@id":"https:\/\/medicinasinc.com\/fi\/#website"},"primaryImageOfPage":{"@id":"https:\/\/medicinasinc.com\/fi\/product\/osta-ak-47-marihuana\/#primaryimage"},"image":{"@id":"https:\/\/medicinasinc.com\/fi\/product\/osta-ak-47-marihuana\/#primaryimage"},"thumbnailUrl":"https:\/\/medicinasinc.com\/fi\/wp-content\/uploads\/sites\/12\/2022\/02\/Buy-AK-47-Marijuana.jpeg","datePublished":"2022-02-20T17:27:17+00:00","dateModified":"2022-03-22T01:12:49+00:00","description":"Osta AK-47 Marijuana Sativa -kanta myyt\u00e4v\u00e4ksi verkossa Isossa-Britanniassa, Euroopassa. OSTA RIKOHETTA VERKOSSA AUSTRALIA osta marihuanaa verkosta Australia, Australia myyt\u00e4v\u00e4n\u00e4.","breadcrumb":{"@id":"https:\/\/medicinasinc.com\/fi\/product\/osta-ak-47-marihuana\/#breadcrumb"},"inLanguage":"en-US","potentialAction":[{"@type":"ReadAction","target":["https:\/\/medicinasinc.com\/fi\/product\/osta-ak-47-marihuana\/"]}]},{"@type":"ImageObject","inLanguage":"en-US","@id":"https:\/\/medicinasinc.com\/fi\/product\/osta-ak-47-marihuana\/#primaryimage","url":"https:\/\/medicinasinc.com\/fi\/wp-content\/uploads\/sites\/12\/2022\/02\/Buy-AK-47-Marijuana.jpeg","contentUrl":"https:\/\/medicinasinc.com\/fi\/wp-content\/uploads\/sites\/12\/2022\/02\/Buy-AK-47-Marijuana.jpeg","width":1242,"height":1051},{"@type":"BreadcrumbList","@id":"https:\/\/medicinasinc.com\/fi\/product\/osta-ak-47-marihuana\/#breadcrumb","itemListElement":[{"@type":"ListItem","position":1,"name":"Myym\u00e4l\u00e4","item":"https:\/\/medicinasinc.com\/fi\/myymala\/"},{"@type":"ListItem","position":2,"name":"Osta AK-47 marihuana"}]},{"@type":"WebSite","@id":"https:\/\/medicinasinc.com\/fi\/#website","url":"https:\/\/medicinasinc.com\/fi\/","name":"Medicinas Inc","description":"Health Medical Clinic","potentialAction":[{"@type":"SearchAction","target":{"@type":"EntryPoint","urlTemplate":"https:\/\/medicinasinc.com\/fi\/?s={search_term_string}"},"query-input":{"@type":"PropertyValueSpecification","valueRequired":true,"valueName":"search_term_string"}}],"inLanguage":"en-US"}]}},"_links":{"self":[{"href":"https:\/\/medicinasinc.com\/fi\/wp-json\/wp\/v2\/product\/4895","targetHints":{"allow":["GET"]}}],"collection":[{"href":"https:\/\/medicinasinc.com\/fi\/wp-json\/wp\/v2\/product"}],"about":[{"href":"https:\/\/medicinasinc.com\/fi\/wp-json\/wp\/v2\/types\/product"}],"replies":[{"embeddable":true,"href":"https:\/\/medicinasinc.com\/fi\/wp-json\/wp\/v2\/comments?post=4895"}],"wp:featuredmedia":[{"embeddable":true,"href":"https:\/\/medicinasinc.com\/fi\/wp-json\/wp\/v2\/media\/4909"}],"wp:attachment":[{"href":"https:\/\/medicinasinc.com\/fi\/wp-json\/wp\/v2\/media?parent=4895"}],"wp:term":[{"taxonomy":"product_brand","embeddable":true,"href":"https:\/\/medicinasinc.com\/fi\/wp-json\/wp\/v2\/product_brand?post=4895"},{"taxonomy":"product_cat","embeddable":true,"href":"https:\/\/medicinasinc.com\/fi\/wp-json\/wp\/v2\/product_cat?post=4895"},{"taxonomy":"product_tag","embeddable":true,"href":"https:\/\/medicinasinc.com\/fi\/wp-json\/wp\/v2\/product_tag?post=4895"}],"curies":[{"name":"wp","href":"https:\/\/api.w.org\/{rel}","templated":true}]}}