{"id":4884,"date":"2022-02-20T17:19:27","date_gmt":"2022-02-20T17:19:27","guid":{"rendered":"https:\/\/medicinasinc.com\/fi\/?post_type=product&#038;p=4884"},"modified":"2022-03-22T01:12:59","modified_gmt":"2022-03-22T01:12:59","slug":"osta-valko-leski-sarkyva","status":"publish","type":"product","link":"https:\/\/medicinasinc.com\/fi\/product\/osta-valko-leski-sarkyva\/","title":{"rendered":"Osta White Widow Shatter"},"content":{"rendered":"<p>OSTA VERKOSSA PARHASTA VERKKOKAUPASTA WHITE WIDOW SHATTER<\/p>\n<p>Jos aiot ostaa White Widow Shatterin verkosta, ota yhteytt\u00e4 MJ Online Bud Storeen. Tarjoamme parhaat hinnat White Widow Shatterille. Amerikan yhdysvaltojen, Iso-Britannian, Kanadan, Saksan ja Australian verkkomarkkinoiden parhaana myym\u00e4l\u00e4n\u00e4 emme j\u00e4t\u00e4 huomiotta mit\u00e4\u00e4n asiakkaiden asettamien vaatimusten t\u00e4ytt\u00e4mist\u00e4 tilattaessa White Widow Shatterin verkosta.<\/p>\n<p>Miksi ihmisten pit\u00e4isi k\u00e4ytt\u00e4\u00e4 White Widow Shatteria?<\/p>\n<p>White Widow Shatter on legendaarinen hybridikanta, jota ihataan maailmanlaajuisesti. T\u00e4m\u00e4 kanta on tuotettu yksinomaan risteytt\u00e4m\u00e4ll\u00e4 brasilialainen Sativa Landrace Etel\u00e4-Intian indican kanssa. Sen v\u00e4ri on tumman keltainen. T\u00e4ll\u00e4 tiivisteell\u00e4 on eritt\u00e4in rapea rakenne, mik\u00e4 tekee siit\u00e4 eritt\u00e4in helpon k\u00e4ytt\u00e4\u00e4. Poltettuna t\u00e4m\u00e4 kanta tarjoaa perinteisen kannabiskokemuksen. Se sis\u00e4lt\u00e4\u00e4 75-80 % THC:t\u00e4. Lis\u00e4ksi se tunnetaan erinomaisena aamu- tai p\u00e4iv\u00e4suihkeena. T\u00e4m\u00e4n kannan maku on tyypillisesti maanl\u00e4heinen, puumainen ja kukkainen.<\/p>\n<p>Se on tunnettu lajike euforisista ja aivovaikutuksistaan.<br \/> Se tarjoaa v\u00e4litt\u00f6m\u00e4n ja euforisen aivory\u00f6min.<br \/> Se saa aikaan voimakkaan euforian, mik\u00e4 lis\u00e4\u00e4 luovuutta.<br \/> Se lievitt\u00e4\u00e4 kipua ja edist\u00e4\u00e4 lopullista rauhallisuutta.<br \/> Se on ihanteellinen kanta liev\u00e4\u00e4n tai kohtalaiseen kipuun, stressiin, masennukseen ja v\u00e4symykseen.<br \/> Se edist\u00e4\u00e4 toimintaa, kuten kohtalaista ty\u00f6t\u00e4 tai fyysist\u00e4 aktiivisuutta, sosiaalista vuorovaikutusta, virkistyst\u00e4 ja luovia pyrkimyksi\u00e4.<br \/> Mik\u00e4 on paras verkkokauppa White Widow Shatterin ostamiseen?<\/p>\n<p>White Widow Shatterin voi ostaa osoitteesta kukaan muu kuin MJ Online Bud Store. Saat White Widow Shatter -tilauksesi verkossa lyhyen ajan sis\u00e4ll\u00e4. Tilaa White Widow Shatter verkosta t\u00e4n\u00e4\u00e4n ja ota yhteytt\u00e4 parhaisiin myyjiin ja toimittajiin online-ampulssissamme.<\/p>\n","protected":false},"excerpt":{"rendered":"<p>Jos haluat ostaa White Widow Shatter -tuotteen myyt\u00e4v\u00e4n\u00e4 verkossa, ota yhteytt\u00e4 bestglobalmedsin verkkokauppaan. Meill\u00e4 on myynniss\u00e4 White Widow Shatter parhaaseen hintaan.<\/p>\n<p>&nbsp;<\/p>\n<ul>\n<li>Maailmanlaajuinen toimitus<\/li>\n<li><strong>Aste: AAAAA<\/strong> <\/li>\n<li><strong>Ota yhteytt\u00e4<\/strong>\u00a0jos tarvitset suurempia tilauksia.<\/li>\n<\/ul>\n","protected":false},"featured_media":4899,"comment_status":"open","ping_status":"closed","template":"","meta":[],"product_brand":[],"product_cat":[777],"product_tag":[],"class_list":{"0":"post-4884","1":"product","2":"type-product","3":"status-publish","4":"has-post-thumbnail","6":"product_cat-ostaa-srky","8":"first","9":"instock","10":"shipping-taxable","11":"purchasable","12":"product-type-variable","13":"has-default-attributes"},"yoast_head":"<!-- This site is optimized with the Yoast SEO plugin v27.3 - https:\/\/yoast.com\/product\/yoast-seo-wordpress\/ -->\n<title>Osta White Widow Shatter - parhaat maailmanlaajuiset l\u00e4\u00e4kkeet<\/title>\n<meta name=\"description\" content=\"Jos haluat ostaa White Widow Shatter -tuotteen myyt\u00e4v\u00e4n\u00e4 verkossa, ota yhteytt\u00e4 bestglobalmedsin verkkokauppaan. Meill\u00e4 on myynniss\u00e4 White Widow Shatter parhaaseen hintaan.\" \/>\n<meta name=\"robots\" content=\"index, follow, max-snippet:-1, max-image-preview:large, max-video-preview:-1\" \/>\n<link rel=\"canonical\" href=\"https:\/\/medicinasinc.com\/fi\/product\/osta-valko-leski-sarkyva\/\" \/>\n<meta property=\"og:locale\" content=\"en_US\" \/>\n<meta property=\"og:type\" content=\"article\" \/>\n<meta property=\"og:title\" content=\"Osta White Widow Shatter - parhaat maailmanlaajuiset l\u00e4\u00e4kkeet\" \/>\n<meta property=\"og:description\" content=\"Jos haluat ostaa White Widow Shatter -tuotteen myyt\u00e4v\u00e4n\u00e4 verkossa, ota yhteytt\u00e4 bestglobalmedsin verkkokauppaan. Meill\u00e4 on myynniss\u00e4 White Widow Shatter parhaaseen hintaan.\" \/>\n<meta property=\"og:url\" content=\"https:\/\/medicinasinc.com\/fi\/product\/osta-valko-leski-sarkyva\/\" \/>\n<meta property=\"og:site_name\" content=\"Medicinas Inc\" \/>\n<meta property=\"article:modified_time\" content=\"2022-03-22T01:12:59+00:00\" \/>\n<meta property=\"og:image\" content=\"https:\/\/medicinasinc.com\/fi\/wp-content\/uploads\/sites\/12\/2022\/02\/Buy-White-Widow-Shatter.jpg\" \/>\n\t<meta property=\"og:image:width\" content=\"600\" \/>\n\t<meta property=\"og:image:height\" content=\"600\" \/>\n\t<meta property=\"og:image:type\" content=\"image\/jpeg\" \/>\n<meta name=\"twitter:card\" content=\"summary_large_image\" \/>\n<script type=\"application\/ld+json\" class=\"yoast-schema-graph\">{\"@context\":\"https:\\\/\\\/schema.org\",\"@graph\":[{\"@type\":\"WebPage\",\"@id\":\"https:\\\/\\\/medicinasinc.com\\\/fi\\\/product\\\/osta-valko-leski-sarkyva\\\/\",\"url\":\"https:\\\/\\\/medicinasinc.com\\\/fi\\\/product\\\/osta-valko-leski-sarkyva\\\/\",\"name\":\"Osta White Widow Shatter - parhaat maailmanlaajuiset l\u00e4\u00e4kkeet\",\"isPartOf\":{\"@id\":\"https:\\\/\\\/medicinasinc.com\\\/fi\\\/#website\"},\"primaryImageOfPage\":{\"@id\":\"https:\\\/\\\/medicinasinc.com\\\/fi\\\/product\\\/osta-valko-leski-sarkyva\\\/#primaryimage\"},\"image\":{\"@id\":\"https:\\\/\\\/medicinasinc.com\\\/fi\\\/product\\\/osta-valko-leski-sarkyva\\\/#primaryimage\"},\"thumbnailUrl\":\"https:\\\/\\\/medicinasinc.com\\\/fi\\\/wp-content\\\/uploads\\\/sites\\\/12\\\/2022\\\/02\\\/Buy-White-Widow-Shatter.jpg\",\"datePublished\":\"2022-02-20T17:19:27+00:00\",\"dateModified\":\"2022-03-22T01:12:59+00:00\",\"description\":\"Jos haluat ostaa White Widow Shatter -tuotteen myyt\u00e4v\u00e4n\u00e4 verkossa, ota yhteytt\u00e4 bestglobalmedsin verkkokauppaan. Meill\u00e4 on myynniss\u00e4 White Widow Shatter parhaaseen hintaan.\",\"breadcrumb\":{\"@id\":\"https:\\\/\\\/medicinasinc.com\\\/fi\\\/product\\\/osta-valko-leski-sarkyva\\\/#breadcrumb\"},\"inLanguage\":\"en-US\",\"potentialAction\":[{\"@type\":\"ReadAction\",\"target\":[\"https:\\\/\\\/medicinasinc.com\\\/fi\\\/product\\\/osta-valko-leski-sarkyva\\\/\"]}]},{\"@type\":\"ImageObject\",\"inLanguage\":\"en-US\",\"@id\":\"https:\\\/\\\/medicinasinc.com\\\/fi\\\/product\\\/osta-valko-leski-sarkyva\\\/#primaryimage\",\"url\":\"https:\\\/\\\/medicinasinc.com\\\/fi\\\/wp-content\\\/uploads\\\/sites\\\/12\\\/2022\\\/02\\\/Buy-White-Widow-Shatter.jpg\",\"contentUrl\":\"https:\\\/\\\/medicinasinc.com\\\/fi\\\/wp-content\\\/uploads\\\/sites\\\/12\\\/2022\\\/02\\\/Buy-White-Widow-Shatter.jpg\",\"width\":600,\"height\":600},{\"@type\":\"BreadcrumbList\",\"@id\":\"https:\\\/\\\/medicinasinc.com\\\/fi\\\/product\\\/osta-valko-leski-sarkyva\\\/#breadcrumb\",\"itemListElement\":[{\"@type\":\"ListItem\",\"position\":1,\"name\":\"Myym\u00e4l\u00e4\",\"item\":\"https:\\\/\\\/medicinasinc.com\\\/fi\\\/myymala\\\/\"},{\"@type\":\"ListItem\",\"position\":2,\"name\":\"Osta White Widow Shatter\"}]},{\"@type\":\"WebSite\",\"@id\":\"https:\\\/\\\/medicinasinc.com\\\/fi\\\/#website\",\"url\":\"https:\\\/\\\/medicinasinc.com\\\/fi\\\/\",\"name\":\"Medicinas Inc\",\"description\":\"Health Medical Clinic\",\"potentialAction\":[{\"@type\":\"SearchAction\",\"target\":{\"@type\":\"EntryPoint\",\"urlTemplate\":\"https:\\\/\\\/medicinasinc.com\\\/fi\\\/?s={search_term_string}\"},\"query-input\":{\"@type\":\"PropertyValueSpecification\",\"valueRequired\":true,\"valueName\":\"search_term_string\"}}],\"inLanguage\":\"en-US\"}]}<\/script>\n<!-- \/ Yoast SEO plugin. -->","yoast_head_json":{"title":"Osta White Widow Shatter - parhaat maailmanlaajuiset l\u00e4\u00e4kkeet","description":"Jos haluat ostaa White Widow Shatter -tuotteen myyt\u00e4v\u00e4n\u00e4 verkossa, ota yhteytt\u00e4 bestglobalmedsin verkkokauppaan. Meill\u00e4 on myynniss\u00e4 White Widow Shatter parhaaseen hintaan.","robots":{"index":"index","follow":"follow","max-snippet":"max-snippet:-1","max-image-preview":"max-image-preview:large","max-video-preview":"max-video-preview:-1"},"canonical":"https:\/\/medicinasinc.com\/fi\/product\/osta-valko-leski-sarkyva\/","og_locale":"en_US","og_type":"article","og_title":"Osta White Widow Shatter - parhaat maailmanlaajuiset l\u00e4\u00e4kkeet","og_description":"Jos haluat ostaa White Widow Shatter -tuotteen myyt\u00e4v\u00e4n\u00e4 verkossa, ota yhteytt\u00e4 bestglobalmedsin verkkokauppaan. Meill\u00e4 on myynniss\u00e4 White Widow Shatter parhaaseen hintaan.","og_url":"https:\/\/medicinasinc.com\/fi\/product\/osta-valko-leski-sarkyva\/","og_site_name":"Medicinas Inc","article_modified_time":"2022-03-22T01:12:59+00:00","og_image":[{"width":600,"height":600,"url":"https:\/\/medicinasinc.com\/fi\/wp-content\/uploads\/sites\/12\/2022\/02\/Buy-White-Widow-Shatter.jpg","type":"image\/jpeg"}],"twitter_card":"summary_large_image","schema":{"@context":"https:\/\/schema.org","@graph":[{"@type":"WebPage","@id":"https:\/\/medicinasinc.com\/fi\/product\/osta-valko-leski-sarkyva\/","url":"https:\/\/medicinasinc.com\/fi\/product\/osta-valko-leski-sarkyva\/","name":"Osta White Widow Shatter - parhaat maailmanlaajuiset l\u00e4\u00e4kkeet","isPartOf":{"@id":"https:\/\/medicinasinc.com\/fi\/#website"},"primaryImageOfPage":{"@id":"https:\/\/medicinasinc.com\/fi\/product\/osta-valko-leski-sarkyva\/#primaryimage"},"image":{"@id":"https:\/\/medicinasinc.com\/fi\/product\/osta-valko-leski-sarkyva\/#primaryimage"},"thumbnailUrl":"https:\/\/medicinasinc.com\/fi\/wp-content\/uploads\/sites\/12\/2022\/02\/Buy-White-Widow-Shatter.jpg","datePublished":"2022-02-20T17:19:27+00:00","dateModified":"2022-03-22T01:12:59+00:00","description":"Jos haluat ostaa White Widow Shatter -tuotteen myyt\u00e4v\u00e4n\u00e4 verkossa, ota yhteytt\u00e4 bestglobalmedsin verkkokauppaan. Meill\u00e4 on myynniss\u00e4 White Widow Shatter parhaaseen hintaan.","breadcrumb":{"@id":"https:\/\/medicinasinc.com\/fi\/product\/osta-valko-leski-sarkyva\/#breadcrumb"},"inLanguage":"en-US","potentialAction":[{"@type":"ReadAction","target":["https:\/\/medicinasinc.com\/fi\/product\/osta-valko-leski-sarkyva\/"]}]},{"@type":"ImageObject","inLanguage":"en-US","@id":"https:\/\/medicinasinc.com\/fi\/product\/osta-valko-leski-sarkyva\/#primaryimage","url":"https:\/\/medicinasinc.com\/fi\/wp-content\/uploads\/sites\/12\/2022\/02\/Buy-White-Widow-Shatter.jpg","contentUrl":"https:\/\/medicinasinc.com\/fi\/wp-content\/uploads\/sites\/12\/2022\/02\/Buy-White-Widow-Shatter.jpg","width":600,"height":600},{"@type":"BreadcrumbList","@id":"https:\/\/medicinasinc.com\/fi\/product\/osta-valko-leski-sarkyva\/#breadcrumb","itemListElement":[{"@type":"ListItem","position":1,"name":"Myym\u00e4l\u00e4","item":"https:\/\/medicinasinc.com\/fi\/myymala\/"},{"@type":"ListItem","position":2,"name":"Osta White Widow Shatter"}]},{"@type":"WebSite","@id":"https:\/\/medicinasinc.com\/fi\/#website","url":"https:\/\/medicinasinc.com\/fi\/","name":"Medicinas Inc","description":"Health Medical Clinic","potentialAction":[{"@type":"SearchAction","target":{"@type":"EntryPoint","urlTemplate":"https:\/\/medicinasinc.com\/fi\/?s={search_term_string}"},"query-input":{"@type":"PropertyValueSpecification","valueRequired":true,"valueName":"search_term_string"}}],"inLanguage":"en-US"}]}},"_links":{"self":[{"href":"https:\/\/medicinasinc.com\/fi\/wp-json\/wp\/v2\/product\/4884","targetHints":{"allow":["GET"]}}],"collection":[{"href":"https:\/\/medicinasinc.com\/fi\/wp-json\/wp\/v2\/product"}],"about":[{"href":"https:\/\/medicinasinc.com\/fi\/wp-json\/wp\/v2\/types\/product"}],"replies":[{"embeddable":true,"href":"https:\/\/medicinasinc.com\/fi\/wp-json\/wp\/v2\/comments?post=4884"}],"wp:featuredmedia":[{"embeddable":true,"href":"https:\/\/medicinasinc.com\/fi\/wp-json\/wp\/v2\/media\/4899"}],"wp:attachment":[{"href":"https:\/\/medicinasinc.com\/fi\/wp-json\/wp\/v2\/media?parent=4884"}],"wp:term":[{"taxonomy":"product_brand","embeddable":true,"href":"https:\/\/medicinasinc.com\/fi\/wp-json\/wp\/v2\/product_brand?post=4884"},{"taxonomy":"product_cat","embeddable":true,"href":"https:\/\/medicinasinc.com\/fi\/wp-json\/wp\/v2\/product_cat?post=4884"},{"taxonomy":"product_tag","embeddable":true,"href":"https:\/\/medicinasinc.com\/fi\/wp-json\/wp\/v2\/product_tag?post=4884"}],"curies":[{"name":"wp","href":"https:\/\/api.w.org\/{rel}","templated":true}]}}