{"id":4883,"date":"2022-02-20T17:18:33","date_gmt":"2022-02-20T17:18:33","guid":{"rendered":"https:\/\/medicinasinc.com\/fi\/?post_type=product&#038;p=4883"},"modified":"2022-03-22T01:13:08","modified_gmt":"2022-03-22T01:13:08","slug":"osta-auringonlasku-sherbert-shatter","status":"publish","type":"product","link":"https:\/\/medicinasinc.com\/fi\/product\/osta-auringonlasku-sherbert-shatter\/","title":{"rendered":"Osta Sunset Sherbert Shatter"},"content":{"rendered":"<p>Osta Sunset Sherbert Shatter \u2013 Premium Indica Dominant Hybrid \u2013 85 % Indica \/ 15 % Sativa<\/p>\n<p>Sunset Sherbert, jota kutsutaan my\u00f6s nimell\u00e4 Sherbet, on Girl Scout Cookien valtaistuimen perillinen. Sunset Sherbert peri Girl Scout Cookies -em\u00e4ns\u00e4 geneettiset ominaisuudet, joihin kuuluivat OG Kush, Durban Poison ja Cherry Pie. N\u00e4m\u00e4 genetiikka risteytettiin sitten vaaleanpunaisten alushousujen, indica-vanhempien, kanssa. Sunset Sherbert yhdist\u00e4\u00e4 voimakkaan koko kehon surin ja virkist\u00e4v\u00e4n luovan energian. Tupakoinnin j\u00e4lkeen k\u00e4ytt\u00e4j\u00e4t tuntevat v\u00e4litt\u00f6m\u00e4n energiahuipun \u2013 ensisijaisesti mieless\u00e4 \u2013, mik\u00e4 saa heid\u00e4t tuntemaan sosiaalisen ja euforisen olonsa muutamassa minuutissa. Kun vaikutukset alkavat voimistua, lempe\u00e4 l\u00e4mmitt\u00e4v\u00e4 tunne levi\u00e4\u00e4 koko kehoon ja ymp\u00e4r\u00f6i k\u00e4ytt\u00e4j\u00e4n t\u00e4ydelliseen rentoutumiseen ja autuaaseen onneen. Sunset Sherberti\u00e4 on k\u00e4ytetty masennuksen, stressin, ahdistuksen ja liev\u00e4n tai kohtalaisen kivun hoitoon sen voimakkaiden vaikutusten vuoksi.<\/p>\n<p>&nbsp;<\/p>\n<p>Huomaa, ett\u00e4 odottamattomien olosuhteiden vuoksi, kuten kuten kes\u00e4n l\u00e4mp\u00f6, \u200b\u200bkosteus ja jopa aika, On aina mahdollisuus, ett\u00e4 tilaamasi sirpale muuttuu vahaksi tai silmuksi ennen kuin se saavuttaa sinut.<\/p>\n<p>Valitettavasti sirpaleiden muuttuminen vahasilmuksi ei ole harvinaista, kun se altistuu. l\u00e4mmitt\u00e4\u00e4, mutta t\u00e4m\u00e4 ei mill\u00e4\u00e4n tavalla v\u00e4henn\u00e4 s\u00e4rkymisen turvallisuutta tai tehoa. Jos n\u00e4in tapahtuu, terpeenit ja aromaattiset aineet paranevat, mik\u00e4 lis\u00e4\u00e4 makua.<\/p>\n<p>Emme tarjoa hyvityksi\u00e4 tai vaihtoja, jos sirpaleesi muuttuu silmuksi tai vahaksi.<\/p>\n<div class=\"product-next-previous\">\n<div class=\"product-prev\"><\/div><\/div>\n","protected":false},"excerpt":{"rendered":"<p>Osta Shatter &#8211; Sunset Sherbert on ostettavissa verkossa Euroopassa ja Isossa-Britanniassa parhaista maailmanlaajuisista l\u00e4\u00e4kkeist\u00e4. Euroopasta l\u00f6yd\u00e4t korkealaatuisimman Shatter &#8211; Sunset Sherbert kannabistuotteet.<\/p>\n<p>&nbsp;<\/p>\n<ul>\n<li>Maailmanlaajuinen toimitus<\/li>\n<li><strong>Aste: AAAAA<\/strong><\/li>\n<li> <strong>Ota meihin yhteytt\u00e4<\/strong>, jos tarvitset suurempia tilauksia<\/li>\n<\/ul>\n","protected":false},"featured_media":4897,"comment_status":"open","ping_status":"closed","template":"","meta":[],"product_brand":[],"product_cat":[777],"product_tag":[],"class_list":{"0":"post-4883","1":"product","2":"type-product","3":"status-publish","4":"has-post-thumbnail","6":"product_cat-ostaa-srky","8":"first","9":"instock","10":"shipping-taxable","11":"purchasable","12":"product-type-variable","13":"has-default-attributes"},"yoast_head":"<!-- This site is optimized with the Yoast SEO plugin v27.3 - https:\/\/yoast.com\/product\/yoast-seo-wordpress\/ -->\n<title>Osta Sunset Sherbert Shatter - parhaat maailmanlaajuiset l\u00e4\u00e4kkeet<\/title>\n<meta name=\"description\" content=\"Osta Shatter - Sunset Sherbert myyt\u00e4v\u00e4n\u00e4 verkossa Europe, UK osoitteessa The global medicinas. L\u00f6yd\u00e4 korkealaatuisimmat Shatter - Sunset Sherbert kannabistuotteet Euroopasta.\" \/>\n<meta name=\"robots\" content=\"index, follow, max-snippet:-1, max-image-preview:large, max-video-preview:-1\" \/>\n<link rel=\"canonical\" href=\"https:\/\/medicinasinc.com\/fi\/product\/osta-auringonlasku-sherbert-shatter\/\" \/>\n<meta property=\"og:locale\" content=\"en_US\" \/>\n<meta property=\"og:type\" content=\"article\" \/>\n<meta property=\"og:title\" content=\"Osta Sunset Sherbert Shatter - parhaat maailmanlaajuiset l\u00e4\u00e4kkeet\" \/>\n<meta property=\"og:description\" content=\"Osta Shatter - Sunset Sherbert myyt\u00e4v\u00e4n\u00e4 verkossa Europe, UK osoitteessa The global medicinas. L\u00f6yd\u00e4 korkealaatuisimmat Shatter - Sunset Sherbert kannabistuotteet Euroopasta.\" \/>\n<meta property=\"og:url\" content=\"https:\/\/medicinasinc.com\/fi\/product\/osta-auringonlasku-sherbert-shatter\/\" \/>\n<meta property=\"og:site_name\" content=\"Medicinas Inc\" \/>\n<meta property=\"article:modified_time\" content=\"2022-03-22T01:13:08+00:00\" \/>\n<meta property=\"og:image\" content=\"https:\/\/medicinasinc.com\/fi\/wp-content\/uploads\/sites\/12\/2022\/02\/Buy-Sunset-Sherbert-Shatter.jpg\" \/>\n\t<meta property=\"og:image:width\" content=\"600\" \/>\n\t<meta property=\"og:image:height\" content=\"600\" \/>\n\t<meta property=\"og:image:type\" content=\"image\/jpeg\" \/>\n<meta name=\"twitter:card\" content=\"summary_large_image\" \/>\n<meta name=\"twitter:label1\" content=\"Est. reading time\" \/>\n\t<meta name=\"twitter:data1\" content=\"2 minutes\" \/>\n<script type=\"application\/ld+json\" class=\"yoast-schema-graph\">{\"@context\":\"https:\\\/\\\/schema.org\",\"@graph\":[{\"@type\":\"WebPage\",\"@id\":\"https:\\\/\\\/medicinasinc.com\\\/fi\\\/product\\\/osta-auringonlasku-sherbert-shatter\\\/\",\"url\":\"https:\\\/\\\/medicinasinc.com\\\/fi\\\/product\\\/osta-auringonlasku-sherbert-shatter\\\/\",\"name\":\"Osta Sunset Sherbert Shatter - parhaat maailmanlaajuiset l\u00e4\u00e4kkeet\",\"isPartOf\":{\"@id\":\"https:\\\/\\\/medicinasinc.com\\\/fi\\\/#website\"},\"primaryImageOfPage\":{\"@id\":\"https:\\\/\\\/medicinasinc.com\\\/fi\\\/product\\\/osta-auringonlasku-sherbert-shatter\\\/#primaryimage\"},\"image\":{\"@id\":\"https:\\\/\\\/medicinasinc.com\\\/fi\\\/product\\\/osta-auringonlasku-sherbert-shatter\\\/#primaryimage\"},\"thumbnailUrl\":\"https:\\\/\\\/medicinasinc.com\\\/fi\\\/wp-content\\\/uploads\\\/sites\\\/12\\\/2022\\\/02\\\/Buy-Sunset-Sherbert-Shatter.jpg\",\"datePublished\":\"2022-02-20T17:18:33+00:00\",\"dateModified\":\"2022-03-22T01:13:08+00:00\",\"description\":\"Osta Shatter - Sunset Sherbert myyt\u00e4v\u00e4n\u00e4 verkossa Europe, UK osoitteessa The global medicinas. L\u00f6yd\u00e4 korkealaatuisimmat Shatter - Sunset Sherbert kannabistuotteet Euroopasta.\",\"breadcrumb\":{\"@id\":\"https:\\\/\\\/medicinasinc.com\\\/fi\\\/product\\\/osta-auringonlasku-sherbert-shatter\\\/#breadcrumb\"},\"inLanguage\":\"en-US\",\"potentialAction\":[{\"@type\":\"ReadAction\",\"target\":[\"https:\\\/\\\/medicinasinc.com\\\/fi\\\/product\\\/osta-auringonlasku-sherbert-shatter\\\/\"]}]},{\"@type\":\"ImageObject\",\"inLanguage\":\"en-US\",\"@id\":\"https:\\\/\\\/medicinasinc.com\\\/fi\\\/product\\\/osta-auringonlasku-sherbert-shatter\\\/#primaryimage\",\"url\":\"https:\\\/\\\/medicinasinc.com\\\/fi\\\/wp-content\\\/uploads\\\/sites\\\/12\\\/2022\\\/02\\\/Buy-Sunset-Sherbert-Shatter.jpg\",\"contentUrl\":\"https:\\\/\\\/medicinasinc.com\\\/fi\\\/wp-content\\\/uploads\\\/sites\\\/12\\\/2022\\\/02\\\/Buy-Sunset-Sherbert-Shatter.jpg\",\"width\":600,\"height\":600},{\"@type\":\"BreadcrumbList\",\"@id\":\"https:\\\/\\\/medicinasinc.com\\\/fi\\\/product\\\/osta-auringonlasku-sherbert-shatter\\\/#breadcrumb\",\"itemListElement\":[{\"@type\":\"ListItem\",\"position\":1,\"name\":\"Myym\u00e4l\u00e4\",\"item\":\"https:\\\/\\\/medicinasinc.com\\\/fi\\\/myymala\\\/\"},{\"@type\":\"ListItem\",\"position\":2,\"name\":\"Osta Sunset Sherbert Shatter\"}]},{\"@type\":\"WebSite\",\"@id\":\"https:\\\/\\\/medicinasinc.com\\\/fi\\\/#website\",\"url\":\"https:\\\/\\\/medicinasinc.com\\\/fi\\\/\",\"name\":\"Medicinas Inc\",\"description\":\"Health Medical Clinic\",\"potentialAction\":[{\"@type\":\"SearchAction\",\"target\":{\"@type\":\"EntryPoint\",\"urlTemplate\":\"https:\\\/\\\/medicinasinc.com\\\/fi\\\/?s={search_term_string}\"},\"query-input\":{\"@type\":\"PropertyValueSpecification\",\"valueRequired\":true,\"valueName\":\"search_term_string\"}}],\"inLanguage\":\"en-US\"}]}<\/script>\n<!-- \/ Yoast SEO plugin. -->","yoast_head_json":{"title":"Osta Sunset Sherbert Shatter - parhaat maailmanlaajuiset l\u00e4\u00e4kkeet","description":"Osta Shatter - Sunset Sherbert myyt\u00e4v\u00e4n\u00e4 verkossa Europe, UK osoitteessa The global medicinas. L\u00f6yd\u00e4 korkealaatuisimmat Shatter - Sunset Sherbert kannabistuotteet Euroopasta.","robots":{"index":"index","follow":"follow","max-snippet":"max-snippet:-1","max-image-preview":"max-image-preview:large","max-video-preview":"max-video-preview:-1"},"canonical":"https:\/\/medicinasinc.com\/fi\/product\/osta-auringonlasku-sherbert-shatter\/","og_locale":"en_US","og_type":"article","og_title":"Osta Sunset Sherbert Shatter - parhaat maailmanlaajuiset l\u00e4\u00e4kkeet","og_description":"Osta Shatter - Sunset Sherbert myyt\u00e4v\u00e4n\u00e4 verkossa Europe, UK osoitteessa The global medicinas. L\u00f6yd\u00e4 korkealaatuisimmat Shatter - Sunset Sherbert kannabistuotteet Euroopasta.","og_url":"https:\/\/medicinasinc.com\/fi\/product\/osta-auringonlasku-sherbert-shatter\/","og_site_name":"Medicinas Inc","article_modified_time":"2022-03-22T01:13:08+00:00","og_image":[{"width":600,"height":600,"url":"https:\/\/medicinasinc.com\/fi\/wp-content\/uploads\/sites\/12\/2022\/02\/Buy-Sunset-Sherbert-Shatter.jpg","type":"image\/jpeg"}],"twitter_card":"summary_large_image","twitter_misc":{"Est. reading time":"2 minutes"},"schema":{"@context":"https:\/\/schema.org","@graph":[{"@type":"WebPage","@id":"https:\/\/medicinasinc.com\/fi\/product\/osta-auringonlasku-sherbert-shatter\/","url":"https:\/\/medicinasinc.com\/fi\/product\/osta-auringonlasku-sherbert-shatter\/","name":"Osta Sunset Sherbert Shatter - parhaat maailmanlaajuiset l\u00e4\u00e4kkeet","isPartOf":{"@id":"https:\/\/medicinasinc.com\/fi\/#website"},"primaryImageOfPage":{"@id":"https:\/\/medicinasinc.com\/fi\/product\/osta-auringonlasku-sherbert-shatter\/#primaryimage"},"image":{"@id":"https:\/\/medicinasinc.com\/fi\/product\/osta-auringonlasku-sherbert-shatter\/#primaryimage"},"thumbnailUrl":"https:\/\/medicinasinc.com\/fi\/wp-content\/uploads\/sites\/12\/2022\/02\/Buy-Sunset-Sherbert-Shatter.jpg","datePublished":"2022-02-20T17:18:33+00:00","dateModified":"2022-03-22T01:13:08+00:00","description":"Osta Shatter - Sunset Sherbert myyt\u00e4v\u00e4n\u00e4 verkossa Europe, UK osoitteessa The global medicinas. L\u00f6yd\u00e4 korkealaatuisimmat Shatter - Sunset Sherbert kannabistuotteet Euroopasta.","breadcrumb":{"@id":"https:\/\/medicinasinc.com\/fi\/product\/osta-auringonlasku-sherbert-shatter\/#breadcrumb"},"inLanguage":"en-US","potentialAction":[{"@type":"ReadAction","target":["https:\/\/medicinasinc.com\/fi\/product\/osta-auringonlasku-sherbert-shatter\/"]}]},{"@type":"ImageObject","inLanguage":"en-US","@id":"https:\/\/medicinasinc.com\/fi\/product\/osta-auringonlasku-sherbert-shatter\/#primaryimage","url":"https:\/\/medicinasinc.com\/fi\/wp-content\/uploads\/sites\/12\/2022\/02\/Buy-Sunset-Sherbert-Shatter.jpg","contentUrl":"https:\/\/medicinasinc.com\/fi\/wp-content\/uploads\/sites\/12\/2022\/02\/Buy-Sunset-Sherbert-Shatter.jpg","width":600,"height":600},{"@type":"BreadcrumbList","@id":"https:\/\/medicinasinc.com\/fi\/product\/osta-auringonlasku-sherbert-shatter\/#breadcrumb","itemListElement":[{"@type":"ListItem","position":1,"name":"Myym\u00e4l\u00e4","item":"https:\/\/medicinasinc.com\/fi\/myymala\/"},{"@type":"ListItem","position":2,"name":"Osta Sunset Sherbert Shatter"}]},{"@type":"WebSite","@id":"https:\/\/medicinasinc.com\/fi\/#website","url":"https:\/\/medicinasinc.com\/fi\/","name":"Medicinas Inc","description":"Health Medical Clinic","potentialAction":[{"@type":"SearchAction","target":{"@type":"EntryPoint","urlTemplate":"https:\/\/medicinasinc.com\/fi\/?s={search_term_string}"},"query-input":{"@type":"PropertyValueSpecification","valueRequired":true,"valueName":"search_term_string"}}],"inLanguage":"en-US"}]}},"_links":{"self":[{"href":"https:\/\/medicinasinc.com\/fi\/wp-json\/wp\/v2\/product\/4883","targetHints":{"allow":["GET"]}}],"collection":[{"href":"https:\/\/medicinasinc.com\/fi\/wp-json\/wp\/v2\/product"}],"about":[{"href":"https:\/\/medicinasinc.com\/fi\/wp-json\/wp\/v2\/types\/product"}],"replies":[{"embeddable":true,"href":"https:\/\/medicinasinc.com\/fi\/wp-json\/wp\/v2\/comments?post=4883"}],"wp:featuredmedia":[{"embeddable":true,"href":"https:\/\/medicinasinc.com\/fi\/wp-json\/wp\/v2\/media\/4897"}],"wp:attachment":[{"href":"https:\/\/medicinasinc.com\/fi\/wp-json\/wp\/v2\/media?parent=4883"}],"wp:term":[{"taxonomy":"product_brand","embeddable":true,"href":"https:\/\/medicinasinc.com\/fi\/wp-json\/wp\/v2\/product_brand?post=4883"},{"taxonomy":"product_cat","embeddable":true,"href":"https:\/\/medicinasinc.com\/fi\/wp-json\/wp\/v2\/product_cat?post=4883"},{"taxonomy":"product_tag","embeddable":true,"href":"https:\/\/medicinasinc.com\/fi\/wp-json\/wp\/v2\/product_tag?post=4883"}],"curies":[{"name":"wp","href":"https:\/\/api.w.org\/{rel}","templated":true}]}}