{"id":4872,"date":"2022-02-20T17:08:57","date_gmt":"2022-02-20T17:08:57","guid":{"rendered":"https:\/\/medicinasinc.com\/fi\/?post_type=product&#038;p=4872"},"modified":"2022-03-22T01:13:17","modified_gmt":"2022-03-22T01:13:17","slug":"osta-gelato-sarkya","status":"publish","type":"product","link":"https:\/\/medicinasinc.com\/fi\/product\/osta-gelato-sarkya\/","title":{"rendered":"Osta Gelato Shatter"},"content":{"rendered":"<p>Gelato Shatter \u2013 Premium Indica Dominant Hybrid \u2013 55 % Indica\/45 % Sativa<\/p>\n<p>Gelato, jota kutsutaan my\u00f6s nimell\u00e4 &#8220;Larry Bird&#8221;, on hieman indica-dominoiva hybridikanta, joka on luotu risteytt\u00e4m\u00e4ll\u00e4 Sunset Sherbertin ja Ohuet Mint Girl Scout -keksej\u00e4. Sen herkullinen tuoksu houkuttelee kokeneenkin k\u00e4ytt\u00e4j\u00e4n. Siin\u00e4 on makea, melkein kakkumainen tuoksu, jota korostavat tuoreen laventelin ja mustikan vivahteet. Vaikka Gelatoa palvotaan sen herkullisen maun vuoksi, se tunnetaan parhaiten euforisista ominaisuuksistaan. Varovaisuutta suositellaan kokemattomille k\u00e4ytt\u00e4jille, koska t\u00e4m\u00e4 kanta tuottaa voimakkaan aivoviruksen muutamassa minuutissa tupakoinnin j\u00e4lkeen. N\u00e4m\u00e4 voimakkaat aivovaikutukset eiv\u00e4t j\u00e4t\u00e4 k\u00e4ytt\u00e4j\u00e4\u00e4 uneliaaksi tai rajoittumaan sohvalle, vaan edist\u00e4v\u00e4t positiivista ajattelua ja keskittyv\u00e4\u00e4 energiaa. Kun t\u00e4m\u00e4 euforia kasvaa v\u00e4hitellen, keho siirtyy autuaaseen rentoutumisen tilaan, jolloin k\u00e4ytt\u00e4j\u00e4 on t\u00e4ysin rauhallinen. Gelaton tehokkaat mutta tasapainoiset vaikutukset tekev\u00e4t siit\u00e4 ihanteellisen erilaisten sairauksien hoitoon, mukaan lukien lihaskouristukset, migreenip\u00e4\u00e4ns\u00e4ryt, krooninen v\u00e4symys ja tulehduksen aiheuttama krooninen kipu.<\/p>\n","protected":false},"excerpt":{"rendered":"<p>Osta Gelato Shatter myyt\u00e4v\u00e4n\u00e4 Yhdistyneess\u00e4 kuningaskunnassa, Euroopassa &#8211; Parhaat hyllyt maailman suurimmasta online-apteekista, Buy My Weed Onlinesta.<\/p>\n<ul>\n<li>Maailmanlaajuinen toimitus<\/li>\n<li><strong>Arvo: AAAAA<\/strong><\/li>\n<li><strong>Ota meihin yhteytt\u00e4<\/strong>, jos tarvitset suurempia tilauksia<\/li>\n<\/ul>\n","protected":false},"featured_media":4887,"comment_status":"open","ping_status":"closed","template":"","meta":[],"product_brand":[],"product_cat":[777],"product_tag":[],"class_list":{"0":"post-4872","1":"product","2":"type-product","3":"status-publish","4":"has-post-thumbnail","6":"product_cat-ostaa-srky","8":"first","9":"instock","10":"shipping-taxable","11":"purchasable","12":"product-type-variable","13":"has-default-attributes"},"yoast_head":"<!-- This site is optimized with the Yoast SEO plugin v27.3 - https:\/\/yoast.com\/product\/yoast-seo-wordpress\/ -->\n<title>Osta Gelato Shatter - parhaat maailmanlaajuiset l\u00e4\u00e4kkeet<\/title>\n<meta name=\"description\" content=\"Osta Gelato Shatter myyt\u00e4v\u00e4n\u00e4 Iso-Britannia,Eurooppa - Top Shelf verkossa Euroopassa suurimmasta online-apteekista,Buy My Weed Online.\" \/>\n<meta name=\"robots\" content=\"index, follow, max-snippet:-1, max-image-preview:large, max-video-preview:-1\" \/>\n<link rel=\"canonical\" href=\"https:\/\/medicinasinc.com\/fi\/product\/osta-gelato-sarkya\/\" \/>\n<meta property=\"og:locale\" content=\"en_US\" \/>\n<meta property=\"og:type\" content=\"article\" \/>\n<meta property=\"og:title\" content=\"Osta Gelato Shatter - parhaat maailmanlaajuiset l\u00e4\u00e4kkeet\" \/>\n<meta property=\"og:description\" content=\"Osta Gelato Shatter myyt\u00e4v\u00e4n\u00e4 Iso-Britannia,Eurooppa - Top Shelf verkossa Euroopassa suurimmasta online-apteekista,Buy My Weed Online.\" \/>\n<meta property=\"og:url\" content=\"https:\/\/medicinasinc.com\/fi\/product\/osta-gelato-sarkya\/\" \/>\n<meta property=\"og:site_name\" content=\"Medicinas Inc\" \/>\n<meta property=\"article:modified_time\" content=\"2022-03-22T01:13:17+00:00\" \/>\n<meta property=\"og:image\" content=\"https:\/\/medicinasinc.com\/fi\/wp-content\/uploads\/sites\/12\/2022\/02\/Buy-Gelato-Shatter.jpg\" \/>\n\t<meta property=\"og:image:width\" content=\"600\" \/>\n\t<meta property=\"og:image:height\" content=\"600\" \/>\n\t<meta property=\"og:image:type\" content=\"image\/jpeg\" \/>\n<meta name=\"twitter:card\" content=\"summary_large_image\" \/>\n<meta name=\"twitter:label1\" content=\"Est. reading time\" \/>\n\t<meta name=\"twitter:data1\" content=\"1 minute\" \/>\n<script type=\"application\/ld+json\" class=\"yoast-schema-graph\">{\"@context\":\"https:\\\/\\\/schema.org\",\"@graph\":[{\"@type\":\"WebPage\",\"@id\":\"https:\\\/\\\/medicinasinc.com\\\/fi\\\/product\\\/osta-gelato-sarkya\\\/\",\"url\":\"https:\\\/\\\/medicinasinc.com\\\/fi\\\/product\\\/osta-gelato-sarkya\\\/\",\"name\":\"Osta Gelato Shatter - parhaat maailmanlaajuiset l\u00e4\u00e4kkeet\",\"isPartOf\":{\"@id\":\"https:\\\/\\\/medicinasinc.com\\\/fi\\\/#website\"},\"primaryImageOfPage\":{\"@id\":\"https:\\\/\\\/medicinasinc.com\\\/fi\\\/product\\\/osta-gelato-sarkya\\\/#primaryimage\"},\"image\":{\"@id\":\"https:\\\/\\\/medicinasinc.com\\\/fi\\\/product\\\/osta-gelato-sarkya\\\/#primaryimage\"},\"thumbnailUrl\":\"https:\\\/\\\/medicinasinc.com\\\/fi\\\/wp-content\\\/uploads\\\/sites\\\/12\\\/2022\\\/02\\\/Buy-Gelato-Shatter.jpg\",\"datePublished\":\"2022-02-20T17:08:57+00:00\",\"dateModified\":\"2022-03-22T01:13:17+00:00\",\"description\":\"Osta Gelato Shatter myyt\u00e4v\u00e4n\u00e4 Iso-Britannia,Eurooppa - Top Shelf verkossa Euroopassa suurimmasta online-apteekista,Buy My Weed Online.\",\"breadcrumb\":{\"@id\":\"https:\\\/\\\/medicinasinc.com\\\/fi\\\/product\\\/osta-gelato-sarkya\\\/#breadcrumb\"},\"inLanguage\":\"en-US\",\"potentialAction\":[{\"@type\":\"ReadAction\",\"target\":[\"https:\\\/\\\/medicinasinc.com\\\/fi\\\/product\\\/osta-gelato-sarkya\\\/\"]}]},{\"@type\":\"ImageObject\",\"inLanguage\":\"en-US\",\"@id\":\"https:\\\/\\\/medicinasinc.com\\\/fi\\\/product\\\/osta-gelato-sarkya\\\/#primaryimage\",\"url\":\"https:\\\/\\\/medicinasinc.com\\\/fi\\\/wp-content\\\/uploads\\\/sites\\\/12\\\/2022\\\/02\\\/Buy-Gelato-Shatter.jpg\",\"contentUrl\":\"https:\\\/\\\/medicinasinc.com\\\/fi\\\/wp-content\\\/uploads\\\/sites\\\/12\\\/2022\\\/02\\\/Buy-Gelato-Shatter.jpg\",\"width\":600,\"height\":600},{\"@type\":\"BreadcrumbList\",\"@id\":\"https:\\\/\\\/medicinasinc.com\\\/fi\\\/product\\\/osta-gelato-sarkya\\\/#breadcrumb\",\"itemListElement\":[{\"@type\":\"ListItem\",\"position\":1,\"name\":\"Myym\u00e4l\u00e4\",\"item\":\"https:\\\/\\\/medicinasinc.com\\\/fi\\\/myymala\\\/\"},{\"@type\":\"ListItem\",\"position\":2,\"name\":\"Osta Gelato Shatter\"}]},{\"@type\":\"WebSite\",\"@id\":\"https:\\\/\\\/medicinasinc.com\\\/fi\\\/#website\",\"url\":\"https:\\\/\\\/medicinasinc.com\\\/fi\\\/\",\"name\":\"Medicinas Inc\",\"description\":\"Health Medical Clinic\",\"potentialAction\":[{\"@type\":\"SearchAction\",\"target\":{\"@type\":\"EntryPoint\",\"urlTemplate\":\"https:\\\/\\\/medicinasinc.com\\\/fi\\\/?s={search_term_string}\"},\"query-input\":{\"@type\":\"PropertyValueSpecification\",\"valueRequired\":true,\"valueName\":\"search_term_string\"}}],\"inLanguage\":\"en-US\"}]}<\/script>\n<!-- \/ Yoast SEO plugin. -->","yoast_head_json":{"title":"Osta Gelato Shatter - parhaat maailmanlaajuiset l\u00e4\u00e4kkeet","description":"Osta Gelato Shatter myyt\u00e4v\u00e4n\u00e4 Iso-Britannia,Eurooppa - Top Shelf verkossa Euroopassa suurimmasta online-apteekista,Buy My Weed Online.","robots":{"index":"index","follow":"follow","max-snippet":"max-snippet:-1","max-image-preview":"max-image-preview:large","max-video-preview":"max-video-preview:-1"},"canonical":"https:\/\/medicinasinc.com\/fi\/product\/osta-gelato-sarkya\/","og_locale":"en_US","og_type":"article","og_title":"Osta Gelato Shatter - parhaat maailmanlaajuiset l\u00e4\u00e4kkeet","og_description":"Osta Gelato Shatter myyt\u00e4v\u00e4n\u00e4 Iso-Britannia,Eurooppa - Top Shelf verkossa Euroopassa suurimmasta online-apteekista,Buy My Weed Online.","og_url":"https:\/\/medicinasinc.com\/fi\/product\/osta-gelato-sarkya\/","og_site_name":"Medicinas Inc","article_modified_time":"2022-03-22T01:13:17+00:00","og_image":[{"width":600,"height":600,"url":"https:\/\/medicinasinc.com\/fi\/wp-content\/uploads\/sites\/12\/2022\/02\/Buy-Gelato-Shatter.jpg","type":"image\/jpeg"}],"twitter_card":"summary_large_image","twitter_misc":{"Est. reading time":"1 minute"},"schema":{"@context":"https:\/\/schema.org","@graph":[{"@type":"WebPage","@id":"https:\/\/medicinasinc.com\/fi\/product\/osta-gelato-sarkya\/","url":"https:\/\/medicinasinc.com\/fi\/product\/osta-gelato-sarkya\/","name":"Osta Gelato Shatter - parhaat maailmanlaajuiset l\u00e4\u00e4kkeet","isPartOf":{"@id":"https:\/\/medicinasinc.com\/fi\/#website"},"primaryImageOfPage":{"@id":"https:\/\/medicinasinc.com\/fi\/product\/osta-gelato-sarkya\/#primaryimage"},"image":{"@id":"https:\/\/medicinasinc.com\/fi\/product\/osta-gelato-sarkya\/#primaryimage"},"thumbnailUrl":"https:\/\/medicinasinc.com\/fi\/wp-content\/uploads\/sites\/12\/2022\/02\/Buy-Gelato-Shatter.jpg","datePublished":"2022-02-20T17:08:57+00:00","dateModified":"2022-03-22T01:13:17+00:00","description":"Osta Gelato Shatter myyt\u00e4v\u00e4n\u00e4 Iso-Britannia,Eurooppa - Top Shelf verkossa Euroopassa suurimmasta online-apteekista,Buy My Weed Online.","breadcrumb":{"@id":"https:\/\/medicinasinc.com\/fi\/product\/osta-gelato-sarkya\/#breadcrumb"},"inLanguage":"en-US","potentialAction":[{"@type":"ReadAction","target":["https:\/\/medicinasinc.com\/fi\/product\/osta-gelato-sarkya\/"]}]},{"@type":"ImageObject","inLanguage":"en-US","@id":"https:\/\/medicinasinc.com\/fi\/product\/osta-gelato-sarkya\/#primaryimage","url":"https:\/\/medicinasinc.com\/fi\/wp-content\/uploads\/sites\/12\/2022\/02\/Buy-Gelato-Shatter.jpg","contentUrl":"https:\/\/medicinasinc.com\/fi\/wp-content\/uploads\/sites\/12\/2022\/02\/Buy-Gelato-Shatter.jpg","width":600,"height":600},{"@type":"BreadcrumbList","@id":"https:\/\/medicinasinc.com\/fi\/product\/osta-gelato-sarkya\/#breadcrumb","itemListElement":[{"@type":"ListItem","position":1,"name":"Myym\u00e4l\u00e4","item":"https:\/\/medicinasinc.com\/fi\/myymala\/"},{"@type":"ListItem","position":2,"name":"Osta Gelato Shatter"}]},{"@type":"WebSite","@id":"https:\/\/medicinasinc.com\/fi\/#website","url":"https:\/\/medicinasinc.com\/fi\/","name":"Medicinas Inc","description":"Health Medical Clinic","potentialAction":[{"@type":"SearchAction","target":{"@type":"EntryPoint","urlTemplate":"https:\/\/medicinasinc.com\/fi\/?s={search_term_string}"},"query-input":{"@type":"PropertyValueSpecification","valueRequired":true,"valueName":"search_term_string"}}],"inLanguage":"en-US"}]}},"_links":{"self":[{"href":"https:\/\/medicinasinc.com\/fi\/wp-json\/wp\/v2\/product\/4872","targetHints":{"allow":["GET"]}}],"collection":[{"href":"https:\/\/medicinasinc.com\/fi\/wp-json\/wp\/v2\/product"}],"about":[{"href":"https:\/\/medicinasinc.com\/fi\/wp-json\/wp\/v2\/types\/product"}],"replies":[{"embeddable":true,"href":"https:\/\/medicinasinc.com\/fi\/wp-json\/wp\/v2\/comments?post=4872"}],"wp:featuredmedia":[{"embeddable":true,"href":"https:\/\/medicinasinc.com\/fi\/wp-json\/wp\/v2\/media\/4887"}],"wp:attachment":[{"href":"https:\/\/medicinasinc.com\/fi\/wp-json\/wp\/v2\/media?parent=4872"}],"wp:term":[{"taxonomy":"product_brand","embeddable":true,"href":"https:\/\/medicinasinc.com\/fi\/wp-json\/wp\/v2\/product_brand?post=4872"},{"taxonomy":"product_cat","embeddable":true,"href":"https:\/\/medicinasinc.com\/fi\/wp-json\/wp\/v2\/product_cat?post=4872"},{"taxonomy":"product_tag","embeddable":true,"href":"https:\/\/medicinasinc.com\/fi\/wp-json\/wp\/v2\/product_tag?post=4872"}],"curies":[{"name":"wp","href":"https:\/\/api.w.org\/{rel}","templated":true}]}}