{"id":4871,"date":"2022-02-20T17:08:15","date_gmt":"2022-02-20T17:08:15","guid":{"rendered":"https:\/\/medicinasinc.com\/fi\/?post_type=product&#038;p=4871"},"modified":"2022-03-22T01:13:28","modified_gmt":"2022-03-22T01:13:28","slug":"osta-mustikka-nuken-sarkya-ylahylly","status":"publish","type":"product","link":"https:\/\/medicinasinc.com\/fi\/product\/osta-mustikka-nuken-sarkya-ylahylly\/","title":{"rendered":"Osta Blueberry Nuken Shatter \u2013 yl\u00e4hylly"},"content":{"rendered":"<div class=\"descblock ff\">Nuken tarjoaa indican l\u00e4\u00e4ketieteelliset edut ilman indikaan liittyv\u00e4\u00e4 v\u00e4symyst\u00e4 tai rauhoitusta. Nuken tuottaa pitk\u00e4kestoisen ja \u00e4\u00e4rimm\u00e4isen rentouttavan korkean kehon samalla, kun k\u00e4ytt\u00e4j\u00e4 voi suorittaa teht\u00e4vi\u00e4 ja olla vuorovaikutuksessa yst\u00e4vien kanssa. Kun rasituksen vaikutukset vahvistuvat, k\u00e4ytt\u00e4j\u00e4t kokevat liev\u00e4n l\u00e4mmitt\u00e4v\u00e4n tunteen, joka alkaa selk\u00e4rangassa ja levi\u00e4\u00e4 v\u00e4hitellen koko kehoon, mik\u00e4 lievitt\u00e4\u00e4 kipua tai lihasep\u00e4mukavuutta. N\u00e4ihin vaikutuksiin liittyy intensiivist\u00e4 itsetutkiskelua, mik\u00e4 saattaa saada jotkut aloittelijat tuntemaan olonsa hieman sekavaksi. Nukenia on k\u00e4ytetty kroonisen kivun ja tulehduksen sek\u00e4 liev\u00e4n masennuksen, ahdistuneisuuden ja kroonisen stressin hoitoon.<\/div>\n<div class=\"product-next-previous\">\n<div class=\"product-prev\"><\/div><\/div>\n","protected":false},"excerpt":{"rendered":"<p>Osta Blueberry Nuken Shatter UK, Europe Online Bestglobalmeds-apteekista, EZ Weed Online Cannabis Dispansarysta.<\/p>\n<ul>\n<li>Maailmanlaajuinen toimitus<\/li>\n<li><strong>Aste: AAAAA<\/p>\n<p> strong&gt;<\/li>\n<li><strong>Ota meihin yhteytt\u00e4<\/strong>\u00a0jos tarvitset suurempia tilauksia<\/li>\n<li>DPD Post Xpresspost ILMAINEN toimitus yli 200 dollarin tilauksille<\/li>\n<\/ul>\n","protected":false},"featured_media":4885,"comment_status":"open","ping_status":"closed","template":"","meta":[],"product_brand":[],"product_cat":[777],"product_tag":[],"class_list":{"0":"post-4871","1":"product","2":"type-product","3":"status-publish","4":"has-post-thumbnail","6":"product_cat-ostaa-srky","8":"first","9":"instock","10":"shipping-taxable","11":"purchasable","12":"product-type-variable","13":"has-default-attributes"},"yoast_head":"<!-- This site is optimized with the Yoast SEO plugin v27.3 - https:\/\/yoast.com\/product\/yoast-seo-wordpress\/ -->\n<title>Osta Blueberry Nuken Shatter \u2013 huippuhylly \u2013 parhaat maailmanlaajuiset l\u00e4\u00e4kkeet<\/title>\n<meta name=\"description\" content=\"Osta Blueberry Nuken Shatter UK, Europe Online Kanadan ykk\u00f6sl\u00e4\u00e4k\u00e4rin verkosta, Best Global Weed Online Cannabis Dispansary.\" \/>\n<meta name=\"robots\" content=\"index, follow, max-snippet:-1, max-image-preview:large, max-video-preview:-1\" \/>\n<link rel=\"canonical\" href=\"https:\/\/medicinasinc.com\/fi\/product\/osta-mustikka-nuken-sarkya-ylahylly\/\" \/>\n<meta property=\"og:locale\" content=\"en_US\" \/>\n<meta property=\"og:type\" content=\"article\" \/>\n<meta property=\"og:title\" content=\"Osta Blueberry Nuken Shatter \u2013 huippuhylly \u2013 parhaat maailmanlaajuiset l\u00e4\u00e4kkeet\" \/>\n<meta property=\"og:description\" content=\"Osta Blueberry Nuken Shatter UK, Europe Online Kanadan ykk\u00f6sl\u00e4\u00e4k\u00e4rin verkosta, Best Global Weed Online Cannabis Dispansary.\" \/>\n<meta property=\"og:url\" content=\"https:\/\/medicinasinc.com\/fi\/product\/osta-mustikka-nuken-sarkya-ylahylly\/\" \/>\n<meta property=\"og:site_name\" content=\"Medicinas Inc\" \/>\n<meta property=\"article:modified_time\" content=\"2022-03-22T01:13:28+00:00\" \/>\n<meta property=\"og:image\" content=\"https:\/\/medicinasinc.com\/fi\/wp-content\/uploads\/sites\/12\/2022\/02\/Buy-Blueberry-Nuken-Shatter.jpg\" \/>\n\t<meta property=\"og:image:width\" content=\"600\" \/>\n\t<meta property=\"og:image:height\" content=\"600\" \/>\n\t<meta property=\"og:image:type\" content=\"image\/jpeg\" \/>\n<meta name=\"twitter:card\" content=\"summary_large_image\" \/>\n<meta name=\"twitter:label1\" content=\"Est. reading time\" \/>\n\t<meta name=\"twitter:data1\" content=\"1 minute\" \/>\n<script type=\"application\/ld+json\" class=\"yoast-schema-graph\">{\"@context\":\"https:\\\/\\\/schema.org\",\"@graph\":[{\"@type\":\"WebPage\",\"@id\":\"https:\\\/\\\/medicinasinc.com\\\/fi\\\/product\\\/osta-mustikka-nuken-sarkya-ylahylly\\\/\",\"url\":\"https:\\\/\\\/medicinasinc.com\\\/fi\\\/product\\\/osta-mustikka-nuken-sarkya-ylahylly\\\/\",\"name\":\"Osta Blueberry Nuken Shatter \u2013 huippuhylly \u2013 parhaat maailmanlaajuiset l\u00e4\u00e4kkeet\",\"isPartOf\":{\"@id\":\"https:\\\/\\\/medicinasinc.com\\\/fi\\\/#website\"},\"primaryImageOfPage\":{\"@id\":\"https:\\\/\\\/medicinasinc.com\\\/fi\\\/product\\\/osta-mustikka-nuken-sarkya-ylahylly\\\/#primaryimage\"},\"image\":{\"@id\":\"https:\\\/\\\/medicinasinc.com\\\/fi\\\/product\\\/osta-mustikka-nuken-sarkya-ylahylly\\\/#primaryimage\"},\"thumbnailUrl\":\"https:\\\/\\\/medicinasinc.com\\\/fi\\\/wp-content\\\/uploads\\\/sites\\\/12\\\/2022\\\/02\\\/Buy-Blueberry-Nuken-Shatter.jpg\",\"datePublished\":\"2022-02-20T17:08:15+00:00\",\"dateModified\":\"2022-03-22T01:13:28+00:00\",\"description\":\"Osta Blueberry Nuken Shatter UK, Europe Online Kanadan ykk\u00f6sl\u00e4\u00e4k\u00e4rin verkosta, Best Global Weed Online Cannabis Dispansary.\",\"breadcrumb\":{\"@id\":\"https:\\\/\\\/medicinasinc.com\\\/fi\\\/product\\\/osta-mustikka-nuken-sarkya-ylahylly\\\/#breadcrumb\"},\"inLanguage\":\"en-US\",\"potentialAction\":[{\"@type\":\"ReadAction\",\"target\":[\"https:\\\/\\\/medicinasinc.com\\\/fi\\\/product\\\/osta-mustikka-nuken-sarkya-ylahylly\\\/\"]}]},{\"@type\":\"ImageObject\",\"inLanguage\":\"en-US\",\"@id\":\"https:\\\/\\\/medicinasinc.com\\\/fi\\\/product\\\/osta-mustikka-nuken-sarkya-ylahylly\\\/#primaryimage\",\"url\":\"https:\\\/\\\/medicinasinc.com\\\/fi\\\/wp-content\\\/uploads\\\/sites\\\/12\\\/2022\\\/02\\\/Buy-Blueberry-Nuken-Shatter.jpg\",\"contentUrl\":\"https:\\\/\\\/medicinasinc.com\\\/fi\\\/wp-content\\\/uploads\\\/sites\\\/12\\\/2022\\\/02\\\/Buy-Blueberry-Nuken-Shatter.jpg\",\"width\":600,\"height\":600},{\"@type\":\"BreadcrumbList\",\"@id\":\"https:\\\/\\\/medicinasinc.com\\\/fi\\\/product\\\/osta-mustikka-nuken-sarkya-ylahylly\\\/#breadcrumb\",\"itemListElement\":[{\"@type\":\"ListItem\",\"position\":1,\"name\":\"Myym\u00e4l\u00e4\",\"item\":\"https:\\\/\\\/medicinasinc.com\\\/fi\\\/myymala\\\/\"},{\"@type\":\"ListItem\",\"position\":2,\"name\":\"Osta Blueberry Nuken Shatter \u2013 yl\u00e4hylly\"}]},{\"@type\":\"WebSite\",\"@id\":\"https:\\\/\\\/medicinasinc.com\\\/fi\\\/#website\",\"url\":\"https:\\\/\\\/medicinasinc.com\\\/fi\\\/\",\"name\":\"Medicinas Inc\",\"description\":\"Health Medical Clinic\",\"potentialAction\":[{\"@type\":\"SearchAction\",\"target\":{\"@type\":\"EntryPoint\",\"urlTemplate\":\"https:\\\/\\\/medicinasinc.com\\\/fi\\\/?s={search_term_string}\"},\"query-input\":{\"@type\":\"PropertyValueSpecification\",\"valueRequired\":true,\"valueName\":\"search_term_string\"}}],\"inLanguage\":\"en-US\"}]}<\/script>\n<!-- \/ Yoast SEO plugin. -->","yoast_head_json":{"title":"Osta Blueberry Nuken Shatter \u2013 huippuhylly \u2013 parhaat maailmanlaajuiset l\u00e4\u00e4kkeet","description":"Osta Blueberry Nuken Shatter UK, Europe Online Kanadan ykk\u00f6sl\u00e4\u00e4k\u00e4rin verkosta, Best Global Weed Online Cannabis Dispansary.","robots":{"index":"index","follow":"follow","max-snippet":"max-snippet:-1","max-image-preview":"max-image-preview:large","max-video-preview":"max-video-preview:-1"},"canonical":"https:\/\/medicinasinc.com\/fi\/product\/osta-mustikka-nuken-sarkya-ylahylly\/","og_locale":"en_US","og_type":"article","og_title":"Osta Blueberry Nuken Shatter \u2013 huippuhylly \u2013 parhaat maailmanlaajuiset l\u00e4\u00e4kkeet","og_description":"Osta Blueberry Nuken Shatter UK, Europe Online Kanadan ykk\u00f6sl\u00e4\u00e4k\u00e4rin verkosta, Best Global Weed Online Cannabis Dispansary.","og_url":"https:\/\/medicinasinc.com\/fi\/product\/osta-mustikka-nuken-sarkya-ylahylly\/","og_site_name":"Medicinas Inc","article_modified_time":"2022-03-22T01:13:28+00:00","og_image":[{"width":600,"height":600,"url":"https:\/\/medicinasinc.com\/fi\/wp-content\/uploads\/sites\/12\/2022\/02\/Buy-Blueberry-Nuken-Shatter.jpg","type":"image\/jpeg"}],"twitter_card":"summary_large_image","twitter_misc":{"Est. reading time":"1 minute"},"schema":{"@context":"https:\/\/schema.org","@graph":[{"@type":"WebPage","@id":"https:\/\/medicinasinc.com\/fi\/product\/osta-mustikka-nuken-sarkya-ylahylly\/","url":"https:\/\/medicinasinc.com\/fi\/product\/osta-mustikka-nuken-sarkya-ylahylly\/","name":"Osta Blueberry Nuken Shatter \u2013 huippuhylly \u2013 parhaat maailmanlaajuiset l\u00e4\u00e4kkeet","isPartOf":{"@id":"https:\/\/medicinasinc.com\/fi\/#website"},"primaryImageOfPage":{"@id":"https:\/\/medicinasinc.com\/fi\/product\/osta-mustikka-nuken-sarkya-ylahylly\/#primaryimage"},"image":{"@id":"https:\/\/medicinasinc.com\/fi\/product\/osta-mustikka-nuken-sarkya-ylahylly\/#primaryimage"},"thumbnailUrl":"https:\/\/medicinasinc.com\/fi\/wp-content\/uploads\/sites\/12\/2022\/02\/Buy-Blueberry-Nuken-Shatter.jpg","datePublished":"2022-02-20T17:08:15+00:00","dateModified":"2022-03-22T01:13:28+00:00","description":"Osta Blueberry Nuken Shatter UK, Europe Online Kanadan ykk\u00f6sl\u00e4\u00e4k\u00e4rin verkosta, Best Global Weed Online Cannabis Dispansary.","breadcrumb":{"@id":"https:\/\/medicinasinc.com\/fi\/product\/osta-mustikka-nuken-sarkya-ylahylly\/#breadcrumb"},"inLanguage":"en-US","potentialAction":[{"@type":"ReadAction","target":["https:\/\/medicinasinc.com\/fi\/product\/osta-mustikka-nuken-sarkya-ylahylly\/"]}]},{"@type":"ImageObject","inLanguage":"en-US","@id":"https:\/\/medicinasinc.com\/fi\/product\/osta-mustikka-nuken-sarkya-ylahylly\/#primaryimage","url":"https:\/\/medicinasinc.com\/fi\/wp-content\/uploads\/sites\/12\/2022\/02\/Buy-Blueberry-Nuken-Shatter.jpg","contentUrl":"https:\/\/medicinasinc.com\/fi\/wp-content\/uploads\/sites\/12\/2022\/02\/Buy-Blueberry-Nuken-Shatter.jpg","width":600,"height":600},{"@type":"BreadcrumbList","@id":"https:\/\/medicinasinc.com\/fi\/product\/osta-mustikka-nuken-sarkya-ylahylly\/#breadcrumb","itemListElement":[{"@type":"ListItem","position":1,"name":"Myym\u00e4l\u00e4","item":"https:\/\/medicinasinc.com\/fi\/myymala\/"},{"@type":"ListItem","position":2,"name":"Osta Blueberry Nuken Shatter \u2013 yl\u00e4hylly"}]},{"@type":"WebSite","@id":"https:\/\/medicinasinc.com\/fi\/#website","url":"https:\/\/medicinasinc.com\/fi\/","name":"Medicinas Inc","description":"Health Medical Clinic","potentialAction":[{"@type":"SearchAction","target":{"@type":"EntryPoint","urlTemplate":"https:\/\/medicinasinc.com\/fi\/?s={search_term_string}"},"query-input":{"@type":"PropertyValueSpecification","valueRequired":true,"valueName":"search_term_string"}}],"inLanguage":"en-US"}]}},"_links":{"self":[{"href":"https:\/\/medicinasinc.com\/fi\/wp-json\/wp\/v2\/product\/4871","targetHints":{"allow":["GET"]}}],"collection":[{"href":"https:\/\/medicinasinc.com\/fi\/wp-json\/wp\/v2\/product"}],"about":[{"href":"https:\/\/medicinasinc.com\/fi\/wp-json\/wp\/v2\/types\/product"}],"replies":[{"embeddable":true,"href":"https:\/\/medicinasinc.com\/fi\/wp-json\/wp\/v2\/comments?post=4871"}],"wp:featuredmedia":[{"embeddable":true,"href":"https:\/\/medicinasinc.com\/fi\/wp-json\/wp\/v2\/media\/4885"}],"wp:attachment":[{"href":"https:\/\/medicinasinc.com\/fi\/wp-json\/wp\/v2\/media?parent=4871"}],"wp:term":[{"taxonomy":"product_brand","embeddable":true,"href":"https:\/\/medicinasinc.com\/fi\/wp-json\/wp\/v2\/product_brand?post=4871"},{"taxonomy":"product_cat","embeddable":true,"href":"https:\/\/medicinasinc.com\/fi\/wp-json\/wp\/v2\/product_cat?post=4871"},{"taxonomy":"product_tag","embeddable":true,"href":"https:\/\/medicinasinc.com\/fi\/wp-json\/wp\/v2\/product_tag?post=4871"}],"curies":[{"name":"wp","href":"https:\/\/api.w.org\/{rel}","templated":true}]}}