{"id":4861,"date":"2022-02-20T17:01:48","date_gmt":"2022-02-20T17:01:48","guid":{"rendered":"https:\/\/medicinasinc.com\/fi\/?post_type=product&#038;p=4861"},"modified":"2022-03-22T01:13:37","modified_gmt":"2022-03-22T01:13:37","slug":"osta-lsd-100mcg-blotterit","status":"publish","type":"product","link":"https:\/\/medicinasinc.com\/fi\/product\/osta-lsd-100mcg-blotterit\/","title":{"rendered":"Osta LSD 100mcg BLOTTERIT"},"content":{"rendered":"<p>LSD 100mcg BLOTTERIT voi ostaa verkosta.<\/p>\n<p>LSD 100mcg BLOTTERIT voi ostaa verkosta. Myymme my\u00f6s LSD-v\u00e4lilehti\u00e4. Lis\u00e4tietoja LSD:st\u00e4 saat t\u00e4lt\u00e4 sivulta.<\/p>\n<p>LSD (lysergic Acid Diethylamide) -suola\/imupaperin ostaminen verkossa<\/p>\n<p>&nbsp;<\/p>\n<p>LSD (lysergic acid Diethylamide) Acid Diethylamide), lyhennettyn\u00e4 LSD tai LSD-25, on ergoline-perheen puolisynteettinen psykedeelinen l\u00e4\u00e4ke, joka on tunnettu psykologisista vaikutuksistaan.<br \/> Voit ostaa edullisia LSD (lysergic Acid Diethylamide) -imupaperia verkosta (halpahintaan). )<br \/> Kemikaalit &amp; Jauheet tutkimukseen<br \/> Ei-omistettu tuotemerkki<br \/> Hapot, kylpysuolat, imupaperi, imupaperi, kemikaalit, hitit, LSD, LSD-25, lysergihappo, lysergihappo Dietyyliamidi, paperi, tutkimuskemikaalit ja imupaperit, lysergihappo, lysergihappodietyyliamidi, suola, levy<\/p>\n","protected":false},"excerpt":{"rendered":"<div class=\"woocommerce-product-details__short-description\">\n<p>LSD 100mcg BLOTTERIT voi ostaa verkosta. Osta LSD 100mcg BLOTTERS -jauhetta alennettuun hintaan | Mist\u00e4 ostaa LSD 100mcg BLOTTERS -jauhetta verkosta. Lysergic Acid Diethyamid BLOTTERS &#8211; LSD BLOTTERIT myyt\u00e4v\u00e4n\u00e4<\/p>\n<p>Verkkokauppiaat myyv\u00e4t LSD (lysergic Acid Diethylamide) -suola-\/imupaperipaperia.<br \/> Tuotteen hinta on seuraava: arkki (imupaperi)<\/p>\n<\/p>\n<p> div&gt;<\/p>\n","protected":false},"featured_media":4876,"comment_status":"open","ping_status":"closed","template":"","meta":[],"product_brand":[],"product_cat":[703],"product_tag":[745,746,747,750,751,752,753,755,749,756,768,762,764,763,761,766,765,767,759,760,757,770,769,773,774,772,771,776,775,758,754,748],"class_list":{"0":"post-4861","1":"product","2":"type-product","3":"status-publish","4":"has-post-thumbnail","6":"product_cat-osta-psykedeelisi-lkkeit","7":"product_tag-1p-lsd-buy-usa","8":"product_tag-1p-lsd-blotter-100-mcg","9":"product_tag-are-lsd","10":"product_tag-blotter-happo-myynniss","11":"product_tag-buy-1-p-lsd","12":"product_tag-buy-lsd-blotter-sheets","13":"product_tag-buy-lsd-blotters-legal-highs-online","14":"product_tag-how-can-you-tell-if-your-lsd-blotter-is-real-or-one-of-the-2c-family","15":"product_tag-imuri","16":"product_tag-miten-kytt-lsd-blotter-vlilehte","17":"product_tag-lsd-blotters-annos","18":"product_tag-lsd-blotter-arkki","19":"product_tag-lsd-blotter-kauppa","20":"product_tag-lsd-blotter-arkit","21":"product_tag-lsd-blotter-paperi-happo","22":"product_tag-lsd-blotter-muisti","23":"product_tag-lsd-blotter-sivusto","24":"product_tag-lsd-blotter-tab-size","25":"product_tag-lsd-blotter-cost","26":"product_tag-lsd-blotter-hofmann","27":"product_tag-lsd-andra-sa-c2-b6kte-a-c2-a4ven-efter","28":"product_tag-lsd-to-buy","29":"product_tag-lsd-tabs-buy","30":"product_tag-lysergic-acid-diethylamide-for-sale","31":"product_tag-lysergic-acid-diethylamide-street-names","32":"product_tag-lysergihappo-dietyyliamidi-blottery","33":"product_tag-lysergihappo-dietyyliamidi-blotterazzi","34":"product_tag-why-do-lsd-blotter-tabs-have-designs-on-them","35":"product_tag-mist-voin-ostaa-imupaperia","36":"product_tag-lsd-blotter-art-myynniss","37":"product_tag-osta-lysergic-acid-diethylamid-blotter-lista","38":"product_tag-taide-arkit-sytvt","40":"first","41":"instock","42":"shipping-taxable","43":"purchasable","44":"product-type-variable","45":"has-default-attributes"},"yoast_head":"<!-- This site is optimized with the Yoast SEO plugin v27.3 - https:\/\/yoast.com\/product\/yoast-seo-wordpress\/ -->\n<title>Osta LSD 100mcg BLOTTERIT \u2013 parhaat maailmanlaajuiset l\u00e4\u00e4kkeet<\/title>\n<meta name=\"description\" content=\"Osta LSD 100mcg blotterit Euroopassa Iso-Britanniassa myyt\u00e4v\u00e4n\u00e4 1-propionyyli-LSD (alias 1P-LSD Blotters) edulliseen hintaan. Klikkaa nettisivuille ja tilaa jo t\u00e4n\u00e4\u00e4n!\" \/>\n<meta name=\"robots\" content=\"index, follow, max-snippet:-1, max-image-preview:large, max-video-preview:-1\" \/>\n<link rel=\"canonical\" href=\"https:\/\/medicinasinc.com\/fi\/product\/osta-lsd-100mcg-blotterit\/\" \/>\n<meta property=\"og:locale\" content=\"en_US\" \/>\n<meta property=\"og:type\" content=\"article\" \/>\n<meta property=\"og:title\" content=\"Osta LSD 100mcg BLOTTERIT \u2013 parhaat maailmanlaajuiset l\u00e4\u00e4kkeet\" \/>\n<meta property=\"og:description\" content=\"Osta LSD 100mcg blotterit Euroopassa Iso-Britanniassa myyt\u00e4v\u00e4n\u00e4 1-propionyyli-LSD (alias 1P-LSD Blotters) edulliseen hintaan. Klikkaa nettisivuille ja tilaa jo t\u00e4n\u00e4\u00e4n!\" \/>\n<meta property=\"og:url\" content=\"https:\/\/medicinasinc.com\/fi\/product\/osta-lsd-100mcg-blotterit\/\" \/>\n<meta property=\"og:site_name\" content=\"Medicinas Inc\" \/>\n<meta property=\"article:modified_time\" content=\"2022-03-22T01:13:37+00:00\" \/>\n<meta property=\"og:image\" content=\"https:\/\/medicinasinc.com\/fi\/wp-content\/uploads\/sites\/12\/2022\/02\/Buy-LSD-100mcg-blotters-1.jpg\" \/>\n\t<meta property=\"og:image:width\" content=\"960\" \/>\n\t<meta property=\"og:image:height\" content=\"720\" \/>\n\t<meta property=\"og:image:type\" content=\"image\/jpeg\" \/>\n<meta name=\"twitter:card\" content=\"summary_large_image\" \/>\n<meta name=\"twitter:label1\" content=\"Est. reading time\" \/>\n\t<meta name=\"twitter:data1\" content=\"1 minute\" \/>\n<script type=\"application\/ld+json\" class=\"yoast-schema-graph\">{\"@context\":\"https:\\\/\\\/schema.org\",\"@graph\":[{\"@type\":\"WebPage\",\"@id\":\"https:\\\/\\\/medicinasinc.com\\\/fi\\\/product\\\/osta-lsd-100mcg-blotterit\\\/\",\"url\":\"https:\\\/\\\/medicinasinc.com\\\/fi\\\/product\\\/osta-lsd-100mcg-blotterit\\\/\",\"name\":\"Osta LSD 100mcg BLOTTERIT \u2013 parhaat maailmanlaajuiset l\u00e4\u00e4kkeet\",\"isPartOf\":{\"@id\":\"https:\\\/\\\/medicinasinc.com\\\/fi\\\/#website\"},\"primaryImageOfPage\":{\"@id\":\"https:\\\/\\\/medicinasinc.com\\\/fi\\\/product\\\/osta-lsd-100mcg-blotterit\\\/#primaryimage\"},\"image\":{\"@id\":\"https:\\\/\\\/medicinasinc.com\\\/fi\\\/product\\\/osta-lsd-100mcg-blotterit\\\/#primaryimage\"},\"thumbnailUrl\":\"https:\\\/\\\/medicinasinc.com\\\/fi\\\/wp-content\\\/uploads\\\/sites\\\/12\\\/2022\\\/02\\\/Buy-LSD-100mcg-blotters-1.jpg\",\"datePublished\":\"2022-02-20T17:01:48+00:00\",\"dateModified\":\"2022-03-22T01:13:37+00:00\",\"description\":\"Osta LSD 100mcg blotterit Euroopassa Iso-Britanniassa myyt\u00e4v\u00e4n\u00e4 1-propionyyli-LSD (alias 1P-LSD Blotters) edulliseen hintaan. Klikkaa nettisivuille ja tilaa jo t\u00e4n\u00e4\u00e4n!\",\"breadcrumb\":{\"@id\":\"https:\\\/\\\/medicinasinc.com\\\/fi\\\/product\\\/osta-lsd-100mcg-blotterit\\\/#breadcrumb\"},\"inLanguage\":\"en-US\",\"potentialAction\":[{\"@type\":\"ReadAction\",\"target\":[\"https:\\\/\\\/medicinasinc.com\\\/fi\\\/product\\\/osta-lsd-100mcg-blotterit\\\/\"]}]},{\"@type\":\"ImageObject\",\"inLanguage\":\"en-US\",\"@id\":\"https:\\\/\\\/medicinasinc.com\\\/fi\\\/product\\\/osta-lsd-100mcg-blotterit\\\/#primaryimage\",\"url\":\"https:\\\/\\\/medicinasinc.com\\\/fi\\\/wp-content\\\/uploads\\\/sites\\\/12\\\/2022\\\/02\\\/Buy-LSD-100mcg-blotters-1.jpg\",\"contentUrl\":\"https:\\\/\\\/medicinasinc.com\\\/fi\\\/wp-content\\\/uploads\\\/sites\\\/12\\\/2022\\\/02\\\/Buy-LSD-100mcg-blotters-1.jpg\",\"width\":960,\"height\":720},{\"@type\":\"BreadcrumbList\",\"@id\":\"https:\\\/\\\/medicinasinc.com\\\/fi\\\/product\\\/osta-lsd-100mcg-blotterit\\\/#breadcrumb\",\"itemListElement\":[{\"@type\":\"ListItem\",\"position\":1,\"name\":\"Myym\u00e4l\u00e4\",\"item\":\"https:\\\/\\\/medicinasinc.com\\\/fi\\\/myymala\\\/\"},{\"@type\":\"ListItem\",\"position\":2,\"name\":\"Osta LSD 100mcg BLOTTERIT\"}]},{\"@type\":\"WebSite\",\"@id\":\"https:\\\/\\\/medicinasinc.com\\\/fi\\\/#website\",\"url\":\"https:\\\/\\\/medicinasinc.com\\\/fi\\\/\",\"name\":\"Medicinas Inc\",\"description\":\"Health Medical Clinic\",\"potentialAction\":[{\"@type\":\"SearchAction\",\"target\":{\"@type\":\"EntryPoint\",\"urlTemplate\":\"https:\\\/\\\/medicinasinc.com\\\/fi\\\/?s={search_term_string}\"},\"query-input\":{\"@type\":\"PropertyValueSpecification\",\"valueRequired\":true,\"valueName\":\"search_term_string\"}}],\"inLanguage\":\"en-US\"}]}<\/script>\n<!-- \/ Yoast SEO plugin. -->","yoast_head_json":{"title":"Osta LSD 100mcg BLOTTERIT \u2013 parhaat maailmanlaajuiset l\u00e4\u00e4kkeet","description":"Osta LSD 100mcg blotterit Euroopassa Iso-Britanniassa myyt\u00e4v\u00e4n\u00e4 1-propionyyli-LSD (alias 1P-LSD Blotters) edulliseen hintaan. Klikkaa nettisivuille ja tilaa jo t\u00e4n\u00e4\u00e4n!","robots":{"index":"index","follow":"follow","max-snippet":"max-snippet:-1","max-image-preview":"max-image-preview:large","max-video-preview":"max-video-preview:-1"},"canonical":"https:\/\/medicinasinc.com\/fi\/product\/osta-lsd-100mcg-blotterit\/","og_locale":"en_US","og_type":"article","og_title":"Osta LSD 100mcg BLOTTERIT \u2013 parhaat maailmanlaajuiset l\u00e4\u00e4kkeet","og_description":"Osta LSD 100mcg blotterit Euroopassa Iso-Britanniassa myyt\u00e4v\u00e4n\u00e4 1-propionyyli-LSD (alias 1P-LSD Blotters) edulliseen hintaan. Klikkaa nettisivuille ja tilaa jo t\u00e4n\u00e4\u00e4n!","og_url":"https:\/\/medicinasinc.com\/fi\/product\/osta-lsd-100mcg-blotterit\/","og_site_name":"Medicinas Inc","article_modified_time":"2022-03-22T01:13:37+00:00","og_image":[{"width":960,"height":720,"url":"https:\/\/medicinasinc.com\/fi\/wp-content\/uploads\/sites\/12\/2022\/02\/Buy-LSD-100mcg-blotters-1.jpg","type":"image\/jpeg"}],"twitter_card":"summary_large_image","twitter_misc":{"Est. reading time":"1 minute"},"schema":{"@context":"https:\/\/schema.org","@graph":[{"@type":"WebPage","@id":"https:\/\/medicinasinc.com\/fi\/product\/osta-lsd-100mcg-blotterit\/","url":"https:\/\/medicinasinc.com\/fi\/product\/osta-lsd-100mcg-blotterit\/","name":"Osta LSD 100mcg BLOTTERIT \u2013 parhaat maailmanlaajuiset l\u00e4\u00e4kkeet","isPartOf":{"@id":"https:\/\/medicinasinc.com\/fi\/#website"},"primaryImageOfPage":{"@id":"https:\/\/medicinasinc.com\/fi\/product\/osta-lsd-100mcg-blotterit\/#primaryimage"},"image":{"@id":"https:\/\/medicinasinc.com\/fi\/product\/osta-lsd-100mcg-blotterit\/#primaryimage"},"thumbnailUrl":"https:\/\/medicinasinc.com\/fi\/wp-content\/uploads\/sites\/12\/2022\/02\/Buy-LSD-100mcg-blotters-1.jpg","datePublished":"2022-02-20T17:01:48+00:00","dateModified":"2022-03-22T01:13:37+00:00","description":"Osta LSD 100mcg blotterit Euroopassa Iso-Britanniassa myyt\u00e4v\u00e4n\u00e4 1-propionyyli-LSD (alias 1P-LSD Blotters) edulliseen hintaan. Klikkaa nettisivuille ja tilaa jo t\u00e4n\u00e4\u00e4n!","breadcrumb":{"@id":"https:\/\/medicinasinc.com\/fi\/product\/osta-lsd-100mcg-blotterit\/#breadcrumb"},"inLanguage":"en-US","potentialAction":[{"@type":"ReadAction","target":["https:\/\/medicinasinc.com\/fi\/product\/osta-lsd-100mcg-blotterit\/"]}]},{"@type":"ImageObject","inLanguage":"en-US","@id":"https:\/\/medicinasinc.com\/fi\/product\/osta-lsd-100mcg-blotterit\/#primaryimage","url":"https:\/\/medicinasinc.com\/fi\/wp-content\/uploads\/sites\/12\/2022\/02\/Buy-LSD-100mcg-blotters-1.jpg","contentUrl":"https:\/\/medicinasinc.com\/fi\/wp-content\/uploads\/sites\/12\/2022\/02\/Buy-LSD-100mcg-blotters-1.jpg","width":960,"height":720},{"@type":"BreadcrumbList","@id":"https:\/\/medicinasinc.com\/fi\/product\/osta-lsd-100mcg-blotterit\/#breadcrumb","itemListElement":[{"@type":"ListItem","position":1,"name":"Myym\u00e4l\u00e4","item":"https:\/\/medicinasinc.com\/fi\/myymala\/"},{"@type":"ListItem","position":2,"name":"Osta LSD 100mcg BLOTTERIT"}]},{"@type":"WebSite","@id":"https:\/\/medicinasinc.com\/fi\/#website","url":"https:\/\/medicinasinc.com\/fi\/","name":"Medicinas Inc","description":"Health Medical Clinic","potentialAction":[{"@type":"SearchAction","target":{"@type":"EntryPoint","urlTemplate":"https:\/\/medicinasinc.com\/fi\/?s={search_term_string}"},"query-input":{"@type":"PropertyValueSpecification","valueRequired":true,"valueName":"search_term_string"}}],"inLanguage":"en-US"}]}},"_links":{"self":[{"href":"https:\/\/medicinasinc.com\/fi\/wp-json\/wp\/v2\/product\/4861","targetHints":{"allow":["GET"]}}],"collection":[{"href":"https:\/\/medicinasinc.com\/fi\/wp-json\/wp\/v2\/product"}],"about":[{"href":"https:\/\/medicinasinc.com\/fi\/wp-json\/wp\/v2\/types\/product"}],"replies":[{"embeddable":true,"href":"https:\/\/medicinasinc.com\/fi\/wp-json\/wp\/v2\/comments?post=4861"}],"wp:featuredmedia":[{"embeddable":true,"href":"https:\/\/medicinasinc.com\/fi\/wp-json\/wp\/v2\/media\/4876"}],"wp:attachment":[{"href":"https:\/\/medicinasinc.com\/fi\/wp-json\/wp\/v2\/media?parent=4861"}],"wp:term":[{"taxonomy":"product_brand","embeddable":true,"href":"https:\/\/medicinasinc.com\/fi\/wp-json\/wp\/v2\/product_brand?post=4861"},{"taxonomy":"product_cat","embeddable":true,"href":"https:\/\/medicinasinc.com\/fi\/wp-json\/wp\/v2\/product_cat?post=4861"},{"taxonomy":"product_tag","embeddable":true,"href":"https:\/\/medicinasinc.com\/fi\/wp-json\/wp\/v2\/product_tag?post=4861"}],"curies":[{"name":"wp","href":"https:\/\/api.w.org\/{rel}","templated":true}]}}