{"id":4859,"date":"2022-02-20T17:00:55","date_gmt":"2022-02-20T17:00:55","guid":{"rendered":"https:\/\/medicinasinc.com\/fi\/?post_type=product&#038;p=4859"},"modified":"2022-03-22T01:13:46","modified_gmt":"2022-03-22T01:13:46","slug":"osta-laatu-al-lad-blotterit","status":"publish","type":"product","link":"https:\/\/medicinasinc.com\/fi\/product\/osta-laatu-al-lad-blotterit\/","title":{"rendered":"Osta laadukkaita AL-LAD-blottereja"},"content":{"rendered":"<p>Osta edullisia AL-LAD-blottereja verkosta. 150 mikrogrammaa AL-LAD-blotterit.<\/p>\n<p>Mik\u00e4 AL-LAD oikein on?<\/p>\n<p>6-allyyli-6-nor-<\/p>\n<p>AL-LAD, jota kutsutaan yleisemmin nimell\u00e4 LSD:n\u00e4 on psykedeelinen l\u00e4\u00e4ke, jonka ominaisuudet ovat samankaltaisia \u200b\u200bkuin LSD (lysergihappodietyyliamidi). Se syntetisoitiin ensimm\u00e4isen kerran vuonna 1976, ja siit\u00e4 on sittemmin tullut suosittu huume &#8220;tutkimuskemikaalien&#8221; ja &#8220;uusien psykoaktiivisten aineiden&#8221; markkinoilla. AL-LAD tuottaa psykoaktiivisen &#8220;matkan&#8221;, joka on hyvin samanlainen kuin LSD.<\/p>\n<p>AL-LAD:ta k\u00e4ytettiin ensimm\u00e4isen kerran virkistystarkoituksiin Irlannissa ja Isossa-Britanniassa. Se esiintyi Alexander Shulginin vuoden 1997 kirjassa TIHKAL (Tryptamines I Have Known And Loved). T\u00e4m\u00e4n seurauksena l\u00e4\u00e4kkeen suosio on levinnyt maailmanlaajuisesti. Nyt ihmiset kaikkialla maailmassa, mukaan lukien Yhdysvallat, kokeilevat huumeita.<\/p>\n<p>AL-LAD:n oikeudellinen asema on melko ep\u00e4selv\u00e4. Sit\u00e4 ei ole luokiteltu valvotuksi aineeksi liittovaltion lain mukaan Yhdysvalloissa. Se on kuitenkin LSD:n analogi, mik\u00e4 tarkoittaa, ett\u00e4 myynti tai hallussapito jakelutarkoituksessa voi johtaa liittovaltion analogisen lain mukaiseen syytteeseen.<\/p>\n<p>AL-LAD-matkat muistuttavat LSD-matkoja useimmilla tavoilla. L\u00e4\u00e4ke otetaan suun kautta, usein imupaperien kautta. T\u00e4m\u00e4n seurauksena vaikutukset alkavat ilmet\u00e4 kahdestakymmenest\u00e4 minuutista tuntiin kulutuksen j\u00e4lkeen. K\u00e4ytt\u00e4j\u00e4t kohtaavat seuraavat:<\/p>\n<p>Stimulaatio tai energian lis\u00e4ys<br \/> Euforia<br \/> Raajojen pistely tai tunnottomuus<br \/> Herkistyminen<br \/> N\u00e4k\u00f6h\u00e4iri\u00f6<br \/> Hallusinaatiot <\/p>\n<p>AL-LAD:n k\u00e4yt\u00f6n mahdollisia haittavaikutuksia ovat seuraavat:<br \/> Keskittymis- tai ajatteluvaikeudet<br \/> Syke kohonnut<br \/> Kehon l\u00e4mp\u00f6tilanvaihtelut<br \/> Pahoinvointi<br \/> Harhaluulot<br \/> Negatiivisen ajattelun silmukat<br \/> Verisuonten supistuminen (verisuonten kiristyminen)<br \/> Kohtaukset<\/p>\n<p>LSD on yksi laajimmin tutkituista psykedeelisista aineista. Huolimatta etiketist\u00e4 &#8220;tutkimusl\u00e4\u00e4ke&#8221;, AL-LAD:sta on tehty hyvin v\u00e4h\u00e4n varsinaista tieteellist\u00e4 tutkimusta. T\u00e4m\u00e4 tarkoittaa, ett\u00e4 v\u00e4litt\u00f6mien seurausten luettelo ei v\u00e4ltt\u00e4m\u00e4tt\u00e4 ole tyhjent\u00e4v\u00e4. Lis\u00e4ksi l\u00e4\u00e4kkeen pitk\u00e4aikaisvaikutuksista on v\u00e4h\u00e4n tai ei ollenkaan tutkimusta.<\/p>\n<p>Pitk\u00e4aikaisella hallusinogeenien v\u00e4\u00e4rink\u00e4yt\u00f6ll\u00e4 voi olla erilaisia \u200b\u200bkielteisi\u00e4 seurauksia. HPPD on tila, jossa henkil\u00f6 kokee spontaaneja visuaalisia v\u00e4\u00e4ristymi\u00e4 tai hallusinaatioita. T\u00e4m\u00e4 krooninen h\u00e4iri\u00f6 on havaittu henkil\u00f6ill\u00e4, jotka ovat k\u00e4ytt\u00e4neet erilaisia \u200b\u200bhallusinogeenisi\u00e4 aineita, mukaan lukien LSD:t\u00e4, sieni\u00e4 ja DMT:t\u00e4.<\/p>\n","protected":false},"excerpt":{"rendered":"<p>Osta AL-LAD-blotterit halvalla myynniss\u00e4 Isossa-Britanniassa, Euroopassa verkossa. 6-allyyli-6-nor-LSD on psykedeelinen lysergamidi, joka tunnetaan my\u00f6s nimell\u00e4 AL LAD (lysergihappodietyyliamidi). 150 mcg AL-LAD-blotterit.<\/p>\n<p>Minimitilaus on 15 blotteria.<\/p>\n","protected":false},"featured_media":4874,"comment_status":"open","ping_status":"closed","template":"","meta":[],"product_brand":[],"product_cat":[703],"product_tag":[],"class_list":{"0":"post-4859","1":"product","2":"type-product","3":"status-publish","4":"has-post-thumbnail","6":"product_cat-osta-psykedeelisi-lkkeit","8":"first","9":"instock","10":"shipping-taxable","11":"purchasable","12":"product-type-variable","13":"has-default-attributes"},"yoast_head":"<!-- This site is optimized with the Yoast SEO plugin v27.3 - https:\/\/yoast.com\/product\/yoast-seo-wordpress\/ -->\n<title>Osta laadukkaita AL-LAD-blottereja \u2013 parhaat maailmanlaajuiset l\u00e4\u00e4kkeet<\/title>\n<meta name=\"description\" content=\"Osta AL-LAD blotterit halvalla myynniss\u00e4 Isossa-Britanniassa, Euroopassa verkossa. 6-allyyli-6-nor-LSD on psykedeelinen lysergamidi, joka tunnetaan my\u00f6s nimell\u00e4 AL LAD (lysergihappodietyyliamidi). 150mcg AL-LAD-blotterit.\" \/>\n<meta name=\"robots\" content=\"index, follow, max-snippet:-1, max-image-preview:large, max-video-preview:-1\" \/>\n<link rel=\"canonical\" href=\"https:\/\/medicinasinc.com\/fi\/product\/osta-laatu-al-lad-blotterit\/\" \/>\n<meta property=\"og:locale\" content=\"en_US\" \/>\n<meta property=\"og:type\" content=\"article\" \/>\n<meta property=\"og:title\" content=\"Osta laadukkaita AL-LAD-blottereja \u2013 parhaat maailmanlaajuiset l\u00e4\u00e4kkeet\" \/>\n<meta property=\"og:description\" content=\"Osta AL-LAD blotterit halvalla myynniss\u00e4 Isossa-Britanniassa, Euroopassa verkossa. 6-allyyli-6-nor-LSD on psykedeelinen lysergamidi, joka tunnetaan my\u00f6s nimell\u00e4 AL LAD (lysergihappodietyyliamidi). 150mcg AL-LAD-blotterit.\" \/>\n<meta property=\"og:url\" content=\"https:\/\/medicinasinc.com\/fi\/product\/osta-laatu-al-lad-blotterit\/\" \/>\n<meta property=\"og:site_name\" content=\"Medicinas Inc\" \/>\n<meta property=\"article:modified_time\" content=\"2022-03-22T01:13:46+00:00\" \/>\n<meta property=\"og:image\" content=\"https:\/\/medicinasinc.com\/fi\/wp-content\/uploads\/sites\/12\/2022\/02\/Buy-Quality-AL-LAD-blotters.jpg\" \/>\n\t<meta property=\"og:image:width\" content=\"225\" \/>\n\t<meta property=\"og:image:height\" content=\"225\" \/>\n\t<meta property=\"og:image:type\" content=\"image\/jpeg\" \/>\n<meta name=\"twitter:card\" content=\"summary_large_image\" \/>\n<meta name=\"twitter:label1\" content=\"Est. reading time\" \/>\n\t<meta name=\"twitter:data1\" content=\"2 minutes\" \/>\n<script type=\"application\/ld+json\" class=\"yoast-schema-graph\">{\"@context\":\"https:\\\/\\\/schema.org\",\"@graph\":[{\"@type\":\"WebPage\",\"@id\":\"https:\\\/\\\/medicinasinc.com\\\/fi\\\/product\\\/osta-laatu-al-lad-blotterit\\\/\",\"url\":\"https:\\\/\\\/medicinasinc.com\\\/fi\\\/product\\\/osta-laatu-al-lad-blotterit\\\/\",\"name\":\"Osta laadukkaita AL-LAD-blottereja \u2013 parhaat maailmanlaajuiset l\u00e4\u00e4kkeet\",\"isPartOf\":{\"@id\":\"https:\\\/\\\/medicinasinc.com\\\/fi\\\/#website\"},\"primaryImageOfPage\":{\"@id\":\"https:\\\/\\\/medicinasinc.com\\\/fi\\\/product\\\/osta-laatu-al-lad-blotterit\\\/#primaryimage\"},\"image\":{\"@id\":\"https:\\\/\\\/medicinasinc.com\\\/fi\\\/product\\\/osta-laatu-al-lad-blotterit\\\/#primaryimage\"},\"thumbnailUrl\":\"https:\\\/\\\/medicinasinc.com\\\/fi\\\/wp-content\\\/uploads\\\/sites\\\/12\\\/2022\\\/02\\\/Buy-Quality-AL-LAD-blotters.jpg\",\"datePublished\":\"2022-02-20T17:00:55+00:00\",\"dateModified\":\"2022-03-22T01:13:46+00:00\",\"description\":\"Osta AL-LAD blotterit halvalla myynniss\u00e4 Isossa-Britanniassa, Euroopassa verkossa. 6-allyyli-6-nor-LSD on psykedeelinen lysergamidi, joka tunnetaan my\u00f6s nimell\u00e4 AL LAD (lysergihappodietyyliamidi). 150mcg AL-LAD-blotterit.\",\"breadcrumb\":{\"@id\":\"https:\\\/\\\/medicinasinc.com\\\/fi\\\/product\\\/osta-laatu-al-lad-blotterit\\\/#breadcrumb\"},\"inLanguage\":\"en-US\",\"potentialAction\":[{\"@type\":\"ReadAction\",\"target\":[\"https:\\\/\\\/medicinasinc.com\\\/fi\\\/product\\\/osta-laatu-al-lad-blotterit\\\/\"]}]},{\"@type\":\"ImageObject\",\"inLanguage\":\"en-US\",\"@id\":\"https:\\\/\\\/medicinasinc.com\\\/fi\\\/product\\\/osta-laatu-al-lad-blotterit\\\/#primaryimage\",\"url\":\"https:\\\/\\\/medicinasinc.com\\\/fi\\\/wp-content\\\/uploads\\\/sites\\\/12\\\/2022\\\/02\\\/Buy-Quality-AL-LAD-blotters.jpg\",\"contentUrl\":\"https:\\\/\\\/medicinasinc.com\\\/fi\\\/wp-content\\\/uploads\\\/sites\\\/12\\\/2022\\\/02\\\/Buy-Quality-AL-LAD-blotters.jpg\",\"width\":225,\"height\":225},{\"@type\":\"BreadcrumbList\",\"@id\":\"https:\\\/\\\/medicinasinc.com\\\/fi\\\/product\\\/osta-laatu-al-lad-blotterit\\\/#breadcrumb\",\"itemListElement\":[{\"@type\":\"ListItem\",\"position\":1,\"name\":\"Myym\u00e4l\u00e4\",\"item\":\"https:\\\/\\\/medicinasinc.com\\\/fi\\\/myymala\\\/\"},{\"@type\":\"ListItem\",\"position\":2,\"name\":\"Osta laadukkaita AL-LAD-blottereja\"}]},{\"@type\":\"WebSite\",\"@id\":\"https:\\\/\\\/medicinasinc.com\\\/fi\\\/#website\",\"url\":\"https:\\\/\\\/medicinasinc.com\\\/fi\\\/\",\"name\":\"Medicinas Inc\",\"description\":\"Health Medical Clinic\",\"potentialAction\":[{\"@type\":\"SearchAction\",\"target\":{\"@type\":\"EntryPoint\",\"urlTemplate\":\"https:\\\/\\\/medicinasinc.com\\\/fi\\\/?s={search_term_string}\"},\"query-input\":{\"@type\":\"PropertyValueSpecification\",\"valueRequired\":true,\"valueName\":\"search_term_string\"}}],\"inLanguage\":\"en-US\"}]}<\/script>\n<!-- \/ Yoast SEO plugin. -->","yoast_head_json":{"title":"Osta laadukkaita AL-LAD-blottereja \u2013 parhaat maailmanlaajuiset l\u00e4\u00e4kkeet","description":"Osta AL-LAD blotterit halvalla myynniss\u00e4 Isossa-Britanniassa, Euroopassa verkossa. 6-allyyli-6-nor-LSD on psykedeelinen lysergamidi, joka tunnetaan my\u00f6s nimell\u00e4 AL LAD (lysergihappodietyyliamidi). 150mcg AL-LAD-blotterit.","robots":{"index":"index","follow":"follow","max-snippet":"max-snippet:-1","max-image-preview":"max-image-preview:large","max-video-preview":"max-video-preview:-1"},"canonical":"https:\/\/medicinasinc.com\/fi\/product\/osta-laatu-al-lad-blotterit\/","og_locale":"en_US","og_type":"article","og_title":"Osta laadukkaita AL-LAD-blottereja \u2013 parhaat maailmanlaajuiset l\u00e4\u00e4kkeet","og_description":"Osta AL-LAD blotterit halvalla myynniss\u00e4 Isossa-Britanniassa, Euroopassa verkossa. 6-allyyli-6-nor-LSD on psykedeelinen lysergamidi, joka tunnetaan my\u00f6s nimell\u00e4 AL LAD (lysergihappodietyyliamidi). 150mcg AL-LAD-blotterit.","og_url":"https:\/\/medicinasinc.com\/fi\/product\/osta-laatu-al-lad-blotterit\/","og_site_name":"Medicinas Inc","article_modified_time":"2022-03-22T01:13:46+00:00","og_image":[{"width":225,"height":225,"url":"https:\/\/medicinasinc.com\/fi\/wp-content\/uploads\/sites\/12\/2022\/02\/Buy-Quality-AL-LAD-blotters.jpg","type":"image\/jpeg"}],"twitter_card":"summary_large_image","twitter_misc":{"Est. reading time":"2 minutes"},"schema":{"@context":"https:\/\/schema.org","@graph":[{"@type":"WebPage","@id":"https:\/\/medicinasinc.com\/fi\/product\/osta-laatu-al-lad-blotterit\/","url":"https:\/\/medicinasinc.com\/fi\/product\/osta-laatu-al-lad-blotterit\/","name":"Osta laadukkaita AL-LAD-blottereja \u2013 parhaat maailmanlaajuiset l\u00e4\u00e4kkeet","isPartOf":{"@id":"https:\/\/medicinasinc.com\/fi\/#website"},"primaryImageOfPage":{"@id":"https:\/\/medicinasinc.com\/fi\/product\/osta-laatu-al-lad-blotterit\/#primaryimage"},"image":{"@id":"https:\/\/medicinasinc.com\/fi\/product\/osta-laatu-al-lad-blotterit\/#primaryimage"},"thumbnailUrl":"https:\/\/medicinasinc.com\/fi\/wp-content\/uploads\/sites\/12\/2022\/02\/Buy-Quality-AL-LAD-blotters.jpg","datePublished":"2022-02-20T17:00:55+00:00","dateModified":"2022-03-22T01:13:46+00:00","description":"Osta AL-LAD blotterit halvalla myynniss\u00e4 Isossa-Britanniassa, Euroopassa verkossa. 6-allyyli-6-nor-LSD on psykedeelinen lysergamidi, joka tunnetaan my\u00f6s nimell\u00e4 AL LAD (lysergihappodietyyliamidi). 150mcg AL-LAD-blotterit.","breadcrumb":{"@id":"https:\/\/medicinasinc.com\/fi\/product\/osta-laatu-al-lad-blotterit\/#breadcrumb"},"inLanguage":"en-US","potentialAction":[{"@type":"ReadAction","target":["https:\/\/medicinasinc.com\/fi\/product\/osta-laatu-al-lad-blotterit\/"]}]},{"@type":"ImageObject","inLanguage":"en-US","@id":"https:\/\/medicinasinc.com\/fi\/product\/osta-laatu-al-lad-blotterit\/#primaryimage","url":"https:\/\/medicinasinc.com\/fi\/wp-content\/uploads\/sites\/12\/2022\/02\/Buy-Quality-AL-LAD-blotters.jpg","contentUrl":"https:\/\/medicinasinc.com\/fi\/wp-content\/uploads\/sites\/12\/2022\/02\/Buy-Quality-AL-LAD-blotters.jpg","width":225,"height":225},{"@type":"BreadcrumbList","@id":"https:\/\/medicinasinc.com\/fi\/product\/osta-laatu-al-lad-blotterit\/#breadcrumb","itemListElement":[{"@type":"ListItem","position":1,"name":"Myym\u00e4l\u00e4","item":"https:\/\/medicinasinc.com\/fi\/myymala\/"},{"@type":"ListItem","position":2,"name":"Osta laadukkaita AL-LAD-blottereja"}]},{"@type":"WebSite","@id":"https:\/\/medicinasinc.com\/fi\/#website","url":"https:\/\/medicinasinc.com\/fi\/","name":"Medicinas Inc","description":"Health Medical Clinic","potentialAction":[{"@type":"SearchAction","target":{"@type":"EntryPoint","urlTemplate":"https:\/\/medicinasinc.com\/fi\/?s={search_term_string}"},"query-input":{"@type":"PropertyValueSpecification","valueRequired":true,"valueName":"search_term_string"}}],"inLanguage":"en-US"}]}},"_links":{"self":[{"href":"https:\/\/medicinasinc.com\/fi\/wp-json\/wp\/v2\/product\/4859","targetHints":{"allow":["GET"]}}],"collection":[{"href":"https:\/\/medicinasinc.com\/fi\/wp-json\/wp\/v2\/product"}],"about":[{"href":"https:\/\/medicinasinc.com\/fi\/wp-json\/wp\/v2\/types\/product"}],"replies":[{"embeddable":true,"href":"https:\/\/medicinasinc.com\/fi\/wp-json\/wp\/v2\/comments?post=4859"}],"wp:featuredmedia":[{"embeddable":true,"href":"https:\/\/medicinasinc.com\/fi\/wp-json\/wp\/v2\/media\/4874"}],"wp:attachment":[{"href":"https:\/\/medicinasinc.com\/fi\/wp-json\/wp\/v2\/media?parent=4859"}],"wp:term":[{"taxonomy":"product_brand","embeddable":true,"href":"https:\/\/medicinasinc.com\/fi\/wp-json\/wp\/v2\/product_brand?post=4859"},{"taxonomy":"product_cat","embeddable":true,"href":"https:\/\/medicinasinc.com\/fi\/wp-json\/wp\/v2\/product_cat?post=4859"},{"taxonomy":"product_tag","embeddable":true,"href":"https:\/\/medicinasinc.com\/fi\/wp-json\/wp\/v2\/product_tag?post=4859"}],"curies":[{"name":"wp","href":"https:\/\/api.w.org\/{rel}","templated":true}]}}