{"id":4854,"date":"2022-02-20T16:56:44","date_gmt":"2022-02-20T16:56:44","guid":{"rendered":"https:\/\/medicinasinc.com\/fi\/?post_type=product&#038;p=4854"},"modified":"2022-03-22T01:13:55","modified_gmt":"2022-03-22T01:13:55","slug":"osta-lsd-neste-200ug-drop","status":"publish","type":"product","link":"https:\/\/medicinasinc.com\/fi\/product\/osta-lsd-neste-200ug-drop\/","title":{"rendered":"Osta nestem\u00e4inen LSD 200g Drop"},"content":{"rendered":"<p>Osta nestem\u00e4ist\u00e4 LSD:t\u00e4 200 g &amp; pudota verkkoon alennushintaan.<\/p>\n<p>Mik\u00e4 on nestem\u00e4inen LSD?<\/p>\n<p>LSD eli lysergihappodietyyliamidi on hallusinogeeninen aine, joka on johdettu ruissieness\u00e4 l\u00f6ytyv\u00e4st\u00e4 kemikaalista. Se tunnetaan parhaiten k\u00e4yt\u00f6st\u00e4 1960-luvun vastakulttuurissa, ja sen my\u00f6hempi kielto ansaitsi sille p\u00e4\u00e4asiassa negatiivisen maineen.<\/p>\n<p>Sveitsil\u00e4inen tiedemies Albert Hofmann syntetisoi LSD:n vuonna 1938 Z\u00fcrichin laboratoriossa. Vuonna 1943, kun pieni m\u00e4\u00e4r\u00e4 joutui kosketuksiin h\u00e4nen ihonsa kanssa, h\u00e4n huomasi yll\u00e4tt\u00e4en sen hallusinogeeniset ominaisuudet.<\/p>\n<p>Osta LSD LSD on eritt\u00e4in voimakas hallusinogeeni, jolla on valtavia terapeuttisia, henkisi\u00e4 ja kulttuurisia vaikutuksia.<\/p>\n<p>Osta nestem\u00e4ist\u00e4 LSD:t\u00e4 200 g &amp; pudota verkosta alennushintaan \u2013 Farmakologia<\/p>\n<p>Niettyn\u00e4 LSD toimii 5-HT (serotoniini) -reseptorin aktivaattorina ja lis\u00e4\u00e4 samalla merkitt\u00e4v\u00e4sti aivojen serotoniinitasoja est\u00e4m\u00e4ll\u00e4 serotoniinin s\u00e4\u00e4telyj\u00e4rjestelmi\u00e4. Osta nestem\u00e4inen LSD 200ug &amp; pudota verkkoon alennettuun hintaan. 200 ug nestem\u00e4ist\u00e4 LSD:t\u00e4 hinta LSD LSD suosii aivoissa olevien 15 serotoniinireseptorin 2A-alatyyppi\u00e4 (5-HT2A). 5-HT2A-reseptori osallistuu prefrontaalisen aivokuoren kognitiivisiin prosesseihin. T\u00e4m\u00e4 on kriittist\u00e4, sill\u00e4 monet LSD:n eduista johtuvat sen osallistumisesta etuaivokuoreen.<\/p>\n<p>Miten LSD syntetisoidaan?<\/p>\n<p>LSD:n tuotanto vaatii vahvaa orgaanisen kemian ammattitaitoa. t\u00e4ysin varustettu laboratorio (mukaan lukien mahdollisuus steriloida laitteet ja p\u00e4\u00e4sy pime\u00e4\u00e4n huoneeseen) ja useita kemikaaleja, joiden myynti on t\u00e4ll\u00e4 hetkell\u00e4 kielletty tai joita huumevalvontavirasto (DEA) valvoo tarkasti. Toisin kuin metamfetamiinin valmistukseen k\u00e4ytetyt kemikaalit, niit\u00e4 ei l\u00f6ydy yleisesti k\u00e4ytetyist\u00e4 kotitaloustarvikkeista.<\/p>\n<p>Etuaivokuoren uskotaan osallistuvan monimutkaiseen kognitiivisen k\u00e4ytt\u00e4ytymisen suunnitteluun, persoonallisuuden ilmaisuun, p\u00e4\u00e4t\u00f6ksentekoon ja sosiaalisen k\u00e4ytt\u00e4ytymisen hallintaan. . Osta nestem\u00e4inen LSD 200ug &amp; pudota verkkoon alennettuun hintaan. Lis\u00e4ksi se on kriittist\u00e4 ihmisen kyvylle k\u00e4sitell\u00e4 tietoja kaikista muista aivoj\u00e4rjestelmist\u00e4 ja tehd\u00e4 sen seurauksena tavoitteellisia p\u00e4\u00e4t\u00f6ksi\u00e4.<\/p>\n<p>Lysergiinihappodietyyliamidi, jota kutsutaan yleisemmin LSD:ksi, on psykoaktiivinen aine, joka muuttaa k\u00e4sityst\u00e4 ja aiheuttaa hallusinaatioita.<\/p>\n","protected":false},"excerpt":{"rendered":"<p>LSD Liquid 200g drop myynniss\u00e4 Isossa-Britanniassa ja Euroopassa parhaaseen markkinahintaan. Kaikki tuotteemme on valmistettu t\u00e4ysin luonnollisista, THC-vapaista ainesosista. Tee tilauksesi verkossa nyt!<\/p>\n<p>Osta nestem\u00e4ist\u00e4 lsd 200ug &amp; pudota verkkoon alennettuun hintaan. LSD:n ostaminen on yksinkertainen prosessi; se on helposti saatavilla verkossa Amerikassa.<\/p>\n<p>200 g:n hinta &#8211; 350<\/p>\n<p>&nbsp;<\/p>\n<p>&nbsp;<\/p>\n","protected":false},"featured_media":4868,"comment_status":"open","ping_status":"closed","template":"","meta":[],"product_brand":[],"product_cat":[703],"product_tag":[],"class_list":{"0":"post-4854","1":"product","2":"type-product","3":"status-publish","4":"has-post-thumbnail","6":"product_cat-osta-psykedeelisi-lkkeit","8":"first","9":"instock","10":"shipping-taxable","11":"purchasable","12":"product-type-simple"},"yoast_head":"<!-- This site is optimized with the Yoast SEO plugin v27.3 - https:\/\/yoast.com\/product\/yoast-seo-wordpress\/ -->\n<title>Osta nestem\u00e4inen LSD 200g Drop - parhaat maailmanlaajuiset l\u00e4\u00e4kkeet<\/title>\n<meta name=\"description\" content=\"Osta LSD Liquid 200ug drop Iso-Britanniassa, Euroopassa myyt\u00e4v\u00e4n\u00e4 parhaaseen markkinahintaan. Kaikki tuotteemme on valmistettu puhtaista luonnollisista ainesosista ilman THC:t\u00e4. Tilaa verkossa nyt!\" \/>\n<meta name=\"robots\" content=\"index, follow, max-snippet:-1, max-image-preview:large, max-video-preview:-1\" \/>\n<link rel=\"canonical\" href=\"https:\/\/medicinasinc.com\/fi\/product\/osta-lsd-neste-200ug-drop\/\" \/>\n<meta property=\"og:locale\" content=\"en_US\" \/>\n<meta property=\"og:type\" content=\"article\" \/>\n<meta property=\"og:title\" content=\"Osta nestem\u00e4inen LSD 200g Drop - parhaat maailmanlaajuiset l\u00e4\u00e4kkeet\" \/>\n<meta property=\"og:description\" content=\"Osta LSD Liquid 200ug drop Iso-Britanniassa, Euroopassa myyt\u00e4v\u00e4n\u00e4 parhaaseen markkinahintaan. Kaikki tuotteemme on valmistettu puhtaista luonnollisista ainesosista ilman THC:t\u00e4. Tilaa verkossa nyt!\" \/>\n<meta property=\"og:url\" content=\"https:\/\/medicinasinc.com\/fi\/product\/osta-lsd-neste-200ug-drop\/\" \/>\n<meta property=\"og:site_name\" content=\"Medicinas Inc\" \/>\n<meta property=\"article:modified_time\" content=\"2022-03-22T01:13:55+00:00\" \/>\n<meta property=\"og:image\" content=\"https:\/\/medicinasinc.com\/fi\/wp-content\/uploads\/sites\/12\/2022\/02\/Buy-LSD-liquid-200ug-Drop.jpg\" \/>\n\t<meta property=\"og:image:width\" content=\"363\" \/>\n\t<meta property=\"og:image:height\" content=\"445\" \/>\n\t<meta property=\"og:image:type\" content=\"image\/jpeg\" \/>\n<meta name=\"twitter:card\" content=\"summary_large_image\" \/>\n<meta name=\"twitter:label1\" content=\"Est. reading time\" \/>\n\t<meta name=\"twitter:data1\" content=\"2 minutes\" \/>\n<script type=\"application\/ld+json\" class=\"yoast-schema-graph\">{\"@context\":\"https:\\\/\\\/schema.org\",\"@graph\":[{\"@type\":\"WebPage\",\"@id\":\"https:\\\/\\\/medicinasinc.com\\\/fi\\\/product\\\/osta-lsd-neste-200ug-drop\\\/\",\"url\":\"https:\\\/\\\/medicinasinc.com\\\/fi\\\/product\\\/osta-lsd-neste-200ug-drop\\\/\",\"name\":\"Osta nestem\u00e4inen LSD 200g Drop - parhaat maailmanlaajuiset l\u00e4\u00e4kkeet\",\"isPartOf\":{\"@id\":\"https:\\\/\\\/medicinasinc.com\\\/fi\\\/#website\"},\"primaryImageOfPage\":{\"@id\":\"https:\\\/\\\/medicinasinc.com\\\/fi\\\/product\\\/osta-lsd-neste-200ug-drop\\\/#primaryimage\"},\"image\":{\"@id\":\"https:\\\/\\\/medicinasinc.com\\\/fi\\\/product\\\/osta-lsd-neste-200ug-drop\\\/#primaryimage\"},\"thumbnailUrl\":\"https:\\\/\\\/medicinasinc.com\\\/fi\\\/wp-content\\\/uploads\\\/sites\\\/12\\\/2022\\\/02\\\/Buy-LSD-liquid-200ug-Drop.jpg\",\"datePublished\":\"2022-02-20T16:56:44+00:00\",\"dateModified\":\"2022-03-22T01:13:55+00:00\",\"description\":\"Osta LSD Liquid 200ug drop Iso-Britanniassa, Euroopassa myyt\u00e4v\u00e4n\u00e4 parhaaseen markkinahintaan. Kaikki tuotteemme on valmistettu puhtaista luonnollisista ainesosista ilman THC:t\u00e4. Tilaa verkossa nyt!\",\"breadcrumb\":{\"@id\":\"https:\\\/\\\/medicinasinc.com\\\/fi\\\/product\\\/osta-lsd-neste-200ug-drop\\\/#breadcrumb\"},\"inLanguage\":\"en-US\",\"potentialAction\":[{\"@type\":\"ReadAction\",\"target\":[\"https:\\\/\\\/medicinasinc.com\\\/fi\\\/product\\\/osta-lsd-neste-200ug-drop\\\/\"]}]},{\"@type\":\"ImageObject\",\"inLanguage\":\"en-US\",\"@id\":\"https:\\\/\\\/medicinasinc.com\\\/fi\\\/product\\\/osta-lsd-neste-200ug-drop\\\/#primaryimage\",\"url\":\"https:\\\/\\\/medicinasinc.com\\\/fi\\\/wp-content\\\/uploads\\\/sites\\\/12\\\/2022\\\/02\\\/Buy-LSD-liquid-200ug-Drop.jpg\",\"contentUrl\":\"https:\\\/\\\/medicinasinc.com\\\/fi\\\/wp-content\\\/uploads\\\/sites\\\/12\\\/2022\\\/02\\\/Buy-LSD-liquid-200ug-Drop.jpg\",\"width\":363,\"height\":445},{\"@type\":\"BreadcrumbList\",\"@id\":\"https:\\\/\\\/medicinasinc.com\\\/fi\\\/product\\\/osta-lsd-neste-200ug-drop\\\/#breadcrumb\",\"itemListElement\":[{\"@type\":\"ListItem\",\"position\":1,\"name\":\"Myym\u00e4l\u00e4\",\"item\":\"https:\\\/\\\/medicinasinc.com\\\/fi\\\/myymala\\\/\"},{\"@type\":\"ListItem\",\"position\":2,\"name\":\"Osta nestem\u00e4inen LSD 200g Drop\"}]},{\"@type\":\"WebSite\",\"@id\":\"https:\\\/\\\/medicinasinc.com\\\/fi\\\/#website\",\"url\":\"https:\\\/\\\/medicinasinc.com\\\/fi\\\/\",\"name\":\"Medicinas Inc\",\"description\":\"Health Medical Clinic\",\"potentialAction\":[{\"@type\":\"SearchAction\",\"target\":{\"@type\":\"EntryPoint\",\"urlTemplate\":\"https:\\\/\\\/medicinasinc.com\\\/fi\\\/?s={search_term_string}\"},\"query-input\":{\"@type\":\"PropertyValueSpecification\",\"valueRequired\":true,\"valueName\":\"search_term_string\"}}],\"inLanguage\":\"en-US\"}]}<\/script>\n<!-- \/ Yoast SEO plugin. -->","yoast_head_json":{"title":"Osta nestem\u00e4inen LSD 200g Drop - parhaat maailmanlaajuiset l\u00e4\u00e4kkeet","description":"Osta LSD Liquid 200ug drop Iso-Britanniassa, Euroopassa myyt\u00e4v\u00e4n\u00e4 parhaaseen markkinahintaan. Kaikki tuotteemme on valmistettu puhtaista luonnollisista ainesosista ilman THC:t\u00e4. Tilaa verkossa nyt!","robots":{"index":"index","follow":"follow","max-snippet":"max-snippet:-1","max-image-preview":"max-image-preview:large","max-video-preview":"max-video-preview:-1"},"canonical":"https:\/\/medicinasinc.com\/fi\/product\/osta-lsd-neste-200ug-drop\/","og_locale":"en_US","og_type":"article","og_title":"Osta nestem\u00e4inen LSD 200g Drop - parhaat maailmanlaajuiset l\u00e4\u00e4kkeet","og_description":"Osta LSD Liquid 200ug drop Iso-Britanniassa, Euroopassa myyt\u00e4v\u00e4n\u00e4 parhaaseen markkinahintaan. Kaikki tuotteemme on valmistettu puhtaista luonnollisista ainesosista ilman THC:t\u00e4. Tilaa verkossa nyt!","og_url":"https:\/\/medicinasinc.com\/fi\/product\/osta-lsd-neste-200ug-drop\/","og_site_name":"Medicinas Inc","article_modified_time":"2022-03-22T01:13:55+00:00","og_image":[{"width":363,"height":445,"url":"https:\/\/medicinasinc.com\/fi\/wp-content\/uploads\/sites\/12\/2022\/02\/Buy-LSD-liquid-200ug-Drop.jpg","type":"image\/jpeg"}],"twitter_card":"summary_large_image","twitter_misc":{"Est. reading time":"2 minutes"},"schema":{"@context":"https:\/\/schema.org","@graph":[{"@type":"WebPage","@id":"https:\/\/medicinasinc.com\/fi\/product\/osta-lsd-neste-200ug-drop\/","url":"https:\/\/medicinasinc.com\/fi\/product\/osta-lsd-neste-200ug-drop\/","name":"Osta nestem\u00e4inen LSD 200g Drop - parhaat maailmanlaajuiset l\u00e4\u00e4kkeet","isPartOf":{"@id":"https:\/\/medicinasinc.com\/fi\/#website"},"primaryImageOfPage":{"@id":"https:\/\/medicinasinc.com\/fi\/product\/osta-lsd-neste-200ug-drop\/#primaryimage"},"image":{"@id":"https:\/\/medicinasinc.com\/fi\/product\/osta-lsd-neste-200ug-drop\/#primaryimage"},"thumbnailUrl":"https:\/\/medicinasinc.com\/fi\/wp-content\/uploads\/sites\/12\/2022\/02\/Buy-LSD-liquid-200ug-Drop.jpg","datePublished":"2022-02-20T16:56:44+00:00","dateModified":"2022-03-22T01:13:55+00:00","description":"Osta LSD Liquid 200ug drop Iso-Britanniassa, Euroopassa myyt\u00e4v\u00e4n\u00e4 parhaaseen markkinahintaan. Kaikki tuotteemme on valmistettu puhtaista luonnollisista ainesosista ilman THC:t\u00e4. Tilaa verkossa nyt!","breadcrumb":{"@id":"https:\/\/medicinasinc.com\/fi\/product\/osta-lsd-neste-200ug-drop\/#breadcrumb"},"inLanguage":"en-US","potentialAction":[{"@type":"ReadAction","target":["https:\/\/medicinasinc.com\/fi\/product\/osta-lsd-neste-200ug-drop\/"]}]},{"@type":"ImageObject","inLanguage":"en-US","@id":"https:\/\/medicinasinc.com\/fi\/product\/osta-lsd-neste-200ug-drop\/#primaryimage","url":"https:\/\/medicinasinc.com\/fi\/wp-content\/uploads\/sites\/12\/2022\/02\/Buy-LSD-liquid-200ug-Drop.jpg","contentUrl":"https:\/\/medicinasinc.com\/fi\/wp-content\/uploads\/sites\/12\/2022\/02\/Buy-LSD-liquid-200ug-Drop.jpg","width":363,"height":445},{"@type":"BreadcrumbList","@id":"https:\/\/medicinasinc.com\/fi\/product\/osta-lsd-neste-200ug-drop\/#breadcrumb","itemListElement":[{"@type":"ListItem","position":1,"name":"Myym\u00e4l\u00e4","item":"https:\/\/medicinasinc.com\/fi\/myymala\/"},{"@type":"ListItem","position":2,"name":"Osta nestem\u00e4inen LSD 200g Drop"}]},{"@type":"WebSite","@id":"https:\/\/medicinasinc.com\/fi\/#website","url":"https:\/\/medicinasinc.com\/fi\/","name":"Medicinas Inc","description":"Health Medical Clinic","potentialAction":[{"@type":"SearchAction","target":{"@type":"EntryPoint","urlTemplate":"https:\/\/medicinasinc.com\/fi\/?s={search_term_string}"},"query-input":{"@type":"PropertyValueSpecification","valueRequired":true,"valueName":"search_term_string"}}],"inLanguage":"en-US"}]}},"_links":{"self":[{"href":"https:\/\/medicinasinc.com\/fi\/wp-json\/wp\/v2\/product\/4854","targetHints":{"allow":["GET"]}}],"collection":[{"href":"https:\/\/medicinasinc.com\/fi\/wp-json\/wp\/v2\/product"}],"about":[{"href":"https:\/\/medicinasinc.com\/fi\/wp-json\/wp\/v2\/types\/product"}],"replies":[{"embeddable":true,"href":"https:\/\/medicinasinc.com\/fi\/wp-json\/wp\/v2\/comments?post=4854"}],"wp:featuredmedia":[{"embeddable":true,"href":"https:\/\/medicinasinc.com\/fi\/wp-json\/wp\/v2\/media\/4868"}],"wp:attachment":[{"href":"https:\/\/medicinasinc.com\/fi\/wp-json\/wp\/v2\/media?parent=4854"}],"wp:term":[{"taxonomy":"product_brand","embeddable":true,"href":"https:\/\/medicinasinc.com\/fi\/wp-json\/wp\/v2\/product_brand?post=4854"},{"taxonomy":"product_cat","embeddable":true,"href":"https:\/\/medicinasinc.com\/fi\/wp-json\/wp\/v2\/product_cat?post=4854"},{"taxonomy":"product_tag","embeddable":true,"href":"https:\/\/medicinasinc.com\/fi\/wp-json\/wp\/v2\/product_tag?post=4854"}],"curies":[{"name":"wp","href":"https:\/\/api.w.org\/{rel}","templated":true}]}}