{"id":4849,"date":"2022-02-20T16:51:26","date_gmt":"2022-02-20T16:51:26","guid":{"rendered":"https:\/\/medicinasinc.com\/fi\/?post_type=product&#038;p=4849"},"modified":"2022-03-22T01:14:12","modified_gmt":"2022-03-22T01:14:12","slug":"osta-ibogaine-jauhe","status":"publish","type":"product","link":"https:\/\/medicinasinc.com\/fi\/product\/osta-ibogaine-jauhe\/","title":{"rendered":"Osta Ibogaine Powder"},"content":{"rendered":"<p>Ibogaiinihydrokloridi<\/p>\n<p>Ibogaine HCL on luonnossa esiintyv\u00e4 psykoaktiivinen aine, jota l\u00f6ytyy Apocynaceae-heimoon kuuluvista kasveista, mukaan lukien Tabernanthe iboga, Voacanga africana ja Tabernaemontana undulata.<\/p>\n<p>Se on dissosiatiivinen psykedeelinen. Alustavat tutkimukset osoittavat, ett\u00e4 siit\u00e4 voi olla hy\u00f6ty\u00e4 huumeriippuvuuden hoidossa. Ibogaine on ostettavissa. Ibogaine HCL:n voi ostaa verkosta. Ibogaiinihydrokloridijauhe. Ibogaiinia voi ostaa verkosta.<\/p>\n<p>Lis\u00e4ksi vuodesta 2016 l\u00e4htien on saatavilla useita ibogaiinin muotoja, aina juurijauheesta, joka sis\u00e4lt\u00e4\u00e4 eritt\u00e4in pieni\u00e4 m\u00e4\u00e4ri\u00e4 ibogaiinia ja jolla on hyvin v\u00e4h\u00e4n vaikutusta opioidin lievitt\u00e4miseen k\u00e4ytettyn\u00e4. vieroitusoireista eritt\u00e4in puhdistettuun, 99,7-prosenttisesti puhdasta Ibogaine HCL:\u00e4\u00e4. Ibogaine HCL myyt\u00e4v\u00e4n\u00e4 verkossa<\/p>\n<p>Ibogaine Hydrochloride myyt\u00e4v\u00e4n\u00e4<\/p>\n<p>Aluksi k\u00e4yt\u00e4mme 99,7 % puhdasta farmaseuttista Ibogaine HCL:\u00e4\u00e4 Meds Consultingin ibogaine-hoitokeskuksessa. Emme k\u00e4yt\u00e4 edullisia puolisynteettist\u00e4 ibogaiinia, joka on johdettu Voacanga africanasta, emmek\u00e4 TA (kokoalkaloidi) tai PTA (puhdistettu kokonaisalkaloidi) -uutteita. Ibogainea voi ostaa verkosta.<\/p>\n<p>Raaka-aineemme ovat per\u00e4isin Kamerunista (ei Gabonista) viljelij\u00e4osuuskunnalta, joka on viljellyt TA ibogaa meid\u00e4n k\u00e4ytt\u00f6\u00f6n 1990-luvun puoliv\u00e4list\u00e4 l\u00e4htien hy\u00f6dynt\u00e4en ymp\u00e4rist\u00f6yst\u00e4v\u00e4llist\u00e4 ja kest\u00e4v\u00e4\u00e4 maataloutta. k\u00e4yt\u00e4nn\u00f6t. Emme k\u00e4yt\u00e4 mustien tai harmaiden markkinoiden materiaaleja, joiden alkuper\u00e4 tai puhtaus on tuntematon. Ibogaine HCL:\u00e4\u00e4 voi ostaa verkosta.<\/p>\n<p>Ibogaiinihydrokloridimme valmistettiin cGMP-yhteensopivassa laboratoriossa, joka noudattaa kaikkia USFDA:n ohjeita. Meds Consulting k\u00e4ytt\u00e4\u00e4 puhtainta saatavilla olevaa Ibogaine HCL:\u00e4\u00e4 hy\u00f6dynt\u00e4ess\u00e4\u00e4n luonnontuotekemiaa; materiaalimme on sertifioitu 99,7-prosenttisesti puhtaana HPLC-m\u00e4\u00e4rityksen avulla.<\/p>\n<p>Ibogainen psykoaktiiviset ominaisuudet<\/p>\n<p>Aluksi Ibogainen psykoaktiiviset ominaisuudet tuottavat paremman henkisen kokemuksen. Potilas saa syv\u00e4llist\u00e4 n\u00e4kemyst\u00e4, joka antaa h\u00e4nelle selkeytt\u00e4 el\u00e4m\u00e4st\u00e4\u00e4n ja motivoi tekem\u00e4\u00e4n psykologisia muutoksia ja el\u00e4m\u00e4\u00e4n l\u00e4\u00e4kkeet\u00f6nt\u00e4 el\u00e4m\u00e4\u00e4. Ibogaine on ostettavissa.<\/p>\n<p>Ibogainella on tutkimusten mukaan merkitt\u00e4v\u00e4 potentiaali kovien huumeiden, kuten heroiinin, metadonin, kokaiinin, crackin ja alkoholin, hoitoon. Lis\u00e4ksi on n\u00e4ytt\u00f6\u00e4 siit\u00e4, ett\u00e4 se on hy\u00f6dyllinen tupakkariippuvuuden hoidossa. Ibogainea voi ostaa verkosta.<\/p>\n<p>Lis\u00e4ksi Ibogaine tarjoaa mahdollisuuksia psykoterapiaan ja henkiseen opettajaan. Lis\u00e4ksi Ibogainea voidaan k\u00e4ytt\u00e4\u00e4 psykoterapiassa trauman tai ehdon vaikutusten hoitoon. Ibogaine on ostettavissa.<\/p>\n<p>Onko hoito tehokasta ja turvallista?<\/p>\n<p>Ihmiset etsiv\u00e4t toisinaan ibogaiinia myyt\u00e4v\u00e4ksi toivoen, ett\u00e4 he p\u00e4\u00e4sisiv\u00e4t ibogaiinihoitoon opiaattiriippuvuuden vuoksi. Kuten kaikki hoidot, ibogaiinihoito ei kuitenkaan takaa menestyst\u00e4. Paras ibogaiinihydrokloridijauhe<\/p>\n<p>Lis\u00e4ksi ibogaiini-HCL-hoitoa voidaan k\u00e4ytt\u00e4\u00e4 auttamaan henkil\u00f6\u00e4 voittamaan opiaattiriippuvuuden. Ibogaiinia on ostettavissa.<\/p>\n<p>Lis\u00e4ksi ibogaiini auttaa palauttamaan aivojen kemialliset tasot, mutta aivot tulevat fyysisesti riippuvaisiksi ibogaiinista suhteellisen nopeasti. Siten, jos henkil\u00f6 kuluttaa liian suuren m\u00e4\u00e4r\u00e4n ibogaiinia kerralla, h\u00e4n voi k\u00e4rsi\u00e4 kohtalokkaasta yliannostuksesta. Ibogainea voi ostaa verkosta.<\/p>\n<p>Kaikkia ibogaineja ei ole luotu samanarvoisiksi. Erilaisilla materiaaleilla voi olla huomattavasti erilaisia \u200b\u200bvaikutuksia. Ibogaiinimme on identtinen kaikissa vertaisarvioiduissa aikakauslehdiss\u00e4 t\u00e4h\u00e4n menness\u00e4 julkaistujen monografioiden kanssa, mik\u00e4 osoittaa ibogaiinin oletetun kyvyn lievitt\u00e4\u00e4 monien p\u00e4ihteiden v\u00e4\u00e4rink\u00e4ytt\u00f6h\u00e4iri\u00f6ihin liittyvi\u00e4 vieroitusoireita. Ibogainea voi ostaa verkosta.<\/p>\n<p>Tarjoamme maailman turvallisimman ja tehokkaimman ibogaiinin detox-ohjelman, jossa k\u00e4ytet\u00e4\u00e4n planeetan puhtainta ibogaiinihydrokloridia. Ibogaiinihydrokloridijauhe.<\/p>\n","protected":false},"excerpt":{"rendered":"<div class=\"woocommerce-product-details__short-description\">\n<p>Osta Ibogaine-jauhetta Afrikasta Iso-Britanniasta, Euroopasta myyt\u00e4v\u00e4ksi parhaalta verkkosivustolta, Ibogainea myyt\u00e4v\u00e4n\u00e4 verkossa. Hanki Iboga-juuren kuoret, Ibogaine hcl, Iboga TA, Ibogaine-kapselit ja voacanga osoitteessa get ibogaine.<\/p>\n<p>Ibogaine HCL (Hydrochloride) on eristetty Iboga TA -uutteestamme ja se on ~95-99 % puhdasta Ibogaine HCL:\u00e4\u00e4.<\/p>\n<\/p><\/div>\n","protected":false},"featured_media":4862,"comment_status":"open","ping_status":"closed","template":"","meta":[],"product_brand":[],"product_cat":[703],"product_tag":[725,728,729,730,731,733,734,739,740,735,741,736,738,737,743,742,726,727,732,744],"class_list":{"0":"post-4849","1":"product","2":"type-product","3":"status-publish","4":"has-post-thumbnail","6":"product_cat-osta-psykedeelisi-lkkeit","7":"product_tag-bois-sacre","8":"product_tag-buy-iboga-root-bark","9":"product_tag-buy-iboga-root-bark-chips","10":"product_tag-buy-iboga-root-bark-online","11":"product_tag-buy-ibogaine","12":"product_tag-eboka","13":"product_tag-iboga-myytvn","14":"product_tag-iboga-root-bark-for-sale","15":"product_tag-iboga-root-bark-for-sale-online","16":"product_tag-iboga-jauhe","17":"product_tag-ibogaine-for-sale","18":"product_tag-iboga-root-back-myynniss","19":"product_tag-iboga-juuri-kuori-myydn","20":"product_tag-iboga-juuri-kuorilastut-myynniss","21":"product_tag-puhdas-iboga-jauhe-myynniss","22":"product_tag-order-iboga-online","23":"product_tag-osta-iboga","24":"product_tag-osta-iboga-root-back","25":"product_tag-osta-ibogaine-verkosta","26":"product_tag-tabernanthe-iboga","28":"first","29":"instock","30":"shipping-taxable","31":"purchasable","32":"product-type-variable","33":"has-default-attributes"},"yoast_head":"<!-- This site is optimized with the Yoast SEO plugin v27.3 - https:\/\/yoast.com\/product\/yoast-seo-wordpress\/ -->\n<title>Osta Ibogaine Powder - Iboga myyt\u00e4v\u00e4n\u00e4 - Parhaat maailmanlaajuiset l\u00e4\u00e4kkeet<\/title>\n<meta name=\"description\" content=\"Osta Ibogaine Powder Afrikasta Iso-Britanniasta, Euroopasta myyt\u00e4v\u00e4ksi parhaalta verkkosivustolta, Ibogaine myyt\u00e4v\u00e4n\u00e4 verkossa. Hanki Iboga-juuren kuoret, Ibogaine hcl, Iboga TA, Ibogaine-kapselit ja voacanga osoitteessa get ibogaine.\" \/>\n<meta name=\"robots\" content=\"index, follow, max-snippet:-1, max-image-preview:large, max-video-preview:-1\" \/>\n<link rel=\"canonical\" href=\"https:\/\/medicinasinc.com\/fi\/product\/osta-ibogaine-jauhe\/\" \/>\n<meta property=\"og:locale\" content=\"en_US\" \/>\n<meta property=\"og:type\" content=\"article\" \/>\n<meta property=\"og:title\" content=\"Osta Ibogaine Powder - Iboga myyt\u00e4v\u00e4n\u00e4 - Parhaat maailmanlaajuiset l\u00e4\u00e4kkeet\" \/>\n<meta property=\"og:description\" content=\"Osta Ibogaine Powder Afrikasta Iso-Britanniasta, Euroopasta myyt\u00e4v\u00e4ksi parhaalta verkkosivustolta, Ibogaine myyt\u00e4v\u00e4n\u00e4 verkossa. Hanki Iboga-juuren kuoret, Ibogaine hcl, Iboga TA, Ibogaine-kapselit ja voacanga osoitteessa get ibogaine.\" \/>\n<meta property=\"og:url\" content=\"https:\/\/medicinasinc.com\/fi\/product\/osta-ibogaine-jauhe\/\" \/>\n<meta property=\"og:site_name\" content=\"Medicinas Inc\" \/>\n<meta property=\"article:modified_time\" content=\"2022-03-22T01:14:12+00:00\" \/>\n<meta property=\"og:image\" content=\"https:\/\/medicinasinc.com\/fi\/wp-content\/uploads\/sites\/12\/2022\/02\/Buy-Ibogaine-Powder.webp\" \/>\n\t<meta property=\"og:image:width\" content=\"400\" \/>\n\t<meta property=\"og:image:height\" content=\"533\" \/>\n\t<meta property=\"og:image:type\" content=\"image\/webp\" \/>\n<meta name=\"twitter:card\" content=\"summary_large_image\" \/>\n<meta name=\"twitter:label1\" content=\"Est. reading time\" \/>\n\t<meta name=\"twitter:data1\" content=\"3 minutes\" \/>\n<script type=\"application\/ld+json\" class=\"yoast-schema-graph\">{\"@context\":\"https:\\\/\\\/schema.org\",\"@graph\":[{\"@type\":\"WebPage\",\"@id\":\"https:\\\/\\\/medicinasinc.com\\\/fi\\\/product\\\/osta-ibogaine-jauhe\\\/\",\"url\":\"https:\\\/\\\/medicinasinc.com\\\/fi\\\/product\\\/osta-ibogaine-jauhe\\\/\",\"name\":\"Osta Ibogaine Powder - Iboga myyt\u00e4v\u00e4n\u00e4 - Parhaat maailmanlaajuiset l\u00e4\u00e4kkeet\",\"isPartOf\":{\"@id\":\"https:\\\/\\\/medicinasinc.com\\\/fi\\\/#website\"},\"primaryImageOfPage\":{\"@id\":\"https:\\\/\\\/medicinasinc.com\\\/fi\\\/product\\\/osta-ibogaine-jauhe\\\/#primaryimage\"},\"image\":{\"@id\":\"https:\\\/\\\/medicinasinc.com\\\/fi\\\/product\\\/osta-ibogaine-jauhe\\\/#primaryimage\"},\"thumbnailUrl\":\"https:\\\/\\\/medicinasinc.com\\\/fi\\\/wp-content\\\/uploads\\\/sites\\\/12\\\/2022\\\/02\\\/Buy-Ibogaine-Powder.webp\",\"datePublished\":\"2022-02-20T16:51:26+00:00\",\"dateModified\":\"2022-03-22T01:14:12+00:00\",\"description\":\"Osta Ibogaine Powder Afrikasta Iso-Britanniasta, Euroopasta myyt\u00e4v\u00e4ksi parhaalta verkkosivustolta, Ibogaine myyt\u00e4v\u00e4n\u00e4 verkossa. Hanki Iboga-juuren kuoret, Ibogaine hcl, Iboga TA, Ibogaine-kapselit ja voacanga osoitteessa get ibogaine.\",\"breadcrumb\":{\"@id\":\"https:\\\/\\\/medicinasinc.com\\\/fi\\\/product\\\/osta-ibogaine-jauhe\\\/#breadcrumb\"},\"inLanguage\":\"en-US\",\"potentialAction\":[{\"@type\":\"ReadAction\",\"target\":[\"https:\\\/\\\/medicinasinc.com\\\/fi\\\/product\\\/osta-ibogaine-jauhe\\\/\"]}]},{\"@type\":\"ImageObject\",\"inLanguage\":\"en-US\",\"@id\":\"https:\\\/\\\/medicinasinc.com\\\/fi\\\/product\\\/osta-ibogaine-jauhe\\\/#primaryimage\",\"url\":\"https:\\\/\\\/medicinasinc.com\\\/fi\\\/wp-content\\\/uploads\\\/sites\\\/12\\\/2022\\\/02\\\/Buy-Ibogaine-Powder.webp\",\"contentUrl\":\"https:\\\/\\\/medicinasinc.com\\\/fi\\\/wp-content\\\/uploads\\\/sites\\\/12\\\/2022\\\/02\\\/Buy-Ibogaine-Powder.webp\",\"width\":400,\"height\":533},{\"@type\":\"BreadcrumbList\",\"@id\":\"https:\\\/\\\/medicinasinc.com\\\/fi\\\/product\\\/osta-ibogaine-jauhe\\\/#breadcrumb\",\"itemListElement\":[{\"@type\":\"ListItem\",\"position\":1,\"name\":\"Myym\u00e4l\u00e4\",\"item\":\"https:\\\/\\\/medicinasinc.com\\\/fi\\\/myymala\\\/\"},{\"@type\":\"ListItem\",\"position\":2,\"name\":\"Osta Ibogaine Powder\"}]},{\"@type\":\"WebSite\",\"@id\":\"https:\\\/\\\/medicinasinc.com\\\/fi\\\/#website\",\"url\":\"https:\\\/\\\/medicinasinc.com\\\/fi\\\/\",\"name\":\"Medicinas Inc\",\"description\":\"Health Medical Clinic\",\"potentialAction\":[{\"@type\":\"SearchAction\",\"target\":{\"@type\":\"EntryPoint\",\"urlTemplate\":\"https:\\\/\\\/medicinasinc.com\\\/fi\\\/?s={search_term_string}\"},\"query-input\":{\"@type\":\"PropertyValueSpecification\",\"valueRequired\":true,\"valueName\":\"search_term_string\"}}],\"inLanguage\":\"en-US\"}]}<\/script>\n<!-- \/ Yoast SEO plugin. -->","yoast_head_json":{"title":"Osta Ibogaine Powder - Iboga myyt\u00e4v\u00e4n\u00e4 - Parhaat maailmanlaajuiset l\u00e4\u00e4kkeet","description":"Osta Ibogaine Powder Afrikasta Iso-Britanniasta, Euroopasta myyt\u00e4v\u00e4ksi parhaalta verkkosivustolta, Ibogaine myyt\u00e4v\u00e4n\u00e4 verkossa. Hanki Iboga-juuren kuoret, Ibogaine hcl, Iboga TA, Ibogaine-kapselit ja voacanga osoitteessa get ibogaine.","robots":{"index":"index","follow":"follow","max-snippet":"max-snippet:-1","max-image-preview":"max-image-preview:large","max-video-preview":"max-video-preview:-1"},"canonical":"https:\/\/medicinasinc.com\/fi\/product\/osta-ibogaine-jauhe\/","og_locale":"en_US","og_type":"article","og_title":"Osta Ibogaine Powder - Iboga myyt\u00e4v\u00e4n\u00e4 - Parhaat maailmanlaajuiset l\u00e4\u00e4kkeet","og_description":"Osta Ibogaine Powder Afrikasta Iso-Britanniasta, Euroopasta myyt\u00e4v\u00e4ksi parhaalta verkkosivustolta, Ibogaine myyt\u00e4v\u00e4n\u00e4 verkossa. Hanki Iboga-juuren kuoret, Ibogaine hcl, Iboga TA, Ibogaine-kapselit ja voacanga osoitteessa get ibogaine.","og_url":"https:\/\/medicinasinc.com\/fi\/product\/osta-ibogaine-jauhe\/","og_site_name":"Medicinas Inc","article_modified_time":"2022-03-22T01:14:12+00:00","og_image":[{"width":400,"height":533,"url":"https:\/\/medicinasinc.com\/fi\/wp-content\/uploads\/sites\/12\/2022\/02\/Buy-Ibogaine-Powder.webp","type":"image\/webp"}],"twitter_card":"summary_large_image","twitter_misc":{"Est. reading time":"3 minutes"},"schema":{"@context":"https:\/\/schema.org","@graph":[{"@type":"WebPage","@id":"https:\/\/medicinasinc.com\/fi\/product\/osta-ibogaine-jauhe\/","url":"https:\/\/medicinasinc.com\/fi\/product\/osta-ibogaine-jauhe\/","name":"Osta Ibogaine Powder - Iboga myyt\u00e4v\u00e4n\u00e4 - Parhaat maailmanlaajuiset l\u00e4\u00e4kkeet","isPartOf":{"@id":"https:\/\/medicinasinc.com\/fi\/#website"},"primaryImageOfPage":{"@id":"https:\/\/medicinasinc.com\/fi\/product\/osta-ibogaine-jauhe\/#primaryimage"},"image":{"@id":"https:\/\/medicinasinc.com\/fi\/product\/osta-ibogaine-jauhe\/#primaryimage"},"thumbnailUrl":"https:\/\/medicinasinc.com\/fi\/wp-content\/uploads\/sites\/12\/2022\/02\/Buy-Ibogaine-Powder.webp","datePublished":"2022-02-20T16:51:26+00:00","dateModified":"2022-03-22T01:14:12+00:00","description":"Osta Ibogaine Powder Afrikasta Iso-Britanniasta, Euroopasta myyt\u00e4v\u00e4ksi parhaalta verkkosivustolta, Ibogaine myyt\u00e4v\u00e4n\u00e4 verkossa. Hanki Iboga-juuren kuoret, Ibogaine hcl, Iboga TA, Ibogaine-kapselit ja voacanga osoitteessa get ibogaine.","breadcrumb":{"@id":"https:\/\/medicinasinc.com\/fi\/product\/osta-ibogaine-jauhe\/#breadcrumb"},"inLanguage":"en-US","potentialAction":[{"@type":"ReadAction","target":["https:\/\/medicinasinc.com\/fi\/product\/osta-ibogaine-jauhe\/"]}]},{"@type":"ImageObject","inLanguage":"en-US","@id":"https:\/\/medicinasinc.com\/fi\/product\/osta-ibogaine-jauhe\/#primaryimage","url":"https:\/\/medicinasinc.com\/fi\/wp-content\/uploads\/sites\/12\/2022\/02\/Buy-Ibogaine-Powder.webp","contentUrl":"https:\/\/medicinasinc.com\/fi\/wp-content\/uploads\/sites\/12\/2022\/02\/Buy-Ibogaine-Powder.webp","width":400,"height":533},{"@type":"BreadcrumbList","@id":"https:\/\/medicinasinc.com\/fi\/product\/osta-ibogaine-jauhe\/#breadcrumb","itemListElement":[{"@type":"ListItem","position":1,"name":"Myym\u00e4l\u00e4","item":"https:\/\/medicinasinc.com\/fi\/myymala\/"},{"@type":"ListItem","position":2,"name":"Osta Ibogaine Powder"}]},{"@type":"WebSite","@id":"https:\/\/medicinasinc.com\/fi\/#website","url":"https:\/\/medicinasinc.com\/fi\/","name":"Medicinas Inc","description":"Health Medical Clinic","potentialAction":[{"@type":"SearchAction","target":{"@type":"EntryPoint","urlTemplate":"https:\/\/medicinasinc.com\/fi\/?s={search_term_string}"},"query-input":{"@type":"PropertyValueSpecification","valueRequired":true,"valueName":"search_term_string"}}],"inLanguage":"en-US"}]}},"_links":{"self":[{"href":"https:\/\/medicinasinc.com\/fi\/wp-json\/wp\/v2\/product\/4849","targetHints":{"allow":["GET"]}}],"collection":[{"href":"https:\/\/medicinasinc.com\/fi\/wp-json\/wp\/v2\/product"}],"about":[{"href":"https:\/\/medicinasinc.com\/fi\/wp-json\/wp\/v2\/types\/product"}],"replies":[{"embeddable":true,"href":"https:\/\/medicinasinc.com\/fi\/wp-json\/wp\/v2\/comments?post=4849"}],"wp:featuredmedia":[{"embeddable":true,"href":"https:\/\/medicinasinc.com\/fi\/wp-json\/wp\/v2\/media\/4862"}],"wp:attachment":[{"href":"https:\/\/medicinasinc.com\/fi\/wp-json\/wp\/v2\/media?parent=4849"}],"wp:term":[{"taxonomy":"product_brand","embeddable":true,"href":"https:\/\/medicinasinc.com\/fi\/wp-json\/wp\/v2\/product_brand?post=4849"},{"taxonomy":"product_cat","embeddable":true,"href":"https:\/\/medicinasinc.com\/fi\/wp-json\/wp\/v2\/product_cat?post=4849"},{"taxonomy":"product_tag","embeddable":true,"href":"https:\/\/medicinasinc.com\/fi\/wp-json\/wp\/v2\/product_tag?post=4849"}],"curies":[{"name":"wp","href":"https:\/\/api.w.org\/{rel}","templated":true}]}}