{"id":4848,"date":"2022-02-20T16:50:30","date_gmt":"2022-02-20T16:50:30","guid":{"rendered":"https:\/\/medicinasinc.com\/fi\/?post_type=product&#038;p=4848"},"modified":"2022-03-22T01:14:22","modified_gmt":"2022-03-22T01:14:22","slug":"osta-ketamiini-jauhe","status":"publish","type":"product","link":"https:\/\/medicinasinc.com\/fi\/product\/osta-ketamiini-jauhe\/","title":{"rendered":"Osta ketamiinijauhetta"},"content":{"rendered":"<p>Ketamiinijauhetta voi ostaa verkosta.<\/p>\n<p>Osta ketamiinijauhetta leikkauksen j\u00e4lkeiseen kivunhallintaan<br \/> Leikkauksen j\u00e4lkeist\u00e4 kipua esiintyy suuren leikkauksen j\u00e4lkeen, johon sis\u00e4ltyy viilto ja siirto. Se voi kest\u00e4\u00e4 kahdesta viiteen p\u00e4iv\u00e4\u00e4, ja asianmukainen hoito on tarpeen sen h\u00e4vitt\u00e4miseksi. Riitt\u00e4m\u00e4t\u00f6n hallinta voi aiheuttaa liikkumattomuutta, vaikeampaa ajan palauttamista ja viiv\u00e4stynytt\u00e4 palautumista. Tavoitteena on lievitt\u00e4\u00e4 ep\u00e4mukavuutta mahdollisimman v\u00e4h\u00e4isin sivuvaikutuksin. Huolimatta vuosien edistymisest\u00e4 kivunhoidossa, leikkauksen j\u00e4lkeisen hoidon p\u00e4\u00e4asiallinen tukikohta on edelleen myyt\u00e4v\u00e4n\u00e4 olevat anestesial\u00e4\u00e4kkeet, kuten ketamiinijauhe. Ne sitoutuvat keskushermoston reseptoreihin ja est\u00e4v\u00e4t kipusignaalien v\u00e4litt\u00e4mist\u00e4. Sen vaikutus alkaa nopeasti ja kest\u00e4\u00e4 tunnin. L\u00e4\u00e4kkeen antamisesta vastaavien tulee varmistaa, ett\u00e4 tappavia yhteisvaikutuksia ei tapahdu.<\/p>\n<p>Parhaat maailmanlaajuiset l\u00e4\u00e4kkeet \u2013 ainoa ja ainoa edullisen ketamiinijauheen l\u00e4hde<br \/> Laaja valikoima reseptil\u00e4\u00e4kkeit\u00e4 on nyt saatavilla siirt\u00e4m\u00e4tt\u00e4 tuuman paikasta. Best Global Medsist\u00e4 voit tilata ketamiinijauhetta k\u00e4tev\u00e4sti kotiisi tai toimistoosi. Pyrimme tekem\u00e4\u00e4n verkkokaupan ostamisesta asiakkaillemme helppoa ja turvallista. Siksi hyv\u00e4ksymme erilaisia \u200b\u200bmaksutapoja, mukaan lukien kryptovaluutat, ja suojaamme luottokorttitietosi luottokorttisalauksella. Lis\u00e4ksi toimitusprosessi on riskit\u00f6n. Teemme yhteisty\u00f6t\u00e4 hyv\u00e4maineisten kuljetuspalveluiden kanssa varmistaaksemme l\u00e4\u00e4kkeesi ja toimittaaksemme ne suoraan kotiisi.<\/p>\n<p>Jos sinulla on kysytt\u00e4v\u00e4\u00e4 meist\u00e4 tai tuotteistamme, ota yhteytt\u00e4 johtajiimme. Vastaamme mielell\u00e4mme kaikkiin kysymyksiisi!<\/p>\n","protected":false},"excerpt":{"rendered":"<div class=\"woocommerce-product-details__short-description\">\n<p>Osta ketamiinijauhetta Toimitus Euroopan unioniin, maksu Bitcoinilla. Ketamiinijauhe alennuksella &#8211; ostaa tutkimuskemikaaleja Euroopasta. Euroopan suurin ketamiinijauheen j\u00e4lleenmyyj\u00e4.<\/p>\n<p>Ketamiinijauhetta voi ostaa verkosta. Osta ketamiinia HCL-jauhetta verkosta \u2013 Osta ketamiinijauhetta verkosta \u2013 Tilaa ketamiinijauhetta<\/p>\n<\/p><\/div>\n","protected":false},"featured_media":4860,"comment_status":"open","ping_status":"closed","template":"","meta":[],"product_brand":[],"product_cat":[703],"product_tag":[],"class_list":{"0":"post-4848","1":"product","2":"type-product","3":"status-publish","4":"has-post-thumbnail","6":"product_cat-osta-psykedeelisi-lkkeit","8":"first","9":"instock","10":"shipping-taxable","11":"purchasable","12":"product-type-variable","13":"has-default-attributes"},"yoast_head":"<!-- This site is optimized with the Yoast SEO plugin v27.3 - https:\/\/yoast.com\/product\/yoast-seo-wordpress\/ -->\n<title>Osta ketamiinijauhetta - Ketamiiniale Euroopassa - Parhaat maailmanlaajuiset l\u00e4\u00e4kkeet<\/title>\n<meta name=\"description\" content=\"Osta ketamiinijauhetta myyt\u00e4v\u00e4ksi EU-toimitus, Bitcoin-maksu. Halvan ketamiinijauheen toimittaja - osta tutkimuskemikaaleja Euroopasta. Ketamiinijauhemyym\u00e4l\u00e4 Euroopassa.\" \/>\n<meta name=\"robots\" content=\"index, follow, max-snippet:-1, max-image-preview:large, max-video-preview:-1\" \/>\n<link rel=\"canonical\" href=\"https:\/\/medicinasinc.com\/fi\/product\/osta-ketamiini-jauhe\/\" \/>\n<meta property=\"og:locale\" content=\"en_US\" \/>\n<meta property=\"og:type\" content=\"article\" \/>\n<meta property=\"og:title\" content=\"Osta ketamiinijauhetta - Ketamiiniale Euroopassa - Parhaat maailmanlaajuiset l\u00e4\u00e4kkeet\" \/>\n<meta property=\"og:description\" content=\"Osta ketamiinijauhetta myyt\u00e4v\u00e4ksi EU-toimitus, Bitcoin-maksu. Halvan ketamiinijauheen toimittaja - osta tutkimuskemikaaleja Euroopasta. Ketamiinijauhemyym\u00e4l\u00e4 Euroopassa.\" \/>\n<meta property=\"og:url\" content=\"https:\/\/medicinasinc.com\/fi\/product\/osta-ketamiini-jauhe\/\" \/>\n<meta property=\"og:site_name\" content=\"Medicinas Inc\" \/>\n<meta property=\"article:modified_time\" content=\"2022-03-22T01:14:22+00:00\" \/>\n<meta property=\"og:image\" content=\"https:\/\/medicinasinc.com\/fi\/wp-content\/uploads\/sites\/12\/2022\/02\/Buy-Ketamine-powder.jpg\" \/>\n\t<meta property=\"og:image:width\" content=\"900\" \/>\n\t<meta property=\"og:image:height\" content=\"675\" \/>\n\t<meta property=\"og:image:type\" content=\"image\/jpeg\" \/>\n<meta name=\"twitter:card\" content=\"summary_large_image\" \/>\n<meta name=\"twitter:label1\" content=\"Est. reading time\" \/>\n\t<meta name=\"twitter:data1\" content=\"2 minutes\" \/>\n<script type=\"application\/ld+json\" class=\"yoast-schema-graph\">{\"@context\":\"https:\\\/\\\/schema.org\",\"@graph\":[{\"@type\":\"WebPage\",\"@id\":\"https:\\\/\\\/medicinasinc.com\\\/fi\\\/product\\\/osta-ketamiini-jauhe\\\/\",\"url\":\"https:\\\/\\\/medicinasinc.com\\\/fi\\\/product\\\/osta-ketamiini-jauhe\\\/\",\"name\":\"Osta ketamiinijauhetta - Ketamiiniale Euroopassa - Parhaat maailmanlaajuiset l\u00e4\u00e4kkeet\",\"isPartOf\":{\"@id\":\"https:\\\/\\\/medicinasinc.com\\\/fi\\\/#website\"},\"primaryImageOfPage\":{\"@id\":\"https:\\\/\\\/medicinasinc.com\\\/fi\\\/product\\\/osta-ketamiini-jauhe\\\/#primaryimage\"},\"image\":{\"@id\":\"https:\\\/\\\/medicinasinc.com\\\/fi\\\/product\\\/osta-ketamiini-jauhe\\\/#primaryimage\"},\"thumbnailUrl\":\"https:\\\/\\\/medicinasinc.com\\\/fi\\\/wp-content\\\/uploads\\\/sites\\\/12\\\/2022\\\/02\\\/Buy-Ketamine-powder.jpg\",\"datePublished\":\"2022-02-20T16:50:30+00:00\",\"dateModified\":\"2022-03-22T01:14:22+00:00\",\"description\":\"Osta ketamiinijauhetta myyt\u00e4v\u00e4ksi EU-toimitus, Bitcoin-maksu. Halvan ketamiinijauheen toimittaja - osta tutkimuskemikaaleja Euroopasta. Ketamiinijauhemyym\u00e4l\u00e4 Euroopassa.\",\"breadcrumb\":{\"@id\":\"https:\\\/\\\/medicinasinc.com\\\/fi\\\/product\\\/osta-ketamiini-jauhe\\\/#breadcrumb\"},\"inLanguage\":\"en-US\",\"potentialAction\":[{\"@type\":\"ReadAction\",\"target\":[\"https:\\\/\\\/medicinasinc.com\\\/fi\\\/product\\\/osta-ketamiini-jauhe\\\/\"]}]},{\"@type\":\"ImageObject\",\"inLanguage\":\"en-US\",\"@id\":\"https:\\\/\\\/medicinasinc.com\\\/fi\\\/product\\\/osta-ketamiini-jauhe\\\/#primaryimage\",\"url\":\"https:\\\/\\\/medicinasinc.com\\\/fi\\\/wp-content\\\/uploads\\\/sites\\\/12\\\/2022\\\/02\\\/Buy-Ketamine-powder.jpg\",\"contentUrl\":\"https:\\\/\\\/medicinasinc.com\\\/fi\\\/wp-content\\\/uploads\\\/sites\\\/12\\\/2022\\\/02\\\/Buy-Ketamine-powder.jpg\",\"width\":900,\"height\":675},{\"@type\":\"BreadcrumbList\",\"@id\":\"https:\\\/\\\/medicinasinc.com\\\/fi\\\/product\\\/osta-ketamiini-jauhe\\\/#breadcrumb\",\"itemListElement\":[{\"@type\":\"ListItem\",\"position\":1,\"name\":\"Myym\u00e4l\u00e4\",\"item\":\"https:\\\/\\\/medicinasinc.com\\\/fi\\\/myymala\\\/\"},{\"@type\":\"ListItem\",\"position\":2,\"name\":\"Osta ketamiinijauhetta\"}]},{\"@type\":\"WebSite\",\"@id\":\"https:\\\/\\\/medicinasinc.com\\\/fi\\\/#website\",\"url\":\"https:\\\/\\\/medicinasinc.com\\\/fi\\\/\",\"name\":\"Medicinas Inc\",\"description\":\"Health Medical Clinic\",\"potentialAction\":[{\"@type\":\"SearchAction\",\"target\":{\"@type\":\"EntryPoint\",\"urlTemplate\":\"https:\\\/\\\/medicinasinc.com\\\/fi\\\/?s={search_term_string}\"},\"query-input\":{\"@type\":\"PropertyValueSpecification\",\"valueRequired\":true,\"valueName\":\"search_term_string\"}}],\"inLanguage\":\"en-US\"}]}<\/script>\n<!-- \/ Yoast SEO plugin. -->","yoast_head_json":{"title":"Osta ketamiinijauhetta - Ketamiiniale Euroopassa - Parhaat maailmanlaajuiset l\u00e4\u00e4kkeet","description":"Osta ketamiinijauhetta myyt\u00e4v\u00e4ksi EU-toimitus, Bitcoin-maksu. Halvan ketamiinijauheen toimittaja - osta tutkimuskemikaaleja Euroopasta. Ketamiinijauhemyym\u00e4l\u00e4 Euroopassa.","robots":{"index":"index","follow":"follow","max-snippet":"max-snippet:-1","max-image-preview":"max-image-preview:large","max-video-preview":"max-video-preview:-1"},"canonical":"https:\/\/medicinasinc.com\/fi\/product\/osta-ketamiini-jauhe\/","og_locale":"en_US","og_type":"article","og_title":"Osta ketamiinijauhetta - Ketamiiniale Euroopassa - Parhaat maailmanlaajuiset l\u00e4\u00e4kkeet","og_description":"Osta ketamiinijauhetta myyt\u00e4v\u00e4ksi EU-toimitus, Bitcoin-maksu. Halvan ketamiinijauheen toimittaja - osta tutkimuskemikaaleja Euroopasta. Ketamiinijauhemyym\u00e4l\u00e4 Euroopassa.","og_url":"https:\/\/medicinasinc.com\/fi\/product\/osta-ketamiini-jauhe\/","og_site_name":"Medicinas Inc","article_modified_time":"2022-03-22T01:14:22+00:00","og_image":[{"width":900,"height":675,"url":"https:\/\/medicinasinc.com\/fi\/wp-content\/uploads\/sites\/12\/2022\/02\/Buy-Ketamine-powder.jpg","type":"image\/jpeg"}],"twitter_card":"summary_large_image","twitter_misc":{"Est. reading time":"2 minutes"},"schema":{"@context":"https:\/\/schema.org","@graph":[{"@type":"WebPage","@id":"https:\/\/medicinasinc.com\/fi\/product\/osta-ketamiini-jauhe\/","url":"https:\/\/medicinasinc.com\/fi\/product\/osta-ketamiini-jauhe\/","name":"Osta ketamiinijauhetta - Ketamiiniale Euroopassa - Parhaat maailmanlaajuiset l\u00e4\u00e4kkeet","isPartOf":{"@id":"https:\/\/medicinasinc.com\/fi\/#website"},"primaryImageOfPage":{"@id":"https:\/\/medicinasinc.com\/fi\/product\/osta-ketamiini-jauhe\/#primaryimage"},"image":{"@id":"https:\/\/medicinasinc.com\/fi\/product\/osta-ketamiini-jauhe\/#primaryimage"},"thumbnailUrl":"https:\/\/medicinasinc.com\/fi\/wp-content\/uploads\/sites\/12\/2022\/02\/Buy-Ketamine-powder.jpg","datePublished":"2022-02-20T16:50:30+00:00","dateModified":"2022-03-22T01:14:22+00:00","description":"Osta ketamiinijauhetta myyt\u00e4v\u00e4ksi EU-toimitus, Bitcoin-maksu. Halvan ketamiinijauheen toimittaja - osta tutkimuskemikaaleja Euroopasta. Ketamiinijauhemyym\u00e4l\u00e4 Euroopassa.","breadcrumb":{"@id":"https:\/\/medicinasinc.com\/fi\/product\/osta-ketamiini-jauhe\/#breadcrumb"},"inLanguage":"en-US","potentialAction":[{"@type":"ReadAction","target":["https:\/\/medicinasinc.com\/fi\/product\/osta-ketamiini-jauhe\/"]}]},{"@type":"ImageObject","inLanguage":"en-US","@id":"https:\/\/medicinasinc.com\/fi\/product\/osta-ketamiini-jauhe\/#primaryimage","url":"https:\/\/medicinasinc.com\/fi\/wp-content\/uploads\/sites\/12\/2022\/02\/Buy-Ketamine-powder.jpg","contentUrl":"https:\/\/medicinasinc.com\/fi\/wp-content\/uploads\/sites\/12\/2022\/02\/Buy-Ketamine-powder.jpg","width":900,"height":675},{"@type":"BreadcrumbList","@id":"https:\/\/medicinasinc.com\/fi\/product\/osta-ketamiini-jauhe\/#breadcrumb","itemListElement":[{"@type":"ListItem","position":1,"name":"Myym\u00e4l\u00e4","item":"https:\/\/medicinasinc.com\/fi\/myymala\/"},{"@type":"ListItem","position":2,"name":"Osta ketamiinijauhetta"}]},{"@type":"WebSite","@id":"https:\/\/medicinasinc.com\/fi\/#website","url":"https:\/\/medicinasinc.com\/fi\/","name":"Medicinas Inc","description":"Health Medical Clinic","potentialAction":[{"@type":"SearchAction","target":{"@type":"EntryPoint","urlTemplate":"https:\/\/medicinasinc.com\/fi\/?s={search_term_string}"},"query-input":{"@type":"PropertyValueSpecification","valueRequired":true,"valueName":"search_term_string"}}],"inLanguage":"en-US"}]}},"_links":{"self":[{"href":"https:\/\/medicinasinc.com\/fi\/wp-json\/wp\/v2\/product\/4848","targetHints":{"allow":["GET"]}}],"collection":[{"href":"https:\/\/medicinasinc.com\/fi\/wp-json\/wp\/v2\/product"}],"about":[{"href":"https:\/\/medicinasinc.com\/fi\/wp-json\/wp\/v2\/types\/product"}],"replies":[{"embeddable":true,"href":"https:\/\/medicinasinc.com\/fi\/wp-json\/wp\/v2\/comments?post=4848"}],"wp:featuredmedia":[{"embeddable":true,"href":"https:\/\/medicinasinc.com\/fi\/wp-json\/wp\/v2\/media\/4860"}],"wp:attachment":[{"href":"https:\/\/medicinasinc.com\/fi\/wp-json\/wp\/v2\/media?parent=4848"}],"wp:term":[{"taxonomy":"product_brand","embeddable":true,"href":"https:\/\/medicinasinc.com\/fi\/wp-json\/wp\/v2\/product_brand?post=4848"},{"taxonomy":"product_cat","embeddable":true,"href":"https:\/\/medicinasinc.com\/fi\/wp-json\/wp\/v2\/product_cat?post=4848"},{"taxonomy":"product_tag","embeddable":true,"href":"https:\/\/medicinasinc.com\/fi\/wp-json\/wp\/v2\/product_tag?post=4848"}],"curies":[{"name":"wp","href":"https:\/\/api.w.org\/{rel}","templated":true}]}}