{"id":4830,"date":"2022-02-20T16:34:51","date_gmt":"2022-02-20T16:34:51","guid":{"rendered":"https:\/\/medicinasinc.com\/fi\/?post_type=product&#038;p=4830"},"modified":"2022-03-22T01:14:32","modified_gmt":"2022-03-22T01:14:32","slug":"osta-kristalli-meth","status":"publish","type":"product","link":"https:\/\/medicinasinc.com\/fi\/product\/osta-kristalli-meth\/","title":{"rendered":"Osta Crystal Meth"},"content":{"rendered":"<p>Mist\u00e4 ostaa Crystal Meth \u2013 metamfetamiini<\/p>\n<p>Haluat ostaa Crystal Meth, joka tunnetaan my\u00f6s nimell\u00e4 jalokivi meta, on keskushermostoa stimuloiva l\u00e4\u00e4ke, jolla on monia yht\u00e4l\u00e4isyyksi\u00e4 amfetamiinien kanssa, maailman toiseksi suosituin laittomien l\u00e4\u00e4kkeiden luokka maryjanen j\u00e4lkeen.<br \/> Kuten amfetamiini, se lis\u00e4\u00e4 aktiivisuutta, v\u00e4hent\u00e4\u00e4 n\u00e4l\u00e4ntunnetta ja yleist\u00e4 hyvinvoinnin tunnetta.<\/p>\n<p>On olemassa muutamia tunnustettuja l\u00e4\u00e4ketieteellisi\u00e4 k\u00e4ytt\u00f6tarkoituksia Crystal Meth \u2013 metamfetamiini, mukaan lukien narkolepsian hoito, jatkuva keskittymiskyvyn puute ja hetkellinen k\u00e4ytt\u00f6, kuten j\u00e4ykkyys; n\u00e4it\u00e4 l\u00e4\u00e4kinn\u00e4llisi\u00e4 k\u00e4ytt\u00f6j\u00e4 on kuitenkin rajoitettu.<\/p>\n<p>Crystal Methi\u00e4, kuten kokaiinia, voidaan polttaa. Chemical Inc. myy Crystal Meth \u2013 metamfetamiinia.<\/p>\n<p>Metamfetamiinia k\u00e4ytet\u00e4\u00e4n seuraavien sairauksien hoitoon:<\/p>\n<p>ADHD-narkolepsia<\/p>\n<p>L\u00e4\u00e4ketieteellinen k\u00e4ytt\u00f6 on rajoitettua.<\/p>\n<p>Crystal Meth \u2013 metamfetamiinia, kuten kokaiinia, voidaan polttaa.<\/p>\n<p>Osta Crystal Meth Bitcoineilla<\/p>\n<p>Crystal Meth \u2013 Metamfetamiinia k\u00e4ytet\u00e4\u00e4n seuraavien sairauksien hoitoon:<\/p>\n<p>Liikalihavuus Hyperaktiivisuush\u00e4iri\u00f6 Narkolepsia T\u00e4m\u00e4n seurauksena se lis\u00e4\u00e4 toimintaa, v\u00e4hent\u00e4\u00e4 n\u00e4lk\u00e4\u00e4 ja yleist\u00e4 hyvinvoinnin tunnetta. Liiallisesti k\u00e4ytettyn\u00e4 sill\u00e4 on asteittain tuhoisia vaikutuksia ensisijaiseen aistinj\u00e4rjestelm\u00e4\u00e4n.<br \/> Jos ep\u00e4ilet tulleesi raskaaksi l\u00e4\u00e4kkeen k\u00e4yt\u00f6n aikana, ota v\u00e4litt\u00f6m\u00e4sti yhteytt\u00e4 erikoisl\u00e4\u00e4k\u00e4riisi komplikaatioiden v\u00e4ltt\u00e4miseksi.<br \/> Jos sinulla on syd\u00e4nongelmia,<\/p>\n<p>Metamfetamiinilla on useita kielteisi\u00e4 seurauksia, mukaan lukien seuraavat:<\/p>\n<p>Kohtunut pulssi<br \/> Kehon l\u00e4mp\u00f6tilan nousu.<br \/> Pulssin nousu kumpi rentouttaa<br \/> Opiskelijat, joilla on laajentuneet pupillit<br \/> Vapina Tempauksen kaltaiset tunteet<br \/> Lis\u00e4\u00e4ntynyt ahdistus<br \/> \u00c4rsytys<br \/> Paranoia<br \/> V\u00e4kivaltainen ja v\u00e4lttelev\u00e4 k\u00e4yt\u00f6s<br \/> Hyperaktiivisuus p\u00e4\u00e4ll\u00e4 tilap\u00e4isesti Keskustele asiantuntijan kanssa hoitovaihtoehdoista.<\/p>\n<p>Metamfetamiiniannoksen v\u00e4ltt\u00e4minen ei ole vaikeaa, mutta sinun tulee v\u00e4ltt\u00e4\u00e4 kaksinkertaisia \u200b\u200bmittauksia.<\/p>\n<p>&nbsp;<\/p>\n<p> &nbsp;<\/p>\n<p>&nbsp;<\/p>\n<p>&nbsp;<\/p>\n<p>&nbsp;<\/p>\n<p>&nbsp;<\/p>\n<p>Vaikka metamfetamiini on tarkoitettu yll\u00e4pit\u00e4\u00e4 keskittymist\u00e4, wh V\u00e4\u00e4rin k\u00e4ytettyn\u00e4 se voi helposti johtaa vakaviin l\u00e4\u00e4ketieteellisiin ongelmiin, joten kriisiavun hakeminen p\u00e4tevilt\u00e4 terveydenhuollon ammattilaisilta on paras tapa toimia.<\/p>\n<p>&nbsp;<\/p>\n<p>&nbsp;<\/p>\n<p>&nbsp;<\/p>\n<p>&nbsp;<\/p>\n<p>&nbsp;<\/p>\n<p>&nbsp;<\/p>\n<p>Parhaat maailmanlaajuiset l\u00e4\u00e4kkeet. tarjoaa Crystal Meth \u2013 metamfetamiinin myyt\u00e4v\u00e4n\u00e4 verkossa.<\/p>\n<p>Lis\u00e4ksi, pid\u00e4 metamfetamiinit huoneenl\u00e4mm\u00f6ss\u00e4 alueilla, joilla ei ole valoa ja l\u00e4mp\u00f6\u00e4. \u00c4l\u00e4 my\u00f6sk\u00e4\u00e4n huuhtele t\u00e4t\u00e4 l\u00e4\u00e4kett\u00e4. Lapsesi ja lemmikkiel\u00e4imesi eiv\u00e4t saa mill\u00e4\u00e4n tavalla altistua t\u00e4lle l\u00e4\u00e4kkeelle.<\/p>\n<p>Voit kuitenkin ostaa Crystal Meth \u2013 metamfetamiinia verkosta maineikkaimmalta verkkokauppiaalta \u2013 Chemical Inc:lta.<\/p>\n<p> Osta metamfetamiinia ilman resepti\u00e4, metamfetamiinia voi ostaa verkosta parhaaseen mahdolliseen hintaan.<br \/> Osta tehokkaimmat l\u00e4\u00e4kkeet heti!<br \/> Kristallimetatamiinin verkkoosto<\/p>\n<p>Meth-k\u00e4ytt\u00e4jien kannattaa etsi\u00e4 hoitoa v\u00e4litt\u00f6m\u00e4sti.<\/p>\n<p>Vaikka monet fyysiset oireet voidaan korjata asianmukaisella hoidolla, pitk\u00e4lle edennyt ik\u00e4\u00e4ntyminen ja hampaiden reikiintyminen on vaikeampi peruuttaa, ja vauriot ovat usein peruuttamattomia.<\/p>\n<p>Lis\u00e4ksi metamfetamiinin k\u00e4ytt\u00f6 voi johtaa psykoosiin tai psykoottiseen k\u00e4ytt\u00e4ytymiseen, jossa k\u00e4ytt\u00e4j\u00e4t menett\u00e4v\u00e4t kosketuksen todellisuuteen ja kokevat vakavia harhakuvitelmia, vainoharhaisuutta, hallusinaatioita ja pakkomielteist\u00e4 k\u00e4ytt\u00e4ytymist\u00e4, joka est\u00e4\u00e4 heit\u00e4 ymm\u00e4rt\u00e4m\u00e4st\u00e4 aidosti itselleen aiheuttamaansa haittaa.<\/p>\n<p>Se on kriittinen addiktiolle Hae apua v\u00e4litt\u00f6m\u00e4sti, tai muuten he k\u00e4rsiv\u00e4t n\u00e4ist\u00e4 fyysisist\u00e4 ja psyykkisista seurauksista sek\u00e4 muista yleisist\u00e4 oireista, kuten tuhoutuneista ihmissuhteista, taloudellisesta puutteesta ja rikossyytteist\u00e4.<\/p>\n<p>Melkein jokainen perhe k\u00e4rsii riippuvuudesta, joka puhkeaa tuhoa fyysiselle ja henkiselle terveydelle, ihmissuhteille ja henkil\u00f6kohtaiselle taloudelle. \u00c4idit, is\u00e4t, veljet, sisaret, tytt\u00e4ret ja pojat sis\u00e4ltyv\u00e4t kaikki t\u00e4h\u00e4n luokkaan.<\/p>\n<p>Kukaan ei ole immuuni kovien huumeiden k\u00e4yt\u00f6n kauhistuttavilta pitk\u00e4aikaisilta seurauksilta.<br \/> Seuraavassa on j\u00e4rkytt\u00e4v\u00e4 kuvaus OIKEASTI.<\/p>\n<p>Olemme antautuneet huumeiden k\u00e4yt\u00f6n \u2013 t\u00e4ss\u00e4 tapauksessa metamfetamiinin \u2013 vieh\u00e4tykseen, ja sen tuhoisat seuraukset ovat aivan liian ilmeisi\u00e4.<br \/> Jos sin\u00e4 tai l\u00e4heisesi kamppailee metamfetamiiniriippuvuudesta tai jos olet kiinnostunut oppimaan lis\u00e4\u00e4, k\u00e4y seuraavilla verkkosivustoilla saadaksesi apua toipumiseen.<\/p>\n<p>&nbsp;<\/p>\n<p>metamfetamiinin sivuvaikutukset, metamfetamiinin rakenne, kuinka kauan metamfetamiini kest\u00e4\u00e4 pysy\u00e4 elimist\u00f6ss\u00e4si, kuinka polttaa metamfetamiinia, heroiinia, kokaiinia, metamfetamiinia, tupakkaa ja alkoholia ovat kaikki esimerkkej\u00e4 ________., vaaleanpunainen metamfetamiini, tuhkaa kristalli metamfetamiini, metamfetamiini hinnat Milt\u00e4 metamfetamiini maistuu, kuinka kauan se pysyy virtsassasi ja milt\u00e4 metamfetamiini n\u00e4ytt\u00e4\u00e4? super metamfetamiini, metamfetamiinin sivuvaikutukset, metamfetamiinin rakenne, kuinka kauan metamfetamiini pysyy elimist\u00f6ss\u00e4si, kuinka polttaa metamfetamiinia, heroiinia, kokaiinia, metamfetamiinia, tupakkaa ja alkoholia ovat kaikki esimerkkej\u00e4 ________., vaaleanpunainen metamfetamiini, snort crystal metamfetamiini, metamfetamiini hinnat, metamfetamiini Milt\u00e4 metamfetamiini maistuu, kuinka kauan se pysyy virtsassasi ja milt\u00e4 metamfetamiini n\u00e4ytt\u00e4\u00e4? metamfetamiini supr\u00eame<\/p>\n","protected":false},"excerpt":{"rendered":"<p>Osta Crystal Meth myyt\u00e4v\u00e4n\u00e4 Iso-Britannia, Eurooppa, Aasia, Metamfetamiini verkossa Osta metamfetamiini kanssamme, voimme toimittaa sinulle kaikkialta maailmasta.<\/p>\n<p>Osta kristallimetamiinia verkosta &#8211; pillereit\u00e4 \u2013 osta 96,8 prosenttia puhdasta kidemetamfetamiinia \u2013 Mist\u00e4 ostaa kristallimetaania verkosta \u2013 Osta 96,8 prosenttia puhdasta j\u00e4\u00e4metamiinia \u2013 Osta metamfetamiini verkosta<\/p>\n","protected":false},"featured_media":4844,"comment_status":"open","ping_status":"closed","template":"","meta":[],"product_brand":[],"product_cat":[703],"product_tag":[704,705,706,707,717,718,709,710,711,715,713,712,716,708,714,722,721,724,720,723,719],"class_list":{"0":"post-4830","1":"product","2":"type-product","3":"status-publish","4":"has-post-thumbnail","6":"product_cat-osta-psykedeelisi-lkkeit","7":"product_tag-buy-crystal-meth-in-australia","8":"product_tag-buy-crystal-meth-in-france","9":"product_tag-buy-crystal-meth-in-germany","10":"product_tag-buy-crystal-meth-in-spain","11":"product_tag-kristalli-met-myyj-ranska","12":"product_tag-kristalli-met-myyj-usa","13":"product_tag-kristalli-met-australia","14":"product_tag-crystal-meth-drugs","15":"product_tag-crystal-meth-effects","16":"product_tag-kristalli-met-espanja","17":"product_tag-kristalli-met-kuva","18":"product_tag-kristalli-met-saksa","19":"product_tag-crystal-meth-sweden","20":"product_tag-kristalli-met","21":"product_tag-kristalli-met-putki","22":"product_tag-images-of-crystal-meth","23":"product_tag-meta-kristalli","24":"product_tag-mik-on-kristalli-met","25":"product_tag-miten-on-kristalli-met-savutettu","26":"product_tag-snorting-crystal-meth","27":"product_tag-fake-crystal-meth","29":"first","30":"instock","31":"shipping-taxable","32":"purchasable","33":"product-type-variable"},"yoast_head":"<!-- This site is optimized with the Yoast SEO plugin v27.3 - https:\/\/yoast.com\/product\/yoast-seo-wordpress\/ -->\n<title>Osta Crystal Meth - metamfetamiini - parhaat maailmanlaajuiset l\u00e4\u00e4kkeet<\/title>\n<meta name=\"description\" content=\"Osta Crystal Meth myyt\u00e4v\u00e4n\u00e4 Iso-Britannia, Eurooppa Aasia, Metamfetamiini Online Osta metamfetamiini kanssamme, voimme toimittaa sinulle kaikkialta maailmasta.\" \/>\n<meta name=\"robots\" content=\"index, follow, max-snippet:-1, max-image-preview:large, max-video-preview:-1\" \/>\n<link rel=\"canonical\" href=\"https:\/\/medicinasinc.com\/fi\/product\/osta-kristalli-meth\/\" \/>\n<meta property=\"og:locale\" content=\"en_US\" \/>\n<meta property=\"og:type\" content=\"article\" \/>\n<meta property=\"og:title\" content=\"Osta Crystal Meth - metamfetamiini - parhaat maailmanlaajuiset l\u00e4\u00e4kkeet\" \/>\n<meta property=\"og:description\" content=\"Osta Crystal Meth myyt\u00e4v\u00e4n\u00e4 Iso-Britannia, Eurooppa Aasia, Metamfetamiini Online Osta metamfetamiini kanssamme, voimme toimittaa sinulle kaikkialta maailmasta.\" \/>\n<meta property=\"og:url\" content=\"https:\/\/medicinasinc.com\/fi\/product\/osta-kristalli-meth\/\" \/>\n<meta property=\"og:site_name\" content=\"Medicinas Inc\" \/>\n<meta property=\"article:modified_time\" content=\"2022-03-22T01:14:32+00:00\" \/>\n<meta property=\"og:image\" content=\"https:\/\/medicinasinc.com\/fi\/wp-content\/uploads\/sites\/12\/2022\/02\/Buy-Crystal-Meth-1.jpg\" \/>\n\t<meta property=\"og:image:width\" content=\"1024\" \/>\n\t<meta property=\"og:image:height\" content=\"768\" \/>\n\t<meta property=\"og:image:type\" content=\"image\/jpeg\" \/>\n<meta name=\"twitter:card\" content=\"summary_large_image\" \/>\n<meta name=\"twitter:label1\" content=\"Est. reading time\" \/>\n\t<meta name=\"twitter:data1\" content=\"4 minutes\" \/>\n<script type=\"application\/ld+json\" class=\"yoast-schema-graph\">{\"@context\":\"https:\\\/\\\/schema.org\",\"@graph\":[{\"@type\":\"WebPage\",\"@id\":\"https:\\\/\\\/medicinasinc.com\\\/fi\\\/product\\\/osta-kristalli-meth\\\/\",\"url\":\"https:\\\/\\\/medicinasinc.com\\\/fi\\\/product\\\/osta-kristalli-meth\\\/\",\"name\":\"Osta Crystal Meth - metamfetamiini - parhaat maailmanlaajuiset l\u00e4\u00e4kkeet\",\"isPartOf\":{\"@id\":\"https:\\\/\\\/medicinasinc.com\\\/fi\\\/#website\"},\"primaryImageOfPage\":{\"@id\":\"https:\\\/\\\/medicinasinc.com\\\/fi\\\/product\\\/osta-kristalli-meth\\\/#primaryimage\"},\"image\":{\"@id\":\"https:\\\/\\\/medicinasinc.com\\\/fi\\\/product\\\/osta-kristalli-meth\\\/#primaryimage\"},\"thumbnailUrl\":\"https:\\\/\\\/medicinasinc.com\\\/fi\\\/wp-content\\\/uploads\\\/sites\\\/12\\\/2022\\\/02\\\/Buy-Crystal-Meth-1.jpg\",\"datePublished\":\"2022-02-20T16:34:51+00:00\",\"dateModified\":\"2022-03-22T01:14:32+00:00\",\"description\":\"Osta Crystal Meth myyt\u00e4v\u00e4n\u00e4 Iso-Britannia, Eurooppa Aasia, Metamfetamiini Online Osta metamfetamiini kanssamme, voimme toimittaa sinulle kaikkialta maailmasta.\",\"breadcrumb\":{\"@id\":\"https:\\\/\\\/medicinasinc.com\\\/fi\\\/product\\\/osta-kristalli-meth\\\/#breadcrumb\"},\"inLanguage\":\"en-US\",\"potentialAction\":[{\"@type\":\"ReadAction\",\"target\":[\"https:\\\/\\\/medicinasinc.com\\\/fi\\\/product\\\/osta-kristalli-meth\\\/\"]}]},{\"@type\":\"ImageObject\",\"inLanguage\":\"en-US\",\"@id\":\"https:\\\/\\\/medicinasinc.com\\\/fi\\\/product\\\/osta-kristalli-meth\\\/#primaryimage\",\"url\":\"https:\\\/\\\/medicinasinc.com\\\/fi\\\/wp-content\\\/uploads\\\/sites\\\/12\\\/2022\\\/02\\\/Buy-Crystal-Meth-1.jpg\",\"contentUrl\":\"https:\\\/\\\/medicinasinc.com\\\/fi\\\/wp-content\\\/uploads\\\/sites\\\/12\\\/2022\\\/02\\\/Buy-Crystal-Meth-1.jpg\",\"width\":1024,\"height\":768},{\"@type\":\"BreadcrumbList\",\"@id\":\"https:\\\/\\\/medicinasinc.com\\\/fi\\\/product\\\/osta-kristalli-meth\\\/#breadcrumb\",\"itemListElement\":[{\"@type\":\"ListItem\",\"position\":1,\"name\":\"Myym\u00e4l\u00e4\",\"item\":\"https:\\\/\\\/medicinasinc.com\\\/fi\\\/myymala\\\/\"},{\"@type\":\"ListItem\",\"position\":2,\"name\":\"Osta Crystal Meth\"}]},{\"@type\":\"WebSite\",\"@id\":\"https:\\\/\\\/medicinasinc.com\\\/fi\\\/#website\",\"url\":\"https:\\\/\\\/medicinasinc.com\\\/fi\\\/\",\"name\":\"Medicinas Inc\",\"description\":\"Health Medical Clinic\",\"potentialAction\":[{\"@type\":\"SearchAction\",\"target\":{\"@type\":\"EntryPoint\",\"urlTemplate\":\"https:\\\/\\\/medicinasinc.com\\\/fi\\\/?s={search_term_string}\"},\"query-input\":{\"@type\":\"PropertyValueSpecification\",\"valueRequired\":true,\"valueName\":\"search_term_string\"}}],\"inLanguage\":\"en-US\"}]}<\/script>\n<!-- \/ Yoast SEO plugin. -->","yoast_head_json":{"title":"Osta Crystal Meth - metamfetamiini - parhaat maailmanlaajuiset l\u00e4\u00e4kkeet","description":"Osta Crystal Meth myyt\u00e4v\u00e4n\u00e4 Iso-Britannia, Eurooppa Aasia, Metamfetamiini Online Osta metamfetamiini kanssamme, voimme toimittaa sinulle kaikkialta maailmasta.","robots":{"index":"index","follow":"follow","max-snippet":"max-snippet:-1","max-image-preview":"max-image-preview:large","max-video-preview":"max-video-preview:-1"},"canonical":"https:\/\/medicinasinc.com\/fi\/product\/osta-kristalli-meth\/","og_locale":"en_US","og_type":"article","og_title":"Osta Crystal Meth - metamfetamiini - parhaat maailmanlaajuiset l\u00e4\u00e4kkeet","og_description":"Osta Crystal Meth myyt\u00e4v\u00e4n\u00e4 Iso-Britannia, Eurooppa Aasia, Metamfetamiini Online Osta metamfetamiini kanssamme, voimme toimittaa sinulle kaikkialta maailmasta.","og_url":"https:\/\/medicinasinc.com\/fi\/product\/osta-kristalli-meth\/","og_site_name":"Medicinas Inc","article_modified_time":"2022-03-22T01:14:32+00:00","og_image":[{"width":1024,"height":768,"url":"https:\/\/medicinasinc.com\/fi\/wp-content\/uploads\/sites\/12\/2022\/02\/Buy-Crystal-Meth-1.jpg","type":"image\/jpeg"}],"twitter_card":"summary_large_image","twitter_misc":{"Est. reading time":"4 minutes"},"schema":{"@context":"https:\/\/schema.org","@graph":[{"@type":"WebPage","@id":"https:\/\/medicinasinc.com\/fi\/product\/osta-kristalli-meth\/","url":"https:\/\/medicinasinc.com\/fi\/product\/osta-kristalli-meth\/","name":"Osta Crystal Meth - metamfetamiini - parhaat maailmanlaajuiset l\u00e4\u00e4kkeet","isPartOf":{"@id":"https:\/\/medicinasinc.com\/fi\/#website"},"primaryImageOfPage":{"@id":"https:\/\/medicinasinc.com\/fi\/product\/osta-kristalli-meth\/#primaryimage"},"image":{"@id":"https:\/\/medicinasinc.com\/fi\/product\/osta-kristalli-meth\/#primaryimage"},"thumbnailUrl":"https:\/\/medicinasinc.com\/fi\/wp-content\/uploads\/sites\/12\/2022\/02\/Buy-Crystal-Meth-1.jpg","datePublished":"2022-02-20T16:34:51+00:00","dateModified":"2022-03-22T01:14:32+00:00","description":"Osta Crystal Meth myyt\u00e4v\u00e4n\u00e4 Iso-Britannia, Eurooppa Aasia, Metamfetamiini Online Osta metamfetamiini kanssamme, voimme toimittaa sinulle kaikkialta maailmasta.","breadcrumb":{"@id":"https:\/\/medicinasinc.com\/fi\/product\/osta-kristalli-meth\/#breadcrumb"},"inLanguage":"en-US","potentialAction":[{"@type":"ReadAction","target":["https:\/\/medicinasinc.com\/fi\/product\/osta-kristalli-meth\/"]}]},{"@type":"ImageObject","inLanguage":"en-US","@id":"https:\/\/medicinasinc.com\/fi\/product\/osta-kristalli-meth\/#primaryimage","url":"https:\/\/medicinasinc.com\/fi\/wp-content\/uploads\/sites\/12\/2022\/02\/Buy-Crystal-Meth-1.jpg","contentUrl":"https:\/\/medicinasinc.com\/fi\/wp-content\/uploads\/sites\/12\/2022\/02\/Buy-Crystal-Meth-1.jpg","width":1024,"height":768},{"@type":"BreadcrumbList","@id":"https:\/\/medicinasinc.com\/fi\/product\/osta-kristalli-meth\/#breadcrumb","itemListElement":[{"@type":"ListItem","position":1,"name":"Myym\u00e4l\u00e4","item":"https:\/\/medicinasinc.com\/fi\/myymala\/"},{"@type":"ListItem","position":2,"name":"Osta Crystal Meth"}]},{"@type":"WebSite","@id":"https:\/\/medicinasinc.com\/fi\/#website","url":"https:\/\/medicinasinc.com\/fi\/","name":"Medicinas Inc","description":"Health Medical Clinic","potentialAction":[{"@type":"SearchAction","target":{"@type":"EntryPoint","urlTemplate":"https:\/\/medicinasinc.com\/fi\/?s={search_term_string}"},"query-input":{"@type":"PropertyValueSpecification","valueRequired":true,"valueName":"search_term_string"}}],"inLanguage":"en-US"}]}},"_links":{"self":[{"href":"https:\/\/medicinasinc.com\/fi\/wp-json\/wp\/v2\/product\/4830","targetHints":{"allow":["GET"]}}],"collection":[{"href":"https:\/\/medicinasinc.com\/fi\/wp-json\/wp\/v2\/product"}],"about":[{"href":"https:\/\/medicinasinc.com\/fi\/wp-json\/wp\/v2\/types\/product"}],"replies":[{"embeddable":true,"href":"https:\/\/medicinasinc.com\/fi\/wp-json\/wp\/v2\/comments?post=4830"}],"wp:featuredmedia":[{"embeddable":true,"href":"https:\/\/medicinasinc.com\/fi\/wp-json\/wp\/v2\/media\/4844"}],"wp:attachment":[{"href":"https:\/\/medicinasinc.com\/fi\/wp-json\/wp\/v2\/media?parent=4830"}],"wp:term":[{"taxonomy":"product_brand","embeddable":true,"href":"https:\/\/medicinasinc.com\/fi\/wp-json\/wp\/v2\/product_brand?post=4830"},{"taxonomy":"product_cat","embeddable":true,"href":"https:\/\/medicinasinc.com\/fi\/wp-json\/wp\/v2\/product_cat?post=4830"},{"taxonomy":"product_tag","embeddable":true,"href":"https:\/\/medicinasinc.com\/fi\/wp-json\/wp\/v2\/product_tag?post=4830"}],"curies":[{"name":"wp","href":"https:\/\/api.w.org\/{rel}","templated":true}]}}